{"id":9798,"date":"2018-09-10T14:07:07","date_gmt":"2018-09-10T14:07:07","guid":{"rendered":"https:\/\/survivornet.ca\/?page_id=9798\/"},"modified":"2018-09-10T14:07:07","modified_gmt":"2018-09-10T14:07:07","slug":"parti-liberal-du-quebec-reponse-officiale","status":"publish","type":"page","link":"https:\/\/survivornet.ca\/fr\/agissez\/campagnes-electorales\/camapagne-electorale-quebec-2018\/parti-liberal-du-quebec-reponse-officiale\/","title":{"rendered":"Parti Lib\u00e9ral du Qu\u00e9bec R\u00e9ponse Officiale"},"content":{"rendered":"<p><strong>Response:<\/strong><\/p>\n<p>Madame Jackie Manthorne<br \/>\nPr\u00e9sidente et chef de la direction<br \/>\nR\u00e9seau canadien des survivants du cancer<br \/>\njmanthorne@survivornet.ca<\/p>\n<p>R\u00e9ponse \u00e0 votre correspondance du 5 septembre 2018<\/p>\n<p>Madame la Pr\u00e9sidente,<\/p>\n<p>Au nom du Parti lib\u00e9ral du Qu\u00e9bec (PLQ), il nous fait plaisir de r\u00e9pondre \u00e0 votre correspondance du 5 septembre 2018 en vue de l\u2019actuelle campagne \u00e9lectorale.<\/p>\n<p>L&#8217;acc\u00e8s aux soins et services de sant\u00e9 est une priorit\u00e9 pour le Parti lib\u00e9ral du Qu\u00e9bec.<\/p>\n<p>Dans notre premier mandat, nous avons travaill\u00e9 notamment \u00e0:<\/p>\n<ul class=\"content-list\">\n<li>am\u00e9liorer l&#8217;acc\u00e8s au IRM et TDM. Nous avons fait des investissements suppl\u00e9mentaires r\u00e9currents en novembre 2016 pour diminuer les listes d&#8217;attente. Ainsi, depuis, pr\u00e8s de 182 000 examens suppl\u00e9mentaires d&#8217;IRM et TDM ont \u00e9t\u00e9 r\u00e9alis\u00e9s \u00e0 travers le Qu\u00e9bec;<\/li>\n<li>\u00e0 diminuer le d\u00e9lai moyen d&#8217;attente en chirurgie oncologique. Il est maintenant de 26,5 jours, soit 6 jours de moins qu&#8217;en 2014;<\/li>\n<li>\u00e0 mettre en place les \u00e9l\u00e9ments n\u00e9cessaires au lancement du Programme qu\u00e9b\u00e9cois de d\u00e9pistage du cancer colorectal, en investissant un montant de 10M$.<\/li>\n<\/ul>\n<p>Nos engagements seront d\u00e9voil\u00e9s tout au long de la campagne \u00e9lectorale. Ceci dit, nous sommes d\u00e9j\u00e0 engag\u00e9s \u00e0 d\u00e9velopper plus de services de t\u00e9l\u00e9-sant\u00e9 afin d&#8217;assurer une meilleure couverture en r\u00e9gion. Nos engagements sont disponibles \u00e0 l&#8217;adresse suivante: www.plq.org.<\/p>\n<p>Pour ce qui est de la possibilit\u00e9 de faire un r\u00e9gime universel d&#8217;assurance-m\u00e9dicaments, soyez assur\u00e9s que nous allons d\u00e9fendre les int\u00e9r\u00eats des Qu\u00e9b\u00e9coises et Qu\u00e9b\u00e9cois. Nous avons actuellement le r\u00e9gime<br \/>\nd&#8217;assurance-m\u00e9dicaments le plus g\u00e9n\u00e9reux au Canada. Nous ne diminuerons pas la couverture d&#8217;assurances m\u00e9dicaments et n&#8217;accepterons pas d&#8217;ing\u00e9rence d&#8217;Ottawa dans cette comp\u00e9tence provinciale.<\/p>\n<p>Veuillez recevoir, Madame la Pr\u00e9sidente, nos plus cordiales salutations.<\/p>\n<p>&nbsp;<\/p>\n<p><strong>Questions:<\/strong><\/p>\n<p>En 2017,\u00a0<strong>plus de 53200 Qu\u00e9b\u00e9cois et Qu\u00e9b\u00e9coises ont re\u00e7u un diagnostic de cancer et environ 21 800 y ont laiss\u00e9 leur vie.<\/strong>\u00a0De toute \u00e9vidence, cette maladie mortelle affecte les familles, les proches, les milieux de travail et des communaut\u00e9s enti\u00e8res.<\/p>\n<p>Le R\u00e9seau canadien des survivants du cancer (RCSC) travaille \u00e0 relier les patients, les survivants et les autres organisations concern\u00e9es avec les d\u00e9cideurs et la communaut\u00e9 au sens large, afin de les int\u00e9resser \u00e0 des discussions et de mettre en \u0153uvre les meilleures pratiques, fond\u00e9es sur des donn\u00e9es probantes. Il s\u2019agit d\u2019all\u00e9ger les co\u00fbts m\u00e9dicaux, \u00e9motionnels, financiers et sociaux du cancer et d\u2019encourager la recherche sur les moyens de surmonter les obstacles \u00e0 des soins optimaux de cancer et de suivi pour ses victimes au Canada.<\/p>\n<p>Le gouvernement du Qu\u00e9bec a un r\u00f4le essentiel \u00e0 jouer en s\u2019assurant que toute personne diagnostiqu\u00e9e du cancer a acc\u00e8s en temps opportun aux m\u00e9dicaments dont elle a besoin, qu\u2019elle n\u2019a pas \u00e0 subir de d\u00e9lais dangereusement longs pour son diagnostic et son traitement, et qu\u2019elle re\u00e7oit un soutien financier ad\u00e9quat pendant ces \u00e9tapes.<\/p>\n<p>Nous vous invitons \u00e0 r\u00e9pondre aux quatre questions suivantes sur les soins oncologiques et les soins de sant\u00e9 au Qu\u00e9bec. Vos r\u00e9ponses seront distribu\u00e9es aux personnes atteintes de cancer ou survivant \u00e0 cette maladie au Qu\u00e9bec, et elles seront affich\u00e9es sur notre site Web \u00e0 www.survivornet.ca ainsi que sur ??notre blog. Des liens vers vos r\u00e9actions appara\u00eetront \u00e9galement sur Facebook et Twitter.<\/p>\n<p><strong>1. Organisme provincial de lutte contre le cancer<\/strong><br \/>\n<em>Les groupes de patients et les organisations de lutte contre le cancer demandent depuis longtemps au gouvernement du Qu\u00e9bec de cr\u00e9er un organisme provincial de lutte contre le cancer afin de mesurer correctement, efficacement et pr\u00e9cis\u00e9ment la pr\u00e9valence et les taux de cancer, les temps d\u2019attente et les services et ressources disponibles. Trop souvent, les patients et les parties prenantes trouvent que le syst\u00e8me de traitement du cancer souffre de lourdes contraintes de ressources. Conna\u00eetre les temps d\u2019attente pour les tomodensitom\u00e9tries, les sp\u00e9cialistes et les IRM est une pr\u00e9occupation majeure des patients, qui pourrait \u00eatre r\u00e9solue par la cr\u00e9ation d\u2019un organisme provincial de lutte contre le cancer.<\/em><\/p>\n<p>Si vous \u00eates \u00e9lu-e, quelles mesures votre gouvernement prendra-t-il pour cr\u00e9er et mettre en \u0153uvre cet organisme provincial de lutte contre le cancer?<\/p>\n<p><strong>2. Manque d\u2019acc\u00e8s \u00e0 des soins de qualit\u00e9 dans les r\u00e9gions \u00e9loign\u00e9es du Qu\u00e9bec<\/strong><br \/>\n<em>Les patients vivant dans des r\u00e9gions \u00e9loign\u00e9es du Qu\u00e9bec se heurtent \u00e0 des obstacles dans l\u2019acc\u00e8s aux services et aux soins de qualit\u00e9 n\u00e9cessaires \u00e0 leurs besoins de sant\u00e9. La plupart n\u2019ont pas d\u2019autre choix que de se rendre dans la grande ville la plus proche, comme Qu\u00e9bec ou Montr\u00e9al, afin de recevoir des soins et des traitements. Il en r\u00e9sulte des co\u00fbts financiers, physiques et psychosociaux accrus.<\/em><\/p>\n<p>Si vous \u00eates \u00e9lu-e, quelles mesures votre gouvernement prendra-t-il pour r\u00e9duire les obstacles aux besoins de sant\u00e9 des patients vivant dans les r\u00e9gions rurales du Qu\u00e9bec?<\/p>\n<p><strong>3. L\u2019importance d\u2019une approche multidisciplinaire des soins de sant\u00e9<\/strong><br \/>\nLes syst\u00e8mes de sant\u00e9 ont tendance \u00e0 travailler en vase clos, et les patients souffrent de cette fragmentation dans leurs traitements et leurs soins. Une approche multidisciplinaire des soins de sant\u00e9 permet d\u2019obtenir de meilleurs r\u00e9sultats pour les patients et d\u2019am\u00e9liorer leur s\u00e9curit\u00e9 en associant les soins communautaires, les \u00e9quipes hospitali\u00e8res, les services ambulatoires et les cliniques locales, pour n\u2019en citer que quelques-uns. Une meilleure coordination et communication entre les professionnels de la sant\u00e9 permet aux patients d\u2019\u00eatre mieux inform\u00e9s de leurs soins et de mieux satisfaire leurs besoins en mati\u00e8re de soins de sant\u00e9.<\/p>\n<p>Si vous \u00eates \u00e9lu-e, quelles mesures votre gouvernement prendra-t-il pour veiller \u00e0 ce qu\u2019une approche multidisciplinaire soit mise en place dans le syst\u00e8me de sant\u00e9 de la province?<\/p>\n<p><strong>4. R\u00e9gime national d\u2019assurance-m\u00e9dicaments<\/strong><br \/>\nLe syst\u00e8me de sant\u00e9 universel du Canada n\u2019inclut pas l\u2019acc\u00e8s aux m\u00e9dicaments sur ordonnance. Il en r\u00e9sulte une mosa\u00efque provinciale \/ territoriale de r\u00e9gimes d\u2019assurance publics et priv\u00e9s qui s\u2019av\u00e8rent co\u00fbteux, inefficaces et ne garantissent pas l\u2019acc\u00e8s aux m\u00e9dicaments prescrits. Le gouvernement f\u00e9d\u00e9ral a mis sur pied un conseil consultatif sur la mise en \u0153uvre d\u2019un r\u00e9gime d\u2019assurance-m\u00e9dicaments afin d\u2019examiner la fa\u00e7on dont l\u2019acc\u00e8s aux m\u00e9dicaments sur ordonnance peut \u00eatre am\u00e9lior\u00e9 dans notre syst\u00e8me de sant\u00e9. Partout au Canada, des patient-e-s craignent qu\u2019un programme national d\u2019assurance-m\u00e9dicaments conduise \u00e0 une liste de m\u00e9dicaments couverts qui ne r\u00e9pondent qu\u2019au plus petit d\u00e9nominateur commun.<\/p>\n<p>Si vous \u00eates \u00e9lu-e, votre gouvernement appuiera-t-il la mise en place d\u2019un programme national d\u2019assurance-m\u00e9dicaments garantissant l\u2019acc\u00e8s aux m\u00e9dicaments sur ordonnance et un plan de couverture allant au-del\u00e0 d\u2019un formulaire r\u00e9pondant au plus petit d\u00e9nominateur commun?<\/p>\n<p>Sinon, veuillez expliquer comment votre parti veillera \u00e0 ce que les Qu\u00e9b\u00e9cois-es aient acc\u00e8s en bon temps \u00e0 des m\u00e9dicaments sur ordonnance.<\/p>\n","protected":false},"excerpt":{"rendered":"<p>Response: Madame Jackie Manthorne Pr\u00e9sidente et chef de la direction R\u00e9seau canadien des survivants du cancer jmanthorne@survivornet.ca R\u00e9ponse \u00e0 votre correspondance du 5 septembre 2018 Madame la Pr\u00e9sidente, Au nom du Parti<\/p>\n","protected":false},"author":2,"featured_media":0,"parent":9716,"menu_order":0,"comment_status":"closed","ping_status":"closed","template":"","meta":{"_acf_changed":false,"footnotes":""},"class_list":["post-9798","page","type-page","status-publish","hentry"],"acf":[],"yoast_head":"<!-- This site is optimized with the Yoast SEO plugin v27.4 - https:\/\/yoast.com\/product\/yoast-seo-wordpress\/ -->\n<title>Parti Lib\u00e9ral du Qu\u00e9bec R\u00e9ponse Officiale - Canadian Cancer Survivor Network<\/title>\n<meta name=\"robots\" content=\"index, follow, max-snippet:-1, max-image-preview:large, max-video-preview:-1\" \/>\n<link rel=\"canonical\" href=\"https:\/\/survivornet.ca\/fr\/agissez\/campagnes-electorales\/camapagne-electorale-quebec-2018\/parti-liberal-du-quebec-reponse-officiale\/\" \/>\n<meta property=\"og:locale\" content=\"fr_FR\" \/>\n<meta property=\"og:type\" content=\"article\" \/>\n<meta property=\"og:title\" content=\"Parti Lib\u00e9ral du Qu\u00e9bec R\u00e9ponse Officiale - Canadian Cancer Survivor Network\" \/>\n<meta property=\"og:description\" content=\"Response: Madame Jackie Manthorne Pr\u00e9sidente et chef de la direction R\u00e9seau canadien des survivants du cancer jmanthorne@survivornet.ca R\u00e9ponse \u00e0 votre correspondance du 5 septembre 2018 Madame la Pr\u00e9sidente, Au nom du Parti\" \/>\n<meta property=\"og:url\" content=\"https:\/\/survivornet.ca\/fr\/agissez\/campagnes-electorales\/camapagne-electorale-quebec-2018\/parti-liberal-du-quebec-reponse-officiale\/\" \/>\n<meta property=\"og:site_name\" content=\"Canadian Cancer Survivor Network\" \/>\n<meta name=\"twitter:card\" content=\"summary_large_image\" \/>\n<meta name=\"twitter:label1\" content=\"Dur\u00e9e de lecture estim\u00e9e\" \/>\n\t<meta name=\"twitter:data1\" content=\"6 minutes\" \/>\n<script type=\"application\/ld+json\" class=\"yoast-schema-graph\">{\"@context\":\"https:\\\/\\\/schema.org\",\"@graph\":[{\"@type\":\"WebPage\",\"@id\":\"https:\\\/\\\/survivornet.ca\\\/fr\\\/agissez\\\/campagnes-electorales\\\/camapagne-electorale-quebec-2018\\\/parti-liberal-du-quebec-reponse-officiale\\\/\",\"url\":\"https:\\\/\\\/survivornet.ca\\\/fr\\\/agissez\\\/campagnes-electorales\\\/camapagne-electorale-quebec-2018\\\/parti-liberal-du-quebec-reponse-officiale\\\/\",\"name\":\"Parti Lib\u00e9ral du Qu\u00e9bec R\u00e9ponse Officiale - Canadian Cancer Survivor Network\",\"isPartOf\":{\"@id\":\"https:\\\/\\\/survivornet.ca\\\/#website\"},\"datePublished\":\"2018-09-10T14:07:07+00:00\",\"breadcrumb\":{\"@id\":\"https:\\\/\\\/survivornet.ca\\\/fr\\\/agissez\\\/campagnes-electorales\\\/camapagne-electorale-quebec-2018\\\/parti-liberal-du-quebec-reponse-officiale\\\/#breadcrumb\"},\"inLanguage\":\"fr-FR\",\"potentialAction\":[{\"@type\":\"ReadAction\",\"target\":[\"https:\\\/\\\/survivornet.ca\\\/fr\\\/agissez\\\/campagnes-electorales\\\/camapagne-electorale-quebec-2018\\\/parti-liberal-du-quebec-reponse-officiale\\\/\"]}]},{\"@type\":\"BreadcrumbList\",\"@id\":\"https:\\\/\\\/survivornet.ca\\\/fr\\\/agissez\\\/campagnes-electorales\\\/camapagne-electorale-quebec-2018\\\/parti-liberal-du-quebec-reponse-officiale\\\/#breadcrumb\",\"itemListElement\":[{\"@type\":\"ListItem\",\"position\":1,\"name\":\"Home\",\"item\":\"https:\\\/\\\/survivornet.ca\\\/fr\\\/\"},{\"@type\":\"ListItem\",\"position\":2,\"name\":\"Agissez\",\"item\":\"https:\\\/\\\/survivornet.ca\\\/fr\\\/agissez\\\/\"},{\"@type\":\"ListItem\",\"position\":3,\"name\":\"Campagnes \u00e9lectorales\",\"item\":\"https:\\\/\\\/survivornet.ca\\\/fr\\\/agissez\\\/campagnes-electorales\\\/\"},{\"@type\":\"ListItem\",\"position\":4,\"name\":\"Campagne \u00e9lectorale Qu\u00e9bec 2018\",\"item\":\"https:\\\/\\\/survivornet.ca\\\/fr\\\/agissez\\\/campagnes-electorales\\\/camapagne-electorale-quebec-2018\\\/\"},{\"@type\":\"ListItem\",\"position\":5,\"name\":\"Parti Lib\u00e9ral du Qu\u00e9bec R\u00e9ponse Officiale\"}]},{\"@type\":\"WebSite\",\"@id\":\"https:\\\/\\\/survivornet.ca\\\/#website\",\"url\":\"https:\\\/\\\/survivornet.ca\\\/\",\"name\":\"Canadian Cancer Survivor Network\",\"description\":\"The Canadian Cancer Survivor Network was created by a group of Canadians concerned about cancer.\",\"publisher\":{\"@id\":\"https:\\\/\\\/survivornet.ca\\\/#organization\"},\"potentialAction\":[{\"@type\":\"SearchAction\",\"target\":{\"@type\":\"EntryPoint\",\"urlTemplate\":\"https:\\\/\\\/survivornet.ca\\\/?s={search_term_string}\"},\"query-input\":{\"@type\":\"PropertyValueSpecification\",\"valueRequired\":true,\"valueName\":\"search_term_string\"}}],\"inLanguage\":\"fr-FR\"},{\"@type\":\"Organization\",\"@id\":\"https:\\\/\\\/survivornet.ca\\\/#organization\",\"name\":\"Canadian Cancer Survivor Network\",\"url\":\"https:\\\/\\\/survivornet.ca\\\/\",\"logo\":{\"@type\":\"ImageObject\",\"inLanguage\":\"fr-FR\",\"@id\":\"https:\\\/\\\/survivornet.ca\\\/#\\\/schema\\\/logo\\\/image\\\/\",\"url\":\"http:\\\/\\\/survivornet.ca\\\/wp-content\\\/uploads\\\/2016\\\/12\\\/CCSN_Logo_EN_SQUARE.png\",\"contentUrl\":\"http:\\\/\\\/survivornet.ca\\\/wp-content\\\/uploads\\\/2016\\\/12\\\/CCSN_Logo_EN_SQUARE.png\",\"width\":1209,\"height\":1007,\"caption\":\"Canadian Cancer Survivor Network\"},\"image\":{\"@id\":\"https:\\\/\\\/survivornet.ca\\\/#\\\/schema\\\/logo\\\/image\\\/\"}}]}<\/script>\n<!-- \/ Yoast SEO plugin. -->","yoast_head_json":{"title":"Parti Lib\u00e9ral du Qu\u00e9bec R\u00e9ponse Officiale - Canadian Cancer Survivor Network","robots":{"index":"index","follow":"follow","max-snippet":"max-snippet:-1","max-image-preview":"max-image-preview:large","max-video-preview":"max-video-preview:-1"},"canonical":"https:\/\/survivornet.ca\/fr\/agissez\/campagnes-electorales\/camapagne-electorale-quebec-2018\/parti-liberal-du-quebec-reponse-officiale\/","og_locale":"fr_FR","og_type":"article","og_title":"Parti Lib\u00e9ral du Qu\u00e9bec R\u00e9ponse Officiale - Canadian Cancer Survivor Network","og_description":"Response: Madame Jackie Manthorne Pr\u00e9sidente et chef de la direction R\u00e9seau canadien des survivants du cancer jmanthorne@survivornet.ca R\u00e9ponse \u00e0 votre correspondance du 5 septembre 2018 Madame la Pr\u00e9sidente, Au nom du Parti","og_url":"https:\/\/survivornet.ca\/fr\/agissez\/campagnes-electorales\/camapagne-electorale-quebec-2018\/parti-liberal-du-quebec-reponse-officiale\/","og_site_name":"Canadian Cancer Survivor Network","twitter_card":"summary_large_image","twitter_misc":{"Dur\u00e9e de lecture estim\u00e9e":"6 minutes"},"schema":{"@context":"https:\/\/schema.org","@graph":[{"@type":"WebPage","@id":"https:\/\/survivornet.ca\/fr\/agissez\/campagnes-electorales\/camapagne-electorale-quebec-2018\/parti-liberal-du-quebec-reponse-officiale\/","url":"https:\/\/survivornet.ca\/fr\/agissez\/campagnes-electorales\/camapagne-electorale-quebec-2018\/parti-liberal-du-quebec-reponse-officiale\/","name":"Parti Lib\u00e9ral du Qu\u00e9bec R\u00e9ponse Officiale - Canadian Cancer Survivor Network","isPartOf":{"@id":"https:\/\/survivornet.ca\/#website"},"datePublished":"2018-09-10T14:07:07+00:00","breadcrumb":{"@id":"https:\/\/survivornet.ca\/fr\/agissez\/campagnes-electorales\/camapagne-electorale-quebec-2018\/parti-liberal-du-quebec-reponse-officiale\/#breadcrumb"},"inLanguage":"fr-FR","potentialAction":[{"@type":"ReadAction","target":["https:\/\/survivornet.ca\/fr\/agissez\/campagnes-electorales\/camapagne-electorale-quebec-2018\/parti-liberal-du-quebec-reponse-officiale\/"]}]},{"@type":"BreadcrumbList","@id":"https:\/\/survivornet.ca\/fr\/agissez\/campagnes-electorales\/camapagne-electorale-quebec-2018\/parti-liberal-du-quebec-reponse-officiale\/#breadcrumb","itemListElement":[{"@type":"ListItem","position":1,"name":"Home","item":"https:\/\/survivornet.ca\/fr\/"},{"@type":"ListItem","position":2,"name":"Agissez","item":"https:\/\/survivornet.ca\/fr\/agissez\/"},{"@type":"ListItem","position":3,"name":"Campagnes \u00e9lectorales","item":"https:\/\/survivornet.ca\/fr\/agissez\/campagnes-electorales\/"},{"@type":"ListItem","position":4,"name":"Campagne \u00e9lectorale Qu\u00e9bec 2018","item":"https:\/\/survivornet.ca\/fr\/agissez\/campagnes-electorales\/camapagne-electorale-quebec-2018\/"},{"@type":"ListItem","position":5,"name":"Parti Lib\u00e9ral du Qu\u00e9bec R\u00e9ponse Officiale"}]},{"@type":"WebSite","@id":"https:\/\/survivornet.ca\/#website","url":"https:\/\/survivornet.ca\/","name":"Canadian Cancer Survivor Network","description":"The Canadian Cancer Survivor Network was created by a group of Canadians concerned about cancer.","publisher":{"@id":"https:\/\/survivornet.ca\/#organization"},"potentialAction":[{"@type":"SearchAction","target":{"@type":"EntryPoint","urlTemplate":"https:\/\/survivornet.ca\/?s={search_term_string}"},"query-input":{"@type":"PropertyValueSpecification","valueRequired":true,"valueName":"search_term_string"}}],"inLanguage":"fr-FR"},{"@type":"Organization","@id":"https:\/\/survivornet.ca\/#organization","name":"Canadian Cancer Survivor Network","url":"https:\/\/survivornet.ca\/","logo":{"@type":"ImageObject","inLanguage":"fr-FR","@id":"https:\/\/survivornet.ca\/#\/schema\/logo\/image\/","url":"http:\/\/survivornet.ca\/wp-content\/uploads\/2016\/12\/CCSN_Logo_EN_SQUARE.png","contentUrl":"http:\/\/survivornet.ca\/wp-content\/uploads\/2016\/12\/CCSN_Logo_EN_SQUARE.png","width":1209,"height":1007,"caption":"Canadian Cancer Survivor Network"},"image":{"@id":"https:\/\/survivornet.ca\/#\/schema\/logo\/image\/"}}]}},"_links":{"self":[{"href":"https:\/\/survivornet.ca\/fr\/wp-json\/wp\/v2\/pages\/9798","targetHints":{"allow":["GET"]}}],"collection":[{"href":"https:\/\/survivornet.ca\/fr\/wp-json\/wp\/v2\/pages"}],"about":[{"href":"https:\/\/survivornet.ca\/fr\/wp-json\/wp\/v2\/types\/page"}],"author":[{"embeddable":true,"href":"https:\/\/survivornet.ca\/fr\/wp-json\/wp\/v2\/users\/2"}],"replies":[{"embeddable":true,"href":"https:\/\/survivornet.ca\/fr\/wp-json\/wp\/v2\/comments?post=9798"}],"version-history":[{"count":0,"href":"https:\/\/survivornet.ca\/fr\/wp-json\/wp\/v2\/pages\/9798\/revisions"}],"up":[{"embeddable":true,"href":"https:\/\/survivornet.ca\/fr\/wp-json\/wp\/v2\/pages\/9716"}],"wp:attachment":[{"href":"https:\/\/survivornet.ca\/fr\/wp-json\/wp\/v2\/media?parent=9798"}],"curies":[{"name":"wp","href":"https:\/\/api.w.org\/{rel}","templated":true}]}}