{"id":9792,"date":"2018-09-10T14:01:05","date_gmt":"2018-09-10T14:01:05","guid":{"rendered":"https:\/\/survivornet.ca\/?page_id=9792\/"},"modified":"2018-09-10T14:01:05","modified_gmt":"2018-09-10T14:01:05","slug":"catherine-cyr-wright-quebec-solidaire-reponse","status":"publish","type":"page","link":"https:\/\/survivornet.ca\/fr\/agissez\/campagnes-electorales\/camapagne-electorale-quebec-2018\/catherine-cyr-wright-quebec-solidaire-reponse\/","title":{"rendered":"Catherine Cyr Wright (Qu\u00e9bec solidaire) R\u00e9ponse"},"content":{"rendered":"<p><strong>R\u00e9ponse:<\/strong><\/p>\n<p style=\"font-weight: 400;\">Bonjour,<\/p>\n<p style=\"font-weight: 400;\">Voir plus bas nos r\u00e9ponses \u00e0 vos questions.<\/p>\n<p><strong>Si vous \u00eates \u00e9lu-e, quelles mesures votre gouvernement prendra-t-il pour cr\u00e9er et mettre en \u0153uvre cet organisme provincial de lutte contre le cancer?<\/strong><\/p>\n<p style=\"font-weight: 400;\">Qu\u00e9bec solidaire pr\u00e9voit un r\u00e9investissement massif en sant\u00e9 et, bien que la cr\u00e9ation d&#8217;un organisme provincial de lutte contre le cancer ne figure pas explicitement parmi nos engagements pour l&#8217;\u00e9lection en cours, une telle initiative s&#8217;inscrit en continuit\u00e9 avec notre vision d&#8217;un syst\u00e8me de sant\u00e9 plus accessible et adapt\u00e9 aux besoins de la population.<\/p>\n<p><strong>Si vous \u00eates \u00e9lu-e, quelles mesures votre gouvernement prendra-t-il pour r\u00e9duire les obstacles aux besoins de sant\u00e9 des patients vivant dans les r\u00e9gions rurales du Qu\u00e9bec?<\/strong><\/p>\n<p style=\"font-weight: 400;\">Qu\u00e9bec solidaire recentrera la philosophie du syst\u00e8me de sant\u00e9 et de services sociaux dans une approche r\u00e9solument pr\u00e9ventive et de proximit\u00e9 relationnelle et g\u00e9ographique. Pour r\u00e9viser la gouvernance du r\u00e9seau de la sant\u00e9 et des services sociaux ainsi que la gouvernance des services m\u00e9dicaux, un gouvernement solidaire permettra la diversit\u00e9 des structures locales qui favorise une meilleure adaptation des services aux besoins des personnes et encourage l\u2019innovation et modifiera les m\u00e9gas structures (CISSS et CIUSSS) actuelles au profit d\u2019organisations de plus petite taille qui permettent plus d\u2019autonomie r\u00e9gionale et territoriale, l\u2019implication des communaut\u00e9s et la gestion participative, le tout pour assurer une r\u00e9ponse plus adapt\u00e9e aux besoins des populations.<\/p>\n<p style=\"font-weight: 400;\">De plus, Qu\u00e9bec solidaire s&#8217;engage \u00e0 garantir l&#8217;acc\u00e8s public, universel et gratuit aux soins de sant\u00e9 en ench\u00e2ssant cet engagement dans la\u00a0<em>Loi sur les services de sant\u00e9 et les services sociaux<\/em>. Pour y parvenir, un gouvernement solidaire augmentera le financement des CLSC afin d\u2019assurer \u00e0 toutes les personnes l\u2019acc\u00e8s \u00e0 des services int\u00e9gr\u00e9s de premi\u00e8re ligne de qualit\u00e9 (sant\u00e9, sociale et m\u00e9dicale) pour les soins et le soutien \u00e0 domicile, pour l&#8217;aide psychologique et pour d&#8217;autres services professionnels qui migrent de plus en plus vers le priv\u00e9. Cela inclut l&#8217;acc\u00e8s gratuit aux services d&#8217;imagerie m\u00e9dicale comme les \u00e9chographies, l&#8217;imagerie par r\u00e9sonance magn\u00e9tique et autres soins diagnostiques.<\/p>\n<p><strong>Si vous \u00eates \u00e9lu-e, quelles mesures votre gouvernement prendra-t-il pour veiller \u00e0 ce qu\u2019une approche multidisciplinaire soit mise en place dans le syst\u00e8me de sant\u00e9 de la province?<\/strong><\/p>\n<p style=\"font-weight: 400;\">Qu\u00e9bec solidaire s&#8217;engage \u00e0 am\u00e9liorer l&#8217;organisation des services en soutenant le travail en \u00e9quipe multi et interdisciplinaire, incluant des m\u00e9decins, ainsi qu&#8217;en favorisant la d\u00e9l\u00e9gation d\u2019actes, qui permet d\u2019utiliser l\u2019expertise d\u2019autres professions lorsque possible et pertinent pour les soins \u00e0 la personne et aux familles, par exemple les infirmi\u00e8res praticiennes sp\u00e9cialis\u00e9es (IPS). Cet engagement vise aussi \u00e0 soutenir et assurer un lien efficace d\u2019un service \u00e0 l\u2019autre entre les GMF, les CLSC et autres formes d\u2019organisation de services de premi\u00e8re ligne publics adapt\u00e9es aux besoins locaux, de m\u00eame qu&#8217;\u00e0 s&#8217;assurer de la coordination et du transfert des informations entre les services dispens\u00e9s par le personnel professionnel en premi\u00e8re ligne et les services sp\u00e9cialis\u00e9s.<\/p>\n<p><strong>Si vous \u00eates \u00e9lu-e, votre gouvernement appuiera-t-il la mise en place d&#8217;un programme national d&#8217;assurance-m\u00e9dicaments garantissant l&#8217;acc\u00e8s aux m\u00e9dicaments sur ordonnance et un plan de couverture allant au-del\u00e0 d&#8217;un formulaire r\u00e9pondant au plus petit d\u00e9nominateur commun?<\/strong><\/p>\n<p><strong>Sinon, veuillez expliquer comment votre parti veillera \u00e0 ce que les Qu\u00e9b\u00e9cois-es aient acc\u00e8s en bon temps \u00e0 des m\u00e9dicaments sur ordonnance.<\/strong><\/p>\n<p style=\"font-weight: 400;\">Qu\u00e9bec solidaire mettra en place une nouvelle politique pharmaceutique publique comprenant deux piliers: un R\u00e9gime d\u2019assurance m\u00e9dicaments public et universel (RAMPU) ainsi que Pharma Qu\u00e9bec, un p\u00f4le public d\u2019achat group\u00e9, de production de m\u00e9dicaments g\u00e9n\u00e9riques ainsi que de recherche et d\u2019innovation pharmaceutique.<\/p>\n<p style=\"font-weight: 400;\">En esp\u00e9rant que nos r\u00e9ponses s&#8217;av\u00e8rent satisfaisantes, je vous souhaite une excellente journ\u00e9e.<\/p>\n<p style=\"font-weight: 400;\">Pascal Martineau pour Catherine Cyr Wright &#8211; Qu\u00e9bec solidaire Bonaventure<br \/>\n581-777-1633<\/p>\n<p><strong>Questions<\/strong><\/p>\n<p>En 2017,\u00a0<strong>plus de 53200 Qu\u00e9b\u00e9cois et Qu\u00e9b\u00e9coises ont re\u00e7u un diagnostic de cancer et environ 21 800 y ont laiss\u00e9 leur vie.<\/strong>\u00a0De toute \u00e9vidence, cette maladie mortelle affecte les familles, les proches, les milieux de travail et des communaut\u00e9s enti\u00e8res.<\/p>\n<p>Le R\u00e9seau canadien des survivants du cancer (RCSC) travaille \u00e0 relier les patients, les survivants et les autres organisations concern\u00e9es avec les d\u00e9cideurs et la communaut\u00e9 au sens large, afin de les int\u00e9resser \u00e0 des discussions et de mettre en \u0153uvre les meilleures pratiques, fond\u00e9es sur des donn\u00e9es probantes. Il s\u2019agit d\u2019all\u00e9ger les co\u00fbts m\u00e9dicaux, \u00e9motionnels, financiers et sociaux du cancer et d\u2019encourager la recherche sur les moyens de surmonter les obstacles \u00e0 des soins optimaux de cancer et de suivi pour ses victimes au Canada.<\/p>\n<p>Le gouvernement du Qu\u00e9bec a un r\u00f4le essentiel \u00e0 jouer en s\u2019assurant que toute personne diagnostiqu\u00e9e du cancer a acc\u00e8s en temps opportun aux m\u00e9dicaments dont elle a besoin, qu\u2019elle n\u2019a pas \u00e0 subir de d\u00e9lais dangereusement longs pour son diagnostic et son traitement, et qu\u2019elle re\u00e7oit un soutien financier ad\u00e9quat pendant ces \u00e9tapes.<\/p>\n<p>Nous vous invitons \u00e0 r\u00e9pondre aux quatre questions suivantes sur les soins oncologiques et les soins de sant\u00e9 au Qu\u00e9bec. Vos r\u00e9ponses seront distribu\u00e9es aux personnes atteintes de cancer ou survivant \u00e0 cette maladie au Qu\u00e9bec, et elles seront affich\u00e9es sur notre site Web \u00e0 www.survivornet.ca ainsi que sur ??notre blog. Des liens vers vos r\u00e9actions appara\u00eetront \u00e9galement sur Facebook et Twitter.<\/p>\n<p><strong>1. Organisme provincial de lutte contre le cancer<\/strong><br \/>\n<em>Les groupes de patients et les organisations de lutte contre le cancer demandent depuis longtemps au gouvernement du Qu\u00e9bec de cr\u00e9er un organisme provincial de lutte contre le cancer afin de mesurer correctement, efficacement et pr\u00e9cis\u00e9ment la pr\u00e9valence et les taux de cancer, les temps d\u2019attente et les services et ressources disponibles. Trop souvent, les patients et les parties prenantes trouvent que le syst\u00e8me de traitement du cancer souffre de lourdes contraintes de ressources. Conna\u00eetre les temps d\u2019attente pour les tomodensitom\u00e9tries, les sp\u00e9cialistes et les IRM est une pr\u00e9occupation majeure des patients, qui pourrait \u00eatre r\u00e9solue par la cr\u00e9ation d\u2019un organisme provincial de lutte contre le cancer.<\/em><\/p>\n<p>Si vous \u00eates \u00e9lu-e, quelles mesures votre gouvernement prendra-t-il pour cr\u00e9er et mettre en \u0153uvre cet organisme provincial de lutte contre le cancer?<\/p>\n<p><strong>2. Manque d\u2019acc\u00e8s \u00e0 des soins de qualit\u00e9 dans les r\u00e9gions \u00e9loign\u00e9es du Qu\u00e9bec<\/strong><br \/>\n<em>Les patients vivant dans des r\u00e9gions \u00e9loign\u00e9es du Qu\u00e9bec se heurtent \u00e0 des obstacles dans l\u2019acc\u00e8s aux services et aux soins de qualit\u00e9 n\u00e9cessaires \u00e0 leurs besoins de sant\u00e9. La plupart n\u2019ont pas d\u2019autre choix que de se rendre dans la grande ville la plus proche, comme Qu\u00e9bec ou Montr\u00e9al, afin de recevoir des soins et des traitements. Il en r\u00e9sulte des co\u00fbts financiers, physiques et psychosociaux accrus.<\/em><\/p>\n<p>Si vous \u00eates \u00e9lu-e, quelles mesures votre gouvernement prendra-t-il pour r\u00e9duire les obstacles aux besoins de sant\u00e9 des patients vivant dans les r\u00e9gions rurales du Qu\u00e9bec?<\/p>\n<p><strong>3. L\u2019importance d\u2019une approche multidisciplinaire des soins de sant\u00e9<\/strong><br \/>\nLes syst\u00e8mes de sant\u00e9 ont tendance \u00e0 travailler en vase clos, et les patients souffrent de cette fragmentation dans leurs traitements et leurs soins. Une approche multidisciplinaire des soins de sant\u00e9 permet d\u2019obtenir de meilleurs r\u00e9sultats pour les patients et d\u2019am\u00e9liorer leur s\u00e9curit\u00e9 en associant les soins communautaires, les \u00e9quipes hospitali\u00e8res, les services ambulatoires et les cliniques locales, pour n\u2019en citer que quelques-uns. Une meilleure coordination et communication entre les professionnels de la sant\u00e9 permet aux patients d\u2019\u00eatre mieux inform\u00e9s de leurs soins et de mieux satisfaire leurs besoins en mati\u00e8re de soins de sant\u00e9.<\/p>\n<p>Si vous \u00eates \u00e9lu-e, quelles mesures votre gouvernement prendra-t-il pour veiller \u00e0 ce qu\u2019une approche multidisciplinaire soit mise en place dans le syst\u00e8me de sant\u00e9 de la province?<\/p>\n<p><strong>4. R\u00e9gime national d\u2019assurance-m\u00e9dicaments<\/strong><br \/>\nLe syst\u00e8me de sant\u00e9 universel du Canada n\u2019inclut pas l\u2019acc\u00e8s aux m\u00e9dicaments sur ordonnance. Il en r\u00e9sulte une mosa\u00efque provinciale \/ territoriale de r\u00e9gimes d\u2019assurance publics et priv\u00e9s qui s\u2019av\u00e8rent co\u00fbteux, inefficaces et ne garantissent pas l\u2019acc\u00e8s aux m\u00e9dicaments prescrits. Le gouvernement f\u00e9d\u00e9ral a mis sur pied un conseil consultatif sur la mise en \u0153uvre d\u2019un r\u00e9gime d\u2019assurance-m\u00e9dicaments afin d\u2019examiner la fa\u00e7on dont l\u2019acc\u00e8s aux m\u00e9dicaments sur ordonnance peut \u00eatre am\u00e9lior\u00e9 dans notre syst\u00e8me de sant\u00e9. Partout au Canada, des patient-e-s craignent qu\u2019un programme national d\u2019assurance-m\u00e9dicaments conduise \u00e0 une liste de m\u00e9dicaments couverts qui ne r\u00e9pondent qu\u2019au plus petit d\u00e9nominateur commun.<\/p>\n<p>Si vous \u00eates \u00e9lu-e, votre gouvernement appuiera-t-il la mise en place d\u2019un programme national d\u2019assurance-m\u00e9dicaments garantissant l\u2019acc\u00e8s aux m\u00e9dicaments sur ordonnance et un plan de couverture allant au-del\u00e0 d\u2019un formulaire r\u00e9pondant au plus petit d\u00e9nominateur commun?<\/p>\n<p>Sinon, veuillez expliquer comment votre parti veillera \u00e0 ce que les Qu\u00e9b\u00e9cois-es aient acc\u00e8s en bon temps \u00e0 des m\u00e9dicaments sur ordonnance.<\/p>\n","protected":false},"excerpt":{"rendered":"<p>R\u00e9ponse: Bonjour, Voir plus bas nos r\u00e9ponses \u00e0 vos questions. Si vous \u00eates \u00e9lu-e, quelles mesures votre gouvernement prendra-t-il pour cr\u00e9er et mettre en \u0153uvre cet organisme provincial de lutte contre le<\/p>\n","protected":false},"author":2,"featured_media":0,"parent":9716,"menu_order":0,"comment_status":"closed","ping_status":"closed","template":"","meta":{"_acf_changed":false,"footnotes":""},"class_list":["post-9792","page","type-page","status-publish","hentry"],"acf":[],"yoast_head":"<!-- This site is optimized with the Yoast SEO plugin v27.4 - https:\/\/yoast.com\/product\/yoast-seo-wordpress\/ -->\n<title>Catherine Cyr Wright (Qu\u00e9bec solidaire) R\u00e9ponse - Canadian Cancer Survivor Network<\/title>\n<meta name=\"robots\" content=\"index, follow, max-snippet:-1, max-image-preview:large, max-video-preview:-1\" \/>\n<link rel=\"canonical\" href=\"https:\/\/survivornet.ca\/fr\/agissez\/campagnes-electorales\/camapagne-electorale-quebec-2018\/catherine-cyr-wright-quebec-solidaire-reponse\/\" \/>\n<meta property=\"og:locale\" content=\"fr_FR\" \/>\n<meta property=\"og:type\" content=\"article\" \/>\n<meta property=\"og:title\" content=\"Catherine Cyr Wright (Qu\u00e9bec solidaire) R\u00e9ponse - Canadian Cancer Survivor Network\" \/>\n<meta property=\"og:description\" content=\"R\u00e9ponse: Bonjour, Voir plus bas nos r\u00e9ponses \u00e0 vos questions. Si vous \u00eates \u00e9lu-e, quelles mesures votre gouvernement prendra-t-il pour cr\u00e9er et mettre en \u0153uvre cet organisme provincial de lutte contre le\" \/>\n<meta property=\"og:url\" content=\"https:\/\/survivornet.ca\/fr\/agissez\/campagnes-electorales\/camapagne-electorale-quebec-2018\/catherine-cyr-wright-quebec-solidaire-reponse\/\" \/>\n<meta property=\"og:site_name\" content=\"Canadian Cancer Survivor Network\" \/>\n<meta name=\"twitter:card\" content=\"summary_large_image\" \/>\n<meta name=\"twitter:label1\" content=\"Dur\u00e9e de lecture estim\u00e9e\" \/>\n\t<meta name=\"twitter:data1\" content=\"8 minutes\" \/>\n<script type=\"application\/ld+json\" class=\"yoast-schema-graph\">{\"@context\":\"https:\\\/\\\/schema.org\",\"@graph\":[{\"@type\":\"WebPage\",\"@id\":\"https:\\\/\\\/survivornet.ca\\\/fr\\\/agissez\\\/campagnes-electorales\\\/camapagne-electorale-quebec-2018\\\/catherine-cyr-wright-quebec-solidaire-reponse\\\/\",\"url\":\"https:\\\/\\\/survivornet.ca\\\/fr\\\/agissez\\\/campagnes-electorales\\\/camapagne-electorale-quebec-2018\\\/catherine-cyr-wright-quebec-solidaire-reponse\\\/\",\"name\":\"Catherine Cyr Wright (Qu\u00e9bec solidaire) R\u00e9ponse - Canadian Cancer Survivor Network\",\"isPartOf\":{\"@id\":\"https:\\\/\\\/survivornet.ca\\\/#website\"},\"datePublished\":\"2018-09-10T14:01:05+00:00\",\"breadcrumb\":{\"@id\":\"https:\\\/\\\/survivornet.ca\\\/fr\\\/agissez\\\/campagnes-electorales\\\/camapagne-electorale-quebec-2018\\\/catherine-cyr-wright-quebec-solidaire-reponse\\\/#breadcrumb\"},\"inLanguage\":\"fr-FR\",\"potentialAction\":[{\"@type\":\"ReadAction\",\"target\":[\"https:\\\/\\\/survivornet.ca\\\/fr\\\/agissez\\\/campagnes-electorales\\\/camapagne-electorale-quebec-2018\\\/catherine-cyr-wright-quebec-solidaire-reponse\\\/\"]}]},{\"@type\":\"BreadcrumbList\",\"@id\":\"https:\\\/\\\/survivornet.ca\\\/fr\\\/agissez\\\/campagnes-electorales\\\/camapagne-electorale-quebec-2018\\\/catherine-cyr-wright-quebec-solidaire-reponse\\\/#breadcrumb\",\"itemListElement\":[{\"@type\":\"ListItem\",\"position\":1,\"name\":\"Home\",\"item\":\"https:\\\/\\\/survivornet.ca\\\/fr\\\/\"},{\"@type\":\"ListItem\",\"position\":2,\"name\":\"Agissez\",\"item\":\"https:\\\/\\\/survivornet.ca\\\/fr\\\/agissez\\\/\"},{\"@type\":\"ListItem\",\"position\":3,\"name\":\"Campagnes \u00e9lectorales\",\"item\":\"https:\\\/\\\/survivornet.ca\\\/fr\\\/agissez\\\/campagnes-electorales\\\/\"},{\"@type\":\"ListItem\",\"position\":4,\"name\":\"Campagne \u00e9lectorale Qu\u00e9bec 2018\",\"item\":\"https:\\\/\\\/survivornet.ca\\\/fr\\\/agissez\\\/campagnes-electorales\\\/camapagne-electorale-quebec-2018\\\/\"},{\"@type\":\"ListItem\",\"position\":5,\"name\":\"Catherine Cyr Wright (Qu\u00e9bec solidaire) R\u00e9ponse\"}]},{\"@type\":\"WebSite\",\"@id\":\"https:\\\/\\\/survivornet.ca\\\/#website\",\"url\":\"https:\\\/\\\/survivornet.ca\\\/\",\"name\":\"Canadian Cancer Survivor Network\",\"description\":\"The Canadian Cancer Survivor Network was created by a group of Canadians concerned about cancer.\",\"publisher\":{\"@id\":\"https:\\\/\\\/survivornet.ca\\\/#organization\"},\"potentialAction\":[{\"@type\":\"SearchAction\",\"target\":{\"@type\":\"EntryPoint\",\"urlTemplate\":\"https:\\\/\\\/survivornet.ca\\\/?s={search_term_string}\"},\"query-input\":{\"@type\":\"PropertyValueSpecification\",\"valueRequired\":true,\"valueName\":\"search_term_string\"}}],\"inLanguage\":\"fr-FR\"},{\"@type\":\"Organization\",\"@id\":\"https:\\\/\\\/survivornet.ca\\\/#organization\",\"name\":\"Canadian Cancer Survivor Network\",\"url\":\"https:\\\/\\\/survivornet.ca\\\/\",\"logo\":{\"@type\":\"ImageObject\",\"inLanguage\":\"fr-FR\",\"@id\":\"https:\\\/\\\/survivornet.ca\\\/#\\\/schema\\\/logo\\\/image\\\/\",\"url\":\"http:\\\/\\\/survivornet.ca\\\/wp-content\\\/uploads\\\/2016\\\/12\\\/CCSN_Logo_EN_SQUARE.png\",\"contentUrl\":\"http:\\\/\\\/survivornet.ca\\\/wp-content\\\/uploads\\\/2016\\\/12\\\/CCSN_Logo_EN_SQUARE.png\",\"width\":1209,\"height\":1007,\"caption\":\"Canadian Cancer Survivor Network\"},\"image\":{\"@id\":\"https:\\\/\\\/survivornet.ca\\\/#\\\/schema\\\/logo\\\/image\\\/\"}}]}<\/script>\n<!-- \/ Yoast SEO plugin. -->","yoast_head_json":{"title":"Catherine Cyr Wright (Qu\u00e9bec solidaire) R\u00e9ponse - Canadian Cancer Survivor Network","robots":{"index":"index","follow":"follow","max-snippet":"max-snippet:-1","max-image-preview":"max-image-preview:large","max-video-preview":"max-video-preview:-1"},"canonical":"https:\/\/survivornet.ca\/fr\/agissez\/campagnes-electorales\/camapagne-electorale-quebec-2018\/catherine-cyr-wright-quebec-solidaire-reponse\/","og_locale":"fr_FR","og_type":"article","og_title":"Catherine Cyr Wright (Qu\u00e9bec solidaire) R\u00e9ponse - Canadian Cancer Survivor Network","og_description":"R\u00e9ponse: Bonjour, Voir plus bas nos r\u00e9ponses \u00e0 vos questions. Si vous \u00eates \u00e9lu-e, quelles mesures votre gouvernement prendra-t-il pour cr\u00e9er et mettre en \u0153uvre cet organisme provincial de lutte contre le","og_url":"https:\/\/survivornet.ca\/fr\/agissez\/campagnes-electorales\/camapagne-electorale-quebec-2018\/catherine-cyr-wright-quebec-solidaire-reponse\/","og_site_name":"Canadian Cancer Survivor Network","twitter_card":"summary_large_image","twitter_misc":{"Dur\u00e9e de lecture estim\u00e9e":"8 minutes"},"schema":{"@context":"https:\/\/schema.org","@graph":[{"@type":"WebPage","@id":"https:\/\/survivornet.ca\/fr\/agissez\/campagnes-electorales\/camapagne-electorale-quebec-2018\/catherine-cyr-wright-quebec-solidaire-reponse\/","url":"https:\/\/survivornet.ca\/fr\/agissez\/campagnes-electorales\/camapagne-electorale-quebec-2018\/catherine-cyr-wright-quebec-solidaire-reponse\/","name":"Catherine Cyr Wright (Qu\u00e9bec solidaire) R\u00e9ponse - Canadian Cancer Survivor Network","isPartOf":{"@id":"https:\/\/survivornet.ca\/#website"},"datePublished":"2018-09-10T14:01:05+00:00","breadcrumb":{"@id":"https:\/\/survivornet.ca\/fr\/agissez\/campagnes-electorales\/camapagne-electorale-quebec-2018\/catherine-cyr-wright-quebec-solidaire-reponse\/#breadcrumb"},"inLanguage":"fr-FR","potentialAction":[{"@type":"ReadAction","target":["https:\/\/survivornet.ca\/fr\/agissez\/campagnes-electorales\/camapagne-electorale-quebec-2018\/catherine-cyr-wright-quebec-solidaire-reponse\/"]}]},{"@type":"BreadcrumbList","@id":"https:\/\/survivornet.ca\/fr\/agissez\/campagnes-electorales\/camapagne-electorale-quebec-2018\/catherine-cyr-wright-quebec-solidaire-reponse\/#breadcrumb","itemListElement":[{"@type":"ListItem","position":1,"name":"Home","item":"https:\/\/survivornet.ca\/fr\/"},{"@type":"ListItem","position":2,"name":"Agissez","item":"https:\/\/survivornet.ca\/fr\/agissez\/"},{"@type":"ListItem","position":3,"name":"Campagnes \u00e9lectorales","item":"https:\/\/survivornet.ca\/fr\/agissez\/campagnes-electorales\/"},{"@type":"ListItem","position":4,"name":"Campagne \u00e9lectorale Qu\u00e9bec 2018","item":"https:\/\/survivornet.ca\/fr\/agissez\/campagnes-electorales\/camapagne-electorale-quebec-2018\/"},{"@type":"ListItem","position":5,"name":"Catherine Cyr Wright (Qu\u00e9bec solidaire) R\u00e9ponse"}]},{"@type":"WebSite","@id":"https:\/\/survivornet.ca\/#website","url":"https:\/\/survivornet.ca\/","name":"Canadian Cancer Survivor Network","description":"The Canadian Cancer Survivor Network was created by a group of Canadians concerned about cancer.","publisher":{"@id":"https:\/\/survivornet.ca\/#organization"},"potentialAction":[{"@type":"SearchAction","target":{"@type":"EntryPoint","urlTemplate":"https:\/\/survivornet.ca\/?s={search_term_string}"},"query-input":{"@type":"PropertyValueSpecification","valueRequired":true,"valueName":"search_term_string"}}],"inLanguage":"fr-FR"},{"@type":"Organization","@id":"https:\/\/survivornet.ca\/#organization","name":"Canadian Cancer Survivor Network","url":"https:\/\/survivornet.ca\/","logo":{"@type":"ImageObject","inLanguage":"fr-FR","@id":"https:\/\/survivornet.ca\/#\/schema\/logo\/image\/","url":"http:\/\/survivornet.ca\/wp-content\/uploads\/2016\/12\/CCSN_Logo_EN_SQUARE.png","contentUrl":"http:\/\/survivornet.ca\/wp-content\/uploads\/2016\/12\/CCSN_Logo_EN_SQUARE.png","width":1209,"height":1007,"caption":"Canadian Cancer Survivor Network"},"image":{"@id":"https:\/\/survivornet.ca\/#\/schema\/logo\/image\/"}}]}},"_links":{"self":[{"href":"https:\/\/survivornet.ca\/fr\/wp-json\/wp\/v2\/pages\/9792","targetHints":{"allow":["GET"]}}],"collection":[{"href":"https:\/\/survivornet.ca\/fr\/wp-json\/wp\/v2\/pages"}],"about":[{"href":"https:\/\/survivornet.ca\/fr\/wp-json\/wp\/v2\/types\/page"}],"author":[{"embeddable":true,"href":"https:\/\/survivornet.ca\/fr\/wp-json\/wp\/v2\/users\/2"}],"replies":[{"embeddable":true,"href":"https:\/\/survivornet.ca\/fr\/wp-json\/wp\/v2\/comments?post=9792"}],"version-history":[{"count":0,"href":"https:\/\/survivornet.ca\/fr\/wp-json\/wp\/v2\/pages\/9792\/revisions"}],"up":[{"embeddable":true,"href":"https:\/\/survivornet.ca\/fr\/wp-json\/wp\/v2\/pages\/9716"}],"wp:attachment":[{"href":"https:\/\/survivornet.ca\/fr\/wp-json\/wp\/v2\/media?parent=9792"}],"curies":[{"name":"wp","href":"https:\/\/api.w.org\/{rel}","templated":true}]}}