{"id":9740,"date":"2018-09-06T14:34:17","date_gmt":"2018-09-06T14:34:17","guid":{"rendered":"https:\/\/survivornet.ca\/?page_id=9740\/"},"modified":"2018-09-06T14:34:17","modified_gmt":"2018-09-06T14:34:17","slug":"sophie-vaillancourt-parti-vert-reponse","status":"publish","type":"page","link":"https:\/\/survivornet.ca\/fr\/agissez\/campagnes-electorales\/campagne-electorale-nouveau-brunswick-2018\/sophie-vaillancourt-parti-vert-reponse\/","title":{"rendered":"Sophie Vaillancourt (Parti Vert) R\u00e9ponse"},"content":{"rendered":"<p style=\"font-weight: 400;\"><strong>1-Si vous \u00eates \u00e9lu-e, quelles mesures votre gouvernement prendra-t-il pour accro\u00eetre la disponibilit\u00e9 des m\u00e9decins de famille et des praticien-ne-s de la sant\u00e9 au Nouveau-Brunswick?<\/strong><\/p>\n<p style=\"font-weight: 400;\">Si nous sommes \u00e9lus comme gouvernement majoritaire le parti vert du Nouveau-Brunswick \u00e9liminera le plafond impos\u00e9 par le gouvernement sur le nombre de num\u00e9ros de facturation \u00e0 l&#8217;assurance-maladie afin de faciliter l&#8217;installation des m\u00e9decins dans les r\u00e9gions qui requi\u00e8rent leur service. Il ajoutera de nouveaux centres cliniques de sant\u00e9 communautaire dans lesquels travailleront des \u00e9quipes de soins en m\u00e9decines familiales qui comprendront des professionnels en sant\u00e9 mentale et des infirmiers infirmi\u00e8res pr\u00eates praticienne. Ciara quarante nouveau postes des fermiers praticiens des fermi\u00e8res praticiennes afin de r\u00e9duire le temps d&#8217;attente pour les soins primaires et autorisera ses professionnelles et les pharmacies \u00e0 facturer leurs services \u00e0 l&#8217;assurance-maladie.<\/p>\n<p style=\"font-weight: 400;\">Si nous sommes \u00e9lus comme gouvernement minoritaire ces m\u00eames id\u00e9es seront apport\u00e9es \u00e0 la chambre l\u00e9gislative pour \u00eatre \u00e9tudi\u00e9es et nous le souhaitons, adopt\u00e9es.<\/p>\n<p style=\"font-weight: 400;\"><strong>2-Si vous \u00eates \u00e9lu-e, votre gouvernement appuiera-t-il la mise en place d&#8217;un programme national d&#8217;assurance-m\u00e9dicaments garantissant l&#8217;acc\u00e8s aux m\u00e9dicaments sur ordonnance et un plan de couverture allant au-del\u00e0 d&#8217;un formulaire r\u00e9pondant au plus petit d\u00e9nominateur commun?<\/strong><\/p>\n<p style=\"font-weight: 400;\">Si le gouvernement parti vert du Nouveau-Brunswick est \u00e9lu il \u00e9liminera la prime annuelle du r\u00e9gime m\u00e9dicaments du Nouveau-Brunswick pour les personnes dont le revenu est entre 25,000$ et 40,000$ dans le cas des familles et donnera son appui \u00e0 l&#8217;adoption d&#8217;un r\u00e9gime national d&#8217;assurance m\u00e9dicaments. Il augmentera aussi l&#8217;aide financi\u00e8re aux organismes communautaires et entreprises sociales qui fournissent du soutien direct aux personnes vivant dans la pauvret\u00e9 et r\u00e9duira la paperasse n\u00e9cessaire pour avoir acc\u00e8s aux services fournis par le minist\u00e8re du d\u00e9veloppement social.<\/p>\n<p style=\"font-weight: 400;\">Si nous sommes \u00e9lus comme gouvernement minoritaire ces m\u00eames id\u00e9es seront apport\u00e9es \u00e0 la chambre l\u00e9gislative pour \u00eatre \u00e9tudi\u00e9es et nous le souhaitons, adopt\u00e9es.<\/p>\n<p style=\"font-weight: 400;\"><strong>3-Si vous \u00eates \u00e9lu-e, votre gouvernement prendra-t-il des mesures pour cr\u00e9er un comit\u00e9 de participation des patients qui conseille directement le gouvernement sur les enjeux li\u00e9s \u00e0 la sant\u00e9?<\/strong><\/p>\n<p style=\"font-weight: 400;\">Si nous sommes \u00e9lus, j&#8217;en suis certaine, il sera possible de discuter de cette question avec vous, notre chef de parti et tous les autres candidats du parti Vert du Nouveau-Brunswick.<\/p>\n<p style=\"font-weight: 400;\"><strong>4- Pour ma part ma priorit\u00e9 est celle-ci:\u00a0<\/strong>Ma priorit\u00e9 en tant que d\u00e9put\u00e9e verte sera de m&#8217;occuper des probl\u00e8mes au niveau de la sant\u00e9 et des services qui font d\u00e9faut \u00e0 cette situation. Mon but premier, serait de pouvoir obtenir des fonds afin de faire construire ou d&#8217;inclure un centre de traitement pour le cancer \u00e0 l&#8217;h\u00f4pital r\u00e9gional\u00a0 d&#8217;Edmundston. Il est tout \u00e0 fait inacceptable et inhumain que des gens souffrant de cancer ait \u00e0 faire dix heures de route au total pour obtenir des soins, des r\u00e9sultats d&#8217;examens ou des traitements qui se font \u00e0 Moncton. Il y a de l&#8217;argent dans les coffres du gouvernement qui est en place pr\u00e9sentement et cet argent doit servir pour les citoyens qui sont de plus en plus mal en point. Nous avons le plus haut taux de cancer dans la r\u00e9gion du Nouveau-Brunswick, donc il est facile de comprendre l&#8217;urgence d&#8217;obtenir ce service dans notre r\u00e9gion. Chacun de nous ou presque conna\u00eet quelqu&#8217;un qui a un cancer et qui se bat pour le vaincre. \u00c0 mon avis, c&#8217;est seuls arguments devraient suffire \u00e0 faire ouvrir les coffres du gouvernement. Il ne s&#8217;agit pas ici de calculs, de revenus, de d\u00e9pendance ou de souci du d\u00e9tail mais bien de la sant\u00e9 de tous les citoyens citoyennes de ma circonscription et cette sant\u00e9 n&#8217;a pas de prix. Naturellement, ceci est ce que je souhaite parvenir \u00e0 accomplir, ceci n&#8217;est pas une promesse \u00e9lectorale.<\/p>\n<p style=\"font-weight: 400;\">Je vous remercie pour vos questions et en esp\u00e9rant vous avoir r\u00e9pondu de la meilleure fa\u00e7on possible et compr\u00e9hensible<strong>,<\/strong><\/p>\n<p style=\"font-weight: 400;\">Sophie Vaillancourt<\/p>\n<p style=\"font-weight: 400;\">Candidate du Parti Vert du NB<\/p>\n<p style=\"font-weight: 400;\">Edmundston-Madawaska-Centre<\/p>\n<p style=\"font-weight: 400;\">506-992-0191<\/p>\n<p>&nbsp;<\/p>\n<p><strong>Questions:<\/strong><\/p>\n<p style=\"font-weight: 400;\">L\u2019ann\u00e9e 2017 a vu <strong>4700 N\u00e9o-Brunwickois-es recevoir un diagnostic de cancer et 2100 mourir de cette maladie<\/strong>. Il est clair que celle-ci d\u00e9vaste des familles, des proches, la population active et des collectivit\u00e9s tout enti\u00e8res.<\/p>\n<p style=\"font-weight: 400;\">Le R\u00e9seau canadien des survivants du cancer (RCSC) travaille \u00e0 relier les patient-e-s, les survivant-e-s et d\u2019autres organisations concern\u00e9es avec les d\u00e9cideurs et la communaut\u00e9 au sens large, afin de les int\u00e9resser \u00e0 des discussions et de mettre en \u0153uvre les meilleures pratiques, fond\u00e9es sur des donn\u00e9es probantes. Notre priorit\u00e9 est d\u2019all\u00e9ger les co\u00fbts m\u00e9dicaux, \u00e9motionnels, financiers et sociaux du cancer et de favoriser la recherche sur des moyens de surmonter les obstacles \u00e0 des soins optimaux de cancer et de suivi pour ses victimes au Canada.<\/p>\n<p style=\"font-weight: 400;\">Le gouvernement du Nouveau-Brunswick a un r\u00f4le crucial \u00e0 jouer pour veiller \u00e0 ce que chaque personne chez qui l\u2019on diagnostique un cancer acc\u00e8de en bon temps aux m\u00e9dicaments dont elle a besoin, ne subisse pas de d\u00e9lais dangereusement longs de diagnostic et de traitement, et b\u00e9n\u00e9ficie d\u2019un soutien financier suffisant en cours de diagnostic et de traitement.<\/p>\n<p style=\"font-weight: 400;\">Nous vous invitons \u00e0 r\u00e9pondre aux questions suivantes au sujet des soins oncologiques et des soins de sant\u00e9 au Nouveau-Brunswick. Vos r\u00e9ponses seront communiqu\u00e9es \u00e0 des patient-e-s et des survivant-e-s au Nouveau-Brunswick, en plus d\u2019\u00eatre affich\u00e9es sur notre site Web, au\u00a0\u00a0<a href=\"https:\/\/survivornet.ca\/\" data-saferedirecturl=\"https:\/\/www.google.com\/url?q=https:\/\/survivornet.ca\/&amp;source=gmail&amp;ust=1536324650968000&amp;usg=AFQjCNEwQbSv-yxdR0QftJuVd8n__xd1Jw\">www.survivornet.ca<\/a>\u00a0et sur notre blogue au\u00a0<a href=\"http:\/\/jackiemanthornescancerblog.blogspot.com\/\" data-saferedirecturl=\"https:\/\/www.google.com\/url?q=http:\/\/jackiemanthornescancerblog.blogspot.com\/&amp;source=gmail&amp;ust=1536324650968000&amp;usg=AFQjCNEBXb5Q6Z_DUNLpduj5GU09BGXUcQ\">http:\/\/jackiemanthornescancerblog.blogspot.com\/<\/a>. Des liens \u00e0 vos r\u00e9ponses seront \u00e9galement affich\u00e9s sur les r\u00e9seaux Facebook et Twitter.<\/p>\n<ol class=\"content-list\">\n<li style=\"font-weight: 400;\"><strong><u> Acc\u00e8s aux soins de sant\u00e9 primaires<\/u><\/strong><\/li>\n<\/ol>\n<p style=\"font-weight: 400;\"><em>Selon Statistique Canada, plus de 11,3% de la population de la province n\u2019a pas de m\u00e9decin de famille. Cela signifie que 107 787 N\u00e9o-Brunswickois-es n&#8217;ont pas acc\u00e8s aux soins primaires. De plus, les listes d&#8217;attente pour les omnipraticiens passent actuellement de un \u00e0 deux ans et l\u2019on pr\u00e9voit que ce probl\u00e8me devrait s&#8217;aggraver avec la prise de retraite de m\u00e9decins et l&#8217;augmentation de la population \u00e2g\u00e9e de la province.<\/em><\/p>\n<p style=\"font-weight: 400;\"><strong>Si vous \u00eates \u00e9lu-e, quelles mesures votre gouvernement prendra-t-il pour accro\u00eetre la disponibilit\u00e9 des m\u00e9decins de famille et des praticien-ne-s de la sant\u00e9 au Nouveau-Brunswick?<\/strong><\/p>\n<ol start=\"2\">\n<li style=\"font-weight: 400;\"><strong><u> R\u00e9gime national d\u2019assurance-m\u00e9dicaments<\/u><\/strong><\/li>\n<\/ol>\n<p style=\"font-weight: 400;\"><em>Le syst\u00e8me de sant\u00e9 universel du Canada n\u2019inclut pas l\u2019acc\u00e8s aux m\u00e9dicaments sur ordonnance. Il en r\u00e9sulte une mosa\u00efque provinciale \/ territoriale de r\u00e9gimes d&#8217;assurance publics et priv\u00e9s qui s\u2019av\u00e8rent co\u00fbteux, inefficaces et ne garantissent pas l&#8217;acc\u00e8s aux m\u00e9dicaments prescrits. Le gouvernement f\u00e9d\u00e9ral a mis sur pied un conseil consultatif sur la mise en \u0153uvre d\u2019un r\u00e9gime d&#8217;assurance-m\u00e9dicaments afin d&#8217;examiner la fa\u00e7on dont l&#8217;acc\u00e8s aux m\u00e9dicaments sur ordonnance peut \u00eatre am\u00e9lior\u00e9 dans notre syst\u00e8me de sant\u00e9. Partout au Canada, des patient-e-s craignent qu\u2019un programme national d&#8217;assurance-m\u00e9dicaments conduise \u00e0 une liste de m\u00e9dicaments couverts qui ne r\u00e9pondent qu&#8217;au plus petit d\u00e9nominateur commun.<\/em><\/p>\n<p style=\"font-weight: 400;\"><strong>Si vous \u00eates \u00e9lu-e, votre gouvernement appuiera-t-il la mise en place d&#8217;un programme national d&#8217;assurance-m\u00e9dicaments garantissant l&#8217;acc\u00e8s aux m\u00e9dicaments sur ordonnance et un plan de couverture allant au-del\u00e0 d&#8217;un formulaire r\u00e9pondant au plus petit d\u00e9nominateur commun?<\/strong><\/p>\n<p style=\"font-weight: 400;\"><strong>Sinon, veuillez expliquer comment votre parti veillera \u00e0 ce que les N\u00e9o-Brunswickois-es aient acc\u00e8s en bon temps \u00e0 des m\u00e9dicaments sur ordonnance.<\/strong><\/p>\n<ol start=\"3\">\n<li style=\"font-weight: 400;\"><strong><u> Engagement des patients<\/u><\/strong><\/li>\n<\/ol>\n<p style=\"font-weight: 400;\"><em>Les patients sont des acteurs cl\u00e9s du syst\u00e8me de sant\u00e9.\u00a0\u00c0 l\u2019heure actuelle, il n\u2019existe pas de comit\u00e9 d\u2019engagement des patients qui conseille le gouvernement provincial sur les questions de sant\u00e9.\u00a0Les autorit\u00e9s sanitaires r\u00e9gionales poss\u00e8dent des comit\u00e9s consultatifs de patients, mais il faut faire davantage. Bien que le gouvernement consulte les autorit\u00e9s sanitaires r\u00e9gionales et les m\u00e9decins, les patients-es doivent \u00e9galement participer directement \u00e0 ces consultations en \u00e9tant inclus au niveau provincial.<\/em><\/p>\n<p style=\"font-weight: 400;\"><strong>Si vous \u00eates \u00e9lu-e, votre gouvernement prendra-t-il des mesures pour cr\u00e9er un comit\u00e9 de participation des patients qui conseille directement le gouvernement sur les enjeux li\u00e9s \u00e0 la sant\u00e9?<\/strong><\/p>\n","protected":false},"excerpt":{"rendered":"<p>1-Si vous \u00eates \u00e9lu-e, quelles mesures votre gouvernement prendra-t-il pour accro\u00eetre la disponibilit\u00e9 des m\u00e9decins de famille et des praticien-ne-s de la sant\u00e9 au Nouveau-Brunswick? Si nous sommes \u00e9lus comme gouvernement majoritaire<\/p>\n","protected":false},"author":2,"featured_media":0,"parent":9685,"menu_order":0,"comment_status":"closed","ping_status":"closed","template":"","meta":{"_acf_changed":false,"footnotes":""},"class_list":["post-9740","page","type-page","status-publish","hentry"],"acf":[],"yoast_head":"<!-- This site is optimized with the Yoast SEO plugin v27.1.1 - https:\/\/yoast.com\/product\/yoast-seo-wordpress\/ -->\n<title>Sophie Vaillancourt (Parti Vert) R\u00e9ponse - Canadian Cancer Survivor Network<\/title>\n<meta name=\"robots\" content=\"index, follow, max-snippet:-1, max-image-preview:large, max-video-preview:-1\" \/>\n<link rel=\"canonical\" href=\"https:\/\/survivornet.ca\/fr\/agissez\/campagnes-electorales\/campagne-electorale-nouveau-brunswick-2018\/sophie-vaillancourt-parti-vert-reponse\/\" \/>\n<meta property=\"og:locale\" content=\"fr_FR\" \/>\n<meta property=\"og:type\" content=\"article\" \/>\n<meta property=\"og:title\" content=\"Sophie Vaillancourt (Parti Vert) R\u00e9ponse - Canadian Cancer Survivor Network\" \/>\n<meta property=\"og:description\" content=\"1-Si vous \u00eates \u00e9lu-e, quelles mesures votre gouvernement prendra-t-il pour accro\u00eetre la disponibilit\u00e9 des m\u00e9decins de famille et des praticien-ne-s de la sant\u00e9 au Nouveau-Brunswick? Si nous sommes \u00e9lus comme gouvernement majoritaire\" \/>\n<meta property=\"og:url\" content=\"https:\/\/survivornet.ca\/fr\/agissez\/campagnes-electorales\/campagne-electorale-nouveau-brunswick-2018\/sophie-vaillancourt-parti-vert-reponse\/\" \/>\n<meta property=\"og:site_name\" content=\"Canadian Cancer Survivor Network\" \/>\n<meta name=\"twitter:card\" content=\"summary_large_image\" \/>\n<meta name=\"twitter:label1\" content=\"Dur\u00e9e de lecture estim\u00e9e\" \/>\n\t<meta name=\"twitter:data1\" content=\"7 minutes\" \/>\n<script type=\"application\/ld+json\" class=\"yoast-schema-graph\">{\"@context\":\"https:\/\/schema.org\",\"@graph\":[{\"@type\":\"WebPage\",\"@id\":\"https:\/\/survivornet.ca\/fr\/agissez\/campagnes-electorales\/campagne-electorale-nouveau-brunswick-2018\/sophie-vaillancourt-parti-vert-reponse\/\",\"url\":\"https:\/\/survivornet.ca\/fr\/agissez\/campagnes-electorales\/campagne-electorale-nouveau-brunswick-2018\/sophie-vaillancourt-parti-vert-reponse\/\",\"name\":\"Sophie Vaillancourt (Parti Vert) R\u00e9ponse - Canadian Cancer Survivor Network\",\"isPartOf\":{\"@id\":\"https:\/\/survivornet.ca\/#website\"},\"datePublished\":\"2018-09-06T14:34:17+00:00\",\"breadcrumb\":{\"@id\":\"https:\/\/survivornet.ca\/fr\/agissez\/campagnes-electorales\/campagne-electorale-nouveau-brunswick-2018\/sophie-vaillancourt-parti-vert-reponse\/#breadcrumb\"},\"inLanguage\":\"fr-FR\",\"potentialAction\":[{\"@type\":\"ReadAction\",\"target\":[\"https:\/\/survivornet.ca\/fr\/agissez\/campagnes-electorales\/campagne-electorale-nouveau-brunswick-2018\/sophie-vaillancourt-parti-vert-reponse\/\"]}]},{\"@type\":\"BreadcrumbList\",\"@id\":\"https:\/\/survivornet.ca\/fr\/agissez\/campagnes-electorales\/campagne-electorale-nouveau-brunswick-2018\/sophie-vaillancourt-parti-vert-reponse\/#breadcrumb\",\"itemListElement\":[{\"@type\":\"ListItem\",\"position\":1,\"name\":\"Home\",\"item\":\"https:\/\/survivornet.ca\/fr\/\"},{\"@type\":\"ListItem\",\"position\":2,\"name\":\"Agissez\",\"item\":\"https:\/\/survivornet.ca\/fr\/agissez\/\"},{\"@type\":\"ListItem\",\"position\":3,\"name\":\"Campagnes \u00e9lectorales\",\"item\":\"https:\/\/survivornet.ca\/fr\/agissez\/campagnes-electorales\/\"},{\"@type\":\"ListItem\",\"position\":4,\"name\":\"Campagne \u00e9lectorale Nouveau-Brunswick 2018\",\"item\":\"https:\/\/survivornet.ca\/fr\/agissez\/campagnes-electorales\/campagne-electorale-nouveau-brunswick-2018\/\"},{\"@type\":\"ListItem\",\"position\":5,\"name\":\"Sophie Vaillancourt (Parti Vert) R\u00e9ponse\"}]},{\"@type\":\"WebSite\",\"@id\":\"https:\/\/survivornet.ca\/#website\",\"url\":\"https:\/\/survivornet.ca\/\",\"name\":\"Canadian Cancer Survivor Network\",\"description\":\"The Canadian Cancer Survivor Network was created by a group of Canadians concerned about cancer.\",\"publisher\":{\"@id\":\"https:\/\/survivornet.ca\/#organization\"},\"potentialAction\":[{\"@type\":\"SearchAction\",\"target\":{\"@type\":\"EntryPoint\",\"urlTemplate\":\"https:\/\/survivornet.ca\/?s={search_term_string}\"},\"query-input\":{\"@type\":\"PropertyValueSpecification\",\"valueRequired\":true,\"valueName\":\"search_term_string\"}}],\"inLanguage\":\"fr-FR\"},{\"@type\":\"Organization\",\"@id\":\"https:\/\/survivornet.ca\/#organization\",\"name\":\"Canadian Cancer Survivor Network\",\"url\":\"https:\/\/survivornet.ca\/\",\"logo\":{\"@type\":\"ImageObject\",\"inLanguage\":\"fr-FR\",\"@id\":\"https:\/\/survivornet.ca\/#\/schema\/logo\/image\/\",\"url\":\"http:\/\/survivornet.ca\/wp-content\/uploads\/2016\/12\/CCSN_Logo_EN_SQUARE.png\",\"contentUrl\":\"http:\/\/survivornet.ca\/wp-content\/uploads\/2016\/12\/CCSN_Logo_EN_SQUARE.png\",\"width\":1209,\"height\":1007,\"caption\":\"Canadian Cancer Survivor Network\"},\"image\":{\"@id\":\"https:\/\/survivornet.ca\/#\/schema\/logo\/image\/\"}}]}<\/script>\n<!-- \/ Yoast SEO plugin. -->","yoast_head_json":{"title":"Sophie Vaillancourt (Parti Vert) R\u00e9ponse - Canadian Cancer Survivor Network","robots":{"index":"index","follow":"follow","max-snippet":"max-snippet:-1","max-image-preview":"max-image-preview:large","max-video-preview":"max-video-preview:-1"},"canonical":"https:\/\/survivornet.ca\/fr\/agissez\/campagnes-electorales\/campagne-electorale-nouveau-brunswick-2018\/sophie-vaillancourt-parti-vert-reponse\/","og_locale":"fr_FR","og_type":"article","og_title":"Sophie Vaillancourt (Parti Vert) R\u00e9ponse - Canadian Cancer Survivor Network","og_description":"1-Si vous \u00eates \u00e9lu-e, quelles mesures votre gouvernement prendra-t-il pour accro\u00eetre la disponibilit\u00e9 des m\u00e9decins de famille et des praticien-ne-s de la sant\u00e9 au Nouveau-Brunswick? Si nous sommes \u00e9lus comme gouvernement majoritaire","og_url":"https:\/\/survivornet.ca\/fr\/agissez\/campagnes-electorales\/campagne-electorale-nouveau-brunswick-2018\/sophie-vaillancourt-parti-vert-reponse\/","og_site_name":"Canadian Cancer Survivor Network","twitter_card":"summary_large_image","twitter_misc":{"Dur\u00e9e de lecture estim\u00e9e":"7 minutes"},"schema":{"@context":"https:\/\/schema.org","@graph":[{"@type":"WebPage","@id":"https:\/\/survivornet.ca\/fr\/agissez\/campagnes-electorales\/campagne-electorale-nouveau-brunswick-2018\/sophie-vaillancourt-parti-vert-reponse\/","url":"https:\/\/survivornet.ca\/fr\/agissez\/campagnes-electorales\/campagne-electorale-nouveau-brunswick-2018\/sophie-vaillancourt-parti-vert-reponse\/","name":"Sophie Vaillancourt (Parti Vert) R\u00e9ponse - Canadian Cancer Survivor Network","isPartOf":{"@id":"https:\/\/survivornet.ca\/#website"},"datePublished":"2018-09-06T14:34:17+00:00","breadcrumb":{"@id":"https:\/\/survivornet.ca\/fr\/agissez\/campagnes-electorales\/campagne-electorale-nouveau-brunswick-2018\/sophie-vaillancourt-parti-vert-reponse\/#breadcrumb"},"inLanguage":"fr-FR","potentialAction":[{"@type":"ReadAction","target":["https:\/\/survivornet.ca\/fr\/agissez\/campagnes-electorales\/campagne-electorale-nouveau-brunswick-2018\/sophie-vaillancourt-parti-vert-reponse\/"]}]},{"@type":"BreadcrumbList","@id":"https:\/\/survivornet.ca\/fr\/agissez\/campagnes-electorales\/campagne-electorale-nouveau-brunswick-2018\/sophie-vaillancourt-parti-vert-reponse\/#breadcrumb","itemListElement":[{"@type":"ListItem","position":1,"name":"Home","item":"https:\/\/survivornet.ca\/fr\/"},{"@type":"ListItem","position":2,"name":"Agissez","item":"https:\/\/survivornet.ca\/fr\/agissez\/"},{"@type":"ListItem","position":3,"name":"Campagnes \u00e9lectorales","item":"https:\/\/survivornet.ca\/fr\/agissez\/campagnes-electorales\/"},{"@type":"ListItem","position":4,"name":"Campagne \u00e9lectorale Nouveau-Brunswick 2018","item":"https:\/\/survivornet.ca\/fr\/agissez\/campagnes-electorales\/campagne-electorale-nouveau-brunswick-2018\/"},{"@type":"ListItem","position":5,"name":"Sophie Vaillancourt (Parti Vert) R\u00e9ponse"}]},{"@type":"WebSite","@id":"https:\/\/survivornet.ca\/#website","url":"https:\/\/survivornet.ca\/","name":"Canadian Cancer Survivor Network","description":"The Canadian Cancer Survivor Network was created by a group of Canadians concerned about cancer.","publisher":{"@id":"https:\/\/survivornet.ca\/#organization"},"potentialAction":[{"@type":"SearchAction","target":{"@type":"EntryPoint","urlTemplate":"https:\/\/survivornet.ca\/?s={search_term_string}"},"query-input":{"@type":"PropertyValueSpecification","valueRequired":true,"valueName":"search_term_string"}}],"inLanguage":"fr-FR"},{"@type":"Organization","@id":"https:\/\/survivornet.ca\/#organization","name":"Canadian Cancer Survivor Network","url":"https:\/\/survivornet.ca\/","logo":{"@type":"ImageObject","inLanguage":"fr-FR","@id":"https:\/\/survivornet.ca\/#\/schema\/logo\/image\/","url":"http:\/\/survivornet.ca\/wp-content\/uploads\/2016\/12\/CCSN_Logo_EN_SQUARE.png","contentUrl":"http:\/\/survivornet.ca\/wp-content\/uploads\/2016\/12\/CCSN_Logo_EN_SQUARE.png","width":1209,"height":1007,"caption":"Canadian Cancer Survivor Network"},"image":{"@id":"https:\/\/survivornet.ca\/#\/schema\/logo\/image\/"}}]}},"_links":{"self":[{"href":"https:\/\/survivornet.ca\/fr\/wp-json\/wp\/v2\/pages\/9740","targetHints":{"allow":["GET"]}}],"collection":[{"href":"https:\/\/survivornet.ca\/fr\/wp-json\/wp\/v2\/pages"}],"about":[{"href":"https:\/\/survivornet.ca\/fr\/wp-json\/wp\/v2\/types\/page"}],"author":[{"embeddable":true,"href":"https:\/\/survivornet.ca\/fr\/wp-json\/wp\/v2\/users\/2"}],"replies":[{"embeddable":true,"href":"https:\/\/survivornet.ca\/fr\/wp-json\/wp\/v2\/comments?post=9740"}],"version-history":[{"count":0,"href":"https:\/\/survivornet.ca\/fr\/wp-json\/wp\/v2\/pages\/9740\/revisions"}],"up":[{"embeddable":true,"href":"https:\/\/survivornet.ca\/fr\/wp-json\/wp\/v2\/pages\/9685"}],"wp:attachment":[{"href":"https:\/\/survivornet.ca\/fr\/wp-json\/wp\/v2\/media?parent=9740"}],"curies":[{"name":"wp","href":"https:\/\/api.w.org\/{rel}","templated":true}]}}