{"id":9685,"date":"2018-08-31T15:49:57","date_gmt":"2018-08-31T15:49:57","guid":{"rendered":"https:\/\/survivornet.ca\/?page_id=9685\/"},"modified":"2018-09-20T15:27:35","modified_gmt":"2018-09-20T15:27:35","slug":"campagne-electorale-nouveau-brunswick-2018","status":"publish","type":"page","link":"https:\/\/survivornet.ca\/fr\/agissez\/campagnes-electorales\/campagne-electorale-nouveau-brunswick-2018\/","title":{"rendered":"Campagne \u00e9lectorale Nouveau-Brunswick 2018"},"content":{"rendered":"<p>L\u2019ann\u00e9e 2017 a vu 4700 N\u00e9o-Brunwickois-es recevoir un diagnostic de cancer et 2100 mourir de cette maladie. Il est clair que celle-ci d\u00e9vaste des familles, des proches, la population active et des collectivit\u00e9s tout enti\u00e8res.<\/p>\n<p>Le R\u00e9seau canadien des survivants du cancer (RCSC) travaille \u00e0 relier les patient-e-s, les survivant-e-s et d\u2019autres organisations concern\u00e9es avec les d\u00e9cideurs et la communaut\u00e9 au sens large, afin de les int\u00e9resser \u00e0 des discussions et de mettre en \u0153uvre les meilleures pratiques, fond\u00e9es sur des donn\u00e9es probantes. Notre priorit\u00e9 est d\u2019all\u00e9ger les co\u00fbts m\u00e9dicaux, \u00e9motionnels, financiers et sociaux du cancer et de favoriser la recherche sur des moyens de surmonter les obstacles \u00e0 des soins optimaux de cancer et de suivi pour ses victimes au Canada.<\/p>\n<p>Le gouvernement du Nouveau-Brunswick a un r\u00f4le crucial \u00e0 jouer pour veiller \u00e0 ce que chaque personne chez qui l\u2019on diagnostique un cancer acc\u00e8de en bon temps aux m\u00e9dicaments dont elle a besoin, ne subisse pas de d\u00e9lais dangereusement longs de diagnostic et de traitement, et b\u00e9n\u00e9ficie d\u2019un soutien financier suffisant en cours de diagnostic et de traitement.<\/p>\n<p><a href=\"https:\/\/survivornet.ca\/fr\/agissez\/campagnes-electorales\/campagne-electorale-nouveau-brunswick-2018\/les-questions-du-reseau-aux-parties-et-candidat-e-s\/\">Cliquez-ici pour les questions du R\u00e9seau aux parties et candidat-e-s<\/a><\/p>\n<p><a href=\"https:\/\/survivornet.ca\/fr\/agissez\/campagnes-electorales\/campagne-electorale-nouveau-brunswick-2018\/parti-liberale-reponse-officiale\/\">Parti Lib\u00e9rale R\u00e9ponse Officiale<\/a><br \/>\n<a href=\"https:\/\/survivornet.ca\/fr\/agissez\/campagnes-electorales\/campagne-electorale-nouveau-brunswick-2018\/parti-pc-reponse-officiale\/\">Parti PC R\u00e9ponse Officiale<\/a><br \/>\n<a href=\"https:\/\/survivornet.ca\/fr\/agissez\/campagnes-electorales\/campagne-electorale-nouveau-brunswick-2018\/parti-vert-reponse-officiale\/\">Parti Vert R\u00e9ponse Officiale<\/a><\/p>\n<p><a href=\"https:\/\/survivornet.ca\/fr\/agissez\/campagnes-electorales\/campagne-electorale-nouveau-brunswick-2018\/stewart-fairgrieve-parti-pc-reponse\/\">Stewart Fairgrieve (Parti PC) R\u00e9ponse<\/a><\/p>\n<p><a href=\"https:\/\/survivornet.ca\/act\/ccsn-election-campaigns\/new-brunswick-2018-election-campaign\/amanda-wildeman-green-party-response\/\">Amanda Wildeman (Parti Vert) R\u00e9ponse<\/a><br \/>\n<a href=\"https:\/\/survivornet.ca\/act\/ccsn-election-campaigns\/new-brunswick-2018-election-campaign\/doug-james-green-party-response\/\">Doug James (Parti Vert) R\u00e9ponse<\/a><br \/>\n<a href=\"https:\/\/survivornet.ca\/act\/ccsn-election-campaigns\/new-brunswick-2018-election-campaign\/jenica-atwin-green-party-response\/\">Jenica Atwin (Parti Vert) R\u00e9ponse<\/a><br \/>\n<a href=\"https:\/\/survivornet.ca\/fr\/agissez\/campagnes-electorales\/campagne-electorale-nouveau-brunswick-2018\/lynaya-astephen-parti-vert-reponse\/\">Lynaya Astephen (Parti Vert) R\u00e9ponse<\/a><br \/>\n<a href=\"https:\/\/survivornet.ca\/fr\/agissez\/campagnes-electorales\/campagne-electorale-nouveau-brunswick-2018\/sophie-vaillancourt-parti-vert-reponse\/\">Sophie Vaillancourt (Parti Vert) R\u00e9ponse<\/a><br \/>\n<a href=\"https:\/\/survivornet.ca\/fr\/agissez\/campagnes-electorales\/campagne-electorale-nouveau-brunswick-2018\/stephanie-coburn-parti-vert-reponse\/\">Stephanie Coburn (Parti Vert) R\u00e9ponse<\/a><\/p>\n","protected":false},"excerpt":{"rendered":"<p>L\u2019ann\u00e9e 2017 a vu 4700 N\u00e9o-Brunwickois-es recevoir un diagnostic de cancer et 2100 mourir de cette maladie. Il est clair que celle-ci d\u00e9vaste des familles, des proches, la population active et des<\/p>\n","protected":false},"author":2,"featured_media":0,"parent":5194,"menu_order":0,"comment_status":"closed","ping_status":"closed","template":"","meta":{"_acf_changed":false,"footnotes":""},"class_list":["post-9685","page","type-page","status-publish","hentry"],"acf":[],"yoast_head":"<!-- This site is optimized with the Yoast SEO plugin v27.1.1 - https:\/\/yoast.com\/product\/yoast-seo-wordpress\/ -->\n<title>Campagne \u00e9lectorale Nouveau-Brunswick 2018 - Canadian Cancer Survivor Network<\/title>\n<meta name=\"robots\" content=\"index, follow, max-snippet:-1, max-image-preview:large, max-video-preview:-1\" \/>\n<link rel=\"canonical\" href=\"https:\/\/survivornet.ca\/fr\/agissez\/campagnes-electorales\/campagne-electorale-nouveau-brunswick-2018\/\" \/>\n<meta property=\"og:locale\" content=\"fr_FR\" \/>\n<meta property=\"og:type\" content=\"article\" \/>\n<meta property=\"og:title\" content=\"Campagne \u00e9lectorale Nouveau-Brunswick 2018 - Canadian Cancer Survivor Network\" \/>\n<meta property=\"og:description\" content=\"L\u2019ann\u00e9e 2017 a vu 4700 N\u00e9o-Brunwickois-es recevoir un diagnostic de cancer et 2100 mourir de cette maladie. Il est clair que celle-ci d\u00e9vaste des familles, des proches, la population active et des\" \/>\n<meta property=\"og:url\" content=\"https:\/\/survivornet.ca\/fr\/agissez\/campagnes-electorales\/campagne-electorale-nouveau-brunswick-2018\/\" \/>\n<meta property=\"og:site_name\" content=\"Canadian Cancer Survivor Network\" \/>\n<meta property=\"article:modified_time\" content=\"2018-09-20T15:27:35+00:00\" \/>\n<meta name=\"twitter:card\" content=\"summary_large_image\" \/>\n<meta name=\"twitter:label1\" content=\"Dur\u00e9e de lecture estim\u00e9e\" \/>\n\t<meta name=\"twitter:data1\" content=\"1 minute\" \/>\n<script type=\"application\/ld+json\" class=\"yoast-schema-graph\">{\"@context\":\"https:\/\/schema.org\",\"@graph\":[{\"@type\":\"WebPage\",\"@id\":\"https:\/\/survivornet.ca\/fr\/agissez\/campagnes-electorales\/campagne-electorale-nouveau-brunswick-2018\/\",\"url\":\"https:\/\/survivornet.ca\/fr\/agissez\/campagnes-electorales\/campagne-electorale-nouveau-brunswick-2018\/\",\"name\":\"Campagne \u00e9lectorale Nouveau-Brunswick 2018 - Canadian Cancer Survivor Network\",\"isPartOf\":{\"@id\":\"https:\/\/survivornet.ca\/#website\"},\"datePublished\":\"2018-08-31T15:49:57+00:00\",\"dateModified\":\"2018-09-20T15:27:35+00:00\",\"breadcrumb\":{\"@id\":\"https:\/\/survivornet.ca\/fr\/agissez\/campagnes-electorales\/campagne-electorale-nouveau-brunswick-2018\/#breadcrumb\"},\"inLanguage\":\"fr-FR\",\"potentialAction\":[{\"@type\":\"ReadAction\",\"target\":[\"https:\/\/survivornet.ca\/fr\/agissez\/campagnes-electorales\/campagne-electorale-nouveau-brunswick-2018\/\"]}]},{\"@type\":\"BreadcrumbList\",\"@id\":\"https:\/\/survivornet.ca\/fr\/agissez\/campagnes-electorales\/campagne-electorale-nouveau-brunswick-2018\/#breadcrumb\",\"itemListElement\":[{\"@type\":\"ListItem\",\"position\":1,\"name\":\"Home\",\"item\":\"https:\/\/survivornet.ca\/fr\/\"},{\"@type\":\"ListItem\",\"position\":2,\"name\":\"Agissez\",\"item\":\"https:\/\/survivornet.ca\/fr\/agissez\/\"},{\"@type\":\"ListItem\",\"position\":3,\"name\":\"Campagnes \u00e9lectorales\",\"item\":\"https:\/\/survivornet.ca\/fr\/agissez\/campagnes-electorales\/\"},{\"@type\":\"ListItem\",\"position\":4,\"name\":\"Campagne \u00e9lectorale Nouveau-Brunswick 2018\"}]},{\"@type\":\"WebSite\",\"@id\":\"https:\/\/survivornet.ca\/#website\",\"url\":\"https:\/\/survivornet.ca\/\",\"name\":\"Canadian Cancer Survivor Network\",\"description\":\"The Canadian Cancer Survivor Network was created by a group of Canadians concerned about cancer.\",\"publisher\":{\"@id\":\"https:\/\/survivornet.ca\/#organization\"},\"potentialAction\":[{\"@type\":\"SearchAction\",\"target\":{\"@type\":\"EntryPoint\",\"urlTemplate\":\"https:\/\/survivornet.ca\/?s={search_term_string}\"},\"query-input\":{\"@type\":\"PropertyValueSpecification\",\"valueRequired\":true,\"valueName\":\"search_term_string\"}}],\"inLanguage\":\"fr-FR\"},{\"@type\":\"Organization\",\"@id\":\"https:\/\/survivornet.ca\/#organization\",\"name\":\"Canadian Cancer Survivor Network\",\"url\":\"https:\/\/survivornet.ca\/\",\"logo\":{\"@type\":\"ImageObject\",\"inLanguage\":\"fr-FR\",\"@id\":\"https:\/\/survivornet.ca\/#\/schema\/logo\/image\/\",\"url\":\"http:\/\/survivornet.ca\/wp-content\/uploads\/2016\/12\/CCSN_Logo_EN_SQUARE.png\",\"contentUrl\":\"http:\/\/survivornet.ca\/wp-content\/uploads\/2016\/12\/CCSN_Logo_EN_SQUARE.png\",\"width\":1209,\"height\":1007,\"caption\":\"Canadian Cancer Survivor Network\"},\"image\":{\"@id\":\"https:\/\/survivornet.ca\/#\/schema\/logo\/image\/\"}}]}<\/script>\n<!-- \/ Yoast SEO plugin. -->","yoast_head_json":{"title":"Campagne \u00e9lectorale Nouveau-Brunswick 2018 - Canadian Cancer Survivor Network","robots":{"index":"index","follow":"follow","max-snippet":"max-snippet:-1","max-image-preview":"max-image-preview:large","max-video-preview":"max-video-preview:-1"},"canonical":"https:\/\/survivornet.ca\/fr\/agissez\/campagnes-electorales\/campagne-electorale-nouveau-brunswick-2018\/","og_locale":"fr_FR","og_type":"article","og_title":"Campagne \u00e9lectorale Nouveau-Brunswick 2018 - Canadian Cancer Survivor Network","og_description":"L\u2019ann\u00e9e 2017 a vu 4700 N\u00e9o-Brunwickois-es recevoir un diagnostic de cancer et 2100 mourir de cette maladie. Il est clair que celle-ci d\u00e9vaste des familles, des proches, la population active et des","og_url":"https:\/\/survivornet.ca\/fr\/agissez\/campagnes-electorales\/campagne-electorale-nouveau-brunswick-2018\/","og_site_name":"Canadian Cancer Survivor Network","article_modified_time":"2018-09-20T15:27:35+00:00","twitter_card":"summary_large_image","twitter_misc":{"Dur\u00e9e de lecture estim\u00e9e":"1 minute"},"schema":{"@context":"https:\/\/schema.org","@graph":[{"@type":"WebPage","@id":"https:\/\/survivornet.ca\/fr\/agissez\/campagnes-electorales\/campagne-electorale-nouveau-brunswick-2018\/","url":"https:\/\/survivornet.ca\/fr\/agissez\/campagnes-electorales\/campagne-electorale-nouveau-brunswick-2018\/","name":"Campagne \u00e9lectorale Nouveau-Brunswick 2018 - Canadian Cancer Survivor Network","isPartOf":{"@id":"https:\/\/survivornet.ca\/#website"},"datePublished":"2018-08-31T15:49:57+00:00","dateModified":"2018-09-20T15:27:35+00:00","breadcrumb":{"@id":"https:\/\/survivornet.ca\/fr\/agissez\/campagnes-electorales\/campagne-electorale-nouveau-brunswick-2018\/#breadcrumb"},"inLanguage":"fr-FR","potentialAction":[{"@type":"ReadAction","target":["https:\/\/survivornet.ca\/fr\/agissez\/campagnes-electorales\/campagne-electorale-nouveau-brunswick-2018\/"]}]},{"@type":"BreadcrumbList","@id":"https:\/\/survivornet.ca\/fr\/agissez\/campagnes-electorales\/campagne-electorale-nouveau-brunswick-2018\/#breadcrumb","itemListElement":[{"@type":"ListItem","position":1,"name":"Home","item":"https:\/\/survivornet.ca\/fr\/"},{"@type":"ListItem","position":2,"name":"Agissez","item":"https:\/\/survivornet.ca\/fr\/agissez\/"},{"@type":"ListItem","position":3,"name":"Campagnes \u00e9lectorales","item":"https:\/\/survivornet.ca\/fr\/agissez\/campagnes-electorales\/"},{"@type":"ListItem","position":4,"name":"Campagne \u00e9lectorale Nouveau-Brunswick 2018"}]},{"@type":"WebSite","@id":"https:\/\/survivornet.ca\/#website","url":"https:\/\/survivornet.ca\/","name":"Canadian Cancer Survivor Network","description":"The Canadian Cancer Survivor Network was created by a group of Canadians concerned about cancer.","publisher":{"@id":"https:\/\/survivornet.ca\/#organization"},"potentialAction":[{"@type":"SearchAction","target":{"@type":"EntryPoint","urlTemplate":"https:\/\/survivornet.ca\/?s={search_term_string}"},"query-input":{"@type":"PropertyValueSpecification","valueRequired":true,"valueName":"search_term_string"}}],"inLanguage":"fr-FR"},{"@type":"Organization","@id":"https:\/\/survivornet.ca\/#organization","name":"Canadian Cancer Survivor Network","url":"https:\/\/survivornet.ca\/","logo":{"@type":"ImageObject","inLanguage":"fr-FR","@id":"https:\/\/survivornet.ca\/#\/schema\/logo\/image\/","url":"http:\/\/survivornet.ca\/wp-content\/uploads\/2016\/12\/CCSN_Logo_EN_SQUARE.png","contentUrl":"http:\/\/survivornet.ca\/wp-content\/uploads\/2016\/12\/CCSN_Logo_EN_SQUARE.png","width":1209,"height":1007,"caption":"Canadian Cancer Survivor Network"},"image":{"@id":"https:\/\/survivornet.ca\/#\/schema\/logo\/image\/"}}]}},"_links":{"self":[{"href":"https:\/\/survivornet.ca\/fr\/wp-json\/wp\/v2\/pages\/9685","targetHints":{"allow":["GET"]}}],"collection":[{"href":"https:\/\/survivornet.ca\/fr\/wp-json\/wp\/v2\/pages"}],"about":[{"href":"https:\/\/survivornet.ca\/fr\/wp-json\/wp\/v2\/types\/page"}],"author":[{"embeddable":true,"href":"https:\/\/survivornet.ca\/fr\/wp-json\/wp\/v2\/users\/2"}],"replies":[{"embeddable":true,"href":"https:\/\/survivornet.ca\/fr\/wp-json\/wp\/v2\/comments?post=9685"}],"version-history":[{"count":0,"href":"https:\/\/survivornet.ca\/fr\/wp-json\/wp\/v2\/pages\/9685\/revisions"}],"up":[{"embeddable":true,"href":"https:\/\/survivornet.ca\/fr\/wp-json\/wp\/v2\/pages\/5194"}],"wp:attachment":[{"href":"https:\/\/survivornet.ca\/fr\/wp-json\/wp\/v2\/media?parent=9685"}],"curies":[{"name":"wp","href":"https:\/\/api.w.org\/{rel}","templated":true}]}}