{"id":5648,"date":"2017-06-22T14:43:53","date_gmt":"2017-06-22T14:43:53","guid":{"rendered":"https:\/\/survivornet.ca\/?page_id=5648\/"},"modified":"2017-06-23T15:30:03","modified_gmt":"2017-06-23T15:30:03","slug":"politique-sur-les-prix-des-medicaments-au-canada","status":"publish","type":"page","link":"https:\/\/survivornet.ca\/fr\/agissez\/politique-sur-les-prix-des-medicaments-au-canada\/","title":{"rendered":"Politique sur les prix des m\u00e9dicaments au Canada"},"content":{"rendered":"<p>Les 15 et 16 november 2016, le sommet\u00a0\u00abLes Prix des M\u00e9dicaments au Canada: Mobiliser les patients \u00e0 l\u2019action\u00bb a eu lieu \u00e0 Toronto. L&#8217;\u00e9v\u00e8nement d\u00e9coule des efforts de collaboration du R\u00e9seau Canadien des Survivants du Cancer, de la Fondation Sauve Ta Peau et de la Soci\u00e9t\u00e9 de la schizophr\u00e9nie de l&#8217;Ontario, avec la contribution de plusieurs b\u00e9n\u00e9voles, pan\u00e9listes et autres collaborateurs.<\/p>\n<p>Pour lire le rapport de l&#8217;\u00e9v\u00e8nement, cliquez <a href=\"http:\/\/survivornet.ca\/wp-content\/uploads\/2017\/06\/Politique-sur-les-prix-des-medicaments-au-Canada-1.pdf\" target=\"_blank\" rel=\"noopener noreferrer\">ici<\/a>.<\/p>\n<p><a href=\"https:\/\/survivornet.ca\/?page_id=2946\" target=\"_blank\" rel=\"noopener noreferrer\"><img loading=\"lazy\" decoding=\"async\" class=\"size-large wp-image-5724 alignleft\" src=\"http:\/\/survivornet.ca\/wp-content\/uploads\/2017\/06\/ReserveladateDPPS-1024x573.png\" alt=\"\" width=\"640\" height=\"358\" \/><\/a><\/p>\n<p>&nbsp;<\/p>\n<p>&nbsp;<\/p>\n<p>&nbsp;<\/p>\n<p>&nbsp;<\/p>\n<p>&nbsp;<\/p>\n<p>&nbsp;<\/p>\n<p>&nbsp;<\/p>\n<p><a href=\"https:\/\/survivornet.ca\/?page_id=2946\" target=\"_blank\" rel=\"noopener noreferrer\">Pour voir les PDF&#8217;s de sommet, cliquez ici<\/a>\u00a0(Anglais seulement)<\/p>\n<p><a href=\"https:\/\/www.youtube.com\/watch?v=Rps1R7w59XQ&amp;list=PL4dDQscmFYu9DhvJo8OjsB8DsQr0u_0mF\" target=\"_blank\" rel=\"noopener noreferrer\">Les\u00a0vid\u00e9os de sommet sont sur Youtue!<\/a>\u00a0(Anglais seulement<\/p>\n","protected":false},"excerpt":{"rendered":"<p>Les 15 et 16 november 2016, le sommet\u00a0\u00abLes Prix des M\u00e9dicaments au Canada: Mobiliser les patients \u00e0 l\u2019action\u00bb a eu lieu \u00e0 Toronto. L&#8217;\u00e9v\u00e8nement d\u00e9coule des efforts de collaboration du R\u00e9seau Canadien<\/p>\n","protected":false},"author":2,"featured_media":0,"parent":4480,"menu_order":9,"comment_status":"closed","ping_status":"closed","template":"","meta":{"_acf_changed":false,"footnotes":""},"class_list":["post-5648","page","type-page","status-publish","hentry"],"acf":[],"yoast_head":"<!-- This site is optimized with the Yoast SEO plugin v27.4 - https:\/\/yoast.com\/product\/yoast-seo-wordpress\/ -->\n<title>Politique sur les prix des m\u00e9dicaments au Canada - Canadian Cancer Survivor Network<\/title>\n<meta name=\"robots\" content=\"index, follow, max-snippet:-1, max-image-preview:large, max-video-preview:-1\" \/>\n<link rel=\"canonical\" href=\"https:\/\/survivornet.ca\/fr\/agissez\/politique-sur-les-prix-des-medicaments-au-canada\/\" \/>\n<meta property=\"og:locale\" content=\"fr_FR\" \/>\n<meta property=\"og:type\" content=\"article\" \/>\n<meta property=\"og:title\" content=\"Politique sur les prix des m\u00e9dicaments au Canada - Canadian Cancer Survivor Network\" \/>\n<meta property=\"og:description\" content=\"Les 15 et 16 november 2016, le sommet\u00a0\u00abLes Prix des M\u00e9dicaments au Canada: Mobiliser les patients \u00e0 l\u2019action\u00bb a eu lieu \u00e0 Toronto. L&#8217;\u00e9v\u00e8nement d\u00e9coule des efforts de collaboration du R\u00e9seau Canadien\" \/>\n<meta property=\"og:url\" content=\"https:\/\/survivornet.ca\/fr\/agissez\/politique-sur-les-prix-des-medicaments-au-canada\/\" \/>\n<meta property=\"og:site_name\" content=\"Canadian Cancer Survivor Network\" \/>\n<meta property=\"article:modified_time\" content=\"2017-06-23T15:30:03+00:00\" \/>\n<meta property=\"og:image\" content=\"http:\/\/survivornet.ca\/wp-content\/uploads\/2017\/06\/ReserveladateDPPS-1024x573.png\" \/>\n<meta name=\"twitter:card\" content=\"summary_large_image\" \/>\n<meta name=\"twitter:label1\" content=\"Dur\u00e9e de lecture estim\u00e9e\" \/>\n\t<meta name=\"twitter:data1\" content=\"1 minute\" \/>\n<script type=\"application\/ld+json\" class=\"yoast-schema-graph\">{\"@context\":\"https:\\\/\\\/schema.org\",\"@graph\":[{\"@type\":\"WebPage\",\"@id\":\"https:\\\/\\\/survivornet.ca\\\/fr\\\/agissez\\\/politique-sur-les-prix-des-medicaments-au-canada\\\/\",\"url\":\"https:\\\/\\\/survivornet.ca\\\/fr\\\/agissez\\\/politique-sur-les-prix-des-medicaments-au-canada\\\/\",\"name\":\"Politique sur les prix des m\u00e9dicaments au Canada - Canadian Cancer Survivor Network\",\"isPartOf\":{\"@id\":\"https:\\\/\\\/survivornet.ca\\\/#website\"},\"primaryImageOfPage\":{\"@id\":\"https:\\\/\\\/survivornet.ca\\\/fr\\\/agissez\\\/politique-sur-les-prix-des-medicaments-au-canada\\\/#primaryimage\"},\"image\":{\"@id\":\"https:\\\/\\\/survivornet.ca\\\/fr\\\/agissez\\\/politique-sur-les-prix-des-medicaments-au-canada\\\/#primaryimage\"},\"thumbnailUrl\":\"http:\\\/\\\/survivornet.ca\\\/wp-content\\\/uploads\\\/2017\\\/06\\\/ReserveladateDPPS-1024x573.png\",\"datePublished\":\"2017-06-22T14:43:53+00:00\",\"dateModified\":\"2017-06-23T15:30:03+00:00\",\"breadcrumb\":{\"@id\":\"https:\\\/\\\/survivornet.ca\\\/fr\\\/agissez\\\/politique-sur-les-prix-des-medicaments-au-canada\\\/#breadcrumb\"},\"inLanguage\":\"fr-FR\",\"potentialAction\":[{\"@type\":\"ReadAction\",\"target\":[\"https:\\\/\\\/survivornet.ca\\\/fr\\\/agissez\\\/politique-sur-les-prix-des-medicaments-au-canada\\\/\"]}]},{\"@type\":\"ImageObject\",\"inLanguage\":\"fr-FR\",\"@id\":\"https:\\\/\\\/survivornet.ca\\\/fr\\\/agissez\\\/politique-sur-les-prix-des-medicaments-au-canada\\\/#primaryimage\",\"url\":\"http:\\\/\\\/survivornet.ca\\\/wp-content\\\/uploads\\\/2017\\\/06\\\/ReserveladateDPPS-1024x573.png\",\"contentUrl\":\"http:\\\/\\\/survivornet.ca\\\/wp-content\\\/uploads\\\/2017\\\/06\\\/ReserveladateDPPS-1024x573.png\"},{\"@type\":\"BreadcrumbList\",\"@id\":\"https:\\\/\\\/survivornet.ca\\\/fr\\\/agissez\\\/politique-sur-les-prix-des-medicaments-au-canada\\\/#breadcrumb\",\"itemListElement\":[{\"@type\":\"ListItem\",\"position\":1,\"name\":\"Home\",\"item\":\"https:\\\/\\\/survivornet.ca\\\/fr\\\/\"},{\"@type\":\"ListItem\",\"position\":2,\"name\":\"Agissez\",\"item\":\"https:\\\/\\\/survivornet.ca\\\/fr\\\/agissez\\\/\"},{\"@type\":\"ListItem\",\"position\":3,\"name\":\"Politique sur les prix des m\u00e9dicaments au Canada\"}]},{\"@type\":\"WebSite\",\"@id\":\"https:\\\/\\\/survivornet.ca\\\/#website\",\"url\":\"https:\\\/\\\/survivornet.ca\\\/\",\"name\":\"Canadian Cancer Survivor Network\",\"description\":\"The Canadian Cancer Survivor Network was created by a group of Canadians concerned about cancer.\",\"publisher\":{\"@id\":\"https:\\\/\\\/survivornet.ca\\\/#organization\"},\"potentialAction\":[{\"@type\":\"SearchAction\",\"target\":{\"@type\":\"EntryPoint\",\"urlTemplate\":\"https:\\\/\\\/survivornet.ca\\\/?s={search_term_string}\"},\"query-input\":{\"@type\":\"PropertyValueSpecification\",\"valueRequired\":true,\"valueName\":\"search_term_string\"}}],\"inLanguage\":\"fr-FR\"},{\"@type\":\"Organization\",\"@id\":\"https:\\\/\\\/survivornet.ca\\\/#organization\",\"name\":\"Canadian Cancer Survivor Network\",\"url\":\"https:\\\/\\\/survivornet.ca\\\/\",\"logo\":{\"@type\":\"ImageObject\",\"inLanguage\":\"fr-FR\",\"@id\":\"https:\\\/\\\/survivornet.ca\\\/#\\\/schema\\\/logo\\\/image\\\/\",\"url\":\"http:\\\/\\\/survivornet.ca\\\/wp-content\\\/uploads\\\/2016\\\/12\\\/CCSN_Logo_EN_SQUARE.png\",\"contentUrl\":\"http:\\\/\\\/survivornet.ca\\\/wp-content\\\/uploads\\\/2016\\\/12\\\/CCSN_Logo_EN_SQUARE.png\",\"width\":1209,\"height\":1007,\"caption\":\"Canadian Cancer Survivor Network\"},\"image\":{\"@id\":\"https:\\\/\\\/survivornet.ca\\\/#\\\/schema\\\/logo\\\/image\\\/\"}}]}<\/script>\n<!-- \/ Yoast SEO plugin. -->","yoast_head_json":{"title":"Politique sur les prix des m\u00e9dicaments au Canada - Canadian Cancer Survivor Network","robots":{"index":"index","follow":"follow","max-snippet":"max-snippet:-1","max-image-preview":"max-image-preview:large","max-video-preview":"max-video-preview:-1"},"canonical":"https:\/\/survivornet.ca\/fr\/agissez\/politique-sur-les-prix-des-medicaments-au-canada\/","og_locale":"fr_FR","og_type":"article","og_title":"Politique sur les prix des m\u00e9dicaments au Canada - Canadian Cancer Survivor Network","og_description":"Les 15 et 16 november 2016, le sommet\u00a0\u00abLes Prix des M\u00e9dicaments au Canada: Mobiliser les patients \u00e0 l\u2019action\u00bb a eu lieu \u00e0 Toronto. L&#8217;\u00e9v\u00e8nement d\u00e9coule des efforts de collaboration du R\u00e9seau Canadien","og_url":"https:\/\/survivornet.ca\/fr\/agissez\/politique-sur-les-prix-des-medicaments-au-canada\/","og_site_name":"Canadian Cancer Survivor Network","article_modified_time":"2017-06-23T15:30:03+00:00","og_image":[{"url":"http:\/\/survivornet.ca\/wp-content\/uploads\/2017\/06\/ReserveladateDPPS-1024x573.png","type":"","width":"","height":""}],"twitter_card":"summary_large_image","twitter_misc":{"Dur\u00e9e de lecture estim\u00e9e":"1 minute"},"schema":{"@context":"https:\/\/schema.org","@graph":[{"@type":"WebPage","@id":"https:\/\/survivornet.ca\/fr\/agissez\/politique-sur-les-prix-des-medicaments-au-canada\/","url":"https:\/\/survivornet.ca\/fr\/agissez\/politique-sur-les-prix-des-medicaments-au-canada\/","name":"Politique sur les prix des m\u00e9dicaments au Canada - Canadian Cancer Survivor Network","isPartOf":{"@id":"https:\/\/survivornet.ca\/#website"},"primaryImageOfPage":{"@id":"https:\/\/survivornet.ca\/fr\/agissez\/politique-sur-les-prix-des-medicaments-au-canada\/#primaryimage"},"image":{"@id":"https:\/\/survivornet.ca\/fr\/agissez\/politique-sur-les-prix-des-medicaments-au-canada\/#primaryimage"},"thumbnailUrl":"http:\/\/survivornet.ca\/wp-content\/uploads\/2017\/06\/ReserveladateDPPS-1024x573.png","datePublished":"2017-06-22T14:43:53+00:00","dateModified":"2017-06-23T15:30:03+00:00","breadcrumb":{"@id":"https:\/\/survivornet.ca\/fr\/agissez\/politique-sur-les-prix-des-medicaments-au-canada\/#breadcrumb"},"inLanguage":"fr-FR","potentialAction":[{"@type":"ReadAction","target":["https:\/\/survivornet.ca\/fr\/agissez\/politique-sur-les-prix-des-medicaments-au-canada\/"]}]},{"@type":"ImageObject","inLanguage":"fr-FR","@id":"https:\/\/survivornet.ca\/fr\/agissez\/politique-sur-les-prix-des-medicaments-au-canada\/#primaryimage","url":"http:\/\/survivornet.ca\/wp-content\/uploads\/2017\/06\/ReserveladateDPPS-1024x573.png","contentUrl":"http:\/\/survivornet.ca\/wp-content\/uploads\/2017\/06\/ReserveladateDPPS-1024x573.png"},{"@type":"BreadcrumbList","@id":"https:\/\/survivornet.ca\/fr\/agissez\/politique-sur-les-prix-des-medicaments-au-canada\/#breadcrumb","itemListElement":[{"@type":"ListItem","position":1,"name":"Home","item":"https:\/\/survivornet.ca\/fr\/"},{"@type":"ListItem","position":2,"name":"Agissez","item":"https:\/\/survivornet.ca\/fr\/agissez\/"},{"@type":"ListItem","position":3,"name":"Politique sur les prix des m\u00e9dicaments au Canada"}]},{"@type":"WebSite","@id":"https:\/\/survivornet.ca\/#website","url":"https:\/\/survivornet.ca\/","name":"Canadian Cancer Survivor Network","description":"The Canadian Cancer Survivor Network was created by a group of Canadians concerned about cancer.","publisher":{"@id":"https:\/\/survivornet.ca\/#organization"},"potentialAction":[{"@type":"SearchAction","target":{"@type":"EntryPoint","urlTemplate":"https:\/\/survivornet.ca\/?s={search_term_string}"},"query-input":{"@type":"PropertyValueSpecification","valueRequired":true,"valueName":"search_term_string"}}],"inLanguage":"fr-FR"},{"@type":"Organization","@id":"https:\/\/survivornet.ca\/#organization","name":"Canadian Cancer Survivor Network","url":"https:\/\/survivornet.ca\/","logo":{"@type":"ImageObject","inLanguage":"fr-FR","@id":"https:\/\/survivornet.ca\/#\/schema\/logo\/image\/","url":"http:\/\/survivornet.ca\/wp-content\/uploads\/2016\/12\/CCSN_Logo_EN_SQUARE.png","contentUrl":"http:\/\/survivornet.ca\/wp-content\/uploads\/2016\/12\/CCSN_Logo_EN_SQUARE.png","width":1209,"height":1007,"caption":"Canadian Cancer Survivor Network"},"image":{"@id":"https:\/\/survivornet.ca\/#\/schema\/logo\/image\/"}}]}},"_links":{"self":[{"href":"https:\/\/survivornet.ca\/fr\/wp-json\/wp\/v2\/pages\/5648","targetHints":{"allow":["GET"]}}],"collection":[{"href":"https:\/\/survivornet.ca\/fr\/wp-json\/wp\/v2\/pages"}],"about":[{"href":"https:\/\/survivornet.ca\/fr\/wp-json\/wp\/v2\/types\/page"}],"author":[{"embeddable":true,"href":"https:\/\/survivornet.ca\/fr\/wp-json\/wp\/v2\/users\/2"}],"replies":[{"embeddable":true,"href":"https:\/\/survivornet.ca\/fr\/wp-json\/wp\/v2\/comments?post=5648"}],"version-history":[{"count":0,"href":"https:\/\/survivornet.ca\/fr\/wp-json\/wp\/v2\/pages\/5648\/revisions"}],"up":[{"embeddable":true,"href":"https:\/\/survivornet.ca\/fr\/wp-json\/wp\/v2\/pages\/4480"}],"wp:attachment":[{"href":"https:\/\/survivornet.ca\/fr\/wp-json\/wp\/v2\/media?parent=5648"}],"curies":[{"name":"wp","href":"https:\/\/api.w.org\/{rel}","templated":true}]}}