{"id":5532,"date":"2017-06-19T13:25:47","date_gmt":"2017-06-19T13:25:47","guid":{"rendered":"https:\/\/survivornet.ca\/?page_id=5532\/"},"modified":"2017-06-19T13:26:16","modified_gmt":"2017-06-19T13:26:16","slug":"medicaments-et-ordonnances-en-oncologie","status":"publish","type":"page","link":"https:\/\/survivornet.ca\/fr\/agissez\/information-financiere-et-ressources\/medicaments-et-ordonnances-en-oncologie\/","title":{"rendered":"M\u00e9dicaments et ordonnances en oncologie"},"content":{"rendered":"<header class=\"entry-header\">\n<p class=\"entry-title\"><strong>M\u00e9dicaments et ordonnances en oncologie<\/strong><\/p>\n<\/header>\n<div class=\"entry-content\">\n<p>Les m\u00e9dicaments pour le cancer ont pour but d\u2019\u00e9liminer les cellules canc\u00e9reuses, d\u2019arr\u00eater leur propagation et de ralentir leur croissance de diff\u00e9rentes mani\u00e8res; la m\u00e9dication peut aussi \u00eatre utilis\u00e9e pour diminuer ou apaiser les effets secondaires du cancer ou des traitements. Au Canada, les m\u00e9dicaments sont souvent pay\u00e9s par les r\u00e9gimes de soins de sant\u00e9 provinciaux publics et par les r\u00e9gimes d\u2019assurance emplois\/priv\u00e9s et\/ou personnels [3]. Pourtant, les victimes du cancer, les aidants et leur famille peuvent se retrouver \u00e0 payer des montants exorbitants pour des m\u00e9dicaments.<\/p>\n<p><strong>Coup d\u2019\u0153il sur les couvertures m\u00e9dicales parmi les provinces<\/strong><\/p>\n<p>Afin de souligner les incoh\u00e9rences des protections m\u00e9dicales pour le cancer au pays, CanCertainty a publi\u00e9 un livre blanc de la Cameron Institute, un groupe de r\u00e9flexion public qui met de l\u2019avant la mosa\u00efque qu\u2019est la couverture provinciale pour le cancer [4]\u00a0:<\/p>\n<ul class=\"content-list\">\n<li>Les m\u00e9dicaments oncologiques des Canadiens vivant en Colombie-Britannique, en Alberta, en Saskatchewan et au Manitoba sont pay\u00e9s par le gouvernement provincial, peu importe leur \u00e2ge, leur revenu, ou si la m\u00e9dication est administr\u00e9e oralement ou par intraveineuse.<\/li>\n<li>\u00c0 travers les diff\u00e9rentes m\u00e9thodes de financement, les m\u00e9dicaments administr\u00e9s oralement ou par intraveineuse des Qu\u00e9b\u00e9cois sont rembours\u00e9s sans consid\u00e9rer l\u2019\u00e2ge ou le niveau de revenu.<\/li>\n<li>La m\u00e9dication orale, prise \u00e0 la maison, est couverte par les gouvernements territoriaux mais parfois il y a des d\u00e9ductibles de moins de 500$.<\/li>\n<li>\u00c0 partir du 19 avril 2012, le Manitoba est la province la plus r\u00e9cente \u00e0 financer universellement la m\u00e9dication oncologique orale par l\u2019entremise du nouveau programme de m\u00e9dication administr\u00e9 hors du milieu hospitalier au Manitoba.<\/li>\n<li>L\u2019Ontario et les quatre provinces de l\u2019Atlantique (m\u00eame le Nouveau-Brunswick, en d\u00e9pit des r\u00e9centes politiques d\u2019initiatives de remboursement de la m\u00e9dication) ont \u00abl\u2019universalit\u00e9 limit\u00e9e\u00bb de la couverture m\u00e9dicinale; les m\u00e9dicaments oraux ne sont pas rembours\u00e9s comme les m\u00e9dicaments d\u2019oncologie par intraveineuse, qui sont compl\u00e8tement couverts, car ils sont administr\u00e9s \u00e0 l\u2019h\u00f4pital.<\/li>\n<\/ul>\n<\/div>\n","protected":false},"excerpt":{"rendered":"<p>M\u00e9dicaments et ordonnances en oncologie Les m\u00e9dicaments pour le cancer ont pour but d\u2019\u00e9liminer les cellules canc\u00e9reuses, d\u2019arr\u00eater leur propagation et de ralentir leur croissance de diff\u00e9rentes mani\u00e8res; la m\u00e9dication peut aussi<\/p>\n","protected":false},"author":2,"featured_media":0,"parent":5528,"menu_order":0,"comment_status":"closed","ping_status":"closed","template":"","meta":{"_acf_changed":false,"footnotes":""},"class_list":["post-5532","page","type-page","status-publish","hentry"],"acf":[],"yoast_head":"<!-- This site is optimized with the Yoast SEO plugin v27.4 - https:\/\/yoast.com\/product\/yoast-seo-wordpress\/ -->\n<title>M\u00e9dicaments et ordonnances en oncologie - Canadian Cancer Survivor Network<\/title>\n<meta name=\"robots\" content=\"index, follow, max-snippet:-1, max-image-preview:large, max-video-preview:-1\" \/>\n<link rel=\"canonical\" href=\"https:\/\/survivornet.ca\/fr\/agissez\/information-financiere-et-ressources\/medicaments-et-ordonnances-en-oncologie\/\" \/>\n<meta property=\"og:locale\" content=\"fr_FR\" \/>\n<meta property=\"og:type\" content=\"article\" \/>\n<meta property=\"og:title\" content=\"M\u00e9dicaments et ordonnances en oncologie - Canadian Cancer Survivor Network\" \/>\n<meta property=\"og:description\" content=\"M\u00e9dicaments et ordonnances en oncologie Les m\u00e9dicaments pour le cancer ont pour but d\u2019\u00e9liminer les cellules canc\u00e9reuses, d\u2019arr\u00eater leur propagation et de ralentir leur croissance de diff\u00e9rentes mani\u00e8res; la m\u00e9dication peut aussi\" \/>\n<meta property=\"og:url\" content=\"https:\/\/survivornet.ca\/fr\/agissez\/information-financiere-et-ressources\/medicaments-et-ordonnances-en-oncologie\/\" \/>\n<meta property=\"og:site_name\" content=\"Canadian Cancer Survivor Network\" \/>\n<meta property=\"article:modified_time\" content=\"2017-06-19T13:26:16+00:00\" \/>\n<meta name=\"twitter:card\" content=\"summary_large_image\" \/>\n<meta name=\"twitter:label1\" content=\"Dur\u00e9e de lecture estim\u00e9e\" \/>\n\t<meta name=\"twitter:data1\" content=\"2 minutes\" \/>\n<script type=\"application\/ld+json\" class=\"yoast-schema-graph\">{\"@context\":\"https:\\\/\\\/schema.org\",\"@graph\":[{\"@type\":\"WebPage\",\"@id\":\"https:\\\/\\\/survivornet.ca\\\/fr\\\/agissez\\\/information-financiere-et-ressources\\\/medicaments-et-ordonnances-en-oncologie\\\/\",\"url\":\"https:\\\/\\\/survivornet.ca\\\/fr\\\/agissez\\\/information-financiere-et-ressources\\\/medicaments-et-ordonnances-en-oncologie\\\/\",\"name\":\"M\u00e9dicaments et ordonnances en oncologie - Canadian Cancer Survivor Network\",\"isPartOf\":{\"@id\":\"https:\\\/\\\/survivornet.ca\\\/#website\"},\"datePublished\":\"2017-06-19T13:25:47+00:00\",\"dateModified\":\"2017-06-19T13:26:16+00:00\",\"breadcrumb\":{\"@id\":\"https:\\\/\\\/survivornet.ca\\\/fr\\\/agissez\\\/information-financiere-et-ressources\\\/medicaments-et-ordonnances-en-oncologie\\\/#breadcrumb\"},\"inLanguage\":\"fr-FR\",\"potentialAction\":[{\"@type\":\"ReadAction\",\"target\":[\"https:\\\/\\\/survivornet.ca\\\/fr\\\/agissez\\\/information-financiere-et-ressources\\\/medicaments-et-ordonnances-en-oncologie\\\/\"]}]},{\"@type\":\"BreadcrumbList\",\"@id\":\"https:\\\/\\\/survivornet.ca\\\/fr\\\/agissez\\\/information-financiere-et-ressources\\\/medicaments-et-ordonnances-en-oncologie\\\/#breadcrumb\",\"itemListElement\":[{\"@type\":\"ListItem\",\"position\":1,\"name\":\"Home\",\"item\":\"https:\\\/\\\/survivornet.ca\\\/fr\\\/\"},{\"@type\":\"ListItem\",\"position\":2,\"name\":\"Agissez\",\"item\":\"https:\\\/\\\/survivornet.ca\\\/fr\\\/agissez\\\/\"},{\"@type\":\"ListItem\",\"position\":3,\"name\":\"Information financi\u00e8re et ressources\",\"item\":\"https:\\\/\\\/survivornet.ca\\\/fr\\\/agissez\\\/information-financiere-et-ressources\\\/\"},{\"@type\":\"ListItem\",\"position\":4,\"name\":\"M\u00e9dicaments et ordonnances en oncologie\"}]},{\"@type\":\"WebSite\",\"@id\":\"https:\\\/\\\/survivornet.ca\\\/#website\",\"url\":\"https:\\\/\\\/survivornet.ca\\\/\",\"name\":\"Canadian Cancer Survivor Network\",\"description\":\"The Canadian Cancer Survivor Network was created by a group of Canadians concerned about cancer.\",\"publisher\":{\"@id\":\"https:\\\/\\\/survivornet.ca\\\/#organization\"},\"potentialAction\":[{\"@type\":\"SearchAction\",\"target\":{\"@type\":\"EntryPoint\",\"urlTemplate\":\"https:\\\/\\\/survivornet.ca\\\/?s={search_term_string}\"},\"query-input\":{\"@type\":\"PropertyValueSpecification\",\"valueRequired\":true,\"valueName\":\"search_term_string\"}}],\"inLanguage\":\"fr-FR\"},{\"@type\":\"Organization\",\"@id\":\"https:\\\/\\\/survivornet.ca\\\/#organization\",\"name\":\"Canadian Cancer Survivor Network\",\"url\":\"https:\\\/\\\/survivornet.ca\\\/\",\"logo\":{\"@type\":\"ImageObject\",\"inLanguage\":\"fr-FR\",\"@id\":\"https:\\\/\\\/survivornet.ca\\\/#\\\/schema\\\/logo\\\/image\\\/\",\"url\":\"http:\\\/\\\/survivornet.ca\\\/wp-content\\\/uploads\\\/2016\\\/12\\\/CCSN_Logo_EN_SQUARE.png\",\"contentUrl\":\"http:\\\/\\\/survivornet.ca\\\/wp-content\\\/uploads\\\/2016\\\/12\\\/CCSN_Logo_EN_SQUARE.png\",\"width\":1209,\"height\":1007,\"caption\":\"Canadian Cancer Survivor Network\"},\"image\":{\"@id\":\"https:\\\/\\\/survivornet.ca\\\/#\\\/schema\\\/logo\\\/image\\\/\"}}]}<\/script>\n<!-- \/ Yoast SEO plugin. -->","yoast_head_json":{"title":"M\u00e9dicaments et ordonnances en oncologie - Canadian Cancer Survivor Network","robots":{"index":"index","follow":"follow","max-snippet":"max-snippet:-1","max-image-preview":"max-image-preview:large","max-video-preview":"max-video-preview:-1"},"canonical":"https:\/\/survivornet.ca\/fr\/agissez\/information-financiere-et-ressources\/medicaments-et-ordonnances-en-oncologie\/","og_locale":"fr_FR","og_type":"article","og_title":"M\u00e9dicaments et ordonnances en oncologie - Canadian Cancer Survivor Network","og_description":"M\u00e9dicaments et ordonnances en oncologie Les m\u00e9dicaments pour le cancer ont pour but d\u2019\u00e9liminer les cellules canc\u00e9reuses, d\u2019arr\u00eater leur propagation et de ralentir leur croissance de diff\u00e9rentes mani\u00e8res; la m\u00e9dication peut aussi","og_url":"https:\/\/survivornet.ca\/fr\/agissez\/information-financiere-et-ressources\/medicaments-et-ordonnances-en-oncologie\/","og_site_name":"Canadian Cancer Survivor Network","article_modified_time":"2017-06-19T13:26:16+00:00","twitter_card":"summary_large_image","twitter_misc":{"Dur\u00e9e de lecture estim\u00e9e":"2 minutes"},"schema":{"@context":"https:\/\/schema.org","@graph":[{"@type":"WebPage","@id":"https:\/\/survivornet.ca\/fr\/agissez\/information-financiere-et-ressources\/medicaments-et-ordonnances-en-oncologie\/","url":"https:\/\/survivornet.ca\/fr\/agissez\/information-financiere-et-ressources\/medicaments-et-ordonnances-en-oncologie\/","name":"M\u00e9dicaments et ordonnances en oncologie - Canadian Cancer Survivor Network","isPartOf":{"@id":"https:\/\/survivornet.ca\/#website"},"datePublished":"2017-06-19T13:25:47+00:00","dateModified":"2017-06-19T13:26:16+00:00","breadcrumb":{"@id":"https:\/\/survivornet.ca\/fr\/agissez\/information-financiere-et-ressources\/medicaments-et-ordonnances-en-oncologie\/#breadcrumb"},"inLanguage":"fr-FR","potentialAction":[{"@type":"ReadAction","target":["https:\/\/survivornet.ca\/fr\/agissez\/information-financiere-et-ressources\/medicaments-et-ordonnances-en-oncologie\/"]}]},{"@type":"BreadcrumbList","@id":"https:\/\/survivornet.ca\/fr\/agissez\/information-financiere-et-ressources\/medicaments-et-ordonnances-en-oncologie\/#breadcrumb","itemListElement":[{"@type":"ListItem","position":1,"name":"Home","item":"https:\/\/survivornet.ca\/fr\/"},{"@type":"ListItem","position":2,"name":"Agissez","item":"https:\/\/survivornet.ca\/fr\/agissez\/"},{"@type":"ListItem","position":3,"name":"Information financi\u00e8re et ressources","item":"https:\/\/survivornet.ca\/fr\/agissez\/information-financiere-et-ressources\/"},{"@type":"ListItem","position":4,"name":"M\u00e9dicaments et ordonnances en oncologie"}]},{"@type":"WebSite","@id":"https:\/\/survivornet.ca\/#website","url":"https:\/\/survivornet.ca\/","name":"Canadian Cancer Survivor Network","description":"The Canadian Cancer Survivor Network was created by a group of Canadians concerned about cancer.","publisher":{"@id":"https:\/\/survivornet.ca\/#organization"},"potentialAction":[{"@type":"SearchAction","target":{"@type":"EntryPoint","urlTemplate":"https:\/\/survivornet.ca\/?s={search_term_string}"},"query-input":{"@type":"PropertyValueSpecification","valueRequired":true,"valueName":"search_term_string"}}],"inLanguage":"fr-FR"},{"@type":"Organization","@id":"https:\/\/survivornet.ca\/#organization","name":"Canadian Cancer Survivor Network","url":"https:\/\/survivornet.ca\/","logo":{"@type":"ImageObject","inLanguage":"fr-FR","@id":"https:\/\/survivornet.ca\/#\/schema\/logo\/image\/","url":"http:\/\/survivornet.ca\/wp-content\/uploads\/2016\/12\/CCSN_Logo_EN_SQUARE.png","contentUrl":"http:\/\/survivornet.ca\/wp-content\/uploads\/2016\/12\/CCSN_Logo_EN_SQUARE.png","width":1209,"height":1007,"caption":"Canadian Cancer Survivor Network"},"image":{"@id":"https:\/\/survivornet.ca\/#\/schema\/logo\/image\/"}}]}},"_links":{"self":[{"href":"https:\/\/survivornet.ca\/fr\/wp-json\/wp\/v2\/pages\/5532","targetHints":{"allow":["GET"]}}],"collection":[{"href":"https:\/\/survivornet.ca\/fr\/wp-json\/wp\/v2\/pages"}],"about":[{"href":"https:\/\/survivornet.ca\/fr\/wp-json\/wp\/v2\/types\/page"}],"author":[{"embeddable":true,"href":"https:\/\/survivornet.ca\/fr\/wp-json\/wp\/v2\/users\/2"}],"replies":[{"embeddable":true,"href":"https:\/\/survivornet.ca\/fr\/wp-json\/wp\/v2\/comments?post=5532"}],"version-history":[{"count":0,"href":"https:\/\/survivornet.ca\/fr\/wp-json\/wp\/v2\/pages\/5532\/revisions"}],"up":[{"embeddable":true,"href":"https:\/\/survivornet.ca\/fr\/wp-json\/wp\/v2\/pages\/5528"}],"wp:attachment":[{"href":"https:\/\/survivornet.ca\/fr\/wp-json\/wp\/v2\/media?parent=5532"}],"curies":[{"name":"wp","href":"https:\/\/api.w.org\/{rel}","templated":true}]}}