{"id":5528,"date":"2017-06-19T13:20:45","date_gmt":"2017-06-19T13:20:45","guid":{"rendered":"https:\/\/survivornet.ca\/?page_id=5528\/"},"modified":"2017-06-22T14:32:10","modified_gmt":"2017-06-22T14:32:10","slug":"information-financiere-et-ressources","status":"publish","type":"page","link":"https:\/\/survivornet.ca\/fr\/agissez\/information-financiere-et-ressources\/","title":{"rendered":"Information financi\u00e8re et ressources"},"content":{"rendered":"<p>Tous les\u00a0cancers peuvent \u00eatre chers \u00e0 traiter et \u00e0 g\u00e9rer. Dans une analyse documentaire faite par la Soci\u00e9t\u00e9 canadienne du cancer en 2010, on a d\u00e9couvert que la plupart des co\u00fbts support\u00e9s par les patients et leur famille sont attribu\u00e9s aux d\u00e9placements, aux frais et d\u00e9penses non remboursables,\u00a0 aux m\u00e9dicaments d\u2019oncologie et aux m\u00e9dicaments d\u2019ordonnance.<\/p>\n<p>La Loi canadienne sur la sant\u00e9 affirme que tous les Canadiens \u00ab ont acc\u00e8s aux services de sant\u00e9\u00a0<strong>assur\u00e9s<\/strong>, en incluant tous les services m\u00e9dicaux d\u2019h\u00f4pitaux n\u00e9cessaires, aux produits pharmaceutiques pour les patients\u00a0<strong>hospitalis\u00e9s\u00a0<\/strong>(m\u00e9dicaments utilis\u00e9s lors de l\u2019hospitalisation), et aux services de m\u00e9decins [1]. \u00bb Ceci veut dire que les m\u00e9dicaments utilis\u00e9s \u00e0 l\u2019ext\u00e9rieur de l\u2019h\u00f4pital ne sont pas couverts, y compris les m\u00e9dicaments pris oralement par le patient, \u00e0 la maison.<\/p>\n<p>Le pr\u00e9sent document sert \u00e0 fournir de l\u2019information aux victimes du cancer de la prostate et leur famille, \u00e0 propos des programmes et des services disponibles pour les aider \u00e0 financer les traitements du cancer et les co\u00fbts inh\u00e9rents.<\/p>\n<ul class=\"subpage_links\">\n<li><a href=\"https:\/\/survivornet.ca\/fr\/agissez\/information-financiere-et-ressources\/medicaments-et-ordonnances-en-oncologie\/\">M\u00e9dicaments et ordonnances en oncologie<\/a><\/li>\n<li><a href=\"https:\/\/survivornet.ca\/fr\/agissez\/information-financiere-et-ressources\/assurance-de-sante-privee\/\">Assurance de sant\u00e9 priv\u00e9e<\/a><\/li>\n<li><a href=\"https:\/\/survivornet.ca\/fr\/agissez\/information-financiere-et-ressources\/dependes-medicales-et-couts-assumes-par-le-patient\/\">D\u00e9pendes m\u00e9dicales et co\u00fbts assum\u00e9s par le patient<\/a><\/li>\n<\/ul>\n","protected":false},"excerpt":{"rendered":"<p>Tous les\u00a0cancers peuvent \u00eatre chers \u00e0 traiter et \u00e0 g\u00e9rer. Dans une analyse documentaire faite par la Soci\u00e9t\u00e9 canadienne du cancer en 2010, on a d\u00e9couvert que la plupart des co\u00fbts support\u00e9s<\/p>\n","protected":false},"author":2,"featured_media":0,"parent":4480,"menu_order":7,"comment_status":"closed","ping_status":"closed","template":"","meta":{"_acf_changed":false,"footnotes":""},"class_list":["post-5528","page","type-page","status-publish","hentry"],"acf":[],"yoast_head":"<!-- This site is optimized with the Yoast SEO plugin v27.4 - https:\/\/yoast.com\/product\/yoast-seo-wordpress\/ -->\n<title>Information financi\u00e8re et ressources - Canadian Cancer Survivor Network<\/title>\n<meta name=\"robots\" content=\"index, follow, max-snippet:-1, max-image-preview:large, max-video-preview:-1\" \/>\n<link rel=\"canonical\" href=\"https:\/\/survivornet.ca\/fr\/agissez\/information-financiere-et-ressources\/\" \/>\n<meta property=\"og:locale\" content=\"fr_FR\" \/>\n<meta property=\"og:type\" content=\"article\" \/>\n<meta property=\"og:title\" content=\"Information financi\u00e8re et ressources - Canadian Cancer Survivor Network\" \/>\n<meta property=\"og:description\" content=\"Tous les\u00a0cancers peuvent \u00eatre chers \u00e0 traiter et \u00e0 g\u00e9rer. Dans une analyse documentaire faite par la Soci\u00e9t\u00e9 canadienne du cancer en 2010, on a d\u00e9couvert que la plupart des co\u00fbts support\u00e9s\" \/>\n<meta property=\"og:url\" content=\"https:\/\/survivornet.ca\/fr\/agissez\/information-financiere-et-ressources\/\" \/>\n<meta property=\"og:site_name\" content=\"Canadian Cancer Survivor Network\" \/>\n<meta property=\"article:modified_time\" content=\"2017-06-22T14:32:10+00:00\" \/>\n<meta name=\"twitter:card\" content=\"summary_large_image\" \/>\n<meta name=\"twitter:label1\" content=\"Dur\u00e9e de lecture estim\u00e9e\" \/>\n\t<meta name=\"twitter:data1\" content=\"1 minute\" \/>\n<script type=\"application\/ld+json\" class=\"yoast-schema-graph\">{\"@context\":\"https:\\\/\\\/schema.org\",\"@graph\":[{\"@type\":\"WebPage\",\"@id\":\"https:\\\/\\\/survivornet.ca\\\/fr\\\/agissez\\\/information-financiere-et-ressources\\\/\",\"url\":\"https:\\\/\\\/survivornet.ca\\\/fr\\\/agissez\\\/information-financiere-et-ressources\\\/\",\"name\":\"Information financi\u00e8re et ressources - Canadian Cancer Survivor Network\",\"isPartOf\":{\"@id\":\"https:\\\/\\\/survivornet.ca\\\/#website\"},\"datePublished\":\"2017-06-19T13:20:45+00:00\",\"dateModified\":\"2017-06-22T14:32:10+00:00\",\"breadcrumb\":{\"@id\":\"https:\\\/\\\/survivornet.ca\\\/fr\\\/agissez\\\/information-financiere-et-ressources\\\/#breadcrumb\"},\"inLanguage\":\"fr-FR\",\"potentialAction\":[{\"@type\":\"ReadAction\",\"target\":[\"https:\\\/\\\/survivornet.ca\\\/fr\\\/agissez\\\/information-financiere-et-ressources\\\/\"]}]},{\"@type\":\"BreadcrumbList\",\"@id\":\"https:\\\/\\\/survivornet.ca\\\/fr\\\/agissez\\\/information-financiere-et-ressources\\\/#breadcrumb\",\"itemListElement\":[{\"@type\":\"ListItem\",\"position\":1,\"name\":\"Home\",\"item\":\"https:\\\/\\\/survivornet.ca\\\/fr\\\/\"},{\"@type\":\"ListItem\",\"position\":2,\"name\":\"Agissez\",\"item\":\"https:\\\/\\\/survivornet.ca\\\/fr\\\/agissez\\\/\"},{\"@type\":\"ListItem\",\"position\":3,\"name\":\"Information financi\u00e8re et ressources\"}]},{\"@type\":\"WebSite\",\"@id\":\"https:\\\/\\\/survivornet.ca\\\/#website\",\"url\":\"https:\\\/\\\/survivornet.ca\\\/\",\"name\":\"Canadian Cancer Survivor Network\",\"description\":\"The Canadian Cancer Survivor Network was created by a group of Canadians concerned about cancer.\",\"publisher\":{\"@id\":\"https:\\\/\\\/survivornet.ca\\\/#organization\"},\"potentialAction\":[{\"@type\":\"SearchAction\",\"target\":{\"@type\":\"EntryPoint\",\"urlTemplate\":\"https:\\\/\\\/survivornet.ca\\\/?s={search_term_string}\"},\"query-input\":{\"@type\":\"PropertyValueSpecification\",\"valueRequired\":true,\"valueName\":\"search_term_string\"}}],\"inLanguage\":\"fr-FR\"},{\"@type\":\"Organization\",\"@id\":\"https:\\\/\\\/survivornet.ca\\\/#organization\",\"name\":\"Canadian Cancer Survivor Network\",\"url\":\"https:\\\/\\\/survivornet.ca\\\/\",\"logo\":{\"@type\":\"ImageObject\",\"inLanguage\":\"fr-FR\",\"@id\":\"https:\\\/\\\/survivornet.ca\\\/#\\\/schema\\\/logo\\\/image\\\/\",\"url\":\"http:\\\/\\\/survivornet.ca\\\/wp-content\\\/uploads\\\/2016\\\/12\\\/CCSN_Logo_EN_SQUARE.png\",\"contentUrl\":\"http:\\\/\\\/survivornet.ca\\\/wp-content\\\/uploads\\\/2016\\\/12\\\/CCSN_Logo_EN_SQUARE.png\",\"width\":1209,\"height\":1007,\"caption\":\"Canadian Cancer Survivor Network\"},\"image\":{\"@id\":\"https:\\\/\\\/survivornet.ca\\\/#\\\/schema\\\/logo\\\/image\\\/\"}}]}<\/script>\n<!-- \/ Yoast SEO plugin. -->","yoast_head_json":{"title":"Information financi\u00e8re et ressources - Canadian Cancer Survivor Network","robots":{"index":"index","follow":"follow","max-snippet":"max-snippet:-1","max-image-preview":"max-image-preview:large","max-video-preview":"max-video-preview:-1"},"canonical":"https:\/\/survivornet.ca\/fr\/agissez\/information-financiere-et-ressources\/","og_locale":"fr_FR","og_type":"article","og_title":"Information financi\u00e8re et ressources - Canadian Cancer Survivor Network","og_description":"Tous les\u00a0cancers peuvent \u00eatre chers \u00e0 traiter et \u00e0 g\u00e9rer. Dans une analyse documentaire faite par la Soci\u00e9t\u00e9 canadienne du cancer en 2010, on a d\u00e9couvert que la plupart des co\u00fbts support\u00e9s","og_url":"https:\/\/survivornet.ca\/fr\/agissez\/information-financiere-et-ressources\/","og_site_name":"Canadian Cancer Survivor Network","article_modified_time":"2017-06-22T14:32:10+00:00","twitter_card":"summary_large_image","twitter_misc":{"Dur\u00e9e de lecture estim\u00e9e":"1 minute"},"schema":{"@context":"https:\/\/schema.org","@graph":[{"@type":"WebPage","@id":"https:\/\/survivornet.ca\/fr\/agissez\/information-financiere-et-ressources\/","url":"https:\/\/survivornet.ca\/fr\/agissez\/information-financiere-et-ressources\/","name":"Information financi\u00e8re et ressources - Canadian Cancer Survivor Network","isPartOf":{"@id":"https:\/\/survivornet.ca\/#website"},"datePublished":"2017-06-19T13:20:45+00:00","dateModified":"2017-06-22T14:32:10+00:00","breadcrumb":{"@id":"https:\/\/survivornet.ca\/fr\/agissez\/information-financiere-et-ressources\/#breadcrumb"},"inLanguage":"fr-FR","potentialAction":[{"@type":"ReadAction","target":["https:\/\/survivornet.ca\/fr\/agissez\/information-financiere-et-ressources\/"]}]},{"@type":"BreadcrumbList","@id":"https:\/\/survivornet.ca\/fr\/agissez\/information-financiere-et-ressources\/#breadcrumb","itemListElement":[{"@type":"ListItem","position":1,"name":"Home","item":"https:\/\/survivornet.ca\/fr\/"},{"@type":"ListItem","position":2,"name":"Agissez","item":"https:\/\/survivornet.ca\/fr\/agissez\/"},{"@type":"ListItem","position":3,"name":"Information financi\u00e8re et ressources"}]},{"@type":"WebSite","@id":"https:\/\/survivornet.ca\/#website","url":"https:\/\/survivornet.ca\/","name":"Canadian Cancer Survivor Network","description":"The Canadian Cancer Survivor Network was created by a group of Canadians concerned about cancer.","publisher":{"@id":"https:\/\/survivornet.ca\/#organization"},"potentialAction":[{"@type":"SearchAction","target":{"@type":"EntryPoint","urlTemplate":"https:\/\/survivornet.ca\/?s={search_term_string}"},"query-input":{"@type":"PropertyValueSpecification","valueRequired":true,"valueName":"search_term_string"}}],"inLanguage":"fr-FR"},{"@type":"Organization","@id":"https:\/\/survivornet.ca\/#organization","name":"Canadian Cancer Survivor Network","url":"https:\/\/survivornet.ca\/","logo":{"@type":"ImageObject","inLanguage":"fr-FR","@id":"https:\/\/survivornet.ca\/#\/schema\/logo\/image\/","url":"http:\/\/survivornet.ca\/wp-content\/uploads\/2016\/12\/CCSN_Logo_EN_SQUARE.png","contentUrl":"http:\/\/survivornet.ca\/wp-content\/uploads\/2016\/12\/CCSN_Logo_EN_SQUARE.png","width":1209,"height":1007,"caption":"Canadian Cancer Survivor Network"},"image":{"@id":"https:\/\/survivornet.ca\/#\/schema\/logo\/image\/"}}]}},"_links":{"self":[{"href":"https:\/\/survivornet.ca\/fr\/wp-json\/wp\/v2\/pages\/5528","targetHints":{"allow":["GET"]}}],"collection":[{"href":"https:\/\/survivornet.ca\/fr\/wp-json\/wp\/v2\/pages"}],"about":[{"href":"https:\/\/survivornet.ca\/fr\/wp-json\/wp\/v2\/types\/page"}],"author":[{"embeddable":true,"href":"https:\/\/survivornet.ca\/fr\/wp-json\/wp\/v2\/users\/2"}],"replies":[{"embeddable":true,"href":"https:\/\/survivornet.ca\/fr\/wp-json\/wp\/v2\/comments?post=5528"}],"version-history":[{"count":0,"href":"https:\/\/survivornet.ca\/fr\/wp-json\/wp\/v2\/pages\/5528\/revisions"}],"up":[{"embeddable":true,"href":"https:\/\/survivornet.ca\/fr\/wp-json\/wp\/v2\/pages\/4480"}],"wp:attachment":[{"href":"https:\/\/survivornet.ca\/fr\/wp-json\/wp\/v2\/media?parent=5528"}],"curies":[{"name":"wp","href":"https:\/\/api.w.org\/{rel}","templated":true}]}}