{"id":5401,"date":"2017-06-13T14:17:36","date_gmt":"2017-06-13T14:17:36","guid":{"rendered":"https:\/\/survivornet.ca\/?page_id=5401\/"},"modified":"2019-06-24T18:53:31","modified_gmt":"2019-06-24T18:53:31","slug":"informations-lgbtq","status":"publish","type":"page","link":"https:\/\/survivornet.ca\/fr\/agissez\/informations-lgbtq\/","title":{"rendered":"Informations LGBTQ+"},"content":{"rendered":"<p>Peu importe l\u2019orientation ou l\u2019identit\u00e9 sexuelle, si une personne a une prostate, le risque de d\u00e9velopper ce cancer est pr\u00e9sent. Le fait de faire des tests de d\u00e9pistage ou de discuter de sant\u00e9 sexuelle avec un professionnel de la sant\u00e9 peut \u00eatre un d\u00e9fi pour plusieurs membres de la communaut\u00e9 LGBTQ+, qui peuvent \u00eatre confront\u00e9s \u00e0 de la discrimination de la part des m\u00e9decins ou du syst\u00e8me de sant\u00e9. Voici quelques conseils qui aideront \u00e0 trouver un professionnel de la sant\u00e9 s\u00e9curisant et inclusif.<\/p>\n<p>Voici quelques astuces pour trouver un professionnel de la sant\u00e9 s\u00e9curisant et inclusif [30]:<\/p>\n<ul class=\"content-list\">\n<li>Informez-vous aupr\u00e8s d\u2019autres transsexuels ou homosexuels \u00e0 propos des professionnels de la sant\u00e9 qu\u2019ils consultent ou consultez le journal LGBTQ+ r\u00e9gional.<\/li>\n<li>Allez visiter les bureaux des professionnels de la sant\u00e9 et v\u00e9rifiez s\u2019ils sont ouverts aux transgenres\u00a0 et aux homosexuels.<\/li>\n<li>Portez une attention particuli\u00e8re \u00e0 la fa\u00e7on dont\u00a0 le sp\u00e9cialiste vous parle: vous laisse-t-il exprimer vos pr\u00e9occupations de mani\u00e8re compr\u00e9hensive, sans juger? A-t-il une bonne compr\u00e9hension des pr\u00e9occupations de sant\u00e9 des membres de la communaut\u00e9 LGBTQ+?<\/li>\n<li>Ne r\u00e9v\u00e9lez votre orientation ou votre identit\u00e9 sexuelle \u00e0 votre m\u00e9decin que si vous vous sentez en s\u00e9curit\u00e9.<\/li>\n<\/ul>\n<p><strong>D\u2019autres ressources LGBTQ+<\/strong><\/p>\n<p><a href=\"http:\/\/convio.cancer.ca\/site\/PageServer?pagename=SSL_ON_GEN_About&amp;s_locale=fr_CA#.VgvzrPlViko\" target=\"_blank\" rel=\"noopener noreferrer\"><u>La campagne Subissez un d\u00e9pistage<\/u><\/a> \u2013 g\u00e9r\u00e9e par la Soci\u00e9t\u00e9 canadienne du Cancer, vise \u00e0 rejoindre les membres de la communaut\u00e9 LGBTQ+ pour qu\u2019ils fassent un test de d\u00e9pistage pour les cancers du sein, du colon et du col de l\u2019ut\u00e9rus. Elle ne traite pas les cancers de la prostate mais fournit de l\u2019information et des ressources pertinentes.<\/p>\n<p><u><a href=\"http:\/\/convio.cancer.ca\/site\/PageServer?pagename=SSL_ON_HCP_HCPGen_LGBTQClients#.Vgv2JPlVikp\" target=\"_blank\" rel=\"noopener noreferrer\">Soci\u00e9t\u00e9 canadienne du cancer \u2013 Clients LGBTQ+ et d\u00e9pistage<\/a><\/u> \u2013 Une ressource en ligne qui aborde les enjeux du cancer chez les gens appartenant \u00e0 la communaut\u00e9 LGBTQ+, comporte des sections sur le cancer de la prostate chez les femmes lesbiennes, bisexuelles et trans et chez les hommes gais, bisexuels et trans.<\/p>\n<p><u><a href=\"http:\/\/www.astteq.org\/fr\/index.html\" target=\"_blank\" rel=\"noopener noreferrer\">Action sant\u00e9 travesties et transexuels du Qu\u00e9bec<\/a><\/u>\u00a0\u2013 Offre et facilite l\u2019acc\u00e8s aux services sociaux et de sant\u00e9 qui tiennent en compte les r\u00e9alit\u00e9s et les particularit\u00e9s des individus.<\/p>\n<p><a href=\"http:\/\/cpath.ca\/fr\/about-cpath\/\">Association professionelle canadienne pour la sant\u00e9 transgenre\u00a0<\/a>&#8212; L\u2019Association Canadienne des professionnels en sant\u00e9 des personnes transsexuelles (CPATH) est une organisation professionnelle consacr\u00e9e \u00e0 la sant\u00e9 des personnes \u00e0 l\u2019identit\u00e9 de genre variante.<\/p>\n<p><a href=\"http:\/\/www.rainbowhealthontario.ca\/fr\/\" target=\"_blank\" rel=\"noopener noreferrer\"><u>Sant\u00e9 arc-en-ciel Ontario \u2013 r\u00e9pertoire de services<\/u><\/a> \u2013 Voici un programme, pour toute la province de l\u2019Ontario, qui donne acc\u00e8s aux services aux membres de la communaut\u00e9 LGBTQ+,\u00a0 incluant un r\u00e9pertoire des services et des programmes qui accueillent\u00a0 les LGBTQ+.<\/p>\n<p><u>Projet 10<\/u>\u00a0\u2013 travaille fort \u00e0 trouver des m\u00e9decins et d\u2019autres professionnels de la sant\u00e9 qui sont qualifi\u00e9s et inform\u00e9s pour travailler avec les jeunes trans d\u2019une fa\u00e7on ouverte et non jugeante.<\/p>\n","protected":false},"excerpt":{"rendered":"<p>Peu importe l\u2019orientation ou l\u2019identit\u00e9 sexuelle, si une personne a une prostate, le risque de d\u00e9velopper ce cancer est pr\u00e9sent. Le fait de faire des tests de d\u00e9pistage ou de discuter de<\/p>\n","protected":false},"author":2,"featured_media":0,"parent":4480,"menu_order":8,"comment_status":"closed","ping_status":"closed","template":"","meta":{"_acf_changed":false,"footnotes":""},"class_list":["post-5401","page","type-page","status-publish","hentry"],"acf":[],"yoast_head":"<!-- This site is optimized with the Yoast SEO plugin v27.4 - https:\/\/yoast.com\/product\/yoast-seo-wordpress\/ -->\n<title>Informations LGBTQ+ - Canadian Cancer Survivor Network<\/title>\n<meta name=\"robots\" content=\"index, follow, max-snippet:-1, max-image-preview:large, max-video-preview:-1\" \/>\n<link rel=\"canonical\" href=\"https:\/\/survivornet.ca\/fr\/agissez\/informations-lgbtq\/\" \/>\n<meta property=\"og:locale\" content=\"fr_FR\" \/>\n<meta property=\"og:type\" content=\"article\" \/>\n<meta property=\"og:title\" content=\"Informations LGBTQ+ - Canadian Cancer Survivor Network\" \/>\n<meta property=\"og:description\" content=\"Peu importe l\u2019orientation ou l\u2019identit\u00e9 sexuelle, si une personne a une prostate, le risque de d\u00e9velopper ce cancer est pr\u00e9sent. Le fait de faire des tests de d\u00e9pistage ou de discuter de\" \/>\n<meta property=\"og:url\" content=\"https:\/\/survivornet.ca\/fr\/agissez\/informations-lgbtq\/\" \/>\n<meta property=\"og:site_name\" content=\"Canadian Cancer Survivor Network\" \/>\n<meta property=\"article:modified_time\" content=\"2019-06-24T18:53:31+00:00\" \/>\n<meta name=\"twitter:card\" content=\"summary_large_image\" \/>\n<meta name=\"twitter:label1\" content=\"Dur\u00e9e de lecture estim\u00e9e\" \/>\n\t<meta name=\"twitter:data1\" content=\"2 minutes\" \/>\n<script type=\"application\/ld+json\" class=\"yoast-schema-graph\">{\"@context\":\"https:\\\/\\\/schema.org\",\"@graph\":[{\"@type\":\"WebPage\",\"@id\":\"https:\\\/\\\/survivornet.ca\\\/fr\\\/agissez\\\/informations-lgbtq\\\/\",\"url\":\"https:\\\/\\\/survivornet.ca\\\/fr\\\/agissez\\\/informations-lgbtq\\\/\",\"name\":\"Informations LGBTQ+ - Canadian Cancer Survivor Network\",\"isPartOf\":{\"@id\":\"https:\\\/\\\/survivornet.ca\\\/#website\"},\"datePublished\":\"2017-06-13T14:17:36+00:00\",\"dateModified\":\"2019-06-24T18:53:31+00:00\",\"breadcrumb\":{\"@id\":\"https:\\\/\\\/survivornet.ca\\\/fr\\\/agissez\\\/informations-lgbtq\\\/#breadcrumb\"},\"inLanguage\":\"fr-FR\",\"potentialAction\":[{\"@type\":\"ReadAction\",\"target\":[\"https:\\\/\\\/survivornet.ca\\\/fr\\\/agissez\\\/informations-lgbtq\\\/\"]}]},{\"@type\":\"BreadcrumbList\",\"@id\":\"https:\\\/\\\/survivornet.ca\\\/fr\\\/agissez\\\/informations-lgbtq\\\/#breadcrumb\",\"itemListElement\":[{\"@type\":\"ListItem\",\"position\":1,\"name\":\"Home\",\"item\":\"https:\\\/\\\/survivornet.ca\\\/fr\\\/\"},{\"@type\":\"ListItem\",\"position\":2,\"name\":\"Agissez\",\"item\":\"https:\\\/\\\/survivornet.ca\\\/fr\\\/agissez\\\/\"},{\"@type\":\"ListItem\",\"position\":3,\"name\":\"Informations LGBTQ+\"}]},{\"@type\":\"WebSite\",\"@id\":\"https:\\\/\\\/survivornet.ca\\\/#website\",\"url\":\"https:\\\/\\\/survivornet.ca\\\/\",\"name\":\"Canadian Cancer Survivor Network\",\"description\":\"The Canadian Cancer Survivor Network was created by a group of Canadians concerned about cancer.\",\"publisher\":{\"@id\":\"https:\\\/\\\/survivornet.ca\\\/#organization\"},\"potentialAction\":[{\"@type\":\"SearchAction\",\"target\":{\"@type\":\"EntryPoint\",\"urlTemplate\":\"https:\\\/\\\/survivornet.ca\\\/?s={search_term_string}\"},\"query-input\":{\"@type\":\"PropertyValueSpecification\",\"valueRequired\":true,\"valueName\":\"search_term_string\"}}],\"inLanguage\":\"fr-FR\"},{\"@type\":\"Organization\",\"@id\":\"https:\\\/\\\/survivornet.ca\\\/#organization\",\"name\":\"Canadian Cancer Survivor Network\",\"url\":\"https:\\\/\\\/survivornet.ca\\\/\",\"logo\":{\"@type\":\"ImageObject\",\"inLanguage\":\"fr-FR\",\"@id\":\"https:\\\/\\\/survivornet.ca\\\/#\\\/schema\\\/logo\\\/image\\\/\",\"url\":\"http:\\\/\\\/survivornet.ca\\\/wp-content\\\/uploads\\\/2016\\\/12\\\/CCSN_Logo_EN_SQUARE.png\",\"contentUrl\":\"http:\\\/\\\/survivornet.ca\\\/wp-content\\\/uploads\\\/2016\\\/12\\\/CCSN_Logo_EN_SQUARE.png\",\"width\":1209,\"height\":1007,\"caption\":\"Canadian Cancer Survivor Network\"},\"image\":{\"@id\":\"https:\\\/\\\/survivornet.ca\\\/#\\\/schema\\\/logo\\\/image\\\/\"}}]}<\/script>\n<!-- \/ Yoast SEO plugin. -->","yoast_head_json":{"title":"Informations LGBTQ+ - Canadian Cancer Survivor Network","robots":{"index":"index","follow":"follow","max-snippet":"max-snippet:-1","max-image-preview":"max-image-preview:large","max-video-preview":"max-video-preview:-1"},"canonical":"https:\/\/survivornet.ca\/fr\/agissez\/informations-lgbtq\/","og_locale":"fr_FR","og_type":"article","og_title":"Informations LGBTQ+ - Canadian Cancer Survivor Network","og_description":"Peu importe l\u2019orientation ou l\u2019identit\u00e9 sexuelle, si une personne a une prostate, le risque de d\u00e9velopper ce cancer est pr\u00e9sent. Le fait de faire des tests de d\u00e9pistage ou de discuter de","og_url":"https:\/\/survivornet.ca\/fr\/agissez\/informations-lgbtq\/","og_site_name":"Canadian Cancer Survivor Network","article_modified_time":"2019-06-24T18:53:31+00:00","twitter_card":"summary_large_image","twitter_misc":{"Dur\u00e9e de lecture estim\u00e9e":"2 minutes"},"schema":{"@context":"https:\/\/schema.org","@graph":[{"@type":"WebPage","@id":"https:\/\/survivornet.ca\/fr\/agissez\/informations-lgbtq\/","url":"https:\/\/survivornet.ca\/fr\/agissez\/informations-lgbtq\/","name":"Informations LGBTQ+ - Canadian Cancer Survivor Network","isPartOf":{"@id":"https:\/\/survivornet.ca\/#website"},"datePublished":"2017-06-13T14:17:36+00:00","dateModified":"2019-06-24T18:53:31+00:00","breadcrumb":{"@id":"https:\/\/survivornet.ca\/fr\/agissez\/informations-lgbtq\/#breadcrumb"},"inLanguage":"fr-FR","potentialAction":[{"@type":"ReadAction","target":["https:\/\/survivornet.ca\/fr\/agissez\/informations-lgbtq\/"]}]},{"@type":"BreadcrumbList","@id":"https:\/\/survivornet.ca\/fr\/agissez\/informations-lgbtq\/#breadcrumb","itemListElement":[{"@type":"ListItem","position":1,"name":"Home","item":"https:\/\/survivornet.ca\/fr\/"},{"@type":"ListItem","position":2,"name":"Agissez","item":"https:\/\/survivornet.ca\/fr\/agissez\/"},{"@type":"ListItem","position":3,"name":"Informations LGBTQ+"}]},{"@type":"WebSite","@id":"https:\/\/survivornet.ca\/#website","url":"https:\/\/survivornet.ca\/","name":"Canadian Cancer Survivor Network","description":"The Canadian Cancer Survivor Network was created by a group of Canadians concerned about cancer.","publisher":{"@id":"https:\/\/survivornet.ca\/#organization"},"potentialAction":[{"@type":"SearchAction","target":{"@type":"EntryPoint","urlTemplate":"https:\/\/survivornet.ca\/?s={search_term_string}"},"query-input":{"@type":"PropertyValueSpecification","valueRequired":true,"valueName":"search_term_string"}}],"inLanguage":"fr-FR"},{"@type":"Organization","@id":"https:\/\/survivornet.ca\/#organization","name":"Canadian Cancer Survivor Network","url":"https:\/\/survivornet.ca\/","logo":{"@type":"ImageObject","inLanguage":"fr-FR","@id":"https:\/\/survivornet.ca\/#\/schema\/logo\/image\/","url":"http:\/\/survivornet.ca\/wp-content\/uploads\/2016\/12\/CCSN_Logo_EN_SQUARE.png","contentUrl":"http:\/\/survivornet.ca\/wp-content\/uploads\/2016\/12\/CCSN_Logo_EN_SQUARE.png","width":1209,"height":1007,"caption":"Canadian Cancer Survivor Network"},"image":{"@id":"https:\/\/survivornet.ca\/#\/schema\/logo\/image\/"}}]}},"_links":{"self":[{"href":"https:\/\/survivornet.ca\/fr\/wp-json\/wp\/v2\/pages\/5401","targetHints":{"allow":["GET"]}}],"collection":[{"href":"https:\/\/survivornet.ca\/fr\/wp-json\/wp\/v2\/pages"}],"about":[{"href":"https:\/\/survivornet.ca\/fr\/wp-json\/wp\/v2\/types\/page"}],"author":[{"embeddable":true,"href":"https:\/\/survivornet.ca\/fr\/wp-json\/wp\/v2\/users\/2"}],"replies":[{"embeddable":true,"href":"https:\/\/survivornet.ca\/fr\/wp-json\/wp\/v2\/comments?post=5401"}],"version-history":[{"count":0,"href":"https:\/\/survivornet.ca\/fr\/wp-json\/wp\/v2\/pages\/5401\/revisions"}],"up":[{"embeddable":true,"href":"https:\/\/survivornet.ca\/fr\/wp-json\/wp\/v2\/pages\/4480"}],"wp:attachment":[{"href":"https:\/\/survivornet.ca\/fr\/wp-json\/wp\/v2\/media?parent=5401"}],"curies":[{"name":"wp","href":"https:\/\/api.w.org\/{rel}","templated":true}]}}