{"id":5368,"date":"2017-06-12T17:52:47","date_gmt":"2017-06-12T17:52:47","guid":{"rendered":"https:\/\/survivornet.ca\/?page_id=5368\/"},"modified":"2024-08-07T14:56:48","modified_gmt":"2024-08-07T18:56:48","slug":"young-adult-cancer-canada","status":"publish","type":"page","link":"https:\/\/survivornet.ca\/fr\/reliez-vous\/partenaires\/young-adult-cancer-canada\/","title":{"rendered":"Young Adult Cancer Canada"},"content":{"rendered":"<p><img decoding=\"async\" class=\"left\" src=\"http:\/\/old.survivornet.ca\/uploads\/images\/Young%20Adult%20Cancer%20Canada%20-%20logo.gif\" alt=\"\" \/><img loading=\"lazy\" decoding=\"async\" class=\"aligncenter  wp-image-30713\" src=\"http:\/\/survivornet.ca\/wp-content\/uploads\/2024\/08\/Young-adult-cancer-Canada.png\" alt=\"\" width=\"300\" height=\"197\" \/><\/p>\n<p><em>Young Adult Cancer Canada<\/em> fut \u00e9tabli en 2000 sous le nom de <em>RealTime Cancer<\/em> par Geoff Eaton, \u00e0 la suite de son premier d\u00e9fi face au cancer. La vision de Geoff visait principalement \u00e0 \u00e9duquer et supporter les jeunes adultes. Au coeur de sa vision r\u00e9sidait la croyance que le cancer, comme tous les d\u00e9fis qui se pr\u00e9sentent \u00e0 nous dans la vie, est accompagn\u00e9 de pr\u00e9cieuses exp\u00e9riences et de le\u00e7ons.<\/p>\n<p>Durant ses trois premi\u00e8res ann\u00e9es de fonction, ann\u00e9es pendant lesquelles Geoff a fait une rechute qui s\u2019est accompagn\u00e9e de traitements additionnels, <em>Young Adult Cancer Canada<\/em> a concentr\u00e9 ses efforts sur des programmes \u00e9ducationnels pour les \u00e9coles et sur la \u00ab\u00a0livraison\u00a0\u00bb de messages positifs aux jeunes adultes. Lors d\u2019un tournoi de golf r\u00e9union avec un mentor un matin de l\u2019ann\u00e9e 2003, Geoff a entam\u00e9 un processus qui changerait fondamentalement la vision et les op\u00e9rations de <em>Young Adult Cancer Canada<\/em> tout en gardant intactes ses valeurs et ses croyances.<\/p>\n<p><strong>Vision<\/strong><\/p>\n<p>Renforcer l\u2019autonomie des jeunes adultes diagnostiqu\u00e9s avec un cancer afin que ceux-ci vivent et aiment la vie.<\/p>\n<p><strong>Mission<\/strong><\/p>\n<p>B\u00e2tir une communaut\u00e9 de jeunes adultes ayant re\u00e7u un diagnostic de cancer qui offre de l\u2019information, du soutien, des outils, et des opportunit\u00e9s.<\/p>\n<p>Une \u00e9tude de recherche men\u00e9e par <em>Young Adult Cancer Canada<\/em> a r\u00e9v\u00e9l\u00e9 que plus de 6,500 jeunes adultes re\u00e7oivent un diagnostic de cancer au Canada chaque ann\u00e9e, et que leur taux de survie est demeur\u00e9 virtuellement inchang\u00e9 depuis ann\u00e9es 1970 et qu\u2019il n\u2019existait toujours pas de programmes de soutien appropri\u00e9s pour aider les jeunes adultes vivant avec le cancer \u00e0 faire face \u00e0 leurs nouvelles inqui\u00e9tudes bien uniques.<\/p>\n<p>Puisque la vie des adolescents diff\u00e8re de toute \u00e9vidence de celle des gens dans la vingtaine ou dans la trentaine, on peut facilement s\u2019imaginer qu\u2019ils vivent aussi le cancer diff\u00e9remment. Les jeunes adultes qui ont le cancer m\u00e9ritent et ont besoin d\u2019une organisation qui se d\u00e9die \u00e0 la cr\u00e9ation de programmes de soutien sur mesure pour les aider \u00e0 accepter et faire face \u00e0 leur nouvelle r\u00e9alit\u00e9. Puisqu\u2019il n\u2019existait alors aucune organisation au Canada ayant cette mission, la vision du groupe \u00e9tait manifeste; <em>Young Adult Cancer Canada<\/em> devait \u00eatre cet organisme national de lutte contre le cancer offrant des ressources aux jeunes adultes en qu\u00eate d\u2019information, d\u2019inspiration, et de soutien.<\/p>\n<p>En f\u00e9vrier 2004, la communaut\u00e9 internet <em>RealTime Cancer Community<\/em>, fut lanc\u00e9e; le site partage les histoires de jeunes adultes ayant surv\u00e9cu au cancer et celles de supporteurs et facilite leur communication. Gr\u00e2ce au lancement du site <em>Young Adult Cancer Canada<\/em> a cr\u00e9e des partenariats avec des centres de canc\u00e9rologie et des organismes communautaires pour aider \u00e0 la promotion de la cause. Pendant ce temps <em>RealTime Cancer Community <\/em>continue de croitre et offre des messages positifs essentiels aux utilisateurs du site web.<\/p>\n<p>Vers la fin de 2004, <em>Young Adult Cancer Canada<\/em> commen\u00e7a \u00e0 explorer la possibilit\u00e9 d\u2019\u00e9tablir un refuge pour les patients atteints de cancer.<\/p>\n<p>L\u2019activit\u00e9 <em>Retreat Yourself 2005<\/em>\u00a0a eu lieu \u00e0 Terre-Neuve-et-Labrador, et Geoff a r\u00e9sum\u00e9 l\u2019\u00e9v\u00e8nement en d\u00e9clarant \u00ab\u00a0c\u2019est le projet le plus important que nous n\u2019ayons jamais entrepris \u00bb. Suite \u00e0 la promotion de l\u2019\u00e9v\u00e8nement<em>, Young Adult Cancer Canada<\/em> entretient maintenant des relations privil\u00e9gi\u00e9es avec des groupes de lutte contre le cancer dans chaque province canadienne, et le programme <em>Retreat Yourself<\/em> est toujours un \u00e9v\u00e8nement annuel gr\u00e2ce \u00e0 la participation de patients, de survivants du cancer, et de supporteurs de toutes les r\u00e9gions du Canada.<\/p>\n<p>Aujourd\u2019hui, <em>Young Adult Cancer Canada<\/em> met l\u2019accent sur la promotion et l\u2019\u00e9volution des ses quatre programmes principaux\u00a0: <em>RealTime Cancer Community, Retreat Yourself,<\/em> la conf\u00e9rence annuelle <em>Survivor Conference<\/em> et <em>Touch Yourself, Trust Yourself<\/em>, de m\u00eame que la croissance continuelle de l\u2019organisation. \u00c0 l\u2019heure actuelle, <em>Young Adult Cancer Canada <\/em>est bas\u00e9e \u00e0 St. John\u2019s, Terre-Neuve-et-Labrador, avec une \u00e9quipe de six; les plans fix\u00e9s pour la croissance et l\u2019expansion du programme font l\u2019objet du plan strat\u00e9gique de 2011-2016 approuv\u00e9 par le conseil d\u2019administration \u00e0 l\u2019automne 2001.<\/p>\n<p><a href=\"http:\/\/www.youngadultcancer.ca\/\" target=\"_blank\" rel=\"noopener noreferrer\">Young Adult Cancer Canada<\/a><\/p>\n","protected":false},"excerpt":{"rendered":"<p>Young Adult Cancer Canada fut \u00e9tabli en 2000 sous le nom de RealTime Cancer par Geoff Eaton, \u00e0 la suite de son premier d\u00e9fi face au cancer. La vision de Geoff visait<\/p>\n","protected":false},"author":2,"featured_media":30713,"parent":4484,"menu_order":59,"comment_status":"closed","ping_status":"closed","template":"","meta":{"_acf_changed":false,"footnotes":""},"class_list":["post-5368","page","type-page","status-publish","has-post-thumbnail","hentry"],"acf":[],"yoast_head":"<!-- This site is optimized with the Yoast SEO plugin v27.4 - https:\/\/yoast.com\/product\/yoast-seo-wordpress\/ -->\n<title>Young Adult Cancer Canada - Canadian Cancer Survivor Network<\/title>\n<meta name=\"robots\" content=\"index, follow, max-snippet:-1, max-image-preview:large, max-video-preview:-1\" \/>\n<link rel=\"canonical\" href=\"https:\/\/survivornet.ca\/connect\/partners\/young-adult-cancer-canada\/\" \/>\n<meta property=\"og:locale\" content=\"fr_FR\" \/>\n<meta property=\"og:type\" content=\"article\" \/>\n<meta property=\"og:title\" content=\"Young Adult Cancer Canada - Canadian Cancer Survivor Network\" \/>\n<meta property=\"og:description\" content=\"Young Adult Cancer Canada fut \u00e9tabli en 2000 sous le nom de RealTime Cancer par Geoff Eaton, \u00e0 la suite de son premier d\u00e9fi face au cancer. La vision de Geoff visait\" \/>\n<meta property=\"og:url\" content=\"https:\/\/survivornet.ca\/connect\/partners\/young-adult-cancer-canada\/\" \/>\n<meta property=\"og:site_name\" content=\"Canadian Cancer Survivor Network\" \/>\n<meta property=\"article:modified_time\" content=\"2024-08-07T18:56:48+00:00\" \/>\n<meta property=\"og:image\" content=\"https:\/\/survivornet.ca\/wp-content\/uploads\/2024\/08\/Young-adult-cancer-Canada.png\" \/>\n\t<meta property=\"og:image:width\" content=\"586\" \/>\n\t<meta property=\"og:image:height\" content=\"385\" \/>\n\t<meta property=\"og:image:type\" content=\"image\/png\" \/>\n<meta name=\"twitter:card\" content=\"summary_large_image\" \/>\n<meta name=\"twitter:label1\" content=\"Dur\u00e9e de lecture estim\u00e9e\" \/>\n\t<meta name=\"twitter:data1\" content=\"4 minutes\" \/>\n<script type=\"application\/ld+json\" class=\"yoast-schema-graph\">{\"@context\":\"https:\\\/\\\/schema.org\",\"@graph\":[{\"@type\":\"WebPage\",\"@id\":\"https:\\\/\\\/survivornet.ca\\\/connect\\\/partners\\\/young-adult-cancer-canada\\\/\",\"url\":\"https:\\\/\\\/survivornet.ca\\\/connect\\\/partners\\\/young-adult-cancer-canada\\\/\",\"name\":\"Young Adult Cancer Canada - Canadian Cancer Survivor Network\",\"isPartOf\":{\"@id\":\"https:\\\/\\\/survivornet.ca\\\/#website\"},\"primaryImageOfPage\":{\"@id\":\"https:\\\/\\\/survivornet.ca\\\/connect\\\/partners\\\/young-adult-cancer-canada\\\/#primaryimage\"},\"image\":{\"@id\":\"https:\\\/\\\/survivornet.ca\\\/connect\\\/partners\\\/young-adult-cancer-canada\\\/#primaryimage\"},\"thumbnailUrl\":\"https:\\\/\\\/survivornet.ca\\\/wp-content\\\/uploads\\\/2024\\\/08\\\/Young-adult-cancer-Canada.png\",\"datePublished\":\"2017-06-12T17:52:47+00:00\",\"dateModified\":\"2024-08-07T18:56:48+00:00\",\"breadcrumb\":{\"@id\":\"https:\\\/\\\/survivornet.ca\\\/connect\\\/partners\\\/young-adult-cancer-canada\\\/#breadcrumb\"},\"inLanguage\":\"fr-FR\",\"potentialAction\":[{\"@type\":\"ReadAction\",\"target\":[\"https:\\\/\\\/survivornet.ca\\\/connect\\\/partners\\\/young-adult-cancer-canada\\\/\"]}]},{\"@type\":\"ImageObject\",\"inLanguage\":\"fr-FR\",\"@id\":\"https:\\\/\\\/survivornet.ca\\\/connect\\\/partners\\\/young-adult-cancer-canada\\\/#primaryimage\",\"url\":\"https:\\\/\\\/survivornet.ca\\\/wp-content\\\/uploads\\\/2024\\\/08\\\/Young-adult-cancer-Canada.png\",\"contentUrl\":\"https:\\\/\\\/survivornet.ca\\\/wp-content\\\/uploads\\\/2024\\\/08\\\/Young-adult-cancer-Canada.png\",\"width\":586,\"height\":385},{\"@type\":\"BreadcrumbList\",\"@id\":\"https:\\\/\\\/survivornet.ca\\\/connect\\\/partners\\\/young-adult-cancer-canada\\\/#breadcrumb\",\"itemListElement\":[{\"@type\":\"ListItem\",\"position\":1,\"name\":\"Home\",\"item\":\"https:\\\/\\\/survivornet.ca\\\/fr\\\/\"},{\"@type\":\"ListItem\",\"position\":2,\"name\":\"Connectez\",\"item\":\"https:\\\/\\\/survivornet.ca\\\/fr\\\/reliez-vous\\\/\"},{\"@type\":\"ListItem\",\"position\":3,\"name\":\"Partenaires\",\"item\":\"https:\\\/\\\/survivornet.ca\\\/fr\\\/reliez-vous\\\/partenaires\\\/\"},{\"@type\":\"ListItem\",\"position\":4,\"name\":\"Young Adult Cancer Canada\"}]},{\"@type\":\"WebSite\",\"@id\":\"https:\\\/\\\/survivornet.ca\\\/#website\",\"url\":\"https:\\\/\\\/survivornet.ca\\\/\",\"name\":\"Canadian Cancer Survivor Network\",\"description\":\"The Canadian Cancer Survivor Network was created by a group of Canadians concerned about cancer.\",\"publisher\":{\"@id\":\"https:\\\/\\\/survivornet.ca\\\/#organization\"},\"potentialAction\":[{\"@type\":\"SearchAction\",\"target\":{\"@type\":\"EntryPoint\",\"urlTemplate\":\"https:\\\/\\\/survivornet.ca\\\/?s={search_term_string}\"},\"query-input\":{\"@type\":\"PropertyValueSpecification\",\"valueRequired\":true,\"valueName\":\"search_term_string\"}}],\"inLanguage\":\"fr-FR\"},{\"@type\":\"Organization\",\"@id\":\"https:\\\/\\\/survivornet.ca\\\/#organization\",\"name\":\"Canadian Cancer Survivor Network\",\"url\":\"https:\\\/\\\/survivornet.ca\\\/\",\"logo\":{\"@type\":\"ImageObject\",\"inLanguage\":\"fr-FR\",\"@id\":\"https:\\\/\\\/survivornet.ca\\\/#\\\/schema\\\/logo\\\/image\\\/\",\"url\":\"http:\\\/\\\/survivornet.ca\\\/wp-content\\\/uploads\\\/2016\\\/12\\\/CCSN_Logo_EN_SQUARE.png\",\"contentUrl\":\"http:\\\/\\\/survivornet.ca\\\/wp-content\\\/uploads\\\/2016\\\/12\\\/CCSN_Logo_EN_SQUARE.png\",\"width\":1209,\"height\":1007,\"caption\":\"Canadian Cancer Survivor Network\"},\"image\":{\"@id\":\"https:\\\/\\\/survivornet.ca\\\/#\\\/schema\\\/logo\\\/image\\\/\"}}]}<\/script>\n<!-- \/ Yoast SEO plugin. -->","yoast_head_json":{"title":"Young Adult Cancer Canada - Canadian Cancer Survivor Network","robots":{"index":"index","follow":"follow","max-snippet":"max-snippet:-1","max-image-preview":"max-image-preview:large","max-video-preview":"max-video-preview:-1"},"canonical":"https:\/\/survivornet.ca\/connect\/partners\/young-adult-cancer-canada\/","og_locale":"fr_FR","og_type":"article","og_title":"Young Adult Cancer Canada - Canadian Cancer Survivor Network","og_description":"Young Adult Cancer Canada fut \u00e9tabli en 2000 sous le nom de RealTime Cancer par Geoff Eaton, \u00e0 la suite de son premier d\u00e9fi face au cancer. La vision de Geoff visait","og_url":"https:\/\/survivornet.ca\/connect\/partners\/young-adult-cancer-canada\/","og_site_name":"Canadian Cancer Survivor Network","article_modified_time":"2024-08-07T18:56:48+00:00","og_image":[{"width":586,"height":385,"url":"https:\/\/survivornet.ca\/wp-content\/uploads\/2024\/08\/Young-adult-cancer-Canada.png","type":"image\/png"}],"twitter_card":"summary_large_image","twitter_misc":{"Dur\u00e9e de lecture estim\u00e9e":"4 minutes"},"schema":{"@context":"https:\/\/schema.org","@graph":[{"@type":"WebPage","@id":"https:\/\/survivornet.ca\/connect\/partners\/young-adult-cancer-canada\/","url":"https:\/\/survivornet.ca\/connect\/partners\/young-adult-cancer-canada\/","name":"Young Adult Cancer Canada - Canadian Cancer Survivor Network","isPartOf":{"@id":"https:\/\/survivornet.ca\/#website"},"primaryImageOfPage":{"@id":"https:\/\/survivornet.ca\/connect\/partners\/young-adult-cancer-canada\/#primaryimage"},"image":{"@id":"https:\/\/survivornet.ca\/connect\/partners\/young-adult-cancer-canada\/#primaryimage"},"thumbnailUrl":"https:\/\/survivornet.ca\/wp-content\/uploads\/2024\/08\/Young-adult-cancer-Canada.png","datePublished":"2017-06-12T17:52:47+00:00","dateModified":"2024-08-07T18:56:48+00:00","breadcrumb":{"@id":"https:\/\/survivornet.ca\/connect\/partners\/young-adult-cancer-canada\/#breadcrumb"},"inLanguage":"fr-FR","potentialAction":[{"@type":"ReadAction","target":["https:\/\/survivornet.ca\/connect\/partners\/young-adult-cancer-canada\/"]}]},{"@type":"ImageObject","inLanguage":"fr-FR","@id":"https:\/\/survivornet.ca\/connect\/partners\/young-adult-cancer-canada\/#primaryimage","url":"https:\/\/survivornet.ca\/wp-content\/uploads\/2024\/08\/Young-adult-cancer-Canada.png","contentUrl":"https:\/\/survivornet.ca\/wp-content\/uploads\/2024\/08\/Young-adult-cancer-Canada.png","width":586,"height":385},{"@type":"BreadcrumbList","@id":"https:\/\/survivornet.ca\/connect\/partners\/young-adult-cancer-canada\/#breadcrumb","itemListElement":[{"@type":"ListItem","position":1,"name":"Home","item":"https:\/\/survivornet.ca\/fr\/"},{"@type":"ListItem","position":2,"name":"Connectez","item":"https:\/\/survivornet.ca\/fr\/reliez-vous\/"},{"@type":"ListItem","position":3,"name":"Partenaires","item":"https:\/\/survivornet.ca\/fr\/reliez-vous\/partenaires\/"},{"@type":"ListItem","position":4,"name":"Young Adult Cancer Canada"}]},{"@type":"WebSite","@id":"https:\/\/survivornet.ca\/#website","url":"https:\/\/survivornet.ca\/","name":"Canadian Cancer Survivor Network","description":"The Canadian Cancer Survivor Network was created by a group of Canadians concerned about cancer.","publisher":{"@id":"https:\/\/survivornet.ca\/#organization"},"potentialAction":[{"@type":"SearchAction","target":{"@type":"EntryPoint","urlTemplate":"https:\/\/survivornet.ca\/?s={search_term_string}"},"query-input":{"@type":"PropertyValueSpecification","valueRequired":true,"valueName":"search_term_string"}}],"inLanguage":"fr-FR"},{"@type":"Organization","@id":"https:\/\/survivornet.ca\/#organization","name":"Canadian Cancer Survivor Network","url":"https:\/\/survivornet.ca\/","logo":{"@type":"ImageObject","inLanguage":"fr-FR","@id":"https:\/\/survivornet.ca\/#\/schema\/logo\/image\/","url":"http:\/\/survivornet.ca\/wp-content\/uploads\/2016\/12\/CCSN_Logo_EN_SQUARE.png","contentUrl":"http:\/\/survivornet.ca\/wp-content\/uploads\/2016\/12\/CCSN_Logo_EN_SQUARE.png","width":1209,"height":1007,"caption":"Canadian Cancer Survivor Network"},"image":{"@id":"https:\/\/survivornet.ca\/#\/schema\/logo\/image\/"}}]}},"_links":{"self":[{"href":"https:\/\/survivornet.ca\/fr\/wp-json\/wp\/v2\/pages\/5368","targetHints":{"allow":["GET"]}}],"collection":[{"href":"https:\/\/survivornet.ca\/fr\/wp-json\/wp\/v2\/pages"}],"about":[{"href":"https:\/\/survivornet.ca\/fr\/wp-json\/wp\/v2\/types\/page"}],"author":[{"embeddable":true,"href":"https:\/\/survivornet.ca\/fr\/wp-json\/wp\/v2\/users\/2"}],"replies":[{"embeddable":true,"href":"https:\/\/survivornet.ca\/fr\/wp-json\/wp\/v2\/comments?post=5368"}],"version-history":[{"count":1,"href":"https:\/\/survivornet.ca\/fr\/wp-json\/wp\/v2\/pages\/5368\/revisions"}],"predecessor-version":[{"id":30715,"href":"https:\/\/survivornet.ca\/fr\/wp-json\/wp\/v2\/pages\/5368\/revisions\/30715"}],"up":[{"embeddable":true,"href":"https:\/\/survivornet.ca\/fr\/wp-json\/wp\/v2\/pages\/4484"}],"wp:featuredmedia":[{"embeddable":true,"href":"https:\/\/survivornet.ca\/fr\/wp-json\/wp\/v2\/media\/30713"}],"wp:attachment":[{"href":"https:\/\/survivornet.ca\/fr\/wp-json\/wp\/v2\/media?parent=5368"}],"curies":[{"name":"wp","href":"https:\/\/api.w.org\/{rel}","templated":true}]}}