{"id":5366,"date":"2017-06-12T17:51:25","date_gmt":"2017-06-12T17:51:25","guid":{"rendered":"https:\/\/survivornet.ca\/?page_id=5366\/"},"modified":"2024-08-07T14:54:55","modified_gmt":"2024-08-07T18:54:55","slug":"team-shan","status":"publish","type":"page","link":"https:\/\/survivornet.ca\/fr\/reliez-vous\/partenaires\/team-shan\/","title":{"rendered":"Team Shan"},"content":{"rendered":"<p>&nbsp;<\/p>\n<p><img loading=\"lazy\" decoding=\"async\" class=\"aligncenter  wp-image-30704\" src=\"http:\/\/survivornet.ca\/wp-content\/uploads\/2024\/08\/team-shan-logo.png\" alt=\"\" width=\"605\" height=\"148\" srcset=\"https:\/\/survivornet.ca\/wp-content\/uploads\/2024\/08\/team-shan-logo.png 800w, https:\/\/survivornet.ca\/wp-content\/uploads\/2024\/08\/team-shan-logo-768x188.png 768w\" sizes=\"auto, (max-width: 605px) 100vw, 605px\" \/>Le groupe <em>Team Shan <\/em>fut ainsi nomm\u00e9 en l\u2019honneur de Shanna Larsen. Shan n\u2019avait que 24 ans lorsque le cancer du sein lui a pris sa vie. Les sympt\u00f4mes de Shan ont \u00e9t\u00e9 mal diagnostiqu\u00e9s par le personnel m\u00e9dical. Shan a re\u00e7u un diagnostic de cancer du sein m\u00e9tastatique avanc\u00e9, et est d\u00e9c\u00e9d\u00e9e quelques mois plus tard. L\u2019histoire de Shan n\u2019est pas unique. Les jeunes adultes re\u00e7oivent souvent leur diagnostic trop tard \u00e0 cause de leur inaction ou de celle des physiciens.<\/p>\n<p>\u00c0 la m\u00e9moire de Shan, ses amis et sa famille la gardent avec eux d\u2019esprit \u00e0 travers des \u00e9v\u00e9nements de collecte de fonds annuels tels que le Knock Cancer Out\/ Shanna Larse of the Park\/Shanna Larsen Memorial ball tournament \u00e0 Temiskaming Shores, Ontario et le tournoi de golf <em>Fore for Shan <\/em>\u00e0 Woodstock en Ontario.<\/p>\n<p>Avec l\u2019aide de partenaires communautaires et de professionnels, <em>Team Shan<\/em> a pour objectif de faire une diff\u00e9rence pour les jeunes femmes qui pourraient d\u00e9velopper le cancer du sein dans le futur.<\/p>\n<p>Les activit\u00e9s de sensibilisation et d\u2019\u00e9ducation de <em>Team Shan<\/em> incluent des campagnes de sensibilisation du public \u00e0 multiples facettes, la cr\u00e9ation et la diffusion de documents imprim\u00e9s, des pr\u00e9sentations dans les \u00e9coles secondaires, dans les universit\u00e9s, et des les centres communautaires, la participation de professionnels de la sant\u00e9 \u00e0 des conf\u00e9rences, et des publications ainsi que la promotion de la recherche sur la sant\u00e9.<\/p>\n<p>L\u2019\u00e9valuation des projets de sensibilisation de <em>Team Shan<\/em> a conclu que le groupe s\u2019adresse de fa\u00e7on efficace au besoin que les jeunes femmes soient inform\u00e9es sur leur risque de d\u00e9velopper le cancer du sein. Les jeunes femmes ont r\u00e9pondu positivement \u00e0 l\u2019appel et \u00e0 l\u2019information leur \u00e9tant transmise, et ont appr\u00e9ci\u00e9 qu\u2019on ne les ait pas oubli\u00e9es dans le processus de sensibilisation au cancer du sein. Shanna a donn\u00e9 un visage au cancer\u2026 et aux statistiques.<\/p>\n<p><em>Team Shan <\/em>continue d\u2019utiliser un mod\u00e8le de marketing social afin de rejoindre les jeunes femmes et leur transmettre de l\u2019information sur le cancer du sein et ainsi am\u00e9liorer les r\u00e9sultats pour toutes les jeunes femmes qui viendront apr\u00e8s Shan.<\/p>\n<p><a href=\"http:\/\/www.youtube.com\/watch?v=3RyjcdBqqNc\" target=\"_blank\" rel=\"noopener noreferrer\">http:\/\/www.youtube.com\/watch?v=3RyjcdBqqNc<\/a><\/p>\n<p>&nbsp;<\/p>\n<p><strong>Mission<\/strong><\/p>\n<p>Sensibiliser les gens sur le fait que le cancer du sein ne touche pas seulement les femmes plus \u00e2g\u00e9es.<\/p>\n<p><strong>But<\/strong><\/p>\n<p>\u00c9duquer les jeunes femmes, les professionnels de la sant\u00e9 et le public sur la d\u00e9tection pr\u00e9coce, la r\u00e9duction des risques et la pr\u00e9vention du cancer du sein.<\/p>\n<p><strong>Vision<\/strong><\/p>\n<p>Augmenter le taux de d\u00e9pistage pr\u00e9coce et am\u00e9liorer les chances de survie des jeunes femmes (entre 15 et 39 ans) ayant re\u00e7u un diagnostic de cancer du sein.<\/p>\n<p><strong>Adh\u00e9sions<\/strong><\/p>\n<p><em>Team Shan <\/em>est membre de l\u2019association <em>Canadian Psychosocial Oncology Partners (CPOP) <\/em>et de <em>LIVESTRONG Young Adult Alliance (LYAA).<\/em><\/p>\n<p><strong>Merci<\/strong><\/p>\n<p><em>Team Shan <\/em>aimerait remercier ses partenaires communautaires, les professionnels, et le grand public pour leur soutien continuel et leur contribution \u00e0 <em>Team Shan<\/em>.<\/p>\n<p>Courriel\u00a0: <a href=\"mailto:teamshan@gmail.com\">teamshan@gmail.com<\/a><\/p>\n<p><a href=\"http:\/\/www.teamshan.ca\/\" target=\"_blank\" rel=\"noopener noreferrer\">Team Shan<\/a><\/p>\n","protected":false},"excerpt":{"rendered":"<p>&nbsp; Le groupe Team Shan fut ainsi nomm\u00e9 en l\u2019honneur de Shanna Larsen. Shan n\u2019avait que 24 ans lorsque le cancer du sein lui a pris sa vie. Les sympt\u00f4mes de Shan<\/p>\n","protected":false},"author":2,"featured_media":30709,"parent":4484,"menu_order":57,"comment_status":"closed","ping_status":"closed","template":"","meta":{"_acf_changed":false,"footnotes":""},"class_list":["post-5366","page","type-page","status-publish","has-post-thumbnail","hentry"],"acf":[],"yoast_head":"<!-- This site is optimized with the Yoast SEO plugin v27.4 - https:\/\/yoast.com\/product\/yoast-seo-wordpress\/ -->\n<title>Team Shan - Canadian Cancer Survivor Network<\/title>\n<meta name=\"robots\" content=\"index, follow, max-snippet:-1, max-image-preview:large, max-video-preview:-1\" \/>\n<link rel=\"canonical\" href=\"https:\/\/survivornet.ca\/fr\/reliez-vous\/partenaires\/team-shan\/\" \/>\n<meta property=\"og:locale\" content=\"fr_FR\" \/>\n<meta property=\"og:type\" content=\"article\" \/>\n<meta property=\"og:title\" content=\"Team Shan - Canadian Cancer Survivor Network\" \/>\n<meta property=\"og:description\" content=\"&nbsp; Le groupe Team Shan fut ainsi nomm\u00e9 en l\u2019honneur de Shanna Larsen. Shan n\u2019avait que 24 ans lorsque le cancer du sein lui a pris sa vie. Les sympt\u00f4mes de Shan\" \/>\n<meta property=\"og:url\" content=\"https:\/\/survivornet.ca\/fr\/reliez-vous\/partenaires\/team-shan\/\" \/>\n<meta property=\"og:site_name\" content=\"Canadian Cancer Survivor Network\" \/>\n<meta property=\"article:modified_time\" content=\"2024-08-07T18:54:55+00:00\" \/>\n<meta property=\"og:image\" content=\"https:\/\/survivornet.ca\/wp-content\/uploads\/2024\/08\/Team-Shan.png\" \/>\n\t<meta property=\"og:image:width\" content=\"310\" \/>\n\t<meta property=\"og:image:height\" content=\"229\" \/>\n\t<meta property=\"og:image:type\" content=\"image\/png\" \/>\n<meta name=\"twitter:card\" content=\"summary_large_image\" \/>\n<meta name=\"twitter:label1\" content=\"Dur\u00e9e de lecture estim\u00e9e\" \/>\n\t<meta name=\"twitter:data1\" content=\"3 minutes\" \/>\n<script type=\"application\/ld+json\" class=\"yoast-schema-graph\">{\"@context\":\"https:\\\/\\\/schema.org\",\"@graph\":[{\"@type\":\"WebPage\",\"@id\":\"https:\\\/\\\/survivornet.ca\\\/fr\\\/reliez-vous\\\/partenaires\\\/team-shan\\\/\",\"url\":\"https:\\\/\\\/survivornet.ca\\\/fr\\\/reliez-vous\\\/partenaires\\\/team-shan\\\/\",\"name\":\"Team Shan - Canadian Cancer Survivor Network\",\"isPartOf\":{\"@id\":\"https:\\\/\\\/survivornet.ca\\\/#website\"},\"primaryImageOfPage\":{\"@id\":\"https:\\\/\\\/survivornet.ca\\\/fr\\\/reliez-vous\\\/partenaires\\\/team-shan\\\/#primaryimage\"},\"image\":{\"@id\":\"https:\\\/\\\/survivornet.ca\\\/fr\\\/reliez-vous\\\/partenaires\\\/team-shan\\\/#primaryimage\"},\"thumbnailUrl\":\"https:\\\/\\\/survivornet.ca\\\/wp-content\\\/uploads\\\/2024\\\/08\\\/Team-Shan.png\",\"datePublished\":\"2017-06-12T17:51:25+00:00\",\"dateModified\":\"2024-08-07T18:54:55+00:00\",\"breadcrumb\":{\"@id\":\"https:\\\/\\\/survivornet.ca\\\/fr\\\/reliez-vous\\\/partenaires\\\/team-shan\\\/#breadcrumb\"},\"inLanguage\":\"fr-FR\",\"potentialAction\":[{\"@type\":\"ReadAction\",\"target\":[\"https:\\\/\\\/survivornet.ca\\\/fr\\\/reliez-vous\\\/partenaires\\\/team-shan\\\/\"]}]},{\"@type\":\"ImageObject\",\"inLanguage\":\"fr-FR\",\"@id\":\"https:\\\/\\\/survivornet.ca\\\/fr\\\/reliez-vous\\\/partenaires\\\/team-shan\\\/#primaryimage\",\"url\":\"https:\\\/\\\/survivornet.ca\\\/wp-content\\\/uploads\\\/2024\\\/08\\\/Team-Shan.png\",\"contentUrl\":\"https:\\\/\\\/survivornet.ca\\\/wp-content\\\/uploads\\\/2024\\\/08\\\/Team-Shan.png\",\"width\":310,\"height\":229},{\"@type\":\"BreadcrumbList\",\"@id\":\"https:\\\/\\\/survivornet.ca\\\/fr\\\/reliez-vous\\\/partenaires\\\/team-shan\\\/#breadcrumb\",\"itemListElement\":[{\"@type\":\"ListItem\",\"position\":1,\"name\":\"Home\",\"item\":\"https:\\\/\\\/survivornet.ca\\\/fr\\\/\"},{\"@type\":\"ListItem\",\"position\":2,\"name\":\"Connectez\",\"item\":\"https:\\\/\\\/survivornet.ca\\\/fr\\\/reliez-vous\\\/\"},{\"@type\":\"ListItem\",\"position\":3,\"name\":\"Partenaires\",\"item\":\"https:\\\/\\\/survivornet.ca\\\/fr\\\/reliez-vous\\\/partenaires\\\/\"},{\"@type\":\"ListItem\",\"position\":4,\"name\":\"Team Shan\"}]},{\"@type\":\"WebSite\",\"@id\":\"https:\\\/\\\/survivornet.ca\\\/#website\",\"url\":\"https:\\\/\\\/survivornet.ca\\\/\",\"name\":\"Canadian Cancer Survivor Network\",\"description\":\"The Canadian Cancer Survivor Network was created by a group of Canadians concerned about cancer.\",\"publisher\":{\"@id\":\"https:\\\/\\\/survivornet.ca\\\/#organization\"},\"potentialAction\":[{\"@type\":\"SearchAction\",\"target\":{\"@type\":\"EntryPoint\",\"urlTemplate\":\"https:\\\/\\\/survivornet.ca\\\/?s={search_term_string}\"},\"query-input\":{\"@type\":\"PropertyValueSpecification\",\"valueRequired\":true,\"valueName\":\"search_term_string\"}}],\"inLanguage\":\"fr-FR\"},{\"@type\":\"Organization\",\"@id\":\"https:\\\/\\\/survivornet.ca\\\/#organization\",\"name\":\"Canadian Cancer Survivor Network\",\"url\":\"https:\\\/\\\/survivornet.ca\\\/\",\"logo\":{\"@type\":\"ImageObject\",\"inLanguage\":\"fr-FR\",\"@id\":\"https:\\\/\\\/survivornet.ca\\\/#\\\/schema\\\/logo\\\/image\\\/\",\"url\":\"http:\\\/\\\/survivornet.ca\\\/wp-content\\\/uploads\\\/2016\\\/12\\\/CCSN_Logo_EN_SQUARE.png\",\"contentUrl\":\"http:\\\/\\\/survivornet.ca\\\/wp-content\\\/uploads\\\/2016\\\/12\\\/CCSN_Logo_EN_SQUARE.png\",\"width\":1209,\"height\":1007,\"caption\":\"Canadian Cancer Survivor Network\"},\"image\":{\"@id\":\"https:\\\/\\\/survivornet.ca\\\/#\\\/schema\\\/logo\\\/image\\\/\"}}]}<\/script>\n<!-- \/ Yoast SEO plugin. -->","yoast_head_json":{"title":"Team Shan - Canadian Cancer Survivor Network","robots":{"index":"index","follow":"follow","max-snippet":"max-snippet:-1","max-image-preview":"max-image-preview:large","max-video-preview":"max-video-preview:-1"},"canonical":"https:\/\/survivornet.ca\/fr\/reliez-vous\/partenaires\/team-shan\/","og_locale":"fr_FR","og_type":"article","og_title":"Team Shan - Canadian Cancer Survivor Network","og_description":"&nbsp; Le groupe Team Shan fut ainsi nomm\u00e9 en l\u2019honneur de Shanna Larsen. Shan n\u2019avait que 24 ans lorsque le cancer du sein lui a pris sa vie. Les sympt\u00f4mes de Shan","og_url":"https:\/\/survivornet.ca\/fr\/reliez-vous\/partenaires\/team-shan\/","og_site_name":"Canadian Cancer Survivor Network","article_modified_time":"2024-08-07T18:54:55+00:00","og_image":[{"width":310,"height":229,"url":"https:\/\/survivornet.ca\/wp-content\/uploads\/2024\/08\/Team-Shan.png","type":"image\/png"}],"twitter_card":"summary_large_image","twitter_misc":{"Dur\u00e9e de lecture estim\u00e9e":"3 minutes"},"schema":{"@context":"https:\/\/schema.org","@graph":[{"@type":"WebPage","@id":"https:\/\/survivornet.ca\/fr\/reliez-vous\/partenaires\/team-shan\/","url":"https:\/\/survivornet.ca\/fr\/reliez-vous\/partenaires\/team-shan\/","name":"Team Shan - Canadian Cancer Survivor Network","isPartOf":{"@id":"https:\/\/survivornet.ca\/#website"},"primaryImageOfPage":{"@id":"https:\/\/survivornet.ca\/fr\/reliez-vous\/partenaires\/team-shan\/#primaryimage"},"image":{"@id":"https:\/\/survivornet.ca\/fr\/reliez-vous\/partenaires\/team-shan\/#primaryimage"},"thumbnailUrl":"https:\/\/survivornet.ca\/wp-content\/uploads\/2024\/08\/Team-Shan.png","datePublished":"2017-06-12T17:51:25+00:00","dateModified":"2024-08-07T18:54:55+00:00","breadcrumb":{"@id":"https:\/\/survivornet.ca\/fr\/reliez-vous\/partenaires\/team-shan\/#breadcrumb"},"inLanguage":"fr-FR","potentialAction":[{"@type":"ReadAction","target":["https:\/\/survivornet.ca\/fr\/reliez-vous\/partenaires\/team-shan\/"]}]},{"@type":"ImageObject","inLanguage":"fr-FR","@id":"https:\/\/survivornet.ca\/fr\/reliez-vous\/partenaires\/team-shan\/#primaryimage","url":"https:\/\/survivornet.ca\/wp-content\/uploads\/2024\/08\/Team-Shan.png","contentUrl":"https:\/\/survivornet.ca\/wp-content\/uploads\/2024\/08\/Team-Shan.png","width":310,"height":229},{"@type":"BreadcrumbList","@id":"https:\/\/survivornet.ca\/fr\/reliez-vous\/partenaires\/team-shan\/#breadcrumb","itemListElement":[{"@type":"ListItem","position":1,"name":"Home","item":"https:\/\/survivornet.ca\/fr\/"},{"@type":"ListItem","position":2,"name":"Connectez","item":"https:\/\/survivornet.ca\/fr\/reliez-vous\/"},{"@type":"ListItem","position":3,"name":"Partenaires","item":"https:\/\/survivornet.ca\/fr\/reliez-vous\/partenaires\/"},{"@type":"ListItem","position":4,"name":"Team Shan"}]},{"@type":"WebSite","@id":"https:\/\/survivornet.ca\/#website","url":"https:\/\/survivornet.ca\/","name":"Canadian Cancer Survivor Network","description":"The Canadian Cancer Survivor Network was created by a group of Canadians concerned about cancer.","publisher":{"@id":"https:\/\/survivornet.ca\/#organization"},"potentialAction":[{"@type":"SearchAction","target":{"@type":"EntryPoint","urlTemplate":"https:\/\/survivornet.ca\/?s={search_term_string}"},"query-input":{"@type":"PropertyValueSpecification","valueRequired":true,"valueName":"search_term_string"}}],"inLanguage":"fr-FR"},{"@type":"Organization","@id":"https:\/\/survivornet.ca\/#organization","name":"Canadian Cancer Survivor Network","url":"https:\/\/survivornet.ca\/","logo":{"@type":"ImageObject","inLanguage":"fr-FR","@id":"https:\/\/survivornet.ca\/#\/schema\/logo\/image\/","url":"http:\/\/survivornet.ca\/wp-content\/uploads\/2016\/12\/CCSN_Logo_EN_SQUARE.png","contentUrl":"http:\/\/survivornet.ca\/wp-content\/uploads\/2016\/12\/CCSN_Logo_EN_SQUARE.png","width":1209,"height":1007,"caption":"Canadian Cancer Survivor Network"},"image":{"@id":"https:\/\/survivornet.ca\/#\/schema\/logo\/image\/"}}]}},"_links":{"self":[{"href":"https:\/\/survivornet.ca\/fr\/wp-json\/wp\/v2\/pages\/5366","targetHints":{"allow":["GET"]}}],"collection":[{"href":"https:\/\/survivornet.ca\/fr\/wp-json\/wp\/v2\/pages"}],"about":[{"href":"https:\/\/survivornet.ca\/fr\/wp-json\/wp\/v2\/types\/page"}],"author":[{"embeddable":true,"href":"https:\/\/survivornet.ca\/fr\/wp-json\/wp\/v2\/users\/2"}],"replies":[{"embeddable":true,"href":"https:\/\/survivornet.ca\/fr\/wp-json\/wp\/v2\/comments?post=5366"}],"version-history":[{"count":2,"href":"https:\/\/survivornet.ca\/fr\/wp-json\/wp\/v2\/pages\/5366\/revisions"}],"predecessor-version":[{"id":30711,"href":"https:\/\/survivornet.ca\/fr\/wp-json\/wp\/v2\/pages\/5366\/revisions\/30711"}],"up":[{"embeddable":true,"href":"https:\/\/survivornet.ca\/fr\/wp-json\/wp\/v2\/pages\/4484"}],"wp:featuredmedia":[{"embeddable":true,"href":"https:\/\/survivornet.ca\/fr\/wp-json\/wp\/v2\/media\/30709"}],"wp:attachment":[{"href":"https:\/\/survivornet.ca\/fr\/wp-json\/wp\/v2\/media?parent=5366"}],"curies":[{"name":"wp","href":"https:\/\/api.w.org\/{rel}","templated":true}]}}