{"id":5364,"date":"2017-06-12T17:49:53","date_gmt":"2017-06-12T17:49:53","guid":{"rendered":"https:\/\/survivornet.ca\/?page_id=5364\/"},"modified":"2017-06-29T15:35:05","modified_gmt":"2017-06-29T15:35:05","slug":"self-help-resource-centre","status":"publish","type":"page","link":"https:\/\/survivornet.ca\/fr\/reliez-vous\/partenaires\/self-help-resource-centre\/","title":{"rendered":"Self Help Resource Centre"},"content":{"rendered":"<p><img decoding=\"async\" src=\"http:\/\/old.survivornet.ca\/uploads\/images\/Self%20Help%20Resource%20Centre%20-%20Logo.jpg\" alt=\"\" \/><\/p>\n<p>Le centre <em>Self Help Resource Centre<\/em> renforce les collectivit\u00e9s de partout en Ontario par la promotion de groupes de soutien par les pairs qui facilitent des r\u00e9sultats positifs pour les personnes qui font face \u00e0 des transitions de vie diverses et \u00e0 des d\u00e9fis personnels.<\/p>\n<p><strong>Mission<\/strong><\/p>\n<p>Le centre <em>Self Help Resource Centre<\/em> renforce les collectivit\u00e9s de partout en Ontario par la promotion de groupes de soutien par les pairs qui facilitent des r\u00e9sultats positifs pour les personnes qui font face \u00e0 des transitions de vie diverses et \u00e0 des d\u00e9fis personnels. Cela est possible gr\u00e2ce \u00e0 la collaboration d\u2019un personnel d\u00e9vou\u00e9, de b\u00e9n\u00e9voles, de partenaires et de membres de la communaut\u00e9 gr\u00e2ce \u00e0 des interventions de sensibilisation, de r\u00e9seautage, de renforcement des capacit\u00e9s, de consultation, de d\u00e9veloppement des ressources, et d\u2019\u00e9change de connaissances.<\/p>\n<p><strong>Vision<\/strong><\/p>\n<p>La vision du centre <em>Self Help Resource Centre<\/em> est celle o\u00f9 des groupes de soutien des pairs et les avantages qu&#8217;ils offrent \u00e0 la promotion de la sant\u00e9 sont reconnus et appr\u00e9ci\u00e9s par le gouvernement et les organisations de service aux personnes, et sont disponibles pour tous les ontariens.<\/p>\n<p><strong>Valeurs<\/strong><\/p>\n<ul class=\"content-list\">\n<li>Nous croyons en le <em>pouvoir des individus<\/em> qui se r\u00e9unissent autour d&#8217;une <em>question ou d\u2019un objectif commun<\/em> de promouvoir la sant\u00e9 mentale et le bien-\u00eatre.<\/li>\n<li>Nous croyons que chaque personne a le droit d&#8217;\u00eatre rencontr\u00e9e avec <em>compassion<\/em>, accept\u00e9e <em>sans jugement<\/em>, et trait\u00e9e avec <em>respect<\/em>, et nous soutenons un environnement de respect mutuel.<\/li>\n<li>Nous valorisons les <em>connaissances exp\u00e9rientielles<\/em>, et les <em>forces<\/em> et <em>ressources <\/em>auxquelles les individus, les organisations et les communaut\u00e9s contribuent.<\/li>\n<li>Nous favorisons le d\u00e9veloppement du <em>potentiel individuel<\/em> en fournissant un environnement qui favorise <em>l&#8217;auto-d\u00e9termination<\/em>, et encourage l&#8217;<em>apprentissage<\/em> et le <em>d\u00e9veloppement personnel.<\/em><\/li>\n<li>Nous croyons que chacun de nous nous enrichissons lorsque nous sommes capable de travailler en <em>collaboration <\/em>les uns avec les autres en <em>partageant des exp\u00e9riences, des perspectives, de l\u2019information, des connaissances, et du soutien.<\/em><\/li>\n<li>Nous pr\u00f4nons la diversit\u00e9, et supportons les <em>politiques et les pratiques non discriminatoires<\/em>. La diversit\u00e9 renvoie aux diff\u00e9rentes origines raciales et culturelles, \u00e0 l&#8217;\u00e2ge, au sexe, \u00e0 l&#8217;orientation sexuelle, et aux d\u00e9fis visibles et invisibles.<\/li>\n<li>Nous soutenons notre communaut\u00e9 en offrant une vari\u00e9t\u00e9 de <em>programmes et de services flexibles et sensibles<\/em> qui sont con\u00e7us pour rejoindre les individus et les communaut\u00e9s qui font face \u00e0 des obstacles devant l&#8217;acc\u00e8s aux services.<\/li>\n<li>Nous nous engageons \u00e0 veiller \u00e0 la provision de <em>services complets, de haute qualit\u00e9<\/em> d\u2019un <em>personnel bien inform\u00e9 <\/em>et <em>qualifi\u00e9.<\/em><\/li>\n<\/ul>\n<p><a href=\"http:\/\/www.selfhelp.on.ca\/\" target=\"_blank\" rel=\"noopener noreferrer\">Self Help Resource Centre<\/a><\/p>\n","protected":false},"excerpt":{"rendered":"<p>Le centre Self Help Resource Centre renforce les collectivit\u00e9s de partout en Ontario par la promotion de groupes de soutien par les pairs qui facilitent des r\u00e9sultats positifs pour les personnes qui<\/p>\n","protected":false},"author":2,"featured_media":5875,"parent":4484,"menu_order":19,"comment_status":"closed","ping_status":"closed","template":"","meta":{"_acf_changed":false,"footnotes":""},"class_list":["post-5364","page","type-page","status-publish","has-post-thumbnail","hentry"],"acf":[],"yoast_head":"<!-- This site is optimized with the Yoast SEO plugin v27.4 - https:\/\/yoast.com\/product\/yoast-seo-wordpress\/ -->\n<title>Self Help Resource Centre - Canadian Cancer Survivor Network<\/title>\n<meta name=\"robots\" content=\"index, follow, max-snippet:-1, max-image-preview:large, max-video-preview:-1\" \/>\n<link rel=\"canonical\" href=\"https:\/\/survivornet.ca\/fr\/reliez-vous\/partenaires\/self-help-resource-centre\/\" \/>\n<meta property=\"og:locale\" content=\"fr_FR\" \/>\n<meta property=\"og:type\" content=\"article\" \/>\n<meta property=\"og:title\" content=\"Self Help Resource Centre - Canadian Cancer Survivor Network\" \/>\n<meta property=\"og:description\" content=\"Le centre Self Help Resource Centre renforce les collectivit\u00e9s de partout en Ontario par la promotion de groupes de soutien par les pairs qui facilitent des r\u00e9sultats positifs pour les personnes qui\" \/>\n<meta property=\"og:url\" content=\"https:\/\/survivornet.ca\/fr\/reliez-vous\/partenaires\/self-help-resource-centre\/\" \/>\n<meta property=\"og:site_name\" content=\"Canadian Cancer Survivor Network\" \/>\n<meta property=\"article:modified_time\" content=\"2017-06-29T15:35:05+00:00\" \/>\n<meta property=\"og:image\" content=\"https:\/\/survivornet.ca\/wp-content\/uploads\/2017\/06\/Self-Help-Resource-Centre-Logo.jpg\" \/>\n\t<meta property=\"og:image:width\" content=\"270\" \/>\n\t<meta property=\"og:image:height\" content=\"170\" \/>\n\t<meta property=\"og:image:type\" content=\"image\/jpeg\" \/>\n<meta name=\"twitter:card\" content=\"summary_large_image\" \/>\n<meta name=\"twitter:label1\" content=\"Dur\u00e9e de lecture estim\u00e9e\" \/>\n\t<meta name=\"twitter:data1\" content=\"2 minutes\" \/>\n<script type=\"application\/ld+json\" class=\"yoast-schema-graph\">{\"@context\":\"https:\\\/\\\/schema.org\",\"@graph\":[{\"@type\":\"WebPage\",\"@id\":\"https:\\\/\\\/survivornet.ca\\\/fr\\\/reliez-vous\\\/partenaires\\\/self-help-resource-centre\\\/\",\"url\":\"https:\\\/\\\/survivornet.ca\\\/fr\\\/reliez-vous\\\/partenaires\\\/self-help-resource-centre\\\/\",\"name\":\"Self Help Resource Centre - Canadian Cancer Survivor Network\",\"isPartOf\":{\"@id\":\"https:\\\/\\\/survivornet.ca\\\/#website\"},\"primaryImageOfPage\":{\"@id\":\"https:\\\/\\\/survivornet.ca\\\/fr\\\/reliez-vous\\\/partenaires\\\/self-help-resource-centre\\\/#primaryimage\"},\"image\":{\"@id\":\"https:\\\/\\\/survivornet.ca\\\/fr\\\/reliez-vous\\\/partenaires\\\/self-help-resource-centre\\\/#primaryimage\"},\"thumbnailUrl\":\"https:\\\/\\\/survivornet.ca\\\/wp-content\\\/uploads\\\/2017\\\/06\\\/Self-Help-Resource-Centre-Logo.jpg\",\"datePublished\":\"2017-06-12T17:49:53+00:00\",\"dateModified\":\"2017-06-29T15:35:05+00:00\",\"breadcrumb\":{\"@id\":\"https:\\\/\\\/survivornet.ca\\\/fr\\\/reliez-vous\\\/partenaires\\\/self-help-resource-centre\\\/#breadcrumb\"},\"inLanguage\":\"fr-FR\",\"potentialAction\":[{\"@type\":\"ReadAction\",\"target\":[\"https:\\\/\\\/survivornet.ca\\\/fr\\\/reliez-vous\\\/partenaires\\\/self-help-resource-centre\\\/\"]}]},{\"@type\":\"ImageObject\",\"inLanguage\":\"fr-FR\",\"@id\":\"https:\\\/\\\/survivornet.ca\\\/fr\\\/reliez-vous\\\/partenaires\\\/self-help-resource-centre\\\/#primaryimage\",\"url\":\"https:\\\/\\\/survivornet.ca\\\/wp-content\\\/uploads\\\/2017\\\/06\\\/Self-Help-Resource-Centre-Logo.jpg\",\"contentUrl\":\"https:\\\/\\\/survivornet.ca\\\/wp-content\\\/uploads\\\/2017\\\/06\\\/Self-Help-Resource-Centre-Logo.jpg\",\"width\":270,\"height\":170},{\"@type\":\"BreadcrumbList\",\"@id\":\"https:\\\/\\\/survivornet.ca\\\/fr\\\/reliez-vous\\\/partenaires\\\/self-help-resource-centre\\\/#breadcrumb\",\"itemListElement\":[{\"@type\":\"ListItem\",\"position\":1,\"name\":\"Home\",\"item\":\"https:\\\/\\\/survivornet.ca\\\/fr\\\/\"},{\"@type\":\"ListItem\",\"position\":2,\"name\":\"Connectez\",\"item\":\"https:\\\/\\\/survivornet.ca\\\/fr\\\/reliez-vous\\\/\"},{\"@type\":\"ListItem\",\"position\":3,\"name\":\"Partenaires\",\"item\":\"https:\\\/\\\/survivornet.ca\\\/fr\\\/reliez-vous\\\/partenaires\\\/\"},{\"@type\":\"ListItem\",\"position\":4,\"name\":\"Self Help Resource Centre\"}]},{\"@type\":\"WebSite\",\"@id\":\"https:\\\/\\\/survivornet.ca\\\/#website\",\"url\":\"https:\\\/\\\/survivornet.ca\\\/\",\"name\":\"Canadian Cancer Survivor Network\",\"description\":\"The Canadian Cancer Survivor Network was created by a group of Canadians concerned about cancer.\",\"publisher\":{\"@id\":\"https:\\\/\\\/survivornet.ca\\\/#organization\"},\"potentialAction\":[{\"@type\":\"SearchAction\",\"target\":{\"@type\":\"EntryPoint\",\"urlTemplate\":\"https:\\\/\\\/survivornet.ca\\\/?s={search_term_string}\"},\"query-input\":{\"@type\":\"PropertyValueSpecification\",\"valueRequired\":true,\"valueName\":\"search_term_string\"}}],\"inLanguage\":\"fr-FR\"},{\"@type\":\"Organization\",\"@id\":\"https:\\\/\\\/survivornet.ca\\\/#organization\",\"name\":\"Canadian Cancer Survivor Network\",\"url\":\"https:\\\/\\\/survivornet.ca\\\/\",\"logo\":{\"@type\":\"ImageObject\",\"inLanguage\":\"fr-FR\",\"@id\":\"https:\\\/\\\/survivornet.ca\\\/#\\\/schema\\\/logo\\\/image\\\/\",\"url\":\"http:\\\/\\\/survivornet.ca\\\/wp-content\\\/uploads\\\/2016\\\/12\\\/CCSN_Logo_EN_SQUARE.png\",\"contentUrl\":\"http:\\\/\\\/survivornet.ca\\\/wp-content\\\/uploads\\\/2016\\\/12\\\/CCSN_Logo_EN_SQUARE.png\",\"width\":1209,\"height\":1007,\"caption\":\"Canadian Cancer Survivor Network\"},\"image\":{\"@id\":\"https:\\\/\\\/survivornet.ca\\\/#\\\/schema\\\/logo\\\/image\\\/\"}}]}<\/script>\n<!-- \/ Yoast SEO plugin. -->","yoast_head_json":{"title":"Self Help Resource Centre - Canadian Cancer Survivor Network","robots":{"index":"index","follow":"follow","max-snippet":"max-snippet:-1","max-image-preview":"max-image-preview:large","max-video-preview":"max-video-preview:-1"},"canonical":"https:\/\/survivornet.ca\/fr\/reliez-vous\/partenaires\/self-help-resource-centre\/","og_locale":"fr_FR","og_type":"article","og_title":"Self Help Resource Centre - Canadian Cancer Survivor Network","og_description":"Le centre Self Help Resource Centre renforce les collectivit\u00e9s de partout en Ontario par la promotion de groupes de soutien par les pairs qui facilitent des r\u00e9sultats positifs pour les personnes qui","og_url":"https:\/\/survivornet.ca\/fr\/reliez-vous\/partenaires\/self-help-resource-centre\/","og_site_name":"Canadian Cancer Survivor Network","article_modified_time":"2017-06-29T15:35:05+00:00","og_image":[{"width":270,"height":170,"url":"https:\/\/survivornet.ca\/wp-content\/uploads\/2017\/06\/Self-Help-Resource-Centre-Logo.jpg","type":"image\/jpeg"}],"twitter_card":"summary_large_image","twitter_misc":{"Dur\u00e9e de lecture estim\u00e9e":"2 minutes"},"schema":{"@context":"https:\/\/schema.org","@graph":[{"@type":"WebPage","@id":"https:\/\/survivornet.ca\/fr\/reliez-vous\/partenaires\/self-help-resource-centre\/","url":"https:\/\/survivornet.ca\/fr\/reliez-vous\/partenaires\/self-help-resource-centre\/","name":"Self Help Resource Centre - Canadian Cancer Survivor Network","isPartOf":{"@id":"https:\/\/survivornet.ca\/#website"},"primaryImageOfPage":{"@id":"https:\/\/survivornet.ca\/fr\/reliez-vous\/partenaires\/self-help-resource-centre\/#primaryimage"},"image":{"@id":"https:\/\/survivornet.ca\/fr\/reliez-vous\/partenaires\/self-help-resource-centre\/#primaryimage"},"thumbnailUrl":"https:\/\/survivornet.ca\/wp-content\/uploads\/2017\/06\/Self-Help-Resource-Centre-Logo.jpg","datePublished":"2017-06-12T17:49:53+00:00","dateModified":"2017-06-29T15:35:05+00:00","breadcrumb":{"@id":"https:\/\/survivornet.ca\/fr\/reliez-vous\/partenaires\/self-help-resource-centre\/#breadcrumb"},"inLanguage":"fr-FR","potentialAction":[{"@type":"ReadAction","target":["https:\/\/survivornet.ca\/fr\/reliez-vous\/partenaires\/self-help-resource-centre\/"]}]},{"@type":"ImageObject","inLanguage":"fr-FR","@id":"https:\/\/survivornet.ca\/fr\/reliez-vous\/partenaires\/self-help-resource-centre\/#primaryimage","url":"https:\/\/survivornet.ca\/wp-content\/uploads\/2017\/06\/Self-Help-Resource-Centre-Logo.jpg","contentUrl":"https:\/\/survivornet.ca\/wp-content\/uploads\/2017\/06\/Self-Help-Resource-Centre-Logo.jpg","width":270,"height":170},{"@type":"BreadcrumbList","@id":"https:\/\/survivornet.ca\/fr\/reliez-vous\/partenaires\/self-help-resource-centre\/#breadcrumb","itemListElement":[{"@type":"ListItem","position":1,"name":"Home","item":"https:\/\/survivornet.ca\/fr\/"},{"@type":"ListItem","position":2,"name":"Connectez","item":"https:\/\/survivornet.ca\/fr\/reliez-vous\/"},{"@type":"ListItem","position":3,"name":"Partenaires","item":"https:\/\/survivornet.ca\/fr\/reliez-vous\/partenaires\/"},{"@type":"ListItem","position":4,"name":"Self Help Resource Centre"}]},{"@type":"WebSite","@id":"https:\/\/survivornet.ca\/#website","url":"https:\/\/survivornet.ca\/","name":"Canadian Cancer Survivor Network","description":"The Canadian Cancer Survivor Network was created by a group of Canadians concerned about cancer.","publisher":{"@id":"https:\/\/survivornet.ca\/#organization"},"potentialAction":[{"@type":"SearchAction","target":{"@type":"EntryPoint","urlTemplate":"https:\/\/survivornet.ca\/?s={search_term_string}"},"query-input":{"@type":"PropertyValueSpecification","valueRequired":true,"valueName":"search_term_string"}}],"inLanguage":"fr-FR"},{"@type":"Organization","@id":"https:\/\/survivornet.ca\/#organization","name":"Canadian Cancer Survivor Network","url":"https:\/\/survivornet.ca\/","logo":{"@type":"ImageObject","inLanguage":"fr-FR","@id":"https:\/\/survivornet.ca\/#\/schema\/logo\/image\/","url":"http:\/\/survivornet.ca\/wp-content\/uploads\/2016\/12\/CCSN_Logo_EN_SQUARE.png","contentUrl":"http:\/\/survivornet.ca\/wp-content\/uploads\/2016\/12\/CCSN_Logo_EN_SQUARE.png","width":1209,"height":1007,"caption":"Canadian Cancer Survivor Network"},"image":{"@id":"https:\/\/survivornet.ca\/#\/schema\/logo\/image\/"}}]}},"_links":{"self":[{"href":"https:\/\/survivornet.ca\/fr\/wp-json\/wp\/v2\/pages\/5364","targetHints":{"allow":["GET"]}}],"collection":[{"href":"https:\/\/survivornet.ca\/fr\/wp-json\/wp\/v2\/pages"}],"about":[{"href":"https:\/\/survivornet.ca\/fr\/wp-json\/wp\/v2\/types\/page"}],"author":[{"embeddable":true,"href":"https:\/\/survivornet.ca\/fr\/wp-json\/wp\/v2\/users\/2"}],"replies":[{"embeddable":true,"href":"https:\/\/survivornet.ca\/fr\/wp-json\/wp\/v2\/comments?post=5364"}],"version-history":[{"count":0,"href":"https:\/\/survivornet.ca\/fr\/wp-json\/wp\/v2\/pages\/5364\/revisions"}],"up":[{"embeddable":true,"href":"https:\/\/survivornet.ca\/fr\/wp-json\/wp\/v2\/pages\/4484"}],"wp:featuredmedia":[{"embeddable":true,"href":"https:\/\/survivornet.ca\/fr\/wp-json\/wp\/v2\/media\/5875"}],"wp:attachment":[{"href":"https:\/\/survivornet.ca\/fr\/wp-json\/wp\/v2\/media?parent=5364"}],"curies":[{"name":"wp","href":"https:\/\/api.w.org\/{rel}","templated":true}]}}