{"id":5362,"date":"2017-06-12T17:48:28","date_gmt":"2017-06-12T17:48:28","guid":{"rendered":"https:\/\/survivornet.ca\/?page_id=5362\/"},"modified":"2024-08-07T14:49:14","modified_gmt":"2024-08-07T18:49:14","slug":"fondation-sauve-ta-peau","status":"publish","type":"page","link":"https:\/\/survivornet.ca\/fr\/reliez-vous\/partenaires\/fondation-sauve-ta-peau\/","title":{"rendered":"Fondation sauve ta peau"},"content":{"rendered":"<div><img loading=\"lazy\" decoding=\"async\" class=\"aligncenter  wp-image-30700\" src=\"http:\/\/survivornet.ca\/wp-content\/uploads\/2024\/08\/Fondation-Sauve-ta-peau.png\" alt=\"\" width=\"559\" height=\"167\" srcset=\"https:\/\/survivornet.ca\/wp-content\/uploads\/2024\/08\/Fondation-Sauve-ta-peau.png 1345w, https:\/\/survivornet.ca\/wp-content\/uploads\/2024\/08\/Fondation-Sauve-ta-peau-768x230.png 768w\" sizes=\"auto, (max-width: 559px) 100vw, 559px\" \/><\/div>\n<div><\/div>\n<div><a href=\"http:\/\/www.saveyourskin.ca\/fr\" target=\"_blank\" rel=\"noopener noreferrer\">http:\/\/www.saveyourskin.ca\/fr<\/a>\/<\/div>\n<div>\n<h3>ne sous-estimez jamais le pouvoir d\u2019une communaut\u00e9<\/h3>\n<p>La Fondation Sauve Ta Peau a \u00e9t\u00e9 cr\u00e9\u00e9e par amour. En effet, la famille, les amis et les coll\u00e8gues de la fondatrice Kathy Barnard ont ressenti le besoin de \u00ab\u00a0faire quelque chose\u00a0\u00bb lorsque Kathy luttait contre le m\u00e9lanome et que peu d\u2019information \u00e9tait mise \u00e0 leur disposition.<\/p>\n<p>Lorsqu\u2019un de leurs proches est frapp\u00e9 par la maladie, les gens se sentent impuissants et ignorent vers qui se tourner pour obtenir du soutien et des renseignements. C\u2019est ce qui est arriv\u00e9 \u00e0 Kathy, sa famille et ses amis. Ils ont cherch\u00e9 partout pour trouver de l\u2019information sur la maladie, les traitements et la recherche, mais n\u2019ont obtenu que tr\u00e8s peu de r\u00e9ponses \u00e0 leurs questions. Les ressources \u00e9taient rares, ce qui augmentait le stress v\u00e9cu par Kathy et sa famille.<\/p>\n<p>Rose, la s\u0153ur de Kathy, en a eu assez de se sentir impuissante et a d\u00e9cid\u00e9 de passer \u00e0 l\u2019action. La FSTP a \u00e9t\u00e9 \u00e9tablie en 2006, et d\u00e8s le premier jour, les objectifs \u00e9taient clairs\u00a0: sensibiliser le public au m\u00e9lanome et aux autres cancers de la peau. La FSTP est \u00e9galement vou\u00e9e \u00e0 informer les patients atteints d\u2019un m\u00e9lanome sur les options de traitement disponibles, entre autres en facilitant l\u2019acc\u00e8s aux essais th\u00e9rapeutiques autrement difficiles \u00e0 trouver. La plupart des traitements en sont encore au stade exp\u00e9rimental, mais donnent d\u2019excellents r\u00e9sultats<\/p>\n<\/div>\n<div>\n<div>\n<div>Kathy Barnard pr\u00e9sidente, fondatrice\u00a0<a href=\"mailto:kathy@saveyourskin.ca\" target=\"_blank\" rel=\"noopener noreferrer\">kathy@saveyourskin.<wbr \/>ca<\/a><\/div>\n<div>Sabrina Hanna directrice regionale- est du Canada\u00a0<a href=\"mailto:sabrina@saveyourskin.ca\" target=\"_blank\" rel=\"noopener noreferrer\">sabrina@saveyourskin.ca<\/a><wbr \/><\/div>\n<\/div>\n<div>Twitter\u00a0<a href=\"https:\/\/twitter.com\/saveyourskinfdn\" target=\"_blank\" rel=\"noopener noreferrer\">@saveyourskinfdn<\/a><\/div>\n<div><a href=\"https:\/\/www.facebook.com\/pages\/Sauve-ta-Peau\/675706722447728\" target=\"_blank\" rel=\"noopener noreferrer\">Facebook\u00a0<\/a><a href=\"https:\/\/www.facebook.com\/pages\/Sauve-ta-Peau\/675706722447728\" target=\"_blank\" rel=\"noopener noreferrer\">\u00a0Fondation Sauve Ta Peau<\/a><\/div>\n<\/div>\n","protected":false},"excerpt":{"rendered":"<p>http:\/\/www.saveyourskin.ca\/fr\/ ne sous-estimez jamais le pouvoir d\u2019une communaut\u00e9 La Fondation Sauve Ta Peau a \u00e9t\u00e9 cr\u00e9\u00e9e par amour. En effet, la famille, les amis et les coll\u00e8gues de la fondatrice Kathy Barnard<\/p>\n","protected":false},"author":2,"featured_media":30700,"parent":4484,"menu_order":56,"comment_status":"closed","ping_status":"closed","template":"","meta":{"_acf_changed":false,"footnotes":""},"class_list":["post-5362","page","type-page","status-publish","has-post-thumbnail","hentry"],"acf":[],"yoast_head":"<!-- This site is optimized with the Yoast SEO plugin v27.4 - https:\/\/yoast.com\/product\/yoast-seo-wordpress\/ -->\n<title>Fondation sauve ta peau - Canadian Cancer Survivor Network<\/title>\n<meta name=\"robots\" content=\"index, follow, max-snippet:-1, max-image-preview:large, max-video-preview:-1\" \/>\n<link rel=\"canonical\" href=\"https:\/\/survivornet.ca\/connect\/partners\/save-your-skin-foundation\/\" \/>\n<meta property=\"og:locale\" content=\"fr_FR\" \/>\n<meta property=\"og:type\" content=\"article\" \/>\n<meta property=\"og:title\" content=\"Fondation sauve ta peau - Canadian Cancer Survivor Network\" \/>\n<meta property=\"og:description\" content=\"http:\/\/www.saveyourskin.ca\/fr\/ ne sous-estimez jamais le pouvoir d\u2019une communaut\u00e9 La Fondation Sauve Ta Peau a \u00e9t\u00e9 cr\u00e9\u00e9e par amour. En effet, la famille, les amis et les coll\u00e8gues de la fondatrice Kathy Barnard\" \/>\n<meta property=\"og:url\" content=\"https:\/\/survivornet.ca\/connect\/partners\/save-your-skin-foundation\/\" \/>\n<meta property=\"og:site_name\" content=\"Canadian Cancer Survivor Network\" \/>\n<meta property=\"article:modified_time\" content=\"2024-08-07T18:49:14+00:00\" \/>\n<meta property=\"og:image\" content=\"https:\/\/survivornet.ca\/wp-content\/uploads\/2024\/08\/Fondation-Sauve-ta-peau.png\" \/>\n\t<meta property=\"og:image:width\" content=\"1345\" \/>\n\t<meta property=\"og:image:height\" content=\"402\" \/>\n\t<meta property=\"og:image:type\" content=\"image\/png\" \/>\n<meta name=\"twitter:card\" content=\"summary_large_image\" \/>\n<meta name=\"twitter:label1\" content=\"Dur\u00e9e de lecture estim\u00e9e\" \/>\n\t<meta name=\"twitter:data1\" content=\"2 minutes\" \/>\n<script type=\"application\/ld+json\" class=\"yoast-schema-graph\">{\"@context\":\"https:\\\/\\\/schema.org\",\"@graph\":[{\"@type\":\"WebPage\",\"@id\":\"https:\\\/\\\/survivornet.ca\\\/connect\\\/partners\\\/save-your-skin-foundation\\\/\",\"url\":\"https:\\\/\\\/survivornet.ca\\\/connect\\\/partners\\\/save-your-skin-foundation\\\/\",\"name\":\"Fondation sauve ta peau - Canadian Cancer Survivor Network\",\"isPartOf\":{\"@id\":\"https:\\\/\\\/survivornet.ca\\\/#website\"},\"primaryImageOfPage\":{\"@id\":\"https:\\\/\\\/survivornet.ca\\\/connect\\\/partners\\\/save-your-skin-foundation\\\/#primaryimage\"},\"image\":{\"@id\":\"https:\\\/\\\/survivornet.ca\\\/connect\\\/partners\\\/save-your-skin-foundation\\\/#primaryimage\"},\"thumbnailUrl\":\"https:\\\/\\\/survivornet.ca\\\/wp-content\\\/uploads\\\/2024\\\/08\\\/Fondation-Sauve-ta-peau.png\",\"datePublished\":\"2017-06-12T17:48:28+00:00\",\"dateModified\":\"2024-08-07T18:49:14+00:00\",\"breadcrumb\":{\"@id\":\"https:\\\/\\\/survivornet.ca\\\/connect\\\/partners\\\/save-your-skin-foundation\\\/#breadcrumb\"},\"inLanguage\":\"fr-FR\",\"potentialAction\":[{\"@type\":\"ReadAction\",\"target\":[\"https:\\\/\\\/survivornet.ca\\\/connect\\\/partners\\\/save-your-skin-foundation\\\/\"]}]},{\"@type\":\"ImageObject\",\"inLanguage\":\"fr-FR\",\"@id\":\"https:\\\/\\\/survivornet.ca\\\/connect\\\/partners\\\/save-your-skin-foundation\\\/#primaryimage\",\"url\":\"https:\\\/\\\/survivornet.ca\\\/wp-content\\\/uploads\\\/2024\\\/08\\\/Fondation-Sauve-ta-peau.png\",\"contentUrl\":\"https:\\\/\\\/survivornet.ca\\\/wp-content\\\/uploads\\\/2024\\\/08\\\/Fondation-Sauve-ta-peau.png\",\"width\":1345,\"height\":402},{\"@type\":\"BreadcrumbList\",\"@id\":\"https:\\\/\\\/survivornet.ca\\\/connect\\\/partners\\\/save-your-skin-foundation\\\/#breadcrumb\",\"itemListElement\":[{\"@type\":\"ListItem\",\"position\":1,\"name\":\"Home\",\"item\":\"https:\\\/\\\/survivornet.ca\\\/fr\\\/\"},{\"@type\":\"ListItem\",\"position\":2,\"name\":\"Connectez\",\"item\":\"https:\\\/\\\/survivornet.ca\\\/fr\\\/reliez-vous\\\/\"},{\"@type\":\"ListItem\",\"position\":3,\"name\":\"Partenaires\",\"item\":\"https:\\\/\\\/survivornet.ca\\\/fr\\\/reliez-vous\\\/partenaires\\\/\"},{\"@type\":\"ListItem\",\"position\":4,\"name\":\"Fondation sauve ta peau\"}]},{\"@type\":\"WebSite\",\"@id\":\"https:\\\/\\\/survivornet.ca\\\/#website\",\"url\":\"https:\\\/\\\/survivornet.ca\\\/\",\"name\":\"Canadian Cancer Survivor Network\",\"description\":\"The Canadian Cancer Survivor Network was created by a group of Canadians concerned about cancer.\",\"publisher\":{\"@id\":\"https:\\\/\\\/survivornet.ca\\\/#organization\"},\"potentialAction\":[{\"@type\":\"SearchAction\",\"target\":{\"@type\":\"EntryPoint\",\"urlTemplate\":\"https:\\\/\\\/survivornet.ca\\\/?s={search_term_string}\"},\"query-input\":{\"@type\":\"PropertyValueSpecification\",\"valueRequired\":true,\"valueName\":\"search_term_string\"}}],\"inLanguage\":\"fr-FR\"},{\"@type\":\"Organization\",\"@id\":\"https:\\\/\\\/survivornet.ca\\\/#organization\",\"name\":\"Canadian Cancer Survivor Network\",\"url\":\"https:\\\/\\\/survivornet.ca\\\/\",\"logo\":{\"@type\":\"ImageObject\",\"inLanguage\":\"fr-FR\",\"@id\":\"https:\\\/\\\/survivornet.ca\\\/#\\\/schema\\\/logo\\\/image\\\/\",\"url\":\"http:\\\/\\\/survivornet.ca\\\/wp-content\\\/uploads\\\/2016\\\/12\\\/CCSN_Logo_EN_SQUARE.png\",\"contentUrl\":\"http:\\\/\\\/survivornet.ca\\\/wp-content\\\/uploads\\\/2016\\\/12\\\/CCSN_Logo_EN_SQUARE.png\",\"width\":1209,\"height\":1007,\"caption\":\"Canadian Cancer Survivor Network\"},\"image\":{\"@id\":\"https:\\\/\\\/survivornet.ca\\\/#\\\/schema\\\/logo\\\/image\\\/\"}}]}<\/script>\n<!-- \/ Yoast SEO plugin. -->","yoast_head_json":{"title":"Fondation sauve ta peau - Canadian Cancer Survivor Network","robots":{"index":"index","follow":"follow","max-snippet":"max-snippet:-1","max-image-preview":"max-image-preview:large","max-video-preview":"max-video-preview:-1"},"canonical":"https:\/\/survivornet.ca\/connect\/partners\/save-your-skin-foundation\/","og_locale":"fr_FR","og_type":"article","og_title":"Fondation sauve ta peau - Canadian Cancer Survivor Network","og_description":"http:\/\/www.saveyourskin.ca\/fr\/ ne sous-estimez jamais le pouvoir d\u2019une communaut\u00e9 La Fondation Sauve Ta Peau a \u00e9t\u00e9 cr\u00e9\u00e9e par amour. En effet, la famille, les amis et les coll\u00e8gues de la fondatrice Kathy Barnard","og_url":"https:\/\/survivornet.ca\/connect\/partners\/save-your-skin-foundation\/","og_site_name":"Canadian Cancer Survivor Network","article_modified_time":"2024-08-07T18:49:14+00:00","og_image":[{"width":1345,"height":402,"url":"https:\/\/survivornet.ca\/wp-content\/uploads\/2024\/08\/Fondation-Sauve-ta-peau.png","type":"image\/png"}],"twitter_card":"summary_large_image","twitter_misc":{"Dur\u00e9e de lecture estim\u00e9e":"2 minutes"},"schema":{"@context":"https:\/\/schema.org","@graph":[{"@type":"WebPage","@id":"https:\/\/survivornet.ca\/connect\/partners\/save-your-skin-foundation\/","url":"https:\/\/survivornet.ca\/connect\/partners\/save-your-skin-foundation\/","name":"Fondation sauve ta peau - Canadian Cancer Survivor Network","isPartOf":{"@id":"https:\/\/survivornet.ca\/#website"},"primaryImageOfPage":{"@id":"https:\/\/survivornet.ca\/connect\/partners\/save-your-skin-foundation\/#primaryimage"},"image":{"@id":"https:\/\/survivornet.ca\/connect\/partners\/save-your-skin-foundation\/#primaryimage"},"thumbnailUrl":"https:\/\/survivornet.ca\/wp-content\/uploads\/2024\/08\/Fondation-Sauve-ta-peau.png","datePublished":"2017-06-12T17:48:28+00:00","dateModified":"2024-08-07T18:49:14+00:00","breadcrumb":{"@id":"https:\/\/survivornet.ca\/connect\/partners\/save-your-skin-foundation\/#breadcrumb"},"inLanguage":"fr-FR","potentialAction":[{"@type":"ReadAction","target":["https:\/\/survivornet.ca\/connect\/partners\/save-your-skin-foundation\/"]}]},{"@type":"ImageObject","inLanguage":"fr-FR","@id":"https:\/\/survivornet.ca\/connect\/partners\/save-your-skin-foundation\/#primaryimage","url":"https:\/\/survivornet.ca\/wp-content\/uploads\/2024\/08\/Fondation-Sauve-ta-peau.png","contentUrl":"https:\/\/survivornet.ca\/wp-content\/uploads\/2024\/08\/Fondation-Sauve-ta-peau.png","width":1345,"height":402},{"@type":"BreadcrumbList","@id":"https:\/\/survivornet.ca\/connect\/partners\/save-your-skin-foundation\/#breadcrumb","itemListElement":[{"@type":"ListItem","position":1,"name":"Home","item":"https:\/\/survivornet.ca\/fr\/"},{"@type":"ListItem","position":2,"name":"Connectez","item":"https:\/\/survivornet.ca\/fr\/reliez-vous\/"},{"@type":"ListItem","position":3,"name":"Partenaires","item":"https:\/\/survivornet.ca\/fr\/reliez-vous\/partenaires\/"},{"@type":"ListItem","position":4,"name":"Fondation sauve ta peau"}]},{"@type":"WebSite","@id":"https:\/\/survivornet.ca\/#website","url":"https:\/\/survivornet.ca\/","name":"Canadian Cancer Survivor Network","description":"The Canadian Cancer Survivor Network was created by a group of Canadians concerned about cancer.","publisher":{"@id":"https:\/\/survivornet.ca\/#organization"},"potentialAction":[{"@type":"SearchAction","target":{"@type":"EntryPoint","urlTemplate":"https:\/\/survivornet.ca\/?s={search_term_string}"},"query-input":{"@type":"PropertyValueSpecification","valueRequired":true,"valueName":"search_term_string"}}],"inLanguage":"fr-FR"},{"@type":"Organization","@id":"https:\/\/survivornet.ca\/#organization","name":"Canadian Cancer Survivor Network","url":"https:\/\/survivornet.ca\/","logo":{"@type":"ImageObject","inLanguage":"fr-FR","@id":"https:\/\/survivornet.ca\/#\/schema\/logo\/image\/","url":"http:\/\/survivornet.ca\/wp-content\/uploads\/2016\/12\/CCSN_Logo_EN_SQUARE.png","contentUrl":"http:\/\/survivornet.ca\/wp-content\/uploads\/2016\/12\/CCSN_Logo_EN_SQUARE.png","width":1209,"height":1007,"caption":"Canadian Cancer Survivor Network"},"image":{"@id":"https:\/\/survivornet.ca\/#\/schema\/logo\/image\/"}}]}},"_links":{"self":[{"href":"https:\/\/survivornet.ca\/fr\/wp-json\/wp\/v2\/pages\/5362","targetHints":{"allow":["GET"]}}],"collection":[{"href":"https:\/\/survivornet.ca\/fr\/wp-json\/wp\/v2\/pages"}],"about":[{"href":"https:\/\/survivornet.ca\/fr\/wp-json\/wp\/v2\/types\/page"}],"author":[{"embeddable":true,"href":"https:\/\/survivornet.ca\/fr\/wp-json\/wp\/v2\/users\/2"}],"replies":[{"embeddable":true,"href":"https:\/\/survivornet.ca\/fr\/wp-json\/wp\/v2\/comments?post=5362"}],"version-history":[{"count":1,"href":"https:\/\/survivornet.ca\/fr\/wp-json\/wp\/v2\/pages\/5362\/revisions"}],"predecessor-version":[{"id":30702,"href":"https:\/\/survivornet.ca\/fr\/wp-json\/wp\/v2\/pages\/5362\/revisions\/30702"}],"up":[{"embeddable":true,"href":"https:\/\/survivornet.ca\/fr\/wp-json\/wp\/v2\/pages\/4484"}],"wp:featuredmedia":[{"embeddable":true,"href":"https:\/\/survivornet.ca\/fr\/wp-json\/wp\/v2\/media\/30700"}],"wp:attachment":[{"href":"https:\/\/survivornet.ca\/fr\/wp-json\/wp\/v2\/media?parent=5362"}],"curies":[{"name":"wp","href":"https:\/\/api.w.org\/{rel}","templated":true}]}}