{"id":5360,"date":"2017-06-12T17:46:21","date_gmt":"2017-06-12T17:46:21","guid":{"rendered":"https:\/\/survivornet.ca\/?page_id=5360\/"},"modified":"2024-08-07T14:46:42","modified_gmt":"2024-08-07T18:46:42","slug":"reseau-des-femmes-rurales-du-nepal-ruwon-nepal","status":"publish","type":"page","link":"https:\/\/survivornet.ca\/fr\/reliez-vous\/partenaires\/reseau-des-femmes-rurales-du-nepal-ruwon-nepal\/","title":{"rendered":"R\u00e9seau des femmes rurales du N\u00e9pal (RUWON N\u00e9pal)"},"content":{"rendered":"<p><img decoding=\"async\" class=\"aligncenter\" src=\"https:\/\/ruwonnepal.org.np\/wp-content\/themes\/ruwon_nepal\/images\/RUWON-Nepal.png\" alt=\"RUWON Nepal\" \/><\/p>\n<p>Le R\u00e9seau des femmes rurales du N\u00e9pal (RUWON N\u00e9pal) est une organisation sociale autonome non gouvernementale qui travaille pour les droits et la justice sociale des femmes, des jeunes et des enfants au N\u00e9pal. En 2007, l\u2019organisation a \u00e9t\u00e9 enregistr\u00e9e au bureau de l\u2019administration du district, Sindhuli, au sein de la F\u00e9d\u00e9ration n\u00e9palaise des ONG et au bureau de l\u2019Imp\u00f4t sur le revenu, Janakpur. En outre, il a entrepris de s\u2019affilier au Conseil n\u00e9palais du bien-\u00eatre social. M\u00eame si le r\u00e9seau RUWON est une jeune organisation, il a d\u00e9j\u00e0 mis en place un certain nombre de projets \u00e0 travers le pays, dont la majorit\u00e9 sont situ\u00e9s dans les districts de Sindhuli et Katmandou.<\/p>\n<p>RUWON N\u00e9pal aide les femmes de communaut\u00e9s exclues, marginalis\u00e9es et d\u00e9favoris\u00e9es \u00e0 atteindre un d\u00e9veloppement durable et \u00e9quitable gr\u00e2ce \u00e0 l\u2019inclusion sociale, \u00e0 la d\u00e9fense de leurs droits et \u00e0 l\u2019autonomisation. En outre, RUWON travaille pour les droits des enfants et des jeunes. Gr\u00e2ce \u00e0 la cr\u00e9ation de forums de discussion, d\u2019\u00e9ducation et de sensibilisation, l\u2019organisation aspire \u00e0 renforcer les capacit\u00e9s des enfants et des jeunes \u00e0 participer activement au d\u00e9veloppement du pays. La paix durable et la d\u00e9mocratie sont au c\u0153ur de la philosophie et des programmes correspondants de RUWON.<\/p>\n<p><strong>Objectifs<\/strong><\/p>\n<p>\u2022 Cr\u00e9er une soci\u00e9t\u00e9 fond\u00e9e sur l&#8217;\u00e9galit\u00e9 des sexes, la paix, la sensibilisation et le respect des droits humains.<br \/>\n\u2022 Am\u00e9liorer la situation sociale actuelle des femmes et la situation socio-\u00e9conomique des communaut\u00e9s marginalis\u00e9es en fournissant des outils tels que l&#8217;\u00e9ducation, la connaissance et les comp\u00e9tences.<br \/>\n\u2022 Pr\u00e9venir la traite et la prostitution gr\u00e2ce \u00e0 l&#8217;\u00e9ducation, l&#8217;autonomisation \u00e9conomique et une sensibilisation \u00e0 ce probl\u00e8me dans les communaut\u00e9s rurales.<br \/>\n\u2022 Favoriser l&#8217;autonomisation des femmes, des jeunes et des enfants afin qu\u2019elles et ils puissent participer activement \u00e0 tous les secteurs de la soci\u00e9t\u00e9 et au d\u00e9veloppement de la politique et du pays.<br \/>\n\u2022 Offrir des possibilit\u00e9s d&#8217;\u00e9ducation pour les femmes, les jeunes et les enfants qui seraient autrement priv\u00e9-es du droit \u00e0 l&#8217;\u00e9ducation.<br \/>\n\u2022 Rendre les femmes \u00e9conomiquement autonomes par le d\u00e9veloppement de comp\u00e9tences et de programmes g\u00e9n\u00e9rateurs de revenus.<br \/>\n\u2022 Coordonner les organisations communautaires, les ONG et les ONGI travaillant dans les domaines du d\u00e9veloppement durable, des droits humains, de l&#8217;autonomisation des femmes, de l&#8217;\u00e9ducation, de la paix et de la d\u00e9mocratie au moyen de r\u00e9seaux locaux, nationaux et internationaux.<br \/>\n\u2022 Encourager le leadership des femmes et leur participation aux d\u00e9cisions politiques par des formations en leadership, le renforcement des capacit\u00e9s et la sensibilisation.<br \/>\n\u2022 Partager des exp\u00e9riences, des connaissances et de l\u2019information avec des organisations et des personnes d&#8217;origines culturelles diff\u00e9rentes.<br \/>\n\u2022 Prot\u00e9ger de mani\u00e8re durable l&#8217;environnement contre l&#8217;exploitation et utiliser les ressources naturelles de fa\u00e7on viable.<\/p>\n<p>Appuyer sur la touche Maj pour faire glisser et r\u00e9organiser<\/p>\n<p><strong>Vision<\/strong><\/p>\n<p>Une soci\u00e9t\u00e9 d\u00e9velopp\u00e9e fond\u00e9e sur la paix, la justice et l\u2019\u00e9galit\u00e9.<\/p>\n<p><strong>Mission<\/strong><\/p>\n<p>Autonomiser les femmes, les jeunes et les enfants par le biais de l\u2019\u00e9ducation et de l\u2019information pour les faire prendre part au d\u00e9veloppement \u00e0 l\u2019\u00e9chelon local, national et international.<\/p>\n<p><strong>But<\/strong><\/p>\n<p>Cr\u00e9er une soci\u00e9t\u00e9 fond\u00e9e sur l&#8217;\u00e9galit\u00e9 des sexes, la paix, la sensibilisation et le respect des droits humains.<br \/>\nAm\u00e9liorer le statut de la femme et la situation socio-\u00e9conomique des communaut\u00e9s marginalis\u00e9es en leur fournissant des outils comme l&#8217;\u00e9ducation, la connaissance et les comp\u00e9tences.<br \/>\nAutonomiser les femmes, les jeunes et les enfants pour leur permettre de prendre une part active \u00e0 tous les secteurs de la soci\u00e9t\u00e9 et de contribuer au d\u00e9veloppement du pays.<\/p>\n<p><a href=\"http:\/\/www.ruwonnepal.org.np\/\" target=\"_blank\" rel=\"noopener noreferrer\">R\u00e9seau des femmes rurales du N\u00e9pal (RUWON N\u00e9pal)<\/a><\/p>\n","protected":false},"excerpt":{"rendered":"<p>Le R\u00e9seau des femmes rurales du N\u00e9pal (RUWON N\u00e9pal) est une organisation sociale autonome non gouvernementale qui travaille pour les droits et la justice sociale des femmes, des jeunes et des enfants<\/p>\n","protected":false},"author":2,"featured_media":30696,"parent":4484,"menu_order":55,"comment_status":"closed","ping_status":"closed","template":"","meta":{"_acf_changed":false,"footnotes":""},"class_list":["post-5360","page","type-page","status-publish","has-post-thumbnail","hentry"],"acf":[],"yoast_head":"<!-- This site is optimized with the Yoast SEO plugin v27.4 - https:\/\/yoast.com\/product\/yoast-seo-wordpress\/ -->\n<title>R\u00e9seau des femmes rurales du N\u00e9pal (RUWON N\u00e9pal) - Canadian Cancer Survivor Network<\/title>\n<meta name=\"robots\" content=\"index, follow, max-snippet:-1, max-image-preview:large, max-video-preview:-1\" \/>\n<link rel=\"canonical\" href=\"https:\/\/survivornet.ca\/connect\/partners\/rural-womens-network-nepal\/\" \/>\n<meta property=\"og:locale\" content=\"fr_FR\" \/>\n<meta property=\"og:type\" content=\"article\" \/>\n<meta property=\"og:title\" content=\"R\u00e9seau des femmes rurales du N\u00e9pal (RUWON N\u00e9pal) - Canadian Cancer Survivor Network\" \/>\n<meta property=\"og:description\" content=\"Le R\u00e9seau des femmes rurales du N\u00e9pal (RUWON N\u00e9pal) est une organisation sociale autonome non gouvernementale qui travaille pour les droits et la justice sociale des femmes, des jeunes et des enfants\" \/>\n<meta property=\"og:url\" content=\"https:\/\/survivornet.ca\/connect\/partners\/rural-womens-network-nepal\/\" \/>\n<meta property=\"og:site_name\" content=\"Canadian Cancer Survivor Network\" \/>\n<meta property=\"article:modified_time\" content=\"2024-08-07T18:46:42+00:00\" \/>\n<meta property=\"og:image\" content=\"https:\/\/survivornet.ca\/wp-content\/uploads\/2024\/08\/RUWON-Nepal-1.png\" \/>\n\t<meta property=\"og:image:width\" content=\"898\" \/>\n\t<meta property=\"og:image:height\" content=\"310\" \/>\n\t<meta property=\"og:image:type\" content=\"image\/png\" \/>\n<meta name=\"twitter:card\" content=\"summary_large_image\" \/>\n<meta name=\"twitter:label1\" content=\"Dur\u00e9e de lecture estim\u00e9e\" \/>\n\t<meta name=\"twitter:data1\" content=\"3 minutes\" \/>\n<script type=\"application\/ld+json\" class=\"yoast-schema-graph\">{\"@context\":\"https:\\\/\\\/schema.org\",\"@graph\":[{\"@type\":\"WebPage\",\"@id\":\"https:\\\/\\\/survivornet.ca\\\/connect\\\/partners\\\/rural-womens-network-nepal\\\/\",\"url\":\"https:\\\/\\\/survivornet.ca\\\/connect\\\/partners\\\/rural-womens-network-nepal\\\/\",\"name\":\"R\u00e9seau des femmes rurales du N\u00e9pal (RUWON N\u00e9pal) - Canadian Cancer Survivor Network\",\"isPartOf\":{\"@id\":\"https:\\\/\\\/survivornet.ca\\\/#website\"},\"primaryImageOfPage\":{\"@id\":\"https:\\\/\\\/survivornet.ca\\\/connect\\\/partners\\\/rural-womens-network-nepal\\\/#primaryimage\"},\"image\":{\"@id\":\"https:\\\/\\\/survivornet.ca\\\/connect\\\/partners\\\/rural-womens-network-nepal\\\/#primaryimage\"},\"thumbnailUrl\":\"https:\\\/\\\/survivornet.ca\\\/wp-content\\\/uploads\\\/2024\\\/08\\\/RUWON-Nepal-1.png\",\"datePublished\":\"2017-06-12T17:46:21+00:00\",\"dateModified\":\"2024-08-07T18:46:42+00:00\",\"breadcrumb\":{\"@id\":\"https:\\\/\\\/survivornet.ca\\\/connect\\\/partners\\\/rural-womens-network-nepal\\\/#breadcrumb\"},\"inLanguage\":\"fr-FR\",\"potentialAction\":[{\"@type\":\"ReadAction\",\"target\":[\"https:\\\/\\\/survivornet.ca\\\/connect\\\/partners\\\/rural-womens-network-nepal\\\/\"]}]},{\"@type\":\"ImageObject\",\"inLanguage\":\"fr-FR\",\"@id\":\"https:\\\/\\\/survivornet.ca\\\/connect\\\/partners\\\/rural-womens-network-nepal\\\/#primaryimage\",\"url\":\"https:\\\/\\\/survivornet.ca\\\/wp-content\\\/uploads\\\/2024\\\/08\\\/RUWON-Nepal-1.png\",\"contentUrl\":\"https:\\\/\\\/survivornet.ca\\\/wp-content\\\/uploads\\\/2024\\\/08\\\/RUWON-Nepal-1.png\",\"width\":898,\"height\":310},{\"@type\":\"BreadcrumbList\",\"@id\":\"https:\\\/\\\/survivornet.ca\\\/connect\\\/partners\\\/rural-womens-network-nepal\\\/#breadcrumb\",\"itemListElement\":[{\"@type\":\"ListItem\",\"position\":1,\"name\":\"Home\",\"item\":\"https:\\\/\\\/survivornet.ca\\\/fr\\\/\"},{\"@type\":\"ListItem\",\"position\":2,\"name\":\"Connectez\",\"item\":\"https:\\\/\\\/survivornet.ca\\\/fr\\\/reliez-vous\\\/\"},{\"@type\":\"ListItem\",\"position\":3,\"name\":\"Partenaires\",\"item\":\"https:\\\/\\\/survivornet.ca\\\/fr\\\/reliez-vous\\\/partenaires\\\/\"},{\"@type\":\"ListItem\",\"position\":4,\"name\":\"R\u00e9seau des femmes rurales du N\u00e9pal (RUWON N\u00e9pal)\"}]},{\"@type\":\"WebSite\",\"@id\":\"https:\\\/\\\/survivornet.ca\\\/#website\",\"url\":\"https:\\\/\\\/survivornet.ca\\\/\",\"name\":\"Canadian Cancer Survivor Network\",\"description\":\"The Canadian Cancer Survivor Network was created by a group of Canadians concerned about cancer.\",\"publisher\":{\"@id\":\"https:\\\/\\\/survivornet.ca\\\/#organization\"},\"potentialAction\":[{\"@type\":\"SearchAction\",\"target\":{\"@type\":\"EntryPoint\",\"urlTemplate\":\"https:\\\/\\\/survivornet.ca\\\/?s={search_term_string}\"},\"query-input\":{\"@type\":\"PropertyValueSpecification\",\"valueRequired\":true,\"valueName\":\"search_term_string\"}}],\"inLanguage\":\"fr-FR\"},{\"@type\":\"Organization\",\"@id\":\"https:\\\/\\\/survivornet.ca\\\/#organization\",\"name\":\"Canadian Cancer Survivor Network\",\"url\":\"https:\\\/\\\/survivornet.ca\\\/\",\"logo\":{\"@type\":\"ImageObject\",\"inLanguage\":\"fr-FR\",\"@id\":\"https:\\\/\\\/survivornet.ca\\\/#\\\/schema\\\/logo\\\/image\\\/\",\"url\":\"http:\\\/\\\/survivornet.ca\\\/wp-content\\\/uploads\\\/2016\\\/12\\\/CCSN_Logo_EN_SQUARE.png\",\"contentUrl\":\"http:\\\/\\\/survivornet.ca\\\/wp-content\\\/uploads\\\/2016\\\/12\\\/CCSN_Logo_EN_SQUARE.png\",\"width\":1209,\"height\":1007,\"caption\":\"Canadian Cancer Survivor Network\"},\"image\":{\"@id\":\"https:\\\/\\\/survivornet.ca\\\/#\\\/schema\\\/logo\\\/image\\\/\"}}]}<\/script>\n<!-- \/ Yoast SEO plugin. -->","yoast_head_json":{"title":"R\u00e9seau des femmes rurales du N\u00e9pal (RUWON N\u00e9pal) - Canadian Cancer Survivor Network","robots":{"index":"index","follow":"follow","max-snippet":"max-snippet:-1","max-image-preview":"max-image-preview:large","max-video-preview":"max-video-preview:-1"},"canonical":"https:\/\/survivornet.ca\/connect\/partners\/rural-womens-network-nepal\/","og_locale":"fr_FR","og_type":"article","og_title":"R\u00e9seau des femmes rurales du N\u00e9pal (RUWON N\u00e9pal) - Canadian Cancer Survivor Network","og_description":"Le R\u00e9seau des femmes rurales du N\u00e9pal (RUWON N\u00e9pal) est une organisation sociale autonome non gouvernementale qui travaille pour les droits et la justice sociale des femmes, des jeunes et des enfants","og_url":"https:\/\/survivornet.ca\/connect\/partners\/rural-womens-network-nepal\/","og_site_name":"Canadian Cancer Survivor Network","article_modified_time":"2024-08-07T18:46:42+00:00","og_image":[{"width":898,"height":310,"url":"https:\/\/survivornet.ca\/wp-content\/uploads\/2024\/08\/RUWON-Nepal-1.png","type":"image\/png"}],"twitter_card":"summary_large_image","twitter_misc":{"Dur\u00e9e de lecture estim\u00e9e":"3 minutes"},"schema":{"@context":"https:\/\/schema.org","@graph":[{"@type":"WebPage","@id":"https:\/\/survivornet.ca\/connect\/partners\/rural-womens-network-nepal\/","url":"https:\/\/survivornet.ca\/connect\/partners\/rural-womens-network-nepal\/","name":"R\u00e9seau des femmes rurales du N\u00e9pal (RUWON N\u00e9pal) - Canadian Cancer Survivor Network","isPartOf":{"@id":"https:\/\/survivornet.ca\/#website"},"primaryImageOfPage":{"@id":"https:\/\/survivornet.ca\/connect\/partners\/rural-womens-network-nepal\/#primaryimage"},"image":{"@id":"https:\/\/survivornet.ca\/connect\/partners\/rural-womens-network-nepal\/#primaryimage"},"thumbnailUrl":"https:\/\/survivornet.ca\/wp-content\/uploads\/2024\/08\/RUWON-Nepal-1.png","datePublished":"2017-06-12T17:46:21+00:00","dateModified":"2024-08-07T18:46:42+00:00","breadcrumb":{"@id":"https:\/\/survivornet.ca\/connect\/partners\/rural-womens-network-nepal\/#breadcrumb"},"inLanguage":"fr-FR","potentialAction":[{"@type":"ReadAction","target":["https:\/\/survivornet.ca\/connect\/partners\/rural-womens-network-nepal\/"]}]},{"@type":"ImageObject","inLanguage":"fr-FR","@id":"https:\/\/survivornet.ca\/connect\/partners\/rural-womens-network-nepal\/#primaryimage","url":"https:\/\/survivornet.ca\/wp-content\/uploads\/2024\/08\/RUWON-Nepal-1.png","contentUrl":"https:\/\/survivornet.ca\/wp-content\/uploads\/2024\/08\/RUWON-Nepal-1.png","width":898,"height":310},{"@type":"BreadcrumbList","@id":"https:\/\/survivornet.ca\/connect\/partners\/rural-womens-network-nepal\/#breadcrumb","itemListElement":[{"@type":"ListItem","position":1,"name":"Home","item":"https:\/\/survivornet.ca\/fr\/"},{"@type":"ListItem","position":2,"name":"Connectez","item":"https:\/\/survivornet.ca\/fr\/reliez-vous\/"},{"@type":"ListItem","position":3,"name":"Partenaires","item":"https:\/\/survivornet.ca\/fr\/reliez-vous\/partenaires\/"},{"@type":"ListItem","position":4,"name":"R\u00e9seau des femmes rurales du N\u00e9pal (RUWON N\u00e9pal)"}]},{"@type":"WebSite","@id":"https:\/\/survivornet.ca\/#website","url":"https:\/\/survivornet.ca\/","name":"Canadian Cancer Survivor Network","description":"The Canadian Cancer Survivor Network was created by a group of Canadians concerned about cancer.","publisher":{"@id":"https:\/\/survivornet.ca\/#organization"},"potentialAction":[{"@type":"SearchAction","target":{"@type":"EntryPoint","urlTemplate":"https:\/\/survivornet.ca\/?s={search_term_string}"},"query-input":{"@type":"PropertyValueSpecification","valueRequired":true,"valueName":"search_term_string"}}],"inLanguage":"fr-FR"},{"@type":"Organization","@id":"https:\/\/survivornet.ca\/#organization","name":"Canadian Cancer Survivor Network","url":"https:\/\/survivornet.ca\/","logo":{"@type":"ImageObject","inLanguage":"fr-FR","@id":"https:\/\/survivornet.ca\/#\/schema\/logo\/image\/","url":"http:\/\/survivornet.ca\/wp-content\/uploads\/2016\/12\/CCSN_Logo_EN_SQUARE.png","contentUrl":"http:\/\/survivornet.ca\/wp-content\/uploads\/2016\/12\/CCSN_Logo_EN_SQUARE.png","width":1209,"height":1007,"caption":"Canadian Cancer Survivor Network"},"image":{"@id":"https:\/\/survivornet.ca\/#\/schema\/logo\/image\/"}}]}},"_links":{"self":[{"href":"https:\/\/survivornet.ca\/fr\/wp-json\/wp\/v2\/pages\/5360","targetHints":{"allow":["GET"]}}],"collection":[{"href":"https:\/\/survivornet.ca\/fr\/wp-json\/wp\/v2\/pages"}],"about":[{"href":"https:\/\/survivornet.ca\/fr\/wp-json\/wp\/v2\/types\/page"}],"author":[{"embeddable":true,"href":"https:\/\/survivornet.ca\/fr\/wp-json\/wp\/v2\/users\/2"}],"replies":[{"embeddable":true,"href":"https:\/\/survivornet.ca\/fr\/wp-json\/wp\/v2\/comments?post=5360"}],"version-history":[{"count":2,"href":"https:\/\/survivornet.ca\/fr\/wp-json\/wp\/v2\/pages\/5360\/revisions"}],"predecessor-version":[{"id":30698,"href":"https:\/\/survivornet.ca\/fr\/wp-json\/wp\/v2\/pages\/5360\/revisions\/30698"}],"up":[{"embeddable":true,"href":"https:\/\/survivornet.ca\/fr\/wp-json\/wp\/v2\/pages\/4484"}],"wp:featuredmedia":[{"embeddable":true,"href":"https:\/\/survivornet.ca\/fr\/wp-json\/wp\/v2\/media\/30696"}],"wp:attachment":[{"href":"https:\/\/survivornet.ca\/fr\/wp-json\/wp\/v2\/media?parent=5360"}],"curies":[{"name":"wp","href":"https:\/\/api.w.org\/{rel}","templated":true}]}}