{"id":5358,"date":"2017-06-12T17:44:34","date_gmt":"2017-06-12T17:44:34","guid":{"rendered":"https:\/\/survivornet.ca\/?page_id=5358\/"},"modified":"2017-06-29T15:28:29","modified_gmt":"2017-06-29T15:28:29","slug":"pynk-breast-cancer-program-young-women-odette-cancer-centres-breast-site-group-centre-de-sciences-de-la-sante-sunnybrook","status":"publish","type":"page","link":"https:\/\/survivornet.ca\/fr\/reliez-vous\/partenaires\/pynk-breast-cancer-program-young-women-odette-cancer-centres-breast-site-group-centre-de-sciences-de-la-sante-sunnybrook\/","title":{"rendered":"PYNK Breast Cancer Program for Young Women, Odette Cancer Centre\u2019s Breast Site Group, Centre de sciences de la sant\u00e9 Sunnybrook"},"content":{"rendered":"<p>Le <em>PYNK Breast Cancer Program for Young Women\u00a0<\/em>est un programme particulier, le premier de son genre au Canada, cr\u00e9\u00e9 au Centre des sciences de la sant\u00e9 Sunnybrook, \u00e0 Toronto. Il vise \u00e0 r\u00e9pondre aux besoins cliniques, p\u00e9dagogiques et de recherche propres aux tr\u00e8s jeunes femmes (40 ans et moins) atteintes du cancer du sein.<\/p>\n<p>Le programme <em>PYNK<\/em> vise les objectifs suivants:<\/p>\n<ul class=\"content-list\">\n<li>Soutenir les jeunes femmes dans leur cheminement de cancer du sein en r\u00e9pondant \u00e0 leurs besoins individuels et familiaux particuliers;<\/li>\n<li>Permettre aux jeunes femmes atteintes d\u2019un cancer du sein de b\u00e9n\u00e9ficier de nouveaux traitements prometteurs visant \u00e0 1) augmenter leurs taux de gu\u00e9rison et 2) minimiser le fardeau physique et \u00e9motionnel de leur maladie et de son traitement;<\/li>\n<li>Faire progresser nos connaissances sur la pr\u00e9vention, le d\u00e9pistage et le traitement du cancer du sein, au b\u00e9n\u00e9fice des jeunes femmes de l\u2019avenir;<\/li>\n<li>Sensibiliser le grand public et les m\u00e9decins aux facteurs de risque et au d\u00e9pistage pr\u00e9coce du cancer du sein chez les jeunes femmes.<\/li>\n<\/ul>\n<p>Environ 5% de toutes les patientes atteintes d\u2019un cancer du sein ont 40 ans ou moins au moment de leur diagnostic. Ces femmes ont des besoins m\u00e9dicaux et psychosociaux particuliers. Elles sont plus susceptibles de mourir de leur maladie que les femmes plus \u00e2g\u00e9es et, m\u00eame si elles survivent, risquent plus d\u2019\u00e9prouver \u00e0 long terme des effets secondaires physiques, tels une m\u00e9nopause pr\u00e9matur\u00e9e, qui nuisent \u00e0 leur qualit\u00e9 de vie. Ces femmes doivent \u00e9galement affronter une multitude de probl\u00e8mes psychosociaux qui, outre les probl\u00e8mes de la patiente elle-m\u00eame, comprennent souvent la r\u00e9action \u00e0 sa maladie d\u2019un partenaire ou conjoint immature, de parents affol\u00e9s ou de jeunes enfants terroris\u00e9s. Les jeunes femmes c\u00e9libataires doivent notamment composer avec de nouvelles r\u00e9alit\u00e9s telles que la mastectomie, la perte de la f\u00e9condit\u00e9 et des choix r\u00e9duits de fr\u00e9quentations et de mariage. Des \u00e9tudes montrent que m\u00eame des ann\u00e9es apr\u00e8s la fin du traitement, les jeunes patientes du cancer du sein \u00e9prouvent beaucoup plus de dysfonctionnement psychologique que les survivantes plus \u00e2g\u00e9es.<\/p>\n<p>Dans le programme <em>PYNK<\/em>, les patients et leurs familles b\u00e9n\u00e9ficient d\u2019un continuum de soins, du moment du diagnostic jusqu\u2019au traitement et au suivi \u00e0 long terme. Chaque patiente est \u00e9valu\u00e9e \u00e0 sa premi\u00e8re visite par l\u2019infirmi\u00e8re coordonnatrice du programme afin de d\u00e9terminer ses besoins psychosociaux individuels et les besoins de sa famille. Si n\u00e9cessaire, les patientes sont orient\u00e9es en priorit\u00e9 vers divers programmes sp\u00e9cialis\u00e9s tels que des cliniques de fertilit\u00e9 et des programmes de tests et de conseils g\u00e9n\u00e9tiques. L\u2019infirmi\u00e8re agit comme une \u00abpilote du syst\u00e8me\u00bb en aidant \u00e0 coordonner les tests de diagnostic, les consultations et les traitements multimodaux. Elle est \u00e9galement sp\u00e9cialiste d?es ressources disponibles pour les jeunes femmes et leurs familles comme un programme de soutien par les paires ou du mat\u00e9riel de lecture adapt\u00e9 \u00e0 l\u2019\u00e2ge des jeunes enfants dont la m\u00e8re subit une chimioth\u00e9rapie. Une fois le traitement termin\u00e9, beaucoup des patientes participent \u00e0 une programme de suivi impliquant de jeunes paires survivantes, qui est g\u00e9r\u00e9 conjointement par l\u2019infirmi\u00e8re coordinatrice du programme et par une m\u00e9decin-oncologue ayant un int\u00e9r\u00eat particulier pour les jeunes femmes atteintes d\u2019un cancer du sein.<\/p>\n<p>Les patientes du programme <em>PYNK<\/em> participent \u00e0 diverses recherches portant sp\u00e9cifiquement sur les jeunes femmes, dont une en collaboration avec l\u2019Universit\u00e9 Harvard pour \u00e9tudier la biologie du cancer du sein chez les jeunes femmes de diff\u00e9rents groupes ethniques; un programme en ligne d\u2019\u00e9ducation et de soutien destin\u00e9 aux jeunes couples; et un cours de th\u00e9rapie collective cr\u00e9\u00e9 pour les survivantes qui ont du mal \u00e0 accepter des changements permanents de leur corps ou des probl\u00e8mes touchant leur sexualit\u00e9. Afin de faciliter de prochaines recherches, chaque patiente remplit des questionnaires d\u00e9taill\u00e9s sur ses ant\u00e9c\u00e9dents familiaux de cancer, ainsi que sur son mode de vie et d\u2019autres \u00e9l\u00e9ments consid\u00e9r\u00e9s comme d\u2019\u00e9ventuels facteurs de risque de cancer du sein. Les patients rempliront une s\u00e9rie de questionnaires psychologiques au fil du temps. Des \u00e9chantillons de sang et de tumeur de chaque patiente sont recueillis et stock\u00e9s de fa\u00e7on \u00e0 pouvoir \u00eatre analys\u00e9s \u00e0 l\u2019avenir pour les facteurs de risque encore inconnus qui pourraient expliquer pourquoi ces jeunes femmes ont d\u00e9velopp\u00e9 un cancer, ou pour les facteurs pronostiques pouvant \u00eatre corr\u00e9l\u00e9s avec les taux de r\u00e9cidive.<\/p>\n<p>Le conseil consultatif de <em>PYNK<\/em> compte des repr\u00e9sentant-es de plus de 20 diff\u00e9rentes disciplines m\u00e9dicales, scientifiques et param\u00e9dicales. L\u2019une des caract\u00e9ristiques les plus uniques de PYNK est la participation de plusieurs jeunes survivantes du cancer du sein \u00e0 la planification et au d\u00e9veloppement continu du programme.<\/p>\n<p>Depuis les d\u00e9buts de <em>PYNK<\/em> en f\u00e9vrier 2008, plus de 150 jeunes femmes s\u2019y sont inscrites. Nous obtenons actuellement une \u00e0 deux r\u00e9f\u00e9rences par semaine. Les r\u00e9actions des patientes et de leurs m\u00e9decins traitants ont \u00e9t\u00e9 extr\u00eamement positives. Nous avons aussi \u00e9t\u00e9 invit\u00e9es \u00e0 nous exprimer lors de conf\u00e9rences professionnelles sur les enjeux particuliers aux jeunes femmes atteintes d\u2019un cancer du sein, et nous avons d\u00e9j\u00e0 pr\u00e9sent\u00e9 quelques-unes de nos recherches \u00e0 des r\u00e9unions scientifiques internationales. Nous avons m\u00eame \u00e9t\u00e9 approch\u00e9es par une oncologiste d\u2019un autre pays qui a d\u00e9cid\u00e9 de mettre en place un programme similaire, apr\u00e8s avoir d\u00e9couvert le n\u00f4tre sur Internet.<br \/>\n<em>PYNK<\/em> est enti\u00e8rement financ\u00e9 par des dons provenant de donateurs priv\u00e9s et de petites entreprises.<\/p>\n<p><a href=\"http:\/\/sunnybrook.ca\/content\/?page=OCC_PYNK_breast_cancer_young_women_toronto\" target=\"_blank\" rel=\"noopener noreferrer\">PYNK Breast Cancer Program for Young Women<\/a><\/p>\n","protected":false},"excerpt":{"rendered":"<p>Le PYNK Breast Cancer Program for Young Women\u00a0est un programme particulier, le premier de son genre au Canada, cr\u00e9\u00e9 au Centre des sciences de la sant\u00e9 Sunnybrook, \u00e0 Toronto. Il vise \u00e0<\/p>\n","protected":false},"author":2,"featured_media":5870,"parent":4484,"menu_order":54,"comment_status":"closed","ping_status":"closed","template":"","meta":{"_acf_changed":false,"footnotes":""},"class_list":["post-5358","page","type-page","status-publish","has-post-thumbnail","hentry"],"acf":[],"yoast_head":"<!-- This site is optimized with the Yoast SEO plugin v27.4 - https:\/\/yoast.com\/product\/yoast-seo-wordpress\/ -->\n<title>PYNK Breast Cancer Program for Young Women, Odette Cancer Centre\u2019s Breast Site Group, Centre de sciences de la sant\u00e9 Sunnybrook - Canadian Cancer Survivor Network<\/title>\n<meta name=\"robots\" content=\"index, follow, max-snippet:-1, max-image-preview:large, max-video-preview:-1\" \/>\n<link rel=\"canonical\" href=\"https:\/\/survivornet.ca\/connect\/partners\/pynk-breast-cancer-program-for-young-women\/\" \/>\n<meta property=\"og:locale\" content=\"fr_FR\" \/>\n<meta property=\"og:type\" content=\"article\" \/>\n<meta property=\"og:title\" content=\"PYNK Breast Cancer Program for Young Women, Odette Cancer Centre\u2019s Breast Site Group, Centre de sciences de la sant\u00e9 Sunnybrook - Canadian Cancer Survivor Network\" \/>\n<meta property=\"og:description\" content=\"Le PYNK Breast Cancer Program for Young Women\u00a0est un programme particulier, le premier de son genre au Canada, cr\u00e9\u00e9 au Centre des sciences de la sant\u00e9 Sunnybrook, \u00e0 Toronto. Il vise \u00e0\" \/>\n<meta property=\"og:url\" content=\"https:\/\/survivornet.ca\/connect\/partners\/pynk-breast-cancer-program-for-young-women\/\" \/>\n<meta property=\"og:site_name\" content=\"Canadian Cancer Survivor Network\" \/>\n<meta property=\"article:modified_time\" content=\"2017-06-29T15:28:29+00:00\" \/>\n<meta property=\"og:image\" content=\"https:\/\/survivornet.ca\/wp-content\/uploads\/2017\/06\/pynk-banner-1.jpg\" \/>\n\t<meta property=\"og:image:width\" content=\"270\" \/>\n\t<meta property=\"og:image:height\" content=\"170\" \/>\n\t<meta property=\"og:image:type\" content=\"image\/jpeg\" \/>\n<meta name=\"twitter:card\" content=\"summary_large_image\" \/>\n<meta name=\"twitter:label1\" content=\"Dur\u00e9e de lecture estim\u00e9e\" \/>\n\t<meta name=\"twitter:data1\" content=\"5 minutes\" \/>\n<script type=\"application\/ld+json\" class=\"yoast-schema-graph\">{\"@context\":\"https:\\\/\\\/schema.org\",\"@graph\":[{\"@type\":\"WebPage\",\"@id\":\"https:\\\/\\\/survivornet.ca\\\/connect\\\/partners\\\/pynk-breast-cancer-program-for-young-women\\\/\",\"url\":\"https:\\\/\\\/survivornet.ca\\\/connect\\\/partners\\\/pynk-breast-cancer-program-for-young-women\\\/\",\"name\":\"PYNK Breast Cancer Program for Young Women, Odette Cancer Centre\u2019s Breast Site Group, Centre de sciences de la sant\u00e9 Sunnybrook - Canadian Cancer Survivor Network\",\"isPartOf\":{\"@id\":\"https:\\\/\\\/survivornet.ca\\\/#website\"},\"primaryImageOfPage\":{\"@id\":\"https:\\\/\\\/survivornet.ca\\\/connect\\\/partners\\\/pynk-breast-cancer-program-for-young-women\\\/#primaryimage\"},\"image\":{\"@id\":\"https:\\\/\\\/survivornet.ca\\\/connect\\\/partners\\\/pynk-breast-cancer-program-for-young-women\\\/#primaryimage\"},\"thumbnailUrl\":\"https:\\\/\\\/survivornet.ca\\\/wp-content\\\/uploads\\\/2017\\\/06\\\/pynk-banner-1.jpg\",\"datePublished\":\"2017-06-12T17:44:34+00:00\",\"dateModified\":\"2017-06-29T15:28:29+00:00\",\"breadcrumb\":{\"@id\":\"https:\\\/\\\/survivornet.ca\\\/connect\\\/partners\\\/pynk-breast-cancer-program-for-young-women\\\/#breadcrumb\"},\"inLanguage\":\"fr-FR\",\"potentialAction\":[{\"@type\":\"ReadAction\",\"target\":[\"https:\\\/\\\/survivornet.ca\\\/connect\\\/partners\\\/pynk-breast-cancer-program-for-young-women\\\/\"]}]},{\"@type\":\"ImageObject\",\"inLanguage\":\"fr-FR\",\"@id\":\"https:\\\/\\\/survivornet.ca\\\/connect\\\/partners\\\/pynk-breast-cancer-program-for-young-women\\\/#primaryimage\",\"url\":\"https:\\\/\\\/survivornet.ca\\\/wp-content\\\/uploads\\\/2017\\\/06\\\/pynk-banner-1.jpg\",\"contentUrl\":\"https:\\\/\\\/survivornet.ca\\\/wp-content\\\/uploads\\\/2017\\\/06\\\/pynk-banner-1.jpg\",\"width\":270,\"height\":170},{\"@type\":\"BreadcrumbList\",\"@id\":\"https:\\\/\\\/survivornet.ca\\\/connect\\\/partners\\\/pynk-breast-cancer-program-for-young-women\\\/#breadcrumb\",\"itemListElement\":[{\"@type\":\"ListItem\",\"position\":1,\"name\":\"Home\",\"item\":\"https:\\\/\\\/survivornet.ca\\\/fr\\\/\"},{\"@type\":\"ListItem\",\"position\":2,\"name\":\"Connectez\",\"item\":\"https:\\\/\\\/survivornet.ca\\\/fr\\\/reliez-vous\\\/\"},{\"@type\":\"ListItem\",\"position\":3,\"name\":\"Partenaires\",\"item\":\"https:\\\/\\\/survivornet.ca\\\/fr\\\/reliez-vous\\\/partenaires\\\/\"},{\"@type\":\"ListItem\",\"position\":4,\"name\":\"PYNK Breast Cancer Program for Young Women, Odette Cancer Centre\u2019s Breast Site Group, Centre de sciences de la sant\u00e9 Sunnybrook\"}]},{\"@type\":\"WebSite\",\"@id\":\"https:\\\/\\\/survivornet.ca\\\/#website\",\"url\":\"https:\\\/\\\/survivornet.ca\\\/\",\"name\":\"Canadian Cancer Survivor Network\",\"description\":\"The Canadian Cancer Survivor Network was created by a group of Canadians concerned about cancer.\",\"publisher\":{\"@id\":\"https:\\\/\\\/survivornet.ca\\\/#organization\"},\"potentialAction\":[{\"@type\":\"SearchAction\",\"target\":{\"@type\":\"EntryPoint\",\"urlTemplate\":\"https:\\\/\\\/survivornet.ca\\\/?s={search_term_string}\"},\"query-input\":{\"@type\":\"PropertyValueSpecification\",\"valueRequired\":true,\"valueName\":\"search_term_string\"}}],\"inLanguage\":\"fr-FR\"},{\"@type\":\"Organization\",\"@id\":\"https:\\\/\\\/survivornet.ca\\\/#organization\",\"name\":\"Canadian Cancer Survivor Network\",\"url\":\"https:\\\/\\\/survivornet.ca\\\/\",\"logo\":{\"@type\":\"ImageObject\",\"inLanguage\":\"fr-FR\",\"@id\":\"https:\\\/\\\/survivornet.ca\\\/#\\\/schema\\\/logo\\\/image\\\/\",\"url\":\"http:\\\/\\\/survivornet.ca\\\/wp-content\\\/uploads\\\/2016\\\/12\\\/CCSN_Logo_EN_SQUARE.png\",\"contentUrl\":\"http:\\\/\\\/survivornet.ca\\\/wp-content\\\/uploads\\\/2016\\\/12\\\/CCSN_Logo_EN_SQUARE.png\",\"width\":1209,\"height\":1007,\"caption\":\"Canadian Cancer Survivor Network\"},\"image\":{\"@id\":\"https:\\\/\\\/survivornet.ca\\\/#\\\/schema\\\/logo\\\/image\\\/\"}}]}<\/script>\n<!-- \/ Yoast SEO plugin. -->","yoast_head_json":{"title":"PYNK Breast Cancer Program for Young Women, Odette Cancer Centre\u2019s Breast Site Group, Centre de sciences de la sant\u00e9 Sunnybrook - Canadian Cancer Survivor Network","robots":{"index":"index","follow":"follow","max-snippet":"max-snippet:-1","max-image-preview":"max-image-preview:large","max-video-preview":"max-video-preview:-1"},"canonical":"https:\/\/survivornet.ca\/connect\/partners\/pynk-breast-cancer-program-for-young-women\/","og_locale":"fr_FR","og_type":"article","og_title":"PYNK Breast Cancer Program for Young Women, Odette Cancer Centre\u2019s Breast Site Group, Centre de sciences de la sant\u00e9 Sunnybrook - Canadian Cancer Survivor Network","og_description":"Le PYNK Breast Cancer Program for Young Women\u00a0est un programme particulier, le premier de son genre au Canada, cr\u00e9\u00e9 au Centre des sciences de la sant\u00e9 Sunnybrook, \u00e0 Toronto. Il vise \u00e0","og_url":"https:\/\/survivornet.ca\/connect\/partners\/pynk-breast-cancer-program-for-young-women\/","og_site_name":"Canadian Cancer Survivor Network","article_modified_time":"2017-06-29T15:28:29+00:00","og_image":[{"width":270,"height":170,"url":"https:\/\/survivornet.ca\/wp-content\/uploads\/2017\/06\/pynk-banner-1.jpg","type":"image\/jpeg"}],"twitter_card":"summary_large_image","twitter_misc":{"Dur\u00e9e de lecture estim\u00e9e":"5 minutes"},"schema":{"@context":"https:\/\/schema.org","@graph":[{"@type":"WebPage","@id":"https:\/\/survivornet.ca\/connect\/partners\/pynk-breast-cancer-program-for-young-women\/","url":"https:\/\/survivornet.ca\/connect\/partners\/pynk-breast-cancer-program-for-young-women\/","name":"PYNK Breast Cancer Program for Young Women, Odette Cancer Centre\u2019s Breast Site Group, Centre de sciences de la sant\u00e9 Sunnybrook - Canadian Cancer Survivor Network","isPartOf":{"@id":"https:\/\/survivornet.ca\/#website"},"primaryImageOfPage":{"@id":"https:\/\/survivornet.ca\/connect\/partners\/pynk-breast-cancer-program-for-young-women\/#primaryimage"},"image":{"@id":"https:\/\/survivornet.ca\/connect\/partners\/pynk-breast-cancer-program-for-young-women\/#primaryimage"},"thumbnailUrl":"https:\/\/survivornet.ca\/wp-content\/uploads\/2017\/06\/pynk-banner-1.jpg","datePublished":"2017-06-12T17:44:34+00:00","dateModified":"2017-06-29T15:28:29+00:00","breadcrumb":{"@id":"https:\/\/survivornet.ca\/connect\/partners\/pynk-breast-cancer-program-for-young-women\/#breadcrumb"},"inLanguage":"fr-FR","potentialAction":[{"@type":"ReadAction","target":["https:\/\/survivornet.ca\/connect\/partners\/pynk-breast-cancer-program-for-young-women\/"]}]},{"@type":"ImageObject","inLanguage":"fr-FR","@id":"https:\/\/survivornet.ca\/connect\/partners\/pynk-breast-cancer-program-for-young-women\/#primaryimage","url":"https:\/\/survivornet.ca\/wp-content\/uploads\/2017\/06\/pynk-banner-1.jpg","contentUrl":"https:\/\/survivornet.ca\/wp-content\/uploads\/2017\/06\/pynk-banner-1.jpg","width":270,"height":170},{"@type":"BreadcrumbList","@id":"https:\/\/survivornet.ca\/connect\/partners\/pynk-breast-cancer-program-for-young-women\/#breadcrumb","itemListElement":[{"@type":"ListItem","position":1,"name":"Home","item":"https:\/\/survivornet.ca\/fr\/"},{"@type":"ListItem","position":2,"name":"Connectez","item":"https:\/\/survivornet.ca\/fr\/reliez-vous\/"},{"@type":"ListItem","position":3,"name":"Partenaires","item":"https:\/\/survivornet.ca\/fr\/reliez-vous\/partenaires\/"},{"@type":"ListItem","position":4,"name":"PYNK Breast Cancer Program for Young Women, Odette Cancer Centre\u2019s Breast Site Group, Centre de sciences de la sant\u00e9 Sunnybrook"}]},{"@type":"WebSite","@id":"https:\/\/survivornet.ca\/#website","url":"https:\/\/survivornet.ca\/","name":"Canadian Cancer Survivor Network","description":"The Canadian Cancer Survivor Network was created by a group of Canadians concerned about cancer.","publisher":{"@id":"https:\/\/survivornet.ca\/#organization"},"potentialAction":[{"@type":"SearchAction","target":{"@type":"EntryPoint","urlTemplate":"https:\/\/survivornet.ca\/?s={search_term_string}"},"query-input":{"@type":"PropertyValueSpecification","valueRequired":true,"valueName":"search_term_string"}}],"inLanguage":"fr-FR"},{"@type":"Organization","@id":"https:\/\/survivornet.ca\/#organization","name":"Canadian Cancer Survivor Network","url":"https:\/\/survivornet.ca\/","logo":{"@type":"ImageObject","inLanguage":"fr-FR","@id":"https:\/\/survivornet.ca\/#\/schema\/logo\/image\/","url":"http:\/\/survivornet.ca\/wp-content\/uploads\/2016\/12\/CCSN_Logo_EN_SQUARE.png","contentUrl":"http:\/\/survivornet.ca\/wp-content\/uploads\/2016\/12\/CCSN_Logo_EN_SQUARE.png","width":1209,"height":1007,"caption":"Canadian Cancer Survivor Network"},"image":{"@id":"https:\/\/survivornet.ca\/#\/schema\/logo\/image\/"}}]}},"_links":{"self":[{"href":"https:\/\/survivornet.ca\/fr\/wp-json\/wp\/v2\/pages\/5358","targetHints":{"allow":["GET"]}}],"collection":[{"href":"https:\/\/survivornet.ca\/fr\/wp-json\/wp\/v2\/pages"}],"about":[{"href":"https:\/\/survivornet.ca\/fr\/wp-json\/wp\/v2\/types\/page"}],"author":[{"embeddable":true,"href":"https:\/\/survivornet.ca\/fr\/wp-json\/wp\/v2\/users\/2"}],"replies":[{"embeddable":true,"href":"https:\/\/survivornet.ca\/fr\/wp-json\/wp\/v2\/comments?post=5358"}],"version-history":[{"count":0,"href":"https:\/\/survivornet.ca\/fr\/wp-json\/wp\/v2\/pages\/5358\/revisions"}],"up":[{"embeddable":true,"href":"https:\/\/survivornet.ca\/fr\/wp-json\/wp\/v2\/pages\/4484"}],"wp:featuredmedia":[{"embeddable":true,"href":"https:\/\/survivornet.ca\/fr\/wp-json\/wp\/v2\/media\/5870"}],"wp:attachment":[{"href":"https:\/\/survivornet.ca\/fr\/wp-json\/wp\/v2\/media?parent=5358"}],"curies":[{"name":"wp","href":"https:\/\/api.w.org\/{rel}","templated":true}]}}