{"id":5350,"date":"2017-06-12T15:57:14","date_gmt":"2017-06-12T15:57:14","guid":{"rendered":"https:\/\/survivornet.ca\/?page_id=5350\/"},"modified":"2017-06-29T15:25:00","modified_gmt":"2017-06-29T15:25:00","slug":"prevent-cancer-now","status":"publish","type":"page","link":"https:\/\/survivornet.ca\/fr\/reliez-vous\/partenaires\/prevent-cancer-now\/","title":{"rendered":"Prevent Cancer Now"},"content":{"rendered":"<p><img decoding=\"async\" src=\"http:\/\/old.survivornet.ca\/uploads\/images\/Prevent%20Cancer%20Now%20-%20logo.png\" alt=\"\" \/><\/p>\n<p><strong>Notre Mission<\/strong><\/p>\n<p>\u00c9liminer les causes du cancer qui peuvent \u00eatre \u00e9vit\u00e9es.<\/p>\n<p><strong>Nos buts<\/strong><\/p>\n<ul class=\"content-list\">\n<li>Cr\u00e9er un mouvement national de pr\u00e9vention du cancer.<\/li>\n<li>Int\u00e9grer l&#8217;utilisation du principe de pr\u00e9caution.<\/li>\n<li>Consacrer plus de fonds pour la pr\u00e9vention primaire (qui ne repr\u00e9sentent pr\u00e9sentement que 2%), et agir sur les m\u00e9thodes de pr\u00e9ventions que nous savons efficaces dans la pr\u00e9vention du cancer.<\/li>\n<li>Am\u00e9liorer la r\u00e8glementation et les politiques pour mettre fin \u00e0 l\u2019exposition \u00e0 des agents canc\u00e9rig\u00e8nes dans l\u2019environnement et en milieu de travail.<\/li>\n<li>Soutenir les individus \u2013 les groupes marginalis\u00e9s en particulier -, les communaut\u00e9s, les entreprises et les gouvernements afin de r\u00e9duire ou d\u2019\u00e9liminer les expositions connues pour causer le cancer.<\/li>\n<\/ul>\n<p><strong>Ce que nous faisons<\/strong><\/p>\n<ul class=\"content-list\">\n<li>Promouvoir des r\u00e9formes l\u00e9gislatives et de politiques.<\/li>\n<li>Organiser des campagnes cibl\u00e9es.<\/li>\n<li>Proc\u00e9der \u00e0 l\u2019\u00e9ducation du public.<\/li>\n<li>Promouvoir le d\u00e9veloppement et les activit\u00e9s du groupe et des membres.<\/li>\n<\/ul>\n<p><strong>Bref historique<\/strong><\/p>\n<p><em>Prevent Cancer Now<\/em> est n\u00e9 en d\u00e9cembre 2004 d\u2019un appel longue distance entre 15 canadiens venant de partout \u00e0 travers le pays. Nous avons d\u00e9cid\u00e9 que les canadiens avaient grandement besoin d\u2019une nouvelle initiative qui mettrait l\u2019accent sur la pr\u00e9vention primaire du cancer afin d\u2019\u00e9quilibrer les recherches co\u00fbteuses et interminables sur la gu\u00e9rison du cancer, et tente de lutter contre le cancer gr\u00e2ce au d\u00e9pistage \u00e0 plus grande \u00e9chelle et au diagnostic pr\u00e9coce.<\/p>\n<p>En 2007, apr\u00e8s avoir finalis\u00e9 notre constitution et nos r\u00e8glements administratifs, <em>Prevent Cancer Now<\/em> fut incorpor\u00e9 l\u00e9galement.<\/p>\n<p><strong>Nos accomplissements<\/strong><\/p>\n<ul class=\"content-list\">\n<li>Lancement de la d\u00e9claration\u00a0<em>Cancer Prevention Declaration<\/em> \u00e0 la mi-mai 2006.<\/li>\n<li>Publication et distribution depuis janvier 2007 du bulletin de nouvelles <em>An Ounce<\/em><\/li>\n<li>Coordination d\u2019un mouvement de r\u00e9daction de lettres de la Soci\u00e9t\u00e9 canadienne du cancer afin de soutenir une interdiction \u00e0 l&#8217;utilisation d&#8217;amiante.<\/li>\n<li>Organisation d\u2019une conf\u00e9rence nationale sur la pr\u00e9vention du cancer (<em>It\u2019s About Prevention. It\u2019s About Time!)<\/em> \u00e0 Ottawa en mai 2007. Le but \u00e9tait de b\u00e2tir un mouvement national de pr\u00e9vention du cancer, et d\u2019\u00e9tablir un programme solide de pr\u00e9vention du cancer au Canada.<\/li>\n<li>Promotion et support du d\u00e9veloppement du livre sur le cancer\u00a0: <em>101 Solutions to a preventable epidemic.<\/em><\/li>\n<li>Lancement d\u2019une campagne anti-incin\u00e9ration en 2008 et d\u00e9veloppement de la trousse <em>Incineration Tool-Kit<\/em> pour les citoyens pr\u00e9occup\u00e9s par l\u2019incin\u00e9ration en 2008.<\/li>\n<\/ul>\n<p><strong>Nos plans futurs<\/strong><\/p>\n<ul class=\"content-list\">\n<li>Promouvoir les politiques et les programmes qui \u00e9radiquent l\u2019exposition aux agents canc\u00e9rig\u00e8nes et aux autres dangers pour la sant\u00e9 par l\u2019entremise de la campagne en cours<em>Toxic-Free Future<\/em>.<\/li>\n<\/ul>\n<ul class=\"content-list\">\n<li>Promouvoir les politiques et les programmes qui supportent l\u2019agriculture biologique saine et durable, \u00e0 travers la campagne en cours <em>Organic Nation<\/em>.<\/li>\n<\/ul>\n<p><a href=\"http:\/\/preventcancernow.ca\/\" target=\"_blank\" rel=\"noopener noreferrer\"><strong>Prevent Cancer Now<\/strong><\/a><\/p>\n","protected":false},"excerpt":{"rendered":"<p>Notre Mission \u00c9liminer les causes du cancer qui peuvent \u00eatre \u00e9vit\u00e9es. Nos buts Cr\u00e9er un mouvement national de pr\u00e9vention du cancer. Int\u00e9grer l&#8217;utilisation du principe de pr\u00e9caution. Consacrer plus de fonds pour<\/p>\n","protected":false},"author":2,"featured_media":5869,"parent":4484,"menu_order":52,"comment_status":"closed","ping_status":"closed","template":"","meta":{"_acf_changed":false,"footnotes":""},"class_list":["post-5350","page","type-page","status-publish","has-post-thumbnail","hentry"],"acf":[],"yoast_head":"<!-- This site is optimized with the Yoast SEO plugin v27.4 - https:\/\/yoast.com\/product\/yoast-seo-wordpress\/ -->\n<title>Prevent Cancer Now - Canadian Cancer Survivor Network<\/title>\n<meta name=\"robots\" content=\"index, follow, max-snippet:-1, max-image-preview:large, max-video-preview:-1\" \/>\n<link rel=\"canonical\" href=\"https:\/\/survivornet.ca\/connect\/partners\/prevent-cancer-now\/\" \/>\n<meta property=\"og:locale\" content=\"fr_FR\" \/>\n<meta property=\"og:type\" content=\"article\" \/>\n<meta property=\"og:title\" content=\"Prevent Cancer Now - Canadian Cancer Survivor Network\" \/>\n<meta property=\"og:description\" content=\"Notre Mission \u00c9liminer les causes du cancer qui peuvent \u00eatre \u00e9vit\u00e9es. Nos buts Cr\u00e9er un mouvement national de pr\u00e9vention du cancer. Int\u00e9grer l&#8217;utilisation du principe de pr\u00e9caution. Consacrer plus de fonds pour\" \/>\n<meta property=\"og:url\" content=\"https:\/\/survivornet.ca\/connect\/partners\/prevent-cancer-now\/\" \/>\n<meta property=\"og:site_name\" content=\"Canadian Cancer Survivor Network\" \/>\n<meta property=\"article:modified_time\" content=\"2017-06-29T15:25:00+00:00\" \/>\n<meta property=\"og:image\" content=\"https:\/\/survivornet.ca\/wp-content\/uploads\/2017\/06\/Prevent-Cancer-Now-logo.png\" \/>\n\t<meta property=\"og:image:width\" content=\"270\" \/>\n\t<meta property=\"og:image:height\" content=\"170\" \/>\n\t<meta property=\"og:image:type\" content=\"image\/png\" \/>\n<meta name=\"twitter:card\" content=\"summary_large_image\" \/>\n<meta name=\"twitter:label1\" content=\"Dur\u00e9e de lecture estim\u00e9e\" \/>\n\t<meta name=\"twitter:data1\" content=\"2 minutes\" \/>\n<script type=\"application\/ld+json\" class=\"yoast-schema-graph\">{\"@context\":\"https:\\\/\\\/schema.org\",\"@graph\":[{\"@type\":\"WebPage\",\"@id\":\"https:\\\/\\\/survivornet.ca\\\/connect\\\/partners\\\/prevent-cancer-now\\\/\",\"url\":\"https:\\\/\\\/survivornet.ca\\\/connect\\\/partners\\\/prevent-cancer-now\\\/\",\"name\":\"Prevent Cancer Now - Canadian Cancer Survivor Network\",\"isPartOf\":{\"@id\":\"https:\\\/\\\/survivornet.ca\\\/#website\"},\"primaryImageOfPage\":{\"@id\":\"https:\\\/\\\/survivornet.ca\\\/connect\\\/partners\\\/prevent-cancer-now\\\/#primaryimage\"},\"image\":{\"@id\":\"https:\\\/\\\/survivornet.ca\\\/connect\\\/partners\\\/prevent-cancer-now\\\/#primaryimage\"},\"thumbnailUrl\":\"https:\\\/\\\/survivornet.ca\\\/wp-content\\\/uploads\\\/2017\\\/06\\\/Prevent-Cancer-Now-logo.png\",\"datePublished\":\"2017-06-12T15:57:14+00:00\",\"dateModified\":\"2017-06-29T15:25:00+00:00\",\"breadcrumb\":{\"@id\":\"https:\\\/\\\/survivornet.ca\\\/connect\\\/partners\\\/prevent-cancer-now\\\/#breadcrumb\"},\"inLanguage\":\"fr-FR\",\"potentialAction\":[{\"@type\":\"ReadAction\",\"target\":[\"https:\\\/\\\/survivornet.ca\\\/connect\\\/partners\\\/prevent-cancer-now\\\/\"]}]},{\"@type\":\"ImageObject\",\"inLanguage\":\"fr-FR\",\"@id\":\"https:\\\/\\\/survivornet.ca\\\/connect\\\/partners\\\/prevent-cancer-now\\\/#primaryimage\",\"url\":\"https:\\\/\\\/survivornet.ca\\\/wp-content\\\/uploads\\\/2017\\\/06\\\/Prevent-Cancer-Now-logo.png\",\"contentUrl\":\"https:\\\/\\\/survivornet.ca\\\/wp-content\\\/uploads\\\/2017\\\/06\\\/Prevent-Cancer-Now-logo.png\",\"width\":270,\"height\":170},{\"@type\":\"BreadcrumbList\",\"@id\":\"https:\\\/\\\/survivornet.ca\\\/connect\\\/partners\\\/prevent-cancer-now\\\/#breadcrumb\",\"itemListElement\":[{\"@type\":\"ListItem\",\"position\":1,\"name\":\"Home\",\"item\":\"https:\\\/\\\/survivornet.ca\\\/fr\\\/\"},{\"@type\":\"ListItem\",\"position\":2,\"name\":\"Connectez\",\"item\":\"https:\\\/\\\/survivornet.ca\\\/fr\\\/reliez-vous\\\/\"},{\"@type\":\"ListItem\",\"position\":3,\"name\":\"Partenaires\",\"item\":\"https:\\\/\\\/survivornet.ca\\\/fr\\\/reliez-vous\\\/partenaires\\\/\"},{\"@type\":\"ListItem\",\"position\":4,\"name\":\"Prevent Cancer Now\"}]},{\"@type\":\"WebSite\",\"@id\":\"https:\\\/\\\/survivornet.ca\\\/#website\",\"url\":\"https:\\\/\\\/survivornet.ca\\\/\",\"name\":\"Canadian Cancer Survivor Network\",\"description\":\"The Canadian Cancer Survivor Network was created by a group of Canadians concerned about cancer.\",\"publisher\":{\"@id\":\"https:\\\/\\\/survivornet.ca\\\/#organization\"},\"potentialAction\":[{\"@type\":\"SearchAction\",\"target\":{\"@type\":\"EntryPoint\",\"urlTemplate\":\"https:\\\/\\\/survivornet.ca\\\/?s={search_term_string}\"},\"query-input\":{\"@type\":\"PropertyValueSpecification\",\"valueRequired\":true,\"valueName\":\"search_term_string\"}}],\"inLanguage\":\"fr-FR\"},{\"@type\":\"Organization\",\"@id\":\"https:\\\/\\\/survivornet.ca\\\/#organization\",\"name\":\"Canadian Cancer Survivor Network\",\"url\":\"https:\\\/\\\/survivornet.ca\\\/\",\"logo\":{\"@type\":\"ImageObject\",\"inLanguage\":\"fr-FR\",\"@id\":\"https:\\\/\\\/survivornet.ca\\\/#\\\/schema\\\/logo\\\/image\\\/\",\"url\":\"http:\\\/\\\/survivornet.ca\\\/wp-content\\\/uploads\\\/2016\\\/12\\\/CCSN_Logo_EN_SQUARE.png\",\"contentUrl\":\"http:\\\/\\\/survivornet.ca\\\/wp-content\\\/uploads\\\/2016\\\/12\\\/CCSN_Logo_EN_SQUARE.png\",\"width\":1209,\"height\":1007,\"caption\":\"Canadian Cancer Survivor Network\"},\"image\":{\"@id\":\"https:\\\/\\\/survivornet.ca\\\/#\\\/schema\\\/logo\\\/image\\\/\"}}]}<\/script>\n<!-- \/ Yoast SEO plugin. -->","yoast_head_json":{"title":"Prevent Cancer Now - Canadian Cancer Survivor Network","robots":{"index":"index","follow":"follow","max-snippet":"max-snippet:-1","max-image-preview":"max-image-preview:large","max-video-preview":"max-video-preview:-1"},"canonical":"https:\/\/survivornet.ca\/connect\/partners\/prevent-cancer-now\/","og_locale":"fr_FR","og_type":"article","og_title":"Prevent Cancer Now - Canadian Cancer Survivor Network","og_description":"Notre Mission \u00c9liminer les causes du cancer qui peuvent \u00eatre \u00e9vit\u00e9es. Nos buts Cr\u00e9er un mouvement national de pr\u00e9vention du cancer. Int\u00e9grer l&#8217;utilisation du principe de pr\u00e9caution. Consacrer plus de fonds pour","og_url":"https:\/\/survivornet.ca\/connect\/partners\/prevent-cancer-now\/","og_site_name":"Canadian Cancer Survivor Network","article_modified_time":"2017-06-29T15:25:00+00:00","og_image":[{"width":270,"height":170,"url":"https:\/\/survivornet.ca\/wp-content\/uploads\/2017\/06\/Prevent-Cancer-Now-logo.png","type":"image\/png"}],"twitter_card":"summary_large_image","twitter_misc":{"Dur\u00e9e de lecture estim\u00e9e":"2 minutes"},"schema":{"@context":"https:\/\/schema.org","@graph":[{"@type":"WebPage","@id":"https:\/\/survivornet.ca\/connect\/partners\/prevent-cancer-now\/","url":"https:\/\/survivornet.ca\/connect\/partners\/prevent-cancer-now\/","name":"Prevent Cancer Now - Canadian Cancer Survivor Network","isPartOf":{"@id":"https:\/\/survivornet.ca\/#website"},"primaryImageOfPage":{"@id":"https:\/\/survivornet.ca\/connect\/partners\/prevent-cancer-now\/#primaryimage"},"image":{"@id":"https:\/\/survivornet.ca\/connect\/partners\/prevent-cancer-now\/#primaryimage"},"thumbnailUrl":"https:\/\/survivornet.ca\/wp-content\/uploads\/2017\/06\/Prevent-Cancer-Now-logo.png","datePublished":"2017-06-12T15:57:14+00:00","dateModified":"2017-06-29T15:25:00+00:00","breadcrumb":{"@id":"https:\/\/survivornet.ca\/connect\/partners\/prevent-cancer-now\/#breadcrumb"},"inLanguage":"fr-FR","potentialAction":[{"@type":"ReadAction","target":["https:\/\/survivornet.ca\/connect\/partners\/prevent-cancer-now\/"]}]},{"@type":"ImageObject","inLanguage":"fr-FR","@id":"https:\/\/survivornet.ca\/connect\/partners\/prevent-cancer-now\/#primaryimage","url":"https:\/\/survivornet.ca\/wp-content\/uploads\/2017\/06\/Prevent-Cancer-Now-logo.png","contentUrl":"https:\/\/survivornet.ca\/wp-content\/uploads\/2017\/06\/Prevent-Cancer-Now-logo.png","width":270,"height":170},{"@type":"BreadcrumbList","@id":"https:\/\/survivornet.ca\/connect\/partners\/prevent-cancer-now\/#breadcrumb","itemListElement":[{"@type":"ListItem","position":1,"name":"Home","item":"https:\/\/survivornet.ca\/fr\/"},{"@type":"ListItem","position":2,"name":"Connectez","item":"https:\/\/survivornet.ca\/fr\/reliez-vous\/"},{"@type":"ListItem","position":3,"name":"Partenaires","item":"https:\/\/survivornet.ca\/fr\/reliez-vous\/partenaires\/"},{"@type":"ListItem","position":4,"name":"Prevent Cancer Now"}]},{"@type":"WebSite","@id":"https:\/\/survivornet.ca\/#website","url":"https:\/\/survivornet.ca\/","name":"Canadian Cancer Survivor Network","description":"The Canadian Cancer Survivor Network was created by a group of Canadians concerned about cancer.","publisher":{"@id":"https:\/\/survivornet.ca\/#organization"},"potentialAction":[{"@type":"SearchAction","target":{"@type":"EntryPoint","urlTemplate":"https:\/\/survivornet.ca\/?s={search_term_string}"},"query-input":{"@type":"PropertyValueSpecification","valueRequired":true,"valueName":"search_term_string"}}],"inLanguage":"fr-FR"},{"@type":"Organization","@id":"https:\/\/survivornet.ca\/#organization","name":"Canadian Cancer Survivor Network","url":"https:\/\/survivornet.ca\/","logo":{"@type":"ImageObject","inLanguage":"fr-FR","@id":"https:\/\/survivornet.ca\/#\/schema\/logo\/image\/","url":"http:\/\/survivornet.ca\/wp-content\/uploads\/2016\/12\/CCSN_Logo_EN_SQUARE.png","contentUrl":"http:\/\/survivornet.ca\/wp-content\/uploads\/2016\/12\/CCSN_Logo_EN_SQUARE.png","width":1209,"height":1007,"caption":"Canadian Cancer Survivor Network"},"image":{"@id":"https:\/\/survivornet.ca\/#\/schema\/logo\/image\/"}}]}},"_links":{"self":[{"href":"https:\/\/survivornet.ca\/fr\/wp-json\/wp\/v2\/pages\/5350","targetHints":{"allow":["GET"]}}],"collection":[{"href":"https:\/\/survivornet.ca\/fr\/wp-json\/wp\/v2\/pages"}],"about":[{"href":"https:\/\/survivornet.ca\/fr\/wp-json\/wp\/v2\/types\/page"}],"author":[{"embeddable":true,"href":"https:\/\/survivornet.ca\/fr\/wp-json\/wp\/v2\/users\/2"}],"replies":[{"embeddable":true,"href":"https:\/\/survivornet.ca\/fr\/wp-json\/wp\/v2\/comments?post=5350"}],"version-history":[{"count":0,"href":"https:\/\/survivornet.ca\/fr\/wp-json\/wp\/v2\/pages\/5350\/revisions"}],"up":[{"embeddable":true,"href":"https:\/\/survivornet.ca\/fr\/wp-json\/wp\/v2\/pages\/4484"}],"wp:featuredmedia":[{"embeddable":true,"href":"https:\/\/survivornet.ca\/fr\/wp-json\/wp\/v2\/media\/5869"}],"wp:attachment":[{"href":"https:\/\/survivornet.ca\/fr\/wp-json\/wp\/v2\/media?parent=5350"}],"curies":[{"name":"wp","href":"https:\/\/api.w.org\/{rel}","templated":true}]}}