{"id":5346,"date":"2017-06-12T15:53:03","date_gmt":"2017-06-12T15:53:03","guid":{"rendered":"https:\/\/survivornet.ca\/?page_id=5346\/"},"modified":"2024-08-07T12:30:12","modified_gmt":"2024-08-07T16:30:12","slug":"cancer-du-pancreas-canada","status":"publish","type":"page","link":"https:\/\/survivornet.ca\/fr\/reliez-vous\/partenaires\/cancer-du-pancreas-canada\/","title":{"rendered":"Cancer du pancr\u00e9as Canada"},"content":{"rendered":"<p><img loading=\"lazy\" decoding=\"async\" class=\"aligncenter  wp-image-30686\" src=\"http:\/\/survivornet.ca\/wp-content\/uploads\/2024\/08\/Pancreatic-Cancer-Canada.png\" alt=\"\" width=\"487\" height=\"221\" \/><\/p>\n<p>Cancer du pancr\u00e9as Canada (CPC) s&#8217;est engag\u00e9 \u00e0 am\u00e9liorer la survie au cancer du pancr\u00e9as et donner de l&#8217;espoir \u00e0 travers la sensibilisation, l&#8217;\u00e9ducation, le soutien aux patients et la recherche.<\/p>\n<p>Les priorit\u00e9s de CPC continuent \u00e0 \u00eatre les suivantes:<\/p>\n<ul class=\"content-list\">\n<li>Faire un travail de sensibilisation et plaider pour un meilleur financement<\/li>\n<li>Fournir du soutien et des ressources aux patientEs et \u00e0 leurs familles<\/li>\n<li>Soutenir la recherche sur la d\u00e9tection pr\u00e9coce, les options de traitement efficaces et, finalement, la d\u00e9couverte d\u2019un rem\u00e8de.<\/li>\n<\/ul>\n<p><a href=\"https:\/\/pancreaticcancercanada.ca\/\">Cancer du pancr\u00e9as Canada\u00a0<\/a><\/p>\n","protected":false},"excerpt":{"rendered":"<p>Cancer du pancr\u00e9as Canada (CPC) s&#8217;est engag\u00e9 \u00e0 am\u00e9liorer la survie au cancer du pancr\u00e9as et donner de l&#8217;espoir \u00e0 travers la sensibilisation, l&#8217;\u00e9ducation, le soutien aux patients et la recherche. Les<\/p>\n","protected":false},"author":2,"featured_media":30686,"parent":4484,"menu_order":49,"comment_status":"closed","ping_status":"closed","template":"","meta":{"_acf_changed":false,"footnotes":""},"class_list":["post-5346","page","type-page","status-publish","has-post-thumbnail","hentry"],"acf":[],"yoast_head":"<!-- This site is optimized with the Yoast SEO plugin v27.4 - https:\/\/yoast.com\/product\/yoast-seo-wordpress\/ -->\n<title>Cancer du pancr\u00e9as Canada - Canadian Cancer Survivor Network<\/title>\n<meta name=\"robots\" content=\"index, follow, max-snippet:-1, max-image-preview:large, max-video-preview:-1\" \/>\n<link rel=\"canonical\" href=\"https:\/\/survivornet.ca\/connect\/partners\/pancreatic-cancer-canada-cc\/\" \/>\n<meta property=\"og:locale\" content=\"fr_FR\" \/>\n<meta property=\"og:type\" content=\"article\" \/>\n<meta property=\"og:title\" content=\"Cancer du pancr\u00e9as Canada - Canadian Cancer Survivor Network\" \/>\n<meta property=\"og:description\" content=\"Cancer du pancr\u00e9as Canada (CPC) s&#8217;est engag\u00e9 \u00e0 am\u00e9liorer la survie au cancer du pancr\u00e9as et donner de l&#8217;espoir \u00e0 travers la sensibilisation, l&#8217;\u00e9ducation, le soutien aux patients et la recherche. Les\" \/>\n<meta property=\"og:url\" content=\"https:\/\/survivornet.ca\/connect\/partners\/pancreatic-cancer-canada-cc\/\" \/>\n<meta property=\"og:site_name\" content=\"Canadian Cancer Survivor Network\" \/>\n<meta property=\"article:modified_time\" content=\"2024-08-07T16:30:12+00:00\" \/>\n<meta property=\"og:image\" content=\"https:\/\/survivornet.ca\/wp-content\/uploads\/2024\/08\/Pancreatic-Cancer-Canada.png\" \/>\n\t<meta property=\"og:image:width\" content=\"727\" \/>\n\t<meta property=\"og:image:height\" content=\"330\" \/>\n\t<meta property=\"og:image:type\" content=\"image\/png\" \/>\n<meta name=\"twitter:card\" content=\"summary_large_image\" \/>\n<meta name=\"twitter:label1\" content=\"Dur\u00e9e de lecture estim\u00e9e\" \/>\n\t<meta name=\"twitter:data1\" content=\"1 minute\" \/>\n<script type=\"application\/ld+json\" class=\"yoast-schema-graph\">{\"@context\":\"https:\\\/\\\/schema.org\",\"@graph\":[{\"@type\":\"WebPage\",\"@id\":\"https:\\\/\\\/survivornet.ca\\\/connect\\\/partners\\\/pancreatic-cancer-canada-cc\\\/\",\"url\":\"https:\\\/\\\/survivornet.ca\\\/connect\\\/partners\\\/pancreatic-cancer-canada-cc\\\/\",\"name\":\"Cancer du pancr\u00e9as Canada - Canadian Cancer Survivor Network\",\"isPartOf\":{\"@id\":\"https:\\\/\\\/survivornet.ca\\\/#website\"},\"primaryImageOfPage\":{\"@id\":\"https:\\\/\\\/survivornet.ca\\\/connect\\\/partners\\\/pancreatic-cancer-canada-cc\\\/#primaryimage\"},\"image\":{\"@id\":\"https:\\\/\\\/survivornet.ca\\\/connect\\\/partners\\\/pancreatic-cancer-canada-cc\\\/#primaryimage\"},\"thumbnailUrl\":\"https:\\\/\\\/survivornet.ca\\\/wp-content\\\/uploads\\\/2024\\\/08\\\/Pancreatic-Cancer-Canada.png\",\"datePublished\":\"2017-06-12T15:53:03+00:00\",\"dateModified\":\"2024-08-07T16:30:12+00:00\",\"breadcrumb\":{\"@id\":\"https:\\\/\\\/survivornet.ca\\\/connect\\\/partners\\\/pancreatic-cancer-canada-cc\\\/#breadcrumb\"},\"inLanguage\":\"fr-FR\",\"potentialAction\":[{\"@type\":\"ReadAction\",\"target\":[\"https:\\\/\\\/survivornet.ca\\\/connect\\\/partners\\\/pancreatic-cancer-canada-cc\\\/\"]}]},{\"@type\":\"ImageObject\",\"inLanguage\":\"fr-FR\",\"@id\":\"https:\\\/\\\/survivornet.ca\\\/connect\\\/partners\\\/pancreatic-cancer-canada-cc\\\/#primaryimage\",\"url\":\"https:\\\/\\\/survivornet.ca\\\/wp-content\\\/uploads\\\/2024\\\/08\\\/Pancreatic-Cancer-Canada.png\",\"contentUrl\":\"https:\\\/\\\/survivornet.ca\\\/wp-content\\\/uploads\\\/2024\\\/08\\\/Pancreatic-Cancer-Canada.png\",\"width\":727,\"height\":330},{\"@type\":\"BreadcrumbList\",\"@id\":\"https:\\\/\\\/survivornet.ca\\\/connect\\\/partners\\\/pancreatic-cancer-canada-cc\\\/#breadcrumb\",\"itemListElement\":[{\"@type\":\"ListItem\",\"position\":1,\"name\":\"Home\",\"item\":\"https:\\\/\\\/survivornet.ca\\\/fr\\\/\"},{\"@type\":\"ListItem\",\"position\":2,\"name\":\"Connectez\",\"item\":\"https:\\\/\\\/survivornet.ca\\\/fr\\\/reliez-vous\\\/\"},{\"@type\":\"ListItem\",\"position\":3,\"name\":\"Partenaires\",\"item\":\"https:\\\/\\\/survivornet.ca\\\/fr\\\/reliez-vous\\\/partenaires\\\/\"},{\"@type\":\"ListItem\",\"position\":4,\"name\":\"Cancer du pancr\u00e9as Canada\"}]},{\"@type\":\"WebSite\",\"@id\":\"https:\\\/\\\/survivornet.ca\\\/#website\",\"url\":\"https:\\\/\\\/survivornet.ca\\\/\",\"name\":\"Canadian Cancer Survivor Network\",\"description\":\"The Canadian Cancer Survivor Network was created by a group of Canadians concerned about cancer.\",\"publisher\":{\"@id\":\"https:\\\/\\\/survivornet.ca\\\/#organization\"},\"potentialAction\":[{\"@type\":\"SearchAction\",\"target\":{\"@type\":\"EntryPoint\",\"urlTemplate\":\"https:\\\/\\\/survivornet.ca\\\/?s={search_term_string}\"},\"query-input\":{\"@type\":\"PropertyValueSpecification\",\"valueRequired\":true,\"valueName\":\"search_term_string\"}}],\"inLanguage\":\"fr-FR\"},{\"@type\":\"Organization\",\"@id\":\"https:\\\/\\\/survivornet.ca\\\/#organization\",\"name\":\"Canadian Cancer Survivor Network\",\"url\":\"https:\\\/\\\/survivornet.ca\\\/\",\"logo\":{\"@type\":\"ImageObject\",\"inLanguage\":\"fr-FR\",\"@id\":\"https:\\\/\\\/survivornet.ca\\\/#\\\/schema\\\/logo\\\/image\\\/\",\"url\":\"http:\\\/\\\/survivornet.ca\\\/wp-content\\\/uploads\\\/2016\\\/12\\\/CCSN_Logo_EN_SQUARE.png\",\"contentUrl\":\"http:\\\/\\\/survivornet.ca\\\/wp-content\\\/uploads\\\/2016\\\/12\\\/CCSN_Logo_EN_SQUARE.png\",\"width\":1209,\"height\":1007,\"caption\":\"Canadian Cancer Survivor Network\"},\"image\":{\"@id\":\"https:\\\/\\\/survivornet.ca\\\/#\\\/schema\\\/logo\\\/image\\\/\"}}]}<\/script>\n<!-- \/ Yoast SEO plugin. -->","yoast_head_json":{"title":"Cancer du pancr\u00e9as Canada - Canadian Cancer Survivor Network","robots":{"index":"index","follow":"follow","max-snippet":"max-snippet:-1","max-image-preview":"max-image-preview:large","max-video-preview":"max-video-preview:-1"},"canonical":"https:\/\/survivornet.ca\/connect\/partners\/pancreatic-cancer-canada-cc\/","og_locale":"fr_FR","og_type":"article","og_title":"Cancer du pancr\u00e9as Canada - Canadian Cancer Survivor Network","og_description":"Cancer du pancr\u00e9as Canada (CPC) s&#8217;est engag\u00e9 \u00e0 am\u00e9liorer la survie au cancer du pancr\u00e9as et donner de l&#8217;espoir \u00e0 travers la sensibilisation, l&#8217;\u00e9ducation, le soutien aux patients et la recherche. Les","og_url":"https:\/\/survivornet.ca\/connect\/partners\/pancreatic-cancer-canada-cc\/","og_site_name":"Canadian Cancer Survivor Network","article_modified_time":"2024-08-07T16:30:12+00:00","og_image":[{"width":727,"height":330,"url":"https:\/\/survivornet.ca\/wp-content\/uploads\/2024\/08\/Pancreatic-Cancer-Canada.png","type":"image\/png"}],"twitter_card":"summary_large_image","twitter_misc":{"Dur\u00e9e de lecture estim\u00e9e":"1 minute"},"schema":{"@context":"https:\/\/schema.org","@graph":[{"@type":"WebPage","@id":"https:\/\/survivornet.ca\/connect\/partners\/pancreatic-cancer-canada-cc\/","url":"https:\/\/survivornet.ca\/connect\/partners\/pancreatic-cancer-canada-cc\/","name":"Cancer du pancr\u00e9as Canada - Canadian Cancer Survivor Network","isPartOf":{"@id":"https:\/\/survivornet.ca\/#website"},"primaryImageOfPage":{"@id":"https:\/\/survivornet.ca\/connect\/partners\/pancreatic-cancer-canada-cc\/#primaryimage"},"image":{"@id":"https:\/\/survivornet.ca\/connect\/partners\/pancreatic-cancer-canada-cc\/#primaryimage"},"thumbnailUrl":"https:\/\/survivornet.ca\/wp-content\/uploads\/2024\/08\/Pancreatic-Cancer-Canada.png","datePublished":"2017-06-12T15:53:03+00:00","dateModified":"2024-08-07T16:30:12+00:00","breadcrumb":{"@id":"https:\/\/survivornet.ca\/connect\/partners\/pancreatic-cancer-canada-cc\/#breadcrumb"},"inLanguage":"fr-FR","potentialAction":[{"@type":"ReadAction","target":["https:\/\/survivornet.ca\/connect\/partners\/pancreatic-cancer-canada-cc\/"]}]},{"@type":"ImageObject","inLanguage":"fr-FR","@id":"https:\/\/survivornet.ca\/connect\/partners\/pancreatic-cancer-canada-cc\/#primaryimage","url":"https:\/\/survivornet.ca\/wp-content\/uploads\/2024\/08\/Pancreatic-Cancer-Canada.png","contentUrl":"https:\/\/survivornet.ca\/wp-content\/uploads\/2024\/08\/Pancreatic-Cancer-Canada.png","width":727,"height":330},{"@type":"BreadcrumbList","@id":"https:\/\/survivornet.ca\/connect\/partners\/pancreatic-cancer-canada-cc\/#breadcrumb","itemListElement":[{"@type":"ListItem","position":1,"name":"Home","item":"https:\/\/survivornet.ca\/fr\/"},{"@type":"ListItem","position":2,"name":"Connectez","item":"https:\/\/survivornet.ca\/fr\/reliez-vous\/"},{"@type":"ListItem","position":3,"name":"Partenaires","item":"https:\/\/survivornet.ca\/fr\/reliez-vous\/partenaires\/"},{"@type":"ListItem","position":4,"name":"Cancer du pancr\u00e9as Canada"}]},{"@type":"WebSite","@id":"https:\/\/survivornet.ca\/#website","url":"https:\/\/survivornet.ca\/","name":"Canadian Cancer Survivor Network","description":"The Canadian Cancer Survivor Network was created by a group of Canadians concerned about cancer.","publisher":{"@id":"https:\/\/survivornet.ca\/#organization"},"potentialAction":[{"@type":"SearchAction","target":{"@type":"EntryPoint","urlTemplate":"https:\/\/survivornet.ca\/?s={search_term_string}"},"query-input":{"@type":"PropertyValueSpecification","valueRequired":true,"valueName":"search_term_string"}}],"inLanguage":"fr-FR"},{"@type":"Organization","@id":"https:\/\/survivornet.ca\/#organization","name":"Canadian Cancer Survivor Network","url":"https:\/\/survivornet.ca\/","logo":{"@type":"ImageObject","inLanguage":"fr-FR","@id":"https:\/\/survivornet.ca\/#\/schema\/logo\/image\/","url":"http:\/\/survivornet.ca\/wp-content\/uploads\/2016\/12\/CCSN_Logo_EN_SQUARE.png","contentUrl":"http:\/\/survivornet.ca\/wp-content\/uploads\/2016\/12\/CCSN_Logo_EN_SQUARE.png","width":1209,"height":1007,"caption":"Canadian Cancer Survivor Network"},"image":{"@id":"https:\/\/survivornet.ca\/#\/schema\/logo\/image\/"}}]}},"_links":{"self":[{"href":"https:\/\/survivornet.ca\/fr\/wp-json\/wp\/v2\/pages\/5346","targetHints":{"allow":["GET"]}}],"collection":[{"href":"https:\/\/survivornet.ca\/fr\/wp-json\/wp\/v2\/pages"}],"about":[{"href":"https:\/\/survivornet.ca\/fr\/wp-json\/wp\/v2\/types\/page"}],"author":[{"embeddable":true,"href":"https:\/\/survivornet.ca\/fr\/wp-json\/wp\/v2\/users\/2"}],"replies":[{"embeddable":true,"href":"https:\/\/survivornet.ca\/fr\/wp-json\/wp\/v2\/comments?post=5346"}],"version-history":[{"count":2,"href":"https:\/\/survivornet.ca\/fr\/wp-json\/wp\/v2\/pages\/5346\/revisions"}],"predecessor-version":[{"id":30688,"href":"https:\/\/survivornet.ca\/fr\/wp-json\/wp\/v2\/pages\/5346\/revisions\/30688"}],"up":[{"embeddable":true,"href":"https:\/\/survivornet.ca\/fr\/wp-json\/wp\/v2\/pages\/4484"}],"wp:featuredmedia":[{"embeddable":true,"href":"https:\/\/survivornet.ca\/fr\/wp-json\/wp\/v2\/media\/30686"}],"wp:attachment":[{"href":"https:\/\/survivornet.ca\/fr\/wp-json\/wp\/v2\/media?parent=5346"}],"curies":[{"name":"wp","href":"https:\/\/api.w.org\/{rel}","templated":true}]}}