{"id":5340,"date":"2017-06-12T15:46:08","date_gmt":"2017-06-12T15:46:08","guid":{"rendered":"https:\/\/survivornet.ca\/?page_id=5340\/"},"modified":"2024-08-07T12:24:02","modified_gmt":"2024-08-07T16:24:02","slug":"ontario-health-coalition","status":"publish","type":"page","link":"https:\/\/survivornet.ca\/fr\/reliez-vous\/partenaires\/ontario-health-coalition\/","title":{"rendered":"Ontario Health Coalition"},"content":{"rendered":"<p><img decoding=\"async\" src=\"http:\/\/old.survivornet.ca\/uploads\/images\/Ontario%20Health%20Coalition%20-%20Logo%20-%20Banner.jpg\" alt=\"\" \/><img loading=\"lazy\" decoding=\"async\" class=\"aligncenter  wp-image-30644\" src=\"http:\/\/survivornet.ca\/wp-content\/uploads\/2024\/08\/Ontario-Health-Coalition.png\" alt=\"\" width=\"297\" height=\"149\" \/><\/p>\n<p>Le groupe <em>Ontario Health Coalition <\/em>est un r\u00e9seau de plus de 400 groupes communautaires locaux repr\u00e9sentant pratiquement toutes les r\u00e9gions de l\u2019Ontario. Notre objectif principal est de permettre aux membres de nos organisations constitutives de s&#8217;engager activement dans l&#8217;\u00e9laboration des politiques publiques sur les questions reli\u00e9es aux soins de sant\u00e9 et aux collectivit\u00e9s en sant\u00e9. \u00c0 cette fin, nous cherchons \u00e0 fournir aux organisations membres et au grand public de l&#8217;information continue au sujet de leur syst\u00e8me de soins de sant\u00e9 et de ses programmes et services. Gr\u00e2ce \u00e0 l\u2019\u00e9ducation du public et au soutien pour les d\u00e9bats publics, nous contribuons au maintien et \u00e0 l\u2019expansion d\u2019un syst\u00e8me de v\u00e9rifications qui sont essentielles \u00e0 la prise de bonnes d\u00e9cisions. Nous sommes une organisation extr\u00eamement collaborative, travaillant activement avec d&#8217;autres groupes pour partager des ressources et de l&#8217;information. Nous sommes un groupe non partisan engag\u00e9 \u00e0 maintenir et \u00e0 am\u00e9liorer notre syst\u00e8me de soins de sant\u00e9 qui est financ\u00e9 par les fonds publics et administr\u00e9 au public. Nous travaillons \u00e0 honorer et \u00e0 renforcer les principes de la Loi canadienne sur la sant\u00e9.<\/p>\n<p>Nos membres incluent plus de 50 coalitions de sant\u00e9 communautaires \u00e0 travers la province; des comit\u00e9s d\u2019action de sant\u00e9 locaux; des organismes de professionnels de la sant\u00e9; des m\u00e9decins qui soutiennent l\u2019assurance-sant\u00e9 tel que le <em>Medical Reform Group; <\/em>des groupes d\u2019\u00e9tudiants en m\u00e9dicine qui soutiennent l\u2019assurance-maladie; ceux qui offrent des services \u00e0 sans but lucratif; les unions dans le secteur de la sant\u00e9; les groupes de femmes tel le Comit\u00e9 canadien d&#8217;action sur le statut de la femme, le groupe <em>Older Women&#8217;s Network<\/em>, <em>Canadian Pensioners Concerned, Immigrant Women&#8217;s Health Centre, Voices of Positive Women; <\/em>les groupes pour les personnes \u00e2g\u00e9es comme le <em>Ontario Coalition of Senior Citizens Organizations, CAW retirees, Alliance of Seniors\/Older Canadian Network<\/em>; les organisations pour les gens \u00e0 faible revenu ou sans abri comme <em>Low Income Families Together, Food Share of Metro Toronto, Ontario Coalition Against Poverty<\/em>; les organismes de services sociaux;\u00a0 les organisations de plaidoyer des travailleurs; les minorit\u00e9s ethniques et multiraciales; le groupe <em>Ontario Federation of Labour<\/em>; et d\u2019autres organisations comme le <em>Canadian Council of South Asian Seniors (Ont.), Association of Neurologically Disabled, Ontario Coalition for Social Justice, Social Planning Council of Metro Toronto,<\/em> <em>Native Women&#8217;s Resource Centre, Aids Action Now, Birth Control and Venereal Disease Centre, <\/em>la F\u00e9d\u00e9ration canadienne des \u00e9tudiantes et \u00e9tudiants (Ontario), Oxfam Canada et le groupe <em>Injured Workers Resource Centre, <\/em>entre autres.<\/p>\n<p>Le groupe <em>Ontario Health Coalition<\/em> est tr\u00e8s impliqu\u00e9 dans plusieurs campagnes de sensibilisation et de d\u00e9fense d\u2019int\u00e9r\u00eats, donc jetez un coup d\u2019oeil \u00e0 leur site r\u00e9guli\u00e8rement pour \u00eatre \u00e0 l\u2019affut des campagnes auxquelles vous pourriez participer.<\/p>\n<p>&#8230;<\/p>\n<p>Pour en savoir plus, consultez leur <a href=\"https:\/\/www.ontariohealthcoalition.ca\/\">site web<\/a>.<\/p>\n","protected":false},"excerpt":{"rendered":"<p>Le groupe Ontario Health Coalition est un r\u00e9seau de plus de 400 groupes communautaires locaux repr\u00e9sentant pratiquement toutes les r\u00e9gions de l\u2019Ontario. Notre objectif principal est de permettre aux membres de nos<\/p>\n","protected":false},"author":2,"featured_media":30644,"parent":4484,"menu_order":45,"comment_status":"closed","ping_status":"closed","template":"","meta":{"_acf_changed":false,"footnotes":""},"class_list":["post-5340","page","type-page","status-publish","has-post-thumbnail","hentry"],"acf":[],"yoast_head":"<!-- This site is optimized with the Yoast SEO plugin v27.4 - https:\/\/yoast.com\/product\/yoast-seo-wordpress\/ -->\n<title>Ontario Health Coalition - Canadian Cancer Survivor Network<\/title>\n<meta name=\"robots\" content=\"index, follow, max-snippet:-1, max-image-preview:large, max-video-preview:-1\" \/>\n<link rel=\"canonical\" href=\"https:\/\/survivornet.ca\/connect\/partners\/ontario-health-coalition\/\" \/>\n<meta property=\"og:locale\" content=\"fr_FR\" \/>\n<meta property=\"og:type\" content=\"article\" \/>\n<meta property=\"og:title\" content=\"Ontario Health Coalition - Canadian Cancer Survivor Network\" \/>\n<meta property=\"og:description\" content=\"Le groupe Ontario Health Coalition est un r\u00e9seau de plus de 400 groupes communautaires locaux repr\u00e9sentant pratiquement toutes les r\u00e9gions de l\u2019Ontario. Notre objectif principal est de permettre aux membres de nos\" \/>\n<meta property=\"og:url\" content=\"https:\/\/survivornet.ca\/connect\/partners\/ontario-health-coalition\/\" \/>\n<meta property=\"og:site_name\" content=\"Canadian Cancer Survivor Network\" \/>\n<meta property=\"article:modified_time\" content=\"2024-08-07T16:24:02+00:00\" \/>\n<meta property=\"og:image\" content=\"https:\/\/survivornet.ca\/wp-content\/uploads\/2024\/08\/Ontario-Health-Coalition.png\" \/>\n\t<meta property=\"og:image:width\" content=\"478\" \/>\n\t<meta property=\"og:image:height\" content=\"240\" \/>\n\t<meta property=\"og:image:type\" content=\"image\/png\" \/>\n<meta name=\"twitter:card\" content=\"summary_large_image\" \/>\n<meta name=\"twitter:label1\" content=\"Dur\u00e9e de lecture estim\u00e9e\" \/>\n\t<meta name=\"twitter:data1\" content=\"3 minutes\" \/>\n<script type=\"application\/ld+json\" class=\"yoast-schema-graph\">{\"@context\":\"https:\\\/\\\/schema.org\",\"@graph\":[{\"@type\":\"WebPage\",\"@id\":\"https:\\\/\\\/survivornet.ca\\\/connect\\\/partners\\\/ontario-health-coalition\\\/\",\"url\":\"https:\\\/\\\/survivornet.ca\\\/connect\\\/partners\\\/ontario-health-coalition\\\/\",\"name\":\"Ontario Health Coalition - Canadian Cancer Survivor Network\",\"isPartOf\":{\"@id\":\"https:\\\/\\\/survivornet.ca\\\/#website\"},\"primaryImageOfPage\":{\"@id\":\"https:\\\/\\\/survivornet.ca\\\/connect\\\/partners\\\/ontario-health-coalition\\\/#primaryimage\"},\"image\":{\"@id\":\"https:\\\/\\\/survivornet.ca\\\/connect\\\/partners\\\/ontario-health-coalition\\\/#primaryimage\"},\"thumbnailUrl\":\"https:\\\/\\\/survivornet.ca\\\/wp-content\\\/uploads\\\/2024\\\/08\\\/Ontario-Health-Coalition.png\",\"datePublished\":\"2017-06-12T15:46:08+00:00\",\"dateModified\":\"2024-08-07T16:24:02+00:00\",\"breadcrumb\":{\"@id\":\"https:\\\/\\\/survivornet.ca\\\/connect\\\/partners\\\/ontario-health-coalition\\\/#breadcrumb\"},\"inLanguage\":\"fr-FR\",\"potentialAction\":[{\"@type\":\"ReadAction\",\"target\":[\"https:\\\/\\\/survivornet.ca\\\/connect\\\/partners\\\/ontario-health-coalition\\\/\"]}]},{\"@type\":\"ImageObject\",\"inLanguage\":\"fr-FR\",\"@id\":\"https:\\\/\\\/survivornet.ca\\\/connect\\\/partners\\\/ontario-health-coalition\\\/#primaryimage\",\"url\":\"https:\\\/\\\/survivornet.ca\\\/wp-content\\\/uploads\\\/2024\\\/08\\\/Ontario-Health-Coalition.png\",\"contentUrl\":\"https:\\\/\\\/survivornet.ca\\\/wp-content\\\/uploads\\\/2024\\\/08\\\/Ontario-Health-Coalition.png\",\"width\":478,\"height\":240},{\"@type\":\"BreadcrumbList\",\"@id\":\"https:\\\/\\\/survivornet.ca\\\/connect\\\/partners\\\/ontario-health-coalition\\\/#breadcrumb\",\"itemListElement\":[{\"@type\":\"ListItem\",\"position\":1,\"name\":\"Home\",\"item\":\"https:\\\/\\\/survivornet.ca\\\/fr\\\/\"},{\"@type\":\"ListItem\",\"position\":2,\"name\":\"Connectez\",\"item\":\"https:\\\/\\\/survivornet.ca\\\/fr\\\/reliez-vous\\\/\"},{\"@type\":\"ListItem\",\"position\":3,\"name\":\"Partenaires\",\"item\":\"https:\\\/\\\/survivornet.ca\\\/fr\\\/reliez-vous\\\/partenaires\\\/\"},{\"@type\":\"ListItem\",\"position\":4,\"name\":\"Ontario Health Coalition\"}]},{\"@type\":\"WebSite\",\"@id\":\"https:\\\/\\\/survivornet.ca\\\/#website\",\"url\":\"https:\\\/\\\/survivornet.ca\\\/\",\"name\":\"Canadian Cancer Survivor Network\",\"description\":\"The Canadian Cancer Survivor Network was created by a group of Canadians concerned about cancer.\",\"publisher\":{\"@id\":\"https:\\\/\\\/survivornet.ca\\\/#organization\"},\"potentialAction\":[{\"@type\":\"SearchAction\",\"target\":{\"@type\":\"EntryPoint\",\"urlTemplate\":\"https:\\\/\\\/survivornet.ca\\\/?s={search_term_string}\"},\"query-input\":{\"@type\":\"PropertyValueSpecification\",\"valueRequired\":true,\"valueName\":\"search_term_string\"}}],\"inLanguage\":\"fr-FR\"},{\"@type\":\"Organization\",\"@id\":\"https:\\\/\\\/survivornet.ca\\\/#organization\",\"name\":\"Canadian Cancer Survivor Network\",\"url\":\"https:\\\/\\\/survivornet.ca\\\/\",\"logo\":{\"@type\":\"ImageObject\",\"inLanguage\":\"fr-FR\",\"@id\":\"https:\\\/\\\/survivornet.ca\\\/#\\\/schema\\\/logo\\\/image\\\/\",\"url\":\"http:\\\/\\\/survivornet.ca\\\/wp-content\\\/uploads\\\/2016\\\/12\\\/CCSN_Logo_EN_SQUARE.png\",\"contentUrl\":\"http:\\\/\\\/survivornet.ca\\\/wp-content\\\/uploads\\\/2016\\\/12\\\/CCSN_Logo_EN_SQUARE.png\",\"width\":1209,\"height\":1007,\"caption\":\"Canadian Cancer Survivor Network\"},\"image\":{\"@id\":\"https:\\\/\\\/survivornet.ca\\\/#\\\/schema\\\/logo\\\/image\\\/\"}}]}<\/script>\n<!-- \/ Yoast SEO plugin. -->","yoast_head_json":{"title":"Ontario Health Coalition - Canadian Cancer Survivor Network","robots":{"index":"index","follow":"follow","max-snippet":"max-snippet:-1","max-image-preview":"max-image-preview:large","max-video-preview":"max-video-preview:-1"},"canonical":"https:\/\/survivornet.ca\/connect\/partners\/ontario-health-coalition\/","og_locale":"fr_FR","og_type":"article","og_title":"Ontario Health Coalition - Canadian Cancer Survivor Network","og_description":"Le groupe Ontario Health Coalition est un r\u00e9seau de plus de 400 groupes communautaires locaux repr\u00e9sentant pratiquement toutes les r\u00e9gions de l\u2019Ontario. Notre objectif principal est de permettre aux membres de nos","og_url":"https:\/\/survivornet.ca\/connect\/partners\/ontario-health-coalition\/","og_site_name":"Canadian Cancer Survivor Network","article_modified_time":"2024-08-07T16:24:02+00:00","og_image":[{"width":478,"height":240,"url":"https:\/\/survivornet.ca\/wp-content\/uploads\/2024\/08\/Ontario-Health-Coalition.png","type":"image\/png"}],"twitter_card":"summary_large_image","twitter_misc":{"Dur\u00e9e de lecture estim\u00e9e":"3 minutes"},"schema":{"@context":"https:\/\/schema.org","@graph":[{"@type":"WebPage","@id":"https:\/\/survivornet.ca\/connect\/partners\/ontario-health-coalition\/","url":"https:\/\/survivornet.ca\/connect\/partners\/ontario-health-coalition\/","name":"Ontario Health Coalition - Canadian Cancer Survivor Network","isPartOf":{"@id":"https:\/\/survivornet.ca\/#website"},"primaryImageOfPage":{"@id":"https:\/\/survivornet.ca\/connect\/partners\/ontario-health-coalition\/#primaryimage"},"image":{"@id":"https:\/\/survivornet.ca\/connect\/partners\/ontario-health-coalition\/#primaryimage"},"thumbnailUrl":"https:\/\/survivornet.ca\/wp-content\/uploads\/2024\/08\/Ontario-Health-Coalition.png","datePublished":"2017-06-12T15:46:08+00:00","dateModified":"2024-08-07T16:24:02+00:00","breadcrumb":{"@id":"https:\/\/survivornet.ca\/connect\/partners\/ontario-health-coalition\/#breadcrumb"},"inLanguage":"fr-FR","potentialAction":[{"@type":"ReadAction","target":["https:\/\/survivornet.ca\/connect\/partners\/ontario-health-coalition\/"]}]},{"@type":"ImageObject","inLanguage":"fr-FR","@id":"https:\/\/survivornet.ca\/connect\/partners\/ontario-health-coalition\/#primaryimage","url":"https:\/\/survivornet.ca\/wp-content\/uploads\/2024\/08\/Ontario-Health-Coalition.png","contentUrl":"https:\/\/survivornet.ca\/wp-content\/uploads\/2024\/08\/Ontario-Health-Coalition.png","width":478,"height":240},{"@type":"BreadcrumbList","@id":"https:\/\/survivornet.ca\/connect\/partners\/ontario-health-coalition\/#breadcrumb","itemListElement":[{"@type":"ListItem","position":1,"name":"Home","item":"https:\/\/survivornet.ca\/fr\/"},{"@type":"ListItem","position":2,"name":"Connectez","item":"https:\/\/survivornet.ca\/fr\/reliez-vous\/"},{"@type":"ListItem","position":3,"name":"Partenaires","item":"https:\/\/survivornet.ca\/fr\/reliez-vous\/partenaires\/"},{"@type":"ListItem","position":4,"name":"Ontario Health Coalition"}]},{"@type":"WebSite","@id":"https:\/\/survivornet.ca\/#website","url":"https:\/\/survivornet.ca\/","name":"Canadian Cancer Survivor Network","description":"The Canadian Cancer Survivor Network was created by a group of Canadians concerned about cancer.","publisher":{"@id":"https:\/\/survivornet.ca\/#organization"},"potentialAction":[{"@type":"SearchAction","target":{"@type":"EntryPoint","urlTemplate":"https:\/\/survivornet.ca\/?s={search_term_string}"},"query-input":{"@type":"PropertyValueSpecification","valueRequired":true,"valueName":"search_term_string"}}],"inLanguage":"fr-FR"},{"@type":"Organization","@id":"https:\/\/survivornet.ca\/#organization","name":"Canadian Cancer Survivor Network","url":"https:\/\/survivornet.ca\/","logo":{"@type":"ImageObject","inLanguage":"fr-FR","@id":"https:\/\/survivornet.ca\/#\/schema\/logo\/image\/","url":"http:\/\/survivornet.ca\/wp-content\/uploads\/2016\/12\/CCSN_Logo_EN_SQUARE.png","contentUrl":"http:\/\/survivornet.ca\/wp-content\/uploads\/2016\/12\/CCSN_Logo_EN_SQUARE.png","width":1209,"height":1007,"caption":"Canadian Cancer Survivor Network"},"image":{"@id":"https:\/\/survivornet.ca\/#\/schema\/logo\/image\/"}}]}},"_links":{"self":[{"href":"https:\/\/survivornet.ca\/fr\/wp-json\/wp\/v2\/pages\/5340","targetHints":{"allow":["GET"]}}],"collection":[{"href":"https:\/\/survivornet.ca\/fr\/wp-json\/wp\/v2\/pages"}],"about":[{"href":"https:\/\/survivornet.ca\/fr\/wp-json\/wp\/v2\/types\/page"}],"author":[{"embeddable":true,"href":"https:\/\/survivornet.ca\/fr\/wp-json\/wp\/v2\/users\/2"}],"replies":[{"embeddable":true,"href":"https:\/\/survivornet.ca\/fr\/wp-json\/wp\/v2\/comments?post=5340"}],"version-history":[{"count":2,"href":"https:\/\/survivornet.ca\/fr\/wp-json\/wp\/v2\/pages\/5340\/revisions"}],"predecessor-version":[{"id":30684,"href":"https:\/\/survivornet.ca\/fr\/wp-json\/wp\/v2\/pages\/5340\/revisions\/30684"}],"up":[{"embeddable":true,"href":"https:\/\/survivornet.ca\/fr\/wp-json\/wp\/v2\/pages\/4484"}],"wp:featuredmedia":[{"embeddable":true,"href":"https:\/\/survivornet.ca\/fr\/wp-json\/wp\/v2\/media\/30644"}],"wp:attachment":[{"href":"https:\/\/survivornet.ca\/fr\/wp-json\/wp\/v2\/media?parent=5340"}],"curies":[{"name":"wp","href":"https:\/\/api.w.org\/{rel}","templated":true}]}}