{"id":5338,"date":"2017-06-12T15:44:11","date_gmt":"2017-06-12T15:44:11","guid":{"rendered":"https:\/\/survivornet.ca\/?page_id=5338\/"},"modified":"2024-08-07T12:21:19","modified_gmt":"2024-08-07T16:21:19","slug":"national-ovarian-cancer-coalition","status":"publish","type":"page","link":"https:\/\/survivornet.ca\/fr\/reliez-vous\/partenaires\/national-ovarian-cancer-coalition\/","title":{"rendered":"National Ovarian Cancer Coalition"},"content":{"rendered":"<p><img loading=\"lazy\" decoding=\"async\" class=\"aligncenter  wp-image-30639\" src=\"http:\/\/survivornet.ca\/wp-content\/uploads\/2024\/08\/National-ovarian-cancer-coalition.webp\" alt=\"\" width=\"401\" height=\"175\" srcset=\"https:\/\/survivornet.ca\/wp-content\/uploads\/2024\/08\/National-ovarian-cancer-coalition.webp 2502w, https:\/\/survivornet.ca\/wp-content\/uploads\/2024\/08\/National-ovarian-cancer-coalition-768x335.webp 768w, https:\/\/survivornet.ca\/wp-content\/uploads\/2024\/08\/National-ovarian-cancer-coalition-1536x670.webp 1536w, https:\/\/survivornet.ca\/wp-content\/uploads\/2024\/08\/National-ovarian-cancer-coalition-2048x893.webp 2048w\" sizes=\"auto, (max-width: 401px) 100vw, 401px\" \/><\/p>\n<p>Le groupe\u00a0<em>National Ovarian Cancer Coalition (NOCC)<\/em>\u00a0fut fond\u00e9e comme un organisme 501(c)3 \u00e0 but non lucratif en 1995 lorsque des femmes passionn\u00e9es et leurs familles se sont r\u00e9unies en r\u00e9ponse au besoin d&#8217;une meilleure information et de meilleures connaissances du public sur le cancer de l&#8217;ovaire. Des femmes, des survivants, leurs \u00eatres chers, des soignants et la communaut\u00e9 de soins de sant\u00e9 travaillent tous main dans la main et sans rel\u00e2che pour soutenir la mission du NOCC.<\/p>\n<div>\n<p>S&#8217;imposant comme un d\u00e9fenseur important au niveau national pour les patients ayant le cancer de l\u2019ovaire, le NOCC demeure in\u00e9branlable dans sa mission de sensibiliser et de promouvoir l&#8217;\u00e9ducation sur le cancer de l&#8217;ovaire. La Coalition vise \u00e0 am\u00e9liorer le taux de survie et la qualit\u00e9 de vie des patients atteints du cancer de l&#8217;ovaire et \u00e0 fournir un soutien et des ressources aux familles et aux amis des survivants du cancer de l&#8217;ovaire.<\/p>\n<p>Avec environ 22 380 femmes diagnostiqu\u00e9s aux \u00c9tats-Unis et 15 500 d\u00e9c\u00e8s pr\u00e9vus pour 2012*, le cancer de l\u2019ovaire est le plus meurtrier de tous les cancers gyn\u00e9cologiques. Il occupe le cinqui\u00e8me rang des d\u00e9c\u00e8s reli\u00e9s au cancer chez les femmes. Toutes les femmes sont \u00e0 risque de d\u00e9velopper le cancer de l\u2019ovaire et une femme sur 71 d\u00e9veloppera celui-ci au cours de sa vie. Son risque de mourir du cancer de l\u2019ovaire est d\u2019environ 1 sur 95.<\/p>\n<p>Malheureusement, la plupart des cas sont diagnostiqu\u00e9s \u00e0 un stade plus tard, lorsque le pronostic est mauvais. Cependant, s&#8217;il est d\u00e9tect\u00e9 et trait\u00e9 t\u00f4t, lorsque le cancer est confin\u00e9 \u00e0 l&#8217;ovaire, le taux de survie \u00e0 cinq ans est sup\u00e9rieur \u00e0 90 pour cent.<\/p>\n<p>Pour cette raison, il est imp\u00e9ratif que les signes et sympt\u00f4mes pr\u00e9coces du cancer de l&#8217;ovaire soient reconnus, non seulement par les femmes, mais aussi par leurs familles, leurs amis et la communaut\u00e9 m\u00e9dicale. Le NOCC croit que le cancer de l\u2019ovaire est plus qu\u2019une maladie propre aux femmes. Actuellement, il n&#8217;existe aucun test de d\u00e9pistage pr\u00e9coce du cancer de l\u2019ovaire, et les tests Pap ne d\u00e9tectent pas la maladie.<\/p>\n<p>Jusqu&#8217;\u00e0 ce qu&#8217;un bon test de d\u00e9pistage soit d\u00e9velopp\u00e9, la cl\u00e9 du diagnostic pr\u00e9coce est la sensibilisation et la reconnaissance des sympt\u00f4mes subtils du cancer de l&#8217;ovaire aussit\u00f4t qu\u2019ils se pr\u00e9sentent. Gr\u00e2ce \u00e0 des programmes nationaux et des initiatives locales, le NOCC s&#8217;efforce de sensibiliser le public sur les premiers signes du cancer de l&#8217;ovaire. De plus, le NOCC offre de l\u2019information pour aider le patient nouvellement diagnostiqu\u00e9, donnant espoir aux survivants et de soutien aux aides familiales.<\/p>\n<p>Les programmes du NOCC sont seulement possibles gr\u00e2ce des dons g\u00e9n\u00e9reux et gr\u00e2ce \u00e0 l&#8217;aide de nos b\u00e9n\u00e9voles d\u00e9vou\u00e9s; des hommes et des femmes qui se consacrent \u00e0 faire part de la mission du NOCC aux communaut\u00e9s \u00e0 travers le pays. Ensembless, nous pouvons faire une diff\u00e9rence dans la vie des femmes affect\u00e9es par le cancer de l\u2019ovaire. Ensemble, nous pouvons briser le silence entourant le cancer de l&#8217;ovaire.<\/p>\n<p>*Source\u00a0:\u00a0<em>American Cancer Society<\/em><\/p>\n<p><a href=\"http:\/\/www.ovarian.org\/\" target=\"_blank\" rel=\"noopener noreferrer\">National Ovarian Cancer Coalition<\/a><\/p>\n<p>Jetez un coup d&#8217;oeil aux vid\u00e9os du NOCC au\u00a0<a href=\"http:\/\/www.youtube.com\/user\/NOCCNational\/featured\" target=\"_blank\" rel=\"noopener noreferrer\">http:\/\/www.youtube.com\/user\/NOCCNational\/featured<\/a><\/p>\n<\/div>\n","protected":false},"excerpt":{"rendered":"<p>Le groupe\u00a0National Ovarian Cancer Coalition (NOCC)\u00a0fut fond\u00e9e comme un organisme 501(c)3 \u00e0 but non lucratif en 1995 lorsque des femmes passionn\u00e9es et leurs familles se sont r\u00e9unies en r\u00e9ponse au besoin d&#8217;une<\/p>\n","protected":false},"author":2,"featured_media":30639,"parent":4484,"menu_order":44,"comment_status":"closed","ping_status":"closed","template":"","meta":{"_acf_changed":false,"footnotes":""},"class_list":["post-5338","page","type-page","status-publish","has-post-thumbnail","hentry"],"acf":[],"yoast_head":"<!-- This site is optimized with the Yoast SEO plugin v27.4 - https:\/\/yoast.com\/product\/yoast-seo-wordpress\/ -->\n<title>National Ovarian Cancer Coalition - Canadian Cancer Survivor Network<\/title>\n<meta name=\"robots\" content=\"index, follow, max-snippet:-1, max-image-preview:large, max-video-preview:-1\" \/>\n<link rel=\"canonical\" href=\"https:\/\/survivornet.ca\/connect\/partners\/national-ovarian-cancer-coalition\/\" \/>\n<meta property=\"og:locale\" content=\"fr_FR\" \/>\n<meta property=\"og:type\" content=\"article\" \/>\n<meta property=\"og:title\" content=\"National Ovarian Cancer Coalition - Canadian Cancer Survivor Network\" \/>\n<meta property=\"og:description\" content=\"Le groupe\u00a0National Ovarian Cancer Coalition (NOCC)\u00a0fut fond\u00e9e comme un organisme 501(c)3 \u00e0 but non lucratif en 1995 lorsque des femmes passionn\u00e9es et leurs familles se sont r\u00e9unies en r\u00e9ponse au besoin d&#8217;une\" \/>\n<meta property=\"og:url\" content=\"https:\/\/survivornet.ca\/connect\/partners\/national-ovarian-cancer-coalition\/\" \/>\n<meta property=\"og:site_name\" content=\"Canadian Cancer Survivor Network\" \/>\n<meta property=\"article:modified_time\" content=\"2024-08-07T16:21:19+00:00\" \/>\n<meta property=\"og:image\" content=\"https:\/\/survivornet.ca\/wp-content\/uploads\/2024\/08\/National-ovarian-cancer-coalition.webp\" \/>\n\t<meta property=\"og:image:width\" content=\"2502\" \/>\n\t<meta property=\"og:image:height\" content=\"1091\" \/>\n\t<meta property=\"og:image:type\" content=\"image\/webp\" \/>\n<meta name=\"twitter:card\" content=\"summary_large_image\" \/>\n<meta name=\"twitter:label1\" content=\"Dur\u00e9e de lecture estim\u00e9e\" \/>\n\t<meta name=\"twitter:data1\" content=\"3 minutes\" \/>\n<script type=\"application\/ld+json\" class=\"yoast-schema-graph\">{\"@context\":\"https:\\\/\\\/schema.org\",\"@graph\":[{\"@type\":\"WebPage\",\"@id\":\"https:\\\/\\\/survivornet.ca\\\/connect\\\/partners\\\/national-ovarian-cancer-coalition\\\/\",\"url\":\"https:\\\/\\\/survivornet.ca\\\/connect\\\/partners\\\/national-ovarian-cancer-coalition\\\/\",\"name\":\"National Ovarian Cancer Coalition - Canadian Cancer Survivor Network\",\"isPartOf\":{\"@id\":\"https:\\\/\\\/survivornet.ca\\\/#website\"},\"primaryImageOfPage\":{\"@id\":\"https:\\\/\\\/survivornet.ca\\\/connect\\\/partners\\\/national-ovarian-cancer-coalition\\\/#primaryimage\"},\"image\":{\"@id\":\"https:\\\/\\\/survivornet.ca\\\/connect\\\/partners\\\/national-ovarian-cancer-coalition\\\/#primaryimage\"},\"thumbnailUrl\":\"https:\\\/\\\/survivornet.ca\\\/wp-content\\\/uploads\\\/2024\\\/08\\\/National-ovarian-cancer-coalition.webp\",\"datePublished\":\"2017-06-12T15:44:11+00:00\",\"dateModified\":\"2024-08-07T16:21:19+00:00\",\"breadcrumb\":{\"@id\":\"https:\\\/\\\/survivornet.ca\\\/connect\\\/partners\\\/national-ovarian-cancer-coalition\\\/#breadcrumb\"},\"inLanguage\":\"fr-FR\",\"potentialAction\":[{\"@type\":\"ReadAction\",\"target\":[\"https:\\\/\\\/survivornet.ca\\\/connect\\\/partners\\\/national-ovarian-cancer-coalition\\\/\"]}]},{\"@type\":\"ImageObject\",\"inLanguage\":\"fr-FR\",\"@id\":\"https:\\\/\\\/survivornet.ca\\\/connect\\\/partners\\\/national-ovarian-cancer-coalition\\\/#primaryimage\",\"url\":\"https:\\\/\\\/survivornet.ca\\\/wp-content\\\/uploads\\\/2024\\\/08\\\/National-ovarian-cancer-coalition.webp\",\"contentUrl\":\"https:\\\/\\\/survivornet.ca\\\/wp-content\\\/uploads\\\/2024\\\/08\\\/National-ovarian-cancer-coalition.webp\",\"width\":2502,\"height\":1091},{\"@type\":\"BreadcrumbList\",\"@id\":\"https:\\\/\\\/survivornet.ca\\\/connect\\\/partners\\\/national-ovarian-cancer-coalition\\\/#breadcrumb\",\"itemListElement\":[{\"@type\":\"ListItem\",\"position\":1,\"name\":\"Home\",\"item\":\"https:\\\/\\\/survivornet.ca\\\/fr\\\/\"},{\"@type\":\"ListItem\",\"position\":2,\"name\":\"Connectez\",\"item\":\"https:\\\/\\\/survivornet.ca\\\/fr\\\/reliez-vous\\\/\"},{\"@type\":\"ListItem\",\"position\":3,\"name\":\"Partenaires\",\"item\":\"https:\\\/\\\/survivornet.ca\\\/fr\\\/reliez-vous\\\/partenaires\\\/\"},{\"@type\":\"ListItem\",\"position\":4,\"name\":\"National Ovarian Cancer Coalition\"}]},{\"@type\":\"WebSite\",\"@id\":\"https:\\\/\\\/survivornet.ca\\\/#website\",\"url\":\"https:\\\/\\\/survivornet.ca\\\/\",\"name\":\"Canadian Cancer Survivor Network\",\"description\":\"The Canadian Cancer Survivor Network was created by a group of Canadians concerned about cancer.\",\"publisher\":{\"@id\":\"https:\\\/\\\/survivornet.ca\\\/#organization\"},\"potentialAction\":[{\"@type\":\"SearchAction\",\"target\":{\"@type\":\"EntryPoint\",\"urlTemplate\":\"https:\\\/\\\/survivornet.ca\\\/?s={search_term_string}\"},\"query-input\":{\"@type\":\"PropertyValueSpecification\",\"valueRequired\":true,\"valueName\":\"search_term_string\"}}],\"inLanguage\":\"fr-FR\"},{\"@type\":\"Organization\",\"@id\":\"https:\\\/\\\/survivornet.ca\\\/#organization\",\"name\":\"Canadian Cancer Survivor Network\",\"url\":\"https:\\\/\\\/survivornet.ca\\\/\",\"logo\":{\"@type\":\"ImageObject\",\"inLanguage\":\"fr-FR\",\"@id\":\"https:\\\/\\\/survivornet.ca\\\/#\\\/schema\\\/logo\\\/image\\\/\",\"url\":\"http:\\\/\\\/survivornet.ca\\\/wp-content\\\/uploads\\\/2016\\\/12\\\/CCSN_Logo_EN_SQUARE.png\",\"contentUrl\":\"http:\\\/\\\/survivornet.ca\\\/wp-content\\\/uploads\\\/2016\\\/12\\\/CCSN_Logo_EN_SQUARE.png\",\"width\":1209,\"height\":1007,\"caption\":\"Canadian Cancer Survivor Network\"},\"image\":{\"@id\":\"https:\\\/\\\/survivornet.ca\\\/#\\\/schema\\\/logo\\\/image\\\/\"}}]}<\/script>\n<!-- \/ Yoast SEO plugin. -->","yoast_head_json":{"title":"National Ovarian Cancer Coalition - Canadian Cancer Survivor Network","robots":{"index":"index","follow":"follow","max-snippet":"max-snippet:-1","max-image-preview":"max-image-preview:large","max-video-preview":"max-video-preview:-1"},"canonical":"https:\/\/survivornet.ca\/connect\/partners\/national-ovarian-cancer-coalition\/","og_locale":"fr_FR","og_type":"article","og_title":"National Ovarian Cancer Coalition - Canadian Cancer Survivor Network","og_description":"Le groupe\u00a0National Ovarian Cancer Coalition (NOCC)\u00a0fut fond\u00e9e comme un organisme 501(c)3 \u00e0 but non lucratif en 1995 lorsque des femmes passionn\u00e9es et leurs familles se sont r\u00e9unies en r\u00e9ponse au besoin d&#8217;une","og_url":"https:\/\/survivornet.ca\/connect\/partners\/national-ovarian-cancer-coalition\/","og_site_name":"Canadian Cancer Survivor Network","article_modified_time":"2024-08-07T16:21:19+00:00","og_image":[{"width":2502,"height":1091,"url":"https:\/\/survivornet.ca\/wp-content\/uploads\/2024\/08\/National-ovarian-cancer-coalition.webp","type":"image\/webp"}],"twitter_card":"summary_large_image","twitter_misc":{"Dur\u00e9e de lecture estim\u00e9e":"3 minutes"},"schema":{"@context":"https:\/\/schema.org","@graph":[{"@type":"WebPage","@id":"https:\/\/survivornet.ca\/connect\/partners\/national-ovarian-cancer-coalition\/","url":"https:\/\/survivornet.ca\/connect\/partners\/national-ovarian-cancer-coalition\/","name":"National Ovarian Cancer Coalition - Canadian Cancer Survivor Network","isPartOf":{"@id":"https:\/\/survivornet.ca\/#website"},"primaryImageOfPage":{"@id":"https:\/\/survivornet.ca\/connect\/partners\/national-ovarian-cancer-coalition\/#primaryimage"},"image":{"@id":"https:\/\/survivornet.ca\/connect\/partners\/national-ovarian-cancer-coalition\/#primaryimage"},"thumbnailUrl":"https:\/\/survivornet.ca\/wp-content\/uploads\/2024\/08\/National-ovarian-cancer-coalition.webp","datePublished":"2017-06-12T15:44:11+00:00","dateModified":"2024-08-07T16:21:19+00:00","breadcrumb":{"@id":"https:\/\/survivornet.ca\/connect\/partners\/national-ovarian-cancer-coalition\/#breadcrumb"},"inLanguage":"fr-FR","potentialAction":[{"@type":"ReadAction","target":["https:\/\/survivornet.ca\/connect\/partners\/national-ovarian-cancer-coalition\/"]}]},{"@type":"ImageObject","inLanguage":"fr-FR","@id":"https:\/\/survivornet.ca\/connect\/partners\/national-ovarian-cancer-coalition\/#primaryimage","url":"https:\/\/survivornet.ca\/wp-content\/uploads\/2024\/08\/National-ovarian-cancer-coalition.webp","contentUrl":"https:\/\/survivornet.ca\/wp-content\/uploads\/2024\/08\/National-ovarian-cancer-coalition.webp","width":2502,"height":1091},{"@type":"BreadcrumbList","@id":"https:\/\/survivornet.ca\/connect\/partners\/national-ovarian-cancer-coalition\/#breadcrumb","itemListElement":[{"@type":"ListItem","position":1,"name":"Home","item":"https:\/\/survivornet.ca\/fr\/"},{"@type":"ListItem","position":2,"name":"Connectez","item":"https:\/\/survivornet.ca\/fr\/reliez-vous\/"},{"@type":"ListItem","position":3,"name":"Partenaires","item":"https:\/\/survivornet.ca\/fr\/reliez-vous\/partenaires\/"},{"@type":"ListItem","position":4,"name":"National Ovarian Cancer Coalition"}]},{"@type":"WebSite","@id":"https:\/\/survivornet.ca\/#website","url":"https:\/\/survivornet.ca\/","name":"Canadian Cancer Survivor Network","description":"The Canadian Cancer Survivor Network was created by a group of Canadians concerned about cancer.","publisher":{"@id":"https:\/\/survivornet.ca\/#organization"},"potentialAction":[{"@type":"SearchAction","target":{"@type":"EntryPoint","urlTemplate":"https:\/\/survivornet.ca\/?s={search_term_string}"},"query-input":{"@type":"PropertyValueSpecification","valueRequired":true,"valueName":"search_term_string"}}],"inLanguage":"fr-FR"},{"@type":"Organization","@id":"https:\/\/survivornet.ca\/#organization","name":"Canadian Cancer Survivor Network","url":"https:\/\/survivornet.ca\/","logo":{"@type":"ImageObject","inLanguage":"fr-FR","@id":"https:\/\/survivornet.ca\/#\/schema\/logo\/image\/","url":"http:\/\/survivornet.ca\/wp-content\/uploads\/2016\/12\/CCSN_Logo_EN_SQUARE.png","contentUrl":"http:\/\/survivornet.ca\/wp-content\/uploads\/2016\/12\/CCSN_Logo_EN_SQUARE.png","width":1209,"height":1007,"caption":"Canadian Cancer Survivor Network"},"image":{"@id":"https:\/\/survivornet.ca\/#\/schema\/logo\/image\/"}}]}},"_links":{"self":[{"href":"https:\/\/survivornet.ca\/fr\/wp-json\/wp\/v2\/pages\/5338","targetHints":{"allow":["GET"]}}],"collection":[{"href":"https:\/\/survivornet.ca\/fr\/wp-json\/wp\/v2\/pages"}],"about":[{"href":"https:\/\/survivornet.ca\/fr\/wp-json\/wp\/v2\/types\/page"}],"author":[{"embeddable":true,"href":"https:\/\/survivornet.ca\/fr\/wp-json\/wp\/v2\/users\/2"}],"replies":[{"embeddable":true,"href":"https:\/\/survivornet.ca\/fr\/wp-json\/wp\/v2\/comments?post=5338"}],"version-history":[{"count":2,"href":"https:\/\/survivornet.ca\/fr\/wp-json\/wp\/v2\/pages\/5338\/revisions"}],"predecessor-version":[{"id":30682,"href":"https:\/\/survivornet.ca\/fr\/wp-json\/wp\/v2\/pages\/5338\/revisions\/30682"}],"up":[{"embeddable":true,"href":"https:\/\/survivornet.ca\/fr\/wp-json\/wp\/v2\/pages\/4484"}],"wp:featuredmedia":[{"embeddable":true,"href":"https:\/\/survivornet.ca\/fr\/wp-json\/wp\/v2\/media\/30639"}],"wp:attachment":[{"href":"https:\/\/survivornet.ca\/fr\/wp-json\/wp\/v2\/media?parent=5338"}],"curies":[{"name":"wp","href":"https:\/\/api.w.org\/{rel}","templated":true}]}}