{"id":5336,"date":"2017-06-12T15:42:37","date_gmt":"2017-06-12T15:42:37","guid":{"rendered":"https:\/\/survivornet.ca\/?page_id=5336\/"},"modified":"2024-02-26T17:06:32","modified_gmt":"2024-02-26T22:06:32","slug":"mesothelioma-center-asbestos-com","status":"publish","type":"page","link":"https:\/\/survivornet.ca\/fr\/reliez-vous\/partenaires\/mesothelioma-center-asbestos-com\/","title":{"rendered":"Mesothelioma Center at Asbestos.com"},"content":{"rendered":"<p><img decoding=\"async\" src=\"http:\/\/old.survivornet.ca\/uploads\/images\/Mesothelioma%20-%20Logo.gif\" alt=\"\" \/><img loading=\"lazy\" decoding=\"async\" class=\"aligncenter  wp-image-29167\" src=\"http:\/\/survivornet.ca\/wp-content\/uploads\/2024\/02\/Asbestos.com-logo.png\" alt=\"\" width=\"546\" height=\"132\" srcset=\"https:\/\/survivornet.ca\/wp-content\/uploads\/2024\/02\/Asbestos.com-logo.png 895w, https:\/\/survivornet.ca\/wp-content\/uploads\/2024\/02\/Asbestos.com-logo-768x186.png 768w\" sizes=\"auto, (max-width: 546px) 100vw, 546px\" \/><\/p>\n<p><strong><em>Luttez contre le m\u00e9soth\u00e9liome! &#8211; <\/em><\/strong>Quatre mots qui d\u00e9finissent convenablement notre mission au <em>Mesothelioma Center.<\/em><\/p>\n<p>Nous sommes l\u00e0 pour aider ceux et celles ayant besoin de savoir comment affronter cette maladie. Notre site web comprend une panoplie d\u2019informations sur les traitements. Ce que nous faisons le mieux est la collection d\u2019information sur le m\u00e9soth\u00e9liome afin d\u2019utiliser celle-ci pour aider les gens et les familles affect\u00e9s par la maladie.<\/p>\n<p>Notre blogue communautaire ouvre la porte aux patients et aux membres de leur famille afin qu\u2019ils puissent lire sur le m\u00e9soth\u00e9liome et discuter des probl\u00e8mes reli\u00e9s au m\u00e9soth\u00e9liome et \u00e0 l\u2019exposition \u00e0 l\u2019amiante.<\/p>\n<p>Notre <em>patient advocate center<\/em>\u00a0offre de l\u2019information sur les ressources de soutien et les services que nous offrons.<\/p>\n<p>Nos profils de m\u00e9decins complets et nos installations de traitement sp\u00e9cialis\u00e9es vous aideront \u00e0 trouver le traitement dont vous avez besoin.<\/p>\n<p><a href=\"http:\/\/www.asbestos.com\/\" target=\"_blank\" rel=\"noopener noreferrer\">Mesothelioma Centre at asbestos.com<\/a><\/p>\n<p>1 S. Orange Ave., Suite 301,<br \/>\nOrlando, FL 32801<br \/>\nToll-free: (888) 641-7969, (800) 615-2270<br \/>\nEmail: patientadvocates@asbestos.com<\/p>\n<div><\/div>\n","protected":false},"excerpt":{"rendered":"<p>Luttez contre le m\u00e9soth\u00e9liome! &#8211; Quatre mots qui d\u00e9finissent convenablement notre mission au Mesothelioma Center. Nous sommes l\u00e0 pour aider ceux et celles ayant besoin de savoir comment affronter cette maladie. Notre<\/p>\n","protected":false},"author":2,"featured_media":29167,"parent":4484,"menu_order":40,"comment_status":"closed","ping_status":"closed","template":"","meta":{"_acf_changed":false,"footnotes":""},"class_list":["post-5336","page","type-page","status-publish","has-post-thumbnail","hentry"],"acf":[],"yoast_head":"<!-- This site is optimized with the Yoast SEO plugin v27.4 - https:\/\/yoast.com\/product\/yoast-seo-wordpress\/ -->\n<title>Mesothelioma Center at Asbestos.com - Canadian Cancer Survivor Network<\/title>\n<meta name=\"robots\" content=\"index, follow, max-snippet:-1, max-image-preview:large, max-video-preview:-1\" \/>\n<link rel=\"canonical\" href=\"https:\/\/survivornet.ca\/connect\/partners\/mesothelioma-center-at-asbestos-com\/\" \/>\n<meta property=\"og:locale\" content=\"fr_FR\" \/>\n<meta property=\"og:type\" content=\"article\" \/>\n<meta property=\"og:title\" content=\"Mesothelioma Center at Asbestos.com - Canadian Cancer Survivor Network\" \/>\n<meta property=\"og:description\" content=\"Luttez contre le m\u00e9soth\u00e9liome! &#8211; Quatre mots qui d\u00e9finissent convenablement notre mission au Mesothelioma Center. Nous sommes l\u00e0 pour aider ceux et celles ayant besoin de savoir comment affronter cette maladie. Notre\" \/>\n<meta property=\"og:url\" content=\"https:\/\/survivornet.ca\/connect\/partners\/mesothelioma-center-at-asbestos-com\/\" \/>\n<meta property=\"og:site_name\" content=\"Canadian Cancer Survivor Network\" \/>\n<meta property=\"article:modified_time\" content=\"2024-02-26T22:06:32+00:00\" \/>\n<meta property=\"og:image\" content=\"https:\/\/survivornet.ca\/wp-content\/uploads\/2024\/02\/Asbestos.com-logo.png\" \/>\n\t<meta property=\"og:image:width\" content=\"895\" \/>\n\t<meta property=\"og:image:height\" content=\"217\" \/>\n\t<meta property=\"og:image:type\" content=\"image\/png\" \/>\n<meta name=\"twitter:card\" content=\"summary_large_image\" \/>\n<meta name=\"twitter:label1\" content=\"Dur\u00e9e de lecture estim\u00e9e\" \/>\n\t<meta name=\"twitter:data1\" content=\"1 minute\" \/>\n<script type=\"application\/ld+json\" class=\"yoast-schema-graph\">{\"@context\":\"https:\\\/\\\/schema.org\",\"@graph\":[{\"@type\":\"WebPage\",\"@id\":\"https:\\\/\\\/survivornet.ca\\\/connect\\\/partners\\\/mesothelioma-center-at-asbestos-com\\\/\",\"url\":\"https:\\\/\\\/survivornet.ca\\\/connect\\\/partners\\\/mesothelioma-center-at-asbestos-com\\\/\",\"name\":\"Mesothelioma Center at Asbestos.com - Canadian Cancer Survivor Network\",\"isPartOf\":{\"@id\":\"https:\\\/\\\/survivornet.ca\\\/#website\"},\"primaryImageOfPage\":{\"@id\":\"https:\\\/\\\/survivornet.ca\\\/connect\\\/partners\\\/mesothelioma-center-at-asbestos-com\\\/#primaryimage\"},\"image\":{\"@id\":\"https:\\\/\\\/survivornet.ca\\\/connect\\\/partners\\\/mesothelioma-center-at-asbestos-com\\\/#primaryimage\"},\"thumbnailUrl\":\"https:\\\/\\\/survivornet.ca\\\/wp-content\\\/uploads\\\/2024\\\/02\\\/Asbestos.com-logo.png\",\"datePublished\":\"2017-06-12T15:42:37+00:00\",\"dateModified\":\"2024-02-26T22:06:32+00:00\",\"breadcrumb\":{\"@id\":\"https:\\\/\\\/survivornet.ca\\\/connect\\\/partners\\\/mesothelioma-center-at-asbestos-com\\\/#breadcrumb\"},\"inLanguage\":\"fr-FR\",\"potentialAction\":[{\"@type\":\"ReadAction\",\"target\":[\"https:\\\/\\\/survivornet.ca\\\/connect\\\/partners\\\/mesothelioma-center-at-asbestos-com\\\/\"]}]},{\"@type\":\"ImageObject\",\"inLanguage\":\"fr-FR\",\"@id\":\"https:\\\/\\\/survivornet.ca\\\/connect\\\/partners\\\/mesothelioma-center-at-asbestos-com\\\/#primaryimage\",\"url\":\"https:\\\/\\\/survivornet.ca\\\/wp-content\\\/uploads\\\/2024\\\/02\\\/Asbestos.com-logo.png\",\"contentUrl\":\"https:\\\/\\\/survivornet.ca\\\/wp-content\\\/uploads\\\/2024\\\/02\\\/Asbestos.com-logo.png\",\"width\":895,\"height\":217},{\"@type\":\"BreadcrumbList\",\"@id\":\"https:\\\/\\\/survivornet.ca\\\/connect\\\/partners\\\/mesothelioma-center-at-asbestos-com\\\/#breadcrumb\",\"itemListElement\":[{\"@type\":\"ListItem\",\"position\":1,\"name\":\"Home\",\"item\":\"https:\\\/\\\/survivornet.ca\\\/fr\\\/\"},{\"@type\":\"ListItem\",\"position\":2,\"name\":\"Connectez\",\"item\":\"https:\\\/\\\/survivornet.ca\\\/fr\\\/reliez-vous\\\/\"},{\"@type\":\"ListItem\",\"position\":3,\"name\":\"Partenaires\",\"item\":\"https:\\\/\\\/survivornet.ca\\\/fr\\\/reliez-vous\\\/partenaires\\\/\"},{\"@type\":\"ListItem\",\"position\":4,\"name\":\"Mesothelioma Center at Asbestos.com\"}]},{\"@type\":\"WebSite\",\"@id\":\"https:\\\/\\\/survivornet.ca\\\/#website\",\"url\":\"https:\\\/\\\/survivornet.ca\\\/\",\"name\":\"Canadian Cancer Survivor Network\",\"description\":\"The Canadian Cancer Survivor Network was created by a group of Canadians concerned about cancer.\",\"publisher\":{\"@id\":\"https:\\\/\\\/survivornet.ca\\\/#organization\"},\"potentialAction\":[{\"@type\":\"SearchAction\",\"target\":{\"@type\":\"EntryPoint\",\"urlTemplate\":\"https:\\\/\\\/survivornet.ca\\\/?s={search_term_string}\"},\"query-input\":{\"@type\":\"PropertyValueSpecification\",\"valueRequired\":true,\"valueName\":\"search_term_string\"}}],\"inLanguage\":\"fr-FR\"},{\"@type\":\"Organization\",\"@id\":\"https:\\\/\\\/survivornet.ca\\\/#organization\",\"name\":\"Canadian Cancer Survivor Network\",\"url\":\"https:\\\/\\\/survivornet.ca\\\/\",\"logo\":{\"@type\":\"ImageObject\",\"inLanguage\":\"fr-FR\",\"@id\":\"https:\\\/\\\/survivornet.ca\\\/#\\\/schema\\\/logo\\\/image\\\/\",\"url\":\"http:\\\/\\\/survivornet.ca\\\/wp-content\\\/uploads\\\/2016\\\/12\\\/CCSN_Logo_EN_SQUARE.png\",\"contentUrl\":\"http:\\\/\\\/survivornet.ca\\\/wp-content\\\/uploads\\\/2016\\\/12\\\/CCSN_Logo_EN_SQUARE.png\",\"width\":1209,\"height\":1007,\"caption\":\"Canadian Cancer Survivor Network\"},\"image\":{\"@id\":\"https:\\\/\\\/survivornet.ca\\\/#\\\/schema\\\/logo\\\/image\\\/\"}}]}<\/script>\n<!-- \/ Yoast SEO plugin. -->","yoast_head_json":{"title":"Mesothelioma Center at Asbestos.com - Canadian Cancer Survivor Network","robots":{"index":"index","follow":"follow","max-snippet":"max-snippet:-1","max-image-preview":"max-image-preview:large","max-video-preview":"max-video-preview:-1"},"canonical":"https:\/\/survivornet.ca\/connect\/partners\/mesothelioma-center-at-asbestos-com\/","og_locale":"fr_FR","og_type":"article","og_title":"Mesothelioma Center at Asbestos.com - Canadian Cancer Survivor Network","og_description":"Luttez contre le m\u00e9soth\u00e9liome! &#8211; Quatre mots qui d\u00e9finissent convenablement notre mission au Mesothelioma Center. Nous sommes l\u00e0 pour aider ceux et celles ayant besoin de savoir comment affronter cette maladie. Notre","og_url":"https:\/\/survivornet.ca\/connect\/partners\/mesothelioma-center-at-asbestos-com\/","og_site_name":"Canadian Cancer Survivor Network","article_modified_time":"2024-02-26T22:06:32+00:00","og_image":[{"width":895,"height":217,"url":"https:\/\/survivornet.ca\/wp-content\/uploads\/2024\/02\/Asbestos.com-logo.png","type":"image\/png"}],"twitter_card":"summary_large_image","twitter_misc":{"Dur\u00e9e de lecture estim\u00e9e":"1 minute"},"schema":{"@context":"https:\/\/schema.org","@graph":[{"@type":"WebPage","@id":"https:\/\/survivornet.ca\/connect\/partners\/mesothelioma-center-at-asbestos-com\/","url":"https:\/\/survivornet.ca\/connect\/partners\/mesothelioma-center-at-asbestos-com\/","name":"Mesothelioma Center at Asbestos.com - Canadian Cancer Survivor Network","isPartOf":{"@id":"https:\/\/survivornet.ca\/#website"},"primaryImageOfPage":{"@id":"https:\/\/survivornet.ca\/connect\/partners\/mesothelioma-center-at-asbestos-com\/#primaryimage"},"image":{"@id":"https:\/\/survivornet.ca\/connect\/partners\/mesothelioma-center-at-asbestos-com\/#primaryimage"},"thumbnailUrl":"https:\/\/survivornet.ca\/wp-content\/uploads\/2024\/02\/Asbestos.com-logo.png","datePublished":"2017-06-12T15:42:37+00:00","dateModified":"2024-02-26T22:06:32+00:00","breadcrumb":{"@id":"https:\/\/survivornet.ca\/connect\/partners\/mesothelioma-center-at-asbestos-com\/#breadcrumb"},"inLanguage":"fr-FR","potentialAction":[{"@type":"ReadAction","target":["https:\/\/survivornet.ca\/connect\/partners\/mesothelioma-center-at-asbestos-com\/"]}]},{"@type":"ImageObject","inLanguage":"fr-FR","@id":"https:\/\/survivornet.ca\/connect\/partners\/mesothelioma-center-at-asbestos-com\/#primaryimage","url":"https:\/\/survivornet.ca\/wp-content\/uploads\/2024\/02\/Asbestos.com-logo.png","contentUrl":"https:\/\/survivornet.ca\/wp-content\/uploads\/2024\/02\/Asbestos.com-logo.png","width":895,"height":217},{"@type":"BreadcrumbList","@id":"https:\/\/survivornet.ca\/connect\/partners\/mesothelioma-center-at-asbestos-com\/#breadcrumb","itemListElement":[{"@type":"ListItem","position":1,"name":"Home","item":"https:\/\/survivornet.ca\/fr\/"},{"@type":"ListItem","position":2,"name":"Connectez","item":"https:\/\/survivornet.ca\/fr\/reliez-vous\/"},{"@type":"ListItem","position":3,"name":"Partenaires","item":"https:\/\/survivornet.ca\/fr\/reliez-vous\/partenaires\/"},{"@type":"ListItem","position":4,"name":"Mesothelioma Center at Asbestos.com"}]},{"@type":"WebSite","@id":"https:\/\/survivornet.ca\/#website","url":"https:\/\/survivornet.ca\/","name":"Canadian Cancer Survivor Network","description":"The Canadian Cancer Survivor Network was created by a group of Canadians concerned about cancer.","publisher":{"@id":"https:\/\/survivornet.ca\/#organization"},"potentialAction":[{"@type":"SearchAction","target":{"@type":"EntryPoint","urlTemplate":"https:\/\/survivornet.ca\/?s={search_term_string}"},"query-input":{"@type":"PropertyValueSpecification","valueRequired":true,"valueName":"search_term_string"}}],"inLanguage":"fr-FR"},{"@type":"Organization","@id":"https:\/\/survivornet.ca\/#organization","name":"Canadian Cancer Survivor Network","url":"https:\/\/survivornet.ca\/","logo":{"@type":"ImageObject","inLanguage":"fr-FR","@id":"https:\/\/survivornet.ca\/#\/schema\/logo\/image\/","url":"http:\/\/survivornet.ca\/wp-content\/uploads\/2016\/12\/CCSN_Logo_EN_SQUARE.png","contentUrl":"http:\/\/survivornet.ca\/wp-content\/uploads\/2016\/12\/CCSN_Logo_EN_SQUARE.png","width":1209,"height":1007,"caption":"Canadian Cancer Survivor Network"},"image":{"@id":"https:\/\/survivornet.ca\/#\/schema\/logo\/image\/"}}]}},"_links":{"self":[{"href":"https:\/\/survivornet.ca\/fr\/wp-json\/wp\/v2\/pages\/5336","targetHints":{"allow":["GET"]}}],"collection":[{"href":"https:\/\/survivornet.ca\/fr\/wp-json\/wp\/v2\/pages"}],"about":[{"href":"https:\/\/survivornet.ca\/fr\/wp-json\/wp\/v2\/types\/page"}],"author":[{"embeddable":true,"href":"https:\/\/survivornet.ca\/fr\/wp-json\/wp\/v2\/users\/2"}],"replies":[{"embeddable":true,"href":"https:\/\/survivornet.ca\/fr\/wp-json\/wp\/v2\/comments?post=5336"}],"version-history":[{"count":2,"href":"https:\/\/survivornet.ca\/fr\/wp-json\/wp\/v2\/pages\/5336\/revisions"}],"predecessor-version":[{"id":29169,"href":"https:\/\/survivornet.ca\/fr\/wp-json\/wp\/v2\/pages\/5336\/revisions\/29169"}],"up":[{"embeddable":true,"href":"https:\/\/survivornet.ca\/fr\/wp-json\/wp\/v2\/pages\/4484"}],"wp:featuredmedia":[{"embeddable":true,"href":"https:\/\/survivornet.ca\/fr\/wp-json\/wp\/v2\/media\/29167"}],"wp:attachment":[{"href":"https:\/\/survivornet.ca\/fr\/wp-json\/wp\/v2\/media?parent=5336"}],"curies":[{"name":"wp","href":"https:\/\/api.w.org\/{rel}","templated":true}]}}