{"id":5334,"date":"2017-06-12T15:40:48","date_gmt":"2017-06-12T15:40:48","guid":{"rendered":"https:\/\/survivornet.ca\/?page_id=5334\/"},"modified":"2024-02-22T14:26:31","modified_gmt":"2024-02-22T19:26:31","slug":"fais-un-voeu-est-de-lontario","status":"publish","type":"page","link":"https:\/\/survivornet.ca\/fr\/reliez-vous\/partenaires\/fais-un-voeu-est-de-lontario\/","title":{"rendered":"Fais-Un-V\u0153u Est de l\u2019Ontario"},"content":{"rendered":"<p><img loading=\"lazy\" decoding=\"async\" class=\"aligncenter  wp-image-29111\" src=\"http:\/\/survivornet.ca\/wp-content\/uploads\/2024\/02\/Make-a-wish-reves-denfants-canada.png\" alt=\"\" width=\"299\" height=\"161\" \/>Fais-Un-V\u0153u Est de l\u2019Ontario est fier d\u2019exaucer les v\u0153ux d\u2019enfants atteints d\u2019une maladie qui menace leur vie afin d\u2019enrichir l\u2019exp\u00e9rience humaine d\u2019espoir, de courage et de joie.<\/p>\n<p>Fais-Un-V\u0153u Est de l\u2019Ontario fait partie du plus grand organisme de bienfaisance exau\u00e7ant des v\u0153ux \u00e0 travers le monde et se retrouve dans plus de 36 pays et sur cinq continents. La fondation Fais-Un-V\u0153u de l\u2019Am\u00e9rique exauce les v\u0153ux des enfants aux Etats-Unis, \u00e0 Guam, et Puerto Rico \u00e0 travers ses 65 chapitres r\u00e9gionaux, tandis que la fondation Fais-Un-V\u0153u International dessert les enfants \u00e0 l\u2019ext\u00e9rieur des Etats-Unis, dans au del\u00e0 de 36 pays sur cinq continents. Avec les dons g\u00e9n\u00e9reux et au del\u00e0 de 30 000 b\u00e9n\u00e9voles, la fondation Fais-Un-V\u0153u a exauc\u00e9 plus de 290 000 v\u0153ux mondialement depuis sa cr\u00e9ation.<\/p>\n<p>En plus du bureau national, 8 chapitres r\u00e9gionaux exaucent les v\u0153ux des enfants en besoin \u00e0 travers le Canada.<\/p>\n<p><a href=\"https:\/\/revesdenfants.ca\/?_ga=2.126058381.1217826220.1708628831-309195803.1706039118&amp;_gl=1%2Aztuu6p%2A_ga%2AMzA5MTk1ODAzLjE3MDYwMzkxMTg.%2A_ga_FX2LYG4RZ0%2AMTcwODYyODgzMC4yLjEuMTcwODYyOTkxNC42MC4wLjA.\">Fais-Un-V\u0153u\u00ae Est de l\u2019Ontario<\/a><\/p>\n<p>92, avenue Bentley, unit\u00e9 4, Ottawa ON K2E 6T9<br \/>\nNum\u00e9ro de t\u00e9l\u00e9phone : 613-234-3555<br \/>\nT\u00e9l\u00e9copieur : 613-234-5417<\/p>\n<p>Courriel : eontariochapter@makeawish.ca<\/p>\n","protected":false},"excerpt":{"rendered":"<p>Fais-Un-V\u0153u Est de l\u2019Ontario est fier d\u2019exaucer les v\u0153ux d\u2019enfants atteints d\u2019une maladie qui menace leur vie afin d\u2019enrichir l\u2019exp\u00e9rience humaine d\u2019espoir, de courage et de joie. Fais-Un-V\u0153u Est de l\u2019Ontario fait<\/p>\n","protected":false},"author":2,"featured_media":29111,"parent":4484,"menu_order":37,"comment_status":"closed","ping_status":"closed","template":"","meta":{"_acf_changed":false,"footnotes":""},"class_list":["post-5334","page","type-page","status-publish","has-post-thumbnail","hentry"],"acf":[],"yoast_head":"<!-- This site is optimized with the Yoast SEO plugin v27.4 - https:\/\/yoast.com\/product\/yoast-seo-wordpress\/ -->\n<title>Fais-Un-V\u0153u Est de l\u2019Ontario - Canadian Cancer Survivor Network<\/title>\n<meta name=\"robots\" content=\"index, follow, max-snippet:-1, max-image-preview:large, max-video-preview:-1\" \/>\n<link rel=\"canonical\" href=\"https:\/\/survivornet.ca\/connect\/partners\/make-a-wish-eastern-ontario-canada\/\" \/>\n<meta property=\"og:locale\" content=\"fr_FR\" \/>\n<meta property=\"og:type\" content=\"article\" \/>\n<meta property=\"og:title\" content=\"Fais-Un-V\u0153u Est de l\u2019Ontario - Canadian Cancer Survivor Network\" \/>\n<meta property=\"og:description\" content=\"Fais-Un-V\u0153u Est de l\u2019Ontario est fier d\u2019exaucer les v\u0153ux d\u2019enfants atteints d\u2019une maladie qui menace leur vie afin d\u2019enrichir l\u2019exp\u00e9rience humaine d\u2019espoir, de courage et de joie. Fais-Un-V\u0153u Est de l\u2019Ontario fait\" \/>\n<meta property=\"og:url\" content=\"https:\/\/survivornet.ca\/connect\/partners\/make-a-wish-eastern-ontario-canada\/\" \/>\n<meta property=\"og:site_name\" content=\"Canadian Cancer Survivor Network\" \/>\n<meta property=\"article:modified_time\" content=\"2024-02-22T19:26:31+00:00\" \/>\n<meta property=\"og:image\" content=\"https:\/\/survivornet.ca\/wp-content\/uploads\/2024\/02\/Make-a-wish-reves-denfants-canada.png\" \/>\n\t<meta property=\"og:image:width\" content=\"260\" \/>\n\t<meta property=\"og:image:height\" content=\"140\" \/>\n\t<meta property=\"og:image:type\" content=\"image\/png\" \/>\n<meta name=\"twitter:card\" content=\"summary_large_image\" \/>\n<meta name=\"twitter:label1\" content=\"Dur\u00e9e de lecture estim\u00e9e\" \/>\n\t<meta name=\"twitter:data1\" content=\"1 minute\" \/>\n<script type=\"application\/ld+json\" class=\"yoast-schema-graph\">{\"@context\":\"https:\\\/\\\/schema.org\",\"@graph\":[{\"@type\":\"WebPage\",\"@id\":\"https:\\\/\\\/survivornet.ca\\\/connect\\\/partners\\\/make-a-wish-eastern-ontario-canada\\\/\",\"url\":\"https:\\\/\\\/survivornet.ca\\\/connect\\\/partners\\\/make-a-wish-eastern-ontario-canada\\\/\",\"name\":\"Fais-Un-V\u0153u Est de l\u2019Ontario - Canadian Cancer Survivor Network\",\"isPartOf\":{\"@id\":\"https:\\\/\\\/survivornet.ca\\\/#website\"},\"primaryImageOfPage\":{\"@id\":\"https:\\\/\\\/survivornet.ca\\\/connect\\\/partners\\\/make-a-wish-eastern-ontario-canada\\\/#primaryimage\"},\"image\":{\"@id\":\"https:\\\/\\\/survivornet.ca\\\/connect\\\/partners\\\/make-a-wish-eastern-ontario-canada\\\/#primaryimage\"},\"thumbnailUrl\":\"https:\\\/\\\/survivornet.ca\\\/wp-content\\\/uploads\\\/2024\\\/02\\\/Make-a-wish-reves-denfants-canada.png\",\"datePublished\":\"2017-06-12T15:40:48+00:00\",\"dateModified\":\"2024-02-22T19:26:31+00:00\",\"breadcrumb\":{\"@id\":\"https:\\\/\\\/survivornet.ca\\\/connect\\\/partners\\\/make-a-wish-eastern-ontario-canada\\\/#breadcrumb\"},\"inLanguage\":\"fr-FR\",\"potentialAction\":[{\"@type\":\"ReadAction\",\"target\":[\"https:\\\/\\\/survivornet.ca\\\/connect\\\/partners\\\/make-a-wish-eastern-ontario-canada\\\/\"]}]},{\"@type\":\"ImageObject\",\"inLanguage\":\"fr-FR\",\"@id\":\"https:\\\/\\\/survivornet.ca\\\/connect\\\/partners\\\/make-a-wish-eastern-ontario-canada\\\/#primaryimage\",\"url\":\"https:\\\/\\\/survivornet.ca\\\/wp-content\\\/uploads\\\/2024\\\/02\\\/Make-a-wish-reves-denfants-canada.png\",\"contentUrl\":\"https:\\\/\\\/survivornet.ca\\\/wp-content\\\/uploads\\\/2024\\\/02\\\/Make-a-wish-reves-denfants-canada.png\",\"width\":260,\"height\":140},{\"@type\":\"BreadcrumbList\",\"@id\":\"https:\\\/\\\/survivornet.ca\\\/connect\\\/partners\\\/make-a-wish-eastern-ontario-canada\\\/#breadcrumb\",\"itemListElement\":[{\"@type\":\"ListItem\",\"position\":1,\"name\":\"Home\",\"item\":\"https:\\\/\\\/survivornet.ca\\\/fr\\\/\"},{\"@type\":\"ListItem\",\"position\":2,\"name\":\"Connectez\",\"item\":\"https:\\\/\\\/survivornet.ca\\\/fr\\\/reliez-vous\\\/\"},{\"@type\":\"ListItem\",\"position\":3,\"name\":\"Partenaires\",\"item\":\"https:\\\/\\\/survivornet.ca\\\/fr\\\/reliez-vous\\\/partenaires\\\/\"},{\"@type\":\"ListItem\",\"position\":4,\"name\":\"Fais-Un-V\u0153u Est de l\u2019Ontario\"}]},{\"@type\":\"WebSite\",\"@id\":\"https:\\\/\\\/survivornet.ca\\\/#website\",\"url\":\"https:\\\/\\\/survivornet.ca\\\/\",\"name\":\"Canadian Cancer Survivor Network\",\"description\":\"The Canadian Cancer Survivor Network was created by a group of Canadians concerned about cancer.\",\"publisher\":{\"@id\":\"https:\\\/\\\/survivornet.ca\\\/#organization\"},\"potentialAction\":[{\"@type\":\"SearchAction\",\"target\":{\"@type\":\"EntryPoint\",\"urlTemplate\":\"https:\\\/\\\/survivornet.ca\\\/?s={search_term_string}\"},\"query-input\":{\"@type\":\"PropertyValueSpecification\",\"valueRequired\":true,\"valueName\":\"search_term_string\"}}],\"inLanguage\":\"fr-FR\"},{\"@type\":\"Organization\",\"@id\":\"https:\\\/\\\/survivornet.ca\\\/#organization\",\"name\":\"Canadian Cancer Survivor Network\",\"url\":\"https:\\\/\\\/survivornet.ca\\\/\",\"logo\":{\"@type\":\"ImageObject\",\"inLanguage\":\"fr-FR\",\"@id\":\"https:\\\/\\\/survivornet.ca\\\/#\\\/schema\\\/logo\\\/image\\\/\",\"url\":\"http:\\\/\\\/survivornet.ca\\\/wp-content\\\/uploads\\\/2016\\\/12\\\/CCSN_Logo_EN_SQUARE.png\",\"contentUrl\":\"http:\\\/\\\/survivornet.ca\\\/wp-content\\\/uploads\\\/2016\\\/12\\\/CCSN_Logo_EN_SQUARE.png\",\"width\":1209,\"height\":1007,\"caption\":\"Canadian Cancer Survivor Network\"},\"image\":{\"@id\":\"https:\\\/\\\/survivornet.ca\\\/#\\\/schema\\\/logo\\\/image\\\/\"}}]}<\/script>\n<!-- \/ Yoast SEO plugin. -->","yoast_head_json":{"title":"Fais-Un-V\u0153u Est de l\u2019Ontario - Canadian Cancer Survivor Network","robots":{"index":"index","follow":"follow","max-snippet":"max-snippet:-1","max-image-preview":"max-image-preview:large","max-video-preview":"max-video-preview:-1"},"canonical":"https:\/\/survivornet.ca\/connect\/partners\/make-a-wish-eastern-ontario-canada\/","og_locale":"fr_FR","og_type":"article","og_title":"Fais-Un-V\u0153u Est de l\u2019Ontario - Canadian Cancer Survivor Network","og_description":"Fais-Un-V\u0153u Est de l\u2019Ontario est fier d\u2019exaucer les v\u0153ux d\u2019enfants atteints d\u2019une maladie qui menace leur vie afin d\u2019enrichir l\u2019exp\u00e9rience humaine d\u2019espoir, de courage et de joie. Fais-Un-V\u0153u Est de l\u2019Ontario fait","og_url":"https:\/\/survivornet.ca\/connect\/partners\/make-a-wish-eastern-ontario-canada\/","og_site_name":"Canadian Cancer Survivor Network","article_modified_time":"2024-02-22T19:26:31+00:00","og_image":[{"width":260,"height":140,"url":"https:\/\/survivornet.ca\/wp-content\/uploads\/2024\/02\/Make-a-wish-reves-denfants-canada.png","type":"image\/png"}],"twitter_card":"summary_large_image","twitter_misc":{"Dur\u00e9e de lecture estim\u00e9e":"1 minute"},"schema":{"@context":"https:\/\/schema.org","@graph":[{"@type":"WebPage","@id":"https:\/\/survivornet.ca\/connect\/partners\/make-a-wish-eastern-ontario-canada\/","url":"https:\/\/survivornet.ca\/connect\/partners\/make-a-wish-eastern-ontario-canada\/","name":"Fais-Un-V\u0153u Est de l\u2019Ontario - Canadian Cancer Survivor Network","isPartOf":{"@id":"https:\/\/survivornet.ca\/#website"},"primaryImageOfPage":{"@id":"https:\/\/survivornet.ca\/connect\/partners\/make-a-wish-eastern-ontario-canada\/#primaryimage"},"image":{"@id":"https:\/\/survivornet.ca\/connect\/partners\/make-a-wish-eastern-ontario-canada\/#primaryimage"},"thumbnailUrl":"https:\/\/survivornet.ca\/wp-content\/uploads\/2024\/02\/Make-a-wish-reves-denfants-canada.png","datePublished":"2017-06-12T15:40:48+00:00","dateModified":"2024-02-22T19:26:31+00:00","breadcrumb":{"@id":"https:\/\/survivornet.ca\/connect\/partners\/make-a-wish-eastern-ontario-canada\/#breadcrumb"},"inLanguage":"fr-FR","potentialAction":[{"@type":"ReadAction","target":["https:\/\/survivornet.ca\/connect\/partners\/make-a-wish-eastern-ontario-canada\/"]}]},{"@type":"ImageObject","inLanguage":"fr-FR","@id":"https:\/\/survivornet.ca\/connect\/partners\/make-a-wish-eastern-ontario-canada\/#primaryimage","url":"https:\/\/survivornet.ca\/wp-content\/uploads\/2024\/02\/Make-a-wish-reves-denfants-canada.png","contentUrl":"https:\/\/survivornet.ca\/wp-content\/uploads\/2024\/02\/Make-a-wish-reves-denfants-canada.png","width":260,"height":140},{"@type":"BreadcrumbList","@id":"https:\/\/survivornet.ca\/connect\/partners\/make-a-wish-eastern-ontario-canada\/#breadcrumb","itemListElement":[{"@type":"ListItem","position":1,"name":"Home","item":"https:\/\/survivornet.ca\/fr\/"},{"@type":"ListItem","position":2,"name":"Connectez","item":"https:\/\/survivornet.ca\/fr\/reliez-vous\/"},{"@type":"ListItem","position":3,"name":"Partenaires","item":"https:\/\/survivornet.ca\/fr\/reliez-vous\/partenaires\/"},{"@type":"ListItem","position":4,"name":"Fais-Un-V\u0153u Est de l\u2019Ontario"}]},{"@type":"WebSite","@id":"https:\/\/survivornet.ca\/#website","url":"https:\/\/survivornet.ca\/","name":"Canadian Cancer Survivor Network","description":"The Canadian Cancer Survivor Network was created by a group of Canadians concerned about cancer.","publisher":{"@id":"https:\/\/survivornet.ca\/#organization"},"potentialAction":[{"@type":"SearchAction","target":{"@type":"EntryPoint","urlTemplate":"https:\/\/survivornet.ca\/?s={search_term_string}"},"query-input":{"@type":"PropertyValueSpecification","valueRequired":true,"valueName":"search_term_string"}}],"inLanguage":"fr-FR"},{"@type":"Organization","@id":"https:\/\/survivornet.ca\/#organization","name":"Canadian Cancer Survivor Network","url":"https:\/\/survivornet.ca\/","logo":{"@type":"ImageObject","inLanguage":"fr-FR","@id":"https:\/\/survivornet.ca\/#\/schema\/logo\/image\/","url":"http:\/\/survivornet.ca\/wp-content\/uploads\/2016\/12\/CCSN_Logo_EN_SQUARE.png","contentUrl":"http:\/\/survivornet.ca\/wp-content\/uploads\/2016\/12\/CCSN_Logo_EN_SQUARE.png","width":1209,"height":1007,"caption":"Canadian Cancer Survivor Network"},"image":{"@id":"https:\/\/survivornet.ca\/#\/schema\/logo\/image\/"}}]}},"_links":{"self":[{"href":"https:\/\/survivornet.ca\/fr\/wp-json\/wp\/v2\/pages\/5334","targetHints":{"allow":["GET"]}}],"collection":[{"href":"https:\/\/survivornet.ca\/fr\/wp-json\/wp\/v2\/pages"}],"about":[{"href":"https:\/\/survivornet.ca\/fr\/wp-json\/wp\/v2\/types\/page"}],"author":[{"embeddable":true,"href":"https:\/\/survivornet.ca\/fr\/wp-json\/wp\/v2\/users\/2"}],"replies":[{"embeddable":true,"href":"https:\/\/survivornet.ca\/fr\/wp-json\/wp\/v2\/comments?post=5334"}],"version-history":[{"count":2,"href":"https:\/\/survivornet.ca\/fr\/wp-json\/wp\/v2\/pages\/5334\/revisions"}],"predecessor-version":[{"id":29113,"href":"https:\/\/survivornet.ca\/fr\/wp-json\/wp\/v2\/pages\/5334\/revisions\/29113"}],"up":[{"embeddable":true,"href":"https:\/\/survivornet.ca\/fr\/wp-json\/wp\/v2\/pages\/4484"}],"wp:featuredmedia":[{"embeddable":true,"href":"https:\/\/survivornet.ca\/fr\/wp-json\/wp\/v2\/media\/29111"}],"wp:attachment":[{"href":"https:\/\/survivornet.ca\/fr\/wp-json\/wp\/v2\/media?parent=5334"}],"curies":[{"name":"wp","href":"https:\/\/api.w.org\/{rel}","templated":true}]}}