{"id":5332,"date":"2017-06-12T15:39:20","date_gmt":"2017-06-12T15:39:20","guid":{"rendered":"https:\/\/survivornet.ca\/?page_id=5332\/"},"modified":"2024-02-20T15:17:06","modified_gmt":"2024-02-20T20:17:06","slug":"cancer-pulmonaire-canada","status":"publish","type":"page","link":"https:\/\/survivornet.ca\/fr\/reliez-vous\/partenaires\/cancer-pulmonaire-canada\/","title":{"rendered":"Cancer pulmonaire Canada"},"content":{"rendered":"<p><img decoding=\"async\" src=\"http:\/\/old.survivornet.ca\/uploads\/images\/Cancer%20pulmonaire%20Canada.jpg\" alt=\"\" \/><img loading=\"lazy\" decoding=\"async\" class=\"aligncenter wp-image-29040\" src=\"http:\/\/survivornet.ca\/wp-content\/uploads\/2024\/02\/Cancer-pulmonaire-canada-logo.png\" alt=\"\" width=\"561\" height=\"178\" srcset=\"https:\/\/survivornet.ca\/wp-content\/uploads\/2024\/02\/Cancer-pulmonaire-canada-logo.png 1024w, https:\/\/survivornet.ca\/wp-content\/uploads\/2024\/02\/Cancer-pulmonaire-canada-logo-768x244.png 768w\" sizes=\"auto, (max-width: 561px) 100vw, 561px\" \/><\/p>\n<p>Cancer pulmonaire Canada est un organisme de bienfaisance national dont le mandat est de diffuser de l\u2019information sur le cancer du poumon, d\u2019appuyer les personnes qui en sont atteintes et leurs aidants et de fournir des ressources \u00e9ducatives aux patients, aux membres de leur famille, aux professionnels de la sant\u00e9 et au public en g\u00e9n\u00e9ral.<\/p>\n<p><strong>Sensibilisation<\/strong><\/p>\n<p>Par le biais d\u2019une campagne d\u2019information permanente sur le cancer du poumon, Cancer pulmonaire Canada s\u2019efforce de mieux informer les Canadiens sur cette maladie. Il pr\u00e9pare des feuillets d\u2019information, des guides \u00e0 l\u2019intention des patients et d\u2019autres documents contenant de l\u2019information essentielle sur le cancer du poumon, et les distribue au grand public par l\u2019entremise des r\u00e9seaux d\u2019aidants, de patients et de professionnels de la sant\u00e9.<\/p>\n<p><strong>\u00c9ducation<\/strong><\/p>\n<p>Cancer pulmonaire Canada fournit de l\u2019information sur le cancer du poumon aux patients et \u00e0 leur famille, aux professionnels de la sant\u00e9 et au grand public par le biais de bulletins et de documents \u00e9ducatifs offerts en version imprim\u00e9e ou en ligne au www.lungcancercanada.ca. De plus, Cancer pulmonaire Canada offre des s\u00e9ances d\u2019information et des activit\u00e9s de formation continue sur des th\u00e8mes li\u00e9s au cancer du poumon, tant pour le public en g\u00e9n\u00e9ral que pour les professionnels de la sant\u00e9 de toutes les r\u00e9gions du pays.<\/p>\n<p><strong>Cancer pulmonaire Canada est membre de la Coalition contre le cancer du poumon<\/strong><\/p>\n<p>Coalition contre le cancer du poumon (GLCC) est la \u00ab voix \u00bb internationale des personnes atteintes d\u2019un cancer du poumon. Fond\u00e9e en 2001, elle regroupe des organisations non gouvernementales de patients de partout dans le monde et a pour mandat d\u2019am\u00e9liorer l\u2019\u00e9tat de sant\u00e9 de toutes les personnes atteintes de cette maladie. Pour de plus amples renseignements, visitez le site Web de Cancer pulmonaire Canada.<\/p>\n<p>&#8230;<\/p>\n<p>Pour en savoir plus, consultez notre <a href=\"https:\/\/www.lungcancercanada.ca\/fr-CA\/\">site web<\/a>.<\/p>\n<p>330 Bay St.<br \/>\nSuite 310<br \/>\nToronto, ON M5H 2S8<br \/>\nTele: 416-785-3439<br \/>\nSans frais: 1-888-445-4403<br \/>\nCourriel: info@lungcancercanada.ca<\/p>\n","protected":false},"excerpt":{"rendered":"<p>Cancer pulmonaire Canada est un organisme de bienfaisance national dont le mandat est de diffuser de l\u2019information sur le cancer du poumon, d\u2019appuyer les personnes qui en sont atteintes et leurs aidants<\/p>\n","protected":false},"author":2,"featured_media":29040,"parent":4484,"menu_order":35,"comment_status":"closed","ping_status":"closed","template":"","meta":{"_acf_changed":false,"footnotes":""},"class_list":["post-5332","page","type-page","status-publish","has-post-thumbnail","hentry"],"acf":[],"yoast_head":"<!-- This site is optimized with the Yoast SEO plugin v27.4 - https:\/\/yoast.com\/product\/yoast-seo-wordpress\/ -->\n<title>Cancer pulmonaire Canada - Canadian Cancer Survivor Network<\/title>\n<meta name=\"robots\" content=\"index, follow, max-snippet:-1, max-image-preview:large, max-video-preview:-1\" \/>\n<link rel=\"canonical\" href=\"https:\/\/survivornet.ca\/connect\/partners\/lung-cancer-canada\/\" \/>\n<meta property=\"og:locale\" content=\"fr_FR\" \/>\n<meta property=\"og:type\" content=\"article\" \/>\n<meta property=\"og:title\" content=\"Cancer pulmonaire Canada - Canadian Cancer Survivor Network\" \/>\n<meta property=\"og:description\" content=\"Cancer pulmonaire Canada est un organisme de bienfaisance national dont le mandat est de diffuser de l\u2019information sur le cancer du poumon, d\u2019appuyer les personnes qui en sont atteintes et leurs aidants\" \/>\n<meta property=\"og:url\" content=\"https:\/\/survivornet.ca\/connect\/partners\/lung-cancer-canada\/\" \/>\n<meta property=\"og:site_name\" content=\"Canadian Cancer Survivor Network\" \/>\n<meta property=\"article:modified_time\" content=\"2024-02-20T20:17:06+00:00\" \/>\n<meta property=\"og:image\" content=\"https:\/\/survivornet.ca\/wp-content\/uploads\/2024\/02\/Cancer-pulmonaire-canada-logo.png\" \/>\n\t<meta property=\"og:image:width\" content=\"1024\" \/>\n\t<meta property=\"og:image:height\" content=\"325\" \/>\n\t<meta property=\"og:image:type\" content=\"image\/png\" \/>\n<meta name=\"twitter:card\" content=\"summary_large_image\" \/>\n<meta name=\"twitter:label1\" content=\"Dur\u00e9e de lecture estim\u00e9e\" \/>\n\t<meta name=\"twitter:data1\" content=\"2 minutes\" \/>\n<script type=\"application\/ld+json\" class=\"yoast-schema-graph\">{\"@context\":\"https:\\\/\\\/schema.org\",\"@graph\":[{\"@type\":\"WebPage\",\"@id\":\"https:\\\/\\\/survivornet.ca\\\/connect\\\/partners\\\/lung-cancer-canada\\\/\",\"url\":\"https:\\\/\\\/survivornet.ca\\\/connect\\\/partners\\\/lung-cancer-canada\\\/\",\"name\":\"Cancer pulmonaire Canada - Canadian Cancer Survivor Network\",\"isPartOf\":{\"@id\":\"https:\\\/\\\/survivornet.ca\\\/#website\"},\"primaryImageOfPage\":{\"@id\":\"https:\\\/\\\/survivornet.ca\\\/connect\\\/partners\\\/lung-cancer-canada\\\/#primaryimage\"},\"image\":{\"@id\":\"https:\\\/\\\/survivornet.ca\\\/connect\\\/partners\\\/lung-cancer-canada\\\/#primaryimage\"},\"thumbnailUrl\":\"https:\\\/\\\/survivornet.ca\\\/wp-content\\\/uploads\\\/2024\\\/02\\\/Cancer-pulmonaire-canada-logo.png\",\"datePublished\":\"2017-06-12T15:39:20+00:00\",\"dateModified\":\"2024-02-20T20:17:06+00:00\",\"breadcrumb\":{\"@id\":\"https:\\\/\\\/survivornet.ca\\\/connect\\\/partners\\\/lung-cancer-canada\\\/#breadcrumb\"},\"inLanguage\":\"fr-FR\",\"potentialAction\":[{\"@type\":\"ReadAction\",\"target\":[\"https:\\\/\\\/survivornet.ca\\\/connect\\\/partners\\\/lung-cancer-canada\\\/\"]}]},{\"@type\":\"ImageObject\",\"inLanguage\":\"fr-FR\",\"@id\":\"https:\\\/\\\/survivornet.ca\\\/connect\\\/partners\\\/lung-cancer-canada\\\/#primaryimage\",\"url\":\"https:\\\/\\\/survivornet.ca\\\/wp-content\\\/uploads\\\/2024\\\/02\\\/Cancer-pulmonaire-canada-logo.png\",\"contentUrl\":\"https:\\\/\\\/survivornet.ca\\\/wp-content\\\/uploads\\\/2024\\\/02\\\/Cancer-pulmonaire-canada-logo.png\",\"width\":1024,\"height\":325},{\"@type\":\"BreadcrumbList\",\"@id\":\"https:\\\/\\\/survivornet.ca\\\/connect\\\/partners\\\/lung-cancer-canada\\\/#breadcrumb\",\"itemListElement\":[{\"@type\":\"ListItem\",\"position\":1,\"name\":\"Home\",\"item\":\"https:\\\/\\\/survivornet.ca\\\/fr\\\/\"},{\"@type\":\"ListItem\",\"position\":2,\"name\":\"Connectez\",\"item\":\"https:\\\/\\\/survivornet.ca\\\/fr\\\/reliez-vous\\\/\"},{\"@type\":\"ListItem\",\"position\":3,\"name\":\"Partenaires\",\"item\":\"https:\\\/\\\/survivornet.ca\\\/fr\\\/reliez-vous\\\/partenaires\\\/\"},{\"@type\":\"ListItem\",\"position\":4,\"name\":\"Cancer pulmonaire Canada\"}]},{\"@type\":\"WebSite\",\"@id\":\"https:\\\/\\\/survivornet.ca\\\/#website\",\"url\":\"https:\\\/\\\/survivornet.ca\\\/\",\"name\":\"Canadian Cancer Survivor Network\",\"description\":\"The Canadian Cancer Survivor Network was created by a group of Canadians concerned about cancer.\",\"publisher\":{\"@id\":\"https:\\\/\\\/survivornet.ca\\\/#organization\"},\"potentialAction\":[{\"@type\":\"SearchAction\",\"target\":{\"@type\":\"EntryPoint\",\"urlTemplate\":\"https:\\\/\\\/survivornet.ca\\\/?s={search_term_string}\"},\"query-input\":{\"@type\":\"PropertyValueSpecification\",\"valueRequired\":true,\"valueName\":\"search_term_string\"}}],\"inLanguage\":\"fr-FR\"},{\"@type\":\"Organization\",\"@id\":\"https:\\\/\\\/survivornet.ca\\\/#organization\",\"name\":\"Canadian Cancer Survivor Network\",\"url\":\"https:\\\/\\\/survivornet.ca\\\/\",\"logo\":{\"@type\":\"ImageObject\",\"inLanguage\":\"fr-FR\",\"@id\":\"https:\\\/\\\/survivornet.ca\\\/#\\\/schema\\\/logo\\\/image\\\/\",\"url\":\"http:\\\/\\\/survivornet.ca\\\/wp-content\\\/uploads\\\/2016\\\/12\\\/CCSN_Logo_EN_SQUARE.png\",\"contentUrl\":\"http:\\\/\\\/survivornet.ca\\\/wp-content\\\/uploads\\\/2016\\\/12\\\/CCSN_Logo_EN_SQUARE.png\",\"width\":1209,\"height\":1007,\"caption\":\"Canadian Cancer Survivor Network\"},\"image\":{\"@id\":\"https:\\\/\\\/survivornet.ca\\\/#\\\/schema\\\/logo\\\/image\\\/\"}}]}<\/script>\n<!-- \/ Yoast SEO plugin. -->","yoast_head_json":{"title":"Cancer pulmonaire Canada - Canadian Cancer Survivor Network","robots":{"index":"index","follow":"follow","max-snippet":"max-snippet:-1","max-image-preview":"max-image-preview:large","max-video-preview":"max-video-preview:-1"},"canonical":"https:\/\/survivornet.ca\/connect\/partners\/lung-cancer-canada\/","og_locale":"fr_FR","og_type":"article","og_title":"Cancer pulmonaire Canada - Canadian Cancer Survivor Network","og_description":"Cancer pulmonaire Canada est un organisme de bienfaisance national dont le mandat est de diffuser de l\u2019information sur le cancer du poumon, d\u2019appuyer les personnes qui en sont atteintes et leurs aidants","og_url":"https:\/\/survivornet.ca\/connect\/partners\/lung-cancer-canada\/","og_site_name":"Canadian Cancer Survivor Network","article_modified_time":"2024-02-20T20:17:06+00:00","og_image":[{"width":1024,"height":325,"url":"https:\/\/survivornet.ca\/wp-content\/uploads\/2024\/02\/Cancer-pulmonaire-canada-logo.png","type":"image\/png"}],"twitter_card":"summary_large_image","twitter_misc":{"Dur\u00e9e de lecture estim\u00e9e":"2 minutes"},"schema":{"@context":"https:\/\/schema.org","@graph":[{"@type":"WebPage","@id":"https:\/\/survivornet.ca\/connect\/partners\/lung-cancer-canada\/","url":"https:\/\/survivornet.ca\/connect\/partners\/lung-cancer-canada\/","name":"Cancer pulmonaire Canada - Canadian Cancer Survivor Network","isPartOf":{"@id":"https:\/\/survivornet.ca\/#website"},"primaryImageOfPage":{"@id":"https:\/\/survivornet.ca\/connect\/partners\/lung-cancer-canada\/#primaryimage"},"image":{"@id":"https:\/\/survivornet.ca\/connect\/partners\/lung-cancer-canada\/#primaryimage"},"thumbnailUrl":"https:\/\/survivornet.ca\/wp-content\/uploads\/2024\/02\/Cancer-pulmonaire-canada-logo.png","datePublished":"2017-06-12T15:39:20+00:00","dateModified":"2024-02-20T20:17:06+00:00","breadcrumb":{"@id":"https:\/\/survivornet.ca\/connect\/partners\/lung-cancer-canada\/#breadcrumb"},"inLanguage":"fr-FR","potentialAction":[{"@type":"ReadAction","target":["https:\/\/survivornet.ca\/connect\/partners\/lung-cancer-canada\/"]}]},{"@type":"ImageObject","inLanguage":"fr-FR","@id":"https:\/\/survivornet.ca\/connect\/partners\/lung-cancer-canada\/#primaryimage","url":"https:\/\/survivornet.ca\/wp-content\/uploads\/2024\/02\/Cancer-pulmonaire-canada-logo.png","contentUrl":"https:\/\/survivornet.ca\/wp-content\/uploads\/2024\/02\/Cancer-pulmonaire-canada-logo.png","width":1024,"height":325},{"@type":"BreadcrumbList","@id":"https:\/\/survivornet.ca\/connect\/partners\/lung-cancer-canada\/#breadcrumb","itemListElement":[{"@type":"ListItem","position":1,"name":"Home","item":"https:\/\/survivornet.ca\/fr\/"},{"@type":"ListItem","position":2,"name":"Connectez","item":"https:\/\/survivornet.ca\/fr\/reliez-vous\/"},{"@type":"ListItem","position":3,"name":"Partenaires","item":"https:\/\/survivornet.ca\/fr\/reliez-vous\/partenaires\/"},{"@type":"ListItem","position":4,"name":"Cancer pulmonaire Canada"}]},{"@type":"WebSite","@id":"https:\/\/survivornet.ca\/#website","url":"https:\/\/survivornet.ca\/","name":"Canadian Cancer Survivor Network","description":"The Canadian Cancer Survivor Network was created by a group of Canadians concerned about cancer.","publisher":{"@id":"https:\/\/survivornet.ca\/#organization"},"potentialAction":[{"@type":"SearchAction","target":{"@type":"EntryPoint","urlTemplate":"https:\/\/survivornet.ca\/?s={search_term_string}"},"query-input":{"@type":"PropertyValueSpecification","valueRequired":true,"valueName":"search_term_string"}}],"inLanguage":"fr-FR"},{"@type":"Organization","@id":"https:\/\/survivornet.ca\/#organization","name":"Canadian Cancer Survivor Network","url":"https:\/\/survivornet.ca\/","logo":{"@type":"ImageObject","inLanguage":"fr-FR","@id":"https:\/\/survivornet.ca\/#\/schema\/logo\/image\/","url":"http:\/\/survivornet.ca\/wp-content\/uploads\/2016\/12\/CCSN_Logo_EN_SQUARE.png","contentUrl":"http:\/\/survivornet.ca\/wp-content\/uploads\/2016\/12\/CCSN_Logo_EN_SQUARE.png","width":1209,"height":1007,"caption":"Canadian Cancer Survivor Network"},"image":{"@id":"https:\/\/survivornet.ca\/#\/schema\/logo\/image\/"}}]}},"_links":{"self":[{"href":"https:\/\/survivornet.ca\/fr\/wp-json\/wp\/v2\/pages\/5332","targetHints":{"allow":["GET"]}}],"collection":[{"href":"https:\/\/survivornet.ca\/fr\/wp-json\/wp\/v2\/pages"}],"about":[{"href":"https:\/\/survivornet.ca\/fr\/wp-json\/wp\/v2\/types\/page"}],"author":[{"embeddable":true,"href":"https:\/\/survivornet.ca\/fr\/wp-json\/wp\/v2\/users\/2"}],"replies":[{"embeddable":true,"href":"https:\/\/survivornet.ca\/fr\/wp-json\/wp\/v2\/comments?post=5332"}],"version-history":[{"count":3,"href":"https:\/\/survivornet.ca\/fr\/wp-json\/wp\/v2\/pages\/5332\/revisions"}],"predecessor-version":[{"id":29046,"href":"https:\/\/survivornet.ca\/fr\/wp-json\/wp\/v2\/pages\/5332\/revisions\/29046"}],"up":[{"embeddable":true,"href":"https:\/\/survivornet.ca\/fr\/wp-json\/wp\/v2\/pages\/4484"}],"wp:featuredmedia":[{"embeddable":true,"href":"https:\/\/survivornet.ca\/fr\/wp-json\/wp\/v2\/media\/29040"}],"wp:attachment":[{"href":"https:\/\/survivornet.ca\/fr\/wp-json\/wp\/v2\/media?parent=5332"}],"curies":[{"name":"wp","href":"https:\/\/api.w.org\/{rel}","templated":true}]}}