{"id":5330,"date":"2017-06-12T15:37:15","date_gmt":"2017-06-12T15:37:15","guid":{"rendered":"https:\/\/survivornet.ca\/?page_id=5330\/"},"modified":"2021-03-10T14:01:13","modified_gmt":"2021-03-10T19:01:13","slug":"hereditary-breast-ovarian-society-alberta-hboc-society-alberta","status":"publish","type":"page","link":"https:\/\/survivornet.ca\/fr\/reliez-vous\/partenaires\/hereditary-breast-ovarian-society-alberta-hboc-society-alberta\/","title":{"rendered":"Risky Genes Society"},"content":{"rendered":"<p><b><strong>Mission du groupe <em>Risky Genes Society\u00a0of Alberta<\/em><\/strong><\/b><\/p>\n<p>Nous nous engageons \u00e0 fournir de l&#8217;\u00e9ducation et du soutien aux individus, aux familles et aux communaut\u00e9s touch\u00e9es par le cancer du sein h\u00e9r\u00e9ditaire et par le cancer de l\u2019ovaire h\u00e9r\u00e9ditaire.<\/p>\n<p><b><strong>Nos valeurs et nos convictions<\/strong><\/b><\/p>\n<ul class=\"content-list\">\n<li>Nous croyons que les individus et leurs familles touch\u00e9s par les cancers h\u00e9r\u00e9ditaires du sein et de l\u2019ovaire devraient avoir rapidement acc\u00e8s \u00e0 de l&#8217;information sur la sant\u00e9 et \u00e0 des services de qualit\u00e9.<\/li>\n<li>Nous respectons et croyons au fait que chaque individu a le droit de choisir son propre chemin vers le bien-\u00eatre.<\/li>\n<li>Nous croyons en la valeur du soutien tout en respectant la vie priv\u00e9e des individus et de leurs familles affect\u00e9s par les cancers h\u00e9r\u00e9ditaires du sein et de l\u2019ovaire.<\/li>\n<\/ul>\n<p><b><strong>Nos objectifs<\/strong><\/b><\/p>\n<ol class=\"content-list\">\n<li>De faire avancer l\u2019\u00e9ducation du public en ce qui concerne les cancers h\u00e9r\u00e9ditaires du sein et de l\u2019ovaire.<\/li>\n<li>D\u2019offrir du soutien aux individus et aux familles touch\u00e9s par ces cancers h\u00e9r\u00e9ditaires en offrant de l\u2019information, des conseils, et du soutien par les pairs.<\/li>\n<\/ol>\n<p><a href=\"https:\/\/riskygenes.org\/do-you-have-risky-genes%3F\">Risky Genes Society<\/a><\/p>\n","protected":false},"excerpt":{"rendered":"<p>Mission du groupe Risky Genes Society\u00a0of Alberta Nous nous engageons \u00e0 fournir de l&#8217;\u00e9ducation et du soutien aux individus, aux familles et aux communaut\u00e9s touch\u00e9es par le cancer du sein h\u00e9r\u00e9ditaire et<\/p>\n","protected":false},"author":2,"featured_media":5861,"parent":4484,"menu_order":33,"comment_status":"closed","ping_status":"closed","template":"","meta":{"_acf_changed":false,"footnotes":""},"class_list":["post-5330","page","type-page","status-publish","has-post-thumbnail","hentry"],"acf":[],"yoast_head":"<!-- This site is optimized with the Yoast SEO plugin v27.4 - https:\/\/yoast.com\/product\/yoast-seo-wordpress\/ -->\n<title>Risky Genes Society - Canadian Cancer Survivor Network<\/title>\n<meta name=\"robots\" content=\"index, follow, max-snippet:-1, max-image-preview:large, max-video-preview:-1\" \/>\n<link rel=\"canonical\" href=\"https:\/\/survivornet.ca\/fr\/reliez-vous\/partenaires\/hereditary-breast-ovarian-society-alberta-hboc-society-alberta\/\" \/>\n<meta property=\"og:locale\" content=\"fr_FR\" \/>\n<meta property=\"og:type\" content=\"article\" \/>\n<meta property=\"og:title\" content=\"Risky Genes Society - Canadian Cancer Survivor Network\" \/>\n<meta property=\"og:description\" content=\"Mission du groupe Risky Genes Society\u00a0of Alberta Nous nous engageons \u00e0 fournir de l&#8217;\u00e9ducation et du soutien aux individus, aux familles et aux communaut\u00e9s touch\u00e9es par le cancer du sein h\u00e9r\u00e9ditaire et\" \/>\n<meta property=\"og:url\" content=\"https:\/\/survivornet.ca\/fr\/reliez-vous\/partenaires\/hereditary-breast-ovarian-society-alberta-hboc-society-alberta\/\" \/>\n<meta property=\"og:site_name\" content=\"Canadian Cancer Survivor Network\" \/>\n<meta property=\"article:modified_time\" content=\"2021-03-10T19:01:13+00:00\" \/>\n<meta property=\"og:image\" content=\"https:\/\/survivornet.ca\/wp-content\/uploads\/2017\/06\/hboc.jpg\" \/>\n\t<meta property=\"og:image:width\" content=\"270\" \/>\n\t<meta property=\"og:image:height\" content=\"170\" \/>\n\t<meta property=\"og:image:type\" content=\"image\/jpeg\" \/>\n<meta name=\"twitter:card\" content=\"summary_large_image\" \/>\n<meta name=\"twitter:label1\" content=\"Dur\u00e9e de lecture estim\u00e9e\" \/>\n\t<meta name=\"twitter:data1\" content=\"1 minute\" \/>\n<script type=\"application\/ld+json\" class=\"yoast-schema-graph\">{\"@context\":\"https:\\\/\\\/schema.org\",\"@graph\":[{\"@type\":\"WebPage\",\"@id\":\"https:\\\/\\\/survivornet.ca\\\/fr\\\/reliez-vous\\\/partenaires\\\/hereditary-breast-ovarian-society-alberta-hboc-society-alberta\\\/\",\"url\":\"https:\\\/\\\/survivornet.ca\\\/fr\\\/reliez-vous\\\/partenaires\\\/hereditary-breast-ovarian-society-alberta-hboc-society-alberta\\\/\",\"name\":\"Risky Genes Society - Canadian Cancer Survivor Network\",\"isPartOf\":{\"@id\":\"https:\\\/\\\/survivornet.ca\\\/#website\"},\"primaryImageOfPage\":{\"@id\":\"https:\\\/\\\/survivornet.ca\\\/fr\\\/reliez-vous\\\/partenaires\\\/hereditary-breast-ovarian-society-alberta-hboc-society-alberta\\\/#primaryimage\"},\"image\":{\"@id\":\"https:\\\/\\\/survivornet.ca\\\/fr\\\/reliez-vous\\\/partenaires\\\/hereditary-breast-ovarian-society-alberta-hboc-society-alberta\\\/#primaryimage\"},\"thumbnailUrl\":\"https:\\\/\\\/survivornet.ca\\\/wp-content\\\/uploads\\\/2017\\\/06\\\/hboc.jpg\",\"datePublished\":\"2017-06-12T15:37:15+00:00\",\"dateModified\":\"2021-03-10T19:01:13+00:00\",\"breadcrumb\":{\"@id\":\"https:\\\/\\\/survivornet.ca\\\/fr\\\/reliez-vous\\\/partenaires\\\/hereditary-breast-ovarian-society-alberta-hboc-society-alberta\\\/#breadcrumb\"},\"inLanguage\":\"fr-FR\",\"potentialAction\":[{\"@type\":\"ReadAction\",\"target\":[\"https:\\\/\\\/survivornet.ca\\\/fr\\\/reliez-vous\\\/partenaires\\\/hereditary-breast-ovarian-society-alberta-hboc-society-alberta\\\/\"]}]},{\"@type\":\"ImageObject\",\"inLanguage\":\"fr-FR\",\"@id\":\"https:\\\/\\\/survivornet.ca\\\/fr\\\/reliez-vous\\\/partenaires\\\/hereditary-breast-ovarian-society-alberta-hboc-society-alberta\\\/#primaryimage\",\"url\":\"https:\\\/\\\/survivornet.ca\\\/wp-content\\\/uploads\\\/2017\\\/06\\\/hboc.jpg\",\"contentUrl\":\"https:\\\/\\\/survivornet.ca\\\/wp-content\\\/uploads\\\/2017\\\/06\\\/hboc.jpg\",\"width\":270,\"height\":170},{\"@type\":\"BreadcrumbList\",\"@id\":\"https:\\\/\\\/survivornet.ca\\\/fr\\\/reliez-vous\\\/partenaires\\\/hereditary-breast-ovarian-society-alberta-hboc-society-alberta\\\/#breadcrumb\",\"itemListElement\":[{\"@type\":\"ListItem\",\"position\":1,\"name\":\"Home\",\"item\":\"https:\\\/\\\/survivornet.ca\\\/fr\\\/\"},{\"@type\":\"ListItem\",\"position\":2,\"name\":\"Connectez\",\"item\":\"https:\\\/\\\/survivornet.ca\\\/fr\\\/reliez-vous\\\/\"},{\"@type\":\"ListItem\",\"position\":3,\"name\":\"Partenaires\",\"item\":\"https:\\\/\\\/survivornet.ca\\\/fr\\\/reliez-vous\\\/partenaires\\\/\"},{\"@type\":\"ListItem\",\"position\":4,\"name\":\"Risky Genes Society\"}]},{\"@type\":\"WebSite\",\"@id\":\"https:\\\/\\\/survivornet.ca\\\/#website\",\"url\":\"https:\\\/\\\/survivornet.ca\\\/\",\"name\":\"Canadian Cancer Survivor Network\",\"description\":\"The Canadian Cancer Survivor Network was created by a group of Canadians concerned about cancer.\",\"publisher\":{\"@id\":\"https:\\\/\\\/survivornet.ca\\\/#organization\"},\"potentialAction\":[{\"@type\":\"SearchAction\",\"target\":{\"@type\":\"EntryPoint\",\"urlTemplate\":\"https:\\\/\\\/survivornet.ca\\\/?s={search_term_string}\"},\"query-input\":{\"@type\":\"PropertyValueSpecification\",\"valueRequired\":true,\"valueName\":\"search_term_string\"}}],\"inLanguage\":\"fr-FR\"},{\"@type\":\"Organization\",\"@id\":\"https:\\\/\\\/survivornet.ca\\\/#organization\",\"name\":\"Canadian Cancer Survivor Network\",\"url\":\"https:\\\/\\\/survivornet.ca\\\/\",\"logo\":{\"@type\":\"ImageObject\",\"inLanguage\":\"fr-FR\",\"@id\":\"https:\\\/\\\/survivornet.ca\\\/#\\\/schema\\\/logo\\\/image\\\/\",\"url\":\"http:\\\/\\\/survivornet.ca\\\/wp-content\\\/uploads\\\/2016\\\/12\\\/CCSN_Logo_EN_SQUARE.png\",\"contentUrl\":\"http:\\\/\\\/survivornet.ca\\\/wp-content\\\/uploads\\\/2016\\\/12\\\/CCSN_Logo_EN_SQUARE.png\",\"width\":1209,\"height\":1007,\"caption\":\"Canadian Cancer Survivor Network\"},\"image\":{\"@id\":\"https:\\\/\\\/survivornet.ca\\\/#\\\/schema\\\/logo\\\/image\\\/\"}}]}<\/script>\n<!-- \/ Yoast SEO plugin. -->","yoast_head_json":{"title":"Risky Genes Society - Canadian Cancer Survivor Network","robots":{"index":"index","follow":"follow","max-snippet":"max-snippet:-1","max-image-preview":"max-image-preview:large","max-video-preview":"max-video-preview:-1"},"canonical":"https:\/\/survivornet.ca\/fr\/reliez-vous\/partenaires\/hereditary-breast-ovarian-society-alberta-hboc-society-alberta\/","og_locale":"fr_FR","og_type":"article","og_title":"Risky Genes Society - Canadian Cancer Survivor Network","og_description":"Mission du groupe Risky Genes Society\u00a0of Alberta Nous nous engageons \u00e0 fournir de l&#8217;\u00e9ducation et du soutien aux individus, aux familles et aux communaut\u00e9s touch\u00e9es par le cancer du sein h\u00e9r\u00e9ditaire et","og_url":"https:\/\/survivornet.ca\/fr\/reliez-vous\/partenaires\/hereditary-breast-ovarian-society-alberta-hboc-society-alberta\/","og_site_name":"Canadian Cancer Survivor Network","article_modified_time":"2021-03-10T19:01:13+00:00","og_image":[{"width":270,"height":170,"url":"https:\/\/survivornet.ca\/wp-content\/uploads\/2017\/06\/hboc.jpg","type":"image\/jpeg"}],"twitter_card":"summary_large_image","twitter_misc":{"Dur\u00e9e de lecture estim\u00e9e":"1 minute"},"schema":{"@context":"https:\/\/schema.org","@graph":[{"@type":"WebPage","@id":"https:\/\/survivornet.ca\/fr\/reliez-vous\/partenaires\/hereditary-breast-ovarian-society-alberta-hboc-society-alberta\/","url":"https:\/\/survivornet.ca\/fr\/reliez-vous\/partenaires\/hereditary-breast-ovarian-society-alberta-hboc-society-alberta\/","name":"Risky Genes Society - Canadian Cancer Survivor Network","isPartOf":{"@id":"https:\/\/survivornet.ca\/#website"},"primaryImageOfPage":{"@id":"https:\/\/survivornet.ca\/fr\/reliez-vous\/partenaires\/hereditary-breast-ovarian-society-alberta-hboc-society-alberta\/#primaryimage"},"image":{"@id":"https:\/\/survivornet.ca\/fr\/reliez-vous\/partenaires\/hereditary-breast-ovarian-society-alberta-hboc-society-alberta\/#primaryimage"},"thumbnailUrl":"https:\/\/survivornet.ca\/wp-content\/uploads\/2017\/06\/hboc.jpg","datePublished":"2017-06-12T15:37:15+00:00","dateModified":"2021-03-10T19:01:13+00:00","breadcrumb":{"@id":"https:\/\/survivornet.ca\/fr\/reliez-vous\/partenaires\/hereditary-breast-ovarian-society-alberta-hboc-society-alberta\/#breadcrumb"},"inLanguage":"fr-FR","potentialAction":[{"@type":"ReadAction","target":["https:\/\/survivornet.ca\/fr\/reliez-vous\/partenaires\/hereditary-breast-ovarian-society-alberta-hboc-society-alberta\/"]}]},{"@type":"ImageObject","inLanguage":"fr-FR","@id":"https:\/\/survivornet.ca\/fr\/reliez-vous\/partenaires\/hereditary-breast-ovarian-society-alberta-hboc-society-alberta\/#primaryimage","url":"https:\/\/survivornet.ca\/wp-content\/uploads\/2017\/06\/hboc.jpg","contentUrl":"https:\/\/survivornet.ca\/wp-content\/uploads\/2017\/06\/hboc.jpg","width":270,"height":170},{"@type":"BreadcrumbList","@id":"https:\/\/survivornet.ca\/fr\/reliez-vous\/partenaires\/hereditary-breast-ovarian-society-alberta-hboc-society-alberta\/#breadcrumb","itemListElement":[{"@type":"ListItem","position":1,"name":"Home","item":"https:\/\/survivornet.ca\/fr\/"},{"@type":"ListItem","position":2,"name":"Connectez","item":"https:\/\/survivornet.ca\/fr\/reliez-vous\/"},{"@type":"ListItem","position":3,"name":"Partenaires","item":"https:\/\/survivornet.ca\/fr\/reliez-vous\/partenaires\/"},{"@type":"ListItem","position":4,"name":"Risky Genes Society"}]},{"@type":"WebSite","@id":"https:\/\/survivornet.ca\/#website","url":"https:\/\/survivornet.ca\/","name":"Canadian Cancer Survivor Network","description":"The Canadian Cancer Survivor Network was created by a group of Canadians concerned about cancer.","publisher":{"@id":"https:\/\/survivornet.ca\/#organization"},"potentialAction":[{"@type":"SearchAction","target":{"@type":"EntryPoint","urlTemplate":"https:\/\/survivornet.ca\/?s={search_term_string}"},"query-input":{"@type":"PropertyValueSpecification","valueRequired":true,"valueName":"search_term_string"}}],"inLanguage":"fr-FR"},{"@type":"Organization","@id":"https:\/\/survivornet.ca\/#organization","name":"Canadian Cancer Survivor Network","url":"https:\/\/survivornet.ca\/","logo":{"@type":"ImageObject","inLanguage":"fr-FR","@id":"https:\/\/survivornet.ca\/#\/schema\/logo\/image\/","url":"http:\/\/survivornet.ca\/wp-content\/uploads\/2016\/12\/CCSN_Logo_EN_SQUARE.png","contentUrl":"http:\/\/survivornet.ca\/wp-content\/uploads\/2016\/12\/CCSN_Logo_EN_SQUARE.png","width":1209,"height":1007,"caption":"Canadian Cancer Survivor Network"},"image":{"@id":"https:\/\/survivornet.ca\/#\/schema\/logo\/image\/"}}]}},"_links":{"self":[{"href":"https:\/\/survivornet.ca\/fr\/wp-json\/wp\/v2\/pages\/5330","targetHints":{"allow":["GET"]}}],"collection":[{"href":"https:\/\/survivornet.ca\/fr\/wp-json\/wp\/v2\/pages"}],"about":[{"href":"https:\/\/survivornet.ca\/fr\/wp-json\/wp\/v2\/types\/page"}],"author":[{"embeddable":true,"href":"https:\/\/survivornet.ca\/fr\/wp-json\/wp\/v2\/users\/2"}],"replies":[{"embeddable":true,"href":"https:\/\/survivornet.ca\/fr\/wp-json\/wp\/v2\/comments?post=5330"}],"version-history":[{"count":0,"href":"https:\/\/survivornet.ca\/fr\/wp-json\/wp\/v2\/pages\/5330\/revisions"}],"up":[{"embeddable":true,"href":"https:\/\/survivornet.ca\/fr\/wp-json\/wp\/v2\/pages\/4484"}],"wp:featuredmedia":[{"embeddable":true,"href":"https:\/\/survivornet.ca\/fr\/wp-json\/wp\/v2\/media\/5861"}],"wp:attachment":[{"href":"https:\/\/survivornet.ca\/fr\/wp-json\/wp\/v2\/media?parent=5330"}],"curies":[{"name":"wp","href":"https:\/\/api.w.org\/{rel}","templated":true}]}}