{"id":5327,"date":"2017-06-12T15:35:32","date_gmt":"2017-06-12T15:35:32","guid":{"rendered":"https:\/\/survivornet.ca\/?page_id=5327\/"},"modified":"2017-06-29T15:09:55","modified_gmt":"2017-06-29T15:09:55","slug":"healing-cancer-foundation","status":"publish","type":"page","link":"https:\/\/survivornet.ca\/fr\/reliez-vous\/partenaires\/healing-cancer-foundation\/","title":{"rendered":"Healing and Cancer Foundation"},"content":{"rendered":"<p><img decoding=\"async\" class=\"left alignleft\" src=\"http:\/\/old.survivornet.ca\/uploads\/images\/Healing%20and%20Cancer.JPG\" alt=\"\" \/>Fond\u00e9e en 2007, la fondation <em>Healing and Cancer Foundation <\/em>a \u00e9volu\u00e9 gr\u00e2ce \u00e0 une collaboration de dix ans entre le Dr. RobRutledge, oncologue, et Timothy Walker, PhD, un professeur spirituel.<\/p>\n<p>La fondation <em>Healing and Cancer Foundation <\/em>aide les gens touch\u00e9s par le cancer gr\u00e2ce une approche de diagnostic pratique et int\u00e9gr\u00e9e. Nous offrons un programme de pr\u00e9paration \u00e0 la vie active et une perspective unique du corps, de l\u2019\u00e2me et de l\u2019esprit qui peut transformer l\u2019exp\u00e9rience de la maladie en voyage vers l\u2019\u00e9panouissement.<\/p>\n<p>Nous souscrivons au principe de \u00ab\u00a0soins pour le cancer int\u00e9gr\u00e9s\u00a0\u00bb, ce qui signifie obtenir les meilleurs soins de sant\u00e9 m\u00e9dicaux fond\u00e9s sur de la recherche scientifique combin\u00e9s \u00e0 des pratiques de gu\u00e9rison fond\u00e9es sur la sagesse. Nous nous concentrons sur les choses simples et efficaces que vous pouvez faire pour vous-m\u00eame quotidiennement afin d\u2019am\u00e9liorer votre sant\u00e9 et votre bien-\u00eatre g\u00e9n\u00e9ral, et de vivre une vie remplie d\u2019amour et de sens.<\/p>\n<p>Notre croyance fondamentale est que chaque personne poss\u00e8de en elle la sagesse, la compassion et le pouvoir de gu\u00e9rir &#8211; y compris vous.<\/p>\n<p><a href=\"http:\/\/vimeo.com\/28438850\" target=\"_blank\" rel=\"noopener noreferrer\">http:\/\/vimeo.com\/28438850<\/a><\/p>\n<p><a href=\"http:\/\/vimeo.com\/33700823\" target=\"_blank\" rel=\"noopener noreferrer\">http:\/\/vimeo.com\/33700823<\/a><\/p>\n<p><a href=\"http:\/\/www.healingandcancer.org\/\" target=\"_blank\" rel=\"noopener noreferrer\">Healing and Cancer Foundation<\/a><\/p>\n","protected":false},"excerpt":{"rendered":"<p>Fond\u00e9e en 2007, la fondation Healing and Cancer Foundation a \u00e9volu\u00e9 gr\u00e2ce \u00e0 une collaboration de dix ans entre le Dr. RobRutledge, oncologue, et Timothy Walker, PhD, un professeur spirituel. La fondation<\/p>\n","protected":false},"author":2,"featured_media":5860,"parent":4484,"menu_order":32,"comment_status":"closed","ping_status":"closed","template":"","meta":{"_acf_changed":false,"footnotes":""},"class_list":["post-5327","page","type-page","status-publish","has-post-thumbnail","hentry"],"acf":[],"yoast_head":"<!-- This site is optimized with the Yoast SEO plugin v27.4 - https:\/\/yoast.com\/product\/yoast-seo-wordpress\/ -->\n<title>Healing and Cancer Foundation - Canadian Cancer Survivor Network<\/title>\n<meta name=\"robots\" content=\"index, follow, max-snippet:-1, max-image-preview:large, max-video-preview:-1\" \/>\n<link rel=\"canonical\" href=\"https:\/\/survivornet.ca\/connect\/partners\/healing-and-cancer-foundation\/\" \/>\n<meta property=\"og:locale\" content=\"fr_FR\" \/>\n<meta property=\"og:type\" content=\"article\" \/>\n<meta property=\"og:title\" content=\"Healing and Cancer Foundation - Canadian Cancer Survivor Network\" \/>\n<meta property=\"og:description\" content=\"Fond\u00e9e en 2007, la fondation Healing and Cancer Foundation a \u00e9volu\u00e9 gr\u00e2ce \u00e0 une collaboration de dix ans entre le Dr. RobRutledge, oncologue, et Timothy Walker, PhD, un professeur spirituel. La fondation\" \/>\n<meta property=\"og:url\" content=\"https:\/\/survivornet.ca\/connect\/partners\/healing-and-cancer-foundation\/\" \/>\n<meta property=\"og:site_name\" content=\"Canadian Cancer Survivor Network\" \/>\n<meta property=\"article:modified_time\" content=\"2017-06-29T15:09:55+00:00\" \/>\n<meta property=\"og:image\" content=\"https:\/\/survivornet.ca\/wp-content\/uploads\/2017\/06\/Healing-and-Cancer.jpg\" \/>\n\t<meta property=\"og:image:width\" content=\"270\" \/>\n\t<meta property=\"og:image:height\" content=\"170\" \/>\n\t<meta property=\"og:image:type\" content=\"image\/jpeg\" \/>\n<meta name=\"twitter:card\" content=\"summary_large_image\" \/>\n<meta name=\"twitter:label1\" content=\"Dur\u00e9e de lecture estim\u00e9e\" \/>\n\t<meta name=\"twitter:data1\" content=\"1 minute\" \/>\n<script type=\"application\/ld+json\" class=\"yoast-schema-graph\">{\"@context\":\"https:\\\/\\\/schema.org\",\"@graph\":[{\"@type\":\"WebPage\",\"@id\":\"https:\\\/\\\/survivornet.ca\\\/connect\\\/partners\\\/healing-and-cancer-foundation\\\/\",\"url\":\"https:\\\/\\\/survivornet.ca\\\/connect\\\/partners\\\/healing-and-cancer-foundation\\\/\",\"name\":\"Healing and Cancer Foundation - Canadian Cancer Survivor Network\",\"isPartOf\":{\"@id\":\"https:\\\/\\\/survivornet.ca\\\/#website\"},\"primaryImageOfPage\":{\"@id\":\"https:\\\/\\\/survivornet.ca\\\/connect\\\/partners\\\/healing-and-cancer-foundation\\\/#primaryimage\"},\"image\":{\"@id\":\"https:\\\/\\\/survivornet.ca\\\/connect\\\/partners\\\/healing-and-cancer-foundation\\\/#primaryimage\"},\"thumbnailUrl\":\"https:\\\/\\\/survivornet.ca\\\/wp-content\\\/uploads\\\/2017\\\/06\\\/Healing-and-Cancer.jpg\",\"datePublished\":\"2017-06-12T15:35:32+00:00\",\"dateModified\":\"2017-06-29T15:09:55+00:00\",\"breadcrumb\":{\"@id\":\"https:\\\/\\\/survivornet.ca\\\/connect\\\/partners\\\/healing-and-cancer-foundation\\\/#breadcrumb\"},\"inLanguage\":\"fr-FR\",\"potentialAction\":[{\"@type\":\"ReadAction\",\"target\":[\"https:\\\/\\\/survivornet.ca\\\/connect\\\/partners\\\/healing-and-cancer-foundation\\\/\"]}]},{\"@type\":\"ImageObject\",\"inLanguage\":\"fr-FR\",\"@id\":\"https:\\\/\\\/survivornet.ca\\\/connect\\\/partners\\\/healing-and-cancer-foundation\\\/#primaryimage\",\"url\":\"https:\\\/\\\/survivornet.ca\\\/wp-content\\\/uploads\\\/2017\\\/06\\\/Healing-and-Cancer.jpg\",\"contentUrl\":\"https:\\\/\\\/survivornet.ca\\\/wp-content\\\/uploads\\\/2017\\\/06\\\/Healing-and-Cancer.jpg\",\"width\":270,\"height\":170},{\"@type\":\"BreadcrumbList\",\"@id\":\"https:\\\/\\\/survivornet.ca\\\/connect\\\/partners\\\/healing-and-cancer-foundation\\\/#breadcrumb\",\"itemListElement\":[{\"@type\":\"ListItem\",\"position\":1,\"name\":\"Home\",\"item\":\"https:\\\/\\\/survivornet.ca\\\/fr\\\/\"},{\"@type\":\"ListItem\",\"position\":2,\"name\":\"Connectez\",\"item\":\"https:\\\/\\\/survivornet.ca\\\/fr\\\/reliez-vous\\\/\"},{\"@type\":\"ListItem\",\"position\":3,\"name\":\"Partenaires\",\"item\":\"https:\\\/\\\/survivornet.ca\\\/fr\\\/reliez-vous\\\/partenaires\\\/\"},{\"@type\":\"ListItem\",\"position\":4,\"name\":\"Healing and Cancer Foundation\"}]},{\"@type\":\"WebSite\",\"@id\":\"https:\\\/\\\/survivornet.ca\\\/#website\",\"url\":\"https:\\\/\\\/survivornet.ca\\\/\",\"name\":\"Canadian Cancer Survivor Network\",\"description\":\"The Canadian Cancer Survivor Network was created by a group of Canadians concerned about cancer.\",\"publisher\":{\"@id\":\"https:\\\/\\\/survivornet.ca\\\/#organization\"},\"potentialAction\":[{\"@type\":\"SearchAction\",\"target\":{\"@type\":\"EntryPoint\",\"urlTemplate\":\"https:\\\/\\\/survivornet.ca\\\/?s={search_term_string}\"},\"query-input\":{\"@type\":\"PropertyValueSpecification\",\"valueRequired\":true,\"valueName\":\"search_term_string\"}}],\"inLanguage\":\"fr-FR\"},{\"@type\":\"Organization\",\"@id\":\"https:\\\/\\\/survivornet.ca\\\/#organization\",\"name\":\"Canadian Cancer Survivor Network\",\"url\":\"https:\\\/\\\/survivornet.ca\\\/\",\"logo\":{\"@type\":\"ImageObject\",\"inLanguage\":\"fr-FR\",\"@id\":\"https:\\\/\\\/survivornet.ca\\\/#\\\/schema\\\/logo\\\/image\\\/\",\"url\":\"http:\\\/\\\/survivornet.ca\\\/wp-content\\\/uploads\\\/2016\\\/12\\\/CCSN_Logo_EN_SQUARE.png\",\"contentUrl\":\"http:\\\/\\\/survivornet.ca\\\/wp-content\\\/uploads\\\/2016\\\/12\\\/CCSN_Logo_EN_SQUARE.png\",\"width\":1209,\"height\":1007,\"caption\":\"Canadian Cancer Survivor Network\"},\"image\":{\"@id\":\"https:\\\/\\\/survivornet.ca\\\/#\\\/schema\\\/logo\\\/image\\\/\"}}]}<\/script>\n<!-- \/ Yoast SEO plugin. -->","yoast_head_json":{"title":"Healing and Cancer Foundation - Canadian Cancer Survivor Network","robots":{"index":"index","follow":"follow","max-snippet":"max-snippet:-1","max-image-preview":"max-image-preview:large","max-video-preview":"max-video-preview:-1"},"canonical":"https:\/\/survivornet.ca\/connect\/partners\/healing-and-cancer-foundation\/","og_locale":"fr_FR","og_type":"article","og_title":"Healing and Cancer Foundation - Canadian Cancer Survivor Network","og_description":"Fond\u00e9e en 2007, la fondation Healing and Cancer Foundation a \u00e9volu\u00e9 gr\u00e2ce \u00e0 une collaboration de dix ans entre le Dr. RobRutledge, oncologue, et Timothy Walker, PhD, un professeur spirituel. La fondation","og_url":"https:\/\/survivornet.ca\/connect\/partners\/healing-and-cancer-foundation\/","og_site_name":"Canadian Cancer Survivor Network","article_modified_time":"2017-06-29T15:09:55+00:00","og_image":[{"width":270,"height":170,"url":"https:\/\/survivornet.ca\/wp-content\/uploads\/2017\/06\/Healing-and-Cancer.jpg","type":"image\/jpeg"}],"twitter_card":"summary_large_image","twitter_misc":{"Dur\u00e9e de lecture estim\u00e9e":"1 minute"},"schema":{"@context":"https:\/\/schema.org","@graph":[{"@type":"WebPage","@id":"https:\/\/survivornet.ca\/connect\/partners\/healing-and-cancer-foundation\/","url":"https:\/\/survivornet.ca\/connect\/partners\/healing-and-cancer-foundation\/","name":"Healing and Cancer Foundation - Canadian Cancer Survivor Network","isPartOf":{"@id":"https:\/\/survivornet.ca\/#website"},"primaryImageOfPage":{"@id":"https:\/\/survivornet.ca\/connect\/partners\/healing-and-cancer-foundation\/#primaryimage"},"image":{"@id":"https:\/\/survivornet.ca\/connect\/partners\/healing-and-cancer-foundation\/#primaryimage"},"thumbnailUrl":"https:\/\/survivornet.ca\/wp-content\/uploads\/2017\/06\/Healing-and-Cancer.jpg","datePublished":"2017-06-12T15:35:32+00:00","dateModified":"2017-06-29T15:09:55+00:00","breadcrumb":{"@id":"https:\/\/survivornet.ca\/connect\/partners\/healing-and-cancer-foundation\/#breadcrumb"},"inLanguage":"fr-FR","potentialAction":[{"@type":"ReadAction","target":["https:\/\/survivornet.ca\/connect\/partners\/healing-and-cancer-foundation\/"]}]},{"@type":"ImageObject","inLanguage":"fr-FR","@id":"https:\/\/survivornet.ca\/connect\/partners\/healing-and-cancer-foundation\/#primaryimage","url":"https:\/\/survivornet.ca\/wp-content\/uploads\/2017\/06\/Healing-and-Cancer.jpg","contentUrl":"https:\/\/survivornet.ca\/wp-content\/uploads\/2017\/06\/Healing-and-Cancer.jpg","width":270,"height":170},{"@type":"BreadcrumbList","@id":"https:\/\/survivornet.ca\/connect\/partners\/healing-and-cancer-foundation\/#breadcrumb","itemListElement":[{"@type":"ListItem","position":1,"name":"Home","item":"https:\/\/survivornet.ca\/fr\/"},{"@type":"ListItem","position":2,"name":"Connectez","item":"https:\/\/survivornet.ca\/fr\/reliez-vous\/"},{"@type":"ListItem","position":3,"name":"Partenaires","item":"https:\/\/survivornet.ca\/fr\/reliez-vous\/partenaires\/"},{"@type":"ListItem","position":4,"name":"Healing and Cancer Foundation"}]},{"@type":"WebSite","@id":"https:\/\/survivornet.ca\/#website","url":"https:\/\/survivornet.ca\/","name":"Canadian Cancer Survivor Network","description":"The Canadian Cancer Survivor Network was created by a group of Canadians concerned about cancer.","publisher":{"@id":"https:\/\/survivornet.ca\/#organization"},"potentialAction":[{"@type":"SearchAction","target":{"@type":"EntryPoint","urlTemplate":"https:\/\/survivornet.ca\/?s={search_term_string}"},"query-input":{"@type":"PropertyValueSpecification","valueRequired":true,"valueName":"search_term_string"}}],"inLanguage":"fr-FR"},{"@type":"Organization","@id":"https:\/\/survivornet.ca\/#organization","name":"Canadian Cancer Survivor Network","url":"https:\/\/survivornet.ca\/","logo":{"@type":"ImageObject","inLanguage":"fr-FR","@id":"https:\/\/survivornet.ca\/#\/schema\/logo\/image\/","url":"http:\/\/survivornet.ca\/wp-content\/uploads\/2016\/12\/CCSN_Logo_EN_SQUARE.png","contentUrl":"http:\/\/survivornet.ca\/wp-content\/uploads\/2016\/12\/CCSN_Logo_EN_SQUARE.png","width":1209,"height":1007,"caption":"Canadian Cancer Survivor Network"},"image":{"@id":"https:\/\/survivornet.ca\/#\/schema\/logo\/image\/"}}]}},"_links":{"self":[{"href":"https:\/\/survivornet.ca\/fr\/wp-json\/wp\/v2\/pages\/5327","targetHints":{"allow":["GET"]}}],"collection":[{"href":"https:\/\/survivornet.ca\/fr\/wp-json\/wp\/v2\/pages"}],"about":[{"href":"https:\/\/survivornet.ca\/fr\/wp-json\/wp\/v2\/types\/page"}],"author":[{"embeddable":true,"href":"https:\/\/survivornet.ca\/fr\/wp-json\/wp\/v2\/users\/2"}],"replies":[{"embeddable":true,"href":"https:\/\/survivornet.ca\/fr\/wp-json\/wp\/v2\/comments?post=5327"}],"version-history":[{"count":0,"href":"https:\/\/survivornet.ca\/fr\/wp-json\/wp\/v2\/pages\/5327\/revisions"}],"up":[{"embeddable":true,"href":"https:\/\/survivornet.ca\/fr\/wp-json\/wp\/v2\/pages\/4484"}],"wp:featuredmedia":[{"embeddable":true,"href":"https:\/\/survivornet.ca\/fr\/wp-json\/wp\/v2\/media\/5860"}],"wp:attachment":[{"href":"https:\/\/survivornet.ca\/fr\/wp-json\/wp\/v2\/media?parent=5327"}],"curies":[{"name":"wp","href":"https:\/\/api.w.org\/{rel}","templated":true}]}}