{"id":5319,"date":"2017-06-12T15:30:34","date_gmt":"2017-06-12T15:30:34","guid":{"rendered":"https:\/\/survivornet.ca\/?page_id=5319\/"},"modified":"2024-02-14T17:06:39","modified_gmt":"2024-02-14T22:06:39","slug":"consumer-advocare-network","status":"publish","type":"page","link":"https:\/\/survivornet.ca\/fr\/reliez-vous\/partenaires\/consumer-advocare-network\/","title":{"rendered":"Institute for Optimizing Health Outcomes"},"content":{"rendered":"<p><img loading=\"lazy\" decoding=\"async\" class=\"aligncenter  wp-image-28913\" src=\"http:\/\/survivornet.ca\/wp-content\/uploads\/2024\/02\/Institute-for-optimizing-health-outcomes.png\" alt=\"\" width=\"589\" height=\"207\" \/><\/p>\n<p><span style=\"text-decoration: underline;\"><strong>Qui nous sommes<\/strong><\/span><\/p>\n<p>Le Institute for Optimizing Health Outcomes est un organisme \u00e0 but non lucratif \u00e0 Toronto, en Ontario. Nous nous entourons d&#8217;individus et d&#8217;organisations ayant \u00e0 coeur une meilleure sant\u00e9 pour tous et ayant l&#8217;expertise n\u00e9cessaire pour cr\u00e9er une vague de changement. Notre conseil administratif inclue des m\u00e9decins, des professionnels param\u00e9dicaux, des \u00e9ducateurs en sant\u00e9 et des patients. Notre liste de partenaires comprend des organisations form\u00e9es de patients, des \u00e9tablissements de sant\u00e9, des gouvernements et des industries.<\/p>\n<p><span style=\"text-decoration: underline;\"><strong>Qu&#8217;entendons-nous par optimiser les r\u00e9sultats en mati\u00e8re de sant\u00e9?<\/strong><\/span><\/p>\n<p>Nous pensons que la vision d&#8217;optimiser les r\u00e9sultats de sant\u00e9 pour tous et chacun, quel que soit leur \u00e9tat de sant\u00e9, est un objectif r\u00e9alisable. Au Institute for Optimizing Health Outcomes, cela est notre raison d&#8217;\u00eatre.<\/p>\n<p><strong><span style=\"text-decoration: underline;\">Que faisons-nous?<\/span><\/strong><\/p>\n<p>Le Institute for Optimizing Health Outcomes encourage les programmes, l&#8217;\u00e9ducation, la recherche et les appels \u00e0 l&#8217;action centr\u00e9s sur les patients afin d&#8217;am\u00e9liorer les soins, le traitement et le soutien qui sont offert \u00e0 ceux et celles \u00e0 risque ou vivant avec des probl\u00e8mes de sant\u00e9.<\/p>\n<p>Il est de notre avis qu&#8217;optimiser les soins de sant\u00e9, les r\u00e9sultats qui en d\u00e9coulent et la qualit\u00e9 de vie des individus dans le cadre d&#8217;un partenariat est le seul moyen de garantir des soins de sant\u00e9 optimaux pour tous.<\/p>\n<p>Afin d&#8217;en savoir plus, consultez notre <a href=\"https:\/\/www.optimizinghealth.org\/\">site web<\/a>.<\/p>\n","protected":false},"excerpt":{"rendered":"<p>Qui nous sommes Le Institute for Optimizing Health Outcomes est un organisme \u00e0 but non lucratif \u00e0 Toronto, en Ontario. Nous nous entourons d&#8217;individus et d&#8217;organisations ayant \u00e0 coeur une meilleure sant\u00e9<\/p>\n","protected":false},"author":2,"featured_media":28913,"parent":4484,"menu_order":24,"comment_status":"closed","ping_status":"closed","template":"","meta":{"_acf_changed":false,"footnotes":""},"class_list":["post-5319","page","type-page","status-publish","has-post-thumbnail","hentry"],"acf":[],"yoast_head":"<!-- This site is optimized with the Yoast SEO plugin v27.4 - https:\/\/yoast.com\/product\/yoast-seo-wordpress\/ -->\n<title>Institute for Optimizing Health Outcomes - Canadian Cancer Survivor Network<\/title>\n<meta name=\"robots\" content=\"index, follow, max-snippet:-1, max-image-preview:large, max-video-preview:-1\" \/>\n<link rel=\"canonical\" href=\"https:\/\/survivornet.ca\/fr\/reliez-vous\/partenaires\/consumer-advocare-network\/\" \/>\n<meta property=\"og:locale\" content=\"fr_FR\" \/>\n<meta property=\"og:type\" content=\"article\" \/>\n<meta property=\"og:title\" content=\"Institute for Optimizing Health Outcomes - Canadian Cancer Survivor Network\" \/>\n<meta property=\"og:description\" content=\"Qui nous sommes Le Institute for Optimizing Health Outcomes est un organisme \u00e0 but non lucratif \u00e0 Toronto, en Ontario. Nous nous entourons d&#8217;individus et d&#8217;organisations ayant \u00e0 coeur une meilleure sant\u00e9\" \/>\n<meta property=\"og:url\" content=\"https:\/\/survivornet.ca\/fr\/reliez-vous\/partenaires\/consumer-advocare-network\/\" \/>\n<meta property=\"og:site_name\" content=\"Canadian Cancer Survivor Network\" \/>\n<meta property=\"article:modified_time\" content=\"2024-02-14T22:06:39+00:00\" \/>\n<meta property=\"og:image\" content=\"https:\/\/survivornet.ca\/wp-content\/uploads\/2024\/02\/Institute-for-optimizing-health-outcomes.png\" \/>\n\t<meta property=\"og:image:width\" content=\"729\" \/>\n\t<meta property=\"og:image:height\" content=\"256\" \/>\n\t<meta property=\"og:image:type\" content=\"image\/png\" \/>\n<meta name=\"twitter:card\" content=\"summary_large_image\" \/>\n<meta name=\"twitter:label1\" content=\"Dur\u00e9e de lecture estim\u00e9e\" \/>\n\t<meta name=\"twitter:data1\" content=\"1 minute\" \/>\n<script type=\"application\/ld+json\" class=\"yoast-schema-graph\">{\"@context\":\"https:\\\/\\\/schema.org\",\"@graph\":[{\"@type\":\"WebPage\",\"@id\":\"https:\\\/\\\/survivornet.ca\\\/fr\\\/reliez-vous\\\/partenaires\\\/consumer-advocare-network\\\/\",\"url\":\"https:\\\/\\\/survivornet.ca\\\/fr\\\/reliez-vous\\\/partenaires\\\/consumer-advocare-network\\\/\",\"name\":\"Institute for Optimizing Health Outcomes - Canadian Cancer Survivor Network\",\"isPartOf\":{\"@id\":\"https:\\\/\\\/survivornet.ca\\\/#website\"},\"primaryImageOfPage\":{\"@id\":\"https:\\\/\\\/survivornet.ca\\\/fr\\\/reliez-vous\\\/partenaires\\\/consumer-advocare-network\\\/#primaryimage\"},\"image\":{\"@id\":\"https:\\\/\\\/survivornet.ca\\\/fr\\\/reliez-vous\\\/partenaires\\\/consumer-advocare-network\\\/#primaryimage\"},\"thumbnailUrl\":\"https:\\\/\\\/survivornet.ca\\\/wp-content\\\/uploads\\\/2024\\\/02\\\/Institute-for-optimizing-health-outcomes.png\",\"datePublished\":\"2017-06-12T15:30:34+00:00\",\"dateModified\":\"2024-02-14T22:06:39+00:00\",\"breadcrumb\":{\"@id\":\"https:\\\/\\\/survivornet.ca\\\/fr\\\/reliez-vous\\\/partenaires\\\/consumer-advocare-network\\\/#breadcrumb\"},\"inLanguage\":\"fr-FR\",\"potentialAction\":[{\"@type\":\"ReadAction\",\"target\":[\"https:\\\/\\\/survivornet.ca\\\/fr\\\/reliez-vous\\\/partenaires\\\/consumer-advocare-network\\\/\"]}]},{\"@type\":\"ImageObject\",\"inLanguage\":\"fr-FR\",\"@id\":\"https:\\\/\\\/survivornet.ca\\\/fr\\\/reliez-vous\\\/partenaires\\\/consumer-advocare-network\\\/#primaryimage\",\"url\":\"https:\\\/\\\/survivornet.ca\\\/wp-content\\\/uploads\\\/2024\\\/02\\\/Institute-for-optimizing-health-outcomes.png\",\"contentUrl\":\"https:\\\/\\\/survivornet.ca\\\/wp-content\\\/uploads\\\/2024\\\/02\\\/Institute-for-optimizing-health-outcomes.png\",\"width\":729,\"height\":256},{\"@type\":\"BreadcrumbList\",\"@id\":\"https:\\\/\\\/survivornet.ca\\\/fr\\\/reliez-vous\\\/partenaires\\\/consumer-advocare-network\\\/#breadcrumb\",\"itemListElement\":[{\"@type\":\"ListItem\",\"position\":1,\"name\":\"Home\",\"item\":\"https:\\\/\\\/survivornet.ca\\\/fr\\\/\"},{\"@type\":\"ListItem\",\"position\":2,\"name\":\"Connectez\",\"item\":\"https:\\\/\\\/survivornet.ca\\\/fr\\\/reliez-vous\\\/\"},{\"@type\":\"ListItem\",\"position\":3,\"name\":\"Partenaires\",\"item\":\"https:\\\/\\\/survivornet.ca\\\/fr\\\/reliez-vous\\\/partenaires\\\/\"},{\"@type\":\"ListItem\",\"position\":4,\"name\":\"Institute for Optimizing Health Outcomes\"}]},{\"@type\":\"WebSite\",\"@id\":\"https:\\\/\\\/survivornet.ca\\\/#website\",\"url\":\"https:\\\/\\\/survivornet.ca\\\/\",\"name\":\"Canadian Cancer Survivor Network\",\"description\":\"The Canadian Cancer Survivor Network was created by a group of Canadians concerned about cancer.\",\"publisher\":{\"@id\":\"https:\\\/\\\/survivornet.ca\\\/#organization\"},\"potentialAction\":[{\"@type\":\"SearchAction\",\"target\":{\"@type\":\"EntryPoint\",\"urlTemplate\":\"https:\\\/\\\/survivornet.ca\\\/?s={search_term_string}\"},\"query-input\":{\"@type\":\"PropertyValueSpecification\",\"valueRequired\":true,\"valueName\":\"search_term_string\"}}],\"inLanguage\":\"fr-FR\"},{\"@type\":\"Organization\",\"@id\":\"https:\\\/\\\/survivornet.ca\\\/#organization\",\"name\":\"Canadian Cancer Survivor Network\",\"url\":\"https:\\\/\\\/survivornet.ca\\\/\",\"logo\":{\"@type\":\"ImageObject\",\"inLanguage\":\"fr-FR\",\"@id\":\"https:\\\/\\\/survivornet.ca\\\/#\\\/schema\\\/logo\\\/image\\\/\",\"url\":\"http:\\\/\\\/survivornet.ca\\\/wp-content\\\/uploads\\\/2016\\\/12\\\/CCSN_Logo_EN_SQUARE.png\",\"contentUrl\":\"http:\\\/\\\/survivornet.ca\\\/wp-content\\\/uploads\\\/2016\\\/12\\\/CCSN_Logo_EN_SQUARE.png\",\"width\":1209,\"height\":1007,\"caption\":\"Canadian Cancer Survivor Network\"},\"image\":{\"@id\":\"https:\\\/\\\/survivornet.ca\\\/#\\\/schema\\\/logo\\\/image\\\/\"}}]}<\/script>\n<!-- \/ Yoast SEO plugin. -->","yoast_head_json":{"title":"Institute for Optimizing Health Outcomes - Canadian Cancer Survivor Network","robots":{"index":"index","follow":"follow","max-snippet":"max-snippet:-1","max-image-preview":"max-image-preview:large","max-video-preview":"max-video-preview:-1"},"canonical":"https:\/\/survivornet.ca\/fr\/reliez-vous\/partenaires\/consumer-advocare-network\/","og_locale":"fr_FR","og_type":"article","og_title":"Institute for Optimizing Health Outcomes - Canadian Cancer Survivor Network","og_description":"Qui nous sommes Le Institute for Optimizing Health Outcomes est un organisme \u00e0 but non lucratif \u00e0 Toronto, en Ontario. Nous nous entourons d&#8217;individus et d&#8217;organisations ayant \u00e0 coeur une meilleure sant\u00e9","og_url":"https:\/\/survivornet.ca\/fr\/reliez-vous\/partenaires\/consumer-advocare-network\/","og_site_name":"Canadian Cancer Survivor Network","article_modified_time":"2024-02-14T22:06:39+00:00","og_image":[{"width":729,"height":256,"url":"https:\/\/survivornet.ca\/wp-content\/uploads\/2024\/02\/Institute-for-optimizing-health-outcomes.png","type":"image\/png"}],"twitter_card":"summary_large_image","twitter_misc":{"Dur\u00e9e de lecture estim\u00e9e":"1 minute"},"schema":{"@context":"https:\/\/schema.org","@graph":[{"@type":"WebPage","@id":"https:\/\/survivornet.ca\/fr\/reliez-vous\/partenaires\/consumer-advocare-network\/","url":"https:\/\/survivornet.ca\/fr\/reliez-vous\/partenaires\/consumer-advocare-network\/","name":"Institute for Optimizing Health Outcomes - Canadian Cancer Survivor Network","isPartOf":{"@id":"https:\/\/survivornet.ca\/#website"},"primaryImageOfPage":{"@id":"https:\/\/survivornet.ca\/fr\/reliez-vous\/partenaires\/consumer-advocare-network\/#primaryimage"},"image":{"@id":"https:\/\/survivornet.ca\/fr\/reliez-vous\/partenaires\/consumer-advocare-network\/#primaryimage"},"thumbnailUrl":"https:\/\/survivornet.ca\/wp-content\/uploads\/2024\/02\/Institute-for-optimizing-health-outcomes.png","datePublished":"2017-06-12T15:30:34+00:00","dateModified":"2024-02-14T22:06:39+00:00","breadcrumb":{"@id":"https:\/\/survivornet.ca\/fr\/reliez-vous\/partenaires\/consumer-advocare-network\/#breadcrumb"},"inLanguage":"fr-FR","potentialAction":[{"@type":"ReadAction","target":["https:\/\/survivornet.ca\/fr\/reliez-vous\/partenaires\/consumer-advocare-network\/"]}]},{"@type":"ImageObject","inLanguage":"fr-FR","@id":"https:\/\/survivornet.ca\/fr\/reliez-vous\/partenaires\/consumer-advocare-network\/#primaryimage","url":"https:\/\/survivornet.ca\/wp-content\/uploads\/2024\/02\/Institute-for-optimizing-health-outcomes.png","contentUrl":"https:\/\/survivornet.ca\/wp-content\/uploads\/2024\/02\/Institute-for-optimizing-health-outcomes.png","width":729,"height":256},{"@type":"BreadcrumbList","@id":"https:\/\/survivornet.ca\/fr\/reliez-vous\/partenaires\/consumer-advocare-network\/#breadcrumb","itemListElement":[{"@type":"ListItem","position":1,"name":"Home","item":"https:\/\/survivornet.ca\/fr\/"},{"@type":"ListItem","position":2,"name":"Connectez","item":"https:\/\/survivornet.ca\/fr\/reliez-vous\/"},{"@type":"ListItem","position":3,"name":"Partenaires","item":"https:\/\/survivornet.ca\/fr\/reliez-vous\/partenaires\/"},{"@type":"ListItem","position":4,"name":"Institute for Optimizing Health Outcomes"}]},{"@type":"WebSite","@id":"https:\/\/survivornet.ca\/#website","url":"https:\/\/survivornet.ca\/","name":"Canadian Cancer Survivor Network","description":"The Canadian Cancer Survivor Network was created by a group of Canadians concerned about cancer.","publisher":{"@id":"https:\/\/survivornet.ca\/#organization"},"potentialAction":[{"@type":"SearchAction","target":{"@type":"EntryPoint","urlTemplate":"https:\/\/survivornet.ca\/?s={search_term_string}"},"query-input":{"@type":"PropertyValueSpecification","valueRequired":true,"valueName":"search_term_string"}}],"inLanguage":"fr-FR"},{"@type":"Organization","@id":"https:\/\/survivornet.ca\/#organization","name":"Canadian Cancer Survivor Network","url":"https:\/\/survivornet.ca\/","logo":{"@type":"ImageObject","inLanguage":"fr-FR","@id":"https:\/\/survivornet.ca\/#\/schema\/logo\/image\/","url":"http:\/\/survivornet.ca\/wp-content\/uploads\/2016\/12\/CCSN_Logo_EN_SQUARE.png","contentUrl":"http:\/\/survivornet.ca\/wp-content\/uploads\/2016\/12\/CCSN_Logo_EN_SQUARE.png","width":1209,"height":1007,"caption":"Canadian Cancer Survivor Network"},"image":{"@id":"https:\/\/survivornet.ca\/#\/schema\/logo\/image\/"}}]}},"_links":{"self":[{"href":"https:\/\/survivornet.ca\/fr\/wp-json\/wp\/v2\/pages\/5319","targetHints":{"allow":["GET"]}}],"collection":[{"href":"https:\/\/survivornet.ca\/fr\/wp-json\/wp\/v2\/pages"}],"about":[{"href":"https:\/\/survivornet.ca\/fr\/wp-json\/wp\/v2\/types\/page"}],"author":[{"embeddable":true,"href":"https:\/\/survivornet.ca\/fr\/wp-json\/wp\/v2\/users\/2"}],"replies":[{"embeddable":true,"href":"https:\/\/survivornet.ca\/fr\/wp-json\/wp\/v2\/comments?post=5319"}],"version-history":[{"count":2,"href":"https:\/\/survivornet.ca\/fr\/wp-json\/wp\/v2\/pages\/5319\/revisions"}],"predecessor-version":[{"id":28931,"href":"https:\/\/survivornet.ca\/fr\/wp-json\/wp\/v2\/pages\/5319\/revisions\/28931"}],"up":[{"embeddable":true,"href":"https:\/\/survivornet.ca\/fr\/wp-json\/wp\/v2\/pages\/4484"}],"wp:featuredmedia":[{"embeddable":true,"href":"https:\/\/survivornet.ca\/fr\/wp-json\/wp\/v2\/media\/28913"}],"wp:attachment":[{"href":"https:\/\/survivornet.ca\/fr\/wp-json\/wp\/v2\/media?parent=5319"}],"curies":[{"name":"wp","href":"https:\/\/api.w.org\/{rel}","templated":true}]}}