{"id":5317,"date":"2017-06-12T15:27:51","date_gmt":"2017-06-12T15:27:51","guid":{"rendered":"https:\/\/survivornet.ca\/?page_id=5317\/"},"modified":"2024-08-07T11:53:19","modified_gmt":"2024-08-07T15:53:19","slug":"la-societe-canadienne-du-cancer-carcinoide-neuroendocrinien-scccne-du-canada","status":"publish","type":"page","link":"https:\/\/survivornet.ca\/fr\/reliez-vous\/partenaires\/la-societe-canadienne-du-cancer-carcinoide-neuroendocrinien-scccne-du-canada\/","title":{"rendered":"La Soci\u00e9t\u00e9 Canadienne des tumeurs neuroendocrines (STCNE)"},"content":{"rendered":"<p><img decoding=\"async\" src=\"http:\/\/old.survivornet.ca\/uploads\/images\/CNETS%20-%20logo.jpg\" alt=\"\" \/><img loading=\"lazy\" decoding=\"async\" class=\"aligncenter wp-image-29834\" src=\"http:\/\/survivornet.ca\/wp-content\/uploads\/2024\/02\/CNETS-logo.png\" alt=\"\" width=\"520\" height=\"151\" \/><\/p>\n<p>La Soci\u00e9t\u00e9 Canadienne des tumeurs neuroendocrines (STCNE) est un organisme b\u00e9n\u00e9vole canadien \u00e9tabli en 2008.<\/p>\n<p>Les deux premiers projets ont \u00e9t\u00e9 pr\u00e9sent\u00e9s \u00e0 notre Conf\u00e9rence internationale pour les professionnels m\u00e9dicaux et les patients de 2012 se tenant \u00e0 Ottawa.<\/p>\n<p>Notre conseil administratif est compos\u00e9 de 10 personnes \u00e0 travers le Canada, et comprend des professionnels m\u00e9dicaux, et l\u2019adh\u00e9sion de 20 groupes de soutien membres ou de membres responsables de groupes de soutien.<\/p>\n<p><strong>Notre mission<\/strong><\/p>\n<p>De b\u00e2tir ensemble vers la gu\u00e9rison des tumeurs neuroendocrines (TNE) et des cancers gr\u00e2ce \u00e0 la recherche, l&#8217;\u00e9ducation, de sensibilisation et le soutien.<\/p>\n<p><strong>Notre vision<\/strong><\/p>\n<p>Sensibiliser les patients, le grand public et les communaut\u00e9s m\u00e9dicales et de recherche sur les tumeurs neuroendocrines en leur offrant un soutien bien inform\u00e9 sur les options de gestion et de traitement \u00e0 tous ceux concern\u00e9s par les TNE; et en supportant la recherche ax\u00e9e sur les TNE et de meilleures pratiques de gestion clinique qui permettront d&#8217;atteindre l&#8217;objectif ultime d&#8217;un diagnostic pr\u00e9coce exact et d\u2019un meilleur traitement possible pour les patients atteints de TNE.<\/p>\n<p><strong>Recherche<\/strong><\/p>\n<p>Nous avons deux initiatives de recherche en cours en partenariat avec la Soci\u00e9t\u00e9 de recherche sur le cancer, www.src-crs.ca et nous annoncerons prochainement une troisi\u00e8me initiative.<\/p>\n<p><strong>\u00c9ducation<\/strong><\/p>\n<p>Nous avons produit les DVDs de huit conf\u00e9rences patient-m\u00e9decin depuis 2007. Nos groupes de soutien \u00e0 travers le Canada offre du soutien et de l\u2019information sur le cancer incluant comment obtenir une r\u00e9f\u00e9rence vers une \u00e9quipe du site neuroendocrine. Nous apprenons au sujet des traitements au Canada ainsi que sur les meilleures pratiques \u00e0 travers le monde. Notre conf\u00e9rence \u00e0 Ottawa fut un r\u00e9el succ\u00e8s et le programme qui refl\u00e8te tout ce que les patients pensent est attach\u00e9.<\/p>\n<p><strong>Sensibilisation et soutien<\/strong><\/p>\n<p>Notre cancer vit une invisibilit\u00e9 extr\u00eame. Nous n\u2019avons pas de nom sur presque toutes les listes de cancer, sauf sur celle de la Soci\u00e9t\u00e9 de recherche sur le cancer qui nous inclut sous le nom de cancer neuroendocrinien. Nous nous retrouvons sous la section \u00abautres endocriniens\u00a0\u00bb dans l\u2019Encyclop\u00e9die canadienne du cancer et sous \u00ab\u00a0gastro-intestinal\u00a0\u00bb dans les h\u00f4pitaux. Aucun des deux termes n\u2019est ad\u00e9quat. Nous faisons de notre mieux pour appara\u00eetre dans les m\u00e9dias. Steve jobs avait notre cancer, mais des millions de gens croient qu\u2019il a eu un autre type de cancer.<\/p>\n<p>Nos prochaines \u00e9tapes sont de cr\u00e9er un manuel pour patients et un conseil scientifique.<\/p>\n<p>Nous estimons qu\u2019il y a environ entre 12 00 and 15 000 patients avec des TNE au Canada. Nous faisons de notre mieux lorsqu&#8217;ils sont diagnostiqu\u00e9s et trait\u00e9s par des \u00e9quipes du cancer neuroendocrinien. Des \u00e9quipes du cancer neuroendocrinien avec une panoplie d\u2019options cliniques et de diagnostic existent en Ontario, en Alberta, et au Qu\u00e9bec. Des ententes provinciales permettent aux patients d\u2019une province qui n\u2019a pas toutes les options de traitement de se faire traiter hors de la province.<\/p>\n<p>Notre plan d&#8217;action d\u00e9crit les tumeurs neuroendocrines ou n\u00e9oplasmes neuroendocriniens, qui est un terme plus r\u00e9cent de la mani\u00e8re suivante: les n\u00e9oplasies endocriniennes (encore plus commun\u00e9ment connues sous le nom de TNE, ou tumeurs neuroendocrines) ont d\u00e9j\u00e0 \u00e9t\u00e9 mal comprises comme \u00e9tant des &#8220;tumeurs carcino\u00efdes&#8221; seulement. Ces<\/p>\n<p>Ces tumeurs relativement rares proviennent du syst\u00e8me neuroendocrinien diffus et se produisent le plus souvent dans les syst\u00e8mes bronchiques, du pancr\u00e9as, ou gastro-intestinaux, le syst\u00e8me gastro-intestinal qui repr\u00e9sente un peu plus de la moiti\u00e9 de tous les cas. Les n\u00e9oplasies endocriniennes ou\u00a0<em>Neuroendocrine neoplasms (NENs)\u00a0<\/em>repr\u00e9sentent approximativement un pour cent des cas d\u2019oncologie.<\/p>\n<p>Notre brochure \u00e0 trois volets, que nous reproduisons et distribuons nous-m\u00eames dans des h\u00f4pitaux \u00e0 travers le Canada, partage de nombreux faits. En voici quelques-uns.<\/p>\n<ul class=\"content-list\">\n<li>Les tumeurs neuroendocrines (TNE) se d\u00e9veloppent souvent lentement au fil des mois et des ann\u00e9es, mais peuvent parfois se d\u00e9velopper rapidement.<\/li>\n<li>Elles peuvent \u00eatre dormantes pendant des ann\u00e9es. Elles se m\u00e9tastasent souvent dans le foie et parfois dans l&#8217;os avant que des sympt\u00f4mes apparaissent.<\/li>\n<li>\u00c0 partir de l\u2019apparition initiale des sympt\u00f4mes, la dur\u00e9e moyenne de diagnostic appropri\u00e9 exc\u00e8de cinq ans.<\/li>\n<li>Ils sont souvent mal diagnostiqu\u00e9s parce que leurs sympt\u00f4mes imitent souvent ceux des conditions les plus courantes, comme le c\u00f4lon irritable ou la maladie de Crohn.<\/li>\n<li>Le diagnostic de ce type de cancer est complexe et requiert souvent laboratoires sophistiqu\u00e9s et des techniques de num\u00e9risation par\u00a0<em>scanner.<\/em><\/li>\n<li>Les tests important sont le 5-HIAA dans les urines dans les 24 heures pr\u00e9lev\u00e9es et la chromogranine A (CgA), un test qui mesure la production d\u2019hormones sp\u00e9cifiques aux cancers associ\u00e9s aux tumeurs neuroendocrines (TNE).<\/li>\n<li>Les TNE deviennent presque toujours malignes (canc\u00e9reuses). L&#8217;enl\u00e8vement chirurgical de tr\u00e8s petites tumeurs localis\u00e9es est la seule th\u00e9rapie curative. Avec un traitement en temps opportun, ces sympt\u00f4mes peuvent \u00eatre contr\u00f4l\u00e9s et des dommages au coeur peuvent \u00eatre pr\u00e9venus.<\/li>\n<li>C&#8217;est l\u00e0 que r\u00e9side le vrai probl\u00e8me: les patients sont trop souvent diagnostiqu\u00e9s lorsque le dommage a d\u00e9j\u00e0 \u00e9t\u00e9 fait.<\/li>\n<\/ul>\n<p>Nos marches pour le cancer associ\u00e9 aux TNE peuvent \u00eatre visionn\u00e9es sur les videos ci-dessous.<\/p>\n<p>&nbsp;<\/p>\n<div class=\"youtube\"><iframe loading=\"lazy\" src=\"http:\/\/www.youtube.com\/embed\/zeXeFRhEaRo\" width=\"560\" height=\"315\" frameborder=\"0\" allowfullscreen=\"allowfullscreen\" data-mce-fragment=\"1\"><\/iframe><\/div>\n<p>&nbsp;<\/p>\n<div class=\"youtube\"><iframe loading=\"lazy\" src=\"http:\/\/www.youtube.com\/embed\/_AO5m8iRao8\" width=\"560\" height=\"315\" frameborder=\"0\" allowfullscreen=\"allowfullscreen\" data-mce-fragment=\"1\"><\/iframe><\/div>\n<p>;feature=relmfu<\/p>\n<p>Pour en savoir plus, consultez leur <a href=\"https:\/\/cnets.ca\/\">site web<\/a>.<\/p>\n","protected":false},"excerpt":{"rendered":"<p>La Soci\u00e9t\u00e9 Canadienne des tumeurs neuroendocrines (STCNE) est un organisme b\u00e9n\u00e9vole canadien \u00e9tabli en 2008. Les deux premiers projets ont \u00e9t\u00e9 pr\u00e9sent\u00e9s \u00e0 notre Conf\u00e9rence internationale pour les professionnels m\u00e9dicaux et les<\/p>\n","protected":false},"author":2,"featured_media":29834,"parent":4484,"menu_order":20,"comment_status":"closed","ping_status":"closed","template":"","meta":{"_acf_changed":false,"footnotes":""},"class_list":["post-5317","page","type-page","status-publish","has-post-thumbnail","hentry"],"acf":[],"yoast_head":"<!-- This site is optimized with the Yoast SEO plugin v27.4 - https:\/\/yoast.com\/product\/yoast-seo-wordpress\/ -->\n<title>La Soci\u00e9t\u00e9 Canadienne des tumeurs neuroendocrines (STCNE) - Canadian Cancer Survivor Network<\/title>\n<meta name=\"robots\" content=\"index, follow, max-snippet:-1, max-image-preview:large, max-video-preview:-1\" \/>\n<link rel=\"canonical\" href=\"https:\/\/survivornet.ca\/fr\/reliez-vous\/partenaires\/la-societe-canadienne-du-cancer-carcinoide-neuroendocrinien-scccne-du-canada\/\" \/>\n<meta property=\"og:locale\" content=\"fr_FR\" \/>\n<meta property=\"og:type\" content=\"article\" \/>\n<meta property=\"og:title\" content=\"La Soci\u00e9t\u00e9 Canadienne des tumeurs neuroendocrines (STCNE) - Canadian Cancer Survivor Network\" \/>\n<meta property=\"og:description\" content=\"La Soci\u00e9t\u00e9 Canadienne des tumeurs neuroendocrines (STCNE) est un organisme b\u00e9n\u00e9vole canadien \u00e9tabli en 2008. Les deux premiers projets ont \u00e9t\u00e9 pr\u00e9sent\u00e9s \u00e0 notre Conf\u00e9rence internationale pour les professionnels m\u00e9dicaux et les\" \/>\n<meta property=\"og:url\" content=\"https:\/\/survivornet.ca\/fr\/reliez-vous\/partenaires\/la-societe-canadienne-du-cancer-carcinoide-neuroendocrinien-scccne-du-canada\/\" \/>\n<meta property=\"og:site_name\" content=\"Canadian Cancer Survivor Network\" \/>\n<meta property=\"article:modified_time\" content=\"2024-08-07T15:53:19+00:00\" \/>\n<meta property=\"og:image\" content=\"https:\/\/survivornet.ca\/wp-content\/uploads\/2024\/02\/CNETS-logo.png\" \/>\n\t<meta property=\"og:image:width\" content=\"640\" \/>\n\t<meta property=\"og:image:height\" content=\"186\" \/>\n\t<meta property=\"og:image:type\" content=\"image\/png\" \/>\n<meta name=\"twitter:card\" content=\"summary_large_image\" \/>\n<meta name=\"twitter:label1\" content=\"Dur\u00e9e de lecture estim\u00e9e\" \/>\n\t<meta name=\"twitter:data1\" content=\"5 minutes\" \/>\n<script type=\"application\/ld+json\" class=\"yoast-schema-graph\">{\"@context\":\"https:\\\/\\\/schema.org\",\"@graph\":[{\"@type\":\"WebPage\",\"@id\":\"https:\\\/\\\/survivornet.ca\\\/fr\\\/reliez-vous\\\/partenaires\\\/la-societe-canadienne-du-cancer-carcinoide-neuroendocrinien-scccne-du-canada\\\/\",\"url\":\"https:\\\/\\\/survivornet.ca\\\/fr\\\/reliez-vous\\\/partenaires\\\/la-societe-canadienne-du-cancer-carcinoide-neuroendocrinien-scccne-du-canada\\\/\",\"name\":\"La Soci\u00e9t\u00e9 Canadienne des tumeurs neuroendocrines (STCNE) - Canadian Cancer Survivor Network\",\"isPartOf\":{\"@id\":\"https:\\\/\\\/survivornet.ca\\\/#website\"},\"primaryImageOfPage\":{\"@id\":\"https:\\\/\\\/survivornet.ca\\\/fr\\\/reliez-vous\\\/partenaires\\\/la-societe-canadienne-du-cancer-carcinoide-neuroendocrinien-scccne-du-canada\\\/#primaryimage\"},\"image\":{\"@id\":\"https:\\\/\\\/survivornet.ca\\\/fr\\\/reliez-vous\\\/partenaires\\\/la-societe-canadienne-du-cancer-carcinoide-neuroendocrinien-scccne-du-canada\\\/#primaryimage\"},\"thumbnailUrl\":\"https:\\\/\\\/survivornet.ca\\\/wp-content\\\/uploads\\\/2024\\\/02\\\/CNETS-logo.png\",\"datePublished\":\"2017-06-12T15:27:51+00:00\",\"dateModified\":\"2024-08-07T15:53:19+00:00\",\"breadcrumb\":{\"@id\":\"https:\\\/\\\/survivornet.ca\\\/fr\\\/reliez-vous\\\/partenaires\\\/la-societe-canadienne-du-cancer-carcinoide-neuroendocrinien-scccne-du-canada\\\/#breadcrumb\"},\"inLanguage\":\"fr-FR\",\"potentialAction\":[{\"@type\":\"ReadAction\",\"target\":[\"https:\\\/\\\/survivornet.ca\\\/fr\\\/reliez-vous\\\/partenaires\\\/la-societe-canadienne-du-cancer-carcinoide-neuroendocrinien-scccne-du-canada\\\/\"]}]},{\"@type\":\"ImageObject\",\"inLanguage\":\"fr-FR\",\"@id\":\"https:\\\/\\\/survivornet.ca\\\/fr\\\/reliez-vous\\\/partenaires\\\/la-societe-canadienne-du-cancer-carcinoide-neuroendocrinien-scccne-du-canada\\\/#primaryimage\",\"url\":\"https:\\\/\\\/survivornet.ca\\\/wp-content\\\/uploads\\\/2024\\\/02\\\/CNETS-logo.png\",\"contentUrl\":\"https:\\\/\\\/survivornet.ca\\\/wp-content\\\/uploads\\\/2024\\\/02\\\/CNETS-logo.png\",\"width\":640,\"height\":186},{\"@type\":\"BreadcrumbList\",\"@id\":\"https:\\\/\\\/survivornet.ca\\\/fr\\\/reliez-vous\\\/partenaires\\\/la-societe-canadienne-du-cancer-carcinoide-neuroendocrinien-scccne-du-canada\\\/#breadcrumb\",\"itemListElement\":[{\"@type\":\"ListItem\",\"position\":1,\"name\":\"Home\",\"item\":\"https:\\\/\\\/survivornet.ca\\\/fr\\\/\"},{\"@type\":\"ListItem\",\"position\":2,\"name\":\"Connectez\",\"item\":\"https:\\\/\\\/survivornet.ca\\\/fr\\\/reliez-vous\\\/\"},{\"@type\":\"ListItem\",\"position\":3,\"name\":\"Partenaires\",\"item\":\"https:\\\/\\\/survivornet.ca\\\/fr\\\/reliez-vous\\\/partenaires\\\/\"},{\"@type\":\"ListItem\",\"position\":4,\"name\":\"La Soci\u00e9t\u00e9 Canadienne des tumeurs neuroendocrines (STCNE)\"}]},{\"@type\":\"WebSite\",\"@id\":\"https:\\\/\\\/survivornet.ca\\\/#website\",\"url\":\"https:\\\/\\\/survivornet.ca\\\/\",\"name\":\"Canadian Cancer Survivor Network\",\"description\":\"The Canadian Cancer Survivor Network was created by a group of Canadians concerned about cancer.\",\"publisher\":{\"@id\":\"https:\\\/\\\/survivornet.ca\\\/#organization\"},\"potentialAction\":[{\"@type\":\"SearchAction\",\"target\":{\"@type\":\"EntryPoint\",\"urlTemplate\":\"https:\\\/\\\/survivornet.ca\\\/?s={search_term_string}\"},\"query-input\":{\"@type\":\"PropertyValueSpecification\",\"valueRequired\":true,\"valueName\":\"search_term_string\"}}],\"inLanguage\":\"fr-FR\"},{\"@type\":\"Organization\",\"@id\":\"https:\\\/\\\/survivornet.ca\\\/#organization\",\"name\":\"Canadian Cancer Survivor Network\",\"url\":\"https:\\\/\\\/survivornet.ca\\\/\",\"logo\":{\"@type\":\"ImageObject\",\"inLanguage\":\"fr-FR\",\"@id\":\"https:\\\/\\\/survivornet.ca\\\/#\\\/schema\\\/logo\\\/image\\\/\",\"url\":\"http:\\\/\\\/survivornet.ca\\\/wp-content\\\/uploads\\\/2016\\\/12\\\/CCSN_Logo_EN_SQUARE.png\",\"contentUrl\":\"http:\\\/\\\/survivornet.ca\\\/wp-content\\\/uploads\\\/2016\\\/12\\\/CCSN_Logo_EN_SQUARE.png\",\"width\":1209,\"height\":1007,\"caption\":\"Canadian Cancer Survivor Network\"},\"image\":{\"@id\":\"https:\\\/\\\/survivornet.ca\\\/#\\\/schema\\\/logo\\\/image\\\/\"}}]}<\/script>\n<!-- \/ Yoast SEO plugin. -->","yoast_head_json":{"title":"La Soci\u00e9t\u00e9 Canadienne des tumeurs neuroendocrines (STCNE) - Canadian Cancer Survivor Network","robots":{"index":"index","follow":"follow","max-snippet":"max-snippet:-1","max-image-preview":"max-image-preview:large","max-video-preview":"max-video-preview:-1"},"canonical":"https:\/\/survivornet.ca\/fr\/reliez-vous\/partenaires\/la-societe-canadienne-du-cancer-carcinoide-neuroendocrinien-scccne-du-canada\/","og_locale":"fr_FR","og_type":"article","og_title":"La Soci\u00e9t\u00e9 Canadienne des tumeurs neuroendocrines (STCNE) - Canadian Cancer Survivor Network","og_description":"La Soci\u00e9t\u00e9 Canadienne des tumeurs neuroendocrines (STCNE) est un organisme b\u00e9n\u00e9vole canadien \u00e9tabli en 2008. Les deux premiers projets ont \u00e9t\u00e9 pr\u00e9sent\u00e9s \u00e0 notre Conf\u00e9rence internationale pour les professionnels m\u00e9dicaux et les","og_url":"https:\/\/survivornet.ca\/fr\/reliez-vous\/partenaires\/la-societe-canadienne-du-cancer-carcinoide-neuroendocrinien-scccne-du-canada\/","og_site_name":"Canadian Cancer Survivor Network","article_modified_time":"2024-08-07T15:53:19+00:00","og_image":[{"width":640,"height":186,"url":"https:\/\/survivornet.ca\/wp-content\/uploads\/2024\/02\/CNETS-logo.png","type":"image\/png"}],"twitter_card":"summary_large_image","twitter_misc":{"Dur\u00e9e de lecture estim\u00e9e":"5 minutes"},"schema":{"@context":"https:\/\/schema.org","@graph":[{"@type":"WebPage","@id":"https:\/\/survivornet.ca\/fr\/reliez-vous\/partenaires\/la-societe-canadienne-du-cancer-carcinoide-neuroendocrinien-scccne-du-canada\/","url":"https:\/\/survivornet.ca\/fr\/reliez-vous\/partenaires\/la-societe-canadienne-du-cancer-carcinoide-neuroendocrinien-scccne-du-canada\/","name":"La Soci\u00e9t\u00e9 Canadienne des tumeurs neuroendocrines (STCNE) - Canadian Cancer Survivor Network","isPartOf":{"@id":"https:\/\/survivornet.ca\/#website"},"primaryImageOfPage":{"@id":"https:\/\/survivornet.ca\/fr\/reliez-vous\/partenaires\/la-societe-canadienne-du-cancer-carcinoide-neuroendocrinien-scccne-du-canada\/#primaryimage"},"image":{"@id":"https:\/\/survivornet.ca\/fr\/reliez-vous\/partenaires\/la-societe-canadienne-du-cancer-carcinoide-neuroendocrinien-scccne-du-canada\/#primaryimage"},"thumbnailUrl":"https:\/\/survivornet.ca\/wp-content\/uploads\/2024\/02\/CNETS-logo.png","datePublished":"2017-06-12T15:27:51+00:00","dateModified":"2024-08-07T15:53:19+00:00","breadcrumb":{"@id":"https:\/\/survivornet.ca\/fr\/reliez-vous\/partenaires\/la-societe-canadienne-du-cancer-carcinoide-neuroendocrinien-scccne-du-canada\/#breadcrumb"},"inLanguage":"fr-FR","potentialAction":[{"@type":"ReadAction","target":["https:\/\/survivornet.ca\/fr\/reliez-vous\/partenaires\/la-societe-canadienne-du-cancer-carcinoide-neuroendocrinien-scccne-du-canada\/"]}]},{"@type":"ImageObject","inLanguage":"fr-FR","@id":"https:\/\/survivornet.ca\/fr\/reliez-vous\/partenaires\/la-societe-canadienne-du-cancer-carcinoide-neuroendocrinien-scccne-du-canada\/#primaryimage","url":"https:\/\/survivornet.ca\/wp-content\/uploads\/2024\/02\/CNETS-logo.png","contentUrl":"https:\/\/survivornet.ca\/wp-content\/uploads\/2024\/02\/CNETS-logo.png","width":640,"height":186},{"@type":"BreadcrumbList","@id":"https:\/\/survivornet.ca\/fr\/reliez-vous\/partenaires\/la-societe-canadienne-du-cancer-carcinoide-neuroendocrinien-scccne-du-canada\/#breadcrumb","itemListElement":[{"@type":"ListItem","position":1,"name":"Home","item":"https:\/\/survivornet.ca\/fr\/"},{"@type":"ListItem","position":2,"name":"Connectez","item":"https:\/\/survivornet.ca\/fr\/reliez-vous\/"},{"@type":"ListItem","position":3,"name":"Partenaires","item":"https:\/\/survivornet.ca\/fr\/reliez-vous\/partenaires\/"},{"@type":"ListItem","position":4,"name":"La Soci\u00e9t\u00e9 Canadienne des tumeurs neuroendocrines (STCNE)"}]},{"@type":"WebSite","@id":"https:\/\/survivornet.ca\/#website","url":"https:\/\/survivornet.ca\/","name":"Canadian Cancer Survivor Network","description":"The Canadian Cancer Survivor Network was created by a group of Canadians concerned about cancer.","publisher":{"@id":"https:\/\/survivornet.ca\/#organization"},"potentialAction":[{"@type":"SearchAction","target":{"@type":"EntryPoint","urlTemplate":"https:\/\/survivornet.ca\/?s={search_term_string}"},"query-input":{"@type":"PropertyValueSpecification","valueRequired":true,"valueName":"search_term_string"}}],"inLanguage":"fr-FR"},{"@type":"Organization","@id":"https:\/\/survivornet.ca\/#organization","name":"Canadian Cancer Survivor Network","url":"https:\/\/survivornet.ca\/","logo":{"@type":"ImageObject","inLanguage":"fr-FR","@id":"https:\/\/survivornet.ca\/#\/schema\/logo\/image\/","url":"http:\/\/survivornet.ca\/wp-content\/uploads\/2016\/12\/CCSN_Logo_EN_SQUARE.png","contentUrl":"http:\/\/survivornet.ca\/wp-content\/uploads\/2016\/12\/CCSN_Logo_EN_SQUARE.png","width":1209,"height":1007,"caption":"Canadian Cancer Survivor Network"},"image":{"@id":"https:\/\/survivornet.ca\/#\/schema\/logo\/image\/"}}]}},"_links":{"self":[{"href":"https:\/\/survivornet.ca\/fr\/wp-json\/wp\/v2\/pages\/5317","targetHints":{"allow":["GET"]}}],"collection":[{"href":"https:\/\/survivornet.ca\/fr\/wp-json\/wp\/v2\/pages"}],"about":[{"href":"https:\/\/survivornet.ca\/fr\/wp-json\/wp\/v2\/types\/page"}],"author":[{"embeddable":true,"href":"https:\/\/survivornet.ca\/fr\/wp-json\/wp\/v2\/users\/2"}],"replies":[{"embeddable":true,"href":"https:\/\/survivornet.ca\/fr\/wp-json\/wp\/v2\/comments?post=5317"}],"version-history":[{"count":3,"href":"https:\/\/survivornet.ca\/fr\/wp-json\/wp\/v2\/pages\/5317\/revisions"}],"predecessor-version":[{"id":30678,"href":"https:\/\/survivornet.ca\/fr\/wp-json\/wp\/v2\/pages\/5317\/revisions\/30678"}],"up":[{"embeddable":true,"href":"https:\/\/survivornet.ca\/fr\/wp-json\/wp\/v2\/pages\/4484"}],"wp:featuredmedia":[{"embeddable":true,"href":"https:\/\/survivornet.ca\/fr\/wp-json\/wp\/v2\/media\/29834"}],"wp:attachment":[{"href":"https:\/\/survivornet.ca\/fr\/wp-json\/wp\/v2\/media?parent=5317"}],"curies":[{"name":"wp","href":"https:\/\/api.w.org\/{rel}","templated":true}]}}