{"id":5313,"date":"2017-06-12T15:24:29","date_gmt":"2017-06-12T15:24:29","guid":{"rendered":"https:\/\/survivornet.ca\/?page_id=5313\/"},"modified":"2017-06-29T14:53:07","modified_gmt":"2017-06-29T14:53:07","slug":"canadian-psychosocial-oncology-partners","status":"publish","type":"page","link":"https:\/\/survivornet.ca\/fr\/reliez-vous\/partenaires\/canadian-psychosocial-oncology-partners\/","title":{"rendered":"Canadian Psychosocial Oncology Partners"},"content":{"rendered":"<p><img decoding=\"async\" class=\"alignleft\" src=\"http:\/\/old.survivornet.ca\/uploads\/images\/CPOP%20logo.bmp\" alt=\"\" \/><\/p>\n<p>L\u2019association <em>Canadian Psychosocial Oncology Partnership<\/em> a initialement \u00e9t\u00e9 d\u00e9velopp\u00e9e \u00e0 partir d&#8217;une r\u00e9union tenue en 2006 dans le cadre de la conf\u00e9rence annuelle de la <em>Canadian Association for Psychosocial Oncology (CAPO).<\/em> Lors de cette r\u00e9union, des repr\u00e9sentants de 11 organisations communautaires se sont r\u00e9unis avec des repr\u00e9sentants de la CAPO afin de discuter des fa\u00e7ons dont elle pourrait les soutenir.<\/p>\n<p>&nbsp;<\/p>\n<p>Le consensus de cette premi\u00e8re r\u00e9union fut la n\u00e9cessit\u00e9 de d\u00e9velopper:<\/p>\n<ol class=\"content-list\">\n<li>Des m\u00e9canismes de partage d\u2019information (ressources \u00e9lectroniques, ateliers et sessions de formation).<\/li>\n<li>Des normes uniformes (comme examiner et approuver les mat\u00e9riels p\u00e9dagogiques, \u00e9laborer d&#8217;un programme normalis\u00e9 pour les b\u00e9n\u00e9voles).<\/li>\n<li>Un processus de collaboration en recherche et l\u2019application des connaissances (par exemple par la mise en \u0153uvre des r\u00e9sultats de recherche sur le plan pratique).<\/li>\n<\/ol>\n<p>Au cours d&#8217;une s\u00e9rie de trois ateliers annuels organis\u00e9s au CAPO em 2007, 2008 et 2009, les d\u00e9cideurs ont d\u00e9cid\u00e9 de cr\u00e9er la <em>Canadian Psychosocial Oncology Partners (CPOP)<\/em> afin de travailler avec elle dans la r\u00e9alisation de ces objectifs. Ces ateliers continueront d&#8217;\u00eatre organis\u00e9es chaque ann\u00e9e au CAPO pour poursuive ce travail. Les rapports faits sur chaque atelier sont disponibles sur le site de la CPOP.<\/p>\n<p><img decoding=\"async\" class=\"left alignleft\" src=\"http:\/\/old.survivornet.ca\/uploads\/images\/CPOP%20photo.jpg\" alt=\"\" \/>L\u2019une des premi\u00e8res initiatives cl\u00e9s des rencontres de la CPOP fut le d\u00e9veloppement de <em>CPOPonline<\/em> comme ressource en ligne pour faciliter le travail des professionnels et administrateurs de la sant\u00e9, des organismes communautaires, et des chercheurs travaillant ensemble.<\/p>\n<p>Ce site web est le produit n\u00e9 de la cr\u00e9ation du projet <em>Creating a Psychosocial Oncology Community of Practice Website for Information Sharing, <\/em>une initiative commune \u00e0 CAPO, aux dirigeants des organisations communautaires contre le cancer, et \u00e0 la <em>Canadian Psychosocial Oncology Partners (CPOP). <\/em>Les objectifs principaux de ce site web sont d\u2019impl\u00e9menter la vision de soins psychosociaux pour le cancer sans faille, de relations de travail d\u2019\u00e9quipe entre ses utilisateurs, et du d\u00e9veloppement d\u2019une communaut\u00e9 durable favorisant l&#8217;\u00e9change de connaissances sur les soins psychosociaux pour le cancer.<\/p>\n<p><a href=\"http:\/\/www.cpoponline.ca\/\" target=\"_blank\" rel=\"noopener noreferrer\">Canadian Psychosocial Oncology Partnership<\/a><\/p>\n","protected":false},"excerpt":{"rendered":"<p>L\u2019association Canadian Psychosocial Oncology Partnership a initialement \u00e9t\u00e9 d\u00e9velopp\u00e9e \u00e0 partir d&#8217;une r\u00e9union tenue en 2006 dans le cadre de la conf\u00e9rence annuelle de la Canadian Association for Psychosocial Oncology (CAPO). Lors<\/p>\n","protected":false},"author":2,"featured_media":5851,"parent":4484,"menu_order":16,"comment_status":"closed","ping_status":"closed","template":"","meta":{"_acf_changed":false,"footnotes":""},"class_list":["post-5313","page","type-page","status-publish","has-post-thumbnail","hentry"],"acf":[],"yoast_head":"<!-- This site is optimized with the Yoast SEO plugin v27.4 - https:\/\/yoast.com\/product\/yoast-seo-wordpress\/ -->\n<title>Canadian Psychosocial Oncology Partners - Canadian Cancer Survivor Network<\/title>\n<meta name=\"robots\" content=\"index, follow, max-snippet:-1, max-image-preview:large, max-video-preview:-1\" \/>\n<link rel=\"canonical\" href=\"https:\/\/survivornet.ca\/connect\/partners\/canadian-psychosocial-oncology-partners\/\" \/>\n<meta property=\"og:locale\" content=\"fr_FR\" \/>\n<meta property=\"og:type\" content=\"article\" \/>\n<meta property=\"og:title\" content=\"Canadian Psychosocial Oncology Partners - Canadian Cancer Survivor Network\" \/>\n<meta property=\"og:description\" content=\"L\u2019association Canadian Psychosocial Oncology Partnership a initialement \u00e9t\u00e9 d\u00e9velopp\u00e9e \u00e0 partir d&#8217;une r\u00e9union tenue en 2006 dans le cadre de la conf\u00e9rence annuelle de la Canadian Association for Psychosocial Oncology (CAPO). Lors\" \/>\n<meta property=\"og:url\" content=\"https:\/\/survivornet.ca\/connect\/partners\/canadian-psychosocial-oncology-partners\/\" \/>\n<meta property=\"og:site_name\" content=\"Canadian Cancer Survivor Network\" \/>\n<meta property=\"article:modified_time\" content=\"2017-06-29T14:53:07+00:00\" \/>\n<meta name=\"twitter:card\" content=\"summary_large_image\" \/>\n<meta name=\"twitter:label1\" content=\"Dur\u00e9e de lecture estim\u00e9e\" \/>\n\t<meta name=\"twitter:data1\" content=\"2 minutes\" \/>\n<script type=\"application\/ld+json\" class=\"yoast-schema-graph\">{\"@context\":\"https:\\\/\\\/schema.org\",\"@graph\":[{\"@type\":\"WebPage\",\"@id\":\"https:\\\/\\\/survivornet.ca\\\/connect\\\/partners\\\/canadian-psychosocial-oncology-partners\\\/\",\"url\":\"https:\\\/\\\/survivornet.ca\\\/connect\\\/partners\\\/canadian-psychosocial-oncology-partners\\\/\",\"name\":\"Canadian Psychosocial Oncology Partners - Canadian Cancer Survivor Network\",\"isPartOf\":{\"@id\":\"https:\\\/\\\/survivornet.ca\\\/#website\"},\"primaryImageOfPage\":{\"@id\":\"https:\\\/\\\/survivornet.ca\\\/connect\\\/partners\\\/canadian-psychosocial-oncology-partners\\\/#primaryimage\"},\"image\":{\"@id\":\"https:\\\/\\\/survivornet.ca\\\/connect\\\/partners\\\/canadian-psychosocial-oncology-partners\\\/#primaryimage\"},\"thumbnailUrl\":\"https:\\\/\\\/survivornet.ca\\\/wp-content\\\/uploads\\\/2017\\\/06\\\/CPOP-logo.bmp\",\"datePublished\":\"2017-06-12T15:24:29+00:00\",\"dateModified\":\"2017-06-29T14:53:07+00:00\",\"breadcrumb\":{\"@id\":\"https:\\\/\\\/survivornet.ca\\\/connect\\\/partners\\\/canadian-psychosocial-oncology-partners\\\/#breadcrumb\"},\"inLanguage\":\"fr-FR\",\"potentialAction\":[{\"@type\":\"ReadAction\",\"target\":[\"https:\\\/\\\/survivornet.ca\\\/connect\\\/partners\\\/canadian-psychosocial-oncology-partners\\\/\"]}]},{\"@type\":\"ImageObject\",\"inLanguage\":\"fr-FR\",\"@id\":\"https:\\\/\\\/survivornet.ca\\\/connect\\\/partners\\\/canadian-psychosocial-oncology-partners\\\/#primaryimage\",\"url\":\"https:\\\/\\\/survivornet.ca\\\/wp-content\\\/uploads\\\/2017\\\/06\\\/CPOP-logo.bmp\",\"contentUrl\":\"https:\\\/\\\/survivornet.ca\\\/wp-content\\\/uploads\\\/2017\\\/06\\\/CPOP-logo.bmp\",\"width\":270,\"height\":170},{\"@type\":\"BreadcrumbList\",\"@id\":\"https:\\\/\\\/survivornet.ca\\\/connect\\\/partners\\\/canadian-psychosocial-oncology-partners\\\/#breadcrumb\",\"itemListElement\":[{\"@type\":\"ListItem\",\"position\":1,\"name\":\"Home\",\"item\":\"https:\\\/\\\/survivornet.ca\\\/fr\\\/\"},{\"@type\":\"ListItem\",\"position\":2,\"name\":\"Connectez\",\"item\":\"https:\\\/\\\/survivornet.ca\\\/fr\\\/reliez-vous\\\/\"},{\"@type\":\"ListItem\",\"position\":3,\"name\":\"Partenaires\",\"item\":\"https:\\\/\\\/survivornet.ca\\\/fr\\\/reliez-vous\\\/partenaires\\\/\"},{\"@type\":\"ListItem\",\"position\":4,\"name\":\"Canadian Psychosocial Oncology Partners\"}]},{\"@type\":\"WebSite\",\"@id\":\"https:\\\/\\\/survivornet.ca\\\/#website\",\"url\":\"https:\\\/\\\/survivornet.ca\\\/\",\"name\":\"Canadian Cancer Survivor Network\",\"description\":\"The Canadian Cancer Survivor Network was created by a group of Canadians concerned about cancer.\",\"publisher\":{\"@id\":\"https:\\\/\\\/survivornet.ca\\\/#organization\"},\"potentialAction\":[{\"@type\":\"SearchAction\",\"target\":{\"@type\":\"EntryPoint\",\"urlTemplate\":\"https:\\\/\\\/survivornet.ca\\\/?s={search_term_string}\"},\"query-input\":{\"@type\":\"PropertyValueSpecification\",\"valueRequired\":true,\"valueName\":\"search_term_string\"}}],\"inLanguage\":\"fr-FR\"},{\"@type\":\"Organization\",\"@id\":\"https:\\\/\\\/survivornet.ca\\\/#organization\",\"name\":\"Canadian Cancer Survivor Network\",\"url\":\"https:\\\/\\\/survivornet.ca\\\/\",\"logo\":{\"@type\":\"ImageObject\",\"inLanguage\":\"fr-FR\",\"@id\":\"https:\\\/\\\/survivornet.ca\\\/#\\\/schema\\\/logo\\\/image\\\/\",\"url\":\"http:\\\/\\\/survivornet.ca\\\/wp-content\\\/uploads\\\/2016\\\/12\\\/CCSN_Logo_EN_SQUARE.png\",\"contentUrl\":\"http:\\\/\\\/survivornet.ca\\\/wp-content\\\/uploads\\\/2016\\\/12\\\/CCSN_Logo_EN_SQUARE.png\",\"width\":1209,\"height\":1007,\"caption\":\"Canadian Cancer Survivor Network\"},\"image\":{\"@id\":\"https:\\\/\\\/survivornet.ca\\\/#\\\/schema\\\/logo\\\/image\\\/\"}}]}<\/script>\n<!-- \/ Yoast SEO plugin. -->","yoast_head_json":{"title":"Canadian Psychosocial Oncology Partners - Canadian Cancer Survivor Network","robots":{"index":"index","follow":"follow","max-snippet":"max-snippet:-1","max-image-preview":"max-image-preview:large","max-video-preview":"max-video-preview:-1"},"canonical":"https:\/\/survivornet.ca\/connect\/partners\/canadian-psychosocial-oncology-partners\/","og_locale":"fr_FR","og_type":"article","og_title":"Canadian Psychosocial Oncology Partners - Canadian Cancer Survivor Network","og_description":"L\u2019association Canadian Psychosocial Oncology Partnership a initialement \u00e9t\u00e9 d\u00e9velopp\u00e9e \u00e0 partir d&#8217;une r\u00e9union tenue en 2006 dans le cadre de la conf\u00e9rence annuelle de la Canadian Association for Psychosocial Oncology (CAPO). Lors","og_url":"https:\/\/survivornet.ca\/connect\/partners\/canadian-psychosocial-oncology-partners\/","og_site_name":"Canadian Cancer Survivor Network","article_modified_time":"2017-06-29T14:53:07+00:00","twitter_card":"summary_large_image","twitter_misc":{"Dur\u00e9e de lecture estim\u00e9e":"2 minutes"},"schema":{"@context":"https:\/\/schema.org","@graph":[{"@type":"WebPage","@id":"https:\/\/survivornet.ca\/connect\/partners\/canadian-psychosocial-oncology-partners\/","url":"https:\/\/survivornet.ca\/connect\/partners\/canadian-psychosocial-oncology-partners\/","name":"Canadian Psychosocial Oncology Partners - Canadian Cancer Survivor Network","isPartOf":{"@id":"https:\/\/survivornet.ca\/#website"},"primaryImageOfPage":{"@id":"https:\/\/survivornet.ca\/connect\/partners\/canadian-psychosocial-oncology-partners\/#primaryimage"},"image":{"@id":"https:\/\/survivornet.ca\/connect\/partners\/canadian-psychosocial-oncology-partners\/#primaryimage"},"thumbnailUrl":"https:\/\/survivornet.ca\/wp-content\/uploads\/2017\/06\/CPOP-logo.bmp","datePublished":"2017-06-12T15:24:29+00:00","dateModified":"2017-06-29T14:53:07+00:00","breadcrumb":{"@id":"https:\/\/survivornet.ca\/connect\/partners\/canadian-psychosocial-oncology-partners\/#breadcrumb"},"inLanguage":"fr-FR","potentialAction":[{"@type":"ReadAction","target":["https:\/\/survivornet.ca\/connect\/partners\/canadian-psychosocial-oncology-partners\/"]}]},{"@type":"ImageObject","inLanguage":"fr-FR","@id":"https:\/\/survivornet.ca\/connect\/partners\/canadian-psychosocial-oncology-partners\/#primaryimage","url":"https:\/\/survivornet.ca\/wp-content\/uploads\/2017\/06\/CPOP-logo.bmp","contentUrl":"https:\/\/survivornet.ca\/wp-content\/uploads\/2017\/06\/CPOP-logo.bmp","width":270,"height":170},{"@type":"BreadcrumbList","@id":"https:\/\/survivornet.ca\/connect\/partners\/canadian-psychosocial-oncology-partners\/#breadcrumb","itemListElement":[{"@type":"ListItem","position":1,"name":"Home","item":"https:\/\/survivornet.ca\/fr\/"},{"@type":"ListItem","position":2,"name":"Connectez","item":"https:\/\/survivornet.ca\/fr\/reliez-vous\/"},{"@type":"ListItem","position":3,"name":"Partenaires","item":"https:\/\/survivornet.ca\/fr\/reliez-vous\/partenaires\/"},{"@type":"ListItem","position":4,"name":"Canadian Psychosocial Oncology Partners"}]},{"@type":"WebSite","@id":"https:\/\/survivornet.ca\/#website","url":"https:\/\/survivornet.ca\/","name":"Canadian Cancer Survivor Network","description":"The Canadian Cancer Survivor Network was created by a group of Canadians concerned about cancer.","publisher":{"@id":"https:\/\/survivornet.ca\/#organization"},"potentialAction":[{"@type":"SearchAction","target":{"@type":"EntryPoint","urlTemplate":"https:\/\/survivornet.ca\/?s={search_term_string}"},"query-input":{"@type":"PropertyValueSpecification","valueRequired":true,"valueName":"search_term_string"}}],"inLanguage":"fr-FR"},{"@type":"Organization","@id":"https:\/\/survivornet.ca\/#organization","name":"Canadian Cancer Survivor Network","url":"https:\/\/survivornet.ca\/","logo":{"@type":"ImageObject","inLanguage":"fr-FR","@id":"https:\/\/survivornet.ca\/#\/schema\/logo\/image\/","url":"http:\/\/survivornet.ca\/wp-content\/uploads\/2016\/12\/CCSN_Logo_EN_SQUARE.png","contentUrl":"http:\/\/survivornet.ca\/wp-content\/uploads\/2016\/12\/CCSN_Logo_EN_SQUARE.png","width":1209,"height":1007,"caption":"Canadian Cancer Survivor Network"},"image":{"@id":"https:\/\/survivornet.ca\/#\/schema\/logo\/image\/"}}]}},"_links":{"self":[{"href":"https:\/\/survivornet.ca\/fr\/wp-json\/wp\/v2\/pages\/5313","targetHints":{"allow":["GET"]}}],"collection":[{"href":"https:\/\/survivornet.ca\/fr\/wp-json\/wp\/v2\/pages"}],"about":[{"href":"https:\/\/survivornet.ca\/fr\/wp-json\/wp\/v2\/types\/page"}],"author":[{"embeddable":true,"href":"https:\/\/survivornet.ca\/fr\/wp-json\/wp\/v2\/users\/2"}],"replies":[{"embeddable":true,"href":"https:\/\/survivornet.ca\/fr\/wp-json\/wp\/v2\/comments?post=5313"}],"version-history":[{"count":0,"href":"https:\/\/survivornet.ca\/fr\/wp-json\/wp\/v2\/pages\/5313\/revisions"}],"up":[{"embeddable":true,"href":"https:\/\/survivornet.ca\/fr\/wp-json\/wp\/v2\/pages\/4484"}],"wp:featuredmedia":[{"embeddable":true,"href":"https:\/\/survivornet.ca\/fr\/wp-json\/wp\/v2\/media\/5851"}],"wp:attachment":[{"href":"https:\/\/survivornet.ca\/fr\/wp-json\/wp\/v2\/media?parent=5313"}],"curies":[{"name":"wp","href":"https:\/\/api.w.org\/{rel}","templated":true}]}}