{"id":5311,"date":"2017-06-12T15:21:44","date_gmt":"2017-06-12T15:21:44","guid":{"rendered":"https:\/\/survivornet.ca\/?page_id=5311\/"},"modified":"2024-08-07T11:45:06","modified_gmt":"2024-08-07T15:45:06","slug":"canadian-melanoma-foundation","status":"publish","type":"page","link":"https:\/\/survivornet.ca\/fr\/reliez-vous\/partenaires\/canadian-melanoma-foundation\/","title":{"rendered":"M\u00e9lanome Canada"},"content":{"rendered":"<p>&nbsp;<\/p>\n<p><b><strong><img loading=\"lazy\" decoding=\"async\" class=\"aligncenter  wp-image-30673\" src=\"http:\/\/survivornet.ca\/wp-content\/uploads\/2024\/08\/Melanome-Canada-gros-plan.png\" alt=\"\" width=\"382\" height=\"112\" srcset=\"https:\/\/survivornet.ca\/wp-content\/uploads\/2024\/08\/Melanome-Canada-gros-plan.png 904w, https:\/\/survivornet.ca\/wp-content\/uploads\/2024\/08\/Melanome-Canada-gros-plan-768x225.png 768w\" sizes=\"auto, (max-width: 382px) 100vw, 382px\" \/><\/strong><\/b><\/p>\n<div>\n<p>M\u00e9lanome Canada, anciennement R\u00e9seau m\u00e9lanome Canada, a \u00e9t\u00e9 fond\u00e9 en 2009 par un trio de survivants du m\u00e9lanome et de soignants?: Annette Cyr, trois fois survivante, Jo Anne Adams, survivante et Terra Deeth, aidante. Nous comprenons l\u2019impact qu\u2019un diagnostic de m\u00e9lanome ou de cancer de la peau peut avoir sur une personne, une famille et une communaut\u00e9, car nous sommes pass\u00e9es par l\u00e0.<\/p>\n<p><strong><span style=\"text-decoration: underline;\">Mission<br \/>\n<\/span><\/strong>M\u00e9lanome Canada d\u00e9fend les droits des Canadiens atteints du m\u00e9lanome et du cancer de la peau et leur apporte son soutien en leur offrant des ressources utiles, de l\u2019\u00e9ducation, des services de soutien psychosocial, et plus encore.<\/p>\n<p>Pour en savoir plus, visitez leur <a href=\"https:\/\/melanomacanada.ca\/fr\/\">site web<\/a>.<\/p>\n<\/div>\n","protected":false},"excerpt":{"rendered":"<p>&nbsp; M\u00e9lanome Canada, anciennement R\u00e9seau m\u00e9lanome Canada, a \u00e9t\u00e9 fond\u00e9 en 2009 par un trio de survivants du m\u00e9lanome et de soignants?: Annette Cyr, trois fois survivante, Jo Anne Adams, survivante et<\/p>\n","protected":false},"author":2,"featured_media":30673,"parent":4484,"menu_order":15,"comment_status":"closed","ping_status":"closed","template":"","meta":{"_acf_changed":false,"footnotes":""},"class_list":["post-5311","page","type-page","status-publish","has-post-thumbnail","hentry"],"acf":[],"yoast_head":"<!-- This site is optimized with the Yoast SEO plugin v27.4 - https:\/\/yoast.com\/product\/yoast-seo-wordpress\/ -->\n<title>M\u00e9lanome Canada - Canadian Cancer Survivor Network<\/title>\n<meta name=\"robots\" content=\"index, follow, max-snippet:-1, max-image-preview:large, max-video-preview:-1\" \/>\n<link rel=\"canonical\" href=\"https:\/\/survivornet.ca\/?page_id=2108\" \/>\n<meta property=\"og:locale\" content=\"fr_FR\" \/>\n<meta property=\"og:type\" content=\"article\" \/>\n<meta property=\"og:title\" content=\"M\u00e9lanome Canada - Canadian Cancer Survivor Network\" \/>\n<meta property=\"og:description\" content=\"&nbsp; M\u00e9lanome Canada, anciennement R\u00e9seau m\u00e9lanome Canada, a \u00e9t\u00e9 fond\u00e9 en 2009 par un trio de survivants du m\u00e9lanome et de soignants?: Annette Cyr, trois fois survivante, Jo Anne Adams, survivante et\" \/>\n<meta property=\"og:url\" content=\"https:\/\/survivornet.ca\/?page_id=2108\" \/>\n<meta property=\"og:site_name\" content=\"Canadian Cancer Survivor Network\" \/>\n<meta property=\"article:modified_time\" content=\"2024-08-07T15:45:06+00:00\" \/>\n<meta property=\"og:image\" content=\"https:\/\/survivornet.ca\/wp-content\/uploads\/2024\/08\/Melanome-Canada-gros-plan.png\" \/>\n\t<meta property=\"og:image:width\" content=\"904\" \/>\n\t<meta property=\"og:image:height\" content=\"265\" \/>\n\t<meta property=\"og:image:type\" content=\"image\/png\" \/>\n<meta name=\"twitter:card\" content=\"summary_large_image\" \/>\n<meta name=\"twitter:label1\" content=\"Dur\u00e9e de lecture estim\u00e9e\" \/>\n\t<meta name=\"twitter:data1\" content=\"1 minute\" \/>\n<script type=\"application\/ld+json\" class=\"yoast-schema-graph\">{\"@context\":\"https:\\\/\\\/schema.org\",\"@graph\":[{\"@type\":\"WebPage\",\"@id\":\"https:\\\/\\\/survivornet.ca\\\/?page_id=2108\",\"url\":\"https:\\\/\\\/survivornet.ca\\\/?page_id=2108\",\"name\":\"M\u00e9lanome Canada - Canadian Cancer Survivor Network\",\"isPartOf\":{\"@id\":\"https:\\\/\\\/survivornet.ca\\\/#website\"},\"primaryImageOfPage\":{\"@id\":\"https:\\\/\\\/survivornet.ca\\\/?page_id=2108#primaryimage\"},\"image\":{\"@id\":\"https:\\\/\\\/survivornet.ca\\\/?page_id=2108#primaryimage\"},\"thumbnailUrl\":\"https:\\\/\\\/survivornet.ca\\\/wp-content\\\/uploads\\\/2024\\\/08\\\/Melanome-Canada-gros-plan.png\",\"datePublished\":\"2017-06-12T15:21:44+00:00\",\"dateModified\":\"2024-08-07T15:45:06+00:00\",\"breadcrumb\":{\"@id\":\"https:\\\/\\\/survivornet.ca\\\/?page_id=2108#breadcrumb\"},\"inLanguage\":\"fr-FR\",\"potentialAction\":[{\"@type\":\"ReadAction\",\"target\":[\"https:\\\/\\\/survivornet.ca\\\/?page_id=2108\"]}]},{\"@type\":\"ImageObject\",\"inLanguage\":\"fr-FR\",\"@id\":\"https:\\\/\\\/survivornet.ca\\\/?page_id=2108#primaryimage\",\"url\":\"https:\\\/\\\/survivornet.ca\\\/wp-content\\\/uploads\\\/2024\\\/08\\\/Melanome-Canada-gros-plan.png\",\"contentUrl\":\"https:\\\/\\\/survivornet.ca\\\/wp-content\\\/uploads\\\/2024\\\/08\\\/Melanome-Canada-gros-plan.png\",\"width\":904,\"height\":265},{\"@type\":\"BreadcrumbList\",\"@id\":\"https:\\\/\\\/survivornet.ca\\\/?page_id=2108#breadcrumb\",\"itemListElement\":[{\"@type\":\"ListItem\",\"position\":1,\"name\":\"Home\",\"item\":\"https:\\\/\\\/survivornet.ca\\\/fr\\\/\"},{\"@type\":\"ListItem\",\"position\":2,\"name\":\"Connectez\",\"item\":\"https:\\\/\\\/survivornet.ca\\\/fr\\\/reliez-vous\\\/\"},{\"@type\":\"ListItem\",\"position\":3,\"name\":\"Partenaires\",\"item\":\"https:\\\/\\\/survivornet.ca\\\/fr\\\/reliez-vous\\\/partenaires\\\/\"},{\"@type\":\"ListItem\",\"position\":4,\"name\":\"M\u00e9lanome Canada\"}]},{\"@type\":\"WebSite\",\"@id\":\"https:\\\/\\\/survivornet.ca\\\/#website\",\"url\":\"https:\\\/\\\/survivornet.ca\\\/\",\"name\":\"Canadian Cancer Survivor Network\",\"description\":\"The Canadian Cancer Survivor Network was created by a group of Canadians concerned about cancer.\",\"publisher\":{\"@id\":\"https:\\\/\\\/survivornet.ca\\\/#organization\"},\"potentialAction\":[{\"@type\":\"SearchAction\",\"target\":{\"@type\":\"EntryPoint\",\"urlTemplate\":\"https:\\\/\\\/survivornet.ca\\\/?s={search_term_string}\"},\"query-input\":{\"@type\":\"PropertyValueSpecification\",\"valueRequired\":true,\"valueName\":\"search_term_string\"}}],\"inLanguage\":\"fr-FR\"},{\"@type\":\"Organization\",\"@id\":\"https:\\\/\\\/survivornet.ca\\\/#organization\",\"name\":\"Canadian Cancer Survivor Network\",\"url\":\"https:\\\/\\\/survivornet.ca\\\/\",\"logo\":{\"@type\":\"ImageObject\",\"inLanguage\":\"fr-FR\",\"@id\":\"https:\\\/\\\/survivornet.ca\\\/#\\\/schema\\\/logo\\\/image\\\/\",\"url\":\"http:\\\/\\\/survivornet.ca\\\/wp-content\\\/uploads\\\/2016\\\/12\\\/CCSN_Logo_EN_SQUARE.png\",\"contentUrl\":\"http:\\\/\\\/survivornet.ca\\\/wp-content\\\/uploads\\\/2016\\\/12\\\/CCSN_Logo_EN_SQUARE.png\",\"width\":1209,\"height\":1007,\"caption\":\"Canadian Cancer Survivor Network\"},\"image\":{\"@id\":\"https:\\\/\\\/survivornet.ca\\\/#\\\/schema\\\/logo\\\/image\\\/\"}}]}<\/script>\n<!-- \/ Yoast SEO plugin. -->","yoast_head_json":{"title":"M\u00e9lanome Canada - Canadian Cancer Survivor Network","robots":{"index":"index","follow":"follow","max-snippet":"max-snippet:-1","max-image-preview":"max-image-preview:large","max-video-preview":"max-video-preview:-1"},"canonical":"https:\/\/survivornet.ca\/?page_id=2108","og_locale":"fr_FR","og_type":"article","og_title":"M\u00e9lanome Canada - Canadian Cancer Survivor Network","og_description":"&nbsp; M\u00e9lanome Canada, anciennement R\u00e9seau m\u00e9lanome Canada, a \u00e9t\u00e9 fond\u00e9 en 2009 par un trio de survivants du m\u00e9lanome et de soignants?: Annette Cyr, trois fois survivante, Jo Anne Adams, survivante et","og_url":"https:\/\/survivornet.ca\/?page_id=2108","og_site_name":"Canadian Cancer Survivor Network","article_modified_time":"2024-08-07T15:45:06+00:00","og_image":[{"width":904,"height":265,"url":"https:\/\/survivornet.ca\/wp-content\/uploads\/2024\/08\/Melanome-Canada-gros-plan.png","type":"image\/png"}],"twitter_card":"summary_large_image","twitter_misc":{"Dur\u00e9e de lecture estim\u00e9e":"1 minute"},"schema":{"@context":"https:\/\/schema.org","@graph":[{"@type":"WebPage","@id":"https:\/\/survivornet.ca\/?page_id=2108","url":"https:\/\/survivornet.ca\/?page_id=2108","name":"M\u00e9lanome Canada - Canadian Cancer Survivor Network","isPartOf":{"@id":"https:\/\/survivornet.ca\/#website"},"primaryImageOfPage":{"@id":"https:\/\/survivornet.ca\/?page_id=2108#primaryimage"},"image":{"@id":"https:\/\/survivornet.ca\/?page_id=2108#primaryimage"},"thumbnailUrl":"https:\/\/survivornet.ca\/wp-content\/uploads\/2024\/08\/Melanome-Canada-gros-plan.png","datePublished":"2017-06-12T15:21:44+00:00","dateModified":"2024-08-07T15:45:06+00:00","breadcrumb":{"@id":"https:\/\/survivornet.ca\/?page_id=2108#breadcrumb"},"inLanguage":"fr-FR","potentialAction":[{"@type":"ReadAction","target":["https:\/\/survivornet.ca\/?page_id=2108"]}]},{"@type":"ImageObject","inLanguage":"fr-FR","@id":"https:\/\/survivornet.ca\/?page_id=2108#primaryimage","url":"https:\/\/survivornet.ca\/wp-content\/uploads\/2024\/08\/Melanome-Canada-gros-plan.png","contentUrl":"https:\/\/survivornet.ca\/wp-content\/uploads\/2024\/08\/Melanome-Canada-gros-plan.png","width":904,"height":265},{"@type":"BreadcrumbList","@id":"https:\/\/survivornet.ca\/?page_id=2108#breadcrumb","itemListElement":[{"@type":"ListItem","position":1,"name":"Home","item":"https:\/\/survivornet.ca\/fr\/"},{"@type":"ListItem","position":2,"name":"Connectez","item":"https:\/\/survivornet.ca\/fr\/reliez-vous\/"},{"@type":"ListItem","position":3,"name":"Partenaires","item":"https:\/\/survivornet.ca\/fr\/reliez-vous\/partenaires\/"},{"@type":"ListItem","position":4,"name":"M\u00e9lanome Canada"}]},{"@type":"WebSite","@id":"https:\/\/survivornet.ca\/#website","url":"https:\/\/survivornet.ca\/","name":"Canadian Cancer Survivor Network","description":"The Canadian Cancer Survivor Network was created by a group of Canadians concerned about cancer.","publisher":{"@id":"https:\/\/survivornet.ca\/#organization"},"potentialAction":[{"@type":"SearchAction","target":{"@type":"EntryPoint","urlTemplate":"https:\/\/survivornet.ca\/?s={search_term_string}"},"query-input":{"@type":"PropertyValueSpecification","valueRequired":true,"valueName":"search_term_string"}}],"inLanguage":"fr-FR"},{"@type":"Organization","@id":"https:\/\/survivornet.ca\/#organization","name":"Canadian Cancer Survivor Network","url":"https:\/\/survivornet.ca\/","logo":{"@type":"ImageObject","inLanguage":"fr-FR","@id":"https:\/\/survivornet.ca\/#\/schema\/logo\/image\/","url":"http:\/\/survivornet.ca\/wp-content\/uploads\/2016\/12\/CCSN_Logo_EN_SQUARE.png","contentUrl":"http:\/\/survivornet.ca\/wp-content\/uploads\/2016\/12\/CCSN_Logo_EN_SQUARE.png","width":1209,"height":1007,"caption":"Canadian Cancer Survivor Network"},"image":{"@id":"https:\/\/survivornet.ca\/#\/schema\/logo\/image\/"}}]}},"_links":{"self":[{"href":"https:\/\/survivornet.ca\/fr\/wp-json\/wp\/v2\/pages\/5311","targetHints":{"allow":["GET"]}}],"collection":[{"href":"https:\/\/survivornet.ca\/fr\/wp-json\/wp\/v2\/pages"}],"about":[{"href":"https:\/\/survivornet.ca\/fr\/wp-json\/wp\/v2\/types\/page"}],"author":[{"embeddable":true,"href":"https:\/\/survivornet.ca\/fr\/wp-json\/wp\/v2\/users\/2"}],"replies":[{"embeddable":true,"href":"https:\/\/survivornet.ca\/fr\/wp-json\/wp\/v2\/comments?post=5311"}],"version-history":[{"count":2,"href":"https:\/\/survivornet.ca\/fr\/wp-json\/wp\/v2\/pages\/5311\/revisions"}],"predecessor-version":[{"id":30675,"href":"https:\/\/survivornet.ca\/fr\/wp-json\/wp\/v2\/pages\/5311\/revisions\/30675"}],"up":[{"embeddable":true,"href":"https:\/\/survivornet.ca\/fr\/wp-json\/wp\/v2\/pages\/4484"}],"wp:featuredmedia":[{"embeddable":true,"href":"https:\/\/survivornet.ca\/fr\/wp-json\/wp\/v2\/media\/30673"}],"wp:attachment":[{"href":"https:\/\/survivornet.ca\/fr\/wp-json\/wp\/v2\/media?parent=5311"}],"curies":[{"name":"wp","href":"https:\/\/api.w.org\/{rel}","templated":true}]}}