{"id":5309,"date":"2017-06-12T15:20:48","date_gmt":"2017-06-12T15:20:48","guid":{"rendered":"https:\/\/survivornet.ca\/?page_id=5309\/"},"modified":"2024-02-16T15:55:37","modified_gmt":"2024-02-16T20:55:37","slug":"partenariat-canadien-du-lymphoedeme","status":"publish","type":"page","link":"https:\/\/survivornet.ca\/fr\/reliez-vous\/partenaires\/partenariat-canadien-du-lymphoedeme\/","title":{"rendered":"Partenariat canadien du lymphoed\u00e8me"},"content":{"rendered":"<p><a href=\"https:\/\/sites.google.com\/site\/canadalymph\/home\" target=\"_blank\" rel=\"noopener noreferrer\"><img loading=\"lazy\" decoding=\"async\" class=\"aligncenter  wp-image-28966\" src=\"http:\/\/survivornet.ca\/wp-content\/uploads\/2024\/02\/CLF-Canadian-Lymphedema-Framework.png\" alt=\"\" width=\"358\" height=\"133\" \/><\/a>Le partenariat canadien du lymphoed\u00e8me (PCL) est une collaboration entre des individus provenant du milieu acad\u00e9mique et des patients, qui fait partie d&#8217;une initiative internationale visant \u00e0 promouvoir la recherche, les soins par excellence, et les progr\u00e8s cliniques portant sur le lymphoed\u00e8me \u00e0 une \u00e9chelle mondiale.<\/p>\n<p>Le PCL a \u00e9t\u00e9 officiellement fond\u00e9 le 6 f\u00e9vrier 2009. Il s&#8217;inspire de et travaille parrall\u00e8lement avec l&#8217;International Lymphoedema Framework (ILF), qui s&#8217;est \u00e9tabli en 2002 en tant que collaborative entre des professionnels de la sant\u00e9, des organisations communautaires, des patients et des partenaires industriels, afin d&#8217;am\u00e9liorer les normes de pratiques de gestion du lymphoed\u00e8me au Royaume-Uni. La FCF collabore avec l&#8217;ILF, des cadres nationaux dans d&#8217;autres parties du monde, et des associations provinciales \u00e0 travers le Canada, pour plaider en faveur de la recherche sur le lymphoed\u00e8me et afin d&#8217;\u00e9duquer les patients et les professionnels de la sant\u00e9 canadiens.<\/p>\n<p><span style=\"text-decoration: underline;\"><strong>Notre mission<\/strong><\/span><\/p>\n<p>Optimiser la prise en charge du lymphoed\u00e8me et des troubles de la sant\u00e9 connexes au Canada. En collaboration avec l&#8217;International Lymphoedema Framework (ILF) et d&#8217;autres cadres nationaux, nous contribuerons \u00e0 l&#8217;avancement mondial des soins du lynphoed\u00e8me.<\/p>\n<p><span style=\"text-decoration: underline;\"><strong>Notre vision<\/strong><\/span><\/p>\n<p>Un traitement complet du lymphoed\u00e8me et des troubles de la sant\u00e9 connexes sera accessible \u00e0 toutes les personnes \u00e0 travers le Canada.<\/p>\n<p>&#8230;<\/p>\n<p>Pour en savoir plus, consultez notre <a href=\"https:\/\/www.canadalymph.ca\/\">site web<\/a>.<\/p>\n<p><strong>Partenariat canadien du lymphoed\u00e8me<\/strong><\/p>\n<p>Suite 204, 4800 Dundas St W<br \/>\nToronto, ON M9A 1B1<br \/>\nCourriel: admin@canadalymph.ca<br \/>\nT\u00e9l\u00e9phone: (1) 647-693-1083<\/p>\n","protected":false},"excerpt":{"rendered":"<p>Le partenariat canadien du lymphoed\u00e8me (PCL) est une collaboration entre des individus provenant du milieu acad\u00e9mique et des patients, qui fait partie d&#8217;une initiative internationale visant \u00e0 promouvoir la recherche, les soins<\/p>\n","protected":false},"author":2,"featured_media":28966,"parent":4484,"menu_order":14,"comment_status":"closed","ping_status":"closed","template":"","meta":{"_acf_changed":false,"footnotes":""},"class_list":["post-5309","page","type-page","status-publish","has-post-thumbnail","hentry"],"acf":[],"yoast_head":"<!-- This site is optimized with the Yoast SEO plugin v27.4 - https:\/\/yoast.com\/product\/yoast-seo-wordpress\/ -->\n<title>Partenariat canadien du lymphoed\u00e8me - Canadian Cancer Survivor Network<\/title>\n<meta name=\"robots\" content=\"index, follow, max-snippet:-1, max-image-preview:large, max-video-preview:-1\" \/>\n<link rel=\"canonical\" href=\"https:\/\/survivornet.ca\/connect\/partners\/canadian-lymphedema-framework\/\" \/>\n<meta property=\"og:locale\" content=\"fr_FR\" \/>\n<meta property=\"og:type\" content=\"article\" \/>\n<meta property=\"og:title\" content=\"Partenariat canadien du lymphoed\u00e8me - Canadian Cancer Survivor Network\" \/>\n<meta property=\"og:description\" content=\"Le partenariat canadien du lymphoed\u00e8me (PCL) est une collaboration entre des individus provenant du milieu acad\u00e9mique et des patients, qui fait partie d&#8217;une initiative internationale visant \u00e0 promouvoir la recherche, les soins\" \/>\n<meta property=\"og:url\" content=\"https:\/\/survivornet.ca\/connect\/partners\/canadian-lymphedema-framework\/\" \/>\n<meta property=\"og:site_name\" content=\"Canadian Cancer Survivor Network\" \/>\n<meta property=\"article:modified_time\" content=\"2024-02-16T20:55:37+00:00\" \/>\n<meta property=\"og:image\" content=\"https:\/\/survivornet.ca\/wp-content\/uploads\/2024\/02\/CLF-Canadian-Lymphedema-Framework.png\" \/>\n\t<meta property=\"og:image:width\" content=\"302\" \/>\n\t<meta property=\"og:image:height\" content=\"112\" \/>\n\t<meta property=\"og:image:type\" content=\"image\/png\" \/>\n<meta name=\"twitter:card\" content=\"summary_large_image\" \/>\n<meta name=\"twitter:label1\" content=\"Dur\u00e9e de lecture estim\u00e9e\" \/>\n\t<meta name=\"twitter:data1\" content=\"1 minute\" \/>\n<script type=\"application\/ld+json\" class=\"yoast-schema-graph\">{\"@context\":\"https:\\\/\\\/schema.org\",\"@graph\":[{\"@type\":\"WebPage\",\"@id\":\"https:\\\/\\\/survivornet.ca\\\/connect\\\/partners\\\/canadian-lymphedema-framework\\\/\",\"url\":\"https:\\\/\\\/survivornet.ca\\\/connect\\\/partners\\\/canadian-lymphedema-framework\\\/\",\"name\":\"Partenariat canadien du lymphoed\u00e8me - Canadian Cancer Survivor Network\",\"isPartOf\":{\"@id\":\"https:\\\/\\\/survivornet.ca\\\/#website\"},\"primaryImageOfPage\":{\"@id\":\"https:\\\/\\\/survivornet.ca\\\/connect\\\/partners\\\/canadian-lymphedema-framework\\\/#primaryimage\"},\"image\":{\"@id\":\"https:\\\/\\\/survivornet.ca\\\/connect\\\/partners\\\/canadian-lymphedema-framework\\\/#primaryimage\"},\"thumbnailUrl\":\"https:\\\/\\\/survivornet.ca\\\/wp-content\\\/uploads\\\/2024\\\/02\\\/CLF-Canadian-Lymphedema-Framework.png\",\"datePublished\":\"2017-06-12T15:20:48+00:00\",\"dateModified\":\"2024-02-16T20:55:37+00:00\",\"breadcrumb\":{\"@id\":\"https:\\\/\\\/survivornet.ca\\\/connect\\\/partners\\\/canadian-lymphedema-framework\\\/#breadcrumb\"},\"inLanguage\":\"fr-FR\",\"potentialAction\":[{\"@type\":\"ReadAction\",\"target\":[\"https:\\\/\\\/survivornet.ca\\\/connect\\\/partners\\\/canadian-lymphedema-framework\\\/\"]}]},{\"@type\":\"ImageObject\",\"inLanguage\":\"fr-FR\",\"@id\":\"https:\\\/\\\/survivornet.ca\\\/connect\\\/partners\\\/canadian-lymphedema-framework\\\/#primaryimage\",\"url\":\"https:\\\/\\\/survivornet.ca\\\/wp-content\\\/uploads\\\/2024\\\/02\\\/CLF-Canadian-Lymphedema-Framework.png\",\"contentUrl\":\"https:\\\/\\\/survivornet.ca\\\/wp-content\\\/uploads\\\/2024\\\/02\\\/CLF-Canadian-Lymphedema-Framework.png\",\"width\":302,\"height\":112},{\"@type\":\"BreadcrumbList\",\"@id\":\"https:\\\/\\\/survivornet.ca\\\/connect\\\/partners\\\/canadian-lymphedema-framework\\\/#breadcrumb\",\"itemListElement\":[{\"@type\":\"ListItem\",\"position\":1,\"name\":\"Home\",\"item\":\"https:\\\/\\\/survivornet.ca\\\/fr\\\/\"},{\"@type\":\"ListItem\",\"position\":2,\"name\":\"Connectez\",\"item\":\"https:\\\/\\\/survivornet.ca\\\/fr\\\/reliez-vous\\\/\"},{\"@type\":\"ListItem\",\"position\":3,\"name\":\"Partenaires\",\"item\":\"https:\\\/\\\/survivornet.ca\\\/fr\\\/reliez-vous\\\/partenaires\\\/\"},{\"@type\":\"ListItem\",\"position\":4,\"name\":\"Partenariat canadien du lymphoed\u00e8me\"}]},{\"@type\":\"WebSite\",\"@id\":\"https:\\\/\\\/survivornet.ca\\\/#website\",\"url\":\"https:\\\/\\\/survivornet.ca\\\/\",\"name\":\"Canadian Cancer Survivor Network\",\"description\":\"The Canadian Cancer Survivor Network was created by a group of Canadians concerned about cancer.\",\"publisher\":{\"@id\":\"https:\\\/\\\/survivornet.ca\\\/#organization\"},\"potentialAction\":[{\"@type\":\"SearchAction\",\"target\":{\"@type\":\"EntryPoint\",\"urlTemplate\":\"https:\\\/\\\/survivornet.ca\\\/?s={search_term_string}\"},\"query-input\":{\"@type\":\"PropertyValueSpecification\",\"valueRequired\":true,\"valueName\":\"search_term_string\"}}],\"inLanguage\":\"fr-FR\"},{\"@type\":\"Organization\",\"@id\":\"https:\\\/\\\/survivornet.ca\\\/#organization\",\"name\":\"Canadian Cancer Survivor Network\",\"url\":\"https:\\\/\\\/survivornet.ca\\\/\",\"logo\":{\"@type\":\"ImageObject\",\"inLanguage\":\"fr-FR\",\"@id\":\"https:\\\/\\\/survivornet.ca\\\/#\\\/schema\\\/logo\\\/image\\\/\",\"url\":\"http:\\\/\\\/survivornet.ca\\\/wp-content\\\/uploads\\\/2016\\\/12\\\/CCSN_Logo_EN_SQUARE.png\",\"contentUrl\":\"http:\\\/\\\/survivornet.ca\\\/wp-content\\\/uploads\\\/2016\\\/12\\\/CCSN_Logo_EN_SQUARE.png\",\"width\":1209,\"height\":1007,\"caption\":\"Canadian Cancer Survivor Network\"},\"image\":{\"@id\":\"https:\\\/\\\/survivornet.ca\\\/#\\\/schema\\\/logo\\\/image\\\/\"}}]}<\/script>\n<!-- \/ Yoast SEO plugin. -->","yoast_head_json":{"title":"Partenariat canadien du lymphoed\u00e8me - Canadian Cancer Survivor Network","robots":{"index":"index","follow":"follow","max-snippet":"max-snippet:-1","max-image-preview":"max-image-preview:large","max-video-preview":"max-video-preview:-1"},"canonical":"https:\/\/survivornet.ca\/connect\/partners\/canadian-lymphedema-framework\/","og_locale":"fr_FR","og_type":"article","og_title":"Partenariat canadien du lymphoed\u00e8me - Canadian Cancer Survivor Network","og_description":"Le partenariat canadien du lymphoed\u00e8me (PCL) est une collaboration entre des individus provenant du milieu acad\u00e9mique et des patients, qui fait partie d&#8217;une initiative internationale visant \u00e0 promouvoir la recherche, les soins","og_url":"https:\/\/survivornet.ca\/connect\/partners\/canadian-lymphedema-framework\/","og_site_name":"Canadian Cancer Survivor Network","article_modified_time":"2024-02-16T20:55:37+00:00","og_image":[{"width":302,"height":112,"url":"https:\/\/survivornet.ca\/wp-content\/uploads\/2024\/02\/CLF-Canadian-Lymphedema-Framework.png","type":"image\/png"}],"twitter_card":"summary_large_image","twitter_misc":{"Dur\u00e9e de lecture estim\u00e9e":"1 minute"},"schema":{"@context":"https:\/\/schema.org","@graph":[{"@type":"WebPage","@id":"https:\/\/survivornet.ca\/connect\/partners\/canadian-lymphedema-framework\/","url":"https:\/\/survivornet.ca\/connect\/partners\/canadian-lymphedema-framework\/","name":"Partenariat canadien du lymphoed\u00e8me - Canadian Cancer Survivor Network","isPartOf":{"@id":"https:\/\/survivornet.ca\/#website"},"primaryImageOfPage":{"@id":"https:\/\/survivornet.ca\/connect\/partners\/canadian-lymphedema-framework\/#primaryimage"},"image":{"@id":"https:\/\/survivornet.ca\/connect\/partners\/canadian-lymphedema-framework\/#primaryimage"},"thumbnailUrl":"https:\/\/survivornet.ca\/wp-content\/uploads\/2024\/02\/CLF-Canadian-Lymphedema-Framework.png","datePublished":"2017-06-12T15:20:48+00:00","dateModified":"2024-02-16T20:55:37+00:00","breadcrumb":{"@id":"https:\/\/survivornet.ca\/connect\/partners\/canadian-lymphedema-framework\/#breadcrumb"},"inLanguage":"fr-FR","potentialAction":[{"@type":"ReadAction","target":["https:\/\/survivornet.ca\/connect\/partners\/canadian-lymphedema-framework\/"]}]},{"@type":"ImageObject","inLanguage":"fr-FR","@id":"https:\/\/survivornet.ca\/connect\/partners\/canadian-lymphedema-framework\/#primaryimage","url":"https:\/\/survivornet.ca\/wp-content\/uploads\/2024\/02\/CLF-Canadian-Lymphedema-Framework.png","contentUrl":"https:\/\/survivornet.ca\/wp-content\/uploads\/2024\/02\/CLF-Canadian-Lymphedema-Framework.png","width":302,"height":112},{"@type":"BreadcrumbList","@id":"https:\/\/survivornet.ca\/connect\/partners\/canadian-lymphedema-framework\/#breadcrumb","itemListElement":[{"@type":"ListItem","position":1,"name":"Home","item":"https:\/\/survivornet.ca\/fr\/"},{"@type":"ListItem","position":2,"name":"Connectez","item":"https:\/\/survivornet.ca\/fr\/reliez-vous\/"},{"@type":"ListItem","position":3,"name":"Partenaires","item":"https:\/\/survivornet.ca\/fr\/reliez-vous\/partenaires\/"},{"@type":"ListItem","position":4,"name":"Partenariat canadien du lymphoed\u00e8me"}]},{"@type":"WebSite","@id":"https:\/\/survivornet.ca\/#website","url":"https:\/\/survivornet.ca\/","name":"Canadian Cancer Survivor Network","description":"The Canadian Cancer Survivor Network was created by a group of Canadians concerned about cancer.","publisher":{"@id":"https:\/\/survivornet.ca\/#organization"},"potentialAction":[{"@type":"SearchAction","target":{"@type":"EntryPoint","urlTemplate":"https:\/\/survivornet.ca\/?s={search_term_string}"},"query-input":{"@type":"PropertyValueSpecification","valueRequired":true,"valueName":"search_term_string"}}],"inLanguage":"fr-FR"},{"@type":"Organization","@id":"https:\/\/survivornet.ca\/#organization","name":"Canadian Cancer Survivor Network","url":"https:\/\/survivornet.ca\/","logo":{"@type":"ImageObject","inLanguage":"fr-FR","@id":"https:\/\/survivornet.ca\/#\/schema\/logo\/image\/","url":"http:\/\/survivornet.ca\/wp-content\/uploads\/2016\/12\/CCSN_Logo_EN_SQUARE.png","contentUrl":"http:\/\/survivornet.ca\/wp-content\/uploads\/2016\/12\/CCSN_Logo_EN_SQUARE.png","width":1209,"height":1007,"caption":"Canadian Cancer Survivor Network"},"image":{"@id":"https:\/\/survivornet.ca\/#\/schema\/logo\/image\/"}}]}},"_links":{"self":[{"href":"https:\/\/survivornet.ca\/fr\/wp-json\/wp\/v2\/pages\/5309","targetHints":{"allow":["GET"]}}],"collection":[{"href":"https:\/\/survivornet.ca\/fr\/wp-json\/wp\/v2\/pages"}],"about":[{"href":"https:\/\/survivornet.ca\/fr\/wp-json\/wp\/v2\/types\/page"}],"author":[{"embeddable":true,"href":"https:\/\/survivornet.ca\/fr\/wp-json\/wp\/v2\/users\/2"}],"replies":[{"embeddable":true,"href":"https:\/\/survivornet.ca\/fr\/wp-json\/wp\/v2\/comments?post=5309"}],"version-history":[{"count":2,"href":"https:\/\/survivornet.ca\/fr\/wp-json\/wp\/v2\/pages\/5309\/revisions"}],"predecessor-version":[{"id":28968,"href":"https:\/\/survivornet.ca\/fr\/wp-json\/wp\/v2\/pages\/5309\/revisions\/28968"}],"up":[{"embeddable":true,"href":"https:\/\/survivornet.ca\/fr\/wp-json\/wp\/v2\/pages\/4484"}],"wp:featuredmedia":[{"embeddable":true,"href":"https:\/\/survivornet.ca\/fr\/wp-json\/wp\/v2\/media\/28966"}],"wp:attachment":[{"href":"https:\/\/survivornet.ca\/fr\/wp-json\/wp\/v2\/media?parent=5309"}],"curies":[{"name":"wp","href":"https:\/\/api.w.org\/{rel}","templated":true}]}}