{"id":5303,"date":"2017-06-12T15:15:47","date_gmt":"2017-06-12T15:15:47","guid":{"rendered":"https:\/\/survivornet.ca\/?page_id=5303\/"},"modified":"2024-02-12T17:35:43","modified_gmt":"2024-02-12T22:35:43","slug":"cancer-de-la-vessie-canada","status":"publish","type":"page","link":"https:\/\/survivornet.ca\/fr\/reliez-vous\/partenaires\/cancer-de-la-vessie-canada\/","title":{"rendered":"Cancer de la vessie Canada"},"content":{"rendered":"<p><img loading=\"lazy\" decoding=\"async\" class=\"wp-image-28854 aligncenter\" src=\"http:\/\/survivornet.ca\/wp-content\/uploads\/2024\/02\/Cancer-de-la-vessie-Canada.png\" alt=\"\" width=\"584\" height=\"168\" \/><\/p>\n<p>Cancer de la vessie Canada est un organisme qui \u0153uvre \u00e0 l\u2019\u00e9chelle nationale pour\u00a0:<\/p>\n<ul class=\"content-list\">\n<li>Venir en aide aux patients atteints du cancer de la vessie et aux personnes qui les soutiennent dans leurs \u00e9preuves quotidiennes avec la maladie;<\/li>\n<li>Accro\u00eetre la sensibilisation aupr\u00e8s du grand public et de la communaut\u00e9 m\u00e9dicale \u00e0 la cause du cancer de la vessie<\/li>\n<li>Financer la recherche pour le diagnostic et le traitement du cancer de la vessie afin de vaincre cette maladie.<\/li>\n<\/ul>\n<p>Nous offrons aux patients et \u00e0 leurs aidants un site Web informatif bilingue, un forum de discussion en ligne, un soutien par t\u00e9l\u00e9phone et par courriel, des rencontres de patients et des groupes de soutien dans diverses localit\u00e9s douze mois par ann\u00e9e; nous publions aussi un bulletin trimestriel.<\/p>\n<p>En septembre de chaque ann\u00e9e, nous organisons la Marche canadienne de sensibilisation au cancer de la vessie dans diff\u00e9rentes villes de l\u2019ensemble du Canada.<\/p>\n<p>Pour plus de renseignements, rendez-vous \u00e0 <a href=\"https:\/\/bladdercancercanada.org\/fr\/\" target=\"_blank\" rel=\"noopener noreferrer\">www.bladdercancercanada.org<\/a><\/p>\n<p>&nbsp;<\/p>\n<p>Contact:<\/p>\n<p><a href=\"tel:1-866-674-8889\" target=\"_blank\" rel=\"noopener noreferrer\">1-866-674-8889<\/a><\/p>\n<p><a href=\"mailto:info@bladdercancercanada.org\" target=\"_blank\" rel=\"noopener noreferrer\">info@bladdercancercanada.org<\/a><\/p>\n<p>Cancer de la vessie Canada<br \/>\n21 croissant Jason<br \/>\nGeorgetown, ON \u00a0L7G 4Z3<\/p>\n","protected":false},"excerpt":{"rendered":"<p>Cancer de la vessie Canada est un organisme qui \u0153uvre \u00e0 l\u2019\u00e9chelle nationale pour\u00a0: Venir en aide aux patients atteints du cancer de la vessie et aux personnes qui les soutiennent dans<\/p>\n","protected":false},"author":2,"featured_media":28854,"parent":4484,"menu_order":6,"comment_status":"closed","ping_status":"closed","template":"","meta":{"_acf_changed":false,"footnotes":""},"class_list":["post-5303","page","type-page","status-publish","has-post-thumbnail","hentry"],"acf":[],"yoast_head":"<!-- This site is optimized with the Yoast SEO plugin v27.4 - https:\/\/yoast.com\/product\/yoast-seo-wordpress\/ -->\n<title>Cancer de la vessie Canada - Canadian Cancer Survivor Network<\/title>\n<meta name=\"robots\" content=\"index, follow, max-snippet:-1, max-image-preview:large, max-video-preview:-1\" \/>\n<link rel=\"canonical\" href=\"https:\/\/survivornet.ca\/connect\/partners\/bladder-cancer-canada\/\" \/>\n<meta property=\"og:locale\" content=\"fr_FR\" \/>\n<meta property=\"og:type\" content=\"article\" \/>\n<meta property=\"og:title\" content=\"Cancer de la vessie Canada - Canadian Cancer Survivor Network\" \/>\n<meta property=\"og:description\" content=\"Cancer de la vessie Canada est un organisme qui \u0153uvre \u00e0 l\u2019\u00e9chelle nationale pour\u00a0: Venir en aide aux patients atteints du cancer de la vessie et aux personnes qui les soutiennent dans\" \/>\n<meta property=\"og:url\" content=\"https:\/\/survivornet.ca\/connect\/partners\/bladder-cancer-canada\/\" \/>\n<meta property=\"og:site_name\" content=\"Canadian Cancer Survivor Network\" \/>\n<meta property=\"article:modified_time\" content=\"2024-02-12T22:35:43+00:00\" \/>\n<meta property=\"og:image\" content=\"https:\/\/survivornet.ca\/wp-content\/uploads\/2024\/02\/Cancer-de-la-vessie-Canada.png\" \/>\n\t<meta property=\"og:image:width\" content=\"720\" \/>\n\t<meta property=\"og:image:height\" content=\"207\" \/>\n\t<meta property=\"og:image:type\" content=\"image\/png\" \/>\n<meta name=\"twitter:card\" content=\"summary_large_image\" \/>\n<meta name=\"twitter:label1\" content=\"Dur\u00e9e de lecture estim\u00e9e\" \/>\n\t<meta name=\"twitter:data1\" content=\"1 minute\" \/>\n<script type=\"application\/ld+json\" class=\"yoast-schema-graph\">{\"@context\":\"https:\\\/\\\/schema.org\",\"@graph\":[{\"@type\":\"WebPage\",\"@id\":\"https:\\\/\\\/survivornet.ca\\\/connect\\\/partners\\\/bladder-cancer-canada\\\/\",\"url\":\"https:\\\/\\\/survivornet.ca\\\/connect\\\/partners\\\/bladder-cancer-canada\\\/\",\"name\":\"Cancer de la vessie Canada - Canadian Cancer Survivor Network\",\"isPartOf\":{\"@id\":\"https:\\\/\\\/survivornet.ca\\\/#website\"},\"primaryImageOfPage\":{\"@id\":\"https:\\\/\\\/survivornet.ca\\\/connect\\\/partners\\\/bladder-cancer-canada\\\/#primaryimage\"},\"image\":{\"@id\":\"https:\\\/\\\/survivornet.ca\\\/connect\\\/partners\\\/bladder-cancer-canada\\\/#primaryimage\"},\"thumbnailUrl\":\"https:\\\/\\\/survivornet.ca\\\/wp-content\\\/uploads\\\/2024\\\/02\\\/Cancer-de-la-vessie-Canada.png\",\"datePublished\":\"2017-06-12T15:15:47+00:00\",\"dateModified\":\"2024-02-12T22:35:43+00:00\",\"breadcrumb\":{\"@id\":\"https:\\\/\\\/survivornet.ca\\\/connect\\\/partners\\\/bladder-cancer-canada\\\/#breadcrumb\"},\"inLanguage\":\"fr-FR\",\"potentialAction\":[{\"@type\":\"ReadAction\",\"target\":[\"https:\\\/\\\/survivornet.ca\\\/connect\\\/partners\\\/bladder-cancer-canada\\\/\"]}]},{\"@type\":\"ImageObject\",\"inLanguage\":\"fr-FR\",\"@id\":\"https:\\\/\\\/survivornet.ca\\\/connect\\\/partners\\\/bladder-cancer-canada\\\/#primaryimage\",\"url\":\"https:\\\/\\\/survivornet.ca\\\/wp-content\\\/uploads\\\/2024\\\/02\\\/Cancer-de-la-vessie-Canada.png\",\"contentUrl\":\"https:\\\/\\\/survivornet.ca\\\/wp-content\\\/uploads\\\/2024\\\/02\\\/Cancer-de-la-vessie-Canada.png\",\"width\":720,\"height\":207},{\"@type\":\"BreadcrumbList\",\"@id\":\"https:\\\/\\\/survivornet.ca\\\/connect\\\/partners\\\/bladder-cancer-canada\\\/#breadcrumb\",\"itemListElement\":[{\"@type\":\"ListItem\",\"position\":1,\"name\":\"Home\",\"item\":\"https:\\\/\\\/survivornet.ca\\\/fr\\\/\"},{\"@type\":\"ListItem\",\"position\":2,\"name\":\"Connectez\",\"item\":\"https:\\\/\\\/survivornet.ca\\\/fr\\\/reliez-vous\\\/\"},{\"@type\":\"ListItem\",\"position\":3,\"name\":\"Partenaires\",\"item\":\"https:\\\/\\\/survivornet.ca\\\/fr\\\/reliez-vous\\\/partenaires\\\/\"},{\"@type\":\"ListItem\",\"position\":4,\"name\":\"Cancer de la vessie Canada\"}]},{\"@type\":\"WebSite\",\"@id\":\"https:\\\/\\\/survivornet.ca\\\/#website\",\"url\":\"https:\\\/\\\/survivornet.ca\\\/\",\"name\":\"Canadian Cancer Survivor Network\",\"description\":\"The Canadian Cancer Survivor Network was created by a group of Canadians concerned about cancer.\",\"publisher\":{\"@id\":\"https:\\\/\\\/survivornet.ca\\\/#organization\"},\"potentialAction\":[{\"@type\":\"SearchAction\",\"target\":{\"@type\":\"EntryPoint\",\"urlTemplate\":\"https:\\\/\\\/survivornet.ca\\\/?s={search_term_string}\"},\"query-input\":{\"@type\":\"PropertyValueSpecification\",\"valueRequired\":true,\"valueName\":\"search_term_string\"}}],\"inLanguage\":\"fr-FR\"},{\"@type\":\"Organization\",\"@id\":\"https:\\\/\\\/survivornet.ca\\\/#organization\",\"name\":\"Canadian Cancer Survivor Network\",\"url\":\"https:\\\/\\\/survivornet.ca\\\/\",\"logo\":{\"@type\":\"ImageObject\",\"inLanguage\":\"fr-FR\",\"@id\":\"https:\\\/\\\/survivornet.ca\\\/#\\\/schema\\\/logo\\\/image\\\/\",\"url\":\"http:\\\/\\\/survivornet.ca\\\/wp-content\\\/uploads\\\/2016\\\/12\\\/CCSN_Logo_EN_SQUARE.png\",\"contentUrl\":\"http:\\\/\\\/survivornet.ca\\\/wp-content\\\/uploads\\\/2016\\\/12\\\/CCSN_Logo_EN_SQUARE.png\",\"width\":1209,\"height\":1007,\"caption\":\"Canadian Cancer Survivor Network\"},\"image\":{\"@id\":\"https:\\\/\\\/survivornet.ca\\\/#\\\/schema\\\/logo\\\/image\\\/\"}}]}<\/script>\n<!-- \/ Yoast SEO plugin. -->","yoast_head_json":{"title":"Cancer de la vessie Canada - Canadian Cancer Survivor Network","robots":{"index":"index","follow":"follow","max-snippet":"max-snippet:-1","max-image-preview":"max-image-preview:large","max-video-preview":"max-video-preview:-1"},"canonical":"https:\/\/survivornet.ca\/connect\/partners\/bladder-cancer-canada\/","og_locale":"fr_FR","og_type":"article","og_title":"Cancer de la vessie Canada - Canadian Cancer Survivor Network","og_description":"Cancer de la vessie Canada est un organisme qui \u0153uvre \u00e0 l\u2019\u00e9chelle nationale pour\u00a0: Venir en aide aux patients atteints du cancer de la vessie et aux personnes qui les soutiennent dans","og_url":"https:\/\/survivornet.ca\/connect\/partners\/bladder-cancer-canada\/","og_site_name":"Canadian Cancer Survivor Network","article_modified_time":"2024-02-12T22:35:43+00:00","og_image":[{"width":720,"height":207,"url":"https:\/\/survivornet.ca\/wp-content\/uploads\/2024\/02\/Cancer-de-la-vessie-Canada.png","type":"image\/png"}],"twitter_card":"summary_large_image","twitter_misc":{"Dur\u00e9e de lecture estim\u00e9e":"1 minute"},"schema":{"@context":"https:\/\/schema.org","@graph":[{"@type":"WebPage","@id":"https:\/\/survivornet.ca\/connect\/partners\/bladder-cancer-canada\/","url":"https:\/\/survivornet.ca\/connect\/partners\/bladder-cancer-canada\/","name":"Cancer de la vessie Canada - Canadian Cancer Survivor Network","isPartOf":{"@id":"https:\/\/survivornet.ca\/#website"},"primaryImageOfPage":{"@id":"https:\/\/survivornet.ca\/connect\/partners\/bladder-cancer-canada\/#primaryimage"},"image":{"@id":"https:\/\/survivornet.ca\/connect\/partners\/bladder-cancer-canada\/#primaryimage"},"thumbnailUrl":"https:\/\/survivornet.ca\/wp-content\/uploads\/2024\/02\/Cancer-de-la-vessie-Canada.png","datePublished":"2017-06-12T15:15:47+00:00","dateModified":"2024-02-12T22:35:43+00:00","breadcrumb":{"@id":"https:\/\/survivornet.ca\/connect\/partners\/bladder-cancer-canada\/#breadcrumb"},"inLanguage":"fr-FR","potentialAction":[{"@type":"ReadAction","target":["https:\/\/survivornet.ca\/connect\/partners\/bladder-cancer-canada\/"]}]},{"@type":"ImageObject","inLanguage":"fr-FR","@id":"https:\/\/survivornet.ca\/connect\/partners\/bladder-cancer-canada\/#primaryimage","url":"https:\/\/survivornet.ca\/wp-content\/uploads\/2024\/02\/Cancer-de-la-vessie-Canada.png","contentUrl":"https:\/\/survivornet.ca\/wp-content\/uploads\/2024\/02\/Cancer-de-la-vessie-Canada.png","width":720,"height":207},{"@type":"BreadcrumbList","@id":"https:\/\/survivornet.ca\/connect\/partners\/bladder-cancer-canada\/#breadcrumb","itemListElement":[{"@type":"ListItem","position":1,"name":"Home","item":"https:\/\/survivornet.ca\/fr\/"},{"@type":"ListItem","position":2,"name":"Connectez","item":"https:\/\/survivornet.ca\/fr\/reliez-vous\/"},{"@type":"ListItem","position":3,"name":"Partenaires","item":"https:\/\/survivornet.ca\/fr\/reliez-vous\/partenaires\/"},{"@type":"ListItem","position":4,"name":"Cancer de la vessie Canada"}]},{"@type":"WebSite","@id":"https:\/\/survivornet.ca\/#website","url":"https:\/\/survivornet.ca\/","name":"Canadian Cancer Survivor Network","description":"The Canadian Cancer Survivor Network was created by a group of Canadians concerned about cancer.","publisher":{"@id":"https:\/\/survivornet.ca\/#organization"},"potentialAction":[{"@type":"SearchAction","target":{"@type":"EntryPoint","urlTemplate":"https:\/\/survivornet.ca\/?s={search_term_string}"},"query-input":{"@type":"PropertyValueSpecification","valueRequired":true,"valueName":"search_term_string"}}],"inLanguage":"fr-FR"},{"@type":"Organization","@id":"https:\/\/survivornet.ca\/#organization","name":"Canadian Cancer Survivor Network","url":"https:\/\/survivornet.ca\/","logo":{"@type":"ImageObject","inLanguage":"fr-FR","@id":"https:\/\/survivornet.ca\/#\/schema\/logo\/image\/","url":"http:\/\/survivornet.ca\/wp-content\/uploads\/2016\/12\/CCSN_Logo_EN_SQUARE.png","contentUrl":"http:\/\/survivornet.ca\/wp-content\/uploads\/2016\/12\/CCSN_Logo_EN_SQUARE.png","width":1209,"height":1007,"caption":"Canadian Cancer Survivor Network"},"image":{"@id":"https:\/\/survivornet.ca\/#\/schema\/logo\/image\/"}}]}},"_links":{"self":[{"href":"https:\/\/survivornet.ca\/fr\/wp-json\/wp\/v2\/pages\/5303","targetHints":{"allow":["GET"]}}],"collection":[{"href":"https:\/\/survivornet.ca\/fr\/wp-json\/wp\/v2\/pages"}],"about":[{"href":"https:\/\/survivornet.ca\/fr\/wp-json\/wp\/v2\/types\/page"}],"author":[{"embeddable":true,"href":"https:\/\/survivornet.ca\/fr\/wp-json\/wp\/v2\/users\/2"}],"replies":[{"embeddable":true,"href":"https:\/\/survivornet.ca\/fr\/wp-json\/wp\/v2\/comments?post=5303"}],"version-history":[{"count":3,"href":"https:\/\/survivornet.ca\/fr\/wp-json\/wp\/v2\/pages\/5303\/revisions"}],"predecessor-version":[{"id":28856,"href":"https:\/\/survivornet.ca\/fr\/wp-json\/wp\/v2\/pages\/5303\/revisions\/28856"}],"up":[{"embeddable":true,"href":"https:\/\/survivornet.ca\/fr\/wp-json\/wp\/v2\/pages\/4484"}],"wp:featuredmedia":[{"embeddable":true,"href":"https:\/\/survivornet.ca\/fr\/wp-json\/wp\/v2\/media\/28854"}],"wp:attachment":[{"href":"https:\/\/survivornet.ca\/fr\/wp-json\/wp\/v2\/media?parent=5303"}],"curies":[{"name":"wp","href":"https:\/\/api.w.org\/{rel}","templated":true}]}}