{"id":5296,"date":"2017-06-12T15:01:18","date_gmt":"2017-06-12T15:01:18","guid":{"rendered":"https:\/\/survivornet.ca\/?page_id=5296\/"},"modified":"2017-06-12T15:01:18","modified_gmt":"2017-06-12T15:01:18","slug":"le-reseau-canadien-des-survivants-du-cancer-vient-de-lancer-sa-campagne-electorale-quebec-2012","status":"publish","type":"page","link":"https:\/\/survivornet.ca\/fr\/reliez-vous\/medias\/le-reseau-canadien-des-survivants-du-cancer-vient-de-lancer-sa-campagne-electorale-quebec-2012\/","title":{"rendered":"Le R\u00e9seau canadien des survivants du cancer vient de lancer sa campagne \u00e9lectorale Qu\u00e9bec 2012"},"content":{"rendered":"<p>Ottawa, le 8 ao\u00fbt 2012 \u2013 Le R\u00e9seau canadien des survivants du cancer vient de lancer sa campagne \u00e9lectorale Qu\u00e9bec 2012 pour exprimer sa pr\u00e9occupation face \u00e0 l\u2019\u00e9tat des soins de sant\u00e9 et des soins oncologiques dans cette province.<\/p>\n<p>Chaque ann\u00e9e, plus de 47\u00a0600 Qu\u00e9b\u00e9coises et Qu\u00e9b\u00e9cois re\u00e7oivent un diagnostic de cancer et environ 20\u00a0000 personnes d\u00e9c\u00e8dent de cette maladie. Il est clair que celle-ci affecte leurs familles, leurs proches, leurs coll\u00e8gues et des collectivit\u00e9s toutes enti\u00e8res.<\/p>\n<p>Le gouvernement qu\u00e9b\u00e9cois a un r\u00f4le crucial \u00e0 jouer pour veiller \u00e0 ce que chaque personne diagnostiqu\u00e9e du cancer ait acc\u00e8s en bon temps aux m\u00e9dicaments n\u00e9cessaires, qu\u2019elle ne soit pas sujette \u00e0 des d\u00e9lais dangereusement longs de diagnostic et de traitement, et qu\u2019elle b\u00e9n\u00e9ficie d\u2019un soutien financier suffisant durant ces \u00e9tapes.<\/p>\n<p>Le R\u00e9seau canadien des survivants du cancer a donc demand\u00e9 aux principaux partis politiques de r\u00e9pondre aux questions suivantes. Leurs r\u00e9ponses seront affich\u00e9es sur le site Web du RCSC et r\u00e9f\u00e9renc\u00e9es sur Twitter, Facebook et sur le blog oncologique de Jackie Manthorne.<\/p>\n<p>Ces questions sont les suivantes:<\/p>\n<p>Chaque ann\u00e9e, plus de 47\u00a0600 Qu\u00e9b\u00e9coises et Qu\u00e9b\u00e9cois re\u00e7oivent un diagnostic de cancer et environ 20\u00a0000 personnes d\u00e9c\u00e8dent de cette maladie. Il est clair que celle-ci affecte leurs familles, leurs proches, leurs coll\u00e8gues et des collectivit\u00e9s toutes enti\u00e8res.<\/p>\n<p>Le gouvernement qu\u00e9b\u00e9cois a un r\u00f4le crucial \u00e0 jouer pour veiller \u00e0 ce que chaque personne diagnostiqu\u00e9e du cancer ait acc\u00e8s en bon temps aux m\u00e9dicaments n\u00e9cessaires, qu\u2019elle ne soit pas sujette \u00e0 des d\u00e9lais dangereusement longs de diagnostic et de traitement, et qu\u2019elle b\u00e9n\u00e9ficie d\u2019un soutien financier suffisant durant ces \u00e9tapes.<\/p>\n<p>Nous vous invitons \u00e0 r\u00e9pondre aux questions suivantes sur les soins oncologiques et de sant\u00e9 au Qu\u00e9bec. Vos r\u00e9ponses seront diffus\u00e9es \u00e0 des patients et des survivants qu\u00e9b\u00e9cois du cancer et seront affich\u00e9es sur notre site Web \u00e0 <a href=\"https:\/\/survivornet.ca\/\">www.survivornet.ca<\/a> et sur notre blog \u00e0 l\u2019adresse suivante\u00a0:\u00a0<a href=\"http:\/\/jackiemanthornescancerblog.blogspot.com\/\" target=\"_blank\" rel=\"noopener noreferrer\">http:\/\/jackiemanthornescancerblog.blogspot.com\/<\/a>. Des hyperliens \u00e0 vos r\u00e9ponses seront \u00e9galement affich\u00e9s sur Facebook et Twitter.<\/p>\n<p><strong>Soins oncologiques et services de sant\u00e9<\/strong><\/p>\n<p><em>Un sondage L\u00e9ger Marketing publi\u00e9 le 1<sup>er<\/sup> ao\u00fbt 2012 dans <\/em>Le Journal de Montr\u00e9al<em> a identifi\u00e9 un meilleur acc\u00e8s aux soins de sant\u00e9 comme un des trois enjeux auxquels est le plus sensible la population qu\u00e9b\u00e9coise.<\/em><\/p>\n<p><strong>Si vous remportez l\u2019\u00e9lection, comment votre gouvernement compte-t-il:<\/strong><\/p>\n<p><strong>a)\u00a0\u00a0\u00a0\u00a0\u00a0 <\/strong><strong>Am\u00e9liorer la livraison des services de soins de sant\u00e9 au Qu\u00e9bec?<\/strong><\/p>\n<p><strong>b)\u00a0\u00a0\u00a0\u00a0 <\/strong><strong>Restructurer la livraison des soins oncologiques au Qu\u00e9bec?<\/strong><\/p>\n<p><strong>c)\u00a0\u00a0\u00a0\u00a0\u00a0 <\/strong><strong>Am\u00e9liorer les services li\u00e9s au lymphoed\u00e8me \u00e0 la suite des traitements oncologiques?<\/strong><\/p>\n<p><strong>Approbation des m\u00e9dicaments<\/strong><\/p>\n<p><em>Dans un rapport portant sur l\u2019<\/em>Acc\u00e8s aux nouveaux m\u00e9dicaments oncologiques au Canada, en comparaison des \u00c9tats-Unis et de l\u2019Europe<em>, le Dr Nigel Rawson compare les d\u00e9lais encourus pour l\u2019approbation de 33 nouveaux m\u00e9dicaments anti-cancer au Canada, aux \u00c9tats-Unis et en Europe entre 2003 et 2011.<\/em><br \/>\n<em>Voici les conclusions de ce rapport:\u00a0<\/em><\/p>\n<ul class=\"content-list\">\n<li><em>30 de ces m\u00e9dicaments ont \u00e9t\u00e9 approuv\u00e9s aux \u00c9tats-Unis, 26 dans la Communaut\u00e9 europ\u00e9enne et seulement 24 au Canada.<\/em><\/li>\n<li><em>Les m\u00e9dianes des d\u00e9lais d\u2019examen (soit la p\u00e9riode pr\u00e9c\u00e9dant l\u2019approbation de 50% des m\u00e9dicaments) ont \u00e9t\u00e9 de 182 jours aux \u00c9tats-Unis, 410 jours en Europe et 356 jours au Canada.<\/em><\/li>\n<li><em>Vingt-cinq (83%) des 30 m\u00e9dicaments approuv\u00e9s aux \u00c9tats-Unis ont eu droit \u00e0 un examen acc\u00e9l\u00e9r\u00e9 (avec des d\u00e9lais d\u2019approbation m\u00e9dian et moyen de 182 et 217 jours, respectivement), \u00e0 comparer avec seulement huit (33%) des 24 m\u00e9dicaments approuv\u00e9s au Canada qui ont b\u00e9n\u00e9fici\u00e9 d\u2019un examen prioritaire (avec des d\u00e9lais m\u00e9dian et moyen de 326 et 422 jours, respectivement). \u00a0<\/em><\/li>\n<li><em>\u00c0 la fin de mars 2012, seulement trois des 24 m\u00e9dicaments approuv\u00e9s au Canada depuis 2003 b\u00e9n\u00e9ficiaient d\u2019une certaine couverture du r\u00e9gime gouvernemental d\u2019assurance dans chacune des 10 provinces; sept autres m\u00e9dicaments \u00e9taient couverts par l\u2019assurance-m\u00e9dicaments dans certaines provinces. Mais surtout, presque 60% de ces m\u00e9dicaments n\u2019\u00e9taient accessibles dans aucune province aux termes des programmes publics d\u2019assurance. \u00a0<\/em><\/li>\n<\/ul>\n<p><strong>Si vous remportez l\u2019\u00e9lection, votre gouvernement s\u2019engage-t-il \u00e0 augmenter le nombre de nouveaux m\u00e9dicaments oncologiques et autres qui seront rembours\u00e9s par l\u2019\u00c9tat, afin que l\u2019ensemble des Qu\u00e9b\u00e9cois et des Qu\u00e9b\u00e9coises aient acc\u00e8s en bon temps aux m\u00e9dicaments n\u00e9cessaires; si oui, comment comptez-vous y arriver?\u00a0<\/strong><\/p>\n<p><strong>-30-<\/strong><\/p>\n<p>Le R\u00e9seau canadien des survivants du cancer (RCSC) est un r\u00e9seau national de patients, de familles, de survivants, d\u2019amis, de partenaires communautaires et de commanditaires qui travaillent de concert \u00e0 ce que les patients et survivants du cancer b\u00e9n\u00e9ficient des meilleurs soins ainsi que du soutien, du suivi et de la meilleure qualit\u00e9 de vie possible. Il vise \u00e0 \u00e9duquer le public et les d\u00e9cideurs au sujet du cancer et \u00e0 encourager la recherche pour d\u00e9couvrir des moyens de surmonter les obstacles qui entravent l\u2019acc\u00e8s \u00e0 des soins optimaux partout au Canada.<\/p>\n","protected":false},"excerpt":{"rendered":"<p>Ottawa, le 8 ao\u00fbt 2012 \u2013 Le R\u00e9seau canadien des survivants du cancer vient de lancer sa campagne \u00e9lectorale Qu\u00e9bec 2012 pour exprimer sa pr\u00e9occupation face \u00e0 l\u2019\u00e9tat des soins de sant\u00e9<\/p>\n","protected":false},"author":2,"featured_media":0,"parent":4488,"menu_order":7,"comment_status":"closed","ping_status":"closed","template":"","meta":{"_acf_changed":false,"footnotes":""},"class_list":["post-5296","page","type-page","status-publish","hentry"],"acf":[],"yoast_head":"<!-- This site is optimized with the Yoast SEO plugin v27.4 - https:\/\/yoast.com\/product\/yoast-seo-wordpress\/ -->\n<title>Le R\u00e9seau canadien des survivants du cancer vient de lancer sa campagne \u00e9lectorale Qu\u00e9bec 2012 - Canadian Cancer Survivor Network<\/title>\n<meta name=\"robots\" content=\"index, follow, max-snippet:-1, max-image-preview:large, max-video-preview:-1\" \/>\n<link rel=\"canonical\" href=\"https:\/\/survivornet.ca\/fr\/reliez-vous\/medias\/le-reseau-canadien-des-survivants-du-cancer-vient-de-lancer-sa-campagne-electorale-quebec-2012\/\" \/>\n<meta property=\"og:locale\" content=\"fr_FR\" \/>\n<meta property=\"og:type\" content=\"article\" \/>\n<meta property=\"og:title\" content=\"Le R\u00e9seau canadien des survivants du cancer vient de lancer sa campagne \u00e9lectorale Qu\u00e9bec 2012 - Canadian Cancer Survivor Network\" \/>\n<meta property=\"og:description\" content=\"Ottawa, le 8 ao\u00fbt 2012 \u2013 Le R\u00e9seau canadien des survivants du cancer vient de lancer sa campagne \u00e9lectorale Qu\u00e9bec 2012 pour exprimer sa pr\u00e9occupation face \u00e0 l\u2019\u00e9tat des soins de sant\u00e9\" \/>\n<meta property=\"og:url\" content=\"https:\/\/survivornet.ca\/fr\/reliez-vous\/medias\/le-reseau-canadien-des-survivants-du-cancer-vient-de-lancer-sa-campagne-electorale-quebec-2012\/\" \/>\n<meta property=\"og:site_name\" content=\"Canadian Cancer Survivor Network\" \/>\n<meta name=\"twitter:card\" content=\"summary_large_image\" \/>\n<meta name=\"twitter:label1\" content=\"Dur\u00e9e de lecture estim\u00e9e\" \/>\n\t<meta name=\"twitter:data1\" content=\"4 minutes\" \/>\n<script type=\"application\/ld+json\" class=\"yoast-schema-graph\">{\"@context\":\"https:\\\/\\\/schema.org\",\"@graph\":[{\"@type\":\"WebPage\",\"@id\":\"https:\\\/\\\/survivornet.ca\\\/fr\\\/reliez-vous\\\/medias\\\/le-reseau-canadien-des-survivants-du-cancer-vient-de-lancer-sa-campagne-electorale-quebec-2012\\\/\",\"url\":\"https:\\\/\\\/survivornet.ca\\\/fr\\\/reliez-vous\\\/medias\\\/le-reseau-canadien-des-survivants-du-cancer-vient-de-lancer-sa-campagne-electorale-quebec-2012\\\/\",\"name\":\"Le R\u00e9seau canadien des survivants du cancer vient de lancer sa campagne \u00e9lectorale Qu\u00e9bec 2012 - Canadian Cancer Survivor Network\",\"isPartOf\":{\"@id\":\"https:\\\/\\\/survivornet.ca\\\/#website\"},\"datePublished\":\"2017-06-12T15:01:18+00:00\",\"breadcrumb\":{\"@id\":\"https:\\\/\\\/survivornet.ca\\\/fr\\\/reliez-vous\\\/medias\\\/le-reseau-canadien-des-survivants-du-cancer-vient-de-lancer-sa-campagne-electorale-quebec-2012\\\/#breadcrumb\"},\"inLanguage\":\"fr-FR\",\"potentialAction\":[{\"@type\":\"ReadAction\",\"target\":[\"https:\\\/\\\/survivornet.ca\\\/fr\\\/reliez-vous\\\/medias\\\/le-reseau-canadien-des-survivants-du-cancer-vient-de-lancer-sa-campagne-electorale-quebec-2012\\\/\"]}]},{\"@type\":\"BreadcrumbList\",\"@id\":\"https:\\\/\\\/survivornet.ca\\\/fr\\\/reliez-vous\\\/medias\\\/le-reseau-canadien-des-survivants-du-cancer-vient-de-lancer-sa-campagne-electorale-quebec-2012\\\/#breadcrumb\",\"itemListElement\":[{\"@type\":\"ListItem\",\"position\":1,\"name\":\"Home\",\"item\":\"https:\\\/\\\/survivornet.ca\\\/fr\\\/\"},{\"@type\":\"ListItem\",\"position\":2,\"name\":\"Connectez\",\"item\":\"https:\\\/\\\/survivornet.ca\\\/fr\\\/reliez-vous\\\/\"},{\"@type\":\"ListItem\",\"position\":3,\"name\":\"M\u00e9dias\",\"item\":\"https:\\\/\\\/survivornet.ca\\\/fr\\\/reliez-vous\\\/medias\\\/\"},{\"@type\":\"ListItem\",\"position\":4,\"name\":\"Le R\u00e9seau canadien des survivants du cancer vient de lancer sa campagne \u00e9lectorale Qu\u00e9bec 2012\"}]},{\"@type\":\"WebSite\",\"@id\":\"https:\\\/\\\/survivornet.ca\\\/#website\",\"url\":\"https:\\\/\\\/survivornet.ca\\\/\",\"name\":\"Canadian Cancer Survivor Network\",\"description\":\"The Canadian Cancer Survivor Network was created by a group of Canadians concerned about cancer.\",\"publisher\":{\"@id\":\"https:\\\/\\\/survivornet.ca\\\/#organization\"},\"potentialAction\":[{\"@type\":\"SearchAction\",\"target\":{\"@type\":\"EntryPoint\",\"urlTemplate\":\"https:\\\/\\\/survivornet.ca\\\/?s={search_term_string}\"},\"query-input\":{\"@type\":\"PropertyValueSpecification\",\"valueRequired\":true,\"valueName\":\"search_term_string\"}}],\"inLanguage\":\"fr-FR\"},{\"@type\":\"Organization\",\"@id\":\"https:\\\/\\\/survivornet.ca\\\/#organization\",\"name\":\"Canadian Cancer Survivor Network\",\"url\":\"https:\\\/\\\/survivornet.ca\\\/\",\"logo\":{\"@type\":\"ImageObject\",\"inLanguage\":\"fr-FR\",\"@id\":\"https:\\\/\\\/survivornet.ca\\\/#\\\/schema\\\/logo\\\/image\\\/\",\"url\":\"http:\\\/\\\/survivornet.ca\\\/wp-content\\\/uploads\\\/2016\\\/12\\\/CCSN_Logo_EN_SQUARE.png\",\"contentUrl\":\"http:\\\/\\\/survivornet.ca\\\/wp-content\\\/uploads\\\/2016\\\/12\\\/CCSN_Logo_EN_SQUARE.png\",\"width\":1209,\"height\":1007,\"caption\":\"Canadian Cancer Survivor Network\"},\"image\":{\"@id\":\"https:\\\/\\\/survivornet.ca\\\/#\\\/schema\\\/logo\\\/image\\\/\"}}]}<\/script>\n<!-- \/ Yoast SEO plugin. -->","yoast_head_json":{"title":"Le R\u00e9seau canadien des survivants du cancer vient de lancer sa campagne \u00e9lectorale Qu\u00e9bec 2012 - Canadian Cancer Survivor Network","robots":{"index":"index","follow":"follow","max-snippet":"max-snippet:-1","max-image-preview":"max-image-preview:large","max-video-preview":"max-video-preview:-1"},"canonical":"https:\/\/survivornet.ca\/fr\/reliez-vous\/medias\/le-reseau-canadien-des-survivants-du-cancer-vient-de-lancer-sa-campagne-electorale-quebec-2012\/","og_locale":"fr_FR","og_type":"article","og_title":"Le R\u00e9seau canadien des survivants du cancer vient de lancer sa campagne \u00e9lectorale Qu\u00e9bec 2012 - Canadian Cancer Survivor Network","og_description":"Ottawa, le 8 ao\u00fbt 2012 \u2013 Le R\u00e9seau canadien des survivants du cancer vient de lancer sa campagne \u00e9lectorale Qu\u00e9bec 2012 pour exprimer sa pr\u00e9occupation face \u00e0 l\u2019\u00e9tat des soins de sant\u00e9","og_url":"https:\/\/survivornet.ca\/fr\/reliez-vous\/medias\/le-reseau-canadien-des-survivants-du-cancer-vient-de-lancer-sa-campagne-electorale-quebec-2012\/","og_site_name":"Canadian Cancer Survivor Network","twitter_card":"summary_large_image","twitter_misc":{"Dur\u00e9e de lecture estim\u00e9e":"4 minutes"},"schema":{"@context":"https:\/\/schema.org","@graph":[{"@type":"WebPage","@id":"https:\/\/survivornet.ca\/fr\/reliez-vous\/medias\/le-reseau-canadien-des-survivants-du-cancer-vient-de-lancer-sa-campagne-electorale-quebec-2012\/","url":"https:\/\/survivornet.ca\/fr\/reliez-vous\/medias\/le-reseau-canadien-des-survivants-du-cancer-vient-de-lancer-sa-campagne-electorale-quebec-2012\/","name":"Le R\u00e9seau canadien des survivants du cancer vient de lancer sa campagne \u00e9lectorale Qu\u00e9bec 2012 - Canadian Cancer Survivor Network","isPartOf":{"@id":"https:\/\/survivornet.ca\/#website"},"datePublished":"2017-06-12T15:01:18+00:00","breadcrumb":{"@id":"https:\/\/survivornet.ca\/fr\/reliez-vous\/medias\/le-reseau-canadien-des-survivants-du-cancer-vient-de-lancer-sa-campagne-electorale-quebec-2012\/#breadcrumb"},"inLanguage":"fr-FR","potentialAction":[{"@type":"ReadAction","target":["https:\/\/survivornet.ca\/fr\/reliez-vous\/medias\/le-reseau-canadien-des-survivants-du-cancer-vient-de-lancer-sa-campagne-electorale-quebec-2012\/"]}]},{"@type":"BreadcrumbList","@id":"https:\/\/survivornet.ca\/fr\/reliez-vous\/medias\/le-reseau-canadien-des-survivants-du-cancer-vient-de-lancer-sa-campagne-electorale-quebec-2012\/#breadcrumb","itemListElement":[{"@type":"ListItem","position":1,"name":"Home","item":"https:\/\/survivornet.ca\/fr\/"},{"@type":"ListItem","position":2,"name":"Connectez","item":"https:\/\/survivornet.ca\/fr\/reliez-vous\/"},{"@type":"ListItem","position":3,"name":"M\u00e9dias","item":"https:\/\/survivornet.ca\/fr\/reliez-vous\/medias\/"},{"@type":"ListItem","position":4,"name":"Le R\u00e9seau canadien des survivants du cancer vient de lancer sa campagne \u00e9lectorale Qu\u00e9bec 2012"}]},{"@type":"WebSite","@id":"https:\/\/survivornet.ca\/#website","url":"https:\/\/survivornet.ca\/","name":"Canadian Cancer Survivor Network","description":"The Canadian Cancer Survivor Network was created by a group of Canadians concerned about cancer.","publisher":{"@id":"https:\/\/survivornet.ca\/#organization"},"potentialAction":[{"@type":"SearchAction","target":{"@type":"EntryPoint","urlTemplate":"https:\/\/survivornet.ca\/?s={search_term_string}"},"query-input":{"@type":"PropertyValueSpecification","valueRequired":true,"valueName":"search_term_string"}}],"inLanguage":"fr-FR"},{"@type":"Organization","@id":"https:\/\/survivornet.ca\/#organization","name":"Canadian Cancer Survivor Network","url":"https:\/\/survivornet.ca\/","logo":{"@type":"ImageObject","inLanguage":"fr-FR","@id":"https:\/\/survivornet.ca\/#\/schema\/logo\/image\/","url":"http:\/\/survivornet.ca\/wp-content\/uploads\/2016\/12\/CCSN_Logo_EN_SQUARE.png","contentUrl":"http:\/\/survivornet.ca\/wp-content\/uploads\/2016\/12\/CCSN_Logo_EN_SQUARE.png","width":1209,"height":1007,"caption":"Canadian Cancer Survivor Network"},"image":{"@id":"https:\/\/survivornet.ca\/#\/schema\/logo\/image\/"}}]}},"_links":{"self":[{"href":"https:\/\/survivornet.ca\/fr\/wp-json\/wp\/v2\/pages\/5296","targetHints":{"allow":["GET"]}}],"collection":[{"href":"https:\/\/survivornet.ca\/fr\/wp-json\/wp\/v2\/pages"}],"about":[{"href":"https:\/\/survivornet.ca\/fr\/wp-json\/wp\/v2\/types\/page"}],"author":[{"embeddable":true,"href":"https:\/\/survivornet.ca\/fr\/wp-json\/wp\/v2\/users\/2"}],"replies":[{"embeddable":true,"href":"https:\/\/survivornet.ca\/fr\/wp-json\/wp\/v2\/comments?post=5296"}],"version-history":[{"count":0,"href":"https:\/\/survivornet.ca\/fr\/wp-json\/wp\/v2\/pages\/5296\/revisions"}],"up":[{"embeddable":true,"href":"https:\/\/survivornet.ca\/fr\/wp-json\/wp\/v2\/pages\/4488"}],"wp:attachment":[{"href":"https:\/\/survivornet.ca\/fr\/wp-json\/wp\/v2\/media?parent=5296"}],"curies":[{"name":"wp","href":"https:\/\/api.w.org\/{rel}","templated":true}]}}