{"id":5287,"date":"2017-06-12T14:53:57","date_gmt":"2017-06-12T14:53:57","guid":{"rendered":"https:\/\/survivornet.ca\/?page_id=5287\/"},"modified":"2017-06-12T14:54:24","modified_gmt":"2017-06-12T14:54:24","slug":"les-patients-atteints-du-cancer-et-les-aidants-ont-de-la-difficulte-trouver-un-travail-flexible","status":"publish","type":"page","link":"https:\/\/survivornet.ca\/fr\/reliez-vous\/medias\/les-patients-atteints-du-cancer-et-les-aidants-ont-de-la-difficulte-trouver-un-travail-flexible\/","title":{"rendered":"Les patients atteints du cancer et les aidants ont de la difficult\u00e9 \u00e0 trouver un travail flexible"},"content":{"rendered":"<p><strong>Les patients atteints du cancer et les aidants ont de la difficult\u00e9 \u00e0 trouver un travail flexible<\/strong><\/p>\n<p><em>Nouvelles donn\u00e9es publi\u00e9es sur le fardeau financier, \u00e9motif et d\u00e9cisionnel du cancer<\/em><\/p>\n<p><strong>LAVAL, Qu\u00e9bec, le 14\u00a0janvier\u00a02014 \u2013<\/strong>\u00a0Un sondage national de L\u00e9ger r\u00e9alis\u00e9 en 2013 aupr\u00e8s de patients atteints du cancer et de leurs aidants, demand\u00e9 par Sanofi Canada, montre sous un nouveau jour le fardeau financier, \u00e9motif et d\u00e9cisionnel important que la maladie impose aux patients atteints du cancer et \u00e0 leurs aidants. Selon le sondage, 18\u00a0% des patients ont de la difficult\u00e9 \u00e0 trouver des options de travail flexibles pendant qu\u2019ils luttent contre le cancer, tandis que 49\u00a0% de tous les aidants \u00e9prouvent aussi de la difficult\u00e9 \u00e0 int\u00e9grer les soins \u00e0 prodiguer \u00e0 la personne ch\u00e8re \u00e0 leur horaire de travail.<\/p>\n<p>D\u2019apr\u00e8s les aidants interrog\u00e9s, en plus d\u2019\u00eatre une source de stress financier, les soins aux personnes atteintes d\u2019un cancer ont des r\u00e9percussions sur leur style de vie ainsi que leur sant\u00e9 psychologique. Selon plusieurs, la maladie les force \u00e0 choisir entre le travail et les soins, y compris le fait de s\u2019absenter du travail ou de les emp\u00eacher de d\u00e9m\u00e9nager pour le travail.<\/p>\n<p>\u00ab\u00a0Tandis que la population vieillissante en croissance se fie \u00e0 une main-d\u2019\u0153uvre plus jeune, il faut continuer de mesurer les progr\u00e8s r\u00e9alis\u00e9s pour appuyer les personnes atteintes du cancer, et cr\u00e9er de nouvelles solutions. Il est essentiel pour tous les membres du domaine des soins de sant\u00e9 de trouver de nouvelles fa\u00e7ons, petites ou grandes, simples ou complexes, afin d\u2019aider les patients \u00e0 mieux g\u00e9rer leur vie, ainsi que de r\u00e9duire le fardeau impos\u00e9 aux aidants, constate Jon\u00a0Fairest, pr\u00e9sident-directeur g\u00e9n\u00e9ral de Sanofi Canada. La gestion du cancer ne s\u2019av\u00e8re pas seulement co\u00fbteuse pour notre syst\u00e8me de sant\u00e9; elle a aussi d\u2019importantes r\u00e9percussions n\u00e9gatives sur les gens qui font partie d\u2019un segment tr\u00e8s productif de notre main-d\u2019\u0153uvre et de notre \u00e9conomie.\u00a0\u00bb<\/p>\n<p>Selon la Soci\u00e9t\u00e9 canadienne du cancer, deux Canadiens sur cinq seront atteints d\u2019un cancer durant leur vie. Le risque d\u2019\u00eatre atteint du cancer chez les hommes atteint 46\u00a0% (ou 1\u00a0chance sur 2,2). Chez les femmes, la probabilit\u00e9 atteint 41\u00a0% (ou 1\u00a0chance sur 2,4)<sup>[1]<\/sup>.<\/p>\n<p><strong>Acc\u00e8s aux soins de sant\u00e9<\/strong><\/p>\n<p>Le fardeau des personnes trait\u00e9es pour un cancer est d\u00e9j\u00e0 \u00e9lev\u00e9 en raison des pr\u00e9occupations sur le plan de la sant\u00e9. Cependant, pour 15\u00a0% des patients et 29\u00a0% des aidants, la situation est compliqu\u00e9e davantage par la difficult\u00e9 d\u2019acc\u00e9der aux traitements les plus r\u00e9cents ou efficaces, en plus des pr\u00e9occupations touchant le remboursement du co\u00fbt des m\u00e9dicaments, les traitements longs et intensifs et la perte de salaire.<\/p>\n<p>\u00ab\u00a0Lorsque vous regardez le sondage et constatez que 6\u00a0% des patients d\u00e9clarent \u00e9prouver de la difficult\u00e9 \u00e0 acc\u00e9der aux soins de sant\u00e9, et que 19\u00a0% des aidants d\u00e9clarent la m\u00eame chose, vous en venez \u00e0 la conclusion que ces statistiques sont trop \u00e9lev\u00e9es pour un pays comme le Canada. Tous les Canadiens devraient avoir acc\u00e8s \u00e0 des traitements qui augmentent clairement la qualit\u00e9 de vie et am\u00e9liorent l\u2019issue du cancer, ajoute Jon\u00a0Fairest. Lorsque vous obtenez, gr\u00e2ce \u00e0 ces donn\u00e9es, le nombre de Canadiens qui pourraient \u00eatre atteints d\u2019un cancer pendant leur vie, vous parlez de milliers de personnes qui ont de la difficult\u00e9 \u00e0 acc\u00e9der aux soins.\u00a0\u00bb<\/p>\n<p>Des patients sond\u00e9s, 28\u00a0% vivaient avec un cancer, et 72\u00a0% en avaient eu un dans le pass\u00e9. Cela explique pourquoi il y a diff\u00e9rentes perceptions quant \u00e0 la difficult\u00e9 d\u2019acc\u00e9der aux traitements. En raison des r\u00e9ponses au sondage, il est possible de conclure que les aidants peuvent avoir cach\u00e9 aux personnes \u00e0 charge la difficult\u00e9 qu\u2019ils \u00e9prouvent \u00e0 g\u00e9rer l\u2019acc\u00e8s.<\/p>\n<p>\u00ab\u00a0Les patients atteints du cancer et qui d\u00e9pendent du syst\u00e8me public, sans \u00e9gard \u00e0 l\u2019endroit o\u00f9 ils vivent, doivent avoir un acc\u00e8s \u00e9gal et rapide aux traitements existants. Cela souligne l\u2019importance pour les gouvernements provinciaux d\u2019ajouter \u00e0 la liste les options de traitement approuv\u00e9es par les autorit\u00e9s canadiennes dans le domaine de la sant\u00e9, ajoute M.\u00a0Fairest. Sanofi Canada soutient le principe de l\u2019acc\u00e8s au bon traitement pour le bon patient, au bon moment. L\u2019acc\u00e8s aux traitements de lutte contre le cancer devrait \u00eatre universel. Nous devrions d\u00e9ployer tous les efforts possibles pour assurer un acc\u00e8s complet \u00e0 l\u2019\u00e9chelle du pays.\u00a0\u00bb<\/p>\n<p><strong>Tra\u00eener le fardeau qu\u2019est le cancer<\/strong><\/p>\n<p>Selon le sondage, la majorit\u00e9 des aidants des personnes canc\u00e9reuses sont des femmes. Soixante-trois\u00a0pour\u00a0cent des femmes s\u2019occupent de la gestion de la maladie et des traitements, par rapport \u00e0 37\u00a0% des hommes. La majorit\u00e9 des aidants des patients en oncologie sont \u00e2g\u00e9s de moins de 54\u00a0ans (69\u00a0%). Pour leur part, la majorit\u00e9 des patients sont \u00e2g\u00e9s de 55\u00a0ans et plus (75\u00a0%).<\/p>\n<p>Tout en mettant l\u2019accent sur l\u2019importance de leur r\u00f4le, et la reconnaissance qu\u2019ils ont \u00e0 l\u2019\u00e9gard de la vie et de la sant\u00e9 apr\u00e8s avoir pris soin d\u2019une personne ch\u00e8re atteinte du cancer, les aidants ont d\u00e9crit les r\u00e9percussions n\u00e9gatives que le cancer a eues sur leur sant\u00e9 mentale, mentionnant que le processus a \u00e9t\u00e9 \u00ab\u00a0terrible sur le plan \u00e9motif, d\u00e9primant et stressant\u00a0\u00bb.<\/p>\n<p>Selon les aidants, ils n\u2019ont re\u00e7u aucune aide de l\u2019ext\u00e9rieur pour offrir leurs soins, autre que l\u2019aide fournie par la famille et les amis, afin d\u2019aider \u00e0 g\u00e9rer le traitement pour le cancer de la personne ch\u00e8re.<\/p>\n<p>\u00ab\u00a0Il est difficile de s\u2019occuper de patients canc\u00e9reux, a d\u00e9clar\u00e9 Jackie Manthrone, pr\u00e9sidente et chef de la direction du R\u00e9seau canadien des survivants du cancer. Les gens atteints du cancer ont besoin d\u2019une vaste gamme de services financiers et de soutien pour leur permettre d\u2019avoir acc\u00e8s aux m\u00e9dicaments dont ils ont besoin, aux services offerts \u00e0 proximit\u00e9 de leur r\u00e9sidence ainsi qu\u2019aux services psychologiques, de nutrition et de conditionnement physique qui les appuient pendant le processus de gu\u00e9rison.\u00a0\u00bb<\/p>\n<p>Pour r\u00e9duire le fardeau associ\u00e9 \u00e0 la gestion du cancer et \u00e0 son traitement, 75\u00a0% des aidants sont en faveur des soins externes pour les patients canc\u00e9reux, et 87\u00a0% disent que leur personne \u00e0 charge serait probablement pr\u00eate \u00e0 recevoir des traitements \u00e0 la maison. Dans l\u2019ensemble, les patients sont aussi en faveur de soins externes. Selon 80\u00a0% de ceux-ci, ils utiliseraient un service leur permettant de recevoir des traitements \u00e0 la maison.<\/p>\n<p>\u00ab\u00a0Sanofi comprend que les aidants jouent un r\u00f4le essentiel pour la gestion optimale des patients atteints du cancer et qu\u2019ils occupent une place pr\u00e9pond\u00e9rante dans les enjeux \u00e9conomiques touchant les soins aux patients canc\u00e9reux, ajoute Victoria\u00a0Vertesi, vice-pr\u00e9sidente de l\u2019Unit\u00e9 centr\u00e9e sur le patient en h\u00f4pital, Sanofi Canada. C\u2019est pourquoi notre approche centr\u00e9e sur le patient comprend les soins aux aidants. Au Canada, nous sommes pr\u00eats \u00e0 adopter des solutions novatrices qui aident les patients et permettent aux aidants de retrouver une vie saine et productive.\u00a0\u00bb<\/p>\n<p><strong>\u00c0 propos du sondage<\/strong><\/p>\n<p>Le sondage a \u00e9t\u00e9 r\u00e9alis\u00e9 en ligne en mai\u00a02013, par l\u2019entremise du groupe en ligne de L\u00e9ger,\u00a0<em>LegerWeb.<\/em><\/p>\n<p>L\u2019\u00e9chantillon comptait 502\u00a0Canadiens (301\u00a0patients et 201\u00a0aidants) atteints du cancer, ayant eu le cancer, qui sont actuellement des aidants pour un canc\u00e9reux ou qui ont \u00e9t\u00e9 des aidants.<\/p>\n<p>Un \u00e9chantillon al\u00e9atoire de m\u00eame taille donnerait une marge d\u2019erreur de \u00b14,4\u00a0%, 19\u00a0fois sur 20.<\/p>\n<p><strong>\u00c0 propos de Sanofi<\/strong><\/p>\n<p>Sanofi est un leader mondial et int\u00e9gr\u00e9 de la sant\u00e9 qui recherche, d\u00e9veloppe et commercialise des solutions th\u00e9rapeutiques centr\u00e9es sur les besoins des patients. Sanofi poss\u00e8de des atouts fondamentaux dans le domaine des soins de sant\u00e9 avec sept plateformes de croissance\u00a0: la prise en charge du diab\u00e8te, les vaccins humains, les m\u00e9dicaments innovateurs, la sant\u00e9 grand public, les march\u00e9s \u00e9mergents, la sant\u00e9 animale et Genzyme, sa nouvelle acquisition. Sanofi est cot\u00e9e \u00e0 Paris (EURONEXT\u00a0: SAN) et \u00e0 New-York (NYSE\u00a0: SNY).<\/p>\n<p>Les soci\u00e9t\u00e9s Sanofi du Canada regroupent Sanofi Canada (produits pharmaceutiques), Sanofi Pasteur (vaccins), Sanofi Sant\u00e9 grand public (sant\u00e9 et beaut\u00e9), Genzyme (maladies rares) et Merial (sant\u00e9 animale). Collectivement, ces soci\u00e9t\u00e9s emploient plus de 1\u00a0700\u00a0personnes dans tout le pays. En\u00a02012, les soci\u00e9t\u00e9s Sanofi ont investi 122\u00a0millions de dollars en recherche et d\u00e9veloppement au Canada, stimulant la cr\u00e9ation d\u2019emplois, les \u00e9changes commerciaux et les occasions d\u2019affaires \u00e0 l\u2019\u00e9chelle du pays.<\/p>\n<p><em>Un r\u00e9sum\u00e9 des r\u00e9sultats du sondage est disponible en anglais seulement \u00e0 l\u2019adresse suivante\u00a0: LIEN<\/em><\/p>\n<p>Pour de plus amples renseignements ou pour obtenir une entrevue avec un patient atteint du cancer, une personne prenant soin d\u2019un patient canc\u00e9reux, un repr\u00e9sentant du R\u00e9seau canadien des survivants du cancer, et un repr\u00e9sentant de Sanofi Canada, veuillez communiquer avec\u00a0:<\/p>\n<p>Catherine R. Cunningham\u00a0\u00a0\u00a0\u00a0\u00a0\u00a0\u00a0\u00a0\u00a0\u00a0\u00a0\u00a0\u00a0\u00a0\u00a0\u00a0\u00a0\u00a0\u00a0\u00a0\u00a0\u00a0\u00a0\u00a0\u00a0\u00a0\u00a0\u00a0\u00a0 Kristin Gable<\/p>\n<p>Sanofi Canada \u00a0 \u00a0 \u00a0 \u00a0 \u00a0 \u00a0 \u00a0 \u00a0 \u00a0 \u00a0 \u00a0 \u00a0 \u00a0 \u00a0 \u00a0 \u00a0 \u00a0 \u00a0 \u00a0 \u00a0 \u00a0 \u00a0 \u00a0Le Cabinet de relations publiques NATIONAL<\/p>\n<p>T\u00e9l : 514-956-6120 \u00a0 \u00a0 \u00a0 \u00a0 \u00a0 \u00a0 \u00a0 \u00a0 \u00a0 \u00a0 \u00a0 \u00a0 \u00a0 \u00a0 \u00a0 \u00a0 \u00a0 \u00a0 \u00a0 \u00a0T\u00e9l : 514-843-2378<\/p>\n<p>Cell : 514-713-1634 \u00a0 \u00a0 \u00a0 \u00a0 \u00a0 \u00a0 \u00a0 \u00a0 \u00a0 \u00a0 \u00a0 \u00a0 \u00a0 \u00a0 \u00a0 \u00a0 \u00a0 \u00a0 \u00a0Cell : 514-209-0984<\/p>\n<p>Catherine.cunningham@sanofi.com \u00a0 \u00a0 \u00a0 \u00a0 \u00a0 \u00a0 \u00a0 KGable@national.ca<\/p>\n<p>&nbsp;<\/p>\n<div>\n<hr align=\"left\" size=\"1\" width=\"33%\" \/>\n<div id=\"ftn1\">\n<p>[1]\u00a0Canadian Cancer Statistics 2013, Produced by Canadian Cancer Society, Statistics Canada, Public Health Agency of Canada, Provincial\/Territorial Cancer Registries cancer.ca\/statistics May 2013<\/p>\n<\/div>\n<\/div>\n","protected":false},"excerpt":{"rendered":"<p>Les patients atteints du cancer et les aidants ont de la difficult\u00e9 \u00e0 trouver un travail flexible Nouvelles donn\u00e9es publi\u00e9es sur le fardeau financier, \u00e9motif et d\u00e9cisionnel du cancer LAVAL, Qu\u00e9bec, le<\/p>\n","protected":false},"author":2,"featured_media":0,"parent":4488,"menu_order":3,"comment_status":"closed","ping_status":"closed","template":"","meta":{"_acf_changed":false,"footnotes":""},"class_list":["post-5287","page","type-page","status-publish","hentry"],"acf":[],"yoast_head":"<!-- This site is optimized with the Yoast SEO plugin v27.4 - https:\/\/yoast.com\/product\/yoast-seo-wordpress\/ -->\n<title>Les patients atteints du cancer et les aidants ont de la difficult\u00e9 \u00e0 trouver un travail flexible - Canadian Cancer Survivor Network<\/title>\n<meta name=\"robots\" content=\"index, follow, max-snippet:-1, max-image-preview:large, max-video-preview:-1\" \/>\n<link rel=\"canonical\" href=\"https:\/\/survivornet.ca\/fr\/reliez-vous\/medias\/les-patients-atteints-du-cancer-et-les-aidants-ont-de-la-difficulte-trouver-un-travail-flexible\/\" \/>\n<meta property=\"og:locale\" content=\"fr_FR\" \/>\n<meta property=\"og:type\" content=\"article\" \/>\n<meta property=\"og:title\" content=\"Les patients atteints du cancer et les aidants ont de la difficult\u00e9 \u00e0 trouver un travail flexible - Canadian Cancer Survivor Network\" \/>\n<meta property=\"og:description\" content=\"Les patients atteints du cancer et les aidants ont de la difficult\u00e9 \u00e0 trouver un travail flexible Nouvelles donn\u00e9es publi\u00e9es sur le fardeau financier, \u00e9motif et d\u00e9cisionnel du cancer LAVAL, Qu\u00e9bec, le\" \/>\n<meta property=\"og:url\" content=\"https:\/\/survivornet.ca\/fr\/reliez-vous\/medias\/les-patients-atteints-du-cancer-et-les-aidants-ont-de-la-difficulte-trouver-un-travail-flexible\/\" \/>\n<meta property=\"og:site_name\" content=\"Canadian Cancer Survivor Network\" \/>\n<meta property=\"article:modified_time\" content=\"2017-06-12T14:54:24+00:00\" \/>\n<meta name=\"twitter:card\" content=\"summary_large_image\" \/>\n<meta name=\"twitter:label1\" content=\"Dur\u00e9e de lecture estim\u00e9e\" \/>\n\t<meta name=\"twitter:data1\" content=\"8 minutes\" \/>\n<script type=\"application\/ld+json\" class=\"yoast-schema-graph\">{\"@context\":\"https:\\\/\\\/schema.org\",\"@graph\":[{\"@type\":\"WebPage\",\"@id\":\"https:\\\/\\\/survivornet.ca\\\/fr\\\/reliez-vous\\\/medias\\\/les-patients-atteints-du-cancer-et-les-aidants-ont-de-la-difficulte-trouver-un-travail-flexible\\\/\",\"url\":\"https:\\\/\\\/survivornet.ca\\\/fr\\\/reliez-vous\\\/medias\\\/les-patients-atteints-du-cancer-et-les-aidants-ont-de-la-difficulte-trouver-un-travail-flexible\\\/\",\"name\":\"Les patients atteints du cancer et les aidants ont de la difficult\u00e9 \u00e0 trouver un travail flexible - Canadian Cancer Survivor Network\",\"isPartOf\":{\"@id\":\"https:\\\/\\\/survivornet.ca\\\/#website\"},\"datePublished\":\"2017-06-12T14:53:57+00:00\",\"dateModified\":\"2017-06-12T14:54:24+00:00\",\"breadcrumb\":{\"@id\":\"https:\\\/\\\/survivornet.ca\\\/fr\\\/reliez-vous\\\/medias\\\/les-patients-atteints-du-cancer-et-les-aidants-ont-de-la-difficulte-trouver-un-travail-flexible\\\/#breadcrumb\"},\"inLanguage\":\"fr-FR\",\"potentialAction\":[{\"@type\":\"ReadAction\",\"target\":[\"https:\\\/\\\/survivornet.ca\\\/fr\\\/reliez-vous\\\/medias\\\/les-patients-atteints-du-cancer-et-les-aidants-ont-de-la-difficulte-trouver-un-travail-flexible\\\/\"]}]},{\"@type\":\"BreadcrumbList\",\"@id\":\"https:\\\/\\\/survivornet.ca\\\/fr\\\/reliez-vous\\\/medias\\\/les-patients-atteints-du-cancer-et-les-aidants-ont-de-la-difficulte-trouver-un-travail-flexible\\\/#breadcrumb\",\"itemListElement\":[{\"@type\":\"ListItem\",\"position\":1,\"name\":\"Home\",\"item\":\"https:\\\/\\\/survivornet.ca\\\/fr\\\/\"},{\"@type\":\"ListItem\",\"position\":2,\"name\":\"Connectez\",\"item\":\"https:\\\/\\\/survivornet.ca\\\/fr\\\/reliez-vous\\\/\"},{\"@type\":\"ListItem\",\"position\":3,\"name\":\"M\u00e9dias\",\"item\":\"https:\\\/\\\/survivornet.ca\\\/fr\\\/reliez-vous\\\/medias\\\/\"},{\"@type\":\"ListItem\",\"position\":4,\"name\":\"Les patients atteints du cancer et les aidants ont de la difficult\u00e9 \u00e0 trouver un travail flexible\"}]},{\"@type\":\"WebSite\",\"@id\":\"https:\\\/\\\/survivornet.ca\\\/#website\",\"url\":\"https:\\\/\\\/survivornet.ca\\\/\",\"name\":\"Canadian Cancer Survivor Network\",\"description\":\"The Canadian Cancer Survivor Network was created by a group of Canadians concerned about cancer.\",\"publisher\":{\"@id\":\"https:\\\/\\\/survivornet.ca\\\/#organization\"},\"potentialAction\":[{\"@type\":\"SearchAction\",\"target\":{\"@type\":\"EntryPoint\",\"urlTemplate\":\"https:\\\/\\\/survivornet.ca\\\/?s={search_term_string}\"},\"query-input\":{\"@type\":\"PropertyValueSpecification\",\"valueRequired\":true,\"valueName\":\"search_term_string\"}}],\"inLanguage\":\"fr-FR\"},{\"@type\":\"Organization\",\"@id\":\"https:\\\/\\\/survivornet.ca\\\/#organization\",\"name\":\"Canadian Cancer Survivor Network\",\"url\":\"https:\\\/\\\/survivornet.ca\\\/\",\"logo\":{\"@type\":\"ImageObject\",\"inLanguage\":\"fr-FR\",\"@id\":\"https:\\\/\\\/survivornet.ca\\\/#\\\/schema\\\/logo\\\/image\\\/\",\"url\":\"http:\\\/\\\/survivornet.ca\\\/wp-content\\\/uploads\\\/2016\\\/12\\\/CCSN_Logo_EN_SQUARE.png\",\"contentUrl\":\"http:\\\/\\\/survivornet.ca\\\/wp-content\\\/uploads\\\/2016\\\/12\\\/CCSN_Logo_EN_SQUARE.png\",\"width\":1209,\"height\":1007,\"caption\":\"Canadian Cancer Survivor Network\"},\"image\":{\"@id\":\"https:\\\/\\\/survivornet.ca\\\/#\\\/schema\\\/logo\\\/image\\\/\"}}]}<\/script>\n<!-- \/ Yoast SEO plugin. -->","yoast_head_json":{"title":"Les patients atteints du cancer et les aidants ont de la difficult\u00e9 \u00e0 trouver un travail flexible - Canadian Cancer Survivor Network","robots":{"index":"index","follow":"follow","max-snippet":"max-snippet:-1","max-image-preview":"max-image-preview:large","max-video-preview":"max-video-preview:-1"},"canonical":"https:\/\/survivornet.ca\/fr\/reliez-vous\/medias\/les-patients-atteints-du-cancer-et-les-aidants-ont-de-la-difficulte-trouver-un-travail-flexible\/","og_locale":"fr_FR","og_type":"article","og_title":"Les patients atteints du cancer et les aidants ont de la difficult\u00e9 \u00e0 trouver un travail flexible - Canadian Cancer Survivor Network","og_description":"Les patients atteints du cancer et les aidants ont de la difficult\u00e9 \u00e0 trouver un travail flexible Nouvelles donn\u00e9es publi\u00e9es sur le fardeau financier, \u00e9motif et d\u00e9cisionnel du cancer LAVAL, Qu\u00e9bec, le","og_url":"https:\/\/survivornet.ca\/fr\/reliez-vous\/medias\/les-patients-atteints-du-cancer-et-les-aidants-ont-de-la-difficulte-trouver-un-travail-flexible\/","og_site_name":"Canadian Cancer Survivor Network","article_modified_time":"2017-06-12T14:54:24+00:00","twitter_card":"summary_large_image","twitter_misc":{"Dur\u00e9e de lecture estim\u00e9e":"8 minutes"},"schema":{"@context":"https:\/\/schema.org","@graph":[{"@type":"WebPage","@id":"https:\/\/survivornet.ca\/fr\/reliez-vous\/medias\/les-patients-atteints-du-cancer-et-les-aidants-ont-de-la-difficulte-trouver-un-travail-flexible\/","url":"https:\/\/survivornet.ca\/fr\/reliez-vous\/medias\/les-patients-atteints-du-cancer-et-les-aidants-ont-de-la-difficulte-trouver-un-travail-flexible\/","name":"Les patients atteints du cancer et les aidants ont de la difficult\u00e9 \u00e0 trouver un travail flexible - Canadian Cancer Survivor Network","isPartOf":{"@id":"https:\/\/survivornet.ca\/#website"},"datePublished":"2017-06-12T14:53:57+00:00","dateModified":"2017-06-12T14:54:24+00:00","breadcrumb":{"@id":"https:\/\/survivornet.ca\/fr\/reliez-vous\/medias\/les-patients-atteints-du-cancer-et-les-aidants-ont-de-la-difficulte-trouver-un-travail-flexible\/#breadcrumb"},"inLanguage":"fr-FR","potentialAction":[{"@type":"ReadAction","target":["https:\/\/survivornet.ca\/fr\/reliez-vous\/medias\/les-patients-atteints-du-cancer-et-les-aidants-ont-de-la-difficulte-trouver-un-travail-flexible\/"]}]},{"@type":"BreadcrumbList","@id":"https:\/\/survivornet.ca\/fr\/reliez-vous\/medias\/les-patients-atteints-du-cancer-et-les-aidants-ont-de-la-difficulte-trouver-un-travail-flexible\/#breadcrumb","itemListElement":[{"@type":"ListItem","position":1,"name":"Home","item":"https:\/\/survivornet.ca\/fr\/"},{"@type":"ListItem","position":2,"name":"Connectez","item":"https:\/\/survivornet.ca\/fr\/reliez-vous\/"},{"@type":"ListItem","position":3,"name":"M\u00e9dias","item":"https:\/\/survivornet.ca\/fr\/reliez-vous\/medias\/"},{"@type":"ListItem","position":4,"name":"Les patients atteints du cancer et les aidants ont de la difficult\u00e9 \u00e0 trouver un travail flexible"}]},{"@type":"WebSite","@id":"https:\/\/survivornet.ca\/#website","url":"https:\/\/survivornet.ca\/","name":"Canadian Cancer Survivor Network","description":"The Canadian Cancer Survivor Network was created by a group of Canadians concerned about cancer.","publisher":{"@id":"https:\/\/survivornet.ca\/#organization"},"potentialAction":[{"@type":"SearchAction","target":{"@type":"EntryPoint","urlTemplate":"https:\/\/survivornet.ca\/?s={search_term_string}"},"query-input":{"@type":"PropertyValueSpecification","valueRequired":true,"valueName":"search_term_string"}}],"inLanguage":"fr-FR"},{"@type":"Organization","@id":"https:\/\/survivornet.ca\/#organization","name":"Canadian Cancer Survivor Network","url":"https:\/\/survivornet.ca\/","logo":{"@type":"ImageObject","inLanguage":"fr-FR","@id":"https:\/\/survivornet.ca\/#\/schema\/logo\/image\/","url":"http:\/\/survivornet.ca\/wp-content\/uploads\/2016\/12\/CCSN_Logo_EN_SQUARE.png","contentUrl":"http:\/\/survivornet.ca\/wp-content\/uploads\/2016\/12\/CCSN_Logo_EN_SQUARE.png","width":1209,"height":1007,"caption":"Canadian Cancer Survivor Network"},"image":{"@id":"https:\/\/survivornet.ca\/#\/schema\/logo\/image\/"}}]}},"_links":{"self":[{"href":"https:\/\/survivornet.ca\/fr\/wp-json\/wp\/v2\/pages\/5287","targetHints":{"allow":["GET"]}}],"collection":[{"href":"https:\/\/survivornet.ca\/fr\/wp-json\/wp\/v2\/pages"}],"about":[{"href":"https:\/\/survivornet.ca\/fr\/wp-json\/wp\/v2\/types\/page"}],"author":[{"embeddable":true,"href":"https:\/\/survivornet.ca\/fr\/wp-json\/wp\/v2\/users\/2"}],"replies":[{"embeddable":true,"href":"https:\/\/survivornet.ca\/fr\/wp-json\/wp\/v2\/comments?post=5287"}],"version-history":[{"count":0,"href":"https:\/\/survivornet.ca\/fr\/wp-json\/wp\/v2\/pages\/5287\/revisions"}],"up":[{"embeddable":true,"href":"https:\/\/survivornet.ca\/fr\/wp-json\/wp\/v2\/pages\/4488"}],"wp:attachment":[{"href":"https:\/\/survivornet.ca\/fr\/wp-json\/wp\/v2\/media?parent=5287"}],"curies":[{"name":"wp","href":"https:\/\/api.w.org\/{rel}","templated":true}]}}