{"id":5285,"date":"2017-06-12T14:52:42","date_gmt":"2017-06-12T14:52:42","guid":{"rendered":"https:\/\/survivornet.ca\/?page_id=5285\/"},"modified":"2017-06-12T14:52:42","modified_gmt":"2017-06-12T14:52:42","slug":"celebration-de-la-journee-nationale-des-survivants-du-cancer-reseau-canadien-des-survivants-du-cancer","status":"publish","type":"page","link":"https:\/\/survivornet.ca\/fr\/reliez-vous\/medias\/celebration-de-la-journee-nationale-des-survivants-du-cancer-reseau-canadien-des-survivants-du-cancer\/","title":{"rendered":"C\u00e9l\u00e9bration de la Journ\u00e9e nationale des survivants du cancer \u2013 R\u00e9seau canadien des survivants du cancer"},"content":{"rendered":"<p><strong>POUR DIFFUSION IMM\u00c9DIATE: POUR PLUS DE RENSEIGNEMENT, VEUILLEZ CONTACTER:<\/strong><\/p>\n<p>Mona Forrest<br \/>\nR\u00e9seau canadien des survivants du cancer<br \/>\nT\u00e9l: 613-898-1871<br \/>\nCourriel: participate@survivornet.ca<\/p>\n<p><strong>C\u00e9l\u00e9bration de la Journ\u00e9e nationale des survivants du cancer \u2013<br \/>\nR\u00e9seau canadien des survivants du cancer<\/strong><\/p>\n<p>&nbsp;<\/p>\n<p>Ottawa, le 16 avril 2014 \u2013 \u00c0 l\u2019occasion de la Journ\u00e9e nationale des survivants du cancer et durant toute la premi\u00e8re semaine de juin, le RCSC tient \u00e0 honorer les survivants en organisant\u00a0 l\u2019\u00e9v\u00e8nement Pause Caf\u00e9 pour une bonne cause\u00a0: sensibiliser le grand public et ramasser des fonds dans le but de soutenir et aider les survivants du cancer.. Les fonds collect\u00e9s lors de l\u2019\u00e9v\u00e8nement serviront \u00e0 soutenir et \u00e0 habiliter les survivants du cancer.<\/p>\n<p>Cette ann\u00e9e,\u00a0 nous c\u00e9l\u00e9brerons la 27<sup>e<\/sup> \u00e9dition de la Journ\u00e9e nationale des Survivants du Cancer le 1<sup>ier<\/sup> juin. . Des c\u00e9r\u00e9monies et r\u00e9jouissances auront lieu dans des centaines de communaut\u00e9s dans le monde entier pour c\u00e9l\u00e9brer la vie, car la vie apr\u00e8s le cancer vaut bien la peine d\u2019\u00eatre v\u00e9cue. Ainsi dans un geste de solidarit\u00e9, des survivants du cancer, membres du personnel soignant, familles, amis et professionnels de la sant\u00e9 s\u2019uniront dans le but de d\u00e9montrer que, m\u00eame apr\u00e8s un diagnostic de cancer, on peut mener une vie enrichissante, productive et inspirante.<\/p>\n<p><img decoding=\"async\" src=\"http:\/\/old.survivornet.ca\/uploads\/images\/Coffee.jpg\" alt=\"\" \/><\/p>\n<p>Vous \u00eates donc cordialement invit\u00e9s \u00e0 organiser une Pause Caf\u00e9 dans vos bureaux, au sein de votre organisation ou dans votre foyer pour honorer le courage et la force des survivants du cancer. \u00ab\u00a0Survivre au cancer surpasse le fait de vivre tout simplement. C\u2019est une mani\u00e8re de penser, c\u2019est vivre pleinement chaque journ\u00e9e. Dans une ambiance de joie, de camaraderie, d\u2019espoir\u00a0 de confiance et d\u2019amour. Nous soulignerons \u00e9galement la contribution des familles, des amis et des professionnels de la sant\u00e9 \u00bb, dit Mona Forrest, membre du conseil d\u2019administration du RCSC et organisatrice de la Pause Caf\u00e9. \u00ab\u00a0Ce serait aussi l\u2019occasion de discuter des probl\u00e8mes auxquels font face les survivants du cancer aujourd\u2019hui\u00a0\u00bb.<\/p>\n<p>Toute personne ayant un historique de cancer \u2013 \u00e0 partir du moment diagnostic jusqu\u2019\u00e0 la fin de ses jours, est un survivant du cancer, selon la Fondation de la Journ\u00e9e nationale des survivants du cancer.<\/p>\n<p>Selon les Statistiques canadiennes sur le cancer 2013, durant les 10 ann\u00e9es pr\u00e9c\u00e9dant 2009, environ 838 724 Canadiens vivaient avec le cancer ou \u00e9taient en r\u00e9mission. En 2013 187 600 nouveaux cas ont \u00e9t\u00e9 diagnostiqu\u00e9s et plus de la moiti\u00e9 (52%) sont\u00a0 des cas de cancer du poumon, de cancer du sein, de cancer colorectal et de cancer de la prostate. Environ 2 Canadiens sur 5 seront atteints d\u2019un cancer au cours leur vie.<\/p>\n<p>Il est essentiel sur cette maladie car on peut pr\u00e9venir plusieurs types de cancer et on peut en gu\u00e9rir s\u2019ils sont trait\u00e9s \u00e0 un stade pr\u00e9coce.<\/p>\n<p>Les progr\u00e8s en mati\u00e8re de pr\u00e9vention, de d\u00e9tection pr\u00e9coce et de traitement ont permis une dur\u00e9e de vie plus longue qu\u2019auparavant. Cependant, un diagnostic de cancer peut entra\u00eener une s\u00e9rie de probl\u00e8mes d\u2019ordre physique, p\u00e9cuniaire et \u00e9motionnel, qui persistent souvent apr\u00e8s le diagnostic et le traitement. Les survivants du cancer font face \u00e0 de nombreux d\u00e9fis\u00a0: l\u2019acc\u00e8s \u00e0 des sp\u00e9cialistes du cancer ou \u00a0\u00e0 de nouveaux traitements des assurances inad\u00e9quates ou pas d\u2019assurances du tout, des difficult\u00e9s \u00e0 trouver de l\u2019emploi, des difficult\u00e9s psychosociales et parfois, un manque de compr\u00e9hension de leurs proches. Face \u00e0 ces probl\u00e8mes, notre communaut\u00e9 doit mettre l\u2019accent sur \u00a0l\u2019am\u00e9lioration de la qualit\u00e9 de vie \u00e0 ces survivants du cancer.<\/p>\n<p>\u00ab\u00a0Malgr\u00e9 ces d\u00e9fis les survivants du cancer sont une source d\u2019inspiration\u00a0pour nous tous; ils vivent une vie active et combl\u00e9e\u00a0\u00bb, souligne Mona Forrest.<\/p>\n<p>Pour vous inscrire l\u2019\u00e9v\u00e9nement b\u00e9n\u00e9fice Pause Caf\u00e9, veuillez envoyer un courriel \u00e0 l\u2019adresse suivante\u00a0: <a href=\"mailto:participate@survivornet.ca\">participate@survivornet.ca<\/a> et \u00e9crivez tout simplement\u00a0: \u00ab\u00a0Je suis partant (e)\u00a0!\u00a0\u00bb.<\/p>\n","protected":false},"excerpt":{"rendered":"<p>POUR DIFFUSION IMM\u00c9DIATE: POUR PLUS DE RENSEIGNEMENT, VEUILLEZ CONTACTER: Mona Forrest R\u00e9seau canadien des survivants du cancer T\u00e9l: 613-898-1871 Courriel: participate@survivornet.ca C\u00e9l\u00e9bration de la Journ\u00e9e nationale des survivants du cancer \u2013 R\u00e9seau<\/p>\n","protected":false},"author":2,"featured_media":0,"parent":4488,"menu_order":2,"comment_status":"closed","ping_status":"closed","template":"","meta":{"_acf_changed":false,"footnotes":""},"class_list":["post-5285","page","type-page","status-publish","hentry"],"acf":[],"yoast_head":"<!-- This site is optimized with the Yoast SEO plugin v27.4 - https:\/\/yoast.com\/product\/yoast-seo-wordpress\/ -->\n<title>C\u00e9l\u00e9bration de la Journ\u00e9e nationale des survivants du cancer \u2013 R\u00e9seau canadien des survivants du cancer - Canadian Cancer Survivor Network<\/title>\n<meta name=\"robots\" content=\"index, follow, max-snippet:-1, max-image-preview:large, max-video-preview:-1\" \/>\n<link rel=\"canonical\" href=\"https:\/\/survivornet.ca\/fr\/reliez-vous\/medias\/celebration-de-la-journee-nationale-des-survivants-du-cancer-reseau-canadien-des-survivants-du-cancer\/\" \/>\n<meta property=\"og:locale\" content=\"fr_FR\" \/>\n<meta property=\"og:type\" content=\"article\" \/>\n<meta property=\"og:title\" content=\"C\u00e9l\u00e9bration de la Journ\u00e9e nationale des survivants du cancer \u2013 R\u00e9seau canadien des survivants du cancer - Canadian Cancer Survivor Network\" \/>\n<meta property=\"og:description\" content=\"POUR DIFFUSION IMM\u00c9DIATE: POUR PLUS DE RENSEIGNEMENT, VEUILLEZ CONTACTER: Mona Forrest R\u00e9seau canadien des survivants du cancer T\u00e9l: 613-898-1871 Courriel: participate@survivornet.ca C\u00e9l\u00e9bration de la Journ\u00e9e nationale des survivants du cancer \u2013 R\u00e9seau\" \/>\n<meta property=\"og:url\" content=\"https:\/\/survivornet.ca\/fr\/reliez-vous\/medias\/celebration-de-la-journee-nationale-des-survivants-du-cancer-reseau-canadien-des-survivants-du-cancer\/\" \/>\n<meta property=\"og:site_name\" content=\"Canadian Cancer Survivor Network\" \/>\n<meta property=\"og:image\" content=\"http:\/\/old.survivornet.ca\/uploads\/images\/Coffee.jpg\" \/>\n<meta name=\"twitter:card\" content=\"summary_large_image\" \/>\n<meta name=\"twitter:label1\" content=\"Dur\u00e9e de lecture estim\u00e9e\" \/>\n\t<meta name=\"twitter:data1\" content=\"3 minutes\" \/>\n<script type=\"application\/ld+json\" class=\"yoast-schema-graph\">{\"@context\":\"https:\\\/\\\/schema.org\",\"@graph\":[{\"@type\":\"WebPage\",\"@id\":\"https:\\\/\\\/survivornet.ca\\\/fr\\\/reliez-vous\\\/medias\\\/celebration-de-la-journee-nationale-des-survivants-du-cancer-reseau-canadien-des-survivants-du-cancer\\\/\",\"url\":\"https:\\\/\\\/survivornet.ca\\\/fr\\\/reliez-vous\\\/medias\\\/celebration-de-la-journee-nationale-des-survivants-du-cancer-reseau-canadien-des-survivants-du-cancer\\\/\",\"name\":\"C\u00e9l\u00e9bration de la Journ\u00e9e nationale des survivants du cancer \u2013 R\u00e9seau canadien des survivants du cancer - Canadian Cancer Survivor Network\",\"isPartOf\":{\"@id\":\"https:\\\/\\\/survivornet.ca\\\/#website\"},\"primaryImageOfPage\":{\"@id\":\"https:\\\/\\\/survivornet.ca\\\/fr\\\/reliez-vous\\\/medias\\\/celebration-de-la-journee-nationale-des-survivants-du-cancer-reseau-canadien-des-survivants-du-cancer\\\/#primaryimage\"},\"image\":{\"@id\":\"https:\\\/\\\/survivornet.ca\\\/fr\\\/reliez-vous\\\/medias\\\/celebration-de-la-journee-nationale-des-survivants-du-cancer-reseau-canadien-des-survivants-du-cancer\\\/#primaryimage\"},\"thumbnailUrl\":\"http:\\\/\\\/old.survivornet.ca\\\/uploads\\\/images\\\/Coffee.jpg\",\"datePublished\":\"2017-06-12T14:52:42+00:00\",\"breadcrumb\":{\"@id\":\"https:\\\/\\\/survivornet.ca\\\/fr\\\/reliez-vous\\\/medias\\\/celebration-de-la-journee-nationale-des-survivants-du-cancer-reseau-canadien-des-survivants-du-cancer\\\/#breadcrumb\"},\"inLanguage\":\"fr-FR\",\"potentialAction\":[{\"@type\":\"ReadAction\",\"target\":[\"https:\\\/\\\/survivornet.ca\\\/fr\\\/reliez-vous\\\/medias\\\/celebration-de-la-journee-nationale-des-survivants-du-cancer-reseau-canadien-des-survivants-du-cancer\\\/\"]}]},{\"@type\":\"ImageObject\",\"inLanguage\":\"fr-FR\",\"@id\":\"https:\\\/\\\/survivornet.ca\\\/fr\\\/reliez-vous\\\/medias\\\/celebration-de-la-journee-nationale-des-survivants-du-cancer-reseau-canadien-des-survivants-du-cancer\\\/#primaryimage\",\"url\":\"http:\\\/\\\/old.survivornet.ca\\\/uploads\\\/images\\\/Coffee.jpg\",\"contentUrl\":\"http:\\\/\\\/old.survivornet.ca\\\/uploads\\\/images\\\/Coffee.jpg\"},{\"@type\":\"BreadcrumbList\",\"@id\":\"https:\\\/\\\/survivornet.ca\\\/fr\\\/reliez-vous\\\/medias\\\/celebration-de-la-journee-nationale-des-survivants-du-cancer-reseau-canadien-des-survivants-du-cancer\\\/#breadcrumb\",\"itemListElement\":[{\"@type\":\"ListItem\",\"position\":1,\"name\":\"Home\",\"item\":\"https:\\\/\\\/survivornet.ca\\\/fr\\\/\"},{\"@type\":\"ListItem\",\"position\":2,\"name\":\"Connectez\",\"item\":\"https:\\\/\\\/survivornet.ca\\\/fr\\\/reliez-vous\\\/\"},{\"@type\":\"ListItem\",\"position\":3,\"name\":\"M\u00e9dias\",\"item\":\"https:\\\/\\\/survivornet.ca\\\/fr\\\/reliez-vous\\\/medias\\\/\"},{\"@type\":\"ListItem\",\"position\":4,\"name\":\"C\u00e9l\u00e9bration de la Journ\u00e9e nationale des survivants du cancer \u2013 R\u00e9seau canadien des survivants du cancer\"}]},{\"@type\":\"WebSite\",\"@id\":\"https:\\\/\\\/survivornet.ca\\\/#website\",\"url\":\"https:\\\/\\\/survivornet.ca\\\/\",\"name\":\"Canadian Cancer Survivor Network\",\"description\":\"The Canadian Cancer Survivor Network was created by a group of Canadians concerned about cancer.\",\"publisher\":{\"@id\":\"https:\\\/\\\/survivornet.ca\\\/#organization\"},\"potentialAction\":[{\"@type\":\"SearchAction\",\"target\":{\"@type\":\"EntryPoint\",\"urlTemplate\":\"https:\\\/\\\/survivornet.ca\\\/?s={search_term_string}\"},\"query-input\":{\"@type\":\"PropertyValueSpecification\",\"valueRequired\":true,\"valueName\":\"search_term_string\"}}],\"inLanguage\":\"fr-FR\"},{\"@type\":\"Organization\",\"@id\":\"https:\\\/\\\/survivornet.ca\\\/#organization\",\"name\":\"Canadian Cancer Survivor Network\",\"url\":\"https:\\\/\\\/survivornet.ca\\\/\",\"logo\":{\"@type\":\"ImageObject\",\"inLanguage\":\"fr-FR\",\"@id\":\"https:\\\/\\\/survivornet.ca\\\/#\\\/schema\\\/logo\\\/image\\\/\",\"url\":\"http:\\\/\\\/survivornet.ca\\\/wp-content\\\/uploads\\\/2016\\\/12\\\/CCSN_Logo_EN_SQUARE.png\",\"contentUrl\":\"http:\\\/\\\/survivornet.ca\\\/wp-content\\\/uploads\\\/2016\\\/12\\\/CCSN_Logo_EN_SQUARE.png\",\"width\":1209,\"height\":1007,\"caption\":\"Canadian Cancer Survivor Network\"},\"image\":{\"@id\":\"https:\\\/\\\/survivornet.ca\\\/#\\\/schema\\\/logo\\\/image\\\/\"}}]}<\/script>\n<!-- \/ Yoast SEO plugin. -->","yoast_head_json":{"title":"C\u00e9l\u00e9bration de la Journ\u00e9e nationale des survivants du cancer \u2013 R\u00e9seau canadien des survivants du cancer - Canadian Cancer Survivor Network","robots":{"index":"index","follow":"follow","max-snippet":"max-snippet:-1","max-image-preview":"max-image-preview:large","max-video-preview":"max-video-preview:-1"},"canonical":"https:\/\/survivornet.ca\/fr\/reliez-vous\/medias\/celebration-de-la-journee-nationale-des-survivants-du-cancer-reseau-canadien-des-survivants-du-cancer\/","og_locale":"fr_FR","og_type":"article","og_title":"C\u00e9l\u00e9bration de la Journ\u00e9e nationale des survivants du cancer \u2013 R\u00e9seau canadien des survivants du cancer - Canadian Cancer Survivor Network","og_description":"POUR DIFFUSION IMM\u00c9DIATE: POUR PLUS DE RENSEIGNEMENT, VEUILLEZ CONTACTER: Mona Forrest R\u00e9seau canadien des survivants du cancer T\u00e9l: 613-898-1871 Courriel: participate@survivornet.ca C\u00e9l\u00e9bration de la Journ\u00e9e nationale des survivants du cancer \u2013 R\u00e9seau","og_url":"https:\/\/survivornet.ca\/fr\/reliez-vous\/medias\/celebration-de-la-journee-nationale-des-survivants-du-cancer-reseau-canadien-des-survivants-du-cancer\/","og_site_name":"Canadian Cancer Survivor Network","og_image":[{"url":"http:\/\/old.survivornet.ca\/uploads\/images\/Coffee.jpg","type":"","width":"","height":""}],"twitter_card":"summary_large_image","twitter_misc":{"Dur\u00e9e de lecture estim\u00e9e":"3 minutes"},"schema":{"@context":"https:\/\/schema.org","@graph":[{"@type":"WebPage","@id":"https:\/\/survivornet.ca\/fr\/reliez-vous\/medias\/celebration-de-la-journee-nationale-des-survivants-du-cancer-reseau-canadien-des-survivants-du-cancer\/","url":"https:\/\/survivornet.ca\/fr\/reliez-vous\/medias\/celebration-de-la-journee-nationale-des-survivants-du-cancer-reseau-canadien-des-survivants-du-cancer\/","name":"C\u00e9l\u00e9bration de la Journ\u00e9e nationale des survivants du cancer \u2013 R\u00e9seau canadien des survivants du cancer - Canadian Cancer Survivor Network","isPartOf":{"@id":"https:\/\/survivornet.ca\/#website"},"primaryImageOfPage":{"@id":"https:\/\/survivornet.ca\/fr\/reliez-vous\/medias\/celebration-de-la-journee-nationale-des-survivants-du-cancer-reseau-canadien-des-survivants-du-cancer\/#primaryimage"},"image":{"@id":"https:\/\/survivornet.ca\/fr\/reliez-vous\/medias\/celebration-de-la-journee-nationale-des-survivants-du-cancer-reseau-canadien-des-survivants-du-cancer\/#primaryimage"},"thumbnailUrl":"http:\/\/old.survivornet.ca\/uploads\/images\/Coffee.jpg","datePublished":"2017-06-12T14:52:42+00:00","breadcrumb":{"@id":"https:\/\/survivornet.ca\/fr\/reliez-vous\/medias\/celebration-de-la-journee-nationale-des-survivants-du-cancer-reseau-canadien-des-survivants-du-cancer\/#breadcrumb"},"inLanguage":"fr-FR","potentialAction":[{"@type":"ReadAction","target":["https:\/\/survivornet.ca\/fr\/reliez-vous\/medias\/celebration-de-la-journee-nationale-des-survivants-du-cancer-reseau-canadien-des-survivants-du-cancer\/"]}]},{"@type":"ImageObject","inLanguage":"fr-FR","@id":"https:\/\/survivornet.ca\/fr\/reliez-vous\/medias\/celebration-de-la-journee-nationale-des-survivants-du-cancer-reseau-canadien-des-survivants-du-cancer\/#primaryimage","url":"http:\/\/old.survivornet.ca\/uploads\/images\/Coffee.jpg","contentUrl":"http:\/\/old.survivornet.ca\/uploads\/images\/Coffee.jpg"},{"@type":"BreadcrumbList","@id":"https:\/\/survivornet.ca\/fr\/reliez-vous\/medias\/celebration-de-la-journee-nationale-des-survivants-du-cancer-reseau-canadien-des-survivants-du-cancer\/#breadcrumb","itemListElement":[{"@type":"ListItem","position":1,"name":"Home","item":"https:\/\/survivornet.ca\/fr\/"},{"@type":"ListItem","position":2,"name":"Connectez","item":"https:\/\/survivornet.ca\/fr\/reliez-vous\/"},{"@type":"ListItem","position":3,"name":"M\u00e9dias","item":"https:\/\/survivornet.ca\/fr\/reliez-vous\/medias\/"},{"@type":"ListItem","position":4,"name":"C\u00e9l\u00e9bration de la Journ\u00e9e nationale des survivants du cancer \u2013 R\u00e9seau canadien des survivants du cancer"}]},{"@type":"WebSite","@id":"https:\/\/survivornet.ca\/#website","url":"https:\/\/survivornet.ca\/","name":"Canadian Cancer Survivor Network","description":"The Canadian Cancer Survivor Network was created by a group of Canadians concerned about cancer.","publisher":{"@id":"https:\/\/survivornet.ca\/#organization"},"potentialAction":[{"@type":"SearchAction","target":{"@type":"EntryPoint","urlTemplate":"https:\/\/survivornet.ca\/?s={search_term_string}"},"query-input":{"@type":"PropertyValueSpecification","valueRequired":true,"valueName":"search_term_string"}}],"inLanguage":"fr-FR"},{"@type":"Organization","@id":"https:\/\/survivornet.ca\/#organization","name":"Canadian Cancer Survivor Network","url":"https:\/\/survivornet.ca\/","logo":{"@type":"ImageObject","inLanguage":"fr-FR","@id":"https:\/\/survivornet.ca\/#\/schema\/logo\/image\/","url":"http:\/\/survivornet.ca\/wp-content\/uploads\/2016\/12\/CCSN_Logo_EN_SQUARE.png","contentUrl":"http:\/\/survivornet.ca\/wp-content\/uploads\/2016\/12\/CCSN_Logo_EN_SQUARE.png","width":1209,"height":1007,"caption":"Canadian Cancer Survivor Network"},"image":{"@id":"https:\/\/survivornet.ca\/#\/schema\/logo\/image\/"}}]}},"_links":{"self":[{"href":"https:\/\/survivornet.ca\/fr\/wp-json\/wp\/v2\/pages\/5285","targetHints":{"allow":["GET"]}}],"collection":[{"href":"https:\/\/survivornet.ca\/fr\/wp-json\/wp\/v2\/pages"}],"about":[{"href":"https:\/\/survivornet.ca\/fr\/wp-json\/wp\/v2\/types\/page"}],"author":[{"embeddable":true,"href":"https:\/\/survivornet.ca\/fr\/wp-json\/wp\/v2\/users\/2"}],"replies":[{"embeddable":true,"href":"https:\/\/survivornet.ca\/fr\/wp-json\/wp\/v2\/comments?post=5285"}],"version-history":[{"count":0,"href":"https:\/\/survivornet.ca\/fr\/wp-json\/wp\/v2\/pages\/5285\/revisions"}],"up":[{"embeddable":true,"href":"https:\/\/survivornet.ca\/fr\/wp-json\/wp\/v2\/pages\/4488"}],"wp:attachment":[{"href":"https:\/\/survivornet.ca\/fr\/wp-json\/wp\/v2\/media?parent=5285"}],"curies":[{"name":"wp","href":"https:\/\/api.w.org\/{rel}","templated":true}]}}