{"id":5283,"date":"2017-06-12T14:51:59","date_gmt":"2017-06-12T14:51:59","guid":{"rendered":"https:\/\/survivornet.ca\/?page_id=5283\/"},"modified":"2017-06-12T14:51:59","modified_gmt":"2017-06-12T14:51:59","slug":"et-si-se-reunissait-autour-dun-cafe-pour-la-bonne-cause","status":"publish","type":"page","link":"https:\/\/survivornet.ca\/fr\/reliez-vous\/medias\/et-si-se-reunissait-autour-dun-cafe-pour-la-bonne-cause\/","title":{"rendered":"Et si on se r\u00e9unissait autour d\u2019un caf\u00e9 pour la bonne cause ?"},"content":{"rendered":"<p align=\"center\"><em>Le R\u00e9seau canadien des Survivants du Cancer c\u00e9l\u00e8bre<br \/>\nla Journ\u00e9e nationale des Survivants du Cancer<br \/>\nen organisant une Pause Caf\u00e9 et vous \u00eates invit\u00e9s \u00e0 vous joindre \u00e0 eux<\/em><\/p>\n<p>&nbsp;<\/p>\n<p>[Ottawa] \u2013 Le 1<sup>ier<\/sup> juin 2014 est la Journ\u00e9e nationale des Survivants du Cancer. Durant toute la premi\u00e8re semaine de juin, le RCSC tient \u00e0 honorer les survivants en organisant\u00a0 l\u2019\u00e9v\u00e8nement Pause Caf\u00e9 pour une bonne cause\u00a0: sensibiliser le grand public et ramasser des fonds dans le but de soutenir les survivants du cancer et am\u00e9liorer leur qualit\u00e9 de vie.<\/p>\n<p>Le RCSC invite les particuliers et les soci\u00e9t\u00e9s \u00e0 travers le pays \u00e0 tenir une Pause Caf\u00e9 dans leurs \u00a0bureaux ou au sein de leur foyer. Invitez vos amis et vos coll\u00e8gues \u00e0 prendre un caf\u00e9 ou un th\u00e9 moyennant une petite contribution qui servira \u00e0 soutenir les survivants \u00e0 cette maladie, ceux qui ont un historique de cancer \u2013 \u00e0 partir du moment du diagnostic jusqu\u2019\u00e0 la fin de leurs jours \u2013 et qui inspirent les autres \u00e0 mieux saisir le parcours d\u2019un survivant du cancer.<\/p>\n<p>\u00ab\u00a0Survivre au cancer surpasse le fait de vivre tout simplement. C\u2019est une mani\u00e8re de penser, c\u2019est vivre pleinement chaque journ\u00e9e. Dans une ambiance de joie, de camaraderie, d\u2019espoir\u00a0 de confiance et d\u2019amour, nous honorerons la force et le courage des survivants du cancer. Nous soulignerons \u00e9galement la contribution des familles, des amis et des professionnels de la sant\u00e9 \u00bb, dit Mona Forrest, membre du conseil d\u2019administration du RCSC et organisatrice de la Pause Caf\u00e9. \u00ab\u00a0Ce serait aussi l\u2019occasion de discuter des probl\u00e8mes auxquels font face les survivants du cancer aujourd\u2019hui\u00a0\u00bb.<\/p>\n<p>Selon les Statistiques canadiennes sur le cancer 2013, durant les 10 ann\u00e9es pr\u00e9c\u00e9dant 2009, environ <strong>838 724<\/strong> Canadiens vivaient avec le cancer ou \u00e9taient en r\u00e9mission. Les progr\u00e8s en mati\u00e8re de pr\u00e9vention, de d\u00e9tection pr\u00e9coce et de traitement ont permis une dur\u00e9e de vie plus longue qu\u2019auparavant. Cependant, un diagnostic de cancer peut entra\u00eener une s\u00e9rie de probl\u00e8mes d\u2019ordre physique, p\u00e9cuniaire et \u00e9motionnel, qui persistent souvent apr\u00e8s le diagnostic et le traitement. Les survivants du cancer font face \u00e0 de nombreux d\u00e9fis\u00a0: l\u2019acc\u00e8s \u00e0 des sp\u00e9cialistes du cancer ou\u00a0 \u00e0 de nouveaux traitements, une assurance inad\u00e9quate ou pas d\u2019assurance du tout, des difficult\u00e9s \u00e0 trouver de l\u2019emploi, des difficult\u00e9s psychosociales et parfois, un manque de compr\u00e9hension de leurs proches.<\/p>\n<p>\u00ab\u00a0Malgr\u00e9 ces d\u00e9fis, les survivants du cancer sont une source d\u2019inspiration\u00a0pour nous tous; ils vivent une vie active et combl\u00e9e\u00a0\u00bb, souligne Mona Forrest.<\/p>\n<p>Pour vous inscrire \u00e0 l\u2019\u00e9v\u00e9nement b\u00e9n\u00e9fice Pause Caf\u00e9, veuillez envoyer un courriel \u00e0 <a href=\"mailto:participate@survivornet.ca\">participate@survivornet.ca<\/a> pour recevoir une trousse d\u2019inscription.<br \/>\n<strong>Au sujet de la Journ\u00e9e nationale des Survivants du Cancer<\/strong><\/p>\n<p>La Journ\u00e9e nationale des Survivants du Cancer se tiendra le dimanche \u00a01<sup>ier<\/sup> juin 2014. Cette ann\u00e9e,\u00a0 nous c\u00e9l\u00e9brerons la 27<sup>e<\/sup> \u00e9dition de la Journ\u00e9e nationale des Survivants du Cancer. Des c\u00e9r\u00e9monies et r\u00e9jouissances auront lieu dans des centaines de communaut\u00e9s dans le monde entier pour c\u00e9l\u00e9brer la vie, car la vie apr\u00e8s le cancer vaut bien la peine d\u2019\u00eatre v\u00e9cue. Ainsi dans un geste de solidarit\u00e9, des survivants du cancer, membres du personnel soignant, familles, amis et professionnels de la sant\u00e9 s\u2019uniront dans le but de d\u00e9montrer que, m\u00eame apr\u00e8s un diagnostic de cancer, on peut mener une vie enrichissante, productive et inspirante.<\/p>\n<p>Face \u00e0 ces probl\u00e8mes, notre communaut\u00e9 doit mettre l\u2019accent sur\u00a0 l\u2019am\u00e9lioration de la qualit\u00e9 de vie de \u00a0ces survivants du cancer.<\/p>\n<p><strong>Le <\/strong><strong>R\u00e9seau canadien des Survivants du Cancer (RCSC)<\/strong><br \/>\nLe R\u00e9seau canadien des Survivants du Cancer travaille \u00e0 cr\u00e9er un pont entre ceux qui sont atteints du cancer, les survivants du cancer, des groupes d\u2019intervenants et les d\u00e9cideurs. Dans l\u2019intention d\u2019ouvrir la discussion \u00e0 un public plus large, le RCSC convie chacune et chacun \u00e0 agir dans le but de trouver les meilleures pratiques fond\u00e9es sur des donn\u00e9es reconnues pour ainsi all\u00e9ger les frais m\u00e9dicaux, r\u00e9duire les d\u00e9penses et att\u00e9nuer l\u2019impact \u00e9motionnel et social du cancer. De cette mani\u00e8re, nous participons tous \u00e0 l\u2019avanc\u00e9e de la recherche qui permettra ensuite de mieux surmonter les obstacles et offrir de meilleurs soins et un meilleur suivi aux survivants du cancer au Canada.<\/p>\n","protected":false},"excerpt":{"rendered":"<p>Le R\u00e9seau canadien des Survivants du Cancer c\u00e9l\u00e8bre la Journ\u00e9e nationale des Survivants du Cancer en organisant une Pause Caf\u00e9 et vous \u00eates invit\u00e9s \u00e0 vous joindre \u00e0 eux &nbsp; [Ottawa] \u2013<\/p>\n","protected":false},"author":2,"featured_media":0,"parent":4488,"menu_order":1,"comment_status":"closed","ping_status":"closed","template":"","meta":{"_acf_changed":false,"footnotes":""},"class_list":["post-5283","page","type-page","status-publish","hentry"],"acf":[],"yoast_head":"<!-- This site is optimized with the Yoast SEO plugin v27.4 - https:\/\/yoast.com\/product\/yoast-seo-wordpress\/ -->\n<title>Et si on se r\u00e9unissait autour d\u2019un caf\u00e9 pour la bonne cause ? - Canadian Cancer Survivor Network<\/title>\n<meta name=\"robots\" content=\"index, follow, max-snippet:-1, max-image-preview:large, max-video-preview:-1\" \/>\n<link rel=\"canonical\" href=\"https:\/\/survivornet.ca\/fr\/reliez-vous\/medias\/et-si-se-reunissait-autour-dun-cafe-pour-la-bonne-cause\/\" \/>\n<meta property=\"og:locale\" content=\"fr_FR\" \/>\n<meta property=\"og:type\" content=\"article\" \/>\n<meta property=\"og:title\" content=\"Et si on se r\u00e9unissait autour d\u2019un caf\u00e9 pour la bonne cause ? - Canadian Cancer Survivor Network\" \/>\n<meta property=\"og:description\" content=\"Le R\u00e9seau canadien des Survivants du Cancer c\u00e9l\u00e8bre la Journ\u00e9e nationale des Survivants du Cancer en organisant une Pause Caf\u00e9 et vous \u00eates invit\u00e9s \u00e0 vous joindre \u00e0 eux &nbsp; [Ottawa] \u2013\" \/>\n<meta property=\"og:url\" content=\"https:\/\/survivornet.ca\/fr\/reliez-vous\/medias\/et-si-se-reunissait-autour-dun-cafe-pour-la-bonne-cause\/\" \/>\n<meta property=\"og:site_name\" content=\"Canadian Cancer Survivor Network\" \/>\n<meta name=\"twitter:card\" content=\"summary_large_image\" \/>\n<meta name=\"twitter:label1\" content=\"Dur\u00e9e de lecture estim\u00e9e\" \/>\n\t<meta name=\"twitter:data1\" content=\"4 minutes\" \/>\n<script type=\"application\/ld+json\" class=\"yoast-schema-graph\">{\"@context\":\"https:\\\/\\\/schema.org\",\"@graph\":[{\"@type\":\"WebPage\",\"@id\":\"https:\\\/\\\/survivornet.ca\\\/fr\\\/reliez-vous\\\/medias\\\/et-si-se-reunissait-autour-dun-cafe-pour-la-bonne-cause\\\/\",\"url\":\"https:\\\/\\\/survivornet.ca\\\/fr\\\/reliez-vous\\\/medias\\\/et-si-se-reunissait-autour-dun-cafe-pour-la-bonne-cause\\\/\",\"name\":\"Et si on se r\u00e9unissait autour d\u2019un caf\u00e9 pour la bonne cause ? - Canadian Cancer Survivor Network\",\"isPartOf\":{\"@id\":\"https:\\\/\\\/survivornet.ca\\\/#website\"},\"datePublished\":\"2017-06-12T14:51:59+00:00\",\"breadcrumb\":{\"@id\":\"https:\\\/\\\/survivornet.ca\\\/fr\\\/reliez-vous\\\/medias\\\/et-si-se-reunissait-autour-dun-cafe-pour-la-bonne-cause\\\/#breadcrumb\"},\"inLanguage\":\"fr-FR\",\"potentialAction\":[{\"@type\":\"ReadAction\",\"target\":[\"https:\\\/\\\/survivornet.ca\\\/fr\\\/reliez-vous\\\/medias\\\/et-si-se-reunissait-autour-dun-cafe-pour-la-bonne-cause\\\/\"]}]},{\"@type\":\"BreadcrumbList\",\"@id\":\"https:\\\/\\\/survivornet.ca\\\/fr\\\/reliez-vous\\\/medias\\\/et-si-se-reunissait-autour-dun-cafe-pour-la-bonne-cause\\\/#breadcrumb\",\"itemListElement\":[{\"@type\":\"ListItem\",\"position\":1,\"name\":\"Home\",\"item\":\"https:\\\/\\\/survivornet.ca\\\/fr\\\/\"},{\"@type\":\"ListItem\",\"position\":2,\"name\":\"Connectez\",\"item\":\"https:\\\/\\\/survivornet.ca\\\/fr\\\/reliez-vous\\\/\"},{\"@type\":\"ListItem\",\"position\":3,\"name\":\"M\u00e9dias\",\"item\":\"https:\\\/\\\/survivornet.ca\\\/fr\\\/reliez-vous\\\/medias\\\/\"},{\"@type\":\"ListItem\",\"position\":4,\"name\":\"Et si on se r\u00e9unissait autour d\u2019un caf\u00e9 pour la bonne cause ?\"}]},{\"@type\":\"WebSite\",\"@id\":\"https:\\\/\\\/survivornet.ca\\\/#website\",\"url\":\"https:\\\/\\\/survivornet.ca\\\/\",\"name\":\"Canadian Cancer Survivor Network\",\"description\":\"The Canadian Cancer Survivor Network was created by a group of Canadians concerned about cancer.\",\"publisher\":{\"@id\":\"https:\\\/\\\/survivornet.ca\\\/#organization\"},\"potentialAction\":[{\"@type\":\"SearchAction\",\"target\":{\"@type\":\"EntryPoint\",\"urlTemplate\":\"https:\\\/\\\/survivornet.ca\\\/?s={search_term_string}\"},\"query-input\":{\"@type\":\"PropertyValueSpecification\",\"valueRequired\":true,\"valueName\":\"search_term_string\"}}],\"inLanguage\":\"fr-FR\"},{\"@type\":\"Organization\",\"@id\":\"https:\\\/\\\/survivornet.ca\\\/#organization\",\"name\":\"Canadian Cancer Survivor Network\",\"url\":\"https:\\\/\\\/survivornet.ca\\\/\",\"logo\":{\"@type\":\"ImageObject\",\"inLanguage\":\"fr-FR\",\"@id\":\"https:\\\/\\\/survivornet.ca\\\/#\\\/schema\\\/logo\\\/image\\\/\",\"url\":\"http:\\\/\\\/survivornet.ca\\\/wp-content\\\/uploads\\\/2016\\\/12\\\/CCSN_Logo_EN_SQUARE.png\",\"contentUrl\":\"http:\\\/\\\/survivornet.ca\\\/wp-content\\\/uploads\\\/2016\\\/12\\\/CCSN_Logo_EN_SQUARE.png\",\"width\":1209,\"height\":1007,\"caption\":\"Canadian Cancer Survivor Network\"},\"image\":{\"@id\":\"https:\\\/\\\/survivornet.ca\\\/#\\\/schema\\\/logo\\\/image\\\/\"}}]}<\/script>\n<!-- \/ Yoast SEO plugin. -->","yoast_head_json":{"title":"Et si on se r\u00e9unissait autour d\u2019un caf\u00e9 pour la bonne cause ? - Canadian Cancer Survivor Network","robots":{"index":"index","follow":"follow","max-snippet":"max-snippet:-1","max-image-preview":"max-image-preview:large","max-video-preview":"max-video-preview:-1"},"canonical":"https:\/\/survivornet.ca\/fr\/reliez-vous\/medias\/et-si-se-reunissait-autour-dun-cafe-pour-la-bonne-cause\/","og_locale":"fr_FR","og_type":"article","og_title":"Et si on se r\u00e9unissait autour d\u2019un caf\u00e9 pour la bonne cause ? - Canadian Cancer Survivor Network","og_description":"Le R\u00e9seau canadien des Survivants du Cancer c\u00e9l\u00e8bre la Journ\u00e9e nationale des Survivants du Cancer en organisant une Pause Caf\u00e9 et vous \u00eates invit\u00e9s \u00e0 vous joindre \u00e0 eux &nbsp; [Ottawa] \u2013","og_url":"https:\/\/survivornet.ca\/fr\/reliez-vous\/medias\/et-si-se-reunissait-autour-dun-cafe-pour-la-bonne-cause\/","og_site_name":"Canadian Cancer Survivor Network","twitter_card":"summary_large_image","twitter_misc":{"Dur\u00e9e de lecture estim\u00e9e":"4 minutes"},"schema":{"@context":"https:\/\/schema.org","@graph":[{"@type":"WebPage","@id":"https:\/\/survivornet.ca\/fr\/reliez-vous\/medias\/et-si-se-reunissait-autour-dun-cafe-pour-la-bonne-cause\/","url":"https:\/\/survivornet.ca\/fr\/reliez-vous\/medias\/et-si-se-reunissait-autour-dun-cafe-pour-la-bonne-cause\/","name":"Et si on se r\u00e9unissait autour d\u2019un caf\u00e9 pour la bonne cause ? - Canadian Cancer Survivor Network","isPartOf":{"@id":"https:\/\/survivornet.ca\/#website"},"datePublished":"2017-06-12T14:51:59+00:00","breadcrumb":{"@id":"https:\/\/survivornet.ca\/fr\/reliez-vous\/medias\/et-si-se-reunissait-autour-dun-cafe-pour-la-bonne-cause\/#breadcrumb"},"inLanguage":"fr-FR","potentialAction":[{"@type":"ReadAction","target":["https:\/\/survivornet.ca\/fr\/reliez-vous\/medias\/et-si-se-reunissait-autour-dun-cafe-pour-la-bonne-cause\/"]}]},{"@type":"BreadcrumbList","@id":"https:\/\/survivornet.ca\/fr\/reliez-vous\/medias\/et-si-se-reunissait-autour-dun-cafe-pour-la-bonne-cause\/#breadcrumb","itemListElement":[{"@type":"ListItem","position":1,"name":"Home","item":"https:\/\/survivornet.ca\/fr\/"},{"@type":"ListItem","position":2,"name":"Connectez","item":"https:\/\/survivornet.ca\/fr\/reliez-vous\/"},{"@type":"ListItem","position":3,"name":"M\u00e9dias","item":"https:\/\/survivornet.ca\/fr\/reliez-vous\/medias\/"},{"@type":"ListItem","position":4,"name":"Et si on se r\u00e9unissait autour d\u2019un caf\u00e9 pour la bonne cause ?"}]},{"@type":"WebSite","@id":"https:\/\/survivornet.ca\/#website","url":"https:\/\/survivornet.ca\/","name":"Canadian Cancer Survivor Network","description":"The Canadian Cancer Survivor Network was created by a group of Canadians concerned about cancer.","publisher":{"@id":"https:\/\/survivornet.ca\/#organization"},"potentialAction":[{"@type":"SearchAction","target":{"@type":"EntryPoint","urlTemplate":"https:\/\/survivornet.ca\/?s={search_term_string}"},"query-input":{"@type":"PropertyValueSpecification","valueRequired":true,"valueName":"search_term_string"}}],"inLanguage":"fr-FR"},{"@type":"Organization","@id":"https:\/\/survivornet.ca\/#organization","name":"Canadian Cancer Survivor Network","url":"https:\/\/survivornet.ca\/","logo":{"@type":"ImageObject","inLanguage":"fr-FR","@id":"https:\/\/survivornet.ca\/#\/schema\/logo\/image\/","url":"http:\/\/survivornet.ca\/wp-content\/uploads\/2016\/12\/CCSN_Logo_EN_SQUARE.png","contentUrl":"http:\/\/survivornet.ca\/wp-content\/uploads\/2016\/12\/CCSN_Logo_EN_SQUARE.png","width":1209,"height":1007,"caption":"Canadian Cancer Survivor Network"},"image":{"@id":"https:\/\/survivornet.ca\/#\/schema\/logo\/image\/"}}]}},"_links":{"self":[{"href":"https:\/\/survivornet.ca\/fr\/wp-json\/wp\/v2\/pages\/5283","targetHints":{"allow":["GET"]}}],"collection":[{"href":"https:\/\/survivornet.ca\/fr\/wp-json\/wp\/v2\/pages"}],"about":[{"href":"https:\/\/survivornet.ca\/fr\/wp-json\/wp\/v2\/types\/page"}],"author":[{"embeddable":true,"href":"https:\/\/survivornet.ca\/fr\/wp-json\/wp\/v2\/users\/2"}],"replies":[{"embeddable":true,"href":"https:\/\/survivornet.ca\/fr\/wp-json\/wp\/v2\/comments?post=5283"}],"version-history":[{"count":0,"href":"https:\/\/survivornet.ca\/fr\/wp-json\/wp\/v2\/pages\/5283\/revisions"}],"up":[{"embeddable":true,"href":"https:\/\/survivornet.ca\/fr\/wp-json\/wp\/v2\/pages\/4488"}],"wp:attachment":[{"href":"https:\/\/survivornet.ca\/fr\/wp-json\/wp\/v2\/media?parent=5283"}],"curies":[{"name":"wp","href":"https:\/\/api.w.org\/{rel}","templated":true}]}}