{"id":5277,"date":"2017-06-12T14:41:54","date_gmt":"2017-06-12T14:41:54","guid":{"rendered":"https:\/\/survivornet.ca\/?page_id=5277\/"},"modified":"2017-06-22T14:32:03","modified_gmt":"2017-06-22T14:32:03","slug":"implication-des-professionnels-de-la-sante","status":"publish","type":"page","link":"https:\/\/survivornet.ca\/fr\/agissez\/implication-des-professionnels-de-la-sante\/","title":{"rendered":"Implication des professionnels de la sant\u00e9"},"content":{"rendered":"<p>\u00cates-vous un professionnel de la sant\u00e9 cherchant des opportunit\u00e9s pour vous impliquer dans des organisations contre le cancer? D\u00e9sirez-vous faire part de votre recherche, questionnaire, ou de vos essais cliniques aux patients et aux survivants du cancer? Aimeriez-vous \u00e9crire un article pour un bulletin d\u2019actualit\u00e9 ou un site web, ou encore effectuer de la recherche communautaire au sein d\u2019un organisme contre le cancer? Vous trouverez ici des opportunit\u00e9s pour vous impliquer.<\/p>\n<p>Les professionnels de la sant\u00e9, cliniciens et chercheurs sont invit\u00e9s \u00e0 envoyer l\u2019information \u00e0 inclure sur cette page au <a href=\"mailto:info@survivornet.ca\">info@survivornet.ca<\/a><\/p>\n<p>Les organisations contre le cancer sont invit\u00e9es \u00e0 nous faire part d\u2019opportunit\u00e9s pour les professionnels de la sant\u00e9 de s\u2019impliquer avec elles au <a href=\"mailto:info@survivornet.ca\">info@survivornet.ca<u>.<\/u><\/a><\/p>\n","protected":false},"excerpt":{"rendered":"<p>\u00cates-vous un professionnel de la sant\u00e9 cherchant des opportunit\u00e9s pour vous impliquer dans des organisations contre le cancer? D\u00e9sirez-vous faire part de votre recherche, questionnaire, ou de vos essais cliniques aux patients<\/p>\n","protected":false},"author":2,"featured_media":0,"parent":4480,"menu_order":80,"comment_status":"closed","ping_status":"closed","template":"","meta":{"_acf_changed":false,"footnotes":""},"class_list":["post-5277","page","type-page","status-publish","hentry"],"acf":[],"yoast_head":"<!-- This site is optimized with the Yoast SEO plugin v27.4 - https:\/\/yoast.com\/product\/yoast-seo-wordpress\/ -->\n<title>Implication des professionnels de la sant\u00e9 - Canadian Cancer Survivor Network<\/title>\n<meta name=\"robots\" content=\"index, follow, max-snippet:-1, max-image-preview:large, max-video-preview:-1\" \/>\n<link rel=\"canonical\" href=\"https:\/\/survivornet.ca\/fr\/agissez\/implication-des-professionnels-de-la-sante\/\" \/>\n<meta property=\"og:locale\" content=\"fr_FR\" \/>\n<meta property=\"og:type\" content=\"article\" \/>\n<meta property=\"og:title\" content=\"Implication des professionnels de la sant\u00e9 - Canadian Cancer Survivor Network\" \/>\n<meta property=\"og:description\" content=\"\u00cates-vous un professionnel de la sant\u00e9 cherchant des opportunit\u00e9s pour vous impliquer dans des organisations contre le cancer? D\u00e9sirez-vous faire part de votre recherche, questionnaire, ou de vos essais cliniques aux patients\" \/>\n<meta property=\"og:url\" content=\"https:\/\/survivornet.ca\/fr\/agissez\/implication-des-professionnels-de-la-sante\/\" \/>\n<meta property=\"og:site_name\" content=\"Canadian Cancer Survivor Network\" \/>\n<meta property=\"article:modified_time\" content=\"2017-06-22T14:32:03+00:00\" \/>\n<meta name=\"twitter:card\" content=\"summary_large_image\" \/>\n<meta name=\"twitter:label1\" content=\"Dur\u00e9e de lecture estim\u00e9e\" \/>\n\t<meta name=\"twitter:data1\" content=\"1 minute\" \/>\n<script type=\"application\/ld+json\" class=\"yoast-schema-graph\">{\"@context\":\"https:\\\/\\\/schema.org\",\"@graph\":[{\"@type\":\"WebPage\",\"@id\":\"https:\\\/\\\/survivornet.ca\\\/fr\\\/agissez\\\/implication-des-professionnels-de-la-sante\\\/\",\"url\":\"https:\\\/\\\/survivornet.ca\\\/fr\\\/agissez\\\/implication-des-professionnels-de-la-sante\\\/\",\"name\":\"Implication des professionnels de la sant\u00e9 - Canadian Cancer Survivor Network\",\"isPartOf\":{\"@id\":\"https:\\\/\\\/survivornet.ca\\\/#website\"},\"datePublished\":\"2017-06-12T14:41:54+00:00\",\"dateModified\":\"2017-06-22T14:32:03+00:00\",\"breadcrumb\":{\"@id\":\"https:\\\/\\\/survivornet.ca\\\/fr\\\/agissez\\\/implication-des-professionnels-de-la-sante\\\/#breadcrumb\"},\"inLanguage\":\"fr-FR\",\"potentialAction\":[{\"@type\":\"ReadAction\",\"target\":[\"https:\\\/\\\/survivornet.ca\\\/fr\\\/agissez\\\/implication-des-professionnels-de-la-sante\\\/\"]}]},{\"@type\":\"BreadcrumbList\",\"@id\":\"https:\\\/\\\/survivornet.ca\\\/fr\\\/agissez\\\/implication-des-professionnels-de-la-sante\\\/#breadcrumb\",\"itemListElement\":[{\"@type\":\"ListItem\",\"position\":1,\"name\":\"Home\",\"item\":\"https:\\\/\\\/survivornet.ca\\\/fr\\\/\"},{\"@type\":\"ListItem\",\"position\":2,\"name\":\"Agissez\",\"item\":\"https:\\\/\\\/survivornet.ca\\\/fr\\\/agissez\\\/\"},{\"@type\":\"ListItem\",\"position\":3,\"name\":\"Implication des professionnels de la sant\u00e9\"}]},{\"@type\":\"WebSite\",\"@id\":\"https:\\\/\\\/survivornet.ca\\\/#website\",\"url\":\"https:\\\/\\\/survivornet.ca\\\/\",\"name\":\"Canadian Cancer Survivor Network\",\"description\":\"The Canadian Cancer Survivor Network was created by a group of Canadians concerned about cancer.\",\"publisher\":{\"@id\":\"https:\\\/\\\/survivornet.ca\\\/#organization\"},\"potentialAction\":[{\"@type\":\"SearchAction\",\"target\":{\"@type\":\"EntryPoint\",\"urlTemplate\":\"https:\\\/\\\/survivornet.ca\\\/?s={search_term_string}\"},\"query-input\":{\"@type\":\"PropertyValueSpecification\",\"valueRequired\":true,\"valueName\":\"search_term_string\"}}],\"inLanguage\":\"fr-FR\"},{\"@type\":\"Organization\",\"@id\":\"https:\\\/\\\/survivornet.ca\\\/#organization\",\"name\":\"Canadian Cancer Survivor Network\",\"url\":\"https:\\\/\\\/survivornet.ca\\\/\",\"logo\":{\"@type\":\"ImageObject\",\"inLanguage\":\"fr-FR\",\"@id\":\"https:\\\/\\\/survivornet.ca\\\/#\\\/schema\\\/logo\\\/image\\\/\",\"url\":\"http:\\\/\\\/survivornet.ca\\\/wp-content\\\/uploads\\\/2016\\\/12\\\/CCSN_Logo_EN_SQUARE.png\",\"contentUrl\":\"http:\\\/\\\/survivornet.ca\\\/wp-content\\\/uploads\\\/2016\\\/12\\\/CCSN_Logo_EN_SQUARE.png\",\"width\":1209,\"height\":1007,\"caption\":\"Canadian Cancer Survivor Network\"},\"image\":{\"@id\":\"https:\\\/\\\/survivornet.ca\\\/#\\\/schema\\\/logo\\\/image\\\/\"}}]}<\/script>\n<!-- \/ Yoast SEO plugin. -->","yoast_head_json":{"title":"Implication des professionnels de la sant\u00e9 - Canadian Cancer Survivor Network","robots":{"index":"index","follow":"follow","max-snippet":"max-snippet:-1","max-image-preview":"max-image-preview:large","max-video-preview":"max-video-preview:-1"},"canonical":"https:\/\/survivornet.ca\/fr\/agissez\/implication-des-professionnels-de-la-sante\/","og_locale":"fr_FR","og_type":"article","og_title":"Implication des professionnels de la sant\u00e9 - Canadian Cancer Survivor Network","og_description":"\u00cates-vous un professionnel de la sant\u00e9 cherchant des opportunit\u00e9s pour vous impliquer dans des organisations contre le cancer? D\u00e9sirez-vous faire part de votre recherche, questionnaire, ou de vos essais cliniques aux patients","og_url":"https:\/\/survivornet.ca\/fr\/agissez\/implication-des-professionnels-de-la-sante\/","og_site_name":"Canadian Cancer Survivor Network","article_modified_time":"2017-06-22T14:32:03+00:00","twitter_card":"summary_large_image","twitter_misc":{"Dur\u00e9e de lecture estim\u00e9e":"1 minute"},"schema":{"@context":"https:\/\/schema.org","@graph":[{"@type":"WebPage","@id":"https:\/\/survivornet.ca\/fr\/agissez\/implication-des-professionnels-de-la-sante\/","url":"https:\/\/survivornet.ca\/fr\/agissez\/implication-des-professionnels-de-la-sante\/","name":"Implication des professionnels de la sant\u00e9 - Canadian Cancer Survivor Network","isPartOf":{"@id":"https:\/\/survivornet.ca\/#website"},"datePublished":"2017-06-12T14:41:54+00:00","dateModified":"2017-06-22T14:32:03+00:00","breadcrumb":{"@id":"https:\/\/survivornet.ca\/fr\/agissez\/implication-des-professionnels-de-la-sante\/#breadcrumb"},"inLanguage":"fr-FR","potentialAction":[{"@type":"ReadAction","target":["https:\/\/survivornet.ca\/fr\/agissez\/implication-des-professionnels-de-la-sante\/"]}]},{"@type":"BreadcrumbList","@id":"https:\/\/survivornet.ca\/fr\/agissez\/implication-des-professionnels-de-la-sante\/#breadcrumb","itemListElement":[{"@type":"ListItem","position":1,"name":"Home","item":"https:\/\/survivornet.ca\/fr\/"},{"@type":"ListItem","position":2,"name":"Agissez","item":"https:\/\/survivornet.ca\/fr\/agissez\/"},{"@type":"ListItem","position":3,"name":"Implication des professionnels de la sant\u00e9"}]},{"@type":"WebSite","@id":"https:\/\/survivornet.ca\/#website","url":"https:\/\/survivornet.ca\/","name":"Canadian Cancer Survivor Network","description":"The Canadian Cancer Survivor Network was created by a group of Canadians concerned about cancer.","publisher":{"@id":"https:\/\/survivornet.ca\/#organization"},"potentialAction":[{"@type":"SearchAction","target":{"@type":"EntryPoint","urlTemplate":"https:\/\/survivornet.ca\/?s={search_term_string}"},"query-input":{"@type":"PropertyValueSpecification","valueRequired":true,"valueName":"search_term_string"}}],"inLanguage":"fr-FR"},{"@type":"Organization","@id":"https:\/\/survivornet.ca\/#organization","name":"Canadian Cancer Survivor Network","url":"https:\/\/survivornet.ca\/","logo":{"@type":"ImageObject","inLanguage":"fr-FR","@id":"https:\/\/survivornet.ca\/#\/schema\/logo\/image\/","url":"http:\/\/survivornet.ca\/wp-content\/uploads\/2016\/12\/CCSN_Logo_EN_SQUARE.png","contentUrl":"http:\/\/survivornet.ca\/wp-content\/uploads\/2016\/12\/CCSN_Logo_EN_SQUARE.png","width":1209,"height":1007,"caption":"Canadian Cancer Survivor Network"},"image":{"@id":"https:\/\/survivornet.ca\/#\/schema\/logo\/image\/"}}]}},"_links":{"self":[{"href":"https:\/\/survivornet.ca\/fr\/wp-json\/wp\/v2\/pages\/5277","targetHints":{"allow":["GET"]}}],"collection":[{"href":"https:\/\/survivornet.ca\/fr\/wp-json\/wp\/v2\/pages"}],"about":[{"href":"https:\/\/survivornet.ca\/fr\/wp-json\/wp\/v2\/types\/page"}],"author":[{"embeddable":true,"href":"https:\/\/survivornet.ca\/fr\/wp-json\/wp\/v2\/users\/2"}],"replies":[{"embeddable":true,"href":"https:\/\/survivornet.ca\/fr\/wp-json\/wp\/v2\/comments?post=5277"}],"version-history":[{"count":0,"href":"https:\/\/survivornet.ca\/fr\/wp-json\/wp\/v2\/pages\/5277\/revisions"}],"up":[{"embeddable":true,"href":"https:\/\/survivornet.ca\/fr\/wp-json\/wp\/v2\/pages\/4480"}],"wp:attachment":[{"href":"https:\/\/survivornet.ca\/fr\/wp-json\/wp\/v2\/media?parent=5277"}],"curies":[{"name":"wp","href":"https:\/\/api.w.org\/{rel}","templated":true}]}}