{"id":5273,"date":"2017-06-12T14:15:43","date_gmt":"2017-06-12T14:15:43","guid":{"rendered":"https:\/\/survivornet.ca\/?page_id=5273\/"},"modified":"2017-06-12T14:15:43","modified_gmt":"2017-06-12T14:15:43","slug":"reponses-des-candidat-es","status":"publish","type":"page","link":"https:\/\/survivornet.ca\/fr\/agissez\/campagnes-electorales\/campagne-electorale-2012\/parti-vert-du-quebec\/reponses-des-candidat-es\/","title":{"rendered":"R\u00e9ponses des candidat-es"},"content":{"rendered":"<p><strong>Laurence Requil\u00e9 &#8211; Maskinong\u00e9<\/strong><\/p>\n<p>Bonjour Madame Manthorne,<\/p>\n<p>Je vous remercie de prendre le temps de communiquer avec moi.<br \/>\nAyant moi-m\u00eame v\u00e9cu avec un conjoint qui a eu le diagnostic de cancer, je pense \u00eatre en mesure de comprendre ce que peuvent vivre tous ces Qu\u00e9b\u00e9cois&#8230;Et je sais que lorsque l&#8217;on est malade, la derni\u00e8re chose que l&#8217;on ait envie de faire c&#8217;est de devoir se &#8216;battre&#8217; contre les institutions pour recevoir les soins de sant\u00e9 ad\u00e9quats,&#8230;<\/p>\n<p>C&#8217;est pourquoi je suis aussi persuad\u00e9e qu&#8217;une approche plus &#8216;humaniste&#8217; envers les &#8216;malades&#8217; et une approche plus valorisante envers les personnes travaillant dans le secteur de la sant\u00e9 est n\u00e9cessaire.<\/p>\n<p>Au Parti Vert du Qu\u00e9bec, nous pr\u00f4nons la pr\u00e9vention : en effet avec une alimentation plus saine et moins &#8216;transform\u00e9e&#8217;, une meilleure qualit\u00e9 de vie, une diminution du stress au travail, un environnement plus sain,&#8230; nous sommes persuad\u00e9s que cela ne peut que diminuer le nombre de malades&#8230;<\/p>\n<p>En ce qui concerne les questions, oui le PVQ souhaite que chaque Qu\u00e9b\u00e9cois soit trait\u00e9 au mieux de ses besoins, que chacun re\u00e7oive le traitement appropri\u00e9 et ce sans d\u00e9lai.<\/p>\n<p><strong>Jozyam Ilsa Fontaine &#8211; Hull<\/strong><\/p>\n<p>Bonjour Monsieur<\/p>\n<p>Nous sommes le Parti vert, nous sommes pr\u00e9sents dans le monde entier.<br \/>\nToutes vos revendications se retrouvent dans le fondement m\u00eame de notre<br \/>\nmouvement.<\/p>\n<p><a href=\"http:\/\/fr.wikipedia.org\/wiki\/Charte_des_Verts_mondiaux\" target=\"_blank\" rel=\"noopener noreferrer\">http:\/\/fr.wikipedia.org\/wiki\/Charte_des_Verts_mondiaux<\/a><\/p>\n<p>Vous pouvez aussi consulter le <a href=\"http:\/\/www.pvq.qc.ca\/sante\" target=\"_blank\" rel=\"noopener noreferrer\">www.pvq.qc.ca\/sante<\/a><\/p>\n<p>Je trouve que vos demande sont plus importantes que jamais et je<br \/>\npartage vos pr\u00e9occupations.<\/p>\n<p><strong>Lisa Julie Cahn \u2013 Westmount-Saint-Louis<\/strong><\/p>\n<p>Merci pour votre lettre<\/p>\n<p>Pour moi et le parti vert du Qc aussi, la sant\u00e9 de la population est primordiale, essentielle et une pr\u00e9occupation importante.<\/p>\n<p>Je vous invite \u00e0 regarder notre plateforme sur notre site web (<a href=\"http:\/\/www.pvq.qc.ca\/\" target=\"_blank\" rel=\"noopener noreferrer\">www.pvq.qc.ca<\/a>), venez \u00e0 nos d\u00e9bats et continuez \u00e0 promouvoir votre cause.<\/p>\n<p>Si je suis \u00e9lue (les chances sont faibles mais je suis quand m\u00eame en 2e place) je promets de m&#8217;asseoir avec vous pour voir comment je vais pouvoir vous aider. Entre temps, aidez-moi \u00e0 me faire \u00e9lire!<\/p>\n","protected":false},"excerpt":{"rendered":"<p>Laurence Requil\u00e9 &#8211; Maskinong\u00e9 Bonjour Madame Manthorne, Je vous remercie de prendre le temps de communiquer avec moi. Ayant moi-m\u00eame v\u00e9cu avec un conjoint qui a eu le diagnostic de cancer, je<\/p>\n","protected":false},"author":2,"featured_media":0,"parent":5265,"menu_order":2,"comment_status":"closed","ping_status":"closed","template":"","meta":{"_acf_changed":false,"footnotes":""},"class_list":["post-5273","page","type-page","status-publish","hentry"],"acf":[],"yoast_head":"<!-- This site is optimized with the Yoast SEO plugin v27.4 - https:\/\/yoast.com\/product\/yoast-seo-wordpress\/ -->\n<title>R\u00e9ponses des candidat-es - Canadian Cancer Survivor Network<\/title>\n<meta name=\"robots\" content=\"index, follow, max-snippet:-1, max-image-preview:large, max-video-preview:-1\" \/>\n<link rel=\"canonical\" href=\"https:\/\/survivornet.ca\/fr\/agissez\/campagnes-electorales\/campagne-electorale-2012\/parti-vert-du-quebec\/reponses-des-candidat-es\/\" \/>\n<meta property=\"og:locale\" content=\"fr_FR\" \/>\n<meta property=\"og:type\" content=\"article\" \/>\n<meta property=\"og:title\" content=\"R\u00e9ponses des candidat-es - Canadian Cancer Survivor Network\" \/>\n<meta property=\"og:description\" content=\"Laurence Requil\u00e9 &#8211; Maskinong\u00e9 Bonjour Madame Manthorne, Je vous remercie de prendre le temps de communiquer avec moi. Ayant moi-m\u00eame v\u00e9cu avec un conjoint qui a eu le diagnostic de cancer, je\" \/>\n<meta property=\"og:url\" content=\"https:\/\/survivornet.ca\/fr\/agissez\/campagnes-electorales\/campagne-electorale-2012\/parti-vert-du-quebec\/reponses-des-candidat-es\/\" \/>\n<meta property=\"og:site_name\" content=\"Canadian Cancer Survivor Network\" \/>\n<meta name=\"twitter:card\" content=\"summary_large_image\" \/>\n<meta name=\"twitter:label1\" content=\"Dur\u00e9e de lecture estim\u00e9e\" \/>\n\t<meta name=\"twitter:data1\" content=\"2 minutes\" \/>\n<script type=\"application\/ld+json\" class=\"yoast-schema-graph\">{\"@context\":\"https:\\\/\\\/schema.org\",\"@graph\":[{\"@type\":\"WebPage\",\"@id\":\"https:\\\/\\\/survivornet.ca\\\/fr\\\/agissez\\\/campagnes-electorales\\\/campagne-electorale-2012\\\/parti-vert-du-quebec\\\/reponses-des-candidat-es\\\/\",\"url\":\"https:\\\/\\\/survivornet.ca\\\/fr\\\/agissez\\\/campagnes-electorales\\\/campagne-electorale-2012\\\/parti-vert-du-quebec\\\/reponses-des-candidat-es\\\/\",\"name\":\"R\u00e9ponses des candidat-es - Canadian Cancer Survivor Network\",\"isPartOf\":{\"@id\":\"https:\\\/\\\/survivornet.ca\\\/#website\"},\"datePublished\":\"2017-06-12T14:15:43+00:00\",\"breadcrumb\":{\"@id\":\"https:\\\/\\\/survivornet.ca\\\/fr\\\/agissez\\\/campagnes-electorales\\\/campagne-electorale-2012\\\/parti-vert-du-quebec\\\/reponses-des-candidat-es\\\/#breadcrumb\"},\"inLanguage\":\"fr-FR\",\"potentialAction\":[{\"@type\":\"ReadAction\",\"target\":[\"https:\\\/\\\/survivornet.ca\\\/fr\\\/agissez\\\/campagnes-electorales\\\/campagne-electorale-2012\\\/parti-vert-du-quebec\\\/reponses-des-candidat-es\\\/\"]}]},{\"@type\":\"BreadcrumbList\",\"@id\":\"https:\\\/\\\/survivornet.ca\\\/fr\\\/agissez\\\/campagnes-electorales\\\/campagne-electorale-2012\\\/parti-vert-du-quebec\\\/reponses-des-candidat-es\\\/#breadcrumb\",\"itemListElement\":[{\"@type\":\"ListItem\",\"position\":1,\"name\":\"Home\",\"item\":\"https:\\\/\\\/survivornet.ca\\\/fr\\\/\"},{\"@type\":\"ListItem\",\"position\":2,\"name\":\"Agissez\",\"item\":\"https:\\\/\\\/survivornet.ca\\\/fr\\\/agissez\\\/\"},{\"@type\":\"ListItem\",\"position\":3,\"name\":\"Campagnes \u00e9lectorales\",\"item\":\"https:\\\/\\\/survivornet.ca\\\/fr\\\/agissez\\\/campagnes-electorales\\\/\"},{\"@type\":\"ListItem\",\"position\":4,\"name\":\"Campagne \u00e9lectorale 2012\",\"item\":\"https:\\\/\\\/survivornet.ca\\\/fr\\\/agissez\\\/campagnes-electorales\\\/campagne-electorale-2012\\\/\"},{\"@type\":\"ListItem\",\"position\":5,\"name\":\"Parti vert du Qu\u00e9bec\",\"item\":\"https:\\\/\\\/survivornet.ca\\\/fr\\\/agissez\\\/campagnes-electorales\\\/campagne-electorale-2012\\\/parti-vert-du-quebec\\\/\"},{\"@type\":\"ListItem\",\"position\":6,\"name\":\"R\u00e9ponses des candidat-es\"}]},{\"@type\":\"WebSite\",\"@id\":\"https:\\\/\\\/survivornet.ca\\\/#website\",\"url\":\"https:\\\/\\\/survivornet.ca\\\/\",\"name\":\"Canadian Cancer Survivor Network\",\"description\":\"The Canadian Cancer Survivor Network was created by a group of Canadians concerned about cancer.\",\"publisher\":{\"@id\":\"https:\\\/\\\/survivornet.ca\\\/#organization\"},\"potentialAction\":[{\"@type\":\"SearchAction\",\"target\":{\"@type\":\"EntryPoint\",\"urlTemplate\":\"https:\\\/\\\/survivornet.ca\\\/?s={search_term_string}\"},\"query-input\":{\"@type\":\"PropertyValueSpecification\",\"valueRequired\":true,\"valueName\":\"search_term_string\"}}],\"inLanguage\":\"fr-FR\"},{\"@type\":\"Organization\",\"@id\":\"https:\\\/\\\/survivornet.ca\\\/#organization\",\"name\":\"Canadian Cancer Survivor Network\",\"url\":\"https:\\\/\\\/survivornet.ca\\\/\",\"logo\":{\"@type\":\"ImageObject\",\"inLanguage\":\"fr-FR\",\"@id\":\"https:\\\/\\\/survivornet.ca\\\/#\\\/schema\\\/logo\\\/image\\\/\",\"url\":\"http:\\\/\\\/survivornet.ca\\\/wp-content\\\/uploads\\\/2016\\\/12\\\/CCSN_Logo_EN_SQUARE.png\",\"contentUrl\":\"http:\\\/\\\/survivornet.ca\\\/wp-content\\\/uploads\\\/2016\\\/12\\\/CCSN_Logo_EN_SQUARE.png\",\"width\":1209,\"height\":1007,\"caption\":\"Canadian Cancer Survivor Network\"},\"image\":{\"@id\":\"https:\\\/\\\/survivornet.ca\\\/#\\\/schema\\\/logo\\\/image\\\/\"}}]}<\/script>\n<!-- \/ Yoast SEO plugin. -->","yoast_head_json":{"title":"R\u00e9ponses des candidat-es - Canadian Cancer Survivor Network","robots":{"index":"index","follow":"follow","max-snippet":"max-snippet:-1","max-image-preview":"max-image-preview:large","max-video-preview":"max-video-preview:-1"},"canonical":"https:\/\/survivornet.ca\/fr\/agissez\/campagnes-electorales\/campagne-electorale-2012\/parti-vert-du-quebec\/reponses-des-candidat-es\/","og_locale":"fr_FR","og_type":"article","og_title":"R\u00e9ponses des candidat-es - Canadian Cancer Survivor Network","og_description":"Laurence Requil\u00e9 &#8211; Maskinong\u00e9 Bonjour Madame Manthorne, Je vous remercie de prendre le temps de communiquer avec moi. Ayant moi-m\u00eame v\u00e9cu avec un conjoint qui a eu le diagnostic de cancer, je","og_url":"https:\/\/survivornet.ca\/fr\/agissez\/campagnes-electorales\/campagne-electorale-2012\/parti-vert-du-quebec\/reponses-des-candidat-es\/","og_site_name":"Canadian Cancer Survivor Network","twitter_card":"summary_large_image","twitter_misc":{"Dur\u00e9e de lecture estim\u00e9e":"2 minutes"},"schema":{"@context":"https:\/\/schema.org","@graph":[{"@type":"WebPage","@id":"https:\/\/survivornet.ca\/fr\/agissez\/campagnes-electorales\/campagne-electorale-2012\/parti-vert-du-quebec\/reponses-des-candidat-es\/","url":"https:\/\/survivornet.ca\/fr\/agissez\/campagnes-electorales\/campagne-electorale-2012\/parti-vert-du-quebec\/reponses-des-candidat-es\/","name":"R\u00e9ponses des candidat-es - Canadian Cancer Survivor Network","isPartOf":{"@id":"https:\/\/survivornet.ca\/#website"},"datePublished":"2017-06-12T14:15:43+00:00","breadcrumb":{"@id":"https:\/\/survivornet.ca\/fr\/agissez\/campagnes-electorales\/campagne-electorale-2012\/parti-vert-du-quebec\/reponses-des-candidat-es\/#breadcrumb"},"inLanguage":"fr-FR","potentialAction":[{"@type":"ReadAction","target":["https:\/\/survivornet.ca\/fr\/agissez\/campagnes-electorales\/campagne-electorale-2012\/parti-vert-du-quebec\/reponses-des-candidat-es\/"]}]},{"@type":"BreadcrumbList","@id":"https:\/\/survivornet.ca\/fr\/agissez\/campagnes-electorales\/campagne-electorale-2012\/parti-vert-du-quebec\/reponses-des-candidat-es\/#breadcrumb","itemListElement":[{"@type":"ListItem","position":1,"name":"Home","item":"https:\/\/survivornet.ca\/fr\/"},{"@type":"ListItem","position":2,"name":"Agissez","item":"https:\/\/survivornet.ca\/fr\/agissez\/"},{"@type":"ListItem","position":3,"name":"Campagnes \u00e9lectorales","item":"https:\/\/survivornet.ca\/fr\/agissez\/campagnes-electorales\/"},{"@type":"ListItem","position":4,"name":"Campagne \u00e9lectorale 2012","item":"https:\/\/survivornet.ca\/fr\/agissez\/campagnes-electorales\/campagne-electorale-2012\/"},{"@type":"ListItem","position":5,"name":"Parti vert du Qu\u00e9bec","item":"https:\/\/survivornet.ca\/fr\/agissez\/campagnes-electorales\/campagne-electorale-2012\/parti-vert-du-quebec\/"},{"@type":"ListItem","position":6,"name":"R\u00e9ponses des candidat-es"}]},{"@type":"WebSite","@id":"https:\/\/survivornet.ca\/#website","url":"https:\/\/survivornet.ca\/","name":"Canadian Cancer Survivor Network","description":"The Canadian Cancer Survivor Network was created by a group of Canadians concerned about cancer.","publisher":{"@id":"https:\/\/survivornet.ca\/#organization"},"potentialAction":[{"@type":"SearchAction","target":{"@type":"EntryPoint","urlTemplate":"https:\/\/survivornet.ca\/?s={search_term_string}"},"query-input":{"@type":"PropertyValueSpecification","valueRequired":true,"valueName":"search_term_string"}}],"inLanguage":"fr-FR"},{"@type":"Organization","@id":"https:\/\/survivornet.ca\/#organization","name":"Canadian Cancer Survivor Network","url":"https:\/\/survivornet.ca\/","logo":{"@type":"ImageObject","inLanguage":"fr-FR","@id":"https:\/\/survivornet.ca\/#\/schema\/logo\/image\/","url":"http:\/\/survivornet.ca\/wp-content\/uploads\/2016\/12\/CCSN_Logo_EN_SQUARE.png","contentUrl":"http:\/\/survivornet.ca\/wp-content\/uploads\/2016\/12\/CCSN_Logo_EN_SQUARE.png","width":1209,"height":1007,"caption":"Canadian Cancer Survivor Network"},"image":{"@id":"https:\/\/survivornet.ca\/#\/schema\/logo\/image\/"}}]}},"_links":{"self":[{"href":"https:\/\/survivornet.ca\/fr\/wp-json\/wp\/v2\/pages\/5273","targetHints":{"allow":["GET"]}}],"collection":[{"href":"https:\/\/survivornet.ca\/fr\/wp-json\/wp\/v2\/pages"}],"about":[{"href":"https:\/\/survivornet.ca\/fr\/wp-json\/wp\/v2\/types\/page"}],"author":[{"embeddable":true,"href":"https:\/\/survivornet.ca\/fr\/wp-json\/wp\/v2\/users\/2"}],"replies":[{"embeddable":true,"href":"https:\/\/survivornet.ca\/fr\/wp-json\/wp\/v2\/comments?post=5273"}],"version-history":[{"count":0,"href":"https:\/\/survivornet.ca\/fr\/wp-json\/wp\/v2\/pages\/5273\/revisions"}],"up":[{"embeddable":true,"href":"https:\/\/survivornet.ca\/fr\/wp-json\/wp\/v2\/pages\/5265"}],"wp:attachment":[{"href":"https:\/\/survivornet.ca\/fr\/wp-json\/wp\/v2\/media?parent=5273"}],"curies":[{"name":"wp","href":"https:\/\/api.w.org\/{rel}","templated":true}]}}