{"id":5271,"date":"2017-06-12T14:14:30","date_gmt":"2017-06-12T14:14:30","guid":{"rendered":"https:\/\/survivornet.ca\/?page_id=5271\/"},"modified":"2017-06-12T14:14:30","modified_gmt":"2017-06-12T14:14:30","slug":"propositions","status":"publish","type":"page","link":"https:\/\/survivornet.ca\/fr\/agissez\/campagnes-electorales\/campagne-electorale-2012\/parti-vert-du-quebec\/propositions\/","title":{"rendered":"Propositions"},"content":{"rendered":"<ul class=\"content-list\">\n<li>Accro\u00eetre significativement l\u2019investissement dans la pr\u00e9vention concernant les habitudes de vie, une alimentation saine, l&#8217;exercice physique, les campagnes de pr\u00e9vention et d&#8217;information sur l&#8217;alimentation, l&#8217;activit\u00e9 physique, le tabagisme, l&#8217;alcoolisme, les drogues, etc., et le d\u00e9pistage pr\u00e9coce des maladies.<\/li>\n<li>Contre toute forme de d\u00e9sassurance qui se traduirait par un transfert de la facture \u00e0 l&#8217;usager.<\/li>\n<li>R\u00e9investissement \u00e0 court terme dans la sant\u00e9 afin de stabiliser la situation actuelle.<\/li>\n<li>R\u00e9duire le ratio infirmier(\u00e8re) \/ patient afin d\u2019augmenter la qualit\u00e9 du service et de limiter le travail en temps suppl\u00e9mentaire.<\/li>\n<li>Publiciser le r\u00f4le des CLSC, des CHSLD et des organismes communautaires, et augmenter leurs ressources de mani\u00e8re \u00e0 ce qu\u2019ils puissent s\u2019acquitter efficacement de leur r\u00f4le et de leur responsabilit\u00e9.<\/li>\n<li>Favoriser la mise en place d\u2019un r\u00e9seau de services int\u00e9gr\u00e9s comprenant les organismes communautaires et les \u00e9tablissements de sant\u00e9 et de services sociaux<\/li>\n<li>Rehausser le statut de l&#8217;infirmi\u00e8re et de la sage-femme<\/li>\n<li>Donner la priorit\u00e9 aux services de sant\u00e9 offerts \u00e0 la population sur tous les autres types de d\u00e9penses.<\/li>\n<li>R\u00e9assurer les services ophtalmologiques et dentaires ainsi que la vaccination contre les maladies \u00e9pid\u00e9miques aux niveaux de 1990<\/li>\n<li>Faire la lutte au grave probl\u00e8me du suicide par la mise sur pied d\u2019un plan ambitieux de pr\u00e9vention et de conscientisation, ne se limitant pas \u00e0 la publicit\u00e9, afin d\u2019endiguer ce ph\u00e9nom\u00e8ne.<\/li>\n<li>Pourvoir l\u2019\u00e9ducation pr\u00e9natale et le support postnatal ad\u00e9quat.<\/li>\n<li>Int\u00e9grer aux cours primaires et secondaires la promotion de la philosophie selon laquelle nous sommes responsables de notre propre sant\u00e9. Le programme mettra l\u2019emphase sur la nutrition, particuli\u00e8rement sur la nourriture biologique, la posture, et l\u2019exercice. En outre, la relaxation et la g\u00e9rance du stress seront enseign\u00e9s. Ce programme r\u00e9sultera en une meilleure sant\u00e9 de la population, et r\u00e9duira la quantit\u00e9 d\u2019argent qui serait normalement n\u00e9cessaire d\u2019\u00eatre d\u00e9pens\u00e9 pour le traitement des maladies. D\u2019autres facteurs au-del\u00e0 du contr\u00f4le de l\u2019individu seront aussi enseign\u00e9s dans les \u00e9coles et via les m\u00e9dias, particuli\u00e8rement la relation entre un air pollu\u00e9, la qualit\u00e9 du sol et de l\u2019eau et les maladies dues \u00e0 des causes environnementales.<\/li>\n<li>Encourager l\u2019exercice par une politique des transports qui rendent facile, s\u00e9curitaire, plaisant et peu co\u00fbteux de marcher ou faire de la bicyclette sur de courte et moyenne distance.<\/li>\n<li>Introduire une taxe sur les produits chimiques ajout\u00e9e aux produits de consommations alimentaires<\/li>\n<li>Introduire une \u00e9cotaxe sur la production de produits toxiques nuisibles \u00e0 la sant\u00e9 publique<\/li>\n<li>S\u2019assurer de l\u2019acc\u00e8s \u00e0 de la nourriture sans pesticides et engrais, non irradi\u00e9e, non modifi\u00e9e g\u00e9n\u00e9tiquement ainsi qu\u2019\u00e0 l\u2019air, l\u2019eau et un sol non pollu\u00e9 pour la g\u00e9n\u00e9ration pr\u00e9sente et les g\u00e9n\u00e9rations futures.<\/li>\n<li>Adopter une charte des droits et responsabilit\u00e9s du patient qui assurera \u00e0 tous les usagers que le fonctionnement du r\u00e9seau et toute modification susceptible d\u2019y \u00eatre apport\u00e9e se fera dans le respect absolu de droits minimaux reconnus aux patients qui portera entre autres sur les droits et la dignit\u00e9 du patient, le droit au professionnel de son choix, l\u2019acc\u00e8s et la confidentialit\u00e9 des dossiers.<\/li>\n<li>Informer les patients lorsqu\u2019il est possible de le faire du co\u00fbt des soins et services re\u00e7us.<\/li>\n<li>Prendre les mesures pour faire en sorte que le dossier m\u00e9dical suive le patient afin d\u2019\u00e9viter la duplication des interventions diagnostiques et th\u00e9rapeutiques.<\/li>\n<li>Encourager un suivi syst\u00e9matique du patient entre la clinique, l\u2019h\u00f4pital et son domicile.<\/li>\n<li>Assurer une transparence totale face aux enjeux des recherches m\u00e9dicales.<\/li>\n<li>Promouvoir des services qui respectent la dignit\u00e9 des personnes \u00e2g\u00e9es et leur offrent une qualit\u00e9 de vie.<\/li>\n<li>Investissement accrue dans les soins de longue dur\u00e9e et dans l&#8217;h\u00e9bergement des personnes \u00e2g\u00e9es.<\/li>\n<li>Une meilleure coordination des services et des ressources visant \u00e0 soulager le travail exig\u00e9 des membres de la famille et des b\u00e9n\u00e9voles.<\/li>\n<li>Une meilleure formation pour le personnel (g\u00e9rontologie, etc.).<\/li>\n<li>Une augmentation des soins \u00e0 domicile.<\/li>\n<li>Adoption d&#8217;une politique de reconnaissance des organismes communautaires dans le domaine de la sant\u00e9 et des services sociaux en leur assurant un acc\u00e8s ad\u00e9quat et stable aux ressources et il proposera d\u2019int\u00e9grer les organismes communautaires selon une logique de r\u00e9seau en lien avec la client\u00e8le desservie.<\/li>\n<li>Un r\u00e9gime d&#8217;assurance m\u00e9dicament universel et public, de l&#8217;achat de m\u00e9dicaments au co\u00fbt le plus bas et de la gratuit\u00e9 pour les personnes \u00e0 faibles revenus. Le PVQ est aussi en faveur d&#8217;une politique d&#8217;acc\u00e8s aux m\u00e9dicaments g\u00e9n\u00e9riques qui ne d\u00e9favorise pas les consommateurs et consommatrices par rapport aux compagnies de produits pharmaceutiques.<\/li>\n<li>Alternatives \u00e0 la vaccination syst\u00e9matique, lorsque cela est possible.<\/li>\n<li>Une r\u00e9duction des co\u00fbts administratifs du syst\u00e8me, r\u00e9duction qui ne doit pas affecter les services \u00e0 la population.<\/li>\n<li>Am\u00e9lioration de la qualit\u00e9 de la formation pour les personnes qui dispensent des services.<\/li>\n<\/ul>\n","protected":false},"excerpt":{"rendered":"<p>Accro\u00eetre significativement l\u2019investissement dans la pr\u00e9vention concernant les habitudes de vie, une alimentation saine, l&#8217;exercice physique, les campagnes de pr\u00e9vention et d&#8217;information sur l&#8217;alimentation, l&#8217;activit\u00e9 physique, le tabagisme, l&#8217;alcoolisme, les drogues, etc.,<\/p>\n","protected":false},"author":2,"featured_media":0,"parent":5265,"menu_order":1,"comment_status":"closed","ping_status":"closed","template":"","meta":{"_acf_changed":false,"footnotes":""},"class_list":["post-5271","page","type-page","status-publish","hentry"],"acf":[],"yoast_head":"<!-- This site is optimized with the Yoast SEO plugin v27.4 - https:\/\/yoast.com\/product\/yoast-seo-wordpress\/ -->\n<title>Propositions - Canadian Cancer Survivor Network<\/title>\n<meta name=\"robots\" content=\"index, follow, max-snippet:-1, max-image-preview:large, max-video-preview:-1\" \/>\n<link rel=\"canonical\" href=\"https:\/\/survivornet.ca\/fr\/agissez\/campagnes-electorales\/campagne-electorale-2012\/parti-vert-du-quebec\/propositions\/\" \/>\n<meta property=\"og:locale\" content=\"fr_FR\" \/>\n<meta property=\"og:type\" content=\"article\" \/>\n<meta property=\"og:title\" content=\"Propositions - Canadian Cancer Survivor Network\" \/>\n<meta property=\"og:description\" content=\"Accro\u00eetre significativement l\u2019investissement dans la pr\u00e9vention concernant les habitudes de vie, une alimentation saine, l&#8217;exercice physique, les campagnes de pr\u00e9vention et d&#8217;information sur l&#8217;alimentation, l&#8217;activit\u00e9 physique, le tabagisme, l&#8217;alcoolisme, les drogues, etc.,\" \/>\n<meta property=\"og:url\" content=\"https:\/\/survivornet.ca\/fr\/agissez\/campagnes-electorales\/campagne-electorale-2012\/parti-vert-du-quebec\/propositions\/\" \/>\n<meta property=\"og:site_name\" content=\"Canadian Cancer Survivor Network\" \/>\n<meta name=\"twitter:card\" content=\"summary_large_image\" \/>\n<meta name=\"twitter:label1\" content=\"Dur\u00e9e de lecture estim\u00e9e\" \/>\n\t<meta name=\"twitter:data1\" content=\"4 minutes\" \/>\n<script type=\"application\/ld+json\" class=\"yoast-schema-graph\">{\"@context\":\"https:\\\/\\\/schema.org\",\"@graph\":[{\"@type\":\"WebPage\",\"@id\":\"https:\\\/\\\/survivornet.ca\\\/fr\\\/agissez\\\/campagnes-electorales\\\/campagne-electorale-2012\\\/parti-vert-du-quebec\\\/propositions\\\/\",\"url\":\"https:\\\/\\\/survivornet.ca\\\/fr\\\/agissez\\\/campagnes-electorales\\\/campagne-electorale-2012\\\/parti-vert-du-quebec\\\/propositions\\\/\",\"name\":\"Propositions - Canadian Cancer Survivor Network\",\"isPartOf\":{\"@id\":\"https:\\\/\\\/survivornet.ca\\\/#website\"},\"datePublished\":\"2017-06-12T14:14:30+00:00\",\"breadcrumb\":{\"@id\":\"https:\\\/\\\/survivornet.ca\\\/fr\\\/agissez\\\/campagnes-electorales\\\/campagne-electorale-2012\\\/parti-vert-du-quebec\\\/propositions\\\/#breadcrumb\"},\"inLanguage\":\"fr-FR\",\"potentialAction\":[{\"@type\":\"ReadAction\",\"target\":[\"https:\\\/\\\/survivornet.ca\\\/fr\\\/agissez\\\/campagnes-electorales\\\/campagne-electorale-2012\\\/parti-vert-du-quebec\\\/propositions\\\/\"]}]},{\"@type\":\"BreadcrumbList\",\"@id\":\"https:\\\/\\\/survivornet.ca\\\/fr\\\/agissez\\\/campagnes-electorales\\\/campagne-electorale-2012\\\/parti-vert-du-quebec\\\/propositions\\\/#breadcrumb\",\"itemListElement\":[{\"@type\":\"ListItem\",\"position\":1,\"name\":\"Home\",\"item\":\"https:\\\/\\\/survivornet.ca\\\/fr\\\/\"},{\"@type\":\"ListItem\",\"position\":2,\"name\":\"Agissez\",\"item\":\"https:\\\/\\\/survivornet.ca\\\/fr\\\/agissez\\\/\"},{\"@type\":\"ListItem\",\"position\":3,\"name\":\"Campagnes \u00e9lectorales\",\"item\":\"https:\\\/\\\/survivornet.ca\\\/fr\\\/agissez\\\/campagnes-electorales\\\/\"},{\"@type\":\"ListItem\",\"position\":4,\"name\":\"Campagne \u00e9lectorale 2012\",\"item\":\"https:\\\/\\\/survivornet.ca\\\/fr\\\/agissez\\\/campagnes-electorales\\\/campagne-electorale-2012\\\/\"},{\"@type\":\"ListItem\",\"position\":5,\"name\":\"Parti vert du Qu\u00e9bec\",\"item\":\"https:\\\/\\\/survivornet.ca\\\/fr\\\/agissez\\\/campagnes-electorales\\\/campagne-electorale-2012\\\/parti-vert-du-quebec\\\/\"},{\"@type\":\"ListItem\",\"position\":6,\"name\":\"Propositions\"}]},{\"@type\":\"WebSite\",\"@id\":\"https:\\\/\\\/survivornet.ca\\\/#website\",\"url\":\"https:\\\/\\\/survivornet.ca\\\/\",\"name\":\"Canadian Cancer Survivor Network\",\"description\":\"The Canadian Cancer Survivor Network was created by a group of Canadians concerned about cancer.\",\"publisher\":{\"@id\":\"https:\\\/\\\/survivornet.ca\\\/#organization\"},\"potentialAction\":[{\"@type\":\"SearchAction\",\"target\":{\"@type\":\"EntryPoint\",\"urlTemplate\":\"https:\\\/\\\/survivornet.ca\\\/?s={search_term_string}\"},\"query-input\":{\"@type\":\"PropertyValueSpecification\",\"valueRequired\":true,\"valueName\":\"search_term_string\"}}],\"inLanguage\":\"fr-FR\"},{\"@type\":\"Organization\",\"@id\":\"https:\\\/\\\/survivornet.ca\\\/#organization\",\"name\":\"Canadian Cancer Survivor Network\",\"url\":\"https:\\\/\\\/survivornet.ca\\\/\",\"logo\":{\"@type\":\"ImageObject\",\"inLanguage\":\"fr-FR\",\"@id\":\"https:\\\/\\\/survivornet.ca\\\/#\\\/schema\\\/logo\\\/image\\\/\",\"url\":\"http:\\\/\\\/survivornet.ca\\\/wp-content\\\/uploads\\\/2016\\\/12\\\/CCSN_Logo_EN_SQUARE.png\",\"contentUrl\":\"http:\\\/\\\/survivornet.ca\\\/wp-content\\\/uploads\\\/2016\\\/12\\\/CCSN_Logo_EN_SQUARE.png\",\"width\":1209,\"height\":1007,\"caption\":\"Canadian Cancer Survivor Network\"},\"image\":{\"@id\":\"https:\\\/\\\/survivornet.ca\\\/#\\\/schema\\\/logo\\\/image\\\/\"}}]}<\/script>\n<!-- \/ Yoast SEO plugin. -->","yoast_head_json":{"title":"Propositions - Canadian Cancer Survivor Network","robots":{"index":"index","follow":"follow","max-snippet":"max-snippet:-1","max-image-preview":"max-image-preview:large","max-video-preview":"max-video-preview:-1"},"canonical":"https:\/\/survivornet.ca\/fr\/agissez\/campagnes-electorales\/campagne-electorale-2012\/parti-vert-du-quebec\/propositions\/","og_locale":"fr_FR","og_type":"article","og_title":"Propositions - Canadian Cancer Survivor Network","og_description":"Accro\u00eetre significativement l\u2019investissement dans la pr\u00e9vention concernant les habitudes de vie, une alimentation saine, l&#8217;exercice physique, les campagnes de pr\u00e9vention et d&#8217;information sur l&#8217;alimentation, l&#8217;activit\u00e9 physique, le tabagisme, l&#8217;alcoolisme, les drogues, etc.,","og_url":"https:\/\/survivornet.ca\/fr\/agissez\/campagnes-electorales\/campagne-electorale-2012\/parti-vert-du-quebec\/propositions\/","og_site_name":"Canadian Cancer Survivor Network","twitter_card":"summary_large_image","twitter_misc":{"Dur\u00e9e de lecture estim\u00e9e":"4 minutes"},"schema":{"@context":"https:\/\/schema.org","@graph":[{"@type":"WebPage","@id":"https:\/\/survivornet.ca\/fr\/agissez\/campagnes-electorales\/campagne-electorale-2012\/parti-vert-du-quebec\/propositions\/","url":"https:\/\/survivornet.ca\/fr\/agissez\/campagnes-electorales\/campagne-electorale-2012\/parti-vert-du-quebec\/propositions\/","name":"Propositions - Canadian Cancer Survivor Network","isPartOf":{"@id":"https:\/\/survivornet.ca\/#website"},"datePublished":"2017-06-12T14:14:30+00:00","breadcrumb":{"@id":"https:\/\/survivornet.ca\/fr\/agissez\/campagnes-electorales\/campagne-electorale-2012\/parti-vert-du-quebec\/propositions\/#breadcrumb"},"inLanguage":"fr-FR","potentialAction":[{"@type":"ReadAction","target":["https:\/\/survivornet.ca\/fr\/agissez\/campagnes-electorales\/campagne-electorale-2012\/parti-vert-du-quebec\/propositions\/"]}]},{"@type":"BreadcrumbList","@id":"https:\/\/survivornet.ca\/fr\/agissez\/campagnes-electorales\/campagne-electorale-2012\/parti-vert-du-quebec\/propositions\/#breadcrumb","itemListElement":[{"@type":"ListItem","position":1,"name":"Home","item":"https:\/\/survivornet.ca\/fr\/"},{"@type":"ListItem","position":2,"name":"Agissez","item":"https:\/\/survivornet.ca\/fr\/agissez\/"},{"@type":"ListItem","position":3,"name":"Campagnes \u00e9lectorales","item":"https:\/\/survivornet.ca\/fr\/agissez\/campagnes-electorales\/"},{"@type":"ListItem","position":4,"name":"Campagne \u00e9lectorale 2012","item":"https:\/\/survivornet.ca\/fr\/agissez\/campagnes-electorales\/campagne-electorale-2012\/"},{"@type":"ListItem","position":5,"name":"Parti vert du Qu\u00e9bec","item":"https:\/\/survivornet.ca\/fr\/agissez\/campagnes-electorales\/campagne-electorale-2012\/parti-vert-du-quebec\/"},{"@type":"ListItem","position":6,"name":"Propositions"}]},{"@type":"WebSite","@id":"https:\/\/survivornet.ca\/#website","url":"https:\/\/survivornet.ca\/","name":"Canadian Cancer Survivor Network","description":"The Canadian Cancer Survivor Network was created by a group of Canadians concerned about cancer.","publisher":{"@id":"https:\/\/survivornet.ca\/#organization"},"potentialAction":[{"@type":"SearchAction","target":{"@type":"EntryPoint","urlTemplate":"https:\/\/survivornet.ca\/?s={search_term_string}"},"query-input":{"@type":"PropertyValueSpecification","valueRequired":true,"valueName":"search_term_string"}}],"inLanguage":"fr-FR"},{"@type":"Organization","@id":"https:\/\/survivornet.ca\/#organization","name":"Canadian Cancer Survivor Network","url":"https:\/\/survivornet.ca\/","logo":{"@type":"ImageObject","inLanguage":"fr-FR","@id":"https:\/\/survivornet.ca\/#\/schema\/logo\/image\/","url":"http:\/\/survivornet.ca\/wp-content\/uploads\/2016\/12\/CCSN_Logo_EN_SQUARE.png","contentUrl":"http:\/\/survivornet.ca\/wp-content\/uploads\/2016\/12\/CCSN_Logo_EN_SQUARE.png","width":1209,"height":1007,"caption":"Canadian Cancer Survivor Network"},"image":{"@id":"https:\/\/survivornet.ca\/#\/schema\/logo\/image\/"}}]}},"_links":{"self":[{"href":"https:\/\/survivornet.ca\/fr\/wp-json\/wp\/v2\/pages\/5271","targetHints":{"allow":["GET"]}}],"collection":[{"href":"https:\/\/survivornet.ca\/fr\/wp-json\/wp\/v2\/pages"}],"about":[{"href":"https:\/\/survivornet.ca\/fr\/wp-json\/wp\/v2\/types\/page"}],"author":[{"embeddable":true,"href":"https:\/\/survivornet.ca\/fr\/wp-json\/wp\/v2\/users\/2"}],"replies":[{"embeddable":true,"href":"https:\/\/survivornet.ca\/fr\/wp-json\/wp\/v2\/comments?post=5271"}],"version-history":[{"count":0,"href":"https:\/\/survivornet.ca\/fr\/wp-json\/wp\/v2\/pages\/5271\/revisions"}],"up":[{"embeddable":true,"href":"https:\/\/survivornet.ca\/fr\/wp-json\/wp\/v2\/pages\/5265"}],"wp:attachment":[{"href":"https:\/\/survivornet.ca\/fr\/wp-json\/wp\/v2\/media?parent=5271"}],"curies":[{"name":"wp","href":"https:\/\/api.w.org\/{rel}","templated":true}]}}