{"id":5268,"date":"2017-06-12T14:13:03","date_gmt":"2017-06-12T14:13:03","guid":{"rendered":"https:\/\/survivornet.ca\/?page_id=5268\/"},"modified":"2017-06-12T14:13:50","modified_gmt":"2017-06-12T14:13:50","slug":"objectifs-du-parti","status":"publish","type":"page","link":"https:\/\/survivornet.ca\/fr\/agissez\/campagnes-electorales\/campagne-electorale-2012\/parti-vert-du-quebec\/objectifs-du-parti\/","title":{"rendered":"Objectifs du Parti"},"content":{"rendered":"<p><strong>Objectifs \u00e0 court et moyen termes<\/strong><\/p>\n<ul class=\"content-list\">\n<li>Demander que le budget du Minist\u00e8re de la sant\u00e9 et des services sociaux commence \u00e0 favoriser davantage des politiques pouvant mener \u00e0 une restructuration profonde des services de sant\u00e9.<\/li>\n<li>Par des programmes bien \u00e9labor\u00e9s d\u2019\u00e9ducation populaire, permettre aux individus et aux familles d\u2019acqu\u00e9rir plus de connaissances et de responsabilit\u00e9 pour leur sant\u00e9.<\/li>\n<li>Les CLSC pourraient jouer un r\u00f4le de premier plan dans la mise en fonction de ces programmes.<\/li>\n<li>Promouvoir des environnements de vie plus sains en milieux urbains et ruraux, au niveau des lieux de travail, de l\u2019agriculture et de l\u2019alimentation, de l\u2019\u00e9ducation, des syst\u00e8mes de transport, et du d\u00e9veloppement \u00e9conomique local.<\/li>\n<li>Demander la cr\u00e9ation d\u2019un organisme public ayant pour mission de recenser, d\u2019\u00e9tudier et de pr\u00e9senter objectivement les diff\u00e9rentes approches compl\u00e9mentaires de sant\u00e9 (aussi nomm\u00e9es \u00ab m\u00e9decines alternatives \u00bb) dans le but de pr\u00e9parer leur int\u00e9gration r\u00e9elle au r\u00e9seau des services de sant\u00e9.<\/li>\n<\/ul>\n<p><strong>Objectifs \u00e0 long terme (Vision d\u2019une soci\u00e9t\u00e9 \u00e9cologique)<\/strong><\/p>\n<ul class=\"content-list\">\n<li>En tenant compte des besoins r\u00e9els, d\u00e9velopper des politiques accordant autant d\u2019importance \u00e0 la m\u00e9decine pr\u00e9ventive, \u00e0 la promotion de la sant\u00e9 et au d\u00e9veloppement de l\u2019autonomie individuelle et collective qu\u2019au traitement et \u00e0 la gu\u00e9rison des maladies.<\/li>\n<li>Restructuration du r\u00e9seau des \u00e9tablissements de sant\u00e9 (h\u00f4pitaux, CLSC, cliniques sp\u00e9cialis\u00e9es) en augmentant le nombre et les services des \u00e9tablissements communautaires et locaux.<\/li>\n<li>Exiger des grandes entreprises qu\u2019elles donnent \u00e0 leurs travailleurs des sessions d\u2019information et d\u2019activit\u00e9s sp\u00e9cifiques concernant la sant\u00e9.<\/li>\n<li>Offrir \u00e0 toute personne devant recevoir des traitements, l\u2019opportunit\u00e9 d\u2019\u00eatre ad\u00e9quatement inform\u00e9e de leur \u00e9tat de sant\u00e9 et de la vari\u00e9t\u00e9 de traitements disponibles, conventionnels ou compl\u00e9mentaires\/alternatifs.<\/li>\n<li>Un gouvernement du Parti Vert encouragera les recherches \u00e0 tous les niveaux, mais plus sp\u00e9cialement en ce qui concerne la sant\u00e9 publique, l\u2019\u00e9pid\u00e9miologie et les soins communautaires et infirmiers. Les recherches dans les facult\u00e9s universitaires seront affranchies des trop g\u00e9n\u00e9reuses contributions des soci\u00e9t\u00e9s commerciales, pharmaceutiques ou param\u00e9dicales.<\/li>\n<li>Sera institu\u00e9 un processus d\u2019\u00e9valuation continue des interventions et des produits de sant\u00e9, aux plans de la rentabilit\u00e9, de l\u2019efficacit\u00e9. Toutes les informations compil\u00e9es dans le cadre de ces analyses seront accessibles au public.<\/li>\n<\/ul>\n","protected":false},"excerpt":{"rendered":"<p>Objectifs \u00e0 court et moyen termes Demander que le budget du Minist\u00e8re de la sant\u00e9 et des services sociaux commence \u00e0 favoriser davantage des politiques pouvant mener \u00e0 une restructuration profonde des<\/p>\n","protected":false},"author":2,"featured_media":0,"parent":5265,"menu_order":0,"comment_status":"closed","ping_status":"closed","template":"","meta":{"_acf_changed":false,"footnotes":""},"class_list":["post-5268","page","type-page","status-publish","hentry"],"acf":[],"yoast_head":"<!-- This site is optimized with the Yoast SEO plugin v27.1.1 - https:\/\/yoast.com\/product\/yoast-seo-wordpress\/ -->\n<title>Objectifs du Parti - Canadian Cancer Survivor Network<\/title>\n<meta name=\"robots\" content=\"index, follow, max-snippet:-1, max-image-preview:large, max-video-preview:-1\" \/>\n<link rel=\"canonical\" href=\"https:\/\/survivornet.ca\/fr\/agissez\/campagnes-electorales\/campagne-electorale-2012\/parti-vert-du-quebec\/objectifs-du-parti\/\" \/>\n<meta property=\"og:locale\" content=\"fr_FR\" \/>\n<meta property=\"og:type\" content=\"article\" \/>\n<meta property=\"og:title\" content=\"Objectifs du Parti - Canadian Cancer Survivor Network\" \/>\n<meta property=\"og:description\" content=\"Objectifs \u00e0 court et moyen termes Demander que le budget du Minist\u00e8re de la sant\u00e9 et des services sociaux commence \u00e0 favoriser davantage des politiques pouvant mener \u00e0 une restructuration profonde des\" \/>\n<meta property=\"og:url\" content=\"https:\/\/survivornet.ca\/fr\/agissez\/campagnes-electorales\/campagne-electorale-2012\/parti-vert-du-quebec\/objectifs-du-parti\/\" \/>\n<meta property=\"og:site_name\" content=\"Canadian Cancer Survivor Network\" \/>\n<meta property=\"article:modified_time\" content=\"2017-06-12T14:13:50+00:00\" \/>\n<meta name=\"twitter:card\" content=\"summary_large_image\" \/>\n<meta name=\"twitter:label1\" content=\"Dur\u00e9e de lecture estim\u00e9e\" \/>\n\t<meta name=\"twitter:data1\" content=\"2 minutes\" \/>\n<script type=\"application\/ld+json\" class=\"yoast-schema-graph\">{\"@context\":\"https:\/\/schema.org\",\"@graph\":[{\"@type\":\"WebPage\",\"@id\":\"https:\/\/survivornet.ca\/fr\/agissez\/campagnes-electorales\/campagne-electorale-2012\/parti-vert-du-quebec\/objectifs-du-parti\/\",\"url\":\"https:\/\/survivornet.ca\/fr\/agissez\/campagnes-electorales\/campagne-electorale-2012\/parti-vert-du-quebec\/objectifs-du-parti\/\",\"name\":\"Objectifs du Parti - Canadian Cancer Survivor Network\",\"isPartOf\":{\"@id\":\"https:\/\/survivornet.ca\/#website\"},\"datePublished\":\"2017-06-12T14:13:03+00:00\",\"dateModified\":\"2017-06-12T14:13:50+00:00\",\"breadcrumb\":{\"@id\":\"https:\/\/survivornet.ca\/fr\/agissez\/campagnes-electorales\/campagne-electorale-2012\/parti-vert-du-quebec\/objectifs-du-parti\/#breadcrumb\"},\"inLanguage\":\"fr-FR\",\"potentialAction\":[{\"@type\":\"ReadAction\",\"target\":[\"https:\/\/survivornet.ca\/fr\/agissez\/campagnes-electorales\/campagne-electorale-2012\/parti-vert-du-quebec\/objectifs-du-parti\/\"]}]},{\"@type\":\"BreadcrumbList\",\"@id\":\"https:\/\/survivornet.ca\/fr\/agissez\/campagnes-electorales\/campagne-electorale-2012\/parti-vert-du-quebec\/objectifs-du-parti\/#breadcrumb\",\"itemListElement\":[{\"@type\":\"ListItem\",\"position\":1,\"name\":\"Home\",\"item\":\"https:\/\/survivornet.ca\/fr\/\"},{\"@type\":\"ListItem\",\"position\":2,\"name\":\"Agissez\",\"item\":\"https:\/\/survivornet.ca\/fr\/agissez\/\"},{\"@type\":\"ListItem\",\"position\":3,\"name\":\"Campagnes \u00e9lectorales\",\"item\":\"https:\/\/survivornet.ca\/fr\/agissez\/campagnes-electorales\/\"},{\"@type\":\"ListItem\",\"position\":4,\"name\":\"Campagne \u00e9lectorale 2012\",\"item\":\"https:\/\/survivornet.ca\/fr\/agissez\/campagnes-electorales\/campagne-electorale-2012\/\"},{\"@type\":\"ListItem\",\"position\":5,\"name\":\"Parti vert du Qu\u00e9bec\",\"item\":\"https:\/\/survivornet.ca\/fr\/agissez\/campagnes-electorales\/campagne-electorale-2012\/parti-vert-du-quebec\/\"},{\"@type\":\"ListItem\",\"position\":6,\"name\":\"Objectifs du Parti\"}]},{\"@type\":\"WebSite\",\"@id\":\"https:\/\/survivornet.ca\/#website\",\"url\":\"https:\/\/survivornet.ca\/\",\"name\":\"Canadian Cancer Survivor Network\",\"description\":\"The Canadian Cancer Survivor Network was created by a group of Canadians concerned about cancer.\",\"publisher\":{\"@id\":\"https:\/\/survivornet.ca\/#organization\"},\"potentialAction\":[{\"@type\":\"SearchAction\",\"target\":{\"@type\":\"EntryPoint\",\"urlTemplate\":\"https:\/\/survivornet.ca\/?s={search_term_string}\"},\"query-input\":{\"@type\":\"PropertyValueSpecification\",\"valueRequired\":true,\"valueName\":\"search_term_string\"}}],\"inLanguage\":\"fr-FR\"},{\"@type\":\"Organization\",\"@id\":\"https:\/\/survivornet.ca\/#organization\",\"name\":\"Canadian Cancer Survivor Network\",\"url\":\"https:\/\/survivornet.ca\/\",\"logo\":{\"@type\":\"ImageObject\",\"inLanguage\":\"fr-FR\",\"@id\":\"https:\/\/survivornet.ca\/#\/schema\/logo\/image\/\",\"url\":\"http:\/\/survivornet.ca\/wp-content\/uploads\/2016\/12\/CCSN_Logo_EN_SQUARE.png\",\"contentUrl\":\"http:\/\/survivornet.ca\/wp-content\/uploads\/2016\/12\/CCSN_Logo_EN_SQUARE.png\",\"width\":1209,\"height\":1007,\"caption\":\"Canadian Cancer Survivor Network\"},\"image\":{\"@id\":\"https:\/\/survivornet.ca\/#\/schema\/logo\/image\/\"}}]}<\/script>\n<!-- \/ Yoast SEO plugin. -->","yoast_head_json":{"title":"Objectifs du Parti - Canadian Cancer Survivor Network","robots":{"index":"index","follow":"follow","max-snippet":"max-snippet:-1","max-image-preview":"max-image-preview:large","max-video-preview":"max-video-preview:-1"},"canonical":"https:\/\/survivornet.ca\/fr\/agissez\/campagnes-electorales\/campagne-electorale-2012\/parti-vert-du-quebec\/objectifs-du-parti\/","og_locale":"fr_FR","og_type":"article","og_title":"Objectifs du Parti - Canadian Cancer Survivor Network","og_description":"Objectifs \u00e0 court et moyen termes Demander que le budget du Minist\u00e8re de la sant\u00e9 et des services sociaux commence \u00e0 favoriser davantage des politiques pouvant mener \u00e0 une restructuration profonde des","og_url":"https:\/\/survivornet.ca\/fr\/agissez\/campagnes-electorales\/campagne-electorale-2012\/parti-vert-du-quebec\/objectifs-du-parti\/","og_site_name":"Canadian Cancer Survivor Network","article_modified_time":"2017-06-12T14:13:50+00:00","twitter_card":"summary_large_image","twitter_misc":{"Dur\u00e9e de lecture estim\u00e9e":"2 minutes"},"schema":{"@context":"https:\/\/schema.org","@graph":[{"@type":"WebPage","@id":"https:\/\/survivornet.ca\/fr\/agissez\/campagnes-electorales\/campagne-electorale-2012\/parti-vert-du-quebec\/objectifs-du-parti\/","url":"https:\/\/survivornet.ca\/fr\/agissez\/campagnes-electorales\/campagne-electorale-2012\/parti-vert-du-quebec\/objectifs-du-parti\/","name":"Objectifs du Parti - Canadian Cancer Survivor Network","isPartOf":{"@id":"https:\/\/survivornet.ca\/#website"},"datePublished":"2017-06-12T14:13:03+00:00","dateModified":"2017-06-12T14:13:50+00:00","breadcrumb":{"@id":"https:\/\/survivornet.ca\/fr\/agissez\/campagnes-electorales\/campagne-electorale-2012\/parti-vert-du-quebec\/objectifs-du-parti\/#breadcrumb"},"inLanguage":"fr-FR","potentialAction":[{"@type":"ReadAction","target":["https:\/\/survivornet.ca\/fr\/agissez\/campagnes-electorales\/campagne-electorale-2012\/parti-vert-du-quebec\/objectifs-du-parti\/"]}]},{"@type":"BreadcrumbList","@id":"https:\/\/survivornet.ca\/fr\/agissez\/campagnes-electorales\/campagne-electorale-2012\/parti-vert-du-quebec\/objectifs-du-parti\/#breadcrumb","itemListElement":[{"@type":"ListItem","position":1,"name":"Home","item":"https:\/\/survivornet.ca\/fr\/"},{"@type":"ListItem","position":2,"name":"Agissez","item":"https:\/\/survivornet.ca\/fr\/agissez\/"},{"@type":"ListItem","position":3,"name":"Campagnes \u00e9lectorales","item":"https:\/\/survivornet.ca\/fr\/agissez\/campagnes-electorales\/"},{"@type":"ListItem","position":4,"name":"Campagne \u00e9lectorale 2012","item":"https:\/\/survivornet.ca\/fr\/agissez\/campagnes-electorales\/campagne-electorale-2012\/"},{"@type":"ListItem","position":5,"name":"Parti vert du Qu\u00e9bec","item":"https:\/\/survivornet.ca\/fr\/agissez\/campagnes-electorales\/campagne-electorale-2012\/parti-vert-du-quebec\/"},{"@type":"ListItem","position":6,"name":"Objectifs du Parti"}]},{"@type":"WebSite","@id":"https:\/\/survivornet.ca\/#website","url":"https:\/\/survivornet.ca\/","name":"Canadian Cancer Survivor Network","description":"The Canadian Cancer Survivor Network was created by a group of Canadians concerned about cancer.","publisher":{"@id":"https:\/\/survivornet.ca\/#organization"},"potentialAction":[{"@type":"SearchAction","target":{"@type":"EntryPoint","urlTemplate":"https:\/\/survivornet.ca\/?s={search_term_string}"},"query-input":{"@type":"PropertyValueSpecification","valueRequired":true,"valueName":"search_term_string"}}],"inLanguage":"fr-FR"},{"@type":"Organization","@id":"https:\/\/survivornet.ca\/#organization","name":"Canadian Cancer Survivor Network","url":"https:\/\/survivornet.ca\/","logo":{"@type":"ImageObject","inLanguage":"fr-FR","@id":"https:\/\/survivornet.ca\/#\/schema\/logo\/image\/","url":"http:\/\/survivornet.ca\/wp-content\/uploads\/2016\/12\/CCSN_Logo_EN_SQUARE.png","contentUrl":"http:\/\/survivornet.ca\/wp-content\/uploads\/2016\/12\/CCSN_Logo_EN_SQUARE.png","width":1209,"height":1007,"caption":"Canadian Cancer Survivor Network"},"image":{"@id":"https:\/\/survivornet.ca\/#\/schema\/logo\/image\/"}}]}},"_links":{"self":[{"href":"https:\/\/survivornet.ca\/fr\/wp-json\/wp\/v2\/pages\/5268","targetHints":{"allow":["GET"]}}],"collection":[{"href":"https:\/\/survivornet.ca\/fr\/wp-json\/wp\/v2\/pages"}],"about":[{"href":"https:\/\/survivornet.ca\/fr\/wp-json\/wp\/v2\/types\/page"}],"author":[{"embeddable":true,"href":"https:\/\/survivornet.ca\/fr\/wp-json\/wp\/v2\/users\/2"}],"replies":[{"embeddable":true,"href":"https:\/\/survivornet.ca\/fr\/wp-json\/wp\/v2\/comments?post=5268"}],"version-history":[{"count":0,"href":"https:\/\/survivornet.ca\/fr\/wp-json\/wp\/v2\/pages\/5268\/revisions"}],"up":[{"embeddable":true,"href":"https:\/\/survivornet.ca\/fr\/wp-json\/wp\/v2\/pages\/5265"}],"wp:attachment":[{"href":"https:\/\/survivornet.ca\/fr\/wp-json\/wp\/v2\/media?parent=5268"}],"curies":[{"name":"wp","href":"https:\/\/api.w.org\/{rel}","templated":true}]}}