{"id":5263,"date":"2017-06-12T14:10:17","date_gmt":"2017-06-12T14:10:17","guid":{"rendered":"https:\/\/survivornet.ca\/?page_id=5263\/"},"modified":"2017-06-12T14:10:17","modified_gmt":"2017-06-12T14:10:17","slug":"parti-quebecois","status":"publish","type":"page","link":"https:\/\/survivornet.ca\/fr\/agissez\/campagnes-electorales\/campagne-electorale-2012\/parti-quebecois\/","title":{"rendered":"Parti Qu\u00e9b\u00e9cois"},"content":{"rendered":"<p>Nous avons re\u00e7u cette lettre, comme r\u00e9ponse officielle \u00e0 la notre, du Directeur du contenu, M. Martin Caill\u00e9\u00a0:<\/p>\n<p>Madame la Pr\u00e9sidente et Directrice g\u00e9n\u00e9rale,<\/p>\n<p>Nous avons bien re\u00e7u votre courriel du 13 ao\u00fbt dernier. Au nom de la chef du Parti Qu\u00e9b\u00e9cois, Pauline Marois, permettez-moi d\u2019y donner suite.<\/p>\n<p>Dans un premier temps, nous tenons \u00e0 vous confirmer que le Parti Qu\u00e9b\u00e9cois entend faire de la lutte contre le cancer une v\u00e9ritable priorit\u00e9 nationale en proc\u00e9dant \u00e0 une profonde r\u00e9organisation de la lutte contre le cancer au Qu\u00e9bec afin d\u2019am\u00e9liorer concr\u00e8tement la coordination entre la recherche, la pr\u00e9vention, le d\u00e9pistage et le diagnostic, l\u2019organisation des soins, les ressources mat\u00e9rielles et humaines, la formation des intervenants, le soutien communautaire et les soins de fin de vie.<\/p>\n<p>Au sujet de l\u2019acc\u00e8s aux m\u00e9dicaments de pointe contre le cancer, la d\u00e9put\u00e9e de Taschereau, Agn\u00e8s Maltais a fait de multiples interventions afin de rendre plus accessibles les m\u00e9dicaments contre le cancer. Elle a d\u2019ailleurs soulign\u00e9 \u00e0 plusieurs reprises qu\u2019on devrait conclure des ententes avec des entreprises pharmaceutiques afin de rendre accessibles les nouveaux m\u00e9dicaments dont l\u2019intention th\u00e9rapeutique est d\u00e9montr\u00e9e.<\/p>\n<p>Par ailleurs, je vous invite \u00e0 consulter notre plateforme \u00e9lectorale \u00e0 l\u2019adresse suivante :<\/p>\n<p>http:\/\/depot.pq.org\/files\/893b7689891f254a342c90c0766cb241\/Brochure_Plateforme.pdf.<\/p>\n<p>Le 4 septembre prochain, les Qu\u00e9b\u00e9cois seront appel\u00e9s \u00e0 choisir la voie que le Qu\u00e9bec prendra pour les prochaines ann\u00e9es. Le Parti Qu\u00e9b\u00e9cois gouvernera avec plus de transparence et d\u2019honn\u00eatet\u00e9, au b\u00e9n\u00e9fice de toutes les Qu\u00e9b\u00e9coises et de tous les Qu\u00e9b\u00e9cois. Nous convions les citoyens du Qu\u00e9bec \u00e0 faire le choix du Parti Qu\u00e9b\u00e9cois.<\/p>\n<p>Pr\u00e9server notre syst\u00e8me de sant\u00e9 et nos services sociaux<\/p>\n<ul class=\"content-list\">\n<li>Abolir la taxe sant\u00e9 de 400 dollars par famille et introduire deux nouveaux paliers d\u2019imposition pour les salari\u00e9s gagnant plus de 130 000 dollars et plus de 250 000 dollars; r\u00e9viser la fiscalit\u00e9 applicable \u00e0 certains gains en capitaux (en excluant la r\u00e9sidence principale) et r\u00e9duire les cr\u00e9dits d\u2019imp\u00f4t sur les dividendes.<\/li>\n<li>Assurer \u00e0 tous les Qu\u00e9b\u00e9cois l\u2019acc\u00e8s \u00e0 un m\u00e9decin de famille en acc\u00e9l\u00e9rant le d\u00e9veloppement des groupes de m\u00e9decine familiale.<\/li>\n<li>Adopter des mesures de pr\u00e9vention, incluant des mesures pour favoriser la pratique du sport, afin de lutter contre la malbouffe, la s\u00e9dentarit\u00e9, le tabagisme et les infections transmises sexuellement afin de r\u00e9duire la pr\u00e9valence des maladies chroniques et d\u2019am\u00e9liorer les habitudes de vie.<\/li>\n<li>Faire de la lutte contre le cancer une v\u00e9ritable priorit\u00e9 nationale et proc\u00e9der \u00e0 une r\u00e9organisation de la lutte contre le cancer au Qu\u00e9bec en partenariat avec le milieu.<\/li>\n<li>Afin d\u2019am\u00e9liorer la performance, d\u2019adopter de meilleures pratiques de gestion et d\u2019assurer l\u2019\u00e9quit\u00e9 interr\u00e9gionale, donner plus d\u2019autonomie aux \u00e9tablissements de sant\u00e9 et moduler leur financement en fonction des services rendus tout en s\u2019assurant de la qualit\u00e9 des soins, au lieu de maintenir la formule actuelle fond\u00e9e sur un financement historique.<\/li>\n<li>Favoriser l\u2019int\u00e9gration de nouvelles technologies dans le domaine de la sant\u00e9, tout sp\u00e9cialement celles d\u00e9velopp\u00e9es au Qu\u00e9bec.<\/li>\n<\/ul>\n<p><strong>R\u00e9ponses des candidats\u00a0:<\/strong><\/p>\n<p><strong>Sophie Stank\u00e9 \u2013 Saint-Henri-Sainte-Anne<\/strong><\/p>\n<p>Bonjour Mme Manthorne,<\/p>\n<p>Merci de prendre le temps de vous int\u00e9resser au Parti Qu\u00e9b\u00e9cois et \u00e0 notre programme.<\/p>\n<p>La lutte contre le cancer est primordial, au Qu\u00e9bec et ailleurs, et un gouvernement du Parti Qu\u00e9b\u00e9cois s&#8217;engage \u00e0 en faire une priorit\u00e9 nationale. Je vous invite d&#8217;ailleurs \u00e0 consulter notre programme (<a href=\"http:\/\/pq.org\/parti\/programme\" target=\"_blank\" rel=\"noopener noreferrer\">http:\/\/pq.org\/parti\/programme<\/a>), dont la section sur la lutte au cancer se retrouve un peu plus bas dans ce courriel.<\/p>\n<p>Nous nous permettons \u00e9galement de transmettre votre demande \u00e0 Agn\u00e8s Maltais, d\u00e9put\u00e9e sortante et candidate dans Taschereau et porte-parole de l&#8217;opposition officielle en mati\u00e8re de sant\u00e9, qui saura peut-\u00eatre r\u00e9pondre \u00e0 vos questions plus pr\u00e9cises sur le sujet.<\/p>\n<p>Un gouvernement du Parti Qu\u00e9b\u00e9cois:<\/p>\n<p>c) Fera de la lutte contre le cancer une v\u00e9ritable priorit\u00e9 nationale en proc\u00e9dant \u00e0 une profonde r\u00e9organisation de la lutte contre le cancer au Qu\u00e9bec afin d\u2019am\u00e9liorer concr\u00e8tement la coordination entre la recherche, la pr\u00e9vention, le d\u00e9pistage et le diagnostic, l\u2019organisation des soins, les ressources mat\u00e9rielles et humaines, la formation des intervenants, le soutien communautaire et les soins de fin de vie.<\/p>\n","protected":false},"excerpt":{"rendered":"<p>Nous avons re\u00e7u cette lettre, comme r\u00e9ponse officielle \u00e0 la notre, du Directeur du contenu, M. Martin Caill\u00e9\u00a0: Madame la Pr\u00e9sidente et Directrice g\u00e9n\u00e9rale, Nous avons bien re\u00e7u votre courriel du 13<\/p>\n","protected":false},"author":2,"featured_media":0,"parent":5243,"menu_order":2,"comment_status":"closed","ping_status":"closed","template":"","meta":{"_acf_changed":false,"footnotes":""},"class_list":["post-5263","page","type-page","status-publish","hentry"],"acf":[],"yoast_head":"<!-- This site is optimized with the Yoast SEO plugin v27.4 - https:\/\/yoast.com\/product\/yoast-seo-wordpress\/ -->\n<title>Parti Qu\u00e9b\u00e9cois - Canadian Cancer Survivor Network<\/title>\n<meta name=\"robots\" content=\"index, follow, max-snippet:-1, max-image-preview:large, max-video-preview:-1\" \/>\n<link rel=\"canonical\" href=\"https:\/\/survivornet.ca\/fr\/agissez\/campagnes-electorales\/campagne-electorale-2012\/parti-quebecois\/\" \/>\n<meta property=\"og:locale\" content=\"fr_FR\" \/>\n<meta property=\"og:type\" content=\"article\" \/>\n<meta property=\"og:title\" content=\"Parti Qu\u00e9b\u00e9cois - Canadian Cancer Survivor Network\" \/>\n<meta property=\"og:description\" content=\"Nous avons re\u00e7u cette lettre, comme r\u00e9ponse officielle \u00e0 la notre, du Directeur du contenu, M. Martin Caill\u00e9\u00a0: Madame la Pr\u00e9sidente et Directrice g\u00e9n\u00e9rale, Nous avons bien re\u00e7u votre courriel du 13\" \/>\n<meta property=\"og:url\" content=\"https:\/\/survivornet.ca\/fr\/agissez\/campagnes-electorales\/campagne-electorale-2012\/parti-quebecois\/\" \/>\n<meta property=\"og:site_name\" content=\"Canadian Cancer Survivor Network\" \/>\n<meta name=\"twitter:card\" content=\"summary_large_image\" \/>\n<meta name=\"twitter:label1\" content=\"Dur\u00e9e de lecture estim\u00e9e\" \/>\n\t<meta name=\"twitter:data1\" content=\"4 minutes\" \/>\n<script type=\"application\/ld+json\" class=\"yoast-schema-graph\">{\"@context\":\"https:\\\/\\\/schema.org\",\"@graph\":[{\"@type\":\"WebPage\",\"@id\":\"https:\\\/\\\/survivornet.ca\\\/fr\\\/agissez\\\/campagnes-electorales\\\/campagne-electorale-2012\\\/parti-quebecois\\\/\",\"url\":\"https:\\\/\\\/survivornet.ca\\\/fr\\\/agissez\\\/campagnes-electorales\\\/campagne-electorale-2012\\\/parti-quebecois\\\/\",\"name\":\"Parti Qu\u00e9b\u00e9cois - Canadian Cancer Survivor Network\",\"isPartOf\":{\"@id\":\"https:\\\/\\\/survivornet.ca\\\/#website\"},\"datePublished\":\"2017-06-12T14:10:17+00:00\",\"breadcrumb\":{\"@id\":\"https:\\\/\\\/survivornet.ca\\\/fr\\\/agissez\\\/campagnes-electorales\\\/campagne-electorale-2012\\\/parti-quebecois\\\/#breadcrumb\"},\"inLanguage\":\"fr-FR\",\"potentialAction\":[{\"@type\":\"ReadAction\",\"target\":[\"https:\\\/\\\/survivornet.ca\\\/fr\\\/agissez\\\/campagnes-electorales\\\/campagne-electorale-2012\\\/parti-quebecois\\\/\"]}]},{\"@type\":\"BreadcrumbList\",\"@id\":\"https:\\\/\\\/survivornet.ca\\\/fr\\\/agissez\\\/campagnes-electorales\\\/campagne-electorale-2012\\\/parti-quebecois\\\/#breadcrumb\",\"itemListElement\":[{\"@type\":\"ListItem\",\"position\":1,\"name\":\"Home\",\"item\":\"https:\\\/\\\/survivornet.ca\\\/fr\\\/\"},{\"@type\":\"ListItem\",\"position\":2,\"name\":\"Agissez\",\"item\":\"https:\\\/\\\/survivornet.ca\\\/fr\\\/agissez\\\/\"},{\"@type\":\"ListItem\",\"position\":3,\"name\":\"Campagnes \u00e9lectorales\",\"item\":\"https:\\\/\\\/survivornet.ca\\\/fr\\\/agissez\\\/campagnes-electorales\\\/\"},{\"@type\":\"ListItem\",\"position\":4,\"name\":\"Campagne \u00e9lectorale 2012\",\"item\":\"https:\\\/\\\/survivornet.ca\\\/fr\\\/agissez\\\/campagnes-electorales\\\/campagne-electorale-2012\\\/\"},{\"@type\":\"ListItem\",\"position\":5,\"name\":\"Parti Qu\u00e9b\u00e9cois\"}]},{\"@type\":\"WebSite\",\"@id\":\"https:\\\/\\\/survivornet.ca\\\/#website\",\"url\":\"https:\\\/\\\/survivornet.ca\\\/\",\"name\":\"Canadian Cancer Survivor Network\",\"description\":\"The Canadian Cancer Survivor Network was created by a group of Canadians concerned about cancer.\",\"publisher\":{\"@id\":\"https:\\\/\\\/survivornet.ca\\\/#organization\"},\"potentialAction\":[{\"@type\":\"SearchAction\",\"target\":{\"@type\":\"EntryPoint\",\"urlTemplate\":\"https:\\\/\\\/survivornet.ca\\\/?s={search_term_string}\"},\"query-input\":{\"@type\":\"PropertyValueSpecification\",\"valueRequired\":true,\"valueName\":\"search_term_string\"}}],\"inLanguage\":\"fr-FR\"},{\"@type\":\"Organization\",\"@id\":\"https:\\\/\\\/survivornet.ca\\\/#organization\",\"name\":\"Canadian Cancer Survivor Network\",\"url\":\"https:\\\/\\\/survivornet.ca\\\/\",\"logo\":{\"@type\":\"ImageObject\",\"inLanguage\":\"fr-FR\",\"@id\":\"https:\\\/\\\/survivornet.ca\\\/#\\\/schema\\\/logo\\\/image\\\/\",\"url\":\"http:\\\/\\\/survivornet.ca\\\/wp-content\\\/uploads\\\/2016\\\/12\\\/CCSN_Logo_EN_SQUARE.png\",\"contentUrl\":\"http:\\\/\\\/survivornet.ca\\\/wp-content\\\/uploads\\\/2016\\\/12\\\/CCSN_Logo_EN_SQUARE.png\",\"width\":1209,\"height\":1007,\"caption\":\"Canadian Cancer Survivor Network\"},\"image\":{\"@id\":\"https:\\\/\\\/survivornet.ca\\\/#\\\/schema\\\/logo\\\/image\\\/\"}}]}<\/script>\n<!-- \/ Yoast SEO plugin. -->","yoast_head_json":{"title":"Parti Qu\u00e9b\u00e9cois - Canadian Cancer Survivor Network","robots":{"index":"index","follow":"follow","max-snippet":"max-snippet:-1","max-image-preview":"max-image-preview:large","max-video-preview":"max-video-preview:-1"},"canonical":"https:\/\/survivornet.ca\/fr\/agissez\/campagnes-electorales\/campagne-electorale-2012\/parti-quebecois\/","og_locale":"fr_FR","og_type":"article","og_title":"Parti Qu\u00e9b\u00e9cois - Canadian Cancer Survivor Network","og_description":"Nous avons re\u00e7u cette lettre, comme r\u00e9ponse officielle \u00e0 la notre, du Directeur du contenu, M. Martin Caill\u00e9\u00a0: Madame la Pr\u00e9sidente et Directrice g\u00e9n\u00e9rale, Nous avons bien re\u00e7u votre courriel du 13","og_url":"https:\/\/survivornet.ca\/fr\/agissez\/campagnes-electorales\/campagne-electorale-2012\/parti-quebecois\/","og_site_name":"Canadian Cancer Survivor Network","twitter_card":"summary_large_image","twitter_misc":{"Dur\u00e9e de lecture estim\u00e9e":"4 minutes"},"schema":{"@context":"https:\/\/schema.org","@graph":[{"@type":"WebPage","@id":"https:\/\/survivornet.ca\/fr\/agissez\/campagnes-electorales\/campagne-electorale-2012\/parti-quebecois\/","url":"https:\/\/survivornet.ca\/fr\/agissez\/campagnes-electorales\/campagne-electorale-2012\/parti-quebecois\/","name":"Parti Qu\u00e9b\u00e9cois - Canadian Cancer Survivor Network","isPartOf":{"@id":"https:\/\/survivornet.ca\/#website"},"datePublished":"2017-06-12T14:10:17+00:00","breadcrumb":{"@id":"https:\/\/survivornet.ca\/fr\/agissez\/campagnes-electorales\/campagne-electorale-2012\/parti-quebecois\/#breadcrumb"},"inLanguage":"fr-FR","potentialAction":[{"@type":"ReadAction","target":["https:\/\/survivornet.ca\/fr\/agissez\/campagnes-electorales\/campagne-electorale-2012\/parti-quebecois\/"]}]},{"@type":"BreadcrumbList","@id":"https:\/\/survivornet.ca\/fr\/agissez\/campagnes-electorales\/campagne-electorale-2012\/parti-quebecois\/#breadcrumb","itemListElement":[{"@type":"ListItem","position":1,"name":"Home","item":"https:\/\/survivornet.ca\/fr\/"},{"@type":"ListItem","position":2,"name":"Agissez","item":"https:\/\/survivornet.ca\/fr\/agissez\/"},{"@type":"ListItem","position":3,"name":"Campagnes \u00e9lectorales","item":"https:\/\/survivornet.ca\/fr\/agissez\/campagnes-electorales\/"},{"@type":"ListItem","position":4,"name":"Campagne \u00e9lectorale 2012","item":"https:\/\/survivornet.ca\/fr\/agissez\/campagnes-electorales\/campagne-electorale-2012\/"},{"@type":"ListItem","position":5,"name":"Parti Qu\u00e9b\u00e9cois"}]},{"@type":"WebSite","@id":"https:\/\/survivornet.ca\/#website","url":"https:\/\/survivornet.ca\/","name":"Canadian Cancer Survivor Network","description":"The Canadian Cancer Survivor Network was created by a group of Canadians concerned about cancer.","publisher":{"@id":"https:\/\/survivornet.ca\/#organization"},"potentialAction":[{"@type":"SearchAction","target":{"@type":"EntryPoint","urlTemplate":"https:\/\/survivornet.ca\/?s={search_term_string}"},"query-input":{"@type":"PropertyValueSpecification","valueRequired":true,"valueName":"search_term_string"}}],"inLanguage":"fr-FR"},{"@type":"Organization","@id":"https:\/\/survivornet.ca\/#organization","name":"Canadian Cancer Survivor Network","url":"https:\/\/survivornet.ca\/","logo":{"@type":"ImageObject","inLanguage":"fr-FR","@id":"https:\/\/survivornet.ca\/#\/schema\/logo\/image\/","url":"http:\/\/survivornet.ca\/wp-content\/uploads\/2016\/12\/CCSN_Logo_EN_SQUARE.png","contentUrl":"http:\/\/survivornet.ca\/wp-content\/uploads\/2016\/12\/CCSN_Logo_EN_SQUARE.png","width":1209,"height":1007,"caption":"Canadian Cancer Survivor Network"},"image":{"@id":"https:\/\/survivornet.ca\/#\/schema\/logo\/image\/"}}]}},"_links":{"self":[{"href":"https:\/\/survivornet.ca\/fr\/wp-json\/wp\/v2\/pages\/5263","targetHints":{"allow":["GET"]}}],"collection":[{"href":"https:\/\/survivornet.ca\/fr\/wp-json\/wp\/v2\/pages"}],"about":[{"href":"https:\/\/survivornet.ca\/fr\/wp-json\/wp\/v2\/types\/page"}],"author":[{"embeddable":true,"href":"https:\/\/survivornet.ca\/fr\/wp-json\/wp\/v2\/users\/2"}],"replies":[{"embeddable":true,"href":"https:\/\/survivornet.ca\/fr\/wp-json\/wp\/v2\/comments?post=5263"}],"version-history":[{"count":0,"href":"https:\/\/survivornet.ca\/fr\/wp-json\/wp\/v2\/pages\/5263\/revisions"}],"up":[{"embeddable":true,"href":"https:\/\/survivornet.ca\/fr\/wp-json\/wp\/v2\/pages\/5243"}],"wp:attachment":[{"href":"https:\/\/survivornet.ca\/fr\/wp-json\/wp\/v2\/media?parent=5263"}],"curies":[{"name":"wp","href":"https:\/\/api.w.org\/{rel}","templated":true}]}}