{"id":5256,"date":"2017-06-12T14:07:09","date_gmt":"2017-06-12T14:07:09","guid":{"rendered":"https:\/\/survivornet.ca\/?page_id=5256\/"},"modified":"2017-06-12T14:07:09","modified_gmt":"2017-06-12T14:07:09","slug":"sante-des-services-directs-la-population","status":"publish","type":"page","link":"https:\/\/survivornet.ca\/fr\/agissez\/campagnes-electorales\/campagne-electorale-2012\/coalition-avenir-quebec\/sante-des-services-directs-la-population\/","title":{"rendered":"Sant\u00e9 : des services directs \u00e0 la population"},"content":{"rendered":"<p>La sant\u00e9 reste une pr\u00e9occupation majeure des Qu\u00e9b\u00e9cois. C\u2019est particuli\u00e8rement le cas en ce qui concerne le probl\u00e8me de l\u2019accessibilit\u00e9 \u00e0 des soins de qualit\u00e9. Or, la Coalition constate que, comme en \u00e9ducation, le Qu\u00e9bec est sur-administr\u00e9 dans ce domaine. \u00c0 l\u2019instar des \u00e9l\u00e8ves, les patients sont souvent sacrifi\u00e9s au profit de consid\u00e9rations bureaucratiques.<\/p>\n<p>Des \u00e9conomies substantielles peuvent \u00eatre r\u00e9alis\u00e9es en all\u00e9geant les structures de coordination et de gestion du r\u00e9seau et en r\u00e9affectant les ressources ainsi d\u00e9gag\u00e9es \u00e0 l\u2019offre de services directs \u00e0 la population, c\u2019est-\u00e0-dire la premi\u00e8re ligne de services.<\/p>\n<p>Car le maillon faible du syst\u00e8me de sant\u00e9 qu\u00e9b\u00e9cois est pr\u00e9cis\u00e9ment cette premi\u00e8re ligne qui en est la porte d\u2019entr\u00e9e. La manifestation la plus \u00e9loquente de ce probl\u00e8me est le fait qu\u2019environ le quart des Qu\u00e9b\u00e9cois soient toujours sans m\u00e9decin de famille. Cette situation est inacceptable et intol\u00e9rable. Elle cr\u00e9e deux cat\u00e9gories de citoyens : ceux avec un m\u00e9decin de famille, qui peuvent \u00eatre orient\u00e9s plus facilement et plus rapidement vers des soins de sant\u00e9 ad\u00e9quats; ceux sans m\u00e9decins, qui doivent se d\u00e9m\u00ealer dans les d\u00e9dales du syst\u00e8me. Une r\u00e9organisation simple, mais importante de la gestion du syst\u00e8me de sant\u00e9 est imp\u00e9rative.<\/p>\n<p>Les changements propos\u00e9s par la Coalition sont de plusieurs ordres. Il faut notamment ajuster la liste d\u2019incitatifs \u00e0 destination des acteurs-cl\u00e9s, notamment le mode de r\u00e9mun\u00e9ration des m\u00e9decins omnipraticiens, pour favoriser le d\u00e9veloppement de la m\u00e9decine familiale. Il faut aussi all\u00e9ger les structures de gestion existantes et faire converger les ressources d\u00e9gag\u00e9es vers la premi\u00e8re ligne. De m\u00eame, les r\u00e8gles de financement des \u00e9tablissements de sant\u00e9 doivent \u00eatre revues.<\/p>\n<p>Il faut avoir le courage de poser les gestes n\u00e9cessaires afin de r\u00e9ellement garantir \u00e0 toutes les familles qu\u00e9b\u00e9coises l\u2019acc\u00e8s rapide \u00e0 des soins de qualit\u00e9. Les solutions \u00e0 certains de ces probl\u00e8mes sont connues, mais la volont\u00e9 politique de les mettre en application a fait cruellement d\u00e9faut jusqu\u2019ici. L\u2019heure est maintenant venue d\u2019agir.<\/p>\n","protected":false},"excerpt":{"rendered":"<p>La sant\u00e9 reste une pr\u00e9occupation majeure des Qu\u00e9b\u00e9cois. C\u2019est particuli\u00e8rement le cas en ce qui concerne le probl\u00e8me de l\u2019accessibilit\u00e9 \u00e0 des soins de qualit\u00e9. Or, la Coalition constate que, comme en<\/p>\n","protected":false},"author":2,"featured_media":0,"parent":5245,"menu_order":3,"comment_status":"closed","ping_status":"closed","template":"","meta":{"_acf_changed":false,"footnotes":""},"class_list":["post-5256","page","type-page","status-publish","hentry"],"acf":[],"yoast_head":"<!-- This site is optimized with the Yoast SEO plugin v27.4 - https:\/\/yoast.com\/product\/yoast-seo-wordpress\/ -->\n<title>Sant\u00e9 : des services directs \u00e0 la population - Canadian Cancer Survivor Network<\/title>\n<meta name=\"robots\" content=\"index, follow, max-snippet:-1, max-image-preview:large, max-video-preview:-1\" \/>\n<link rel=\"canonical\" href=\"https:\/\/survivornet.ca\/fr\/agissez\/campagnes-electorales\/campagne-electorale-2012\/coalition-avenir-quebec\/sante-des-services-directs-la-population\/\" \/>\n<meta property=\"og:locale\" content=\"fr_FR\" \/>\n<meta property=\"og:type\" content=\"article\" \/>\n<meta property=\"og:title\" content=\"Sant\u00e9 : des services directs \u00e0 la population - Canadian Cancer Survivor Network\" \/>\n<meta property=\"og:description\" content=\"La sant\u00e9 reste une pr\u00e9occupation majeure des Qu\u00e9b\u00e9cois. C\u2019est particuli\u00e8rement le cas en ce qui concerne le probl\u00e8me de l\u2019accessibilit\u00e9 \u00e0 des soins de qualit\u00e9. Or, la Coalition constate que, comme en\" \/>\n<meta property=\"og:url\" content=\"https:\/\/survivornet.ca\/fr\/agissez\/campagnes-electorales\/campagne-electorale-2012\/coalition-avenir-quebec\/sante-des-services-directs-la-population\/\" \/>\n<meta property=\"og:site_name\" content=\"Canadian Cancer Survivor Network\" \/>\n<meta name=\"twitter:card\" content=\"summary_large_image\" \/>\n<meta name=\"twitter:label1\" content=\"Dur\u00e9e de lecture estim\u00e9e\" \/>\n\t<meta name=\"twitter:data1\" content=\"2 minutes\" \/>\n<script type=\"application\/ld+json\" class=\"yoast-schema-graph\">{\"@context\":\"https:\\\/\\\/schema.org\",\"@graph\":[{\"@type\":\"WebPage\",\"@id\":\"https:\\\/\\\/survivornet.ca\\\/fr\\\/agissez\\\/campagnes-electorales\\\/campagne-electorale-2012\\\/coalition-avenir-quebec\\\/sante-des-services-directs-la-population\\\/\",\"url\":\"https:\\\/\\\/survivornet.ca\\\/fr\\\/agissez\\\/campagnes-electorales\\\/campagne-electorale-2012\\\/coalition-avenir-quebec\\\/sante-des-services-directs-la-population\\\/\",\"name\":\"Sant\u00e9 : des services directs \u00e0 la population - Canadian Cancer Survivor Network\",\"isPartOf\":{\"@id\":\"https:\\\/\\\/survivornet.ca\\\/#website\"},\"datePublished\":\"2017-06-12T14:07:09+00:00\",\"breadcrumb\":{\"@id\":\"https:\\\/\\\/survivornet.ca\\\/fr\\\/agissez\\\/campagnes-electorales\\\/campagne-electorale-2012\\\/coalition-avenir-quebec\\\/sante-des-services-directs-la-population\\\/#breadcrumb\"},\"inLanguage\":\"fr-FR\",\"potentialAction\":[{\"@type\":\"ReadAction\",\"target\":[\"https:\\\/\\\/survivornet.ca\\\/fr\\\/agissez\\\/campagnes-electorales\\\/campagne-electorale-2012\\\/coalition-avenir-quebec\\\/sante-des-services-directs-la-population\\\/\"]}]},{\"@type\":\"BreadcrumbList\",\"@id\":\"https:\\\/\\\/survivornet.ca\\\/fr\\\/agissez\\\/campagnes-electorales\\\/campagne-electorale-2012\\\/coalition-avenir-quebec\\\/sante-des-services-directs-la-population\\\/#breadcrumb\",\"itemListElement\":[{\"@type\":\"ListItem\",\"position\":1,\"name\":\"Home\",\"item\":\"https:\\\/\\\/survivornet.ca\\\/fr\\\/\"},{\"@type\":\"ListItem\",\"position\":2,\"name\":\"Agissez\",\"item\":\"https:\\\/\\\/survivornet.ca\\\/fr\\\/agissez\\\/\"},{\"@type\":\"ListItem\",\"position\":3,\"name\":\"Campagnes \u00e9lectorales\",\"item\":\"https:\\\/\\\/survivornet.ca\\\/fr\\\/agissez\\\/campagnes-electorales\\\/\"},{\"@type\":\"ListItem\",\"position\":4,\"name\":\"Campagne \u00e9lectorale 2012\",\"item\":\"https:\\\/\\\/survivornet.ca\\\/fr\\\/agissez\\\/campagnes-electorales\\\/campagne-electorale-2012\\\/\"},{\"@type\":\"ListItem\",\"position\":5,\"name\":\"Coalition Avenir Qu\u00e9bec\",\"item\":\"https:\\\/\\\/survivornet.ca\\\/fr\\\/agissez\\\/campagnes-electorales\\\/campagne-electorale-2012\\\/coalition-avenir-quebec\\\/\"},{\"@type\":\"ListItem\",\"position\":6,\"name\":\"Sant\u00e9 : des services directs \u00e0 la population\"}]},{\"@type\":\"WebSite\",\"@id\":\"https:\\\/\\\/survivornet.ca\\\/#website\",\"url\":\"https:\\\/\\\/survivornet.ca\\\/\",\"name\":\"Canadian Cancer Survivor Network\",\"description\":\"The Canadian Cancer Survivor Network was created by a group of Canadians concerned about cancer.\",\"publisher\":{\"@id\":\"https:\\\/\\\/survivornet.ca\\\/#organization\"},\"potentialAction\":[{\"@type\":\"SearchAction\",\"target\":{\"@type\":\"EntryPoint\",\"urlTemplate\":\"https:\\\/\\\/survivornet.ca\\\/?s={search_term_string}\"},\"query-input\":{\"@type\":\"PropertyValueSpecification\",\"valueRequired\":true,\"valueName\":\"search_term_string\"}}],\"inLanguage\":\"fr-FR\"},{\"@type\":\"Organization\",\"@id\":\"https:\\\/\\\/survivornet.ca\\\/#organization\",\"name\":\"Canadian Cancer Survivor Network\",\"url\":\"https:\\\/\\\/survivornet.ca\\\/\",\"logo\":{\"@type\":\"ImageObject\",\"inLanguage\":\"fr-FR\",\"@id\":\"https:\\\/\\\/survivornet.ca\\\/#\\\/schema\\\/logo\\\/image\\\/\",\"url\":\"http:\\\/\\\/survivornet.ca\\\/wp-content\\\/uploads\\\/2016\\\/12\\\/CCSN_Logo_EN_SQUARE.png\",\"contentUrl\":\"http:\\\/\\\/survivornet.ca\\\/wp-content\\\/uploads\\\/2016\\\/12\\\/CCSN_Logo_EN_SQUARE.png\",\"width\":1209,\"height\":1007,\"caption\":\"Canadian Cancer Survivor Network\"},\"image\":{\"@id\":\"https:\\\/\\\/survivornet.ca\\\/#\\\/schema\\\/logo\\\/image\\\/\"}}]}<\/script>\n<!-- \/ Yoast SEO plugin. -->","yoast_head_json":{"title":"Sant\u00e9 : des services directs \u00e0 la population - Canadian Cancer Survivor Network","robots":{"index":"index","follow":"follow","max-snippet":"max-snippet:-1","max-image-preview":"max-image-preview:large","max-video-preview":"max-video-preview:-1"},"canonical":"https:\/\/survivornet.ca\/fr\/agissez\/campagnes-electorales\/campagne-electorale-2012\/coalition-avenir-quebec\/sante-des-services-directs-la-population\/","og_locale":"fr_FR","og_type":"article","og_title":"Sant\u00e9 : des services directs \u00e0 la population - Canadian Cancer Survivor Network","og_description":"La sant\u00e9 reste une pr\u00e9occupation majeure des Qu\u00e9b\u00e9cois. C\u2019est particuli\u00e8rement le cas en ce qui concerne le probl\u00e8me de l\u2019accessibilit\u00e9 \u00e0 des soins de qualit\u00e9. Or, la Coalition constate que, comme en","og_url":"https:\/\/survivornet.ca\/fr\/agissez\/campagnes-electorales\/campagne-electorale-2012\/coalition-avenir-quebec\/sante-des-services-directs-la-population\/","og_site_name":"Canadian Cancer Survivor Network","twitter_card":"summary_large_image","twitter_misc":{"Dur\u00e9e de lecture estim\u00e9e":"2 minutes"},"schema":{"@context":"https:\/\/schema.org","@graph":[{"@type":"WebPage","@id":"https:\/\/survivornet.ca\/fr\/agissez\/campagnes-electorales\/campagne-electorale-2012\/coalition-avenir-quebec\/sante-des-services-directs-la-population\/","url":"https:\/\/survivornet.ca\/fr\/agissez\/campagnes-electorales\/campagne-electorale-2012\/coalition-avenir-quebec\/sante-des-services-directs-la-population\/","name":"Sant\u00e9 : des services directs \u00e0 la population - Canadian Cancer Survivor Network","isPartOf":{"@id":"https:\/\/survivornet.ca\/#website"},"datePublished":"2017-06-12T14:07:09+00:00","breadcrumb":{"@id":"https:\/\/survivornet.ca\/fr\/agissez\/campagnes-electorales\/campagne-electorale-2012\/coalition-avenir-quebec\/sante-des-services-directs-la-population\/#breadcrumb"},"inLanguage":"fr-FR","potentialAction":[{"@type":"ReadAction","target":["https:\/\/survivornet.ca\/fr\/agissez\/campagnes-electorales\/campagne-electorale-2012\/coalition-avenir-quebec\/sante-des-services-directs-la-population\/"]}]},{"@type":"BreadcrumbList","@id":"https:\/\/survivornet.ca\/fr\/agissez\/campagnes-electorales\/campagne-electorale-2012\/coalition-avenir-quebec\/sante-des-services-directs-la-population\/#breadcrumb","itemListElement":[{"@type":"ListItem","position":1,"name":"Home","item":"https:\/\/survivornet.ca\/fr\/"},{"@type":"ListItem","position":2,"name":"Agissez","item":"https:\/\/survivornet.ca\/fr\/agissez\/"},{"@type":"ListItem","position":3,"name":"Campagnes \u00e9lectorales","item":"https:\/\/survivornet.ca\/fr\/agissez\/campagnes-electorales\/"},{"@type":"ListItem","position":4,"name":"Campagne \u00e9lectorale 2012","item":"https:\/\/survivornet.ca\/fr\/agissez\/campagnes-electorales\/campagne-electorale-2012\/"},{"@type":"ListItem","position":5,"name":"Coalition Avenir Qu\u00e9bec","item":"https:\/\/survivornet.ca\/fr\/agissez\/campagnes-electorales\/campagne-electorale-2012\/coalition-avenir-quebec\/"},{"@type":"ListItem","position":6,"name":"Sant\u00e9 : des services directs \u00e0 la population"}]},{"@type":"WebSite","@id":"https:\/\/survivornet.ca\/#website","url":"https:\/\/survivornet.ca\/","name":"Canadian Cancer Survivor Network","description":"The Canadian Cancer Survivor Network was created by a group of Canadians concerned about cancer.","publisher":{"@id":"https:\/\/survivornet.ca\/#organization"},"potentialAction":[{"@type":"SearchAction","target":{"@type":"EntryPoint","urlTemplate":"https:\/\/survivornet.ca\/?s={search_term_string}"},"query-input":{"@type":"PropertyValueSpecification","valueRequired":true,"valueName":"search_term_string"}}],"inLanguage":"fr-FR"},{"@type":"Organization","@id":"https:\/\/survivornet.ca\/#organization","name":"Canadian Cancer Survivor Network","url":"https:\/\/survivornet.ca\/","logo":{"@type":"ImageObject","inLanguage":"fr-FR","@id":"https:\/\/survivornet.ca\/#\/schema\/logo\/image\/","url":"http:\/\/survivornet.ca\/wp-content\/uploads\/2016\/12\/CCSN_Logo_EN_SQUARE.png","contentUrl":"http:\/\/survivornet.ca\/wp-content\/uploads\/2016\/12\/CCSN_Logo_EN_SQUARE.png","width":1209,"height":1007,"caption":"Canadian Cancer Survivor Network"},"image":{"@id":"https:\/\/survivornet.ca\/#\/schema\/logo\/image\/"}}]}},"_links":{"self":[{"href":"https:\/\/survivornet.ca\/fr\/wp-json\/wp\/v2\/pages\/5256","targetHints":{"allow":["GET"]}}],"collection":[{"href":"https:\/\/survivornet.ca\/fr\/wp-json\/wp\/v2\/pages"}],"about":[{"href":"https:\/\/survivornet.ca\/fr\/wp-json\/wp\/v2\/types\/page"}],"author":[{"embeddable":true,"href":"https:\/\/survivornet.ca\/fr\/wp-json\/wp\/v2\/users\/2"}],"replies":[{"embeddable":true,"href":"https:\/\/survivornet.ca\/fr\/wp-json\/wp\/v2\/comments?post=5256"}],"version-history":[{"count":0,"href":"https:\/\/survivornet.ca\/fr\/wp-json\/wp\/v2\/pages\/5256\/revisions"}],"up":[{"embeddable":true,"href":"https:\/\/survivornet.ca\/fr\/wp-json\/wp\/v2\/pages\/5245"}],"wp:attachment":[{"href":"https:\/\/survivornet.ca\/fr\/wp-json\/wp\/v2\/media?parent=5256"}],"curies":[{"name":"wp","href":"https:\/\/api.w.org\/{rel}","templated":true}]}}