{"id":5225,"date":"2017-06-12T13:50:07","date_gmt":"2017-06-12T13:50:07","guid":{"rendered":"https:\/\/survivornet.ca\/?page_id=5225\/"},"modified":"2017-06-12T13:50:07","modified_gmt":"2017-06-12T13:50:07","slug":"quebec-solidaire","status":"publish","type":"page","link":"https:\/\/survivornet.ca\/fr\/agissez\/campagnes-electorales\/camapagne-electorale-2014\/quebec-solidaire\/","title":{"rendered":"Qu\u00e9bec solidaire"},"content":{"rendered":"<p>En r\u00e9ponse aux courriels que vous avez adress\u00e9s \u00e0 bon nombre d&#8217;associations locales de Qu\u00e9bec solidaire, merci de nous donner l&#8217;occasion de faire conna\u00eetre \u00e0 vos membres nos orientations en mati\u00e8re de sant\u00e9.<\/p>\n<p><strong><em>Services de sant\u00e9<\/em><\/strong><\/p>\n<p><em>Votre parti favorise-t-il un mod\u00e8le de financement des services de sant\u00e9 ax\u00e9 sur le patient plut\u00f4t\u00a0<\/em><em>qu&#8217;un mod\u00e8le de financement bas\u00e9 sur l\u2019\u00e9tablissement, et si oui, pourquoi ?<\/em><\/p>\n<p>Qu\u00e9bec solidaire ne favorise pas un financement par activit\u00e9 (FPA) ou par patient, car:<\/p>\n<ol class=\"content-list\">\n<li>Le FPA ne s\u2019attaque pas aux causes r\u00e9elles des probl\u00e8mes du syst\u00e8me hospitalier.<\/li>\n<li>Les gains en termes d\u2019efficience sont incertains. Par contre, les co\u00fbts administratifs augmentent ainsi que la bureaucratie pour g\u00e9rer, entre autres, le ph\u00e9nom\u00e8ne du gaming (ou les jeux avec les donn\u00e9es) et \u00a0du up-coding (surclassement de certains actes).<\/li>\n<li>Le FPA encourage le \u00ab sur-traitement \u00bb de certaines populations \u00e0 faible risque au detriment des patients \u00e0 risque plus \u00e9lev\u00e9, moins pr\u00e9visibles, qui sont sous-trait\u00e9s.<\/li>\n<li>L\u2019augmentation des chirurgies d\u2019un jour peut avoir des cons\u00e9quences n\u00e9gatives. Elle ouvre la porte aux cliniques priv\u00e9es de chirurgie d\u2019un jour \u00e0 but lucratif.<\/li>\n<li>Le FPA contribue \u00e0 cr\u00e9er un march\u00e9 pour les services hospitaliers, march\u00e9 interne et potentiellement en concurrence avec le secteur priv\u00e9.<\/li>\n<\/ol>\n<p><strong><em>Approbation des medicaments<\/em><\/strong><\/p>\n<p><em>HealthEdition.com a d\u00e9clar\u00e9 qu\u2019en 2011, le Qu\u00e9bec \u00e9tait au huiti\u00e8me rang des dix provinces\u00a0<\/em><em>canadiennes pour ce qui \u00e9tait de couvrir de nouveaux traitements contre le cancer. S&#8217;il est \u00e9lu,\u00a0<\/em><em>votre gouvernement s&#8217;engage-t-il \u00e0 augmenter le nombre de nouveaux m\u00e9dicaments au\u00a0<\/em><em>remboursement approuv\u00e9 pour le soin du cancer ou d\u2019autres affections, de sorte que toute la\u00a0<\/em><em>population qu\u00e9b\u00e9coise ait acc\u00e8s en temps opportun aux m\u00e9dicaments dont elle a besoin, et si\u00a0<\/em><em>oui, comment cela sera-t-il accompli?<\/em><\/p>\n<p>Depuis sa fondation en 2006, QS propose de revoir de fond en comble l\u2019ensemble de la politique pharmaceutique existante. Pour assurer la s\u00e9curit\u00e9 et l\u2019accessibilit\u00e9 aux medicaments de qualit\u00e9 tout en am\u00e9liorant le contr\u00f4le des co\u00fbts pour la population et pour l\u2019\u00c9tat, QS souhaite d\u00e9tacher la politique du m\u00e9dicament des int\u00e9r\u00eats du secteur industriel.<\/p>\n<p>La nouvelle politique pharmaceutique publique reposera sur<\/p>\n<ul class=\"content-list\">\n<li>un processus rigoureux d\u2019\u00e9valuation des nouveaux m\u00e9dicaments, enti\u00e8rement public et ind\u00e9pendant, bas\u00e9 sur la meilleure information m\u00e9dicale;<\/li>\n<li>une formation continue des praticiens (pharmaciens, m\u00e9decins et infirmi\u00e8res) ind\u00e9pendante des firmes pharmaceutiques;<\/li>\n<li>des campagnes soutenues de pr\u00e9vention et de sensibilisation du public pour favoriser une utilisation plus rationnelle des m\u00e9dicaments.<\/li>\n<\/ul>\n<p>et ce, entre autres parce que:<\/p>\n<ol class=\"content-list\">\n<li>Les d\u00e9penses en m\u00e9dicaments par personne\/an sont de 1019 $ au Qu\u00e9bec, compar\u00e9 \u00e0 758 $ en Colombie-Britannique, province o\u00f9 les co\u00fbts sont les plus bas (pr\u00e9visions 2013 : 1067 $ vs 761 $)3.<\/li>\n<li>Le Qu\u00e9bec consacre une plus grande part de son budget aux m\u00e9dicaments que le reste du Canada : 19,5 % vs 16,5 %. Il est pourtant au dernier rang des provinces canadiennes pour les d\u00e9penses totales de sant\u00e9 par habitant.<\/li>\n<li>Les d\u00e9penses en m\u00e9dicaments y sont aussi plus \u00e9lev\u00e9es que dans les pays de l\u2019OCDE en pourcentage du PIB, 27 % plus \u00e9lev\u00e9es au Canada que la moyenne de 31 pays de l\u2019OCDE. Parmi eux, seuls les Etats-Unis d\u00e9pensent plus par habitant que le Canada4. Et le Qu\u00e9bec d\u00e9pense plus que le Canada !<\/li>\n<\/ol>\n<p>Et contrairement \u00e0 ce que pr\u00e9tend l&#8217;industrie, le Qu\u00e9bec rembourse deux fois plus de m\u00e9dicaments que la moyenne canadienne. L\u2019analyse pharmaco-\u00e9conomique y est laxiste. Plus de 7000 m\u00e9dicaments sont sur la liste de m\u00e9dicaments remboursables par la RAMQ vs 2600 en Nouvelle-Z\u00e9lande.<\/p>\n<p>Dans la pr\u00e9sente campagne \u00e9lectorale, Qu\u00e9bec solidaire propose une vision sociale globale\u00a0<em>pour l&#8217;amour d&#8217;un Qu\u00e9bec juste\u00a0<\/em>pour les personnes atteintes de cancer et pour leurs proches, comme pour toutes les personnes qui vivent au Qu\u00e9bec.<\/p>\n","protected":false},"excerpt":{"rendered":"<p>En r\u00e9ponse aux courriels que vous avez adress\u00e9s \u00e0 bon nombre d&#8217;associations locales de Qu\u00e9bec solidaire, merci de nous donner l&#8217;occasion de faire conna\u00eetre \u00e0 vos membres nos orientations en mati\u00e8re de<\/p>\n","protected":false},"author":2,"featured_media":0,"parent":5198,"menu_order":3,"comment_status":"closed","ping_status":"closed","template":"","meta":{"_acf_changed":false,"footnotes":""},"class_list":["post-5225","page","type-page","status-publish","hentry"],"acf":[],"yoast_head":"<!-- This site is optimized with the Yoast SEO plugin v27.4 - https:\/\/yoast.com\/product\/yoast-seo-wordpress\/ -->\n<title>Qu\u00e9bec solidaire - Canadian Cancer Survivor Network<\/title>\n<meta name=\"robots\" content=\"index, follow, max-snippet:-1, max-image-preview:large, max-video-preview:-1\" \/>\n<link rel=\"canonical\" href=\"https:\/\/survivornet.ca\/fr\/agissez\/campagnes-electorales\/camapagne-electorale-2014\/quebec-solidaire\/\" \/>\n<meta property=\"og:locale\" content=\"fr_FR\" \/>\n<meta property=\"og:type\" content=\"article\" \/>\n<meta property=\"og:title\" content=\"Qu\u00e9bec solidaire - Canadian Cancer Survivor Network\" \/>\n<meta property=\"og:description\" content=\"En r\u00e9ponse aux courriels que vous avez adress\u00e9s \u00e0 bon nombre d&#8217;associations locales de Qu\u00e9bec solidaire, merci de nous donner l&#8217;occasion de faire conna\u00eetre \u00e0 vos membres nos orientations en mati\u00e8re de\" \/>\n<meta property=\"og:url\" content=\"https:\/\/survivornet.ca\/fr\/agissez\/campagnes-electorales\/camapagne-electorale-2014\/quebec-solidaire\/\" \/>\n<meta property=\"og:site_name\" content=\"Canadian Cancer Survivor Network\" \/>\n<meta name=\"twitter:card\" content=\"summary_large_image\" \/>\n<meta name=\"twitter:label1\" content=\"Dur\u00e9e de lecture estim\u00e9e\" \/>\n\t<meta name=\"twitter:data1\" content=\"3 minutes\" \/>\n<script type=\"application\/ld+json\" class=\"yoast-schema-graph\">{\"@context\":\"https:\\\/\\\/schema.org\",\"@graph\":[{\"@type\":\"WebPage\",\"@id\":\"https:\\\/\\\/survivornet.ca\\\/fr\\\/agissez\\\/campagnes-electorales\\\/camapagne-electorale-2014\\\/quebec-solidaire\\\/\",\"url\":\"https:\\\/\\\/survivornet.ca\\\/fr\\\/agissez\\\/campagnes-electorales\\\/camapagne-electorale-2014\\\/quebec-solidaire\\\/\",\"name\":\"Qu\u00e9bec solidaire - Canadian Cancer Survivor Network\",\"isPartOf\":{\"@id\":\"https:\\\/\\\/survivornet.ca\\\/#website\"},\"datePublished\":\"2017-06-12T13:50:07+00:00\",\"breadcrumb\":{\"@id\":\"https:\\\/\\\/survivornet.ca\\\/fr\\\/agissez\\\/campagnes-electorales\\\/camapagne-electorale-2014\\\/quebec-solidaire\\\/#breadcrumb\"},\"inLanguage\":\"fr-FR\",\"potentialAction\":[{\"@type\":\"ReadAction\",\"target\":[\"https:\\\/\\\/survivornet.ca\\\/fr\\\/agissez\\\/campagnes-electorales\\\/camapagne-electorale-2014\\\/quebec-solidaire\\\/\"]}]},{\"@type\":\"BreadcrumbList\",\"@id\":\"https:\\\/\\\/survivornet.ca\\\/fr\\\/agissez\\\/campagnes-electorales\\\/camapagne-electorale-2014\\\/quebec-solidaire\\\/#breadcrumb\",\"itemListElement\":[{\"@type\":\"ListItem\",\"position\":1,\"name\":\"Home\",\"item\":\"https:\\\/\\\/survivornet.ca\\\/fr\\\/\"},{\"@type\":\"ListItem\",\"position\":2,\"name\":\"Agissez\",\"item\":\"https:\\\/\\\/survivornet.ca\\\/fr\\\/agissez\\\/\"},{\"@type\":\"ListItem\",\"position\":3,\"name\":\"Campagnes \u00e9lectorales\",\"item\":\"https:\\\/\\\/survivornet.ca\\\/fr\\\/agissez\\\/campagnes-electorales\\\/\"},{\"@type\":\"ListItem\",\"position\":4,\"name\":\"Camapagne \u00e9lectorale 2014\",\"item\":\"https:\\\/\\\/survivornet.ca\\\/fr\\\/agissez\\\/campagnes-electorales\\\/camapagne-electorale-2014\\\/\"},{\"@type\":\"ListItem\",\"position\":5,\"name\":\"Qu\u00e9bec solidaire\"}]},{\"@type\":\"WebSite\",\"@id\":\"https:\\\/\\\/survivornet.ca\\\/#website\",\"url\":\"https:\\\/\\\/survivornet.ca\\\/\",\"name\":\"Canadian Cancer Survivor Network\",\"description\":\"The Canadian Cancer Survivor Network was created by a group of Canadians concerned about cancer.\",\"publisher\":{\"@id\":\"https:\\\/\\\/survivornet.ca\\\/#organization\"},\"potentialAction\":[{\"@type\":\"SearchAction\",\"target\":{\"@type\":\"EntryPoint\",\"urlTemplate\":\"https:\\\/\\\/survivornet.ca\\\/?s={search_term_string}\"},\"query-input\":{\"@type\":\"PropertyValueSpecification\",\"valueRequired\":true,\"valueName\":\"search_term_string\"}}],\"inLanguage\":\"fr-FR\"},{\"@type\":\"Organization\",\"@id\":\"https:\\\/\\\/survivornet.ca\\\/#organization\",\"name\":\"Canadian Cancer Survivor Network\",\"url\":\"https:\\\/\\\/survivornet.ca\\\/\",\"logo\":{\"@type\":\"ImageObject\",\"inLanguage\":\"fr-FR\",\"@id\":\"https:\\\/\\\/survivornet.ca\\\/#\\\/schema\\\/logo\\\/image\\\/\",\"url\":\"http:\\\/\\\/survivornet.ca\\\/wp-content\\\/uploads\\\/2016\\\/12\\\/CCSN_Logo_EN_SQUARE.png\",\"contentUrl\":\"http:\\\/\\\/survivornet.ca\\\/wp-content\\\/uploads\\\/2016\\\/12\\\/CCSN_Logo_EN_SQUARE.png\",\"width\":1209,\"height\":1007,\"caption\":\"Canadian Cancer Survivor Network\"},\"image\":{\"@id\":\"https:\\\/\\\/survivornet.ca\\\/#\\\/schema\\\/logo\\\/image\\\/\"}}]}<\/script>\n<!-- \/ Yoast SEO plugin. -->","yoast_head_json":{"title":"Qu\u00e9bec solidaire - Canadian Cancer Survivor Network","robots":{"index":"index","follow":"follow","max-snippet":"max-snippet:-1","max-image-preview":"max-image-preview:large","max-video-preview":"max-video-preview:-1"},"canonical":"https:\/\/survivornet.ca\/fr\/agissez\/campagnes-electorales\/camapagne-electorale-2014\/quebec-solidaire\/","og_locale":"fr_FR","og_type":"article","og_title":"Qu\u00e9bec solidaire - Canadian Cancer Survivor Network","og_description":"En r\u00e9ponse aux courriels que vous avez adress\u00e9s \u00e0 bon nombre d&#8217;associations locales de Qu\u00e9bec solidaire, merci de nous donner l&#8217;occasion de faire conna\u00eetre \u00e0 vos membres nos orientations en mati\u00e8re de","og_url":"https:\/\/survivornet.ca\/fr\/agissez\/campagnes-electorales\/camapagne-electorale-2014\/quebec-solidaire\/","og_site_name":"Canadian Cancer Survivor Network","twitter_card":"summary_large_image","twitter_misc":{"Dur\u00e9e de lecture estim\u00e9e":"3 minutes"},"schema":{"@context":"https:\/\/schema.org","@graph":[{"@type":"WebPage","@id":"https:\/\/survivornet.ca\/fr\/agissez\/campagnes-electorales\/camapagne-electorale-2014\/quebec-solidaire\/","url":"https:\/\/survivornet.ca\/fr\/agissez\/campagnes-electorales\/camapagne-electorale-2014\/quebec-solidaire\/","name":"Qu\u00e9bec solidaire - Canadian Cancer Survivor Network","isPartOf":{"@id":"https:\/\/survivornet.ca\/#website"},"datePublished":"2017-06-12T13:50:07+00:00","breadcrumb":{"@id":"https:\/\/survivornet.ca\/fr\/agissez\/campagnes-electorales\/camapagne-electorale-2014\/quebec-solidaire\/#breadcrumb"},"inLanguage":"fr-FR","potentialAction":[{"@type":"ReadAction","target":["https:\/\/survivornet.ca\/fr\/agissez\/campagnes-electorales\/camapagne-electorale-2014\/quebec-solidaire\/"]}]},{"@type":"BreadcrumbList","@id":"https:\/\/survivornet.ca\/fr\/agissez\/campagnes-electorales\/camapagne-electorale-2014\/quebec-solidaire\/#breadcrumb","itemListElement":[{"@type":"ListItem","position":1,"name":"Home","item":"https:\/\/survivornet.ca\/fr\/"},{"@type":"ListItem","position":2,"name":"Agissez","item":"https:\/\/survivornet.ca\/fr\/agissez\/"},{"@type":"ListItem","position":3,"name":"Campagnes \u00e9lectorales","item":"https:\/\/survivornet.ca\/fr\/agissez\/campagnes-electorales\/"},{"@type":"ListItem","position":4,"name":"Camapagne \u00e9lectorale 2014","item":"https:\/\/survivornet.ca\/fr\/agissez\/campagnes-electorales\/camapagne-electorale-2014\/"},{"@type":"ListItem","position":5,"name":"Qu\u00e9bec solidaire"}]},{"@type":"WebSite","@id":"https:\/\/survivornet.ca\/#website","url":"https:\/\/survivornet.ca\/","name":"Canadian Cancer Survivor Network","description":"The Canadian Cancer Survivor Network was created by a group of Canadians concerned about cancer.","publisher":{"@id":"https:\/\/survivornet.ca\/#organization"},"potentialAction":[{"@type":"SearchAction","target":{"@type":"EntryPoint","urlTemplate":"https:\/\/survivornet.ca\/?s={search_term_string}"},"query-input":{"@type":"PropertyValueSpecification","valueRequired":true,"valueName":"search_term_string"}}],"inLanguage":"fr-FR"},{"@type":"Organization","@id":"https:\/\/survivornet.ca\/#organization","name":"Canadian Cancer Survivor Network","url":"https:\/\/survivornet.ca\/","logo":{"@type":"ImageObject","inLanguage":"fr-FR","@id":"https:\/\/survivornet.ca\/#\/schema\/logo\/image\/","url":"http:\/\/survivornet.ca\/wp-content\/uploads\/2016\/12\/CCSN_Logo_EN_SQUARE.png","contentUrl":"http:\/\/survivornet.ca\/wp-content\/uploads\/2016\/12\/CCSN_Logo_EN_SQUARE.png","width":1209,"height":1007,"caption":"Canadian Cancer Survivor Network"},"image":{"@id":"https:\/\/survivornet.ca\/#\/schema\/logo\/image\/"}}]}},"_links":{"self":[{"href":"https:\/\/survivornet.ca\/fr\/wp-json\/wp\/v2\/pages\/5225","targetHints":{"allow":["GET"]}}],"collection":[{"href":"https:\/\/survivornet.ca\/fr\/wp-json\/wp\/v2\/pages"}],"about":[{"href":"https:\/\/survivornet.ca\/fr\/wp-json\/wp\/v2\/types\/page"}],"author":[{"embeddable":true,"href":"https:\/\/survivornet.ca\/fr\/wp-json\/wp\/v2\/users\/2"}],"replies":[{"embeddable":true,"href":"https:\/\/survivornet.ca\/fr\/wp-json\/wp\/v2\/comments?post=5225"}],"version-history":[{"count":0,"href":"https:\/\/survivornet.ca\/fr\/wp-json\/wp\/v2\/pages\/5225\/revisions"}],"up":[{"embeddable":true,"href":"https:\/\/survivornet.ca\/fr\/wp-json\/wp\/v2\/pages\/5198"}],"wp:attachment":[{"href":"https:\/\/survivornet.ca\/fr\/wp-json\/wp\/v2\/media?parent=5225"}],"curies":[{"name":"wp","href":"https:\/\/api.w.org\/{rel}","templated":true}]}}