{"id":5219,"date":"2017-06-12T13:46:10","date_gmt":"2017-06-12T13:46:10","guid":{"rendered":"https:\/\/survivornet.ca\/?page_id=5219\/"},"modified":"2017-06-12T13:46:10","modified_gmt":"2017-06-12T13:46:10","slug":"sylvie-legault-candidate-dans-mercier","status":"publish","type":"page","link":"https:\/\/survivornet.ca\/fr\/agissez\/campagnes-electorales\/camapagne-electorale-2014\/parti-quebecois\/sylvie-legault-candidate-dans-mercier\/","title":{"rendered":"Sylvie Legault, candidate dans Mercier"},"content":{"rendered":"<p><em>Votre parti favorise-t-il un mod\u00e8le de financement des services de sant\u00e9 ax\u00e9 sur le\u00a0patient plut\u00f4t qu&#8217;un mod\u00e8le de financement bas\u00e9 sur l\u2019\u00e9tablissement, et si oui, pourquoi?<\/em><\/p>\n<div>Tel que pr\u00e9vu dans le budget 2014-2015, nous allons implanter un mod\u00e8le de\u00a0financement ax\u00e9 sur le patient. Nous sommes d\u2019avis que, contrairement au financement<\/div>\n<div>des \u00e9tablissements fond\u00e9 sur un budget global et historique, le financement ax\u00e9 sur les\u00a0patients \u00e9tablit un lien direct entre les soins prodigu\u00e9s aux patients, la qualit\u00e9 de ces\u00a0soins et leur financement. De plus, le financement ax\u00e9 sur les patients comprend un\u00a0certain nombre d\u2019incitatifs visant \u00e0 ce que les soins offerts soient de haute qualit\u00e9,\u00a0assur\u00e9s de fa\u00e7on efficiente et \u00e0 ce que le financement s\u2019appuie sur des r\u00e9sultats\u00a0effectivement obtenus.<\/div>\n<div><\/div>\n<div><em>Approbation des m\u00e9dicaments :\u00a0HealthEdition.com a d\u00e9clar\u00e9 qu\u2019en 2011, le Qu\u00e9bec \u00e9tait au huiti\u00e8me rang des dix\u00a0provinces canadiennes pour ce qui \u00e9tait de couvrir de nouveaux traitements contre le\u00a0cancer.\u00a0S&#8217;il est \u00e9lu, votre gouvernement s&#8217;engage-t-il \u00e0 augmenter le nombre de nouveaux\u00a0m\u00e9dicaments au remboursement approuv\u00e9 pour le soin du cancer ou d\u2019autres affections,\u00a0de sorte que toute la population qu\u00e9b\u00e9coise ait acc\u00e8s en temps opportun aux\u00a0m\u00e9dicaments dont elle a besoin, et si oui, comment cela sera-t-il accompli?<\/em><\/div>\n<div><\/div>\n<div>L\u2019\u00e9valuation des m\u00e9dicaments pour des fins d\u2019inscription est r\u00e9alis\u00e9e par un organisme\u00a0ind\u00e9pendant : l\u2019Institut national d\u2019excellence en sant\u00e9 et services sociaux (INESSS).\u00a0L\u2019institut effectue l\u2019analyse des demandes d\u2019inscription de m\u00e9dicament selon divers\u00a0crit\u00e8res pr\u00e9vus \u00e0 la Loi sur l\u2019INESSS. Dans ce contexte, il est toujours de notre intention\u00a0que l\u2019INESSS poursuive son bon travail d\u2019\u00e9valuation. Par ailleurs, l\u2019INESSS poursuit ses\u00a0travaux afin d\u2019adapter ses m\u00e9thodes d\u2019\u00e9valuation dans le but de tenir compte des\u00a0nouvelles r\u00e9alit\u00e9s dans le domaine des m\u00e9dicaments.<\/div>\n<div><\/div>\n<div>Enfin, au Qu\u00e9bec, il existe 2 processus d\u2019exception afin de rendre disponibles des\u00a0m\u00e9dicaments non-inscrits. Il s\u2019agit du programme Patient d\u2019exception, qui est g\u00e9r\u00e9 par la\u00a0RAMQ, et d\u2019un autre programme g\u00e9r\u00e9 dans les \u00e9tablissements afin que les\u00a0m\u00e9dicaments non-inscrits soient disponibles afin de r\u00e9pondre \u00e0 une n\u00e9cessit\u00e9 m\u00e9dicale\u00a0particuli\u00e8re (Art. 116 \u2013 LSSSS).<\/div>\n","protected":false},"excerpt":{"rendered":"<p>Votre parti favorise-t-il un mod\u00e8le de financement des services de sant\u00e9 ax\u00e9 sur le\u00a0patient plut\u00f4t qu&#8217;un mod\u00e8le de financement bas\u00e9 sur l\u2019\u00e9tablissement, et si oui, pourquoi? Tel que pr\u00e9vu dans le budget<\/p>\n","protected":false},"author":2,"featured_media":0,"parent":5213,"menu_order":2,"comment_status":"closed","ping_status":"closed","template":"","meta":{"_acf_changed":false,"footnotes":""},"class_list":["post-5219","page","type-page","status-publish","hentry"],"acf":[],"yoast_head":"<!-- This site is optimized with the Yoast SEO plugin v27.4 - https:\/\/yoast.com\/product\/yoast-seo-wordpress\/ -->\n<title>Sylvie Legault, candidate dans Mercier - Canadian Cancer Survivor Network<\/title>\n<meta name=\"robots\" content=\"index, follow, max-snippet:-1, max-image-preview:large, max-video-preview:-1\" \/>\n<link rel=\"canonical\" href=\"https:\/\/survivornet.ca\/fr\/agissez\/campagnes-electorales\/camapagne-electorale-2014\/parti-quebecois\/sylvie-legault-candidate-dans-mercier\/\" \/>\n<meta property=\"og:locale\" content=\"fr_FR\" \/>\n<meta property=\"og:type\" content=\"article\" \/>\n<meta property=\"og:title\" content=\"Sylvie Legault, candidate dans Mercier - Canadian Cancer Survivor Network\" \/>\n<meta property=\"og:description\" content=\"Votre parti favorise-t-il un mod\u00e8le de financement des services de sant\u00e9 ax\u00e9 sur le\u00a0patient plut\u00f4t qu&#8217;un mod\u00e8le de financement bas\u00e9 sur l\u2019\u00e9tablissement, et si oui, pourquoi? Tel que pr\u00e9vu dans le budget\" \/>\n<meta property=\"og:url\" content=\"https:\/\/survivornet.ca\/fr\/agissez\/campagnes-electorales\/camapagne-electorale-2014\/parti-quebecois\/sylvie-legault-candidate-dans-mercier\/\" \/>\n<meta property=\"og:site_name\" content=\"Canadian Cancer Survivor Network\" \/>\n<meta name=\"twitter:card\" content=\"summary_large_image\" \/>\n<meta name=\"twitter:label1\" content=\"Dur\u00e9e de lecture estim\u00e9e\" \/>\n\t<meta name=\"twitter:data1\" content=\"2 minutes\" \/>\n<script type=\"application\/ld+json\" class=\"yoast-schema-graph\">{\"@context\":\"https:\\\/\\\/schema.org\",\"@graph\":[{\"@type\":\"WebPage\",\"@id\":\"https:\\\/\\\/survivornet.ca\\\/fr\\\/agissez\\\/campagnes-electorales\\\/camapagne-electorale-2014\\\/parti-quebecois\\\/sylvie-legault-candidate-dans-mercier\\\/\",\"url\":\"https:\\\/\\\/survivornet.ca\\\/fr\\\/agissez\\\/campagnes-electorales\\\/camapagne-electorale-2014\\\/parti-quebecois\\\/sylvie-legault-candidate-dans-mercier\\\/\",\"name\":\"Sylvie Legault, candidate dans Mercier - Canadian Cancer Survivor Network\",\"isPartOf\":{\"@id\":\"https:\\\/\\\/survivornet.ca\\\/#website\"},\"datePublished\":\"2017-06-12T13:46:10+00:00\",\"breadcrumb\":{\"@id\":\"https:\\\/\\\/survivornet.ca\\\/fr\\\/agissez\\\/campagnes-electorales\\\/camapagne-electorale-2014\\\/parti-quebecois\\\/sylvie-legault-candidate-dans-mercier\\\/#breadcrumb\"},\"inLanguage\":\"fr-FR\",\"potentialAction\":[{\"@type\":\"ReadAction\",\"target\":[\"https:\\\/\\\/survivornet.ca\\\/fr\\\/agissez\\\/campagnes-electorales\\\/camapagne-electorale-2014\\\/parti-quebecois\\\/sylvie-legault-candidate-dans-mercier\\\/\"]}]},{\"@type\":\"BreadcrumbList\",\"@id\":\"https:\\\/\\\/survivornet.ca\\\/fr\\\/agissez\\\/campagnes-electorales\\\/camapagne-electorale-2014\\\/parti-quebecois\\\/sylvie-legault-candidate-dans-mercier\\\/#breadcrumb\",\"itemListElement\":[{\"@type\":\"ListItem\",\"position\":1,\"name\":\"Home\",\"item\":\"https:\\\/\\\/survivornet.ca\\\/fr\\\/\"},{\"@type\":\"ListItem\",\"position\":2,\"name\":\"Agissez\",\"item\":\"https:\\\/\\\/survivornet.ca\\\/fr\\\/agissez\\\/\"},{\"@type\":\"ListItem\",\"position\":3,\"name\":\"Campagnes \u00e9lectorales\",\"item\":\"https:\\\/\\\/survivornet.ca\\\/fr\\\/agissez\\\/campagnes-electorales\\\/\"},{\"@type\":\"ListItem\",\"position\":4,\"name\":\"Camapagne \u00e9lectorale 2014\",\"item\":\"https:\\\/\\\/survivornet.ca\\\/fr\\\/agissez\\\/campagnes-electorales\\\/camapagne-electorale-2014\\\/\"},{\"@type\":\"ListItem\",\"position\":5,\"name\":\"Parti qu\u00e9b\u00e9cois\",\"item\":\"https:\\\/\\\/survivornet.ca\\\/fr\\\/agissez\\\/campagnes-electorales\\\/camapagne-electorale-2014\\\/parti-quebecois\\\/\"},{\"@type\":\"ListItem\",\"position\":6,\"name\":\"Sylvie Legault, candidate dans Mercier\"}]},{\"@type\":\"WebSite\",\"@id\":\"https:\\\/\\\/survivornet.ca\\\/#website\",\"url\":\"https:\\\/\\\/survivornet.ca\\\/\",\"name\":\"Canadian Cancer Survivor Network\",\"description\":\"The Canadian Cancer Survivor Network was created by a group of Canadians concerned about cancer.\",\"publisher\":{\"@id\":\"https:\\\/\\\/survivornet.ca\\\/#organization\"},\"potentialAction\":[{\"@type\":\"SearchAction\",\"target\":{\"@type\":\"EntryPoint\",\"urlTemplate\":\"https:\\\/\\\/survivornet.ca\\\/?s={search_term_string}\"},\"query-input\":{\"@type\":\"PropertyValueSpecification\",\"valueRequired\":true,\"valueName\":\"search_term_string\"}}],\"inLanguage\":\"fr-FR\"},{\"@type\":\"Organization\",\"@id\":\"https:\\\/\\\/survivornet.ca\\\/#organization\",\"name\":\"Canadian Cancer Survivor Network\",\"url\":\"https:\\\/\\\/survivornet.ca\\\/\",\"logo\":{\"@type\":\"ImageObject\",\"inLanguage\":\"fr-FR\",\"@id\":\"https:\\\/\\\/survivornet.ca\\\/#\\\/schema\\\/logo\\\/image\\\/\",\"url\":\"http:\\\/\\\/survivornet.ca\\\/wp-content\\\/uploads\\\/2016\\\/12\\\/CCSN_Logo_EN_SQUARE.png\",\"contentUrl\":\"http:\\\/\\\/survivornet.ca\\\/wp-content\\\/uploads\\\/2016\\\/12\\\/CCSN_Logo_EN_SQUARE.png\",\"width\":1209,\"height\":1007,\"caption\":\"Canadian Cancer Survivor Network\"},\"image\":{\"@id\":\"https:\\\/\\\/survivornet.ca\\\/#\\\/schema\\\/logo\\\/image\\\/\"}}]}<\/script>\n<!-- \/ Yoast SEO plugin. -->","yoast_head_json":{"title":"Sylvie Legault, candidate dans Mercier - Canadian Cancer Survivor Network","robots":{"index":"index","follow":"follow","max-snippet":"max-snippet:-1","max-image-preview":"max-image-preview:large","max-video-preview":"max-video-preview:-1"},"canonical":"https:\/\/survivornet.ca\/fr\/agissez\/campagnes-electorales\/camapagne-electorale-2014\/parti-quebecois\/sylvie-legault-candidate-dans-mercier\/","og_locale":"fr_FR","og_type":"article","og_title":"Sylvie Legault, candidate dans Mercier - Canadian Cancer Survivor Network","og_description":"Votre parti favorise-t-il un mod\u00e8le de financement des services de sant\u00e9 ax\u00e9 sur le\u00a0patient plut\u00f4t qu&#8217;un mod\u00e8le de financement bas\u00e9 sur l\u2019\u00e9tablissement, et si oui, pourquoi? Tel que pr\u00e9vu dans le budget","og_url":"https:\/\/survivornet.ca\/fr\/agissez\/campagnes-electorales\/camapagne-electorale-2014\/parti-quebecois\/sylvie-legault-candidate-dans-mercier\/","og_site_name":"Canadian Cancer Survivor Network","twitter_card":"summary_large_image","twitter_misc":{"Dur\u00e9e de lecture estim\u00e9e":"2 minutes"},"schema":{"@context":"https:\/\/schema.org","@graph":[{"@type":"WebPage","@id":"https:\/\/survivornet.ca\/fr\/agissez\/campagnes-electorales\/camapagne-electorale-2014\/parti-quebecois\/sylvie-legault-candidate-dans-mercier\/","url":"https:\/\/survivornet.ca\/fr\/agissez\/campagnes-electorales\/camapagne-electorale-2014\/parti-quebecois\/sylvie-legault-candidate-dans-mercier\/","name":"Sylvie Legault, candidate dans Mercier - Canadian Cancer Survivor Network","isPartOf":{"@id":"https:\/\/survivornet.ca\/#website"},"datePublished":"2017-06-12T13:46:10+00:00","breadcrumb":{"@id":"https:\/\/survivornet.ca\/fr\/agissez\/campagnes-electorales\/camapagne-electorale-2014\/parti-quebecois\/sylvie-legault-candidate-dans-mercier\/#breadcrumb"},"inLanguage":"fr-FR","potentialAction":[{"@type":"ReadAction","target":["https:\/\/survivornet.ca\/fr\/agissez\/campagnes-electorales\/camapagne-electorale-2014\/parti-quebecois\/sylvie-legault-candidate-dans-mercier\/"]}]},{"@type":"BreadcrumbList","@id":"https:\/\/survivornet.ca\/fr\/agissez\/campagnes-electorales\/camapagne-electorale-2014\/parti-quebecois\/sylvie-legault-candidate-dans-mercier\/#breadcrumb","itemListElement":[{"@type":"ListItem","position":1,"name":"Home","item":"https:\/\/survivornet.ca\/fr\/"},{"@type":"ListItem","position":2,"name":"Agissez","item":"https:\/\/survivornet.ca\/fr\/agissez\/"},{"@type":"ListItem","position":3,"name":"Campagnes \u00e9lectorales","item":"https:\/\/survivornet.ca\/fr\/agissez\/campagnes-electorales\/"},{"@type":"ListItem","position":4,"name":"Camapagne \u00e9lectorale 2014","item":"https:\/\/survivornet.ca\/fr\/agissez\/campagnes-electorales\/camapagne-electorale-2014\/"},{"@type":"ListItem","position":5,"name":"Parti qu\u00e9b\u00e9cois","item":"https:\/\/survivornet.ca\/fr\/agissez\/campagnes-electorales\/camapagne-electorale-2014\/parti-quebecois\/"},{"@type":"ListItem","position":6,"name":"Sylvie Legault, candidate dans Mercier"}]},{"@type":"WebSite","@id":"https:\/\/survivornet.ca\/#website","url":"https:\/\/survivornet.ca\/","name":"Canadian Cancer Survivor Network","description":"The Canadian Cancer Survivor Network was created by a group of Canadians concerned about cancer.","publisher":{"@id":"https:\/\/survivornet.ca\/#organization"},"potentialAction":[{"@type":"SearchAction","target":{"@type":"EntryPoint","urlTemplate":"https:\/\/survivornet.ca\/?s={search_term_string}"},"query-input":{"@type":"PropertyValueSpecification","valueRequired":true,"valueName":"search_term_string"}}],"inLanguage":"fr-FR"},{"@type":"Organization","@id":"https:\/\/survivornet.ca\/#organization","name":"Canadian Cancer Survivor Network","url":"https:\/\/survivornet.ca\/","logo":{"@type":"ImageObject","inLanguage":"fr-FR","@id":"https:\/\/survivornet.ca\/#\/schema\/logo\/image\/","url":"http:\/\/survivornet.ca\/wp-content\/uploads\/2016\/12\/CCSN_Logo_EN_SQUARE.png","contentUrl":"http:\/\/survivornet.ca\/wp-content\/uploads\/2016\/12\/CCSN_Logo_EN_SQUARE.png","width":1209,"height":1007,"caption":"Canadian Cancer Survivor Network"},"image":{"@id":"https:\/\/survivornet.ca\/#\/schema\/logo\/image\/"}}]}},"_links":{"self":[{"href":"https:\/\/survivornet.ca\/fr\/wp-json\/wp\/v2\/pages\/5219","targetHints":{"allow":["GET"]}}],"collection":[{"href":"https:\/\/survivornet.ca\/fr\/wp-json\/wp\/v2\/pages"}],"about":[{"href":"https:\/\/survivornet.ca\/fr\/wp-json\/wp\/v2\/types\/page"}],"author":[{"embeddable":true,"href":"https:\/\/survivornet.ca\/fr\/wp-json\/wp\/v2\/users\/2"}],"replies":[{"embeddable":true,"href":"https:\/\/survivornet.ca\/fr\/wp-json\/wp\/v2\/comments?post=5219"}],"version-history":[{"count":0,"href":"https:\/\/survivornet.ca\/fr\/wp-json\/wp\/v2\/pages\/5219\/revisions"}],"up":[{"embeddable":true,"href":"https:\/\/survivornet.ca\/fr\/wp-json\/wp\/v2\/pages\/5213"}],"wp:attachment":[{"href":"https:\/\/survivornet.ca\/fr\/wp-json\/wp\/v2\/media?parent=5219"}],"curies":[{"name":"wp","href":"https:\/\/api.w.org\/{rel}","templated":true}]}}