{"id":5217,"date":"2017-06-12T13:45:10","date_gmt":"2017-06-12T13:45:10","guid":{"rendered":"https:\/\/survivornet.ca\/?page_id=5217\/"},"modified":"2017-07-05T19:47:55","modified_gmt":"2017-07-05T19:47:55","slug":"pierre-duchesne-candidat-dans-borduas","status":"publish","type":"page","link":"https:\/\/survivornet.ca\/fr\/agissez\/campagnes-electorales\/camapagne-electorale-2014\/parti-quebecois\/pierre-duchesne-candidat-dans-borduas\/","title":{"rendered":"Pierre Duchesne, Candidat dans Borduas"},"content":{"rendered":"<p>Je vous \u00e9cris au nom de Pierre Duchesne. Voici les r\u00e9ponses \u00e0 vos deux questions.<\/p>\n<p>1. Le Parti Qu\u00e9b\u00e9cois s&#8217;est en effet engag\u00e9 \u00e0 &#8220;implanter le financement ax\u00e9 sur le patient&#8221;, afin d&#8217;augmenter l&#8217;accessibilit\u00e9 aux services de sant\u00e9. C&#8217;est dans notre engagement 24.<\/p>\n<p>2. Notre parti n&#8217;a pas d&#8217;engagement pr\u00e9cis sur les nouveaux m\u00e9dicaments pour les soins du cancer, mais nous sommes tr\u00e8s sensibles \u00e0 cette r\u00e9alit\u00e9. Le Conseil du m\u00e9dicament a le mandat de favoriser l\u2019utilisation optimale des m\u00e9dicaments au Qu\u00e9bec et nous croyons qu&#8217;il faut poursuivre en ce sens. En esp\u00e9rant que ces informations vous soient utiles.<\/p>\n<p>Alexis Gagn\u00e9-LeBrun, au nom de Pierre Duchesne.<\/p>\n","protected":false},"excerpt":{"rendered":"<p>Je vous \u00e9cris au nom de Pierre Duchesne. Voici les r\u00e9ponses \u00e0 vos deux questions. 1. Le Parti Qu\u00e9b\u00e9cois s&#8217;est en effet engag\u00e9 \u00e0 &#8220;implanter le financement ax\u00e9 sur le patient&#8221;, afin<\/p>\n","protected":false},"author":2,"featured_media":0,"parent":5213,"menu_order":1,"comment_status":"closed","ping_status":"closed","template":"","meta":{"_acf_changed":false,"footnotes":""},"class_list":["post-5217","page","type-page","status-publish","hentry"],"acf":[],"yoast_head":"<!-- This site is optimized with the Yoast SEO plugin v27.4 - https:\/\/yoast.com\/product\/yoast-seo-wordpress\/ -->\n<title>Pierre Duchesne, Candidat dans Borduas - Canadian Cancer Survivor Network<\/title>\n<meta name=\"robots\" content=\"index, follow, max-snippet:-1, max-image-preview:large, max-video-preview:-1\" \/>\n<link rel=\"canonical\" href=\"https:\/\/survivornet.ca\/fr\/agissez\/campagnes-electorales\/camapagne-electorale-2014\/parti-quebecois\/pierre-duchesne-candidat-dans-borduas\/\" \/>\n<meta property=\"og:locale\" content=\"fr_FR\" \/>\n<meta property=\"og:type\" content=\"article\" \/>\n<meta property=\"og:title\" content=\"Pierre Duchesne, Candidat dans Borduas - Canadian Cancer Survivor Network\" \/>\n<meta property=\"og:description\" content=\"Je vous \u00e9cris au nom de Pierre Duchesne. Voici les r\u00e9ponses \u00e0 vos deux questions. 1. Le Parti Qu\u00e9b\u00e9cois s&#8217;est en effet engag\u00e9 \u00e0 &#8220;implanter le financement ax\u00e9 sur le patient&#8221;, afin\" \/>\n<meta property=\"og:url\" content=\"https:\/\/survivornet.ca\/fr\/agissez\/campagnes-electorales\/camapagne-electorale-2014\/parti-quebecois\/pierre-duchesne-candidat-dans-borduas\/\" \/>\n<meta property=\"og:site_name\" content=\"Canadian Cancer Survivor Network\" \/>\n<meta property=\"article:modified_time\" content=\"2017-07-05T19:47:55+00:00\" \/>\n<meta name=\"twitter:card\" content=\"summary_large_image\" \/>\n<meta name=\"twitter:label1\" content=\"Dur\u00e9e de lecture estim\u00e9e\" \/>\n\t<meta name=\"twitter:data1\" content=\"1 minute\" \/>\n<script type=\"application\/ld+json\" class=\"yoast-schema-graph\">{\"@context\":\"https:\\\/\\\/schema.org\",\"@graph\":[{\"@type\":\"WebPage\",\"@id\":\"https:\\\/\\\/survivornet.ca\\\/fr\\\/agissez\\\/campagnes-electorales\\\/camapagne-electorale-2014\\\/parti-quebecois\\\/pierre-duchesne-candidat-dans-borduas\\\/\",\"url\":\"https:\\\/\\\/survivornet.ca\\\/fr\\\/agissez\\\/campagnes-electorales\\\/camapagne-electorale-2014\\\/parti-quebecois\\\/pierre-duchesne-candidat-dans-borduas\\\/\",\"name\":\"Pierre Duchesne, Candidat dans Borduas - Canadian Cancer Survivor Network\",\"isPartOf\":{\"@id\":\"https:\\\/\\\/survivornet.ca\\\/#website\"},\"datePublished\":\"2017-06-12T13:45:10+00:00\",\"dateModified\":\"2017-07-05T19:47:55+00:00\",\"breadcrumb\":{\"@id\":\"https:\\\/\\\/survivornet.ca\\\/fr\\\/agissez\\\/campagnes-electorales\\\/camapagne-electorale-2014\\\/parti-quebecois\\\/pierre-duchesne-candidat-dans-borduas\\\/#breadcrumb\"},\"inLanguage\":\"fr-FR\",\"potentialAction\":[{\"@type\":\"ReadAction\",\"target\":[\"https:\\\/\\\/survivornet.ca\\\/fr\\\/agissez\\\/campagnes-electorales\\\/camapagne-electorale-2014\\\/parti-quebecois\\\/pierre-duchesne-candidat-dans-borduas\\\/\"]}]},{\"@type\":\"BreadcrumbList\",\"@id\":\"https:\\\/\\\/survivornet.ca\\\/fr\\\/agissez\\\/campagnes-electorales\\\/camapagne-electorale-2014\\\/parti-quebecois\\\/pierre-duchesne-candidat-dans-borduas\\\/#breadcrumb\",\"itemListElement\":[{\"@type\":\"ListItem\",\"position\":1,\"name\":\"Home\",\"item\":\"https:\\\/\\\/survivornet.ca\\\/fr\\\/\"},{\"@type\":\"ListItem\",\"position\":2,\"name\":\"Agissez\",\"item\":\"https:\\\/\\\/survivornet.ca\\\/fr\\\/agissez\\\/\"},{\"@type\":\"ListItem\",\"position\":3,\"name\":\"Campagnes \u00e9lectorales\",\"item\":\"https:\\\/\\\/survivornet.ca\\\/fr\\\/agissez\\\/campagnes-electorales\\\/\"},{\"@type\":\"ListItem\",\"position\":4,\"name\":\"Camapagne \u00e9lectorale 2014\",\"item\":\"https:\\\/\\\/survivornet.ca\\\/fr\\\/agissez\\\/campagnes-electorales\\\/camapagne-electorale-2014\\\/\"},{\"@type\":\"ListItem\",\"position\":5,\"name\":\"Parti qu\u00e9b\u00e9cois\",\"item\":\"https:\\\/\\\/survivornet.ca\\\/fr\\\/agissez\\\/campagnes-electorales\\\/camapagne-electorale-2014\\\/parti-quebecois\\\/\"},{\"@type\":\"ListItem\",\"position\":6,\"name\":\"Pierre Duchesne, Candidat dans Borduas\"}]},{\"@type\":\"WebSite\",\"@id\":\"https:\\\/\\\/survivornet.ca\\\/#website\",\"url\":\"https:\\\/\\\/survivornet.ca\\\/\",\"name\":\"Canadian Cancer Survivor Network\",\"description\":\"The Canadian Cancer Survivor Network was created by a group of Canadians concerned about cancer.\",\"publisher\":{\"@id\":\"https:\\\/\\\/survivornet.ca\\\/#organization\"},\"potentialAction\":[{\"@type\":\"SearchAction\",\"target\":{\"@type\":\"EntryPoint\",\"urlTemplate\":\"https:\\\/\\\/survivornet.ca\\\/?s={search_term_string}\"},\"query-input\":{\"@type\":\"PropertyValueSpecification\",\"valueRequired\":true,\"valueName\":\"search_term_string\"}}],\"inLanguage\":\"fr-FR\"},{\"@type\":\"Organization\",\"@id\":\"https:\\\/\\\/survivornet.ca\\\/#organization\",\"name\":\"Canadian Cancer Survivor Network\",\"url\":\"https:\\\/\\\/survivornet.ca\\\/\",\"logo\":{\"@type\":\"ImageObject\",\"inLanguage\":\"fr-FR\",\"@id\":\"https:\\\/\\\/survivornet.ca\\\/#\\\/schema\\\/logo\\\/image\\\/\",\"url\":\"http:\\\/\\\/survivornet.ca\\\/wp-content\\\/uploads\\\/2016\\\/12\\\/CCSN_Logo_EN_SQUARE.png\",\"contentUrl\":\"http:\\\/\\\/survivornet.ca\\\/wp-content\\\/uploads\\\/2016\\\/12\\\/CCSN_Logo_EN_SQUARE.png\",\"width\":1209,\"height\":1007,\"caption\":\"Canadian Cancer Survivor Network\"},\"image\":{\"@id\":\"https:\\\/\\\/survivornet.ca\\\/#\\\/schema\\\/logo\\\/image\\\/\"}}]}<\/script>\n<!-- \/ Yoast SEO plugin. -->","yoast_head_json":{"title":"Pierre Duchesne, Candidat dans Borduas - Canadian Cancer Survivor Network","robots":{"index":"index","follow":"follow","max-snippet":"max-snippet:-1","max-image-preview":"max-image-preview:large","max-video-preview":"max-video-preview:-1"},"canonical":"https:\/\/survivornet.ca\/fr\/agissez\/campagnes-electorales\/camapagne-electorale-2014\/parti-quebecois\/pierre-duchesne-candidat-dans-borduas\/","og_locale":"fr_FR","og_type":"article","og_title":"Pierre Duchesne, Candidat dans Borduas - Canadian Cancer Survivor Network","og_description":"Je vous \u00e9cris au nom de Pierre Duchesne. Voici les r\u00e9ponses \u00e0 vos deux questions. 1. Le Parti Qu\u00e9b\u00e9cois s&#8217;est en effet engag\u00e9 \u00e0 &#8220;implanter le financement ax\u00e9 sur le patient&#8221;, afin","og_url":"https:\/\/survivornet.ca\/fr\/agissez\/campagnes-electorales\/camapagne-electorale-2014\/parti-quebecois\/pierre-duchesne-candidat-dans-borduas\/","og_site_name":"Canadian Cancer Survivor Network","article_modified_time":"2017-07-05T19:47:55+00:00","twitter_card":"summary_large_image","twitter_misc":{"Dur\u00e9e de lecture estim\u00e9e":"1 minute"},"schema":{"@context":"https:\/\/schema.org","@graph":[{"@type":"WebPage","@id":"https:\/\/survivornet.ca\/fr\/agissez\/campagnes-electorales\/camapagne-electorale-2014\/parti-quebecois\/pierre-duchesne-candidat-dans-borduas\/","url":"https:\/\/survivornet.ca\/fr\/agissez\/campagnes-electorales\/camapagne-electorale-2014\/parti-quebecois\/pierre-duchesne-candidat-dans-borduas\/","name":"Pierre Duchesne, Candidat dans Borduas - Canadian Cancer Survivor Network","isPartOf":{"@id":"https:\/\/survivornet.ca\/#website"},"datePublished":"2017-06-12T13:45:10+00:00","dateModified":"2017-07-05T19:47:55+00:00","breadcrumb":{"@id":"https:\/\/survivornet.ca\/fr\/agissez\/campagnes-electorales\/camapagne-electorale-2014\/parti-quebecois\/pierre-duchesne-candidat-dans-borduas\/#breadcrumb"},"inLanguage":"fr-FR","potentialAction":[{"@type":"ReadAction","target":["https:\/\/survivornet.ca\/fr\/agissez\/campagnes-electorales\/camapagne-electorale-2014\/parti-quebecois\/pierre-duchesne-candidat-dans-borduas\/"]}]},{"@type":"BreadcrumbList","@id":"https:\/\/survivornet.ca\/fr\/agissez\/campagnes-electorales\/camapagne-electorale-2014\/parti-quebecois\/pierre-duchesne-candidat-dans-borduas\/#breadcrumb","itemListElement":[{"@type":"ListItem","position":1,"name":"Home","item":"https:\/\/survivornet.ca\/fr\/"},{"@type":"ListItem","position":2,"name":"Agissez","item":"https:\/\/survivornet.ca\/fr\/agissez\/"},{"@type":"ListItem","position":3,"name":"Campagnes \u00e9lectorales","item":"https:\/\/survivornet.ca\/fr\/agissez\/campagnes-electorales\/"},{"@type":"ListItem","position":4,"name":"Camapagne \u00e9lectorale 2014","item":"https:\/\/survivornet.ca\/fr\/agissez\/campagnes-electorales\/camapagne-electorale-2014\/"},{"@type":"ListItem","position":5,"name":"Parti qu\u00e9b\u00e9cois","item":"https:\/\/survivornet.ca\/fr\/agissez\/campagnes-electorales\/camapagne-electorale-2014\/parti-quebecois\/"},{"@type":"ListItem","position":6,"name":"Pierre Duchesne, Candidat dans Borduas"}]},{"@type":"WebSite","@id":"https:\/\/survivornet.ca\/#website","url":"https:\/\/survivornet.ca\/","name":"Canadian Cancer Survivor Network","description":"The Canadian Cancer Survivor Network was created by a group of Canadians concerned about cancer.","publisher":{"@id":"https:\/\/survivornet.ca\/#organization"},"potentialAction":[{"@type":"SearchAction","target":{"@type":"EntryPoint","urlTemplate":"https:\/\/survivornet.ca\/?s={search_term_string}"},"query-input":{"@type":"PropertyValueSpecification","valueRequired":true,"valueName":"search_term_string"}}],"inLanguage":"fr-FR"},{"@type":"Organization","@id":"https:\/\/survivornet.ca\/#organization","name":"Canadian Cancer Survivor Network","url":"https:\/\/survivornet.ca\/","logo":{"@type":"ImageObject","inLanguage":"fr-FR","@id":"https:\/\/survivornet.ca\/#\/schema\/logo\/image\/","url":"http:\/\/survivornet.ca\/wp-content\/uploads\/2016\/12\/CCSN_Logo_EN_SQUARE.png","contentUrl":"http:\/\/survivornet.ca\/wp-content\/uploads\/2016\/12\/CCSN_Logo_EN_SQUARE.png","width":1209,"height":1007,"caption":"Canadian Cancer Survivor Network"},"image":{"@id":"https:\/\/survivornet.ca\/#\/schema\/logo\/image\/"}}]}},"_links":{"self":[{"href":"https:\/\/survivornet.ca\/fr\/wp-json\/wp\/v2\/pages\/5217","targetHints":{"allow":["GET"]}}],"collection":[{"href":"https:\/\/survivornet.ca\/fr\/wp-json\/wp\/v2\/pages"}],"about":[{"href":"https:\/\/survivornet.ca\/fr\/wp-json\/wp\/v2\/types\/page"}],"author":[{"embeddable":true,"href":"https:\/\/survivornet.ca\/fr\/wp-json\/wp\/v2\/users\/2"}],"replies":[{"embeddable":true,"href":"https:\/\/survivornet.ca\/fr\/wp-json\/wp\/v2\/comments?post=5217"}],"version-history":[{"count":0,"href":"https:\/\/survivornet.ca\/fr\/wp-json\/wp\/v2\/pages\/5217\/revisions"}],"up":[{"embeddable":true,"href":"https:\/\/survivornet.ca\/fr\/wp-json\/wp\/v2\/pages\/5213"}],"wp:attachment":[{"href":"https:\/\/survivornet.ca\/fr\/wp-json\/wp\/v2\/media?parent=5217"}],"curies":[{"name":"wp","href":"https:\/\/api.w.org\/{rel}","templated":true}]}}