{"id":5215,"date":"2017-06-12T13:43:45","date_gmt":"2017-06-12T13:43:45","guid":{"rendered":"https:\/\/survivornet.ca\/?page_id=5215\/"},"modified":"2017-06-12T13:43:57","modified_gmt":"2017-06-12T13:43:57","slug":"leo-bureau-blouin-candidat-dans-laval-des-rapides","status":"publish","type":"page","link":"https:\/\/survivornet.ca\/fr\/agissez\/campagnes-electorales\/camapagne-electorale-2014\/parti-quebecois\/leo-bureau-blouin-candidat-dans-laval-des-rapides\/","title":{"rendered":"L\u00e9o Bureau-Blouin, candidat dans Laval-des-Rapides"},"content":{"rendered":"<p>Mon coll\u00e8gue Monsieur R\u00e9jean H\u00e9bert, Ministre de la Sant\u00e9 et des services sociaux, a fait produire un rapport attestant, justement, la n\u00e9cessit\u00e9 d&#8217;axer le financement en sant\u00e9 sur le patient, et non sur l&#8217;\u00e9tablissement.<\/p>\n<p>De plus, Monsieur Nicolas Marceau, ministre des finances, s&#8217;est engag\u00e9 \u00e0 suivre ce plan. Pour ce qui est du remboursement des m\u00e9dicaments, je ne saurais vous r\u00e9pondre avec certitude. Je vous invite donc \u00e0 contacter mon coll\u00e8gue, Monsieur H\u00e9bert, duquel vous pouvez avoir les coordonn\u00e9es ici<span class=\"apple-converted-space\">\u00a0<\/span><a href=\"http:\/\/www.assnat.qc.ca\/fr\/deputes\/hebert-rejean-12267\/coordonnees.html\" target=\"_blank\" rel=\"noopener noreferrer\">http:\/\/www.assnat.qc.ca\/fr\/deputes\/hebert-rejean-12267\/coordonnees.html<\/a><span class=\"apple-converted-space\">\u00a0<\/span>. Lui, ou des membres de son \u00e9quipe, se feront un plaisir de r\u00e9pondre \u00e0 vos interrogation. Au plaisir!<\/p>\n","protected":false},"excerpt":{"rendered":"<p>Mon coll\u00e8gue Monsieur R\u00e9jean H\u00e9bert, Ministre de la Sant\u00e9 et des services sociaux, a fait produire un rapport attestant, justement, la n\u00e9cessit\u00e9 d&#8217;axer le financement en sant\u00e9 sur le patient, et non<\/p>\n","protected":false},"author":2,"featured_media":0,"parent":5213,"menu_order":0,"comment_status":"closed","ping_status":"closed","template":"","meta":{"_acf_changed":false,"footnotes":""},"class_list":["post-5215","page","type-page","status-publish","hentry"],"acf":[],"yoast_head":"<!-- This site is optimized with the Yoast SEO plugin v27.4 - https:\/\/yoast.com\/product\/yoast-seo-wordpress\/ -->\n<title>L\u00e9o Bureau-Blouin, candidat dans Laval-des-Rapides - Canadian Cancer Survivor Network<\/title>\n<meta name=\"robots\" content=\"index, follow, max-snippet:-1, max-image-preview:large, max-video-preview:-1\" \/>\n<link rel=\"canonical\" href=\"https:\/\/survivornet.ca\/fr\/agissez\/campagnes-electorales\/camapagne-electorale-2014\/parti-quebecois\/leo-bureau-blouin-candidat-dans-laval-des-rapides\/\" \/>\n<meta property=\"og:locale\" content=\"fr_FR\" \/>\n<meta property=\"og:type\" content=\"article\" \/>\n<meta property=\"og:title\" content=\"L\u00e9o Bureau-Blouin, candidat dans Laval-des-Rapides - Canadian Cancer Survivor Network\" \/>\n<meta property=\"og:description\" content=\"Mon coll\u00e8gue Monsieur R\u00e9jean H\u00e9bert, Ministre de la Sant\u00e9 et des services sociaux, a fait produire un rapport attestant, justement, la n\u00e9cessit\u00e9 d&#8217;axer le financement en sant\u00e9 sur le patient, et non\" \/>\n<meta property=\"og:url\" content=\"https:\/\/survivornet.ca\/fr\/agissez\/campagnes-electorales\/camapagne-electorale-2014\/parti-quebecois\/leo-bureau-blouin-candidat-dans-laval-des-rapides\/\" \/>\n<meta property=\"og:site_name\" content=\"Canadian Cancer Survivor Network\" \/>\n<meta property=\"article:modified_time\" content=\"2017-06-12T13:43:57+00:00\" \/>\n<meta name=\"twitter:card\" content=\"summary_large_image\" \/>\n<meta name=\"twitter:label1\" content=\"Dur\u00e9e de lecture estim\u00e9e\" \/>\n\t<meta name=\"twitter:data1\" content=\"1 minute\" \/>\n<script type=\"application\/ld+json\" class=\"yoast-schema-graph\">{\"@context\":\"https:\\\/\\\/schema.org\",\"@graph\":[{\"@type\":\"WebPage\",\"@id\":\"https:\\\/\\\/survivornet.ca\\\/fr\\\/agissez\\\/campagnes-electorales\\\/camapagne-electorale-2014\\\/parti-quebecois\\\/leo-bureau-blouin-candidat-dans-laval-des-rapides\\\/\",\"url\":\"https:\\\/\\\/survivornet.ca\\\/fr\\\/agissez\\\/campagnes-electorales\\\/camapagne-electorale-2014\\\/parti-quebecois\\\/leo-bureau-blouin-candidat-dans-laval-des-rapides\\\/\",\"name\":\"L\u00e9o Bureau-Blouin, candidat dans Laval-des-Rapides - Canadian Cancer Survivor Network\",\"isPartOf\":{\"@id\":\"https:\\\/\\\/survivornet.ca\\\/#website\"},\"datePublished\":\"2017-06-12T13:43:45+00:00\",\"dateModified\":\"2017-06-12T13:43:57+00:00\",\"breadcrumb\":{\"@id\":\"https:\\\/\\\/survivornet.ca\\\/fr\\\/agissez\\\/campagnes-electorales\\\/camapagne-electorale-2014\\\/parti-quebecois\\\/leo-bureau-blouin-candidat-dans-laval-des-rapides\\\/#breadcrumb\"},\"inLanguage\":\"fr-FR\",\"potentialAction\":[{\"@type\":\"ReadAction\",\"target\":[\"https:\\\/\\\/survivornet.ca\\\/fr\\\/agissez\\\/campagnes-electorales\\\/camapagne-electorale-2014\\\/parti-quebecois\\\/leo-bureau-blouin-candidat-dans-laval-des-rapides\\\/\"]}]},{\"@type\":\"BreadcrumbList\",\"@id\":\"https:\\\/\\\/survivornet.ca\\\/fr\\\/agissez\\\/campagnes-electorales\\\/camapagne-electorale-2014\\\/parti-quebecois\\\/leo-bureau-blouin-candidat-dans-laval-des-rapides\\\/#breadcrumb\",\"itemListElement\":[{\"@type\":\"ListItem\",\"position\":1,\"name\":\"Home\",\"item\":\"https:\\\/\\\/survivornet.ca\\\/fr\\\/\"},{\"@type\":\"ListItem\",\"position\":2,\"name\":\"Agissez\",\"item\":\"https:\\\/\\\/survivornet.ca\\\/fr\\\/agissez\\\/\"},{\"@type\":\"ListItem\",\"position\":3,\"name\":\"Campagnes \u00e9lectorales\",\"item\":\"https:\\\/\\\/survivornet.ca\\\/fr\\\/agissez\\\/campagnes-electorales\\\/\"},{\"@type\":\"ListItem\",\"position\":4,\"name\":\"Camapagne \u00e9lectorale 2014\",\"item\":\"https:\\\/\\\/survivornet.ca\\\/fr\\\/agissez\\\/campagnes-electorales\\\/camapagne-electorale-2014\\\/\"},{\"@type\":\"ListItem\",\"position\":5,\"name\":\"Parti qu\u00e9b\u00e9cois\",\"item\":\"https:\\\/\\\/survivornet.ca\\\/fr\\\/agissez\\\/campagnes-electorales\\\/camapagne-electorale-2014\\\/parti-quebecois\\\/\"},{\"@type\":\"ListItem\",\"position\":6,\"name\":\"L\u00e9o Bureau-Blouin, candidat dans Laval-des-Rapides\"}]},{\"@type\":\"WebSite\",\"@id\":\"https:\\\/\\\/survivornet.ca\\\/#website\",\"url\":\"https:\\\/\\\/survivornet.ca\\\/\",\"name\":\"Canadian Cancer Survivor Network\",\"description\":\"The Canadian Cancer Survivor Network was created by a group of Canadians concerned about cancer.\",\"publisher\":{\"@id\":\"https:\\\/\\\/survivornet.ca\\\/#organization\"},\"potentialAction\":[{\"@type\":\"SearchAction\",\"target\":{\"@type\":\"EntryPoint\",\"urlTemplate\":\"https:\\\/\\\/survivornet.ca\\\/?s={search_term_string}\"},\"query-input\":{\"@type\":\"PropertyValueSpecification\",\"valueRequired\":true,\"valueName\":\"search_term_string\"}}],\"inLanguage\":\"fr-FR\"},{\"@type\":\"Organization\",\"@id\":\"https:\\\/\\\/survivornet.ca\\\/#organization\",\"name\":\"Canadian Cancer Survivor Network\",\"url\":\"https:\\\/\\\/survivornet.ca\\\/\",\"logo\":{\"@type\":\"ImageObject\",\"inLanguage\":\"fr-FR\",\"@id\":\"https:\\\/\\\/survivornet.ca\\\/#\\\/schema\\\/logo\\\/image\\\/\",\"url\":\"http:\\\/\\\/survivornet.ca\\\/wp-content\\\/uploads\\\/2016\\\/12\\\/CCSN_Logo_EN_SQUARE.png\",\"contentUrl\":\"http:\\\/\\\/survivornet.ca\\\/wp-content\\\/uploads\\\/2016\\\/12\\\/CCSN_Logo_EN_SQUARE.png\",\"width\":1209,\"height\":1007,\"caption\":\"Canadian Cancer Survivor Network\"},\"image\":{\"@id\":\"https:\\\/\\\/survivornet.ca\\\/#\\\/schema\\\/logo\\\/image\\\/\"}}]}<\/script>\n<!-- \/ Yoast SEO plugin. -->","yoast_head_json":{"title":"L\u00e9o Bureau-Blouin, candidat dans Laval-des-Rapides - Canadian Cancer Survivor Network","robots":{"index":"index","follow":"follow","max-snippet":"max-snippet:-1","max-image-preview":"max-image-preview:large","max-video-preview":"max-video-preview:-1"},"canonical":"https:\/\/survivornet.ca\/fr\/agissez\/campagnes-electorales\/camapagne-electorale-2014\/parti-quebecois\/leo-bureau-blouin-candidat-dans-laval-des-rapides\/","og_locale":"fr_FR","og_type":"article","og_title":"L\u00e9o Bureau-Blouin, candidat dans Laval-des-Rapides - Canadian Cancer Survivor Network","og_description":"Mon coll\u00e8gue Monsieur R\u00e9jean H\u00e9bert, Ministre de la Sant\u00e9 et des services sociaux, a fait produire un rapport attestant, justement, la n\u00e9cessit\u00e9 d&#8217;axer le financement en sant\u00e9 sur le patient, et non","og_url":"https:\/\/survivornet.ca\/fr\/agissez\/campagnes-electorales\/camapagne-electorale-2014\/parti-quebecois\/leo-bureau-blouin-candidat-dans-laval-des-rapides\/","og_site_name":"Canadian Cancer Survivor Network","article_modified_time":"2017-06-12T13:43:57+00:00","twitter_card":"summary_large_image","twitter_misc":{"Dur\u00e9e de lecture estim\u00e9e":"1 minute"},"schema":{"@context":"https:\/\/schema.org","@graph":[{"@type":"WebPage","@id":"https:\/\/survivornet.ca\/fr\/agissez\/campagnes-electorales\/camapagne-electorale-2014\/parti-quebecois\/leo-bureau-blouin-candidat-dans-laval-des-rapides\/","url":"https:\/\/survivornet.ca\/fr\/agissez\/campagnes-electorales\/camapagne-electorale-2014\/parti-quebecois\/leo-bureau-blouin-candidat-dans-laval-des-rapides\/","name":"L\u00e9o Bureau-Blouin, candidat dans Laval-des-Rapides - Canadian Cancer Survivor Network","isPartOf":{"@id":"https:\/\/survivornet.ca\/#website"},"datePublished":"2017-06-12T13:43:45+00:00","dateModified":"2017-06-12T13:43:57+00:00","breadcrumb":{"@id":"https:\/\/survivornet.ca\/fr\/agissez\/campagnes-electorales\/camapagne-electorale-2014\/parti-quebecois\/leo-bureau-blouin-candidat-dans-laval-des-rapides\/#breadcrumb"},"inLanguage":"fr-FR","potentialAction":[{"@type":"ReadAction","target":["https:\/\/survivornet.ca\/fr\/agissez\/campagnes-electorales\/camapagne-electorale-2014\/parti-quebecois\/leo-bureau-blouin-candidat-dans-laval-des-rapides\/"]}]},{"@type":"BreadcrumbList","@id":"https:\/\/survivornet.ca\/fr\/agissez\/campagnes-electorales\/camapagne-electorale-2014\/parti-quebecois\/leo-bureau-blouin-candidat-dans-laval-des-rapides\/#breadcrumb","itemListElement":[{"@type":"ListItem","position":1,"name":"Home","item":"https:\/\/survivornet.ca\/fr\/"},{"@type":"ListItem","position":2,"name":"Agissez","item":"https:\/\/survivornet.ca\/fr\/agissez\/"},{"@type":"ListItem","position":3,"name":"Campagnes \u00e9lectorales","item":"https:\/\/survivornet.ca\/fr\/agissez\/campagnes-electorales\/"},{"@type":"ListItem","position":4,"name":"Camapagne \u00e9lectorale 2014","item":"https:\/\/survivornet.ca\/fr\/agissez\/campagnes-electorales\/camapagne-electorale-2014\/"},{"@type":"ListItem","position":5,"name":"Parti qu\u00e9b\u00e9cois","item":"https:\/\/survivornet.ca\/fr\/agissez\/campagnes-electorales\/camapagne-electorale-2014\/parti-quebecois\/"},{"@type":"ListItem","position":6,"name":"L\u00e9o Bureau-Blouin, candidat dans Laval-des-Rapides"}]},{"@type":"WebSite","@id":"https:\/\/survivornet.ca\/#website","url":"https:\/\/survivornet.ca\/","name":"Canadian Cancer Survivor Network","description":"The Canadian Cancer Survivor Network was created by a group of Canadians concerned about cancer.","publisher":{"@id":"https:\/\/survivornet.ca\/#organization"},"potentialAction":[{"@type":"SearchAction","target":{"@type":"EntryPoint","urlTemplate":"https:\/\/survivornet.ca\/?s={search_term_string}"},"query-input":{"@type":"PropertyValueSpecification","valueRequired":true,"valueName":"search_term_string"}}],"inLanguage":"fr-FR"},{"@type":"Organization","@id":"https:\/\/survivornet.ca\/#organization","name":"Canadian Cancer Survivor Network","url":"https:\/\/survivornet.ca\/","logo":{"@type":"ImageObject","inLanguage":"fr-FR","@id":"https:\/\/survivornet.ca\/#\/schema\/logo\/image\/","url":"http:\/\/survivornet.ca\/wp-content\/uploads\/2016\/12\/CCSN_Logo_EN_SQUARE.png","contentUrl":"http:\/\/survivornet.ca\/wp-content\/uploads\/2016\/12\/CCSN_Logo_EN_SQUARE.png","width":1209,"height":1007,"caption":"Canadian Cancer Survivor Network"},"image":{"@id":"https:\/\/survivornet.ca\/#\/schema\/logo\/image\/"}}]}},"_links":{"self":[{"href":"https:\/\/survivornet.ca\/fr\/wp-json\/wp\/v2\/pages\/5215","targetHints":{"allow":["GET"]}}],"collection":[{"href":"https:\/\/survivornet.ca\/fr\/wp-json\/wp\/v2\/pages"}],"about":[{"href":"https:\/\/survivornet.ca\/fr\/wp-json\/wp\/v2\/types\/page"}],"author":[{"embeddable":true,"href":"https:\/\/survivornet.ca\/fr\/wp-json\/wp\/v2\/users\/2"}],"replies":[{"embeddable":true,"href":"https:\/\/survivornet.ca\/fr\/wp-json\/wp\/v2\/comments?post=5215"}],"version-history":[{"count":0,"href":"https:\/\/survivornet.ca\/fr\/wp-json\/wp\/v2\/pages\/5215\/revisions"}],"up":[{"embeddable":true,"href":"https:\/\/survivornet.ca\/fr\/wp-json\/wp\/v2\/pages\/5213"}],"wp:attachment":[{"href":"https:\/\/survivornet.ca\/fr\/wp-json\/wp\/v2\/media?parent=5215"}],"curies":[{"name":"wp","href":"https:\/\/api.w.org\/{rel}","templated":true}]}}