{"id":5211,"date":"2017-06-12T13:31:49","date_gmt":"2017-06-12T13:31:49","guid":{"rendered":"https:\/\/survivornet.ca\/?page_id=5211\/"},"modified":"2017-06-12T13:38:07","modified_gmt":"2017-06-12T13:38:07","slug":"les-questions-du-reseau-aux-parties-et-candidat-e-s","status":"publish","type":"page","link":"https:\/\/survivornet.ca\/fr\/agissez\/campagnes-electorales\/camapagne-electorale-2014\/les-questions-du-reseau-aux-parties-et-candidat-e-s\/","title":{"rendered":"Les questions du R\u00e9seau aux parties et candidat-e-s"},"content":{"rendered":"<p>En 2013, plus de 48 700 Qu\u00e9b\u00e9cois et Qu\u00e9b\u00e9coises ont re\u00e7u un diagnostic de cancer et environ 20 000 y ont laiss\u00e9 leur vie. De toute \u00e9vidence, cette maladie mortelle affecte les familles, les proches, les milieux de travail et des communaut\u00e9s enti\u00e8res.<\/p>\n<p>Le R\u00e9seau canadien des survivants du cancer (RCSC) travaille \u00e0 relier les patients, les survivants et les autres organisations concern\u00e9es avec les d\u00e9cideurs et la communaut\u00e9 au sens large, afin de les int\u00e9resser \u00e0 des discussions et de mettre en \u0153uvre les meilleures pratiques, fond\u00e9es sur des donn\u00e9es probantes. Il s\u2019agit d\u2019all\u00e9ger les co\u00fbts m\u00e9dicaux, \u00e9motionnels, financiers et sociaux du cancer et d\u2019encourager la recherche sur les moyens de surmonter les obstacles \u00e0 des soins optimaux de cancer et de suivi pour ses victimes au Canada.<\/p>\n<p>Le gouvernement du Qu\u00e9bec a un r\u00f4le essentiel \u00e0 jouer en s\u2019assurant que toute personne diagnostiqu\u00e9e du cancer a acc\u00e8s en temps opportun aux m\u00e9dicaments dont elle a besoin, qu\u2019elle n\u2019a pas \u00e0 subir de d\u00e9lais dangereusement longs pour son diagnostic et son traitement, et qu\u2019elle re\u00e7oit un soutien financier ad\u00e9quat pendant ces \u00e9tapes.<\/p>\n<p>Nous vous invitons \u00e0 r\u00e9pondre aux deux questions suivantes sur les soins oncologiques et les soins de sant\u00e9 au Qu\u00e9bec. Vos r\u00e9ponses seront distribu\u00e9es aux personnes atteintes de cancer ou survivant \u00e0 cette maladie au Qu\u00e9bec, et elles seront affich\u00e9es sur notre site Web \u00e0 <a href=\"https:\/\/survivornet.ca\/\">www.survivornet.ca<\/a>\u00a0 ainsi que sur ??notre blog \u00e0<a href=\"http:\/\/jackiemanthornescancerblog.blogspot.com\/\" target=\"_blank\" rel=\"noopener noreferrer\">http:\/\/jackiemanthornescancerblog.blogspot.com\/<\/a> . Des liens vers vos r\u00e9actions appara\u00eetront \u00e9galement sur Facebook et Twitter.<\/p>\n<p><strong><u>Services de sant\u00e9<\/u><\/strong><\/p>\n<p><strong>Votre parti favorise-t-il un mod\u00e8le de financement des services de sant\u00e9 ax\u00e9 sur le patient plut\u00f4t qu&#8217;un mod\u00e8le de financement bas\u00e9 sur l\u2019\u00e9tablissement, et si oui, pourquoi ?<\/strong><\/p>\n<p><strong><u>Approbation des medicaments<\/u><\/strong><\/p>\n<p><em>HealthEdition.com a d\u00e9clar\u00e9 qu\u2019en 2011, le Qu\u00e9bec \u00e9tait au huiti\u00e8me rang des dix provinces canadiennes pour ce qui \u00e9tait de couvrir de nouveaux traitements contre le cancer.<\/em><\/p>\n<p><strong>S&#8217;il est \u00e9lu, votre gouvernement s&#8217;engage-t-il \u00e0 augmenter le nombre de nouveaux m\u00e9dicaments au remboursement approuv\u00e9 pour le soin du cancer ou d\u2019autres affections, de sorte que toute la population qu\u00e9b\u00e9coise ait acc\u00e8s en temps opportun aux m\u00e9dicaments dont elle a besoin, et si oui, comment cela sera-t-il accompli?<\/strong><\/p>\n","protected":false},"excerpt":{"rendered":"<p>En 2013, plus de 48 700 Qu\u00e9b\u00e9cois et Qu\u00e9b\u00e9coises ont re\u00e7u un diagnostic de cancer et environ 20 000 y ont laiss\u00e9 leur vie. De toute \u00e9vidence, cette maladie mortelle affecte les<\/p>\n","protected":false},"author":2,"featured_media":0,"parent":5198,"menu_order":1,"comment_status":"closed","ping_status":"closed","template":"","meta":{"_acf_changed":false,"footnotes":""},"class_list":["post-5211","page","type-page","status-publish","hentry"],"acf":[],"yoast_head":"<!-- This site is optimized with the Yoast SEO plugin v27.4 - https:\/\/yoast.com\/product\/yoast-seo-wordpress\/ -->\n<title>Les questions du R\u00e9seau aux parties et candidat-e-s - Canadian Cancer Survivor Network<\/title>\n<meta name=\"robots\" content=\"index, follow, max-snippet:-1, max-image-preview:large, max-video-preview:-1\" \/>\n<link rel=\"canonical\" href=\"https:\/\/survivornet.ca\/fr\/agissez\/campagnes-electorales\/camapagne-electorale-2014\/les-questions-du-reseau-aux-parties-et-candidat-e-s\/\" \/>\n<meta property=\"og:locale\" content=\"fr_FR\" \/>\n<meta property=\"og:type\" content=\"article\" \/>\n<meta property=\"og:title\" content=\"Les questions du R\u00e9seau aux parties et candidat-e-s - Canadian Cancer Survivor Network\" \/>\n<meta property=\"og:description\" content=\"En 2013, plus de 48 700 Qu\u00e9b\u00e9cois et Qu\u00e9b\u00e9coises ont re\u00e7u un diagnostic de cancer et environ 20 000 y ont laiss\u00e9 leur vie. De toute \u00e9vidence, cette maladie mortelle affecte les\" \/>\n<meta property=\"og:url\" content=\"https:\/\/survivornet.ca\/fr\/agissez\/campagnes-electorales\/camapagne-electorale-2014\/les-questions-du-reseau-aux-parties-et-candidat-e-s\/\" \/>\n<meta property=\"og:site_name\" content=\"Canadian Cancer Survivor Network\" \/>\n<meta property=\"article:modified_time\" content=\"2017-06-12T13:38:07+00:00\" \/>\n<meta name=\"twitter:card\" content=\"summary_large_image\" \/>\n<meta name=\"twitter:label1\" content=\"Dur\u00e9e de lecture estim\u00e9e\" \/>\n\t<meta name=\"twitter:data1\" content=\"2 minutes\" \/>\n<script type=\"application\/ld+json\" class=\"yoast-schema-graph\">{\"@context\":\"https:\\\/\\\/schema.org\",\"@graph\":[{\"@type\":\"WebPage\",\"@id\":\"https:\\\/\\\/survivornet.ca\\\/fr\\\/agissez\\\/campagnes-electorales\\\/camapagne-electorale-2014\\\/les-questions-du-reseau-aux-parties-et-candidat-e-s\\\/\",\"url\":\"https:\\\/\\\/survivornet.ca\\\/fr\\\/agissez\\\/campagnes-electorales\\\/camapagne-electorale-2014\\\/les-questions-du-reseau-aux-parties-et-candidat-e-s\\\/\",\"name\":\"Les questions du R\u00e9seau aux parties et candidat-e-s - Canadian Cancer Survivor Network\",\"isPartOf\":{\"@id\":\"https:\\\/\\\/survivornet.ca\\\/#website\"},\"datePublished\":\"2017-06-12T13:31:49+00:00\",\"dateModified\":\"2017-06-12T13:38:07+00:00\",\"breadcrumb\":{\"@id\":\"https:\\\/\\\/survivornet.ca\\\/fr\\\/agissez\\\/campagnes-electorales\\\/camapagne-electorale-2014\\\/les-questions-du-reseau-aux-parties-et-candidat-e-s\\\/#breadcrumb\"},\"inLanguage\":\"fr-FR\",\"potentialAction\":[{\"@type\":\"ReadAction\",\"target\":[\"https:\\\/\\\/survivornet.ca\\\/fr\\\/agissez\\\/campagnes-electorales\\\/camapagne-electorale-2014\\\/les-questions-du-reseau-aux-parties-et-candidat-e-s\\\/\"]}]},{\"@type\":\"BreadcrumbList\",\"@id\":\"https:\\\/\\\/survivornet.ca\\\/fr\\\/agissez\\\/campagnes-electorales\\\/camapagne-electorale-2014\\\/les-questions-du-reseau-aux-parties-et-candidat-e-s\\\/#breadcrumb\",\"itemListElement\":[{\"@type\":\"ListItem\",\"position\":1,\"name\":\"Home\",\"item\":\"https:\\\/\\\/survivornet.ca\\\/fr\\\/\"},{\"@type\":\"ListItem\",\"position\":2,\"name\":\"Agissez\",\"item\":\"https:\\\/\\\/survivornet.ca\\\/fr\\\/agissez\\\/\"},{\"@type\":\"ListItem\",\"position\":3,\"name\":\"Campagnes \u00e9lectorales\",\"item\":\"https:\\\/\\\/survivornet.ca\\\/fr\\\/agissez\\\/campagnes-electorales\\\/\"},{\"@type\":\"ListItem\",\"position\":4,\"name\":\"Camapagne \u00e9lectorale 2014\",\"item\":\"https:\\\/\\\/survivornet.ca\\\/fr\\\/agissez\\\/campagnes-electorales\\\/camapagne-electorale-2014\\\/\"},{\"@type\":\"ListItem\",\"position\":5,\"name\":\"Les questions du R\u00e9seau aux parties et candidat-e-s\"}]},{\"@type\":\"WebSite\",\"@id\":\"https:\\\/\\\/survivornet.ca\\\/#website\",\"url\":\"https:\\\/\\\/survivornet.ca\\\/\",\"name\":\"Canadian Cancer Survivor Network\",\"description\":\"The Canadian Cancer Survivor Network was created by a group of Canadians concerned about cancer.\",\"publisher\":{\"@id\":\"https:\\\/\\\/survivornet.ca\\\/#organization\"},\"potentialAction\":[{\"@type\":\"SearchAction\",\"target\":{\"@type\":\"EntryPoint\",\"urlTemplate\":\"https:\\\/\\\/survivornet.ca\\\/?s={search_term_string}\"},\"query-input\":{\"@type\":\"PropertyValueSpecification\",\"valueRequired\":true,\"valueName\":\"search_term_string\"}}],\"inLanguage\":\"fr-FR\"},{\"@type\":\"Organization\",\"@id\":\"https:\\\/\\\/survivornet.ca\\\/#organization\",\"name\":\"Canadian Cancer Survivor Network\",\"url\":\"https:\\\/\\\/survivornet.ca\\\/\",\"logo\":{\"@type\":\"ImageObject\",\"inLanguage\":\"fr-FR\",\"@id\":\"https:\\\/\\\/survivornet.ca\\\/#\\\/schema\\\/logo\\\/image\\\/\",\"url\":\"http:\\\/\\\/survivornet.ca\\\/wp-content\\\/uploads\\\/2016\\\/12\\\/CCSN_Logo_EN_SQUARE.png\",\"contentUrl\":\"http:\\\/\\\/survivornet.ca\\\/wp-content\\\/uploads\\\/2016\\\/12\\\/CCSN_Logo_EN_SQUARE.png\",\"width\":1209,\"height\":1007,\"caption\":\"Canadian Cancer Survivor Network\"},\"image\":{\"@id\":\"https:\\\/\\\/survivornet.ca\\\/#\\\/schema\\\/logo\\\/image\\\/\"}}]}<\/script>\n<!-- \/ Yoast SEO plugin. -->","yoast_head_json":{"title":"Les questions du R\u00e9seau aux parties et candidat-e-s - Canadian Cancer Survivor Network","robots":{"index":"index","follow":"follow","max-snippet":"max-snippet:-1","max-image-preview":"max-image-preview:large","max-video-preview":"max-video-preview:-1"},"canonical":"https:\/\/survivornet.ca\/fr\/agissez\/campagnes-electorales\/camapagne-electorale-2014\/les-questions-du-reseau-aux-parties-et-candidat-e-s\/","og_locale":"fr_FR","og_type":"article","og_title":"Les questions du R\u00e9seau aux parties et candidat-e-s - Canadian Cancer Survivor Network","og_description":"En 2013, plus de 48 700 Qu\u00e9b\u00e9cois et Qu\u00e9b\u00e9coises ont re\u00e7u un diagnostic de cancer et environ 20 000 y ont laiss\u00e9 leur vie. De toute \u00e9vidence, cette maladie mortelle affecte les","og_url":"https:\/\/survivornet.ca\/fr\/agissez\/campagnes-electorales\/camapagne-electorale-2014\/les-questions-du-reseau-aux-parties-et-candidat-e-s\/","og_site_name":"Canadian Cancer Survivor Network","article_modified_time":"2017-06-12T13:38:07+00:00","twitter_card":"summary_large_image","twitter_misc":{"Dur\u00e9e de lecture estim\u00e9e":"2 minutes"},"schema":{"@context":"https:\/\/schema.org","@graph":[{"@type":"WebPage","@id":"https:\/\/survivornet.ca\/fr\/agissez\/campagnes-electorales\/camapagne-electorale-2014\/les-questions-du-reseau-aux-parties-et-candidat-e-s\/","url":"https:\/\/survivornet.ca\/fr\/agissez\/campagnes-electorales\/camapagne-electorale-2014\/les-questions-du-reseau-aux-parties-et-candidat-e-s\/","name":"Les questions du R\u00e9seau aux parties et candidat-e-s - Canadian Cancer Survivor Network","isPartOf":{"@id":"https:\/\/survivornet.ca\/#website"},"datePublished":"2017-06-12T13:31:49+00:00","dateModified":"2017-06-12T13:38:07+00:00","breadcrumb":{"@id":"https:\/\/survivornet.ca\/fr\/agissez\/campagnes-electorales\/camapagne-electorale-2014\/les-questions-du-reseau-aux-parties-et-candidat-e-s\/#breadcrumb"},"inLanguage":"fr-FR","potentialAction":[{"@type":"ReadAction","target":["https:\/\/survivornet.ca\/fr\/agissez\/campagnes-electorales\/camapagne-electorale-2014\/les-questions-du-reseau-aux-parties-et-candidat-e-s\/"]}]},{"@type":"BreadcrumbList","@id":"https:\/\/survivornet.ca\/fr\/agissez\/campagnes-electorales\/camapagne-electorale-2014\/les-questions-du-reseau-aux-parties-et-candidat-e-s\/#breadcrumb","itemListElement":[{"@type":"ListItem","position":1,"name":"Home","item":"https:\/\/survivornet.ca\/fr\/"},{"@type":"ListItem","position":2,"name":"Agissez","item":"https:\/\/survivornet.ca\/fr\/agissez\/"},{"@type":"ListItem","position":3,"name":"Campagnes \u00e9lectorales","item":"https:\/\/survivornet.ca\/fr\/agissez\/campagnes-electorales\/"},{"@type":"ListItem","position":4,"name":"Camapagne \u00e9lectorale 2014","item":"https:\/\/survivornet.ca\/fr\/agissez\/campagnes-electorales\/camapagne-electorale-2014\/"},{"@type":"ListItem","position":5,"name":"Les questions du R\u00e9seau aux parties et candidat-e-s"}]},{"@type":"WebSite","@id":"https:\/\/survivornet.ca\/#website","url":"https:\/\/survivornet.ca\/","name":"Canadian Cancer Survivor Network","description":"The Canadian Cancer Survivor Network was created by a group of Canadians concerned about cancer.","publisher":{"@id":"https:\/\/survivornet.ca\/#organization"},"potentialAction":[{"@type":"SearchAction","target":{"@type":"EntryPoint","urlTemplate":"https:\/\/survivornet.ca\/?s={search_term_string}"},"query-input":{"@type":"PropertyValueSpecification","valueRequired":true,"valueName":"search_term_string"}}],"inLanguage":"fr-FR"},{"@type":"Organization","@id":"https:\/\/survivornet.ca\/#organization","name":"Canadian Cancer Survivor Network","url":"https:\/\/survivornet.ca\/","logo":{"@type":"ImageObject","inLanguage":"fr-FR","@id":"https:\/\/survivornet.ca\/#\/schema\/logo\/image\/","url":"http:\/\/survivornet.ca\/wp-content\/uploads\/2016\/12\/CCSN_Logo_EN_SQUARE.png","contentUrl":"http:\/\/survivornet.ca\/wp-content\/uploads\/2016\/12\/CCSN_Logo_EN_SQUARE.png","width":1209,"height":1007,"caption":"Canadian Cancer Survivor Network"},"image":{"@id":"https:\/\/survivornet.ca\/#\/schema\/logo\/image\/"}}]}},"_links":{"self":[{"href":"https:\/\/survivornet.ca\/fr\/wp-json\/wp\/v2\/pages\/5211","targetHints":{"allow":["GET"]}}],"collection":[{"href":"https:\/\/survivornet.ca\/fr\/wp-json\/wp\/v2\/pages"}],"about":[{"href":"https:\/\/survivornet.ca\/fr\/wp-json\/wp\/v2\/types\/page"}],"author":[{"embeddable":true,"href":"https:\/\/survivornet.ca\/fr\/wp-json\/wp\/v2\/users\/2"}],"replies":[{"embeddable":true,"href":"https:\/\/survivornet.ca\/fr\/wp-json\/wp\/v2\/comments?post=5211"}],"version-history":[{"count":0,"href":"https:\/\/survivornet.ca\/fr\/wp-json\/wp\/v2\/pages\/5211\/revisions"}],"up":[{"embeddable":true,"href":"https:\/\/survivornet.ca\/fr\/wp-json\/wp\/v2\/pages\/5198"}],"wp:attachment":[{"href":"https:\/\/survivornet.ca\/fr\/wp-json\/wp\/v2\/media?parent=5211"}],"curies":[{"name":"wp","href":"https:\/\/api.w.org\/{rel}","templated":true}]}}