{"id":5203,"date":"2017-06-12T13:22:12","date_gmt":"2017-06-12T13:22:12","guid":{"rendered":"https:\/\/survivornet.ca\/?page_id=5203\/"},"modified":"2017-06-12T13:22:12","modified_gmt":"2017-06-12T13:22:12","slug":"stephanie-lachance-bellechasse","status":"publish","type":"page","link":"https:\/\/survivornet.ca\/fr\/agissez\/campagnes-electorales\/camapagne-electorale-2014\/coalition-avenir-quebec\/stephanie-lachance-bellechasse\/","title":{"rendered":"Stephanie Lachance, Bellechasse"},"content":{"rendered":"<p>Nous avons bien re\u00e7u votre lettre. Il nous fait plaisir d&#8217;avoir l&#8217;opportunit\u00e9 de\u00a0r\u00e9pondre \u00e0 vos int\u00e9roggations.<\/p>\n<p>La Coalition Avenir Qu\u00e9bec entend r\u00e9viser en profondeur le mode de financement des \u00e9tablissements de sant\u00e9 qui sera dor\u00e9navant \u00e9tabli en fonction du volume de soins dispens\u00e9s aux patients. Cette mesure assurera l\u2019attribution des ressources budg\u00e9taires en fonction des besoins r\u00e9els de la population en plus d\u2019encourager l\u2019efficacit\u00e9 des \u00e9tablissements qui auront tout int\u00e9r\u00eat \u00e0 augmenter le volume de services rendus \u00e0 la population. Plut\u00f4t que d\u2019\u00eatre source de d\u00e9penses pour les \u00e9tablissements, l\u2019a ugmentation du nombre de patients trait\u00e9s deviendra source de revenus suppl\u00e9mentaires.<\/p>\n<p>Pour ce qui est des nouveaux traitements pour le cancer, nous croyons que le syst\u00e8me actuel d\u2019approbation des m\u00e9dicaments pour le traitement du cancer par l\u2019INESSS n\u2019est pas ad\u00e9quat et qu\u2019il doit \u00eatre am\u00e9lior\u00e9. Apr\u00e8s les \u00e9lections,\u00a0 nous nous engageons \u00e0 rencontrer tous les organismes\u00a0qui veulent combattre le cancer afin d&#8217;\u00e9couter leurs propositions.<\/p>\n<p>Par ailleurs, des d\u00e9cisions r\u00e9centes du gouvernement nous inqui\u00e8tent. En effet, les h\u00f4pitaux de Montr\u00e9al ont re\u00e7u la directive de l&#8217;agence de sant\u00e9 de ne plus traiter les patients atteints de cancer qui r\u00e9siedent dans la zone 450. Ainsi sous peine de p\u00e9nalit\u00e9 financi\u00e8re, les h\u00f4pitaux universitaires sp\u00e9cialis\u00e9s en canc\u00e9rologie ne pourront plus traiter les patients de la Mont\u00e9r\u00e9gie et de Laval.<\/p>\n<p>Les agences de sant\u00e9 pr\u00e9sentent un bel exemple d&#8217;une structure bureaucratique lourde et inhumaine. Nous avons questionn\u00e9 le ministre la Sant\u00e9 afin de savoir s i les gens du 450 devront pr\u00e9senter leur permis de conduire au lieu de leur carte d&#8217;assurance maladie pour se faire soigner ? Nous demandons au gouvernement de mettre fin imm\u00e9diatement \u00e0 cette directive.<\/p>\n","protected":false},"excerpt":{"rendered":"<p>Nous avons bien re\u00e7u votre lettre. Il nous fait plaisir d&#8217;avoir l&#8217;opportunit\u00e9 de\u00a0r\u00e9pondre \u00e0 vos int\u00e9roggations. La Coalition Avenir Qu\u00e9bec entend r\u00e9viser en profondeur le mode de financement des \u00e9tablissements de sant\u00e9<\/p>\n","protected":false},"author":2,"featured_media":0,"parent":5201,"menu_order":0,"comment_status":"closed","ping_status":"closed","template":"","meta":{"_acf_changed":false,"footnotes":""},"class_list":["post-5203","page","type-page","status-publish","hentry"],"acf":[],"yoast_head":"<!-- This site is optimized with the Yoast SEO plugin v27.4 - https:\/\/yoast.com\/product\/yoast-seo-wordpress\/ -->\n<title>Stephanie Lachance, Bellechasse - Canadian Cancer Survivor Network<\/title>\n<meta name=\"robots\" content=\"index, follow, max-snippet:-1, max-image-preview:large, max-video-preview:-1\" \/>\n<link rel=\"canonical\" href=\"https:\/\/survivornet.ca\/fr\/agissez\/campagnes-electorales\/camapagne-electorale-2014\/coalition-avenir-quebec\/stephanie-lachance-bellechasse\/\" \/>\n<meta property=\"og:locale\" content=\"fr_FR\" \/>\n<meta property=\"og:type\" content=\"article\" \/>\n<meta property=\"og:title\" content=\"Stephanie Lachance, Bellechasse - Canadian Cancer Survivor Network\" \/>\n<meta property=\"og:description\" content=\"Nous avons bien re\u00e7u votre lettre. Il nous fait plaisir d&#8217;avoir l&#8217;opportunit\u00e9 de\u00a0r\u00e9pondre \u00e0 vos int\u00e9roggations. La Coalition Avenir Qu\u00e9bec entend r\u00e9viser en profondeur le mode de financement des \u00e9tablissements de sant\u00e9\" \/>\n<meta property=\"og:url\" content=\"https:\/\/survivornet.ca\/fr\/agissez\/campagnes-electorales\/camapagne-electorale-2014\/coalition-avenir-quebec\/stephanie-lachance-bellechasse\/\" \/>\n<meta property=\"og:site_name\" content=\"Canadian Cancer Survivor Network\" \/>\n<meta name=\"twitter:card\" content=\"summary_large_image\" \/>\n<meta name=\"twitter:label1\" content=\"Dur\u00e9e de lecture estim\u00e9e\" \/>\n\t<meta name=\"twitter:data1\" content=\"2 minutes\" \/>\n<script type=\"application\/ld+json\" class=\"yoast-schema-graph\">{\"@context\":\"https:\\\/\\\/schema.org\",\"@graph\":[{\"@type\":\"WebPage\",\"@id\":\"https:\\\/\\\/survivornet.ca\\\/fr\\\/agissez\\\/campagnes-electorales\\\/camapagne-electorale-2014\\\/coalition-avenir-quebec\\\/stephanie-lachance-bellechasse\\\/\",\"url\":\"https:\\\/\\\/survivornet.ca\\\/fr\\\/agissez\\\/campagnes-electorales\\\/camapagne-electorale-2014\\\/coalition-avenir-quebec\\\/stephanie-lachance-bellechasse\\\/\",\"name\":\"Stephanie Lachance, Bellechasse - Canadian Cancer Survivor Network\",\"isPartOf\":{\"@id\":\"https:\\\/\\\/survivornet.ca\\\/#website\"},\"datePublished\":\"2017-06-12T13:22:12+00:00\",\"breadcrumb\":{\"@id\":\"https:\\\/\\\/survivornet.ca\\\/fr\\\/agissez\\\/campagnes-electorales\\\/camapagne-electorale-2014\\\/coalition-avenir-quebec\\\/stephanie-lachance-bellechasse\\\/#breadcrumb\"},\"inLanguage\":\"fr-FR\",\"potentialAction\":[{\"@type\":\"ReadAction\",\"target\":[\"https:\\\/\\\/survivornet.ca\\\/fr\\\/agissez\\\/campagnes-electorales\\\/camapagne-electorale-2014\\\/coalition-avenir-quebec\\\/stephanie-lachance-bellechasse\\\/\"]}]},{\"@type\":\"BreadcrumbList\",\"@id\":\"https:\\\/\\\/survivornet.ca\\\/fr\\\/agissez\\\/campagnes-electorales\\\/camapagne-electorale-2014\\\/coalition-avenir-quebec\\\/stephanie-lachance-bellechasse\\\/#breadcrumb\",\"itemListElement\":[{\"@type\":\"ListItem\",\"position\":1,\"name\":\"Home\",\"item\":\"https:\\\/\\\/survivornet.ca\\\/fr\\\/\"},{\"@type\":\"ListItem\",\"position\":2,\"name\":\"Agissez\",\"item\":\"https:\\\/\\\/survivornet.ca\\\/fr\\\/agissez\\\/\"},{\"@type\":\"ListItem\",\"position\":3,\"name\":\"Campagnes \u00e9lectorales\",\"item\":\"https:\\\/\\\/survivornet.ca\\\/fr\\\/agissez\\\/campagnes-electorales\\\/\"},{\"@type\":\"ListItem\",\"position\":4,\"name\":\"Camapagne \u00e9lectorale 2014\",\"item\":\"https:\\\/\\\/survivornet.ca\\\/fr\\\/agissez\\\/campagnes-electorales\\\/camapagne-electorale-2014\\\/\"},{\"@type\":\"ListItem\",\"position\":5,\"name\":\"Coalition avenir Qu\u00e9bec\",\"item\":\"https:\\\/\\\/survivornet.ca\\\/fr\\\/agissez\\\/campagnes-electorales\\\/camapagne-electorale-2014\\\/coalition-avenir-quebec\\\/\"},{\"@type\":\"ListItem\",\"position\":6,\"name\":\"Stephanie Lachance, Bellechasse\"}]},{\"@type\":\"WebSite\",\"@id\":\"https:\\\/\\\/survivornet.ca\\\/#website\",\"url\":\"https:\\\/\\\/survivornet.ca\\\/\",\"name\":\"Canadian Cancer Survivor Network\",\"description\":\"The Canadian Cancer Survivor Network was created by a group of Canadians concerned about cancer.\",\"publisher\":{\"@id\":\"https:\\\/\\\/survivornet.ca\\\/#organization\"},\"potentialAction\":[{\"@type\":\"SearchAction\",\"target\":{\"@type\":\"EntryPoint\",\"urlTemplate\":\"https:\\\/\\\/survivornet.ca\\\/?s={search_term_string}\"},\"query-input\":{\"@type\":\"PropertyValueSpecification\",\"valueRequired\":true,\"valueName\":\"search_term_string\"}}],\"inLanguage\":\"fr-FR\"},{\"@type\":\"Organization\",\"@id\":\"https:\\\/\\\/survivornet.ca\\\/#organization\",\"name\":\"Canadian Cancer Survivor Network\",\"url\":\"https:\\\/\\\/survivornet.ca\\\/\",\"logo\":{\"@type\":\"ImageObject\",\"inLanguage\":\"fr-FR\",\"@id\":\"https:\\\/\\\/survivornet.ca\\\/#\\\/schema\\\/logo\\\/image\\\/\",\"url\":\"http:\\\/\\\/survivornet.ca\\\/wp-content\\\/uploads\\\/2016\\\/12\\\/CCSN_Logo_EN_SQUARE.png\",\"contentUrl\":\"http:\\\/\\\/survivornet.ca\\\/wp-content\\\/uploads\\\/2016\\\/12\\\/CCSN_Logo_EN_SQUARE.png\",\"width\":1209,\"height\":1007,\"caption\":\"Canadian Cancer Survivor Network\"},\"image\":{\"@id\":\"https:\\\/\\\/survivornet.ca\\\/#\\\/schema\\\/logo\\\/image\\\/\"}}]}<\/script>\n<!-- \/ Yoast SEO plugin. -->","yoast_head_json":{"title":"Stephanie Lachance, Bellechasse - Canadian Cancer Survivor Network","robots":{"index":"index","follow":"follow","max-snippet":"max-snippet:-1","max-image-preview":"max-image-preview:large","max-video-preview":"max-video-preview:-1"},"canonical":"https:\/\/survivornet.ca\/fr\/agissez\/campagnes-electorales\/camapagne-electorale-2014\/coalition-avenir-quebec\/stephanie-lachance-bellechasse\/","og_locale":"fr_FR","og_type":"article","og_title":"Stephanie Lachance, Bellechasse - Canadian Cancer Survivor Network","og_description":"Nous avons bien re\u00e7u votre lettre. Il nous fait plaisir d&#8217;avoir l&#8217;opportunit\u00e9 de\u00a0r\u00e9pondre \u00e0 vos int\u00e9roggations. La Coalition Avenir Qu\u00e9bec entend r\u00e9viser en profondeur le mode de financement des \u00e9tablissements de sant\u00e9","og_url":"https:\/\/survivornet.ca\/fr\/agissez\/campagnes-electorales\/camapagne-electorale-2014\/coalition-avenir-quebec\/stephanie-lachance-bellechasse\/","og_site_name":"Canadian Cancer Survivor Network","twitter_card":"summary_large_image","twitter_misc":{"Dur\u00e9e de lecture estim\u00e9e":"2 minutes"},"schema":{"@context":"https:\/\/schema.org","@graph":[{"@type":"WebPage","@id":"https:\/\/survivornet.ca\/fr\/agissez\/campagnes-electorales\/camapagne-electorale-2014\/coalition-avenir-quebec\/stephanie-lachance-bellechasse\/","url":"https:\/\/survivornet.ca\/fr\/agissez\/campagnes-electorales\/camapagne-electorale-2014\/coalition-avenir-quebec\/stephanie-lachance-bellechasse\/","name":"Stephanie Lachance, Bellechasse - Canadian Cancer Survivor Network","isPartOf":{"@id":"https:\/\/survivornet.ca\/#website"},"datePublished":"2017-06-12T13:22:12+00:00","breadcrumb":{"@id":"https:\/\/survivornet.ca\/fr\/agissez\/campagnes-electorales\/camapagne-electorale-2014\/coalition-avenir-quebec\/stephanie-lachance-bellechasse\/#breadcrumb"},"inLanguage":"fr-FR","potentialAction":[{"@type":"ReadAction","target":["https:\/\/survivornet.ca\/fr\/agissez\/campagnes-electorales\/camapagne-electorale-2014\/coalition-avenir-quebec\/stephanie-lachance-bellechasse\/"]}]},{"@type":"BreadcrumbList","@id":"https:\/\/survivornet.ca\/fr\/agissez\/campagnes-electorales\/camapagne-electorale-2014\/coalition-avenir-quebec\/stephanie-lachance-bellechasse\/#breadcrumb","itemListElement":[{"@type":"ListItem","position":1,"name":"Home","item":"https:\/\/survivornet.ca\/fr\/"},{"@type":"ListItem","position":2,"name":"Agissez","item":"https:\/\/survivornet.ca\/fr\/agissez\/"},{"@type":"ListItem","position":3,"name":"Campagnes \u00e9lectorales","item":"https:\/\/survivornet.ca\/fr\/agissez\/campagnes-electorales\/"},{"@type":"ListItem","position":4,"name":"Camapagne \u00e9lectorale 2014","item":"https:\/\/survivornet.ca\/fr\/agissez\/campagnes-electorales\/camapagne-electorale-2014\/"},{"@type":"ListItem","position":5,"name":"Coalition avenir Qu\u00e9bec","item":"https:\/\/survivornet.ca\/fr\/agissez\/campagnes-electorales\/camapagne-electorale-2014\/coalition-avenir-quebec\/"},{"@type":"ListItem","position":6,"name":"Stephanie Lachance, Bellechasse"}]},{"@type":"WebSite","@id":"https:\/\/survivornet.ca\/#website","url":"https:\/\/survivornet.ca\/","name":"Canadian Cancer Survivor Network","description":"The Canadian Cancer Survivor Network was created by a group of Canadians concerned about cancer.","publisher":{"@id":"https:\/\/survivornet.ca\/#organization"},"potentialAction":[{"@type":"SearchAction","target":{"@type":"EntryPoint","urlTemplate":"https:\/\/survivornet.ca\/?s={search_term_string}"},"query-input":{"@type":"PropertyValueSpecification","valueRequired":true,"valueName":"search_term_string"}}],"inLanguage":"fr-FR"},{"@type":"Organization","@id":"https:\/\/survivornet.ca\/#organization","name":"Canadian Cancer Survivor Network","url":"https:\/\/survivornet.ca\/","logo":{"@type":"ImageObject","inLanguage":"fr-FR","@id":"https:\/\/survivornet.ca\/#\/schema\/logo\/image\/","url":"http:\/\/survivornet.ca\/wp-content\/uploads\/2016\/12\/CCSN_Logo_EN_SQUARE.png","contentUrl":"http:\/\/survivornet.ca\/wp-content\/uploads\/2016\/12\/CCSN_Logo_EN_SQUARE.png","width":1209,"height":1007,"caption":"Canadian Cancer Survivor Network"},"image":{"@id":"https:\/\/survivornet.ca\/#\/schema\/logo\/image\/"}}]}},"_links":{"self":[{"href":"https:\/\/survivornet.ca\/fr\/wp-json\/wp\/v2\/pages\/5203","targetHints":{"allow":["GET"]}}],"collection":[{"href":"https:\/\/survivornet.ca\/fr\/wp-json\/wp\/v2\/pages"}],"about":[{"href":"https:\/\/survivornet.ca\/fr\/wp-json\/wp\/v2\/types\/page"}],"author":[{"embeddable":true,"href":"https:\/\/survivornet.ca\/fr\/wp-json\/wp\/v2\/users\/2"}],"replies":[{"embeddable":true,"href":"https:\/\/survivornet.ca\/fr\/wp-json\/wp\/v2\/comments?post=5203"}],"version-history":[{"count":0,"href":"https:\/\/survivornet.ca\/fr\/wp-json\/wp\/v2\/pages\/5203\/revisions"}],"up":[{"embeddable":true,"href":"https:\/\/survivornet.ca\/fr\/wp-json\/wp\/v2\/pages\/5201"}],"wp:attachment":[{"href":"https:\/\/survivornet.ca\/fr\/wp-json\/wp\/v2\/media?parent=5203"}],"curies":[{"name":"wp","href":"https:\/\/api.w.org\/{rel}","templated":true}]}}