{"id":5194,"date":"2017-06-12T13:17:10","date_gmt":"2017-06-12T13:17:10","guid":{"rendered":"https:\/\/survivornet.ca\/?page_id=5194\/"},"modified":"2025-10-03T11:27:59","modified_gmt":"2025-10-03T15:27:59","slug":"campagnes-electorales","status":"publish","type":"page","link":"https:\/\/survivornet.ca\/fr\/agissez\/campagnes-electorales\/","title":{"rendered":"Campagnes \u00e9lectorales"},"content":{"rendered":"<div class=\"wpb-content-wrapper\"><p>[vc_row][vc_column][vc_column_text][\/vc_column_text][vc_column_text]<\/p>\n<h5 style=\"text-align: left;\">Le R\u00e9seau canadien des survivants du cancer (RCSC) travaille \u00e0 relier les patients,\u00a0les survivants et les autres organisations concern\u00e9es avec les d\u00e9cideurs et la\u00a0communaut\u00e9 au sens large, afin de les int\u00e9resser \u00e0 des discussions et de mettre en\u00a0\u0153uvre les meilleures pratiques, fond\u00e9es sur des donn\u00e9es probantes. Il s\u2019agit\u00a0d\u2019all\u00e9ger les co\u00fbts m\u00e9dicaux, \u00e9motionnels, financiers et sociaux du cancer et\u00a0d\u2019encourager la recherche sur les moyens de surmonter les obstacles \u00e0 des soins\u00a0optimaux de cancer et de suivi pour ses victimes au Canada.<\/h5>\n<p>[\/vc_column_text][vc_separator color=&#8221;blue&#8221;][\/vc_column][\/vc_row][vc_row][vc_column][vc_tta_tabs active_section=&#8221;1&#8243; title=&#8221;Campagnes \u00e9lectorales&#8221;][vc_tta_section title=&#8221;2025&#8243; tab_id=&#8221;1759505250180-ee0fc267-99de&#8221;][vc_column_text css=&#8221;&#8221;]https:\/\/survivornet.ca\/fr\/agissez\/campagnes-electorales\/campagne-electorale-de-terre-neuve-et-labrador-de-2025\/[\/vc_column_text][\/vc_tta_section][vc_tta_section title=&#8221;2022&#8243; tab_id=&#8221;1664371634786-b960e941-2a1c&#8221;][vc_row_inner][vc_column_inner][vc_column_text]https:\/\/survivornet.ca\/fr\/candidats-aux-elections-quebecoises-de-2022-veuillez-repondre-a-ces-questions-cruciales\/[\/vc_column_text][\/vc_column_inner][\/vc_row_inner][\/vc_tta_section][vc_tta_section title=&#8221;2021&#8243; tab_id=&#8221;1634928650979-5e1eb1a6-f649&#8243;][vc_column_text]https:\/\/survivornet.ca\/fr\/agissez\/campagnes-electorales\/campagne-electorale-2021\/campagne-electorale-federale-2021\/[\/vc_column_text][vc_column_text]https:\/\/survivornet.ca\/fr\/agissez\/campagnes-electorales\/campagne-electorale-2021\/campagne-electorale-federale-2021\/[\/vc_column_text][vc_column_text]https:\/\/survivornet.ca\/act\/ccsn-election-campaigns\/2021-election-campaigns\/nova-scotia-2021-election-campaign\/[\/vc_column_text][vc_column_text]https:\/\/survivornet.ca\/act\/ccsn-election-campaigns\/2021-election-campaigns\/newfoundland-and-labrador-2021-election-campaign\/[\/vc_column_text][\/vc_tta_section][vc_tta_section title=&#8221;2020&#8243; tab_id=&#8221;1634928650979-94e4a0eb-8ac3&#8243;][vc_column_text]https:\/\/survivornet.ca\/fr\/agissez\/campagnes-electorales\/campagne-electorale-2020-nouveau-brunswick\/?preview_id=18460&amp;preview_nonce=ce4a0e69fe&amp;_thumbnail_id=-1&amp;preview=true[\/vc_column_text][\/vc_tta_section][vc_tta_section title=&#8221;2018&#8243; tab_id=&#8221;1634928810682-f404c2bd-4d7f&#8221;][vc_column_text]https:\/\/survivornet.ca\/fr\/agissez\/campagnes-electorales\/camapagne-electorale-quebec-2018\/[\/vc_column_text][vc_column_text]https:\/\/survivornet.ca\/fr\/agissez\/campagnes-electorales\/campagne-electorale-nouveau-brunswick-2018\/[\/vc_column_text][\/vc_tta_section][vc_tta_section title=&#8221;2014&#8243; tab_id=&#8221;1634928821846-895d7fc0-f73b&#8221;][vc_column_text]https:\/\/survivornet.ca\/fr\/agissez\/campagnes-electorales\/camapagne-electorale-2014\/[\/vc_column_text][\/vc_tta_section][vc_tta_section title=&#8221;2012&#8243; tab_id=&#8221;1634928824389-20c6ad96-5997&#8243;][vc_column_text]https:\/\/survivornet.ca\/fr\/agissez\/campagnes-electorales\/campagne-electorale-2012\/[\/vc_column_text][\/vc_tta_section][\/vc_tta_tabs][vc_column_text css_animation=&#8221;none&#8221;][\/vc_column_text][vc_row_inner][vc_column_inner][\/vc_column_inner][\/vc_row_inner][\/vc_column][\/vc_row][vc_row][vc_column][vc_message]Les questions pos\u00e9s aux candidats \u00e9lectorales ainsi que les r\u00e9ponses re\u00e7ues seront diffus\u00e9es dans le language dont elles ont \u00e9t\u00e9s \u00e9crites. Ceci dit, certaines informations sont seulement disponible en anglais.<\/p>\n<p>Pour vous impliquer dans les campagnes de plaidoyer politique du RCSC, veuillez contacter\u00a0<a href=\"mailto:jmanthorne@survivornet.ca\">jmanthorne@survivornet.ca<\/a>.[\/vc_message][\/vc_column][\/vc_row]<\/p>\n<\/div>","protected":false},"excerpt":{"rendered":"<p>[vc_row][vc_column][vc_column_text][\/vc_column_text][vc_column_text] Le R\u00e9seau canadien des survivants du cancer (RCSC) travaille \u00e0 relier les patients,\u00a0les survivants et les autres organisations concern\u00e9es avec les d\u00e9cideurs et la\u00a0communaut\u00e9 au sens large, afin de les int\u00e9resser<\/p>\n","protected":false},"author":2,"featured_media":0,"parent":4480,"menu_order":30,"comment_status":"closed","ping_status":"closed","template":"","meta":{"_acf_changed":false,"footnotes":""},"class_list":["post-5194","page","type-page","status-publish","hentry"],"acf":[],"yoast_head":"<!-- This site is optimized with the Yoast SEO plugin v27.4 - https:\/\/yoast.com\/product\/yoast-seo-wordpress\/ -->\n<title>Campagnes \u00e9lectorales - Canadian Cancer Survivor Network<\/title>\n<meta name=\"robots\" content=\"index, follow, max-snippet:-1, max-image-preview:large, max-video-preview:-1\" \/>\n<link rel=\"canonical\" href=\"https:\/\/survivornet.ca\/fr\/agissez\/campagnes-electorales\/\" \/>\n<meta property=\"og:locale\" content=\"fr_FR\" \/>\n<meta property=\"og:type\" content=\"article\" \/>\n<meta property=\"og:title\" content=\"Campagnes \u00e9lectorales - Canadian Cancer Survivor Network\" \/>\n<meta property=\"og:description\" content=\"[vc_row][vc_column][vc_column_text][\/vc_column_text][vc_column_text] Le R\u00e9seau canadien des survivants du cancer (RCSC) travaille \u00e0 relier les patients,\u00a0les survivants et les autres organisations concern\u00e9es avec les d\u00e9cideurs et la\u00a0communaut\u00e9 au sens large, afin de les int\u00e9resser\" \/>\n<meta property=\"og:url\" content=\"https:\/\/survivornet.ca\/fr\/agissez\/campagnes-electorales\/\" \/>\n<meta property=\"og:site_name\" content=\"Canadian Cancer Survivor Network\" \/>\n<meta property=\"article:modified_time\" content=\"2025-10-03T15:27:59+00:00\" \/>\n<meta name=\"twitter:card\" content=\"summary_large_image\" \/>\n<meta name=\"twitter:label1\" content=\"Dur\u00e9e de lecture estim\u00e9e\" \/>\n\t<meta name=\"twitter:data1\" content=\"1 minute\" \/>\n<script type=\"application\/ld+json\" class=\"yoast-schema-graph\">{\"@context\":\"https:\\\/\\\/schema.org\",\"@graph\":[{\"@type\":\"WebPage\",\"@id\":\"https:\\\/\\\/survivornet.ca\\\/fr\\\/agissez\\\/campagnes-electorales\\\/\",\"url\":\"https:\\\/\\\/survivornet.ca\\\/fr\\\/agissez\\\/campagnes-electorales\\\/\",\"name\":\"Campagnes \u00e9lectorales - Canadian Cancer Survivor Network\",\"isPartOf\":{\"@id\":\"https:\\\/\\\/survivornet.ca\\\/#website\"},\"datePublished\":\"2017-06-12T13:17:10+00:00\",\"dateModified\":\"2025-10-03T15:27:59+00:00\",\"breadcrumb\":{\"@id\":\"https:\\\/\\\/survivornet.ca\\\/fr\\\/agissez\\\/campagnes-electorales\\\/#breadcrumb\"},\"inLanguage\":\"fr-FR\",\"potentialAction\":[{\"@type\":\"ReadAction\",\"target\":[\"https:\\\/\\\/survivornet.ca\\\/fr\\\/agissez\\\/campagnes-electorales\\\/\"]}]},{\"@type\":\"BreadcrumbList\",\"@id\":\"https:\\\/\\\/survivornet.ca\\\/fr\\\/agissez\\\/campagnes-electorales\\\/#breadcrumb\",\"itemListElement\":[{\"@type\":\"ListItem\",\"position\":1,\"name\":\"Home\",\"item\":\"https:\\\/\\\/survivornet.ca\\\/fr\\\/\"},{\"@type\":\"ListItem\",\"position\":2,\"name\":\"Agissez\",\"item\":\"https:\\\/\\\/survivornet.ca\\\/fr\\\/agissez\\\/\"},{\"@type\":\"ListItem\",\"position\":3,\"name\":\"Campagnes \u00e9lectorales\"}]},{\"@type\":\"WebSite\",\"@id\":\"https:\\\/\\\/survivornet.ca\\\/#website\",\"url\":\"https:\\\/\\\/survivornet.ca\\\/\",\"name\":\"Canadian Cancer Survivor Network\",\"description\":\"The Canadian Cancer Survivor Network was created by a group of Canadians concerned about cancer.\",\"publisher\":{\"@id\":\"https:\\\/\\\/survivornet.ca\\\/#organization\"},\"potentialAction\":[{\"@type\":\"SearchAction\",\"target\":{\"@type\":\"EntryPoint\",\"urlTemplate\":\"https:\\\/\\\/survivornet.ca\\\/?s={search_term_string}\"},\"query-input\":{\"@type\":\"PropertyValueSpecification\",\"valueRequired\":true,\"valueName\":\"search_term_string\"}}],\"inLanguage\":\"fr-FR\"},{\"@type\":\"Organization\",\"@id\":\"https:\\\/\\\/survivornet.ca\\\/#organization\",\"name\":\"Canadian Cancer Survivor Network\",\"url\":\"https:\\\/\\\/survivornet.ca\\\/\",\"logo\":{\"@type\":\"ImageObject\",\"inLanguage\":\"fr-FR\",\"@id\":\"https:\\\/\\\/survivornet.ca\\\/#\\\/schema\\\/logo\\\/image\\\/\",\"url\":\"http:\\\/\\\/survivornet.ca\\\/wp-content\\\/uploads\\\/2016\\\/12\\\/CCSN_Logo_EN_SQUARE.png\",\"contentUrl\":\"http:\\\/\\\/survivornet.ca\\\/wp-content\\\/uploads\\\/2016\\\/12\\\/CCSN_Logo_EN_SQUARE.png\",\"width\":1209,\"height\":1007,\"caption\":\"Canadian Cancer Survivor Network\"},\"image\":{\"@id\":\"https:\\\/\\\/survivornet.ca\\\/#\\\/schema\\\/logo\\\/image\\\/\"}}]}<\/script>\n<!-- \/ Yoast SEO plugin. -->","yoast_head_json":{"title":"Campagnes \u00e9lectorales - Canadian Cancer Survivor Network","robots":{"index":"index","follow":"follow","max-snippet":"max-snippet:-1","max-image-preview":"max-image-preview:large","max-video-preview":"max-video-preview:-1"},"canonical":"https:\/\/survivornet.ca\/fr\/agissez\/campagnes-electorales\/","og_locale":"fr_FR","og_type":"article","og_title":"Campagnes \u00e9lectorales - Canadian Cancer Survivor Network","og_description":"[vc_row][vc_column][vc_column_text][\/vc_column_text][vc_column_text] Le R\u00e9seau canadien des survivants du cancer (RCSC) travaille \u00e0 relier les patients,\u00a0les survivants et les autres organisations concern\u00e9es avec les d\u00e9cideurs et la\u00a0communaut\u00e9 au sens large, afin de les int\u00e9resser","og_url":"https:\/\/survivornet.ca\/fr\/agissez\/campagnes-electorales\/","og_site_name":"Canadian Cancer Survivor Network","article_modified_time":"2025-10-03T15:27:59+00:00","twitter_card":"summary_large_image","twitter_misc":{"Dur\u00e9e de lecture estim\u00e9e":"1 minute"},"schema":{"@context":"https:\/\/schema.org","@graph":[{"@type":"WebPage","@id":"https:\/\/survivornet.ca\/fr\/agissez\/campagnes-electorales\/","url":"https:\/\/survivornet.ca\/fr\/agissez\/campagnes-electorales\/","name":"Campagnes \u00e9lectorales - Canadian Cancer Survivor Network","isPartOf":{"@id":"https:\/\/survivornet.ca\/#website"},"datePublished":"2017-06-12T13:17:10+00:00","dateModified":"2025-10-03T15:27:59+00:00","breadcrumb":{"@id":"https:\/\/survivornet.ca\/fr\/agissez\/campagnes-electorales\/#breadcrumb"},"inLanguage":"fr-FR","potentialAction":[{"@type":"ReadAction","target":["https:\/\/survivornet.ca\/fr\/agissez\/campagnes-electorales\/"]}]},{"@type":"BreadcrumbList","@id":"https:\/\/survivornet.ca\/fr\/agissez\/campagnes-electorales\/#breadcrumb","itemListElement":[{"@type":"ListItem","position":1,"name":"Home","item":"https:\/\/survivornet.ca\/fr\/"},{"@type":"ListItem","position":2,"name":"Agissez","item":"https:\/\/survivornet.ca\/fr\/agissez\/"},{"@type":"ListItem","position":3,"name":"Campagnes \u00e9lectorales"}]},{"@type":"WebSite","@id":"https:\/\/survivornet.ca\/#website","url":"https:\/\/survivornet.ca\/","name":"Canadian Cancer Survivor Network","description":"The Canadian Cancer Survivor Network was created by a group of Canadians concerned about cancer.","publisher":{"@id":"https:\/\/survivornet.ca\/#organization"},"potentialAction":[{"@type":"SearchAction","target":{"@type":"EntryPoint","urlTemplate":"https:\/\/survivornet.ca\/?s={search_term_string}"},"query-input":{"@type":"PropertyValueSpecification","valueRequired":true,"valueName":"search_term_string"}}],"inLanguage":"fr-FR"},{"@type":"Organization","@id":"https:\/\/survivornet.ca\/#organization","name":"Canadian Cancer Survivor Network","url":"https:\/\/survivornet.ca\/","logo":{"@type":"ImageObject","inLanguage":"fr-FR","@id":"https:\/\/survivornet.ca\/#\/schema\/logo\/image\/","url":"http:\/\/survivornet.ca\/wp-content\/uploads\/2016\/12\/CCSN_Logo_EN_SQUARE.png","contentUrl":"http:\/\/survivornet.ca\/wp-content\/uploads\/2016\/12\/CCSN_Logo_EN_SQUARE.png","width":1209,"height":1007,"caption":"Canadian Cancer Survivor Network"},"image":{"@id":"https:\/\/survivornet.ca\/#\/schema\/logo\/image\/"}}]}},"_links":{"self":[{"href":"https:\/\/survivornet.ca\/fr\/wp-json\/wp\/v2\/pages\/5194","targetHints":{"allow":["GET"]}}],"collection":[{"href":"https:\/\/survivornet.ca\/fr\/wp-json\/wp\/v2\/pages"}],"about":[{"href":"https:\/\/survivornet.ca\/fr\/wp-json\/wp\/v2\/types\/page"}],"author":[{"embeddable":true,"href":"https:\/\/survivornet.ca\/fr\/wp-json\/wp\/v2\/users\/2"}],"replies":[{"embeddable":true,"href":"https:\/\/survivornet.ca\/fr\/wp-json\/wp\/v2\/comments?post=5194"}],"version-history":[{"count":1,"href":"https:\/\/survivornet.ca\/fr\/wp-json\/wp\/v2\/pages\/5194\/revisions"}],"predecessor-version":[{"id":32910,"href":"https:\/\/survivornet.ca\/fr\/wp-json\/wp\/v2\/pages\/5194\/revisions\/32910"}],"up":[{"embeddable":true,"href":"https:\/\/survivornet.ca\/fr\/wp-json\/wp\/v2\/pages\/4480"}],"wp:attachment":[{"href":"https:\/\/survivornet.ca\/fr\/wp-json\/wp\/v2\/media?parent=5194"}],"curies":[{"name":"wp","href":"https:\/\/api.w.org\/{rel}","templated":true}]}}