{"id":5191,"date":"2017-06-12T13:10:34","date_gmt":"2017-06-12T13:10:34","guid":{"rendered":"https:\/\/survivornet.ca\/?page_id=5191\/"},"modified":"2017-07-05T19:42:45","modified_gmt":"2017-07-05T19:42:45","slug":"defense-des-interets","status":"publish","type":"page","link":"https:\/\/survivornet.ca\/fr\/agissez\/defense-des-interets\/","title":{"rendered":"D\u00e9fense des int\u00e9r\u00eats"},"content":{"rendered":"<p>Cette section contient de l&#8217;information sur plusieurs sujets connexes, incluant:<\/p>\n<div>\n<p>Qu&#8217;est-ce que la d\u00e9fense des int\u00e9r\u00eats?<br \/>\nLe plaidoyer pro domo<br \/>\nS&#8217;engager dans la d\u00e9fense des int\u00e9r\u00eats<br \/>\nOrganismes de d\u00e9fense des int\u00e9r\u00eats<br \/>\net PLUS ENCORE!<\/p>\n<p>Si vous aimeriez devenir un patient \/ survivant du cancer pour la d\u00e9fense des int\u00e9r\u00eats et travailler avec le R\u00e9seau canadien des survivants du cancer, veuillez nous \u00e9crire au <a href=\"mailto:advocacy@survivornet.ca\" target=\"_blank\" rel=\"noopener noreferrer\">advocacy@survivornet.ca<\/a><\/p>\n<p>Si vous \u00eates impliqu\u00e9s dans des campages de d\u00e9fense des int\u00e9r\u00eats ou de sensibilisation sur le cancer, veuillez les partager avec nous afin que nous puissions les afficher sur ce site. Envoyez l&#8217;information sur les campagnes au <a href=\"mailto:info@survivornet.ca\" target=\"_blank\" rel=\"noopener noreferrer\">info@survivornet.ca<\/a><\/p>\n<p><em><strong>Le plaidoyer pro domo<\/strong><\/em><\/p>\n<p>Le plaidoyer <em>pro domo <\/em>(de l&#8217;expression en latin \u00abpour sa maison\u00bb)\u00a0veut tout simplement dire qu\u2019une personne passe \u00e0 l\u2019action en faveur de son propre int\u00e9r\u00eat.\u00a0Il arrive certains moments dans la vie de chacun o\u00f9 nous devons exprimer nos pr\u00e9occupations ou notre m\u00e9contentement au sujet de quelque chose qui nous arrive, qu&#8217;il s&#8217;agisse de relations personnelles ou sociales ou de nos \u00e9changes avec une institution.<\/p>\n<p>De temps \u00e0 autre, nous pouvons penser que ce qui nous arrive tout au long de notre parcours contre le cancer n\u2019est pas opportun, appropri\u00e9, ou est difficile \u00e0 comprendre. Dans des moments comme ceux-l\u00e0, le plaidoyer <em>pro domo<\/em> peut entra\u00eener de la clarification ou des changements dans la fa\u00e7on dont nous sommes re\u00e7us ou trait\u00e9s. Il peut nous aider \u00e0 obtenir une deuxi\u00e8me opinion, \u00e0 repasser un test, \u00e0 obtenir la r\u00e9\u00e9valuation d\u2019un traitement sp\u00e9cifique, \u00e0 avoir acc\u00e8s aux essais cliniques, ou d\u2019en venir \u00e0 une meilleure compr\u00e9hension de ce qui nous arrive et pourquoi.<\/p>\n<p>Tous ces r\u00e9sultats d\u00e9coulant du plaidoyer pour son propre int\u00e9r\u00eat peuvent jouer un r\u00f4le important dans la fa\u00e7on dont nous vivons le cancer, du diagnostic au traitement, et du traitement \u00e0 la survie.<\/p>\n<p>Plusieurs organisations et ressources sont disponibles et peuvent nous aider \u00e0 mieux comprendre et utiliser les outils et les techniques de plaidoyer <em>pro domo<\/em> au long de notre parcours contre le cancer. Sur certains des sites web et blogues suivants, des patients et des survivants du cancer partagent leurs exp\u00e9riences personnelles sur le plaidoyer <em>pro domo<\/em> \u2013 pourquoi ils sentaient qu\u2019ils devaient s\u2019impliquer, et quels furent les fruits de leurs efforts.<\/p>\n<p>Veuillez nous contacter au <a href=\"mailto:advocacy@survivornet.ca\">advocacy@survivornet.ca<\/a> si vous aimeriez partager votre histoire de plaidoyer en faveur de votre propre int\u00e9r\u00eat (<em>pro domo) <\/em>avec nous.<\/p>\n<p><strong><em>Advocating for your own best care: A self-advocacy guide for patients with kidney cancer<\/em><\/strong><\/p>\n<p>L\u2019Association canadienne du cancer du rein\u00a0offre un guide de plaidoyer <em>pro domo <\/em>pour les patients avec le cancer, mais la plupart de l\u2019information qu\u2019on y retrouve peut \u00eatre utile \u00e0 tous les patients et survivants du cancer.<\/p>\n<p><a href=\"http:\/\/www.cancercenter.com\/newsletters\/july_2010_newsletter.cfm\" target=\"_blank\" rel=\"noopener noreferrer\"><strong><em>Become Your Own Advocate<\/em><\/strong><\/a><\/p>\n<p>Ce bulletin de nouvelles comprend une section de conseils sur le plaidoyer <em>pro domo<\/em> qui peuvent vous aider \u00e0 naviguer dans le syst\u00e8me de soins pour le cancer.<\/p>\n<p><strong>An Advocate\u2019s Perspective on Cancer Survivorship<\/strong><\/p>\n<p><em>Brad Zebrack, Seminars in Oncology Nursing, Vol 17, No 4 (November 2001: pp 284-287)<\/em><\/p>\n<p>Cet article bien pens\u00e9 d\u00e9finit la d\u00e9fense des int\u00e9r\u00eats, parle du plaidoyer de Zebrack et de son plaidoyer au nom d\u2019autres personnes, de la d\u00e9fense des int\u00e9r\u00eats du public et de ce que cela implique pour les professionnels de la sant\u00e9.<\/p>\n<p><strong>Cancer Survivor Toolbox<\/strong><\/p>\n<p>La bo\u00eete \u00e0 outils de survie au cancer est une collection de CDs audio qui abordent de nombreux sujets et sc\u00e9narios auxquels les patients et les survivants font face pendant leur p\u00e9riple contre le cancer. Chaque sc\u00e9nario est inspir\u00e9 des histoires vraies de vrais patients et de survivants.<\/p>\n<p>Vous pouvez \u00e9couter un travailleur social sp\u00e9cialis\u00e9 en oncologie expliquer la base du plaidoyer <em>pro domo<\/em> sur YouTube au \u00a0<a href=\"http:\/\/www.youtube.com\/watch?v=2NZAqIuJY9U\" target=\"_blank\" rel=\"noopener noreferrer\">http:\/\/www.youtube.com\/watch?v=2NZAqIuJY9U<\/a>\u00a0ou obtenir une liste de tous les enjeux et sujets couverts par la trousse <em>Cancer Survivor Toolbox <\/em>en vous rendant sur le site du groupe <a href=\"http:\/\/www.canceradvocacy.org\/\" target=\"_blank\" rel=\"noopener noreferrer\"><em>National Coalition for Cancer Survivorship<\/em><\/a><em>.<\/em><\/p>\n<p><strong>Don Greenbaum, militant de la cause du cancer du rein<\/strong><\/p>\n<p><a href=\"http:\/\/www.youtube.com\/watch?v=EKo6JyPMibg\" target=\"_blank\" rel=\"noopener noreferrer\">www.youtube.com\/watch?v=EKo6JyPMibg<\/a><\/p>\n<p>Don Greenbaum, un avocat de Toronto en Ontario ayant le cancer du rein, partage son histoire personnelle sur vid\u00e9o et parle de l\u2019importance du plaidoyer <em>pro domo<\/em> durant son parcours avec le cancer.<\/p>\n<p><strong>Managing your cancer care: A self-advocacy guide for breast cancer patients<\/strong><\/p>\n<p>Le guide de <a href=\"http:\/\/www.willow.org\/\" target=\"_blank\" rel=\"noopener noreferrer\"><em>Willow Breast Cancer Support Canada<\/em><\/a> aide les patients avec le cancer du sein \u00e0 naviguer dans le syst\u00e8me de sant\u00e9 complexe gr\u00e2ce \u00e0 des outils pratiques et des ressources.<\/p>\n<p><a href=\"http:\/\/www.canceradvocacy.org\/assets\/documents\/self-advocacy-publication.pdf\" target=\"_blank\" rel=\"noopener noreferrer\"><strong>Self-Advocacy: A Cancer Survivor\u2019s Handbook<\/strong><\/a><\/p>\n<p>Le livre de poche du groupe\u00a0<a href=\"http:\/\/www.canceradvocacy.org\/\" target=\"_blank\" rel=\"noopener noreferrer\"><em>National Coalition for Cancer Survivorship<\/em><\/a> a \u00e9t\u00e9 con\u00e7u pour vous assister \u00e0 plusieurs \u00e9tapes de votre exp\u00e9rience avec le cancer. Vous pouvez l\u2019utiliser apr\u00e8s un diagnostic ou vous y r\u00e9f\u00e9rer plusieurs ann\u00e9es plus tard. Les sujets vont de la d\u00e9finition du plaidoyer <em>pro domo<\/em> au diagnostic, en passant par les traitements et la survie au cancer.<\/p>\n<\/div>\n<p>&nbsp;<\/p>\n<p><em><strong>Qu&#8217;est-ce que la d\u00e9fense des int\u00e9r\u00eats?<\/strong><\/em><\/p>\n<p>Il existe plusieurs d\u00e9finitions de la d\u00e9fense des int\u00e9r\u00eats, et plusieurs groupes de d\u00e9fense des int\u00e9r\u00eats.<\/p>\n<p>Selon Vision Mondiale Canada, la d\u00e9fense des int\u00e9r\u00eats (ou des droits) consiste \u00e0 passer \u00e0 l\u2019action en d\u00e9non\u00e7ant l\u2019injustice et l\u2019abus des droits, avec et au nom des pauvres et des opprim\u00e9s. Elle vise \u00e0 influencer les d\u00e9cideurs et \u00e0 contester les politiques qui causent l&#8217;in\u00e9galit\u00e9 et la souffrance.<\/p>\n<p><a href=\"http:\/\/provincialadvocate.on.ca\/\" target=\"_blank\" rel=\"noopener noreferrer\">Le Bureau de l&#8217;intervenant provincial en faveur des enfants et des jeunes<\/a> affirme que, \u00ab\u00a0Une initiative li\u00e9e \u00e0 la d\u00e9fense d&#8217;int\u00e9r\u00eats vise le changement, le provoque et l&#8217;influence. Le d\u00e9fenseur peut cr\u00e9er un climat propice au changement et amener les d\u00e9cisionnaires \u00e0 une position o\u00f9 ils doivent agir. Mais ce serait un conflit pour le d\u00e9fenseur de participer ensuite au processus de changement ou de le diriger. Les changements en mati\u00e8re de politiques ou de pratiques doivent \u00eatre \u00e9labor\u00e9s par ceux qui sont responsables de leur mise en oeuvre, notamment les gouvernements et les fournisseurs de services.\u00a0\u00bb<\/p>\n<p>La Soci\u00e9t\u00e9 canadienne de la schizophr\u00e9nie d\u00e9clare, \u00ab\u00a0La d\u00e9fense des int\u00e9r\u00eats est d\u00e9fini comme un soutien verbal pour une cause ou une politique. Autrement dit, c\u2019est de raconter votre histoire \u00e0 ceux qui prennent des d\u00e9cisions de plusieurs fa\u00e7ons, afin que ceux-ci soient contraints de faire bouger les choses. Le plus souvent, la d\u00e9fense des int\u00e9r\u00eats est orient\u00e9e vers le gouvernement et les preneurs de d\u00e9cision. Dans le domaine de la sant\u00e9 mentale, les individus et les organismes plaident pour diverses raisons, y compris un meilleur acc\u00e8s aux services et une am\u00e9lioration des prestations et du soutien&#8230; Un effort de d\u00e9fense des int\u00e9r\u00eats fructueux peut mettre quelque temps \u00e0 produire des r\u00e9sultats. Mais chaque fois que vous parlez au nom d\u2019un enjeu de votre choix, vous sensibilisez et cr\u00e9ez du soutien.\u00a0\u00bb<\/p>\n<p><a href=\"http:\/\/www.nouveauxjeunes.ca\/\" target=\"_blank\" rel=\"noopener noreferrer\">Nouveaux jeunes<\/a>\u00a0offre une bonne d\u00e9finition de ce que sont les groupes de d\u00e9fense des droits et ce qu\u2019ils font\u00a0:<\/p>\n<p>\u00ab\u00a0Un groupe de d\u00e9fense des droits supporte des politiques ou des causes qui aident des gens dans le besoin. L\u2019id\u00e9e de ces groupes est de proposer des changements politiques ou sociaux.\u00a0 Un groupe de d\u00e9fense des droits se centre souvent autour de probl\u00e9matiques comme de meilleures lois pour les r\u00e9fugi\u00e9s, l\u2019environnement, la sant\u00e9, ou les droits des femmes.\u00a0\u00bb<\/p>\n<p>Des groupes de d\u00e9fense des droits se donne pour mission d\u2019influencer les diff\u00e9rents niveaux de gouvernement ou des pratiques ou la soci\u00e9t\u00e9 en g\u00e9n\u00e9rale. Les diff\u00e9rents groupes utilisent diff\u00e9rentes m\u00e9thodes, tels\u00a0:<\/p>\n<ul class=\"content-list\">\n<li><strong>\u00c9ducation du public<\/strong> par des pamphlets, site Web, ateliers, et des s\u00e9minaires<\/li>\n<li><strong>D\u00e9fense des droits <\/strong>\u00e0 travers des lettres ouvertes, campagne, pr\u00e9sentations, p\u00e9titions, et en entrant en contact avec les leaders politiques<\/li>\n<li><strong>Activit\u00e9s m\u00e9diatiques<\/strong> par des conf\u00e9rences, entrevues, et des publications d\u2019articles<\/li>\n<li><strong>Formation de coalition\u00a0<\/strong>avec d\u2019autres groupes ou organisations sur un sujet pr\u00e9cis<\/li>\n<li><strong>Activit\u00e9s populaires<\/strong> o\u00f9 des gens se r\u00e9unissent dans un rallye, une manifestation ou pour protester.\u00a0\u00bb<\/li>\n<\/ul>\n<p>La mission du R\u00e9seau canadien des survivants du cancer est d\u2019encourager l\u2019effort collaboratif des patients vivant avec le cancer, de leurs familles et de la communaut\u00e9 afin d\u2019identifier les barri\u00e8res qui se dressent devant l\u2019acc\u00e8s \u00e0 des soins optimaux pour les patients. Nous voulons \u00e9galement nous assurer que les survivants du cancer aient acc\u00e8s \u00e0 de l\u2019information, aient l\u2019opportunit\u00e9 de passer \u00e0 l\u2019action, et que leurs voix soient entendues dans la planification et la mise en \u0153uvre d&#8217;un syst\u00e8me de sant\u00e9 optimal. Nous d\u00e9sirons de plus \u00e9duquer le public et les d\u00e9cideurs en mati\u00e8re de cancer en ce qui concerne l\u2019effet du cancer sur les co\u00fbts financiers, \u00e9motionnels, et ceux sur la sant\u00e9, et offrir des solutions et id\u00e9es positives ainsi que des recommandations dans le but d\u2019att\u00e9nuer ces effets. Finalement, nous effectuons de la recherche et encourageons celle-ci pour d\u00e9couvrir des moyens de surmonter les obstacles qui entravent l\u2019acc\u00e8s \u00e0 des soins optimaux pour les patients et \u00e0 un suivi appropri\u00e9.<\/p>\n<p>&nbsp;<\/p>\n","protected":false},"excerpt":{"rendered":"<p>Cette section contient de l&#8217;information sur plusieurs sujets connexes, incluant: Qu&#8217;est-ce que la d\u00e9fense des int\u00e9r\u00eats? Le plaidoyer pro domo S&#8217;engager dans la d\u00e9fense des int\u00e9r\u00eats Organismes de d\u00e9fense des int\u00e9r\u00eats et<\/p>\n","protected":false},"author":2,"featured_media":0,"parent":4480,"menu_order":90,"comment_status":"closed","ping_status":"closed","template":"","meta":{"_acf_changed":false,"footnotes":""},"class_list":["post-5191","page","type-page","status-publish","hentry"],"acf":[],"yoast_head":"<!-- This site is optimized with the Yoast SEO plugin v27.4 - https:\/\/yoast.com\/product\/yoast-seo-wordpress\/ -->\n<title>D\u00e9fense des int\u00e9r\u00eats - Canadian Cancer Survivor Network<\/title>\n<meta name=\"robots\" content=\"index, follow, max-snippet:-1, max-image-preview:large, max-video-preview:-1\" \/>\n<link rel=\"canonical\" href=\"https:\/\/survivornet.ca\/fr\/agissez\/defense-des-interets\/\" \/>\n<meta property=\"og:locale\" content=\"fr_FR\" \/>\n<meta property=\"og:type\" content=\"article\" \/>\n<meta property=\"og:title\" content=\"D\u00e9fense des int\u00e9r\u00eats - Canadian Cancer Survivor Network\" \/>\n<meta property=\"og:description\" content=\"Cette section contient de l&#8217;information sur plusieurs sujets connexes, incluant: Qu&#8217;est-ce que la d\u00e9fense des int\u00e9r\u00eats? Le plaidoyer pro domo S&#8217;engager dans la d\u00e9fense des int\u00e9r\u00eats Organismes de d\u00e9fense des int\u00e9r\u00eats et\" \/>\n<meta property=\"og:url\" content=\"https:\/\/survivornet.ca\/fr\/agissez\/defense-des-interets\/\" \/>\n<meta property=\"og:site_name\" content=\"Canadian Cancer Survivor Network\" \/>\n<meta property=\"article:modified_time\" content=\"2017-07-05T19:42:45+00:00\" \/>\n<meta name=\"twitter:card\" content=\"summary_large_image\" \/>\n<meta name=\"twitter:label1\" content=\"Dur\u00e9e de lecture estim\u00e9e\" \/>\n\t<meta name=\"twitter:data1\" content=\"8 minutes\" \/>\n<script type=\"application\/ld+json\" class=\"yoast-schema-graph\">{\"@context\":\"https:\\\/\\\/schema.org\",\"@graph\":[{\"@type\":\"WebPage\",\"@id\":\"https:\\\/\\\/survivornet.ca\\\/fr\\\/agissez\\\/defense-des-interets\\\/\",\"url\":\"https:\\\/\\\/survivornet.ca\\\/fr\\\/agissez\\\/defense-des-interets\\\/\",\"name\":\"D\u00e9fense des int\u00e9r\u00eats - Canadian Cancer Survivor Network\",\"isPartOf\":{\"@id\":\"https:\\\/\\\/survivornet.ca\\\/#website\"},\"datePublished\":\"2017-06-12T13:10:34+00:00\",\"dateModified\":\"2017-07-05T19:42:45+00:00\",\"breadcrumb\":{\"@id\":\"https:\\\/\\\/survivornet.ca\\\/fr\\\/agissez\\\/defense-des-interets\\\/#breadcrumb\"},\"inLanguage\":\"fr-FR\",\"potentialAction\":[{\"@type\":\"ReadAction\",\"target\":[\"https:\\\/\\\/survivornet.ca\\\/fr\\\/agissez\\\/defense-des-interets\\\/\"]}]},{\"@type\":\"BreadcrumbList\",\"@id\":\"https:\\\/\\\/survivornet.ca\\\/fr\\\/agissez\\\/defense-des-interets\\\/#breadcrumb\",\"itemListElement\":[{\"@type\":\"ListItem\",\"position\":1,\"name\":\"Home\",\"item\":\"https:\\\/\\\/survivornet.ca\\\/fr\\\/\"},{\"@type\":\"ListItem\",\"position\":2,\"name\":\"Agissez\",\"item\":\"https:\\\/\\\/survivornet.ca\\\/fr\\\/agissez\\\/\"},{\"@type\":\"ListItem\",\"position\":3,\"name\":\"D\u00e9fense des int\u00e9r\u00eats\"}]},{\"@type\":\"WebSite\",\"@id\":\"https:\\\/\\\/survivornet.ca\\\/#website\",\"url\":\"https:\\\/\\\/survivornet.ca\\\/\",\"name\":\"Canadian Cancer Survivor Network\",\"description\":\"The Canadian Cancer Survivor Network was created by a group of Canadians concerned about cancer.\",\"publisher\":{\"@id\":\"https:\\\/\\\/survivornet.ca\\\/#organization\"},\"potentialAction\":[{\"@type\":\"SearchAction\",\"target\":{\"@type\":\"EntryPoint\",\"urlTemplate\":\"https:\\\/\\\/survivornet.ca\\\/?s={search_term_string}\"},\"query-input\":{\"@type\":\"PropertyValueSpecification\",\"valueRequired\":true,\"valueName\":\"search_term_string\"}}],\"inLanguage\":\"fr-FR\"},{\"@type\":\"Organization\",\"@id\":\"https:\\\/\\\/survivornet.ca\\\/#organization\",\"name\":\"Canadian Cancer Survivor Network\",\"url\":\"https:\\\/\\\/survivornet.ca\\\/\",\"logo\":{\"@type\":\"ImageObject\",\"inLanguage\":\"fr-FR\",\"@id\":\"https:\\\/\\\/survivornet.ca\\\/#\\\/schema\\\/logo\\\/image\\\/\",\"url\":\"http:\\\/\\\/survivornet.ca\\\/wp-content\\\/uploads\\\/2016\\\/12\\\/CCSN_Logo_EN_SQUARE.png\",\"contentUrl\":\"http:\\\/\\\/survivornet.ca\\\/wp-content\\\/uploads\\\/2016\\\/12\\\/CCSN_Logo_EN_SQUARE.png\",\"width\":1209,\"height\":1007,\"caption\":\"Canadian Cancer Survivor Network\"},\"image\":{\"@id\":\"https:\\\/\\\/survivornet.ca\\\/#\\\/schema\\\/logo\\\/image\\\/\"}}]}<\/script>\n<!-- \/ Yoast SEO plugin. -->","yoast_head_json":{"title":"D\u00e9fense des int\u00e9r\u00eats - Canadian Cancer Survivor Network","robots":{"index":"index","follow":"follow","max-snippet":"max-snippet:-1","max-image-preview":"max-image-preview:large","max-video-preview":"max-video-preview:-1"},"canonical":"https:\/\/survivornet.ca\/fr\/agissez\/defense-des-interets\/","og_locale":"fr_FR","og_type":"article","og_title":"D\u00e9fense des int\u00e9r\u00eats - Canadian Cancer Survivor Network","og_description":"Cette section contient de l&#8217;information sur plusieurs sujets connexes, incluant: Qu&#8217;est-ce que la d\u00e9fense des int\u00e9r\u00eats? Le plaidoyer pro domo S&#8217;engager dans la d\u00e9fense des int\u00e9r\u00eats Organismes de d\u00e9fense des int\u00e9r\u00eats et","og_url":"https:\/\/survivornet.ca\/fr\/agissez\/defense-des-interets\/","og_site_name":"Canadian Cancer Survivor Network","article_modified_time":"2017-07-05T19:42:45+00:00","twitter_card":"summary_large_image","twitter_misc":{"Dur\u00e9e de lecture estim\u00e9e":"8 minutes"},"schema":{"@context":"https:\/\/schema.org","@graph":[{"@type":"WebPage","@id":"https:\/\/survivornet.ca\/fr\/agissez\/defense-des-interets\/","url":"https:\/\/survivornet.ca\/fr\/agissez\/defense-des-interets\/","name":"D\u00e9fense des int\u00e9r\u00eats - Canadian Cancer Survivor Network","isPartOf":{"@id":"https:\/\/survivornet.ca\/#website"},"datePublished":"2017-06-12T13:10:34+00:00","dateModified":"2017-07-05T19:42:45+00:00","breadcrumb":{"@id":"https:\/\/survivornet.ca\/fr\/agissez\/defense-des-interets\/#breadcrumb"},"inLanguage":"fr-FR","potentialAction":[{"@type":"ReadAction","target":["https:\/\/survivornet.ca\/fr\/agissez\/defense-des-interets\/"]}]},{"@type":"BreadcrumbList","@id":"https:\/\/survivornet.ca\/fr\/agissez\/defense-des-interets\/#breadcrumb","itemListElement":[{"@type":"ListItem","position":1,"name":"Home","item":"https:\/\/survivornet.ca\/fr\/"},{"@type":"ListItem","position":2,"name":"Agissez","item":"https:\/\/survivornet.ca\/fr\/agissez\/"},{"@type":"ListItem","position":3,"name":"D\u00e9fense des int\u00e9r\u00eats"}]},{"@type":"WebSite","@id":"https:\/\/survivornet.ca\/#website","url":"https:\/\/survivornet.ca\/","name":"Canadian Cancer Survivor Network","description":"The Canadian Cancer Survivor Network was created by a group of Canadians concerned about cancer.","publisher":{"@id":"https:\/\/survivornet.ca\/#organization"},"potentialAction":[{"@type":"SearchAction","target":{"@type":"EntryPoint","urlTemplate":"https:\/\/survivornet.ca\/?s={search_term_string}"},"query-input":{"@type":"PropertyValueSpecification","valueRequired":true,"valueName":"search_term_string"}}],"inLanguage":"fr-FR"},{"@type":"Organization","@id":"https:\/\/survivornet.ca\/#organization","name":"Canadian Cancer Survivor Network","url":"https:\/\/survivornet.ca\/","logo":{"@type":"ImageObject","inLanguage":"fr-FR","@id":"https:\/\/survivornet.ca\/#\/schema\/logo\/image\/","url":"http:\/\/survivornet.ca\/wp-content\/uploads\/2016\/12\/CCSN_Logo_EN_SQUARE.png","contentUrl":"http:\/\/survivornet.ca\/wp-content\/uploads\/2016\/12\/CCSN_Logo_EN_SQUARE.png","width":1209,"height":1007,"caption":"Canadian Cancer Survivor Network"},"image":{"@id":"https:\/\/survivornet.ca\/#\/schema\/logo\/image\/"}}]}},"_links":{"self":[{"href":"https:\/\/survivornet.ca\/fr\/wp-json\/wp\/v2\/pages\/5191","targetHints":{"allow":["GET"]}}],"collection":[{"href":"https:\/\/survivornet.ca\/fr\/wp-json\/wp\/v2\/pages"}],"about":[{"href":"https:\/\/survivornet.ca\/fr\/wp-json\/wp\/v2\/types\/page"}],"author":[{"embeddable":true,"href":"https:\/\/survivornet.ca\/fr\/wp-json\/wp\/v2\/users\/2"}],"replies":[{"embeddable":true,"href":"https:\/\/survivornet.ca\/fr\/wp-json\/wp\/v2\/comments?post=5191"}],"version-history":[{"count":0,"href":"https:\/\/survivornet.ca\/fr\/wp-json\/wp\/v2\/pages\/5191\/revisions"}],"up":[{"embeddable":true,"href":"https:\/\/survivornet.ca\/fr\/wp-json\/wp\/v2\/pages\/4480"}],"wp:attachment":[{"href":"https:\/\/survivornet.ca\/fr\/wp-json\/wp\/v2\/media?parent=5191"}],"curies":[{"name":"wp","href":"https:\/\/api.w.org\/{rel}","templated":true}]}}