{"id":5166,"date":"2017-06-09T15:00:30","date_gmt":"2017-06-09T15:00:30","guid":{"rendered":"https:\/\/survivornet.ca\/?page_id=5166\/"},"modified":"2017-06-09T15:00:30","modified_gmt":"2017-06-09T15:00:30","slug":"terre-neuve-et-labrador","status":"publish","type":"page","link":"https:\/\/survivornet.ca\/fr\/apprenez\/assurance-maladie\/terre-neuve-et-labrador\/","title":{"rendered":"Terre-Neuve-et-Labrador"},"content":{"rendered":"<p><a href=\"http:\/\/www.health.gov.nl.ca\/health\/\" target=\"_blank\" rel=\"noopener noreferrer\">D\u00e9partement de la Sant\u00e9 et des Services Communautaires<\/a><\/p>\n<p>(anglais seulement)<\/p>\n<p>L\u2019assurance-sant\u00e9 <em>M\u00e9dical Care Plan (MCP) <\/em>est le r\u00e9gime provincial d\u2019assurance-soins m\u00e9dicaux de Terre-Neuve-et-Labrador. Il est gratuit pour les r\u00e9sidents et leur donne acc\u00e8s aux services m\u00e9dicaux et hospitaliers dont ils ont besoin.<\/p>\n<p>Le programme d\u2019assurance-m\u00e9dicament <em>Newfoundland and Labrador Prescription Drug Program (NLPDP) <\/em>offre une assistance financi\u00e8re pour la procuration de m\u00e9dicaments sur prescription qui sont \u00e9ligibles. Les r\u00e9sidents de Terre-Neuve-et-Labrador ont droit \u00e0 des prestations selon des facteurs tels que leur salaire et leur \u00e2ge.<\/p>\n<p>T\u00e9l.: 1 (709) 729-0724<\/p>\n","protected":false},"excerpt":{"rendered":"<p>D\u00e9partement de la Sant\u00e9 et des Services Communautaires (anglais seulement) L\u2019assurance-sant\u00e9 M\u00e9dical Care Plan (MCP) est le r\u00e9gime provincial d\u2019assurance-soins m\u00e9dicaux de Terre-Neuve-et-Labrador. Il est gratuit pour les r\u00e9sidents et leur donne<\/p>\n","protected":false},"author":2,"featured_media":0,"parent":4508,"menu_order":11,"comment_status":"closed","ping_status":"closed","template":"","meta":{"_acf_changed":false,"footnotes":""},"class_list":["post-5166","page","type-page","status-publish","hentry"],"acf":[],"yoast_head":"<!-- This site is optimized with the Yoast SEO plugin v27.4 - https:\/\/yoast.com\/product\/yoast-seo-wordpress\/ -->\n<title>Terre-Neuve-et-Labrador - Canadian Cancer Survivor Network<\/title>\n<meta name=\"robots\" content=\"index, follow, max-snippet:-1, max-image-preview:large, max-video-preview:-1\" \/>\n<link rel=\"canonical\" href=\"https:\/\/survivornet.ca\/fr\/apprenez\/assurance-maladie\/terre-neuve-et-labrador\/\" \/>\n<meta property=\"og:locale\" content=\"fr_FR\" \/>\n<meta property=\"og:type\" content=\"article\" \/>\n<meta property=\"og:title\" content=\"Terre-Neuve-et-Labrador - Canadian Cancer Survivor Network\" \/>\n<meta property=\"og:description\" content=\"D\u00e9partement de la Sant\u00e9 et des Services Communautaires (anglais seulement) L\u2019assurance-sant\u00e9 M\u00e9dical Care Plan (MCP) est le r\u00e9gime provincial d\u2019assurance-soins m\u00e9dicaux de Terre-Neuve-et-Labrador. Il est gratuit pour les r\u00e9sidents et leur donne\" \/>\n<meta property=\"og:url\" content=\"https:\/\/survivornet.ca\/fr\/apprenez\/assurance-maladie\/terre-neuve-et-labrador\/\" \/>\n<meta property=\"og:site_name\" content=\"Canadian Cancer Survivor Network\" \/>\n<meta name=\"twitter:card\" content=\"summary_large_image\" \/>\n<meta name=\"twitter:label1\" content=\"Dur\u00e9e de lecture estim\u00e9e\" \/>\n\t<meta name=\"twitter:data1\" content=\"1 minute\" \/>\n<script type=\"application\/ld+json\" class=\"yoast-schema-graph\">{\"@context\":\"https:\\\/\\\/schema.org\",\"@graph\":[{\"@type\":\"WebPage\",\"@id\":\"https:\\\/\\\/survivornet.ca\\\/fr\\\/apprenez\\\/assurance-maladie\\\/terre-neuve-et-labrador\\\/\",\"url\":\"https:\\\/\\\/survivornet.ca\\\/fr\\\/apprenez\\\/assurance-maladie\\\/terre-neuve-et-labrador\\\/\",\"name\":\"Terre-Neuve-et-Labrador - Canadian Cancer Survivor Network\",\"isPartOf\":{\"@id\":\"https:\\\/\\\/survivornet.ca\\\/#website\"},\"datePublished\":\"2017-06-09T15:00:30+00:00\",\"breadcrumb\":{\"@id\":\"https:\\\/\\\/survivornet.ca\\\/fr\\\/apprenez\\\/assurance-maladie\\\/terre-neuve-et-labrador\\\/#breadcrumb\"},\"inLanguage\":\"fr-FR\",\"potentialAction\":[{\"@type\":\"ReadAction\",\"target\":[\"https:\\\/\\\/survivornet.ca\\\/fr\\\/apprenez\\\/assurance-maladie\\\/terre-neuve-et-labrador\\\/\"]}]},{\"@type\":\"BreadcrumbList\",\"@id\":\"https:\\\/\\\/survivornet.ca\\\/fr\\\/apprenez\\\/assurance-maladie\\\/terre-neuve-et-labrador\\\/#breadcrumb\",\"itemListElement\":[{\"@type\":\"ListItem\",\"position\":1,\"name\":\"Home\",\"item\":\"https:\\\/\\\/survivornet.ca\\\/fr\\\/\"},{\"@type\":\"ListItem\",\"position\":2,\"name\":\"Apprenez\",\"item\":\"https:\\\/\\\/survivornet.ca\\\/fr\\\/apprenez\\\/\"},{\"@type\":\"ListItem\",\"position\":3,\"name\":\"Assurance-maladie\",\"item\":\"https:\\\/\\\/survivornet.ca\\\/fr\\\/apprenez\\\/assurance-maladie\\\/\"},{\"@type\":\"ListItem\",\"position\":4,\"name\":\"Terre-Neuve-et-Labrador\"}]},{\"@type\":\"WebSite\",\"@id\":\"https:\\\/\\\/survivornet.ca\\\/#website\",\"url\":\"https:\\\/\\\/survivornet.ca\\\/\",\"name\":\"Canadian Cancer Survivor Network\",\"description\":\"The Canadian Cancer Survivor Network was created by a group of Canadians concerned about cancer.\",\"publisher\":{\"@id\":\"https:\\\/\\\/survivornet.ca\\\/#organization\"},\"potentialAction\":[{\"@type\":\"SearchAction\",\"target\":{\"@type\":\"EntryPoint\",\"urlTemplate\":\"https:\\\/\\\/survivornet.ca\\\/?s={search_term_string}\"},\"query-input\":{\"@type\":\"PropertyValueSpecification\",\"valueRequired\":true,\"valueName\":\"search_term_string\"}}],\"inLanguage\":\"fr-FR\"},{\"@type\":\"Organization\",\"@id\":\"https:\\\/\\\/survivornet.ca\\\/#organization\",\"name\":\"Canadian Cancer Survivor Network\",\"url\":\"https:\\\/\\\/survivornet.ca\\\/\",\"logo\":{\"@type\":\"ImageObject\",\"inLanguage\":\"fr-FR\",\"@id\":\"https:\\\/\\\/survivornet.ca\\\/#\\\/schema\\\/logo\\\/image\\\/\",\"url\":\"http:\\\/\\\/survivornet.ca\\\/wp-content\\\/uploads\\\/2016\\\/12\\\/CCSN_Logo_EN_SQUARE.png\",\"contentUrl\":\"http:\\\/\\\/survivornet.ca\\\/wp-content\\\/uploads\\\/2016\\\/12\\\/CCSN_Logo_EN_SQUARE.png\",\"width\":1209,\"height\":1007,\"caption\":\"Canadian Cancer Survivor Network\"},\"image\":{\"@id\":\"https:\\\/\\\/survivornet.ca\\\/#\\\/schema\\\/logo\\\/image\\\/\"}}]}<\/script>\n<!-- \/ Yoast SEO plugin. -->","yoast_head_json":{"title":"Terre-Neuve-et-Labrador - Canadian Cancer Survivor Network","robots":{"index":"index","follow":"follow","max-snippet":"max-snippet:-1","max-image-preview":"max-image-preview:large","max-video-preview":"max-video-preview:-1"},"canonical":"https:\/\/survivornet.ca\/fr\/apprenez\/assurance-maladie\/terre-neuve-et-labrador\/","og_locale":"fr_FR","og_type":"article","og_title":"Terre-Neuve-et-Labrador - Canadian Cancer Survivor Network","og_description":"D\u00e9partement de la Sant\u00e9 et des Services Communautaires (anglais seulement) L\u2019assurance-sant\u00e9 M\u00e9dical Care Plan (MCP) est le r\u00e9gime provincial d\u2019assurance-soins m\u00e9dicaux de Terre-Neuve-et-Labrador. Il est gratuit pour les r\u00e9sidents et leur donne","og_url":"https:\/\/survivornet.ca\/fr\/apprenez\/assurance-maladie\/terre-neuve-et-labrador\/","og_site_name":"Canadian Cancer Survivor Network","twitter_card":"summary_large_image","twitter_misc":{"Dur\u00e9e de lecture estim\u00e9e":"1 minute"},"schema":{"@context":"https:\/\/schema.org","@graph":[{"@type":"WebPage","@id":"https:\/\/survivornet.ca\/fr\/apprenez\/assurance-maladie\/terre-neuve-et-labrador\/","url":"https:\/\/survivornet.ca\/fr\/apprenez\/assurance-maladie\/terre-neuve-et-labrador\/","name":"Terre-Neuve-et-Labrador - Canadian Cancer Survivor Network","isPartOf":{"@id":"https:\/\/survivornet.ca\/#website"},"datePublished":"2017-06-09T15:00:30+00:00","breadcrumb":{"@id":"https:\/\/survivornet.ca\/fr\/apprenez\/assurance-maladie\/terre-neuve-et-labrador\/#breadcrumb"},"inLanguage":"fr-FR","potentialAction":[{"@type":"ReadAction","target":["https:\/\/survivornet.ca\/fr\/apprenez\/assurance-maladie\/terre-neuve-et-labrador\/"]}]},{"@type":"BreadcrumbList","@id":"https:\/\/survivornet.ca\/fr\/apprenez\/assurance-maladie\/terre-neuve-et-labrador\/#breadcrumb","itemListElement":[{"@type":"ListItem","position":1,"name":"Home","item":"https:\/\/survivornet.ca\/fr\/"},{"@type":"ListItem","position":2,"name":"Apprenez","item":"https:\/\/survivornet.ca\/fr\/apprenez\/"},{"@type":"ListItem","position":3,"name":"Assurance-maladie","item":"https:\/\/survivornet.ca\/fr\/apprenez\/assurance-maladie\/"},{"@type":"ListItem","position":4,"name":"Terre-Neuve-et-Labrador"}]},{"@type":"WebSite","@id":"https:\/\/survivornet.ca\/#website","url":"https:\/\/survivornet.ca\/","name":"Canadian Cancer Survivor Network","description":"The Canadian Cancer Survivor Network was created by a group of Canadians concerned about cancer.","publisher":{"@id":"https:\/\/survivornet.ca\/#organization"},"potentialAction":[{"@type":"SearchAction","target":{"@type":"EntryPoint","urlTemplate":"https:\/\/survivornet.ca\/?s={search_term_string}"},"query-input":{"@type":"PropertyValueSpecification","valueRequired":true,"valueName":"search_term_string"}}],"inLanguage":"fr-FR"},{"@type":"Organization","@id":"https:\/\/survivornet.ca\/#organization","name":"Canadian Cancer Survivor Network","url":"https:\/\/survivornet.ca\/","logo":{"@type":"ImageObject","inLanguage":"fr-FR","@id":"https:\/\/survivornet.ca\/#\/schema\/logo\/image\/","url":"http:\/\/survivornet.ca\/wp-content\/uploads\/2016\/12\/CCSN_Logo_EN_SQUARE.png","contentUrl":"http:\/\/survivornet.ca\/wp-content\/uploads\/2016\/12\/CCSN_Logo_EN_SQUARE.png","width":1209,"height":1007,"caption":"Canadian Cancer Survivor Network"},"image":{"@id":"https:\/\/survivornet.ca\/#\/schema\/logo\/image\/"}}]}},"_links":{"self":[{"href":"https:\/\/survivornet.ca\/fr\/wp-json\/wp\/v2\/pages\/5166","targetHints":{"allow":["GET"]}}],"collection":[{"href":"https:\/\/survivornet.ca\/fr\/wp-json\/wp\/v2\/pages"}],"about":[{"href":"https:\/\/survivornet.ca\/fr\/wp-json\/wp\/v2\/types\/page"}],"author":[{"embeddable":true,"href":"https:\/\/survivornet.ca\/fr\/wp-json\/wp\/v2\/users\/2"}],"replies":[{"embeddable":true,"href":"https:\/\/survivornet.ca\/fr\/wp-json\/wp\/v2\/comments?post=5166"}],"version-history":[{"count":0,"href":"https:\/\/survivornet.ca\/fr\/wp-json\/wp\/v2\/pages\/5166\/revisions"}],"up":[{"embeddable":true,"href":"https:\/\/survivornet.ca\/fr\/wp-json\/wp\/v2\/pages\/4508"}],"wp:attachment":[{"href":"https:\/\/survivornet.ca\/fr\/wp-json\/wp\/v2\/media?parent=5166"}],"curies":[{"name":"wp","href":"https:\/\/api.w.org\/{rel}","templated":true}]}}