{"id":5158,"date":"2017-06-09T14:53:32","date_gmt":"2017-06-09T14:53:32","guid":{"rendered":"https:\/\/survivornet.ca\/?page_id=5158\/"},"modified":"2017-06-13T20:28:30","modified_gmt":"2017-06-13T20:28:30","slug":"nunavut","status":"publish","type":"page","link":"https:\/\/survivornet.ca\/fr\/apprenez\/assurance-maladie\/nunavut\/","title":{"rendered":"Nunavut"},"content":{"rendered":"<p><a href=\"http:\/\/www.hss.gov.nu.ca\/fr\/Home.aspx\" target=\"_blank\" rel=\"noopener noreferrer\">Le minist\u00e8re de la Sant\u00e9 et des Services sociaux (MSSS)<\/a><\/p>\n<p>Le minist\u00e8re de la Sant\u00e9 et des Services sociaux offre des programmes d\u2019assurance aux Nunavummiut pour les aider \u00e0 payer les co\u00fbts assur\u00e9s des traitements m\u00e9dicaux, des m\u00e9dicaments d\u2019ordonnance, des fournitures m\u00e9dicales et des d\u00e9placements pour raison m\u00e9dicale.<\/p>\n<p>Le programme de prestations d\u2019assurance-maladie compl\u00e9mentaire (PAMC) offre une couverture aux Nunavummiut ayant re\u00e7u un diagnostic de maladie chronique.<\/p>\n<p>T\u00e9l.\u00a0: 1 (867) 975-5766<\/p>\n","protected":false},"excerpt":{"rendered":"<p>Le minist\u00e8re de la Sant\u00e9 et des Services sociaux (MSSS) Le minist\u00e8re de la Sant\u00e9 et des Services sociaux offre des programmes d\u2019assurance aux Nunavummiut pour les aider \u00e0 payer les co\u00fbts<\/p>\n","protected":false},"author":2,"featured_media":0,"parent":4508,"menu_order":7,"comment_status":"closed","ping_status":"closed","template":"","meta":{"_acf_changed":false,"footnotes":""},"class_list":["post-5158","page","type-page","status-publish","hentry"],"acf":[],"yoast_head":"<!-- This site is optimized with the Yoast SEO plugin v27.4 - https:\/\/yoast.com\/product\/yoast-seo-wordpress\/ -->\n<title>Nunavut - Canadian Cancer Survivor Network<\/title>\n<meta name=\"robots\" content=\"index, follow, max-snippet:-1, max-image-preview:large, max-video-preview:-1\" \/>\n<link rel=\"canonical\" href=\"https:\/\/survivornet.ca\/fr\/apprenez\/assurance-maladie\/nunavut\/\" \/>\n<meta property=\"og:locale\" content=\"fr_FR\" \/>\n<meta property=\"og:type\" content=\"article\" \/>\n<meta property=\"og:title\" content=\"Nunavut - Canadian Cancer Survivor Network\" \/>\n<meta property=\"og:description\" content=\"Le minist\u00e8re de la Sant\u00e9 et des Services sociaux (MSSS) Le minist\u00e8re de la Sant\u00e9 et des Services sociaux offre des programmes d\u2019assurance aux Nunavummiut pour les aider \u00e0 payer les co\u00fbts\" \/>\n<meta property=\"og:url\" content=\"https:\/\/survivornet.ca\/fr\/apprenez\/assurance-maladie\/nunavut\/\" \/>\n<meta property=\"og:site_name\" content=\"Canadian Cancer Survivor Network\" \/>\n<meta property=\"article:modified_time\" content=\"2017-06-13T20:28:30+00:00\" \/>\n<meta name=\"twitter:card\" content=\"summary_large_image\" \/>\n<script type=\"application\/ld+json\" class=\"yoast-schema-graph\">{\"@context\":\"https:\\\/\\\/schema.org\",\"@graph\":[{\"@type\":\"WebPage\",\"@id\":\"https:\\\/\\\/survivornet.ca\\\/fr\\\/apprenez\\\/assurance-maladie\\\/nunavut\\\/\",\"url\":\"https:\\\/\\\/survivornet.ca\\\/fr\\\/apprenez\\\/assurance-maladie\\\/nunavut\\\/\",\"name\":\"Nunavut - Canadian Cancer Survivor Network\",\"isPartOf\":{\"@id\":\"https:\\\/\\\/survivornet.ca\\\/#website\"},\"datePublished\":\"2017-06-09T14:53:32+00:00\",\"dateModified\":\"2017-06-13T20:28:30+00:00\",\"breadcrumb\":{\"@id\":\"https:\\\/\\\/survivornet.ca\\\/fr\\\/apprenez\\\/assurance-maladie\\\/nunavut\\\/#breadcrumb\"},\"inLanguage\":\"fr-FR\",\"potentialAction\":[{\"@type\":\"ReadAction\",\"target\":[\"https:\\\/\\\/survivornet.ca\\\/fr\\\/apprenez\\\/assurance-maladie\\\/nunavut\\\/\"]}]},{\"@type\":\"BreadcrumbList\",\"@id\":\"https:\\\/\\\/survivornet.ca\\\/fr\\\/apprenez\\\/assurance-maladie\\\/nunavut\\\/#breadcrumb\",\"itemListElement\":[{\"@type\":\"ListItem\",\"position\":1,\"name\":\"Home\",\"item\":\"https:\\\/\\\/survivornet.ca\\\/fr\\\/\"},{\"@type\":\"ListItem\",\"position\":2,\"name\":\"Apprenez\",\"item\":\"https:\\\/\\\/survivornet.ca\\\/fr\\\/apprenez\\\/\"},{\"@type\":\"ListItem\",\"position\":3,\"name\":\"Assurance-maladie\",\"item\":\"https:\\\/\\\/survivornet.ca\\\/fr\\\/apprenez\\\/assurance-maladie\\\/\"},{\"@type\":\"ListItem\",\"position\":4,\"name\":\"Nunavut\"}]},{\"@type\":\"WebSite\",\"@id\":\"https:\\\/\\\/survivornet.ca\\\/#website\",\"url\":\"https:\\\/\\\/survivornet.ca\\\/\",\"name\":\"Canadian Cancer Survivor Network\",\"description\":\"The Canadian Cancer Survivor Network was created by a group of Canadians concerned about cancer.\",\"publisher\":{\"@id\":\"https:\\\/\\\/survivornet.ca\\\/#organization\"},\"potentialAction\":[{\"@type\":\"SearchAction\",\"target\":{\"@type\":\"EntryPoint\",\"urlTemplate\":\"https:\\\/\\\/survivornet.ca\\\/?s={search_term_string}\"},\"query-input\":{\"@type\":\"PropertyValueSpecification\",\"valueRequired\":true,\"valueName\":\"search_term_string\"}}],\"inLanguage\":\"fr-FR\"},{\"@type\":\"Organization\",\"@id\":\"https:\\\/\\\/survivornet.ca\\\/#organization\",\"name\":\"Canadian Cancer Survivor Network\",\"url\":\"https:\\\/\\\/survivornet.ca\\\/\",\"logo\":{\"@type\":\"ImageObject\",\"inLanguage\":\"fr-FR\",\"@id\":\"https:\\\/\\\/survivornet.ca\\\/#\\\/schema\\\/logo\\\/image\\\/\",\"url\":\"http:\\\/\\\/survivornet.ca\\\/wp-content\\\/uploads\\\/2016\\\/12\\\/CCSN_Logo_EN_SQUARE.png\",\"contentUrl\":\"http:\\\/\\\/survivornet.ca\\\/wp-content\\\/uploads\\\/2016\\\/12\\\/CCSN_Logo_EN_SQUARE.png\",\"width\":1209,\"height\":1007,\"caption\":\"Canadian Cancer Survivor Network\"},\"image\":{\"@id\":\"https:\\\/\\\/survivornet.ca\\\/#\\\/schema\\\/logo\\\/image\\\/\"}}]}<\/script>\n<!-- \/ Yoast SEO plugin. -->","yoast_head_json":{"title":"Nunavut - Canadian Cancer Survivor Network","robots":{"index":"index","follow":"follow","max-snippet":"max-snippet:-1","max-image-preview":"max-image-preview:large","max-video-preview":"max-video-preview:-1"},"canonical":"https:\/\/survivornet.ca\/fr\/apprenez\/assurance-maladie\/nunavut\/","og_locale":"fr_FR","og_type":"article","og_title":"Nunavut - Canadian Cancer Survivor Network","og_description":"Le minist\u00e8re de la Sant\u00e9 et des Services sociaux (MSSS) Le minist\u00e8re de la Sant\u00e9 et des Services sociaux offre des programmes d\u2019assurance aux Nunavummiut pour les aider \u00e0 payer les co\u00fbts","og_url":"https:\/\/survivornet.ca\/fr\/apprenez\/assurance-maladie\/nunavut\/","og_site_name":"Canadian Cancer Survivor Network","article_modified_time":"2017-06-13T20:28:30+00:00","twitter_card":"summary_large_image","schema":{"@context":"https:\/\/schema.org","@graph":[{"@type":"WebPage","@id":"https:\/\/survivornet.ca\/fr\/apprenez\/assurance-maladie\/nunavut\/","url":"https:\/\/survivornet.ca\/fr\/apprenez\/assurance-maladie\/nunavut\/","name":"Nunavut - Canadian Cancer Survivor Network","isPartOf":{"@id":"https:\/\/survivornet.ca\/#website"},"datePublished":"2017-06-09T14:53:32+00:00","dateModified":"2017-06-13T20:28:30+00:00","breadcrumb":{"@id":"https:\/\/survivornet.ca\/fr\/apprenez\/assurance-maladie\/nunavut\/#breadcrumb"},"inLanguage":"fr-FR","potentialAction":[{"@type":"ReadAction","target":["https:\/\/survivornet.ca\/fr\/apprenez\/assurance-maladie\/nunavut\/"]}]},{"@type":"BreadcrumbList","@id":"https:\/\/survivornet.ca\/fr\/apprenez\/assurance-maladie\/nunavut\/#breadcrumb","itemListElement":[{"@type":"ListItem","position":1,"name":"Home","item":"https:\/\/survivornet.ca\/fr\/"},{"@type":"ListItem","position":2,"name":"Apprenez","item":"https:\/\/survivornet.ca\/fr\/apprenez\/"},{"@type":"ListItem","position":3,"name":"Assurance-maladie","item":"https:\/\/survivornet.ca\/fr\/apprenez\/assurance-maladie\/"},{"@type":"ListItem","position":4,"name":"Nunavut"}]},{"@type":"WebSite","@id":"https:\/\/survivornet.ca\/#website","url":"https:\/\/survivornet.ca\/","name":"Canadian Cancer Survivor Network","description":"The Canadian Cancer Survivor Network was created by a group of Canadians concerned about cancer.","publisher":{"@id":"https:\/\/survivornet.ca\/#organization"},"potentialAction":[{"@type":"SearchAction","target":{"@type":"EntryPoint","urlTemplate":"https:\/\/survivornet.ca\/?s={search_term_string}"},"query-input":{"@type":"PropertyValueSpecification","valueRequired":true,"valueName":"search_term_string"}}],"inLanguage":"fr-FR"},{"@type":"Organization","@id":"https:\/\/survivornet.ca\/#organization","name":"Canadian Cancer Survivor Network","url":"https:\/\/survivornet.ca\/","logo":{"@type":"ImageObject","inLanguage":"fr-FR","@id":"https:\/\/survivornet.ca\/#\/schema\/logo\/image\/","url":"http:\/\/survivornet.ca\/wp-content\/uploads\/2016\/12\/CCSN_Logo_EN_SQUARE.png","contentUrl":"http:\/\/survivornet.ca\/wp-content\/uploads\/2016\/12\/CCSN_Logo_EN_SQUARE.png","width":1209,"height":1007,"caption":"Canadian Cancer Survivor Network"},"image":{"@id":"https:\/\/survivornet.ca\/#\/schema\/logo\/image\/"}}]}},"_links":{"self":[{"href":"https:\/\/survivornet.ca\/fr\/wp-json\/wp\/v2\/pages\/5158","targetHints":{"allow":["GET"]}}],"collection":[{"href":"https:\/\/survivornet.ca\/fr\/wp-json\/wp\/v2\/pages"}],"about":[{"href":"https:\/\/survivornet.ca\/fr\/wp-json\/wp\/v2\/types\/page"}],"author":[{"embeddable":true,"href":"https:\/\/survivornet.ca\/fr\/wp-json\/wp\/v2\/users\/2"}],"replies":[{"embeddable":true,"href":"https:\/\/survivornet.ca\/fr\/wp-json\/wp\/v2\/comments?post=5158"}],"version-history":[{"count":0,"href":"https:\/\/survivornet.ca\/fr\/wp-json\/wp\/v2\/pages\/5158\/revisions"}],"up":[{"embeddable":true,"href":"https:\/\/survivornet.ca\/fr\/wp-json\/wp\/v2\/pages\/4508"}],"wp:attachment":[{"href":"https:\/\/survivornet.ca\/fr\/wp-json\/wp\/v2\/media?parent=5158"}],"curies":[{"name":"wp","href":"https:\/\/api.w.org\/{rel}","templated":true}]}}