{"id":5150,"date":"2017-06-09T14:48:47","date_gmt":"2017-06-09T14:48:47","guid":{"rendered":"https:\/\/survivornet.ca\/?page_id=5150\/"},"modified":"2017-06-13T20:25:54","modified_gmt":"2017-06-13T20:25:54","slug":"ile-du-prince-edouard","status":"publish","type":"page","link":"https:\/\/survivornet.ca\/fr\/apprenez\/assurance-maladie\/ile-du-prince-edouard\/","title":{"rendered":"\u00cele-du-Prince-\u00c9douard"},"content":{"rendered":"<p><a href=\"https:\/\/www.princeedwardisland.ca\/\" target=\"_blank\" rel=\"noopener noreferrer\">Sant\u00e9 EPI<\/a><\/p>\n<p>(anglais seulement)<\/p>\n<p>L\u2019h\u00f4pital de l\u2019\u00cele-du-Prince-\u00c9douard fournit aux r\u00e9sidents la couverture de traitements m\u00e9dicaux et soins hospitaliers de base. Pour obtenir plus d\u2019information sur les services de sant\u00e9 qui sont couverts par l\u2019assurance-maladie de l\u2019\u00eele, veuillez visiter la section \u2018Services\u2019 du site en anglais.<\/p>\n<p>L\u2019assurance-m\u00e9dicaments de l\u2019ile a pour but celui d\u2019aider ses r\u00e9sidents \u00e0 couvrir le co\u00fbt de certains m\u00e9dicaments sur prescription qui sont list\u00e9s dans le document suivant: <a href=\"http:\/\/www.gov.pe.ca\/photos\/original\/hpei_formulary.pdf\" target=\"_blank\" rel=\"noopener noreferrer\">http:\/\/www.gov.pe.ca\/photos\/original\/hpei_formulary.pdf<\/a> . Les programmes disponibles existent pour r\u00e9pondre aux besoins des personnes \u00e2g\u00e9es, des enfants avec certaines conditions, des gens qui ont un salaire sous la moyenne, etc.<\/p>\n<p>T\u00e9l.: 1 (902) 368-6130<\/p>\n","protected":false},"excerpt":{"rendered":"<p>Sant\u00e9 EPI (anglais seulement) L\u2019h\u00f4pital de l\u2019\u00cele-du-Prince-\u00c9douard fournit aux r\u00e9sidents la couverture de traitements m\u00e9dicaux et soins hospitaliers de base. Pour obtenir plus d\u2019information sur les services de sant\u00e9 qui sont couverts<\/p>\n","protected":false},"author":2,"featured_media":0,"parent":4508,"menu_order":3,"comment_status":"closed","ping_status":"closed","template":"","meta":{"_acf_changed":false,"footnotes":""},"class_list":["post-5150","page","type-page","status-publish","hentry"],"acf":[],"yoast_head":"<!-- This site is optimized with the Yoast SEO plugin v27.4 - https:\/\/yoast.com\/product\/yoast-seo-wordpress\/ -->\n<title>\u00cele-du-Prince-\u00c9douard - Canadian Cancer Survivor Network<\/title>\n<meta name=\"robots\" content=\"index, follow, max-snippet:-1, max-image-preview:large, max-video-preview:-1\" \/>\n<link rel=\"canonical\" href=\"https:\/\/survivornet.ca\/fr\/apprenez\/assurance-maladie\/ile-du-prince-edouard\/\" \/>\n<meta property=\"og:locale\" content=\"fr_FR\" \/>\n<meta property=\"og:type\" content=\"article\" \/>\n<meta property=\"og:title\" content=\"\u00cele-du-Prince-\u00c9douard - Canadian Cancer Survivor Network\" \/>\n<meta property=\"og:description\" content=\"Sant\u00e9 EPI (anglais seulement) L\u2019h\u00f4pital de l\u2019\u00cele-du-Prince-\u00c9douard fournit aux r\u00e9sidents la couverture de traitements m\u00e9dicaux et soins hospitaliers de base. Pour obtenir plus d\u2019information sur les services de sant\u00e9 qui sont couverts\" \/>\n<meta property=\"og:url\" content=\"https:\/\/survivornet.ca\/fr\/apprenez\/assurance-maladie\/ile-du-prince-edouard\/\" \/>\n<meta property=\"og:site_name\" content=\"Canadian Cancer Survivor Network\" \/>\n<meta property=\"article:modified_time\" content=\"2017-06-13T20:25:54+00:00\" \/>\n<meta name=\"twitter:card\" content=\"summary_large_image\" \/>\n<meta name=\"twitter:label1\" content=\"Dur\u00e9e de lecture estim\u00e9e\" \/>\n\t<meta name=\"twitter:data1\" content=\"1 minute\" \/>\n<script type=\"application\/ld+json\" class=\"yoast-schema-graph\">{\"@context\":\"https:\\\/\\\/schema.org\",\"@graph\":[{\"@type\":\"WebPage\",\"@id\":\"https:\\\/\\\/survivornet.ca\\\/fr\\\/apprenez\\\/assurance-maladie\\\/ile-du-prince-edouard\\\/\",\"url\":\"https:\\\/\\\/survivornet.ca\\\/fr\\\/apprenez\\\/assurance-maladie\\\/ile-du-prince-edouard\\\/\",\"name\":\"\u00cele-du-Prince-\u00c9douard - Canadian Cancer Survivor Network\",\"isPartOf\":{\"@id\":\"https:\\\/\\\/survivornet.ca\\\/#website\"},\"datePublished\":\"2017-06-09T14:48:47+00:00\",\"dateModified\":\"2017-06-13T20:25:54+00:00\",\"breadcrumb\":{\"@id\":\"https:\\\/\\\/survivornet.ca\\\/fr\\\/apprenez\\\/assurance-maladie\\\/ile-du-prince-edouard\\\/#breadcrumb\"},\"inLanguage\":\"fr-FR\",\"potentialAction\":[{\"@type\":\"ReadAction\",\"target\":[\"https:\\\/\\\/survivornet.ca\\\/fr\\\/apprenez\\\/assurance-maladie\\\/ile-du-prince-edouard\\\/\"]}]},{\"@type\":\"BreadcrumbList\",\"@id\":\"https:\\\/\\\/survivornet.ca\\\/fr\\\/apprenez\\\/assurance-maladie\\\/ile-du-prince-edouard\\\/#breadcrumb\",\"itemListElement\":[{\"@type\":\"ListItem\",\"position\":1,\"name\":\"Home\",\"item\":\"https:\\\/\\\/survivornet.ca\\\/fr\\\/\"},{\"@type\":\"ListItem\",\"position\":2,\"name\":\"Apprenez\",\"item\":\"https:\\\/\\\/survivornet.ca\\\/fr\\\/apprenez\\\/\"},{\"@type\":\"ListItem\",\"position\":3,\"name\":\"Assurance-maladie\",\"item\":\"https:\\\/\\\/survivornet.ca\\\/fr\\\/apprenez\\\/assurance-maladie\\\/\"},{\"@type\":\"ListItem\",\"position\":4,\"name\":\"\u00cele-du-Prince-\u00c9douard\"}]},{\"@type\":\"WebSite\",\"@id\":\"https:\\\/\\\/survivornet.ca\\\/#website\",\"url\":\"https:\\\/\\\/survivornet.ca\\\/\",\"name\":\"Canadian Cancer Survivor Network\",\"description\":\"The Canadian Cancer Survivor Network was created by a group of Canadians concerned about cancer.\",\"publisher\":{\"@id\":\"https:\\\/\\\/survivornet.ca\\\/#organization\"},\"potentialAction\":[{\"@type\":\"SearchAction\",\"target\":{\"@type\":\"EntryPoint\",\"urlTemplate\":\"https:\\\/\\\/survivornet.ca\\\/?s={search_term_string}\"},\"query-input\":{\"@type\":\"PropertyValueSpecification\",\"valueRequired\":true,\"valueName\":\"search_term_string\"}}],\"inLanguage\":\"fr-FR\"},{\"@type\":\"Organization\",\"@id\":\"https:\\\/\\\/survivornet.ca\\\/#organization\",\"name\":\"Canadian Cancer Survivor Network\",\"url\":\"https:\\\/\\\/survivornet.ca\\\/\",\"logo\":{\"@type\":\"ImageObject\",\"inLanguage\":\"fr-FR\",\"@id\":\"https:\\\/\\\/survivornet.ca\\\/#\\\/schema\\\/logo\\\/image\\\/\",\"url\":\"http:\\\/\\\/survivornet.ca\\\/wp-content\\\/uploads\\\/2016\\\/12\\\/CCSN_Logo_EN_SQUARE.png\",\"contentUrl\":\"http:\\\/\\\/survivornet.ca\\\/wp-content\\\/uploads\\\/2016\\\/12\\\/CCSN_Logo_EN_SQUARE.png\",\"width\":1209,\"height\":1007,\"caption\":\"Canadian Cancer Survivor Network\"},\"image\":{\"@id\":\"https:\\\/\\\/survivornet.ca\\\/#\\\/schema\\\/logo\\\/image\\\/\"}}]}<\/script>\n<!-- \/ Yoast SEO plugin. -->","yoast_head_json":{"title":"\u00cele-du-Prince-\u00c9douard - Canadian Cancer Survivor Network","robots":{"index":"index","follow":"follow","max-snippet":"max-snippet:-1","max-image-preview":"max-image-preview:large","max-video-preview":"max-video-preview:-1"},"canonical":"https:\/\/survivornet.ca\/fr\/apprenez\/assurance-maladie\/ile-du-prince-edouard\/","og_locale":"fr_FR","og_type":"article","og_title":"\u00cele-du-Prince-\u00c9douard - Canadian Cancer Survivor Network","og_description":"Sant\u00e9 EPI (anglais seulement) L\u2019h\u00f4pital de l\u2019\u00cele-du-Prince-\u00c9douard fournit aux r\u00e9sidents la couverture de traitements m\u00e9dicaux et soins hospitaliers de base. Pour obtenir plus d\u2019information sur les services de sant\u00e9 qui sont couverts","og_url":"https:\/\/survivornet.ca\/fr\/apprenez\/assurance-maladie\/ile-du-prince-edouard\/","og_site_name":"Canadian Cancer Survivor Network","article_modified_time":"2017-06-13T20:25:54+00:00","twitter_card":"summary_large_image","twitter_misc":{"Dur\u00e9e de lecture estim\u00e9e":"1 minute"},"schema":{"@context":"https:\/\/schema.org","@graph":[{"@type":"WebPage","@id":"https:\/\/survivornet.ca\/fr\/apprenez\/assurance-maladie\/ile-du-prince-edouard\/","url":"https:\/\/survivornet.ca\/fr\/apprenez\/assurance-maladie\/ile-du-prince-edouard\/","name":"\u00cele-du-Prince-\u00c9douard - Canadian Cancer Survivor Network","isPartOf":{"@id":"https:\/\/survivornet.ca\/#website"},"datePublished":"2017-06-09T14:48:47+00:00","dateModified":"2017-06-13T20:25:54+00:00","breadcrumb":{"@id":"https:\/\/survivornet.ca\/fr\/apprenez\/assurance-maladie\/ile-du-prince-edouard\/#breadcrumb"},"inLanguage":"fr-FR","potentialAction":[{"@type":"ReadAction","target":["https:\/\/survivornet.ca\/fr\/apprenez\/assurance-maladie\/ile-du-prince-edouard\/"]}]},{"@type":"BreadcrumbList","@id":"https:\/\/survivornet.ca\/fr\/apprenez\/assurance-maladie\/ile-du-prince-edouard\/#breadcrumb","itemListElement":[{"@type":"ListItem","position":1,"name":"Home","item":"https:\/\/survivornet.ca\/fr\/"},{"@type":"ListItem","position":2,"name":"Apprenez","item":"https:\/\/survivornet.ca\/fr\/apprenez\/"},{"@type":"ListItem","position":3,"name":"Assurance-maladie","item":"https:\/\/survivornet.ca\/fr\/apprenez\/assurance-maladie\/"},{"@type":"ListItem","position":4,"name":"\u00cele-du-Prince-\u00c9douard"}]},{"@type":"WebSite","@id":"https:\/\/survivornet.ca\/#website","url":"https:\/\/survivornet.ca\/","name":"Canadian Cancer Survivor Network","description":"The Canadian Cancer Survivor Network was created by a group of Canadians concerned about cancer.","publisher":{"@id":"https:\/\/survivornet.ca\/#organization"},"potentialAction":[{"@type":"SearchAction","target":{"@type":"EntryPoint","urlTemplate":"https:\/\/survivornet.ca\/?s={search_term_string}"},"query-input":{"@type":"PropertyValueSpecification","valueRequired":true,"valueName":"search_term_string"}}],"inLanguage":"fr-FR"},{"@type":"Organization","@id":"https:\/\/survivornet.ca\/#organization","name":"Canadian Cancer Survivor Network","url":"https:\/\/survivornet.ca\/","logo":{"@type":"ImageObject","inLanguage":"fr-FR","@id":"https:\/\/survivornet.ca\/#\/schema\/logo\/image\/","url":"http:\/\/survivornet.ca\/wp-content\/uploads\/2016\/12\/CCSN_Logo_EN_SQUARE.png","contentUrl":"http:\/\/survivornet.ca\/wp-content\/uploads\/2016\/12\/CCSN_Logo_EN_SQUARE.png","width":1209,"height":1007,"caption":"Canadian Cancer Survivor Network"},"image":{"@id":"https:\/\/survivornet.ca\/#\/schema\/logo\/image\/"}}]}},"_links":{"self":[{"href":"https:\/\/survivornet.ca\/fr\/wp-json\/wp\/v2\/pages\/5150","targetHints":{"allow":["GET"]}}],"collection":[{"href":"https:\/\/survivornet.ca\/fr\/wp-json\/wp\/v2\/pages"}],"about":[{"href":"https:\/\/survivornet.ca\/fr\/wp-json\/wp\/v2\/types\/page"}],"author":[{"embeddable":true,"href":"https:\/\/survivornet.ca\/fr\/wp-json\/wp\/v2\/users\/2"}],"replies":[{"embeddable":true,"href":"https:\/\/survivornet.ca\/fr\/wp-json\/wp\/v2\/comments?post=5150"}],"version-history":[{"count":0,"href":"https:\/\/survivornet.ca\/fr\/wp-json\/wp\/v2\/pages\/5150\/revisions"}],"up":[{"embeddable":true,"href":"https:\/\/survivornet.ca\/fr\/wp-json\/wp\/v2\/pages\/4508"}],"wp:attachment":[{"href":"https:\/\/survivornet.ca\/fr\/wp-json\/wp\/v2\/media?parent=5150"}],"curies":[{"name":"wp","href":"https:\/\/api.w.org\/{rel}","templated":true}]}}